{"id":3150,"date":"2024-02-14T14:14:01","date_gmt":"2024-02-14T14:14:01","guid":{"rendered":"https:\/\/morsobaltic.com\/kaupade-tagastamine\/"},"modified":"2024-07-03T07:03:36","modified_gmt":"2024-07-03T07:03:36","slug":"kaupade-tagastamine","status":"publish","type":"page","link":"https:\/\/morsobaltic.com\/et\/kaupade-tagastamine\/","title":{"rendered":"Kaupade tagastamine"},"content":{"rendered":"\t\t<div data-elementor-type=\"wp-page\" data-elementor-id=\"3150\" class=\"elementor elementor-3150 elementor-10\">\n\t\t\t\t\t\t<section class=\"elementor-section elementor-top-section elementor-element elementor-element-23f5414 elementor-section-boxed elementor-section-gap-beside-yes elementor-section-height-default elementor-section-height-default elementor-section-column-vertical-align-stretch\" data-id=\"23f5414\" data-element_type=\"section\" data-e-type=\"section\">\n\t\t\t\t\t\t<div class=\"elementor-container elementor-column-gap-extended\">\n\t\t\t\t\t<div class=\"elementor-column elementor-col-100 elementor-top-column elementor-element elementor-element-d9aa376\" data-id=\"d9aa376\" data-element_type=\"column\" data-e-type=\"column\">\n\t\t\t<div class=\"elementor-widget-wrap elementor-element-populated\">\n\t\t\t\t\t\t<div class=\"elementor-element elementor-element-978ce0c elementor-widget elementor-widget-text-editor\" data-id=\"978ce0c\" data-element_type=\"widget\" data-e-type=\"widget\" data-widget_type=\"text-editor.default\">\n\t\t\t\t<div class=\"elementor-widget-container\">\n\t\t\t\t\t\t\t\t\t\n          <p>Kohustume andma garantii vigase kauba tagastamiseks.<\/p>\n          \n\n          <p>Kui te arvate, et olete saanud toote, mis ei ole \u00f5ige kvaliteediga, v\u00f5tke meiega \u00fchendust 2 p\u00e4eva jooksul e-posti teel. saatke e-kiri <a href=\"mailto:benoit@bfr.lt\">aadressile benoit@bfr.lt,<\/a> m\u00e4rkige kauba puudused ja lisage ostut\u00f5end.<\/p>\n          \n\n          <p>Me uurime teie kaebust nii kiiresti kui v\u00f5imalik ja lepime kokku toote asendamise ajakava.<\/p>\n        \t\t\t\t\t\t\t\t<\/div>\n\t\t\t\t<\/div>\n\t\t\t\t\t<\/div>\n\t\t<\/div>\n\t\t\t\t\t<\/div>\n\t\t<\/section>\n\t\t\t\t<\/div>\n\t\t","protected":false},"excerpt":{"rendered":"<p>Kohustume andma garantii vigase kauba tagastamiseks. Kui te arvate, et olete saanud toote, mis ei ole \u00f5ige kvaliteediga, v\u00f5tke meiega \u00fchendust 2 p\u00e4eva jooksul e-posti teel. saatke e-kiri aadressile benoit@bfr.lt, m\u00e4rkige kauba puudused ja lisage ostut\u00f5end. Me uurime teie kaebust nii kiiresti kui v\u00f5imalik ja lepime kokku toote asendamise ajakava.<\/p>\n","protected":false},"author":629,"featured_media":0,"parent":0,"menu_order":0,"comment_status":"closed","ping_status":"closed","template":"","meta":{"footnotes":""},"class_list":["post-3150","page","type-page","status-publish","hentry","post-no-thumbnail"],"yoast_head":"<!-- This site is optimized with the Yoast SEO plugin v27.5 - https:\/\/yoast.com\/product\/yoast-seo-wordpress\/ -->\n<title>Kaupade tagastamine - MORSO Baltic<\/title>\n<meta name=\"robots\" content=\"index, follow, max-snippet:-1, max-image-preview:large, max-video-preview:-1\" \/>\n<link rel=\"canonical\" href=\"https:\/\/morsobaltic.com\/et\/kaupade-tagastamine\/\" \/>\n<meta property=\"og:locale\" content=\"et_EE\" \/>\n<meta property=\"og:type\" content=\"article\" \/>\n<meta property=\"og:title\" content=\"Kaupade tagastamine - MORSO Baltic\" \/>\n<meta property=\"og:description\" content=\"Kohustume andma garantii vigase kauba tagastamiseks. Kui te arvate, et olete saanud toote, mis ei ole \u00f5ige kvaliteediga, v\u00f5tke meiega \u00fchendust 2 p\u00e4eva jooksul e-posti teel. saatke e-kiri aadressile benoit@bfr.lt, m\u00e4rkige kauba puudused ja lisage ostut\u00f5end. Me uurime teie kaebust nii kiiresti kui v\u00f5imalik ja lepime kokku toote asendamise ajakava.\" \/>\n<meta property=\"og:url\" content=\"https:\/\/morsobaltic.com\/et\/kaupade-tagastamine\/\" \/>\n<meta property=\"og:site_name\" content=\"MORSO Baltic\" \/>\n<meta property=\"article:modified_time\" content=\"2024-07-03T07:03:36+00:00\" \/>\n<meta name=\"twitter:card\" content=\"summary_large_image\" \/>\n<script type=\"application\/ld+json\" class=\"yoast-schema-graph\">{\"@context\":\"https:\\\/\\\/schema.org\",\"@graph\":[{\"@type\":\"WebPage\",\"@id\":\"https:\\\/\\\/morsobaltic.com\\\/et\\\/kaupade-tagastamine\\\/\",\"url\":\"https:\\\/\\\/morsobaltic.com\\\/et\\\/kaupade-tagastamine\\\/\",\"name\":\"Kaupade tagastamine - MORSO Baltic\",\"isPartOf\":{\"@id\":\"https:\\\/\\\/morsobaltic.com\\\/et\\\/#website\"},\"datePublished\":\"2024-02-14T14:14:01+00:00\",\"dateModified\":\"2024-07-03T07:03:36+00:00\",\"breadcrumb\":{\"@id\":\"https:\\\/\\\/morsobaltic.com\\\/et\\\/kaupade-tagastamine\\\/#breadcrumb\"},\"inLanguage\":\"et\",\"potentialAction\":[{\"@type\":\"ReadAction\",\"target\":[\"https:\\\/\\\/morsobaltic.com\\\/et\\\/kaupade-tagastamine\\\/\"]}]},{\"@type\":\"BreadcrumbList\",\"@id\":\"https:\\\/\\\/morsobaltic.com\\\/et\\\/kaupade-tagastamine\\\/#breadcrumb\",\"itemListElement\":[{\"@type\":\"ListItem\",\"position\":1,\"name\":\"Home\",\"item\":\"https:\\\/\\\/morsobaltic.com\\\/et\\\/\"},{\"@type\":\"ListItem\",\"position\":2,\"name\":\"Kaupade tagastamine\"}]},{\"@type\":\"WebSite\",\"@id\":\"https:\\\/\\\/morsobaltic.com\\\/et\\\/#website\",\"url\":\"https:\\\/\\\/morsobaltic.com\\\/et\\\/\",\"name\":\"MORSO Baltic\",\"description\":\"\",\"alternateName\":\"MORSOBALTIC\",\"potentialAction\":[{\"@type\":\"SearchAction\",\"target\":{\"@type\":\"EntryPoint\",\"urlTemplate\":\"https:\\\/\\\/morsobaltic.com\\\/et\\\/?s={search_term_string}\"},\"query-input\":{\"@type\":\"PropertyValueSpecification\",\"valueRequired\":true,\"valueName\":\"search_term_string\"}}],\"inLanguage\":\"et\"}]}<\/script>\n<!-- \/ Yoast SEO plugin. -->","yoast_head_json":{"title":"Kaupade tagastamine - MORSO Baltic","robots":{"index":"index","follow":"follow","max-snippet":"max-snippet:-1","max-image-preview":"max-image-preview:large","max-video-preview":"max-video-preview:-1"},"canonical":"https:\/\/morsobaltic.com\/et\/kaupade-tagastamine\/","og_locale":"et_EE","og_type":"article","og_title":"Kaupade tagastamine - MORSO Baltic","og_description":"Kohustume andma garantii vigase kauba tagastamiseks. Kui te arvate, et olete saanud toote, mis ei ole \u00f5ige kvaliteediga, v\u00f5tke meiega \u00fchendust 2 p\u00e4eva jooksul e-posti teel. saatke e-kiri aadressile benoit@bfr.lt, m\u00e4rkige kauba puudused ja lisage ostut\u00f5end. Me uurime teie kaebust nii kiiresti kui v\u00f5imalik ja lepime kokku toote asendamise ajakava.","og_url":"https:\/\/morsobaltic.com\/et\/kaupade-tagastamine\/","og_site_name":"MORSO Baltic","article_modified_time":"2024-07-03T07:03:36+00:00","twitter_card":"summary_large_image","schema":{"@context":"https:\/\/schema.org","@graph":[{"@type":"WebPage","@id":"https:\/\/morsobaltic.com\/et\/kaupade-tagastamine\/","url":"https:\/\/morsobaltic.com\/et\/kaupade-tagastamine\/","name":"Kaupade tagastamine - MORSO Baltic","isPartOf":{"@id":"https:\/\/morsobaltic.com\/et\/#website"},"datePublished":"2024-02-14T14:14:01+00:00","dateModified":"2024-07-03T07:03:36+00:00","breadcrumb":{"@id":"https:\/\/morsobaltic.com\/et\/kaupade-tagastamine\/#breadcrumb"},"inLanguage":"et","potentialAction":[{"@type":"ReadAction","target":["https:\/\/morsobaltic.com\/et\/kaupade-tagastamine\/"]}]},{"@type":"BreadcrumbList","@id":"https:\/\/morsobaltic.com\/et\/kaupade-tagastamine\/#breadcrumb","itemListElement":[{"@type":"ListItem","position":1,"name":"Home","item":"https:\/\/morsobaltic.com\/et\/"},{"@type":"ListItem","position":2,"name":"Kaupade tagastamine"}]},{"@type":"WebSite","@id":"https:\/\/morsobaltic.com\/et\/#website","url":"https:\/\/morsobaltic.com\/et\/","name":"MORSO Baltic","description":"","alternateName":"MORSOBALTIC","potentialAction":[{"@type":"SearchAction","target":{"@type":"EntryPoint","urlTemplate":"https:\/\/morsobaltic.com\/et\/?s={search_term_string}"},"query-input":{"@type":"PropertyValueSpecification","valueRequired":true,"valueName":"search_term_string"}}],"inLanguage":"et"}]}},"_links":{"self":[{"href":"https:\/\/morsobaltic.com\/et\/wp-json\/wp\/v2\/pages\/3150","targetHints":{"allow":["GET"]}}],"collection":[{"href":"https:\/\/morsobaltic.com\/et\/wp-json\/wp\/v2\/pages"}],"about":[{"href":"https:\/\/morsobaltic.com\/et\/wp-json\/wp\/v2\/types\/page"}],"author":[{"embeddable":true,"href":"https:\/\/morsobaltic.com\/et\/wp-json\/wp\/v2\/users\/629"}],"replies":[{"embeddable":true,"href":"https:\/\/morsobaltic.com\/et\/wp-json\/wp\/v2\/comments?post=3150"}],"version-history":[{"count":2,"href":"https:\/\/morsobaltic.com\/et\/wp-json\/wp\/v2\/pages\/3150\/revisions"}],"predecessor-version":[{"id":3190,"href":"https:\/\/morsobaltic.com\/et\/wp-json\/wp\/v2\/pages\/3150\/revisions\/3190"}],"wp:attachment":[{"href":"https:\/\/morsobaltic.com\/et\/wp-json\/wp\/v2\/media?parent=3150"}],"curies":[{"name":"wp","href":"https:\/\/api.w.org\/{rel}","templated":true}]}}