{"id":7536,"date":"2026-03-01T19:25:43","date_gmt":"2026-03-01T19:25:43","guid":{"rendered":"https:\/\/morsobaltic.com\/oppige-kuidas-morso-fornos-tuld-suudata-voi-tuld-teha-4\/"},"modified":"2026-03-01T19:25:43","modified_gmt":"2026-03-01T19:25:43","slug":"oppige-kuidas-morso-fornos-tuld-suudata-voi-tuld-teha-4","status":"publish","type":"page","link":"https:\/\/morsobaltic.com\/et\/oppige-kuidas-morso-fornos-tuld-suudata-voi-tuld-teha-4\/","title":{"rendered":"\u00d5ppige, kuidas Mors\u00f8 Forno&#8217;s tuld s\u00fc\u00fcdata v\u00f5i tuld teha."},"content":{"rendered":"","protected":false},"excerpt":{"rendered":"","protected":false},"author":632,"featured_media":0,"parent":0,"menu_order":0,"comment_status":"closed","ping_status":"closed","template":"","meta":{"footnotes":""},"class_list":["post-7536","page","type-page","status-publish","hentry","post-no-thumbnail"],"yoast_head":"<!-- This site is optimized with the Yoast SEO plugin v27.4 - https:\/\/yoast.com\/product\/yoast-seo-wordpress\/ -->\n<title>\u00d5ppige, kuidas Mors\u00f8 Forno&#039;s tuld s\u00fc\u00fcdata v\u00f5i tuld teha. - MORSO Baltic<\/title>\n<meta name=\"robots\" content=\"index, follow, max-snippet:-1, max-image-preview:large, max-video-preview:-1\" \/>\n<link rel=\"canonical\" href=\"https:\/\/morsobaltic.com\/et\/oppige-kuidas-morso-fornos-tuld-suudata-voi-tuld-teha-4\/\" \/>\n<meta property=\"og:locale\" content=\"et_EE\" \/>\n<meta property=\"og:type\" content=\"article\" \/>\n<meta property=\"og:title\" content=\"\u00d5ppige, kuidas Mors\u00f8 Forno&#039;s tuld s\u00fc\u00fcdata v\u00f5i tuld teha. - MORSO Baltic\" \/>\n<meta property=\"og:url\" content=\"https:\/\/morsobaltic.com\/et\/oppige-kuidas-morso-fornos-tuld-suudata-voi-tuld-teha-4\/\" \/>\n<meta property=\"og:site_name\" content=\"MORSO Baltic\" \/>\n<meta name=\"twitter:card\" content=\"summary_large_image\" \/>\n<script type=\"application\/ld+json\" class=\"yoast-schema-graph\">{\"@context\":\"https:\\\/\\\/schema.org\",\"@graph\":[{\"@type\":\"WebPage\",\"@id\":\"https:\\\/\\\/morsobaltic.com\\\/et\\\/oppige-kuidas-morso-fornos-tuld-suudata-voi-tuld-teha-4\\\/\",\"url\":\"https:\\\/\\\/morsobaltic.com\\\/et\\\/oppige-kuidas-morso-fornos-tuld-suudata-voi-tuld-teha-4\\\/\",\"name\":\"\u00d5ppige, kuidas Mors\u00f8 Forno's tuld s\u00fc\u00fcdata v\u00f5i tuld teha. - MORSO Baltic\",\"isPartOf\":{\"@id\":\"https:\\\/\\\/morsobaltic.com\\\/et\\\/#website\"},\"datePublished\":\"2026-03-01T19:25:43+00:00\",\"breadcrumb\":{\"@id\":\"https:\\\/\\\/morsobaltic.com\\\/et\\\/oppige-kuidas-morso-fornos-tuld-suudata-voi-tuld-teha-4\\\/#breadcrumb\"},\"inLanguage\":\"et\",\"potentialAction\":[{\"@type\":\"ReadAction\",\"target\":[\"https:\\\/\\\/morsobaltic.com\\\/et\\\/oppige-kuidas-morso-fornos-tuld-suudata-voi-tuld-teha-4\\\/\"]}]},{\"@type\":\"BreadcrumbList\",\"@id\":\"https:\\\/\\\/morsobaltic.com\\\/et\\\/oppige-kuidas-morso-fornos-tuld-suudata-voi-tuld-teha-4\\\/#breadcrumb\",\"itemListElement\":[{\"@type\":\"ListItem\",\"position\":1,\"name\":\"Home\",\"item\":\"https:\\\/\\\/morsobaltic.com\\\/et\\\/\"},{\"@type\":\"ListItem\",\"position\":2,\"name\":\"\u00d5ppige, kuidas Mors\u00f8 Forno&#8217;s tuld s\u00fc\u00fcdata v\u00f5i tuld teha.\"}]},{\"@type\":\"WebSite\",\"@id\":\"https:\\\/\\\/morsobaltic.com\\\/et\\\/#website\",\"url\":\"https:\\\/\\\/morsobaltic.com\\\/et\\\/\",\"name\":\"MORSO Baltic\",\"description\":\"\",\"alternateName\":\"MORSOBALTIC\",\"potentialAction\":[{\"@type\":\"SearchAction\",\"target\":{\"@type\":\"EntryPoint\",\"urlTemplate\":\"https:\\\/\\\/morsobaltic.com\\\/et\\\/?s={search_term_string}\"},\"query-input\":{\"@type\":\"PropertyValueSpecification\",\"valueRequired\":true,\"valueName\":\"search_term_string\"}}],\"inLanguage\":\"et\"}]}<\/script>\n<!-- \/ Yoast SEO plugin. -->","yoast_head_json":{"title":"\u00d5ppige, kuidas Mors\u00f8 Forno's tuld s\u00fc\u00fcdata v\u00f5i tuld teha. - MORSO Baltic","robots":{"index":"index","follow":"follow","max-snippet":"max-snippet:-1","max-image-preview":"max-image-preview:large","max-video-preview":"max-video-preview:-1"},"canonical":"https:\/\/morsobaltic.com\/et\/oppige-kuidas-morso-fornos-tuld-suudata-voi-tuld-teha-4\/","og_locale":"et_EE","og_type":"article","og_title":"\u00d5ppige, kuidas Mors\u00f8 Forno's tuld s\u00fc\u00fcdata v\u00f5i tuld teha. - MORSO Baltic","og_url":"https:\/\/morsobaltic.com\/et\/oppige-kuidas-morso-fornos-tuld-suudata-voi-tuld-teha-4\/","og_site_name":"MORSO Baltic","twitter_card":"summary_large_image","schema":{"@context":"https:\/\/schema.org","@graph":[{"@type":"WebPage","@id":"https:\/\/morsobaltic.com\/et\/oppige-kuidas-morso-fornos-tuld-suudata-voi-tuld-teha-4\/","url":"https:\/\/morsobaltic.com\/et\/oppige-kuidas-morso-fornos-tuld-suudata-voi-tuld-teha-4\/","name":"\u00d5ppige, kuidas Mors\u00f8 Forno's tuld s\u00fc\u00fcdata v\u00f5i tuld teha. - MORSO Baltic","isPartOf":{"@id":"https:\/\/morsobaltic.com\/et\/#website"},"datePublished":"2026-03-01T19:25:43+00:00","breadcrumb":{"@id":"https:\/\/morsobaltic.com\/et\/oppige-kuidas-morso-fornos-tuld-suudata-voi-tuld-teha-4\/#breadcrumb"},"inLanguage":"et","potentialAction":[{"@type":"ReadAction","target":["https:\/\/morsobaltic.com\/et\/oppige-kuidas-morso-fornos-tuld-suudata-voi-tuld-teha-4\/"]}]},{"@type":"BreadcrumbList","@id":"https:\/\/morsobaltic.com\/et\/oppige-kuidas-morso-fornos-tuld-suudata-voi-tuld-teha-4\/#breadcrumb","itemListElement":[{"@type":"ListItem","position":1,"name":"Home","item":"https:\/\/morsobaltic.com\/et\/"},{"@type":"ListItem","position":2,"name":"\u00d5ppige, kuidas Mors\u00f8 Forno&#8217;s tuld s\u00fc\u00fcdata v\u00f5i tuld teha."}]},{"@type":"WebSite","@id":"https:\/\/morsobaltic.com\/et\/#website","url":"https:\/\/morsobaltic.com\/et\/","name":"MORSO Baltic","description":"","alternateName":"MORSOBALTIC","potentialAction":[{"@type":"SearchAction","target":{"@type":"EntryPoint","urlTemplate":"https:\/\/morsobaltic.com\/et\/?s={search_term_string}"},"query-input":{"@type":"PropertyValueSpecification","valueRequired":true,"valueName":"search_term_string"}}],"inLanguage":"et"}]}},"_links":{"self":[{"href":"https:\/\/morsobaltic.com\/et\/wp-json\/wp\/v2\/pages\/7536","targetHints":{"allow":["GET"]}}],"collection":[{"href":"https:\/\/morsobaltic.com\/et\/wp-json\/wp\/v2\/pages"}],"about":[{"href":"https:\/\/morsobaltic.com\/et\/wp-json\/wp\/v2\/types\/page"}],"author":[{"embeddable":true,"href":"https:\/\/morsobaltic.com\/et\/wp-json\/wp\/v2\/users\/632"}],"replies":[{"embeddable":true,"href":"https:\/\/morsobaltic.com\/et\/wp-json\/wp\/v2\/comments?post=7536"}],"version-history":[{"count":0,"href":"https:\/\/morsobaltic.com\/et\/wp-json\/wp\/v2\/pages\/7536\/revisions"}],"wp:attachment":[{"href":"https:\/\/morsobaltic.com\/et\/wp-json\/wp\/v2\/media?parent=7536"}],"curies":[{"name":"wp","href":"https:\/\/api.w.org\/{rel}","templated":true}]}}