{"id":3276,"date":"2024-02-14T14:25:55","date_gmt":"2024-02-14T14:25:55","guid":{"rendered":"https:\/\/morsobaltic.com\/produktas\/morso-vulcano-wok-grill\/"},"modified":"2026-03-19T20:41:45","modified_gmt":"2026-03-19T20:41:45","slug":"morso-vulcano-wok-grill","status":"publish","type":"product","link":"https:\/\/morsobaltic.com\/et\/produktas\/morso-vulcano-wok-grill\/","title":{"rendered":"MORS\u00d8 VULCANO WOK-GRILL"},"content":{"rendered":"<h4>Mors\u00f8 Vulcano Wok Burner \u2013 idamaine v\u00e4gi teie terrassil<\/h4>\n<p>Aasia toidukultuur on t\u00e4na armastatud \u00fcle kogu maailma. Wok-pannil valmistatud toidu maitse on kordumatu ning pakub igale vaatlejale suurt visuaalset naudingut. Seet\u00f5ttu on Mors\u00f8 loonud spetsiaalse seadme \u00f5ues toiduvalmistamiseks \u2013 v\u00f5imsa Mors\u00f8 Vulcano Wok p\u00f5leti. See seade avaldab muljet nii oma j\u00f5udluse kui ka p\u00f5hjamaise esteetikaga. See p\u00f5leti on erakordselt tugev seade, mis on konstrueeritud kestma ja usaldusv\u00e4\u00e4rselt teenima. See sobib nii professionaalsetele kokkadele kui ka entusiastidele, kes armastavad tervislikku toitu. Terrassil kokates tunnete t\u00f5elist idamaist vaimu, kus k\u00f5rge temperatuur saavutatakse hetkega, mis on autentse Wok-meetodi puhul k\u00f5ige olulisem.<\/p>\n<h5>Tervislik toit ja t\u00e4pne leegi kontroll<\/h5>\n<p>See p\u00f5leti v\u00f5imaldab s\u00e4ilitada toiduainete kasulikke omadusi \u2013 k\u00f6\u00f6giviljad j\u00e4\u00e4vad kr\u00f5mpsuvaks ja liha muutub mahlaseks. Saate leegi tugevust h\u00f5lpsalt kontrollida, mis annab vabaduse retseptidega eksperimenteerida. Konstruktsioon on stabiilne ja ohutu kasutada ning pind on valmistatud v\u00e4listingimustele vastupidavatest materjalidest. Investeerides sellesse mudelisse, valite Skandinaavia kvaliteedi. Mors\u00f8 kaubam\u00e4rk garanteerib meistrioskused ja t\u00e4helepanu detailidele. P\u00f5leti ei n\u00f5ua p\u00e4rast kasutamist keerulist hooldust, seda on lihtne puhastada ja uueks toidukorraks ette valmistada. Teie pere j\u00e4\u00e4b vaimustusse roogade kvaliteedist ja professionaalsest k\u00fcpsetustasemest oma kodu\u00f5uel.<\/p>\n<h5>Skandinaavia disain ja idamaade k\u00f6\u00f6k<\/h5>\n<p>See seade sobib suurep\u00e4raselt kokku teiste v\u00e4listoodetega. Selle disain on minimalistlik ja elegantne, v\u00f5imaldades luua tervikliku stiili teie v\u00e4lik\u00f6\u00f6gis. P\u00f5leti on piisavalt v\u00f5imas suurte koguste valmistamiseks, andes v\u00f5imaluse korralda temaatilisi aiapidusid. K\u00fclalised saavad j\u00e4lgida kogu valmistamisprotsessi, mis muudab \u00f5htus\u00f6\u00f6gi t\u00f5eliseks vaatem\u00e4nguks. P\u00f5hjamaade minimalism kohtub siin idamaade traditsioonidega. Seade on stabiilne isegi ebatasasel pinnal ning juhtelemendid on loodud kasutaja mugavust silmas pidades. Saate t\u00e4pselt seadistada vajaliku kuumuse igaks etapiks, tagades parima maitse ja tekstuuri.<\/p>\n","protected":false},"excerpt":{"rendered":"<p>T\u00fc\u00fcp: V\u00f5imas gaasip\u00f5leti Wok-pannile<br \/>\nMaterjal: Pulberv\u00e4rvitud teras malmist \u00fclaosaga<br \/>\nK\u00fcpsetuspind: Emailitud malm<br \/>\nM\u00f5\u00f5tmed: 33,0 x 33,0\/37,8 x 19,1\/19,6 cm<br \/>\nKaal: 12,2 kg<br \/>\nK\u00fctus: Gaas (8 kW v\u00f5imsus)<br \/>\nV\u00f5imsus: 8 kW (1 p\u00f5leti)<br \/>\nV\u00e4rv: Antratsiithall<\/p>\n","protected":false},"featured_media":2311,"comment_status":"closed","ping_status":"closed","template":"","meta":[],"product_brand":[],"product_cat":[86],"product_tag":[],"class_list":{"0":"post-3276","1":"product","2":"type-product","3":"status-publish","4":"has-post-thumbnail","6":"product_cat-grillid","8":"first","9":"instock","10":"taxable","11":"shipping-taxable","12":"purchasable","13":"product-type-simple"},"yoast_head":"<!-- This site is optimized with the Yoast SEO plugin v27.3 - https:\/\/yoast.com\/product\/yoast-seo-wordpress\/ -->\n<title>Mors\u00f8 Vulcano Wok Burner \u2013 idamaine v\u00e4gi teie terrassil<\/title>\n<meta name=\"description\" content=\"Gaasip\u00f5leti Mors\u00f8 Vulcano Wok pakub 8 kW v\u00f5imsust autentsete Aasia roogade valmistamiseks \u00f5ues. Skandinaavia disain ja malmist detailid. Kaal: 12,2 kg.\" \/>\n<meta name=\"robots\" content=\"index, follow, max-snippet:-1, max-image-preview:large, max-video-preview:-1\" \/>\n<link rel=\"canonical\" href=\"https:\/\/morsobaltic.com\/et\/produktas\/morso-vulcano-wok-grill\/\" \/>\n<meta property=\"og:locale\" content=\"et_EE\" \/>\n<meta property=\"og:type\" content=\"article\" \/>\n<meta property=\"og:title\" content=\"Mors\u00f8 Vulcano Wok Burner \u2013 idamaine v\u00e4gi teie terrassil\" \/>\n<meta property=\"og:description\" content=\"Gaasip\u00f5leti Mors\u00f8 Vulcano Wok pakub 8 kW v\u00f5imsust autentsete Aasia roogade valmistamiseks \u00f5ues. Skandinaavia disain ja malmist detailid. Kaal: 12,2 kg.\" \/>\n<meta property=\"og:url\" content=\"https:\/\/morsobaltic.com\/et\/produktas\/morso-vulcano-wok-grill\/\" \/>\n<meta property=\"og:site_name\" content=\"MORSO Baltic\" \/>\n<meta property=\"article:modified_time\" content=\"2026-03-19T20:41:45+00:00\" \/>\n<meta property=\"og:image\" content=\"https:\/\/morsobaltic.com\/wp-content\/uploads\/2024\/02\/vulcano-wok-burner_front_900x900.jpeg\" \/>\n\t<meta property=\"og:image:width\" content=\"600\" \/>\n\t<meta property=\"og:image:height\" content=\"600\" \/>\n\t<meta property=\"og:image:type\" content=\"image\/jpeg\" \/>\n<meta name=\"twitter:card\" content=\"summary_large_image\" \/>\n<meta name=\"twitter:label1\" content=\"Est. reading time\" \/>\n\t<meta name=\"twitter:data1\" content=\"1 minut\" \/>\n<script type=\"application\/ld+json\" class=\"yoast-schema-graph\">{\"@context\":\"https:\\\/\\\/schema.org\",\"@graph\":[{\"@type\":\"WebPage\",\"@id\":\"https:\\\/\\\/morsobaltic.com\\\/et\\\/produktas\\\/morso-vulcano-wok-grill\\\/\",\"url\":\"https:\\\/\\\/morsobaltic.com\\\/et\\\/produktas\\\/morso-vulcano-wok-grill\\\/\",\"name\":\"Mors\u00f8 Vulcano Wok Burner \u2013 idamaine v\u00e4gi teie terrassil\",\"isPartOf\":{\"@id\":\"https:\\\/\\\/morsobaltic.com\\\/et\\\/#website\"},\"primaryImageOfPage\":{\"@id\":\"https:\\\/\\\/morsobaltic.com\\\/et\\\/produktas\\\/morso-vulcano-wok-grill\\\/#primaryimage\"},\"image\":{\"@id\":\"https:\\\/\\\/morsobaltic.com\\\/et\\\/produktas\\\/morso-vulcano-wok-grill\\\/#primaryimage\"},\"thumbnailUrl\":\"https:\\\/\\\/morsobaltic.com\\\/wp-content\\\/uploads\\\/2024\\\/02\\\/vulcano-wok-burner_front_900x900.jpeg\",\"datePublished\":\"2024-02-14T14:25:55+00:00\",\"dateModified\":\"2026-03-19T20:41:45+00:00\",\"description\":\"Gaasip\u00f5leti Mors\u00f8 Vulcano Wok pakub 8 kW v\u00f5imsust autentsete Aasia roogade valmistamiseks \u00f5ues. Skandinaavia disain ja malmist detailid. Kaal: 12,2 kg.\",\"breadcrumb\":{\"@id\":\"https:\\\/\\\/morsobaltic.com\\\/et\\\/produktas\\\/morso-vulcano-wok-grill\\\/#breadcrumb\"},\"inLanguage\":\"et\",\"potentialAction\":[{\"@type\":\"ReadAction\",\"target\":[\"https:\\\/\\\/morsobaltic.com\\\/et\\\/produktas\\\/morso-vulcano-wok-grill\\\/\"]}]},{\"@type\":\"ImageObject\",\"inLanguage\":\"et\",\"@id\":\"https:\\\/\\\/morsobaltic.com\\\/et\\\/produktas\\\/morso-vulcano-wok-grill\\\/#primaryimage\",\"url\":\"https:\\\/\\\/morsobaltic.com\\\/wp-content\\\/uploads\\\/2024\\\/02\\\/vulcano-wok-burner_front_900x900.jpeg\",\"contentUrl\":\"https:\\\/\\\/morsobaltic.com\\\/wp-content\\\/uploads\\\/2024\\\/02\\\/vulcano-wok-burner_front_900x900.jpeg\",\"width\":600,\"height\":600},{\"@type\":\"BreadcrumbList\",\"@id\":\"https:\\\/\\\/morsobaltic.com\\\/et\\\/produktas\\\/morso-vulcano-wok-grill\\\/#breadcrumb\",\"itemListElement\":[{\"@type\":\"ListItem\",\"position\":1,\"name\":\"Home\",\"item\":\"https:\\\/\\\/morsobaltic.com\\\/et\\\/\"},{\"@type\":\"ListItem\",\"position\":2,\"name\":\"Kauplus\",\"item\":\"https:\\\/\\\/morsobaltic.com\\\/parduotuve\\\/\"},{\"@type\":\"ListItem\",\"position\":3,\"name\":\"MORS\u00d8 VULCANO WOK-GRILL\"}]},{\"@type\":\"WebSite\",\"@id\":\"https:\\\/\\\/morsobaltic.com\\\/et\\\/#website\",\"url\":\"https:\\\/\\\/morsobaltic.com\\\/et\\\/\",\"name\":\"MORSO Baltic\",\"description\":\"\",\"alternateName\":\"MORSOBALTIC\",\"potentialAction\":[{\"@type\":\"SearchAction\",\"target\":{\"@type\":\"EntryPoint\",\"urlTemplate\":\"https:\\\/\\\/morsobaltic.com\\\/et\\\/?s={search_term_string}\"},\"query-input\":{\"@type\":\"PropertyValueSpecification\",\"valueRequired\":true,\"valueName\":\"search_term_string\"}}],\"inLanguage\":\"et\"}]}<\/script>\n<!-- \/ Yoast SEO plugin. -->","yoast_head_json":{"title":"Mors\u00f8 Vulcano Wok Burner \u2013 idamaine v\u00e4gi teie terrassil","description":"Gaasip\u00f5leti Mors\u00f8 Vulcano Wok pakub 8 kW v\u00f5imsust autentsete Aasia roogade valmistamiseks \u00f5ues. Skandinaavia disain ja malmist detailid. Kaal: 12,2 kg.","robots":{"index":"index","follow":"follow","max-snippet":"max-snippet:-1","max-image-preview":"max-image-preview:large","max-video-preview":"max-video-preview:-1"},"canonical":"https:\/\/morsobaltic.com\/et\/produktas\/morso-vulcano-wok-grill\/","og_locale":"et_EE","og_type":"article","og_title":"Mors\u00f8 Vulcano Wok Burner \u2013 idamaine v\u00e4gi teie terrassil","og_description":"Gaasip\u00f5leti Mors\u00f8 Vulcano Wok pakub 8 kW v\u00f5imsust autentsete Aasia roogade valmistamiseks \u00f5ues. Skandinaavia disain ja malmist detailid. Kaal: 12,2 kg.","og_url":"https:\/\/morsobaltic.com\/et\/produktas\/morso-vulcano-wok-grill\/","og_site_name":"MORSO Baltic","article_modified_time":"2026-03-19T20:41:45+00:00","og_image":[{"width":600,"height":600,"url":"https:\/\/morsobaltic.com\/wp-content\/uploads\/2024\/02\/vulcano-wok-burner_front_900x900.jpeg","type":"image\/jpeg"}],"twitter_card":"summary_large_image","twitter_misc":{"Est. reading time":"1 minut"},"schema":{"@context":"https:\/\/schema.org","@graph":[{"@type":"WebPage","@id":"https:\/\/morsobaltic.com\/et\/produktas\/morso-vulcano-wok-grill\/","url":"https:\/\/morsobaltic.com\/et\/produktas\/morso-vulcano-wok-grill\/","name":"Mors\u00f8 Vulcano Wok Burner \u2013 idamaine v\u00e4gi teie terrassil","isPartOf":{"@id":"https:\/\/morsobaltic.com\/et\/#website"},"primaryImageOfPage":{"@id":"https:\/\/morsobaltic.com\/et\/produktas\/morso-vulcano-wok-grill\/#primaryimage"},"image":{"@id":"https:\/\/morsobaltic.com\/et\/produktas\/morso-vulcano-wok-grill\/#primaryimage"},"thumbnailUrl":"https:\/\/morsobaltic.com\/wp-content\/uploads\/2024\/02\/vulcano-wok-burner_front_900x900.jpeg","datePublished":"2024-02-14T14:25:55+00:00","dateModified":"2026-03-19T20:41:45+00:00","description":"Gaasip\u00f5leti Mors\u00f8 Vulcano Wok pakub 8 kW v\u00f5imsust autentsete Aasia roogade valmistamiseks \u00f5ues. Skandinaavia disain ja malmist detailid. Kaal: 12,2 kg.","breadcrumb":{"@id":"https:\/\/morsobaltic.com\/et\/produktas\/morso-vulcano-wok-grill\/#breadcrumb"},"inLanguage":"et","potentialAction":[{"@type":"ReadAction","target":["https:\/\/morsobaltic.com\/et\/produktas\/morso-vulcano-wok-grill\/"]}]},{"@type":"ImageObject","inLanguage":"et","@id":"https:\/\/morsobaltic.com\/et\/produktas\/morso-vulcano-wok-grill\/#primaryimage","url":"https:\/\/morsobaltic.com\/wp-content\/uploads\/2024\/02\/vulcano-wok-burner_front_900x900.jpeg","contentUrl":"https:\/\/morsobaltic.com\/wp-content\/uploads\/2024\/02\/vulcano-wok-burner_front_900x900.jpeg","width":600,"height":600},{"@type":"BreadcrumbList","@id":"https:\/\/morsobaltic.com\/et\/produktas\/morso-vulcano-wok-grill\/#breadcrumb","itemListElement":[{"@type":"ListItem","position":1,"name":"Home","item":"https:\/\/morsobaltic.com\/et\/"},{"@type":"ListItem","position":2,"name":"Kauplus","item":"https:\/\/morsobaltic.com\/parduotuve\/"},{"@type":"ListItem","position":3,"name":"MORS\u00d8 VULCANO WOK-GRILL"}]},{"@type":"WebSite","@id":"https:\/\/morsobaltic.com\/et\/#website","url":"https:\/\/morsobaltic.com\/et\/","name":"MORSO Baltic","description":"","alternateName":"MORSOBALTIC","potentialAction":[{"@type":"SearchAction","target":{"@type":"EntryPoint","urlTemplate":"https:\/\/morsobaltic.com\/et\/?s={search_term_string}"},"query-input":{"@type":"PropertyValueSpecification","valueRequired":true,"valueName":"search_term_string"}}],"inLanguage":"et"}]}},"_links":{"self":[{"href":"https:\/\/morsobaltic.com\/et\/wp-json\/wp\/v2\/product\/3276","targetHints":{"allow":["GET"]}}],"collection":[{"href":"https:\/\/morsobaltic.com\/et\/wp-json\/wp\/v2\/product"}],"about":[{"href":"https:\/\/morsobaltic.com\/et\/wp-json\/wp\/v2\/types\/product"}],"replies":[{"embeddable":true,"href":"https:\/\/morsobaltic.com\/et\/wp-json\/wp\/v2\/comments?post=3276"}],"wp:featuredmedia":[{"embeddable":true,"href":"https:\/\/morsobaltic.com\/et\/wp-json\/wp\/v2\/media\/2311"}],"wp:attachment":[{"href":"https:\/\/morsobaltic.com\/et\/wp-json\/wp\/v2\/media?parent=3276"}],"wp:term":[{"taxonomy":"product_brand","embeddable":true,"href":"https:\/\/morsobaltic.com\/et\/wp-json\/wp\/v2\/product_brand?post=3276"},{"taxonomy":"product_cat","embeddable":true,"href":"https:\/\/morsobaltic.com\/et\/wp-json\/wp\/v2\/product_cat?post=3276"},{"taxonomy":"product_tag","embeddable":true,"href":"https:\/\/morsobaltic.com\/et\/wp-json\/wp\/v2\/product_tag?post=3276"}],"curies":[{"name":"wp","href":"https:\/\/api.w.org\/{rel}","templated":true}]}}