{"id":3712,"date":"2024-02-14T14:26:38","date_gmt":"2024-02-14T14:26:38","guid":{"rendered":"https:\/\/morsobaltic.com\/produktas\/morso-rotisserie-forno-gas-grande\/"},"modified":"2026-03-19T21:02:21","modified_gmt":"2026-03-19T21:02:21","slug":"morso-rotisserie-forno-gas-grande","status":"publish","type":"product","link":"https:\/\/morsobaltic.com\/et\/produktas\/morso-rotisserie-forno-gas-grande\/","title":{"rendered":"MORS\u00d8 ROTISSERIE FORNO GAS &#8211; GRANDE"},"content":{"rendered":"<h4>Mors\u00f8 Rotisserie Forno Gas \u2013 Grande: luksuslik lisa teie grillile<\/h4>\n<p>Mors\u00f8 Rotisserie Forno Gas \u2013 Grande on luksuslik lisa teie v\u00e4lik\u00f6\u00f6ki. See gaasigrilli tagaajamismehhanism muudab gaasigrilli professionaalseks t\u00f6\u00f6riistaks aeglaseks k\u00fcpsetamiseks. Roostevabast terasest korpus n\u00e4eb v\u00e4lja v\u00e4ga elegantne ning see asetub nutikalt grilli kaane alla. Selline konstruktsioon j\u00e4tab piisavalt ruumi suurte praadide p\u00f6\u00f6rlemiseks. See t\u00f6\u00f6riist on loodud spetsiaalselt \u201eGrande\u201c mudelile. \u00dcks peamisi eeliseid on l\u00e4bim\u00f5eldud siseruum \u2013 varda ja grilli vahele j\u00e4\u00e4b koht mahla kogujale, mis v\u00f5imaldab s\u00e4ilitada maitset ja v\u00e4ltida mustust. \u00dchtlane p\u00f6\u00f6rlemine on v\u00f5ti t\u00e4iusliku tulemuseni, tagades \u00fchtlase k\u00fcpsemise igast k\u00fcljest.<\/p>\n<h5>K\u00f5rge kvaliteet ja lihtne hooldus<\/h5>\n<p>Seda tagaajamismehhanismi iseloomustab v\u00f5imsus ja lihtne hooldus. Seda on \u00e4\u00e4rmiselt lihtne p\u00e4rast iga kasutamist puhastada. K\u00f5ik osad on valmistatud k\u00f5rgeima kvaliteediga roostevabast terasest ja on t\u00e4ielikult n\u00f5udepesumasinakindlad. See s\u00e4\u00e4stab teie aega ja v\u00f5imaldab nautida puhkust. Vastupidavus on garanteeritud t\u00e4nu kuumus- ja korrosioonikindlusele. See on investeering professionaalsesse toiduvalmistamise tasemesse teie terrassil. Skandinaavia disain kohtub siin maksimaalse funktsionaalsusega, v\u00f5imaldades valmistada kana, suuri praade v\u00f5i k\u00f6\u00f6givilju automaatselt ja lihtsalt.<\/p>\n<h5>Miks valida Mors\u00f8 Rotisserie?<\/h5>\n<p>See tarvik laiendab teie grilli v\u00f5imalusi m\u00e4rkimisv\u00e4\u00e4rselt. Aeglane k\u00fcpsetamine v\u00f5imaldab lihal j\u00e4\u00e4da erakordselt pehmeks. P\u00f6\u00f6rdmehhanism t\u00f6\u00f6tab vaikselt ja usaldusv\u00e4\u00e4rselt, v\u00f5imaldades valmistada suuri koguseid toitu korraga. See on suurep\u00e4rane lahendus perepidudeks vabas \u00f5hus. Toode on vastupidav erinevatele ilmastikum\u00f5judele ning selle paigaldamine on kiire ja lihtne, ilma et oleks vaja spetsiaalseid t\u00f6\u00f6riistu. Mors\u00f8 kaubam\u00e4rk s\u00fcmboliseerib usaldusv\u00e4\u00e4rsust ja kvaliteeti, viies teie v\u00e4lik\u00f6\u00f6gi uuele tasemele.<\/p>\n","protected":false},"excerpt":{"rendered":"<p>T\u00fc\u00fcp: Professionaalne p\u00f6\u00f6rlev varras (rotisserie) gaasigrillile<br \/>\n\u00dchilduvus: Spetsiaalselt Mors\u00f8 Forno Gas Grande mudelile<br \/>\nMaterjal: Roostevaba teras (304), must plastikust k\u00e4epide<br \/>\nM\u00f5\u00f5tmed: 64,0\/91,0 \u00d7 48,0 \u00d7 26,0\/5,0 cm<br \/>\nKaal: 6,1 kg<br \/>\nJuhtme pikkus: 1400 mm<\/p>\n","protected":false},"featured_media":2557,"comment_status":"closed","ping_status":"closed","template":"","meta":[],"product_brand":[],"product_cat":[132,131],"product_tag":[],"class_list":{"0":"post-3712","1":"product","2":"type-product","3":"status-publish","4":"has-post-thumbnail","6":"product_cat-grillide-tarvikud","7":"product_cat-tooriistad-ja-tooriistad","9":"first","10":"instock","11":"taxable","12":"shipping-taxable","13":"purchasable","14":"product-type-simple"},"yoast_head":"<!-- This site is optimized with the Yoast SEO plugin v27.3 - https:\/\/yoast.com\/product\/yoast-seo-wordpress\/ -->\n<title>Mors\u00f8 Rotisserie Forno Gas \u2013 Grande varras<\/title>\n<meta name=\"description\" content=\"Mors\u00f8 Rotisserie Forno Gas \u2013 Grande muudab teie gaasigrilli professionaalseks seadmeks aeglaseks k\u00fcpsetamiseks. Roostevaba teras ja automaatne p\u00f6\u00f6rlemine.\" \/>\n<meta name=\"robots\" content=\"index, follow, max-snippet:-1, max-image-preview:large, max-video-preview:-1\" \/>\n<link rel=\"canonical\" href=\"https:\/\/morsobaltic.com\/et\/produktas\/morso-rotisserie-forno-gas-grande\/\" \/>\n<meta property=\"og:locale\" content=\"et_EE\" \/>\n<meta property=\"og:type\" content=\"article\" \/>\n<meta property=\"og:title\" content=\"Mors\u00f8 Rotisserie Forno Gas \u2013 Grande varras\" \/>\n<meta property=\"og:description\" content=\"Mors\u00f8 Rotisserie Forno Gas \u2013 Grande muudab teie gaasigrilli professionaalseks seadmeks aeglaseks k\u00fcpsetamiseks. Roostevaba teras ja automaatne p\u00f6\u00f6rlemine.\" \/>\n<meta property=\"og:url\" content=\"https:\/\/morsobaltic.com\/et\/produktas\/morso-rotisserie-forno-gas-grande\/\" \/>\n<meta property=\"og:site_name\" content=\"MORSO Baltic\" \/>\n<meta property=\"article:modified_time\" content=\"2026-03-19T21:02:21+00:00\" \/>\n<meta property=\"og:image\" content=\"https:\/\/morsobaltic.com\/wp-content\/uploads\/2024\/02\/rotisserie-grande-forfra-900x900_1987227286.jpeg\" \/>\n\t<meta property=\"og:image:width\" content=\"600\" \/>\n\t<meta property=\"og:image:height\" content=\"600\" \/>\n\t<meta property=\"og:image:type\" content=\"image\/jpeg\" \/>\n<meta name=\"twitter:card\" content=\"summary_large_image\" \/>\n<meta name=\"twitter:label1\" content=\"Est. reading time\" \/>\n\t<meta name=\"twitter:data1\" content=\"1 minut\" \/>\n<script type=\"application\/ld+json\" class=\"yoast-schema-graph\">{\"@context\":\"https:\\\/\\\/schema.org\",\"@graph\":[{\"@type\":\"WebPage\",\"@id\":\"https:\\\/\\\/morsobaltic.com\\\/et\\\/produktas\\\/morso-rotisserie-forno-gas-grande\\\/\",\"url\":\"https:\\\/\\\/morsobaltic.com\\\/et\\\/produktas\\\/morso-rotisserie-forno-gas-grande\\\/\",\"name\":\"Mors\u00f8 Rotisserie Forno Gas \u2013 Grande varras\",\"isPartOf\":{\"@id\":\"https:\\\/\\\/morsobaltic.com\\\/et\\\/#website\"},\"primaryImageOfPage\":{\"@id\":\"https:\\\/\\\/morsobaltic.com\\\/et\\\/produktas\\\/morso-rotisserie-forno-gas-grande\\\/#primaryimage\"},\"image\":{\"@id\":\"https:\\\/\\\/morsobaltic.com\\\/et\\\/produktas\\\/morso-rotisserie-forno-gas-grande\\\/#primaryimage\"},\"thumbnailUrl\":\"https:\\\/\\\/morsobaltic.com\\\/wp-content\\\/uploads\\\/2024\\\/02\\\/rotisserie-grande-forfra-900x900_1987227286.jpeg\",\"datePublished\":\"2024-02-14T14:26:38+00:00\",\"dateModified\":\"2026-03-19T21:02:21+00:00\",\"description\":\"Mors\u00f8 Rotisserie Forno Gas \u2013 Grande muudab teie gaasigrilli professionaalseks seadmeks aeglaseks k\u00fcpsetamiseks. Roostevaba teras ja automaatne p\u00f6\u00f6rlemine.\",\"breadcrumb\":{\"@id\":\"https:\\\/\\\/morsobaltic.com\\\/et\\\/produktas\\\/morso-rotisserie-forno-gas-grande\\\/#breadcrumb\"},\"inLanguage\":\"et\",\"potentialAction\":[{\"@type\":\"ReadAction\",\"target\":[\"https:\\\/\\\/morsobaltic.com\\\/et\\\/produktas\\\/morso-rotisserie-forno-gas-grande\\\/\"]}]},{\"@type\":\"ImageObject\",\"inLanguage\":\"et\",\"@id\":\"https:\\\/\\\/morsobaltic.com\\\/et\\\/produktas\\\/morso-rotisserie-forno-gas-grande\\\/#primaryimage\",\"url\":\"https:\\\/\\\/morsobaltic.com\\\/wp-content\\\/uploads\\\/2024\\\/02\\\/rotisserie-grande-forfra-900x900_1987227286.jpeg\",\"contentUrl\":\"https:\\\/\\\/morsobaltic.com\\\/wp-content\\\/uploads\\\/2024\\\/02\\\/rotisserie-grande-forfra-900x900_1987227286.jpeg\",\"width\":600,\"height\":600},{\"@type\":\"BreadcrumbList\",\"@id\":\"https:\\\/\\\/morsobaltic.com\\\/et\\\/produktas\\\/morso-rotisserie-forno-gas-grande\\\/#breadcrumb\",\"itemListElement\":[{\"@type\":\"ListItem\",\"position\":1,\"name\":\"Home\",\"item\":\"https:\\\/\\\/morsobaltic.com\\\/et\\\/\"},{\"@type\":\"ListItem\",\"position\":2,\"name\":\"Kauplus\",\"item\":\"https:\\\/\\\/morsobaltic.com\\\/parduotuve\\\/\"},{\"@type\":\"ListItem\",\"position\":3,\"name\":\"MORS\u00d8 ROTISSERIE FORNO GAS &#8211; GRANDE\"}]},{\"@type\":\"WebSite\",\"@id\":\"https:\\\/\\\/morsobaltic.com\\\/et\\\/#website\",\"url\":\"https:\\\/\\\/morsobaltic.com\\\/et\\\/\",\"name\":\"MORSO Baltic\",\"description\":\"\",\"alternateName\":\"MORSOBALTIC\",\"potentialAction\":[{\"@type\":\"SearchAction\",\"target\":{\"@type\":\"EntryPoint\",\"urlTemplate\":\"https:\\\/\\\/morsobaltic.com\\\/et\\\/?s={search_term_string}\"},\"query-input\":{\"@type\":\"PropertyValueSpecification\",\"valueRequired\":true,\"valueName\":\"search_term_string\"}}],\"inLanguage\":\"et\"}]}<\/script>\n<!-- \/ Yoast SEO plugin. -->","yoast_head_json":{"title":"Mors\u00f8 Rotisserie Forno Gas \u2013 Grande varras","description":"Mors\u00f8 Rotisserie Forno Gas \u2013 Grande muudab teie gaasigrilli professionaalseks seadmeks aeglaseks k\u00fcpsetamiseks. Roostevaba teras ja automaatne p\u00f6\u00f6rlemine.","robots":{"index":"index","follow":"follow","max-snippet":"max-snippet:-1","max-image-preview":"max-image-preview:large","max-video-preview":"max-video-preview:-1"},"canonical":"https:\/\/morsobaltic.com\/et\/produktas\/morso-rotisserie-forno-gas-grande\/","og_locale":"et_EE","og_type":"article","og_title":"Mors\u00f8 Rotisserie Forno Gas \u2013 Grande varras","og_description":"Mors\u00f8 Rotisserie Forno Gas \u2013 Grande muudab teie gaasigrilli professionaalseks seadmeks aeglaseks k\u00fcpsetamiseks. Roostevaba teras ja automaatne p\u00f6\u00f6rlemine.","og_url":"https:\/\/morsobaltic.com\/et\/produktas\/morso-rotisserie-forno-gas-grande\/","og_site_name":"MORSO Baltic","article_modified_time":"2026-03-19T21:02:21+00:00","og_image":[{"width":600,"height":600,"url":"https:\/\/morsobaltic.com\/wp-content\/uploads\/2024\/02\/rotisserie-grande-forfra-900x900_1987227286.jpeg","type":"image\/jpeg"}],"twitter_card":"summary_large_image","twitter_misc":{"Est. reading time":"1 minut"},"schema":{"@context":"https:\/\/schema.org","@graph":[{"@type":"WebPage","@id":"https:\/\/morsobaltic.com\/et\/produktas\/morso-rotisserie-forno-gas-grande\/","url":"https:\/\/morsobaltic.com\/et\/produktas\/morso-rotisserie-forno-gas-grande\/","name":"Mors\u00f8 Rotisserie Forno Gas \u2013 Grande varras","isPartOf":{"@id":"https:\/\/morsobaltic.com\/et\/#website"},"primaryImageOfPage":{"@id":"https:\/\/morsobaltic.com\/et\/produktas\/morso-rotisserie-forno-gas-grande\/#primaryimage"},"image":{"@id":"https:\/\/morsobaltic.com\/et\/produktas\/morso-rotisserie-forno-gas-grande\/#primaryimage"},"thumbnailUrl":"https:\/\/morsobaltic.com\/wp-content\/uploads\/2024\/02\/rotisserie-grande-forfra-900x900_1987227286.jpeg","datePublished":"2024-02-14T14:26:38+00:00","dateModified":"2026-03-19T21:02:21+00:00","description":"Mors\u00f8 Rotisserie Forno Gas \u2013 Grande muudab teie gaasigrilli professionaalseks seadmeks aeglaseks k\u00fcpsetamiseks. Roostevaba teras ja automaatne p\u00f6\u00f6rlemine.","breadcrumb":{"@id":"https:\/\/morsobaltic.com\/et\/produktas\/morso-rotisserie-forno-gas-grande\/#breadcrumb"},"inLanguage":"et","potentialAction":[{"@type":"ReadAction","target":["https:\/\/morsobaltic.com\/et\/produktas\/morso-rotisserie-forno-gas-grande\/"]}]},{"@type":"ImageObject","inLanguage":"et","@id":"https:\/\/morsobaltic.com\/et\/produktas\/morso-rotisserie-forno-gas-grande\/#primaryimage","url":"https:\/\/morsobaltic.com\/wp-content\/uploads\/2024\/02\/rotisserie-grande-forfra-900x900_1987227286.jpeg","contentUrl":"https:\/\/morsobaltic.com\/wp-content\/uploads\/2024\/02\/rotisserie-grande-forfra-900x900_1987227286.jpeg","width":600,"height":600},{"@type":"BreadcrumbList","@id":"https:\/\/morsobaltic.com\/et\/produktas\/morso-rotisserie-forno-gas-grande\/#breadcrumb","itemListElement":[{"@type":"ListItem","position":1,"name":"Home","item":"https:\/\/morsobaltic.com\/et\/"},{"@type":"ListItem","position":2,"name":"Kauplus","item":"https:\/\/morsobaltic.com\/parduotuve\/"},{"@type":"ListItem","position":3,"name":"MORS\u00d8 ROTISSERIE FORNO GAS &#8211; GRANDE"}]},{"@type":"WebSite","@id":"https:\/\/morsobaltic.com\/et\/#website","url":"https:\/\/morsobaltic.com\/et\/","name":"MORSO Baltic","description":"","alternateName":"MORSOBALTIC","potentialAction":[{"@type":"SearchAction","target":{"@type":"EntryPoint","urlTemplate":"https:\/\/morsobaltic.com\/et\/?s={search_term_string}"},"query-input":{"@type":"PropertyValueSpecification","valueRequired":true,"valueName":"search_term_string"}}],"inLanguage":"et"}]}},"_links":{"self":[{"href":"https:\/\/morsobaltic.com\/et\/wp-json\/wp\/v2\/product\/3712","targetHints":{"allow":["GET"]}}],"collection":[{"href":"https:\/\/morsobaltic.com\/et\/wp-json\/wp\/v2\/product"}],"about":[{"href":"https:\/\/morsobaltic.com\/et\/wp-json\/wp\/v2\/types\/product"}],"replies":[{"embeddable":true,"href":"https:\/\/morsobaltic.com\/et\/wp-json\/wp\/v2\/comments?post=3712"}],"wp:featuredmedia":[{"embeddable":true,"href":"https:\/\/morsobaltic.com\/et\/wp-json\/wp\/v2\/media\/2557"}],"wp:attachment":[{"href":"https:\/\/morsobaltic.com\/et\/wp-json\/wp\/v2\/media?parent=3712"}],"wp:term":[{"taxonomy":"product_brand","embeddable":true,"href":"https:\/\/morsobaltic.com\/et\/wp-json\/wp\/v2\/product_brand?post=3712"},{"taxonomy":"product_cat","embeddable":true,"href":"https:\/\/morsobaltic.com\/et\/wp-json\/wp\/v2\/product_cat?post=3712"},{"taxonomy":"product_tag","embeddable":true,"href":"https:\/\/morsobaltic.com\/et\/wp-json\/wp\/v2\/product_tag?post=3712"}],"curies":[{"name":"wp","href":"https:\/\/api.w.org\/{rel}","templated":true}]}}