{"id":3721,"date":"2024-02-14T14:26:38","date_gmt":"2024-02-14T14:26:38","guid":{"rendered":"https:\/\/morsobaltic.com\/produktas\/morso-vulcano-mentelle\/"},"modified":"2026-03-20T16:03:41","modified_gmt":"2026-03-20T16:03:41","slug":"morso-vulcano-mentelle","status":"publish","type":"product","link":"https:\/\/morsobaltic.com\/et\/produktas\/morso-vulcano-mentelle\/","title":{"rendered":"MORS\u00d8 VULCANO Mentelle"},"content":{"rendered":"<h4>Mors\u00f8 Vulcano labidas \u2013 professionaalne t\u00f6\u00f6riist teie Wok-k\u00f6\u00f6ki<\/h4>\n<p>Mors\u00f8 Vulcano labidas on loodud neile, kes hindavad t\u00f5elist s\u00f6\u00f6gitegemise r\u00f5\u00f5mu. See t\u00f6\u00f6riist kuulub spetsiaalsesse Mors\u00f8 Wok kolmeosalisse seeriasse. Labida disain toetub s\u00fcgavatele p\u00f5hjamaistele traditsioonidele. Siin kohtuvad suurep\u00e4raselt praktiline funktsioon ja esteetiline vorm. See on asendamatu abimees Aasia roogade valmistamisel k\u00f5rgel temperatuuril. Kvaliteetne Mors\u00f8 Vulcano wok-labidas muudab toidu segamise kiireks ja mugavaks. See on loodud kestma ja pakkuma naudingut igal kasutuskorral.<\/p>\n<h5>Skandinaavia kvaliteet ja vastupidav roostevaba teras<\/h5>\n<p>T\u00f6\u00f6riista valmistamisel on kasutatud tipptasemel 304 klassi roostevaba terast. K\u00e4epide on valmistatud naturaalsest tamme puidust, mis on k\u00e4ele soe. Selline materjalide kombinatsioon tagab pika eluea ja mugava k\u00e4sitsemise. See Mors\u00f8 Vulcano wok-labidas sobib ideaalselt kasutamiseks koos Mors\u00f8 p\u00f5letiga. See on loodud taluma intensiivset kuumust ja teenima teid aastaid. Terase pind on korrosioonikindel ja v\u00e4ga vastupidav mehhaanilisele kulumisele. Ergonoomiline puidust osa ei lase t\u00f6\u00f6riistal k\u00e4est libiseda.<\/p>\n<h5>Funktsionaalsus ja hooldus v\u00e4lik\u00f6\u00f6gis<\/h5>\n<p>Mors\u00f8 tooted on tuntud oma t\u00f6\u00f6kindluse ja stiilse v\u00e4limuse poolest. See labidas on kerge, kuid samas \u00e4\u00e4rmiselt tugev konstruktsiooniga. Soovitame t\u00f6\u00f6riista pesta k\u00e4sitsi sooja veega, et s\u00e4\u00e4sta puidu loomulikku tekstuuri. See on investeering kvaliteetsesse ja stiilsesse v\u00e4lik\u00f6\u00f6ki teie kodus. Professionaalne Mors\u00f8 Vulcano wok-labidas t\u00e4iendab suurep\u00e4raselt ka sama seeria wok-panni. Selle kuju on kohandatud koostisosade kiireks ja t\u00f5husaks liigutamiseks. Nautige t\u00e4iuslikke maitseid ja mugavat toiduvalmistamise protsessi igal p\u00e4eval.<\/p>\n","protected":false},"excerpt":{"rendered":"<p>T\u00fc\u00fcp: Wok-labidas<br \/>\nMaterjal: Roostevaba teras 304<br \/>\nK\u00e4epide: Tamme puit<br \/>\nSeeria: Mors\u00f8 Vulcano<br \/>\nOmadused: Kuumakindel, ergonoomiline kuju<br \/>\n\u00dchilduvus: Ideaalne Mors\u00f8 Vulcano Wok-pannidele<\/p>\n","protected":false},"featured_media":2539,"comment_status":"closed","ping_status":"closed","template":"","meta":[],"product_brand":[],"product_cat":[131],"product_tag":[],"class_list":{"0":"post-3721","1":"product","2":"type-product","3":"status-publish","4":"has-post-thumbnail","6":"product_cat-tooriistad-ja-tooriistad","8":"first","9":"instock","10":"taxable","11":"shipping-taxable","12":"purchasable","13":"product-type-simple"},"yoast_head":"<!-- This site is optimized with the Yoast SEO plugin v27.3 - https:\/\/yoast.com\/product\/yoast-seo-wordpress\/ -->\n<title>Mors\u00f8 Vulcano wok-labidas \u2013 tamme puidust k\u00e4epidemega<\/title>\n<meta name=\"description\" content=\"Roostevabast terasest Mors\u00f8 Vulcano wok-labidas Aasia toitude valmistamiseks. Kvaliteetne tamme puidust k\u00e4epide ja ergonoomiline disain.\" \/>\n<meta name=\"robots\" content=\"index, follow, max-snippet:-1, max-image-preview:large, max-video-preview:-1\" \/>\n<link rel=\"canonical\" href=\"https:\/\/morsobaltic.com\/et\/produktas\/morso-vulcano-mentelle\/\" \/>\n<meta property=\"og:locale\" content=\"et_EE\" \/>\n<meta property=\"og:type\" content=\"article\" \/>\n<meta property=\"og:title\" content=\"Mors\u00f8 Vulcano wok-labidas \u2013 tamme puidust k\u00e4epidemega\" \/>\n<meta property=\"og:description\" content=\"Roostevabast terasest Mors\u00f8 Vulcano wok-labidas Aasia toitude valmistamiseks. Kvaliteetne tamme puidust k\u00e4epide ja ergonoomiline disain.\" \/>\n<meta property=\"og:url\" content=\"https:\/\/morsobaltic.com\/et\/produktas\/morso-vulcano-mentelle\/\" \/>\n<meta property=\"og:site_name\" content=\"MORSO Baltic\" \/>\n<meta property=\"article:modified_time\" content=\"2026-03-20T16:03:41+00:00\" \/>\n<meta property=\"og:image\" content=\"https:\/\/morsobaltic.com\/wp-content\/uploads\/2024\/02\/wok-tools-900x900_spatula_frit.jpeg\" \/>\n\t<meta property=\"og:image:width\" content=\"600\" \/>\n\t<meta property=\"og:image:height\" content=\"600\" \/>\n\t<meta property=\"og:image:type\" content=\"image\/jpeg\" \/>\n<meta name=\"twitter:card\" content=\"summary_large_image\" \/>\n<meta name=\"twitter:label1\" content=\"Est. reading time\" \/>\n\t<meta name=\"twitter:data1\" content=\"1 minut\" \/>\n<script type=\"application\/ld+json\" class=\"yoast-schema-graph\">{\"@context\":\"https:\\\/\\\/schema.org\",\"@graph\":[{\"@type\":\"WebPage\",\"@id\":\"https:\\\/\\\/morsobaltic.com\\\/et\\\/produktas\\\/morso-vulcano-mentelle\\\/\",\"url\":\"https:\\\/\\\/morsobaltic.com\\\/et\\\/produktas\\\/morso-vulcano-mentelle\\\/\",\"name\":\"Mors\u00f8 Vulcano wok-labidas \u2013 tamme puidust k\u00e4epidemega\",\"isPartOf\":{\"@id\":\"https:\\\/\\\/morsobaltic.com\\\/et\\\/#website\"},\"primaryImageOfPage\":{\"@id\":\"https:\\\/\\\/morsobaltic.com\\\/et\\\/produktas\\\/morso-vulcano-mentelle\\\/#primaryimage\"},\"image\":{\"@id\":\"https:\\\/\\\/morsobaltic.com\\\/et\\\/produktas\\\/morso-vulcano-mentelle\\\/#primaryimage\"},\"thumbnailUrl\":\"https:\\\/\\\/morsobaltic.com\\\/wp-content\\\/uploads\\\/2024\\\/02\\\/wok-tools-900x900_spatula_frit.jpeg\",\"datePublished\":\"2024-02-14T14:26:38+00:00\",\"dateModified\":\"2026-03-20T16:03:41+00:00\",\"description\":\"Roostevabast terasest Mors\u00f8 Vulcano wok-labidas Aasia toitude valmistamiseks. Kvaliteetne tamme puidust k\u00e4epide ja ergonoomiline disain.\",\"breadcrumb\":{\"@id\":\"https:\\\/\\\/morsobaltic.com\\\/et\\\/produktas\\\/morso-vulcano-mentelle\\\/#breadcrumb\"},\"inLanguage\":\"et\",\"potentialAction\":[{\"@type\":\"ReadAction\",\"target\":[\"https:\\\/\\\/morsobaltic.com\\\/et\\\/produktas\\\/morso-vulcano-mentelle\\\/\"]}]},{\"@type\":\"ImageObject\",\"inLanguage\":\"et\",\"@id\":\"https:\\\/\\\/morsobaltic.com\\\/et\\\/produktas\\\/morso-vulcano-mentelle\\\/#primaryimage\",\"url\":\"https:\\\/\\\/morsobaltic.com\\\/wp-content\\\/uploads\\\/2024\\\/02\\\/wok-tools-900x900_spatula_frit.jpeg\",\"contentUrl\":\"https:\\\/\\\/morsobaltic.com\\\/wp-content\\\/uploads\\\/2024\\\/02\\\/wok-tools-900x900_spatula_frit.jpeg\",\"width\":600,\"height\":600},{\"@type\":\"BreadcrumbList\",\"@id\":\"https:\\\/\\\/morsobaltic.com\\\/et\\\/produktas\\\/morso-vulcano-mentelle\\\/#breadcrumb\",\"itemListElement\":[{\"@type\":\"ListItem\",\"position\":1,\"name\":\"Home\",\"item\":\"https:\\\/\\\/morsobaltic.com\\\/et\\\/\"},{\"@type\":\"ListItem\",\"position\":2,\"name\":\"Kauplus\",\"item\":\"https:\\\/\\\/morsobaltic.com\\\/parduotuve\\\/\"},{\"@type\":\"ListItem\",\"position\":3,\"name\":\"MORS\u00d8 VULCANO Mentelle\"}]},{\"@type\":\"WebSite\",\"@id\":\"https:\\\/\\\/morsobaltic.com\\\/et\\\/#website\",\"url\":\"https:\\\/\\\/morsobaltic.com\\\/et\\\/\",\"name\":\"MORSO Baltic\",\"description\":\"\",\"alternateName\":\"MORSOBALTIC\",\"potentialAction\":[{\"@type\":\"SearchAction\",\"target\":{\"@type\":\"EntryPoint\",\"urlTemplate\":\"https:\\\/\\\/morsobaltic.com\\\/et\\\/?s={search_term_string}\"},\"query-input\":{\"@type\":\"PropertyValueSpecification\",\"valueRequired\":true,\"valueName\":\"search_term_string\"}}],\"inLanguage\":\"et\"}]}<\/script>\n<!-- \/ Yoast SEO plugin. -->","yoast_head_json":{"title":"Mors\u00f8 Vulcano wok-labidas \u2013 tamme puidust k\u00e4epidemega","description":"Roostevabast terasest Mors\u00f8 Vulcano wok-labidas Aasia toitude valmistamiseks. Kvaliteetne tamme puidust k\u00e4epide ja ergonoomiline disain.","robots":{"index":"index","follow":"follow","max-snippet":"max-snippet:-1","max-image-preview":"max-image-preview:large","max-video-preview":"max-video-preview:-1"},"canonical":"https:\/\/morsobaltic.com\/et\/produktas\/morso-vulcano-mentelle\/","og_locale":"et_EE","og_type":"article","og_title":"Mors\u00f8 Vulcano wok-labidas \u2013 tamme puidust k\u00e4epidemega","og_description":"Roostevabast terasest Mors\u00f8 Vulcano wok-labidas Aasia toitude valmistamiseks. Kvaliteetne tamme puidust k\u00e4epide ja ergonoomiline disain.","og_url":"https:\/\/morsobaltic.com\/et\/produktas\/morso-vulcano-mentelle\/","og_site_name":"MORSO Baltic","article_modified_time":"2026-03-20T16:03:41+00:00","og_image":[{"width":600,"height":600,"url":"https:\/\/morsobaltic.com\/wp-content\/uploads\/2024\/02\/wok-tools-900x900_spatula_frit.jpeg","type":"image\/jpeg"}],"twitter_card":"summary_large_image","twitter_misc":{"Est. reading time":"1 minut"},"schema":{"@context":"https:\/\/schema.org","@graph":[{"@type":"WebPage","@id":"https:\/\/morsobaltic.com\/et\/produktas\/morso-vulcano-mentelle\/","url":"https:\/\/morsobaltic.com\/et\/produktas\/morso-vulcano-mentelle\/","name":"Mors\u00f8 Vulcano wok-labidas \u2013 tamme puidust k\u00e4epidemega","isPartOf":{"@id":"https:\/\/morsobaltic.com\/et\/#website"},"primaryImageOfPage":{"@id":"https:\/\/morsobaltic.com\/et\/produktas\/morso-vulcano-mentelle\/#primaryimage"},"image":{"@id":"https:\/\/morsobaltic.com\/et\/produktas\/morso-vulcano-mentelle\/#primaryimage"},"thumbnailUrl":"https:\/\/morsobaltic.com\/wp-content\/uploads\/2024\/02\/wok-tools-900x900_spatula_frit.jpeg","datePublished":"2024-02-14T14:26:38+00:00","dateModified":"2026-03-20T16:03:41+00:00","description":"Roostevabast terasest Mors\u00f8 Vulcano wok-labidas Aasia toitude valmistamiseks. Kvaliteetne tamme puidust k\u00e4epide ja ergonoomiline disain.","breadcrumb":{"@id":"https:\/\/morsobaltic.com\/et\/produktas\/morso-vulcano-mentelle\/#breadcrumb"},"inLanguage":"et","potentialAction":[{"@type":"ReadAction","target":["https:\/\/morsobaltic.com\/et\/produktas\/morso-vulcano-mentelle\/"]}]},{"@type":"ImageObject","inLanguage":"et","@id":"https:\/\/morsobaltic.com\/et\/produktas\/morso-vulcano-mentelle\/#primaryimage","url":"https:\/\/morsobaltic.com\/wp-content\/uploads\/2024\/02\/wok-tools-900x900_spatula_frit.jpeg","contentUrl":"https:\/\/morsobaltic.com\/wp-content\/uploads\/2024\/02\/wok-tools-900x900_spatula_frit.jpeg","width":600,"height":600},{"@type":"BreadcrumbList","@id":"https:\/\/morsobaltic.com\/et\/produktas\/morso-vulcano-mentelle\/#breadcrumb","itemListElement":[{"@type":"ListItem","position":1,"name":"Home","item":"https:\/\/morsobaltic.com\/et\/"},{"@type":"ListItem","position":2,"name":"Kauplus","item":"https:\/\/morsobaltic.com\/parduotuve\/"},{"@type":"ListItem","position":3,"name":"MORS\u00d8 VULCANO Mentelle"}]},{"@type":"WebSite","@id":"https:\/\/morsobaltic.com\/et\/#website","url":"https:\/\/morsobaltic.com\/et\/","name":"MORSO Baltic","description":"","alternateName":"MORSOBALTIC","potentialAction":[{"@type":"SearchAction","target":{"@type":"EntryPoint","urlTemplate":"https:\/\/morsobaltic.com\/et\/?s={search_term_string}"},"query-input":{"@type":"PropertyValueSpecification","valueRequired":true,"valueName":"search_term_string"}}],"inLanguage":"et"}]}},"_links":{"self":[{"href":"https:\/\/morsobaltic.com\/et\/wp-json\/wp\/v2\/product\/3721","targetHints":{"allow":["GET"]}}],"collection":[{"href":"https:\/\/morsobaltic.com\/et\/wp-json\/wp\/v2\/product"}],"about":[{"href":"https:\/\/morsobaltic.com\/et\/wp-json\/wp\/v2\/types\/product"}],"replies":[{"embeddable":true,"href":"https:\/\/morsobaltic.com\/et\/wp-json\/wp\/v2\/comments?post=3721"}],"wp:featuredmedia":[{"embeddable":true,"href":"https:\/\/morsobaltic.com\/et\/wp-json\/wp\/v2\/media\/2539"}],"wp:attachment":[{"href":"https:\/\/morsobaltic.com\/et\/wp-json\/wp\/v2\/media?parent=3721"}],"wp:term":[{"taxonomy":"product_brand","embeddable":true,"href":"https:\/\/morsobaltic.com\/et\/wp-json\/wp\/v2\/product_brand?post=3721"},{"taxonomy":"product_cat","embeddable":true,"href":"https:\/\/morsobaltic.com\/et\/wp-json\/wp\/v2\/product_cat?post=3721"},{"taxonomy":"product_tag","embeddable":true,"href":"https:\/\/morsobaltic.com\/et\/wp-json\/wp\/v2\/product_tag?post=3721"}],"curies":[{"name":"wp","href":"https:\/\/api.w.org\/{rel}","templated":true}]}}