{"id":3750,"date":"2024-02-14T14:26:37","date_gmt":"2024-02-14T14:26:37","guid":{"rendered":"https:\/\/morsobaltic.com\/produktas\/morsuse-hoolduskomplekt-ketui-jaoks\/"},"modified":"2026-03-19T21:50:43","modified_gmt":"2026-03-19T21:50:43","slug":"morsuse-hoolduskomplekt-ketui-jaoks","status":"publish","type":"product","link":"https:\/\/morsobaltic.com\/et\/produktas\/morsuse-hoolduskomplekt-ketui-jaoks\/","title":{"rendered":"MORSUSE HOOLDUSKOMPLEKT KETUI JAOKS"},"content":{"rendered":"<h4>Mors\u00f8 malmihooldus \u2013 uus elu teie v\u00e4liatoodetele<\/h4>\n<p>Mors\u00f8 malmi hoolduskomplekt on asendamatu vahend teie v\u00e4ligrillide ja kaminate laitmatu v\u00e4limuse s\u00e4ilitamiseks. See komplekt on loodud spetsiaalselt Mors\u00f8 Outdoor sarja jaoks. See sobib ideaalselt populaarsetele Forno, Kamino ja Grill mudelitele. Aja jooksul v\u00f5ivad niiskus ja kuumus p\u00f5hjustada malmil roosteplekke v\u00f5i v\u00e4rvimuutusi. See professionaalne komplekt v\u00f5imaldab pindu kiiresti ja t\u00f5husalt uuendada. Nii taastate oma seadmete esialgse esteetika vaid hetkega. Teie v\u00e4liahi n\u00e4eb p\u00e4rast hooldust v\u00e4lja t\u00e4pselt nagu uus.<\/p>\n<h5>Professionaalne kaitse ja pikk kasutusiga<\/h5>\n<p>Komplekti kasutamine on lihtne ja mugav igale kasutajale. K\u00f5igepealt tuleb komplektis oleva abrasiivse k\u00e4snaga roosteplekid ja mustus hoolikalt maha lihvida. P\u00e4rast pinna puhastamist kasutatakse 400 ml musta kuumakindlat v\u00e4rvi. Pihustatav vorm tagab \u00fchtlase katvuse nii v\u00e4ikestel kui ka suurtel pindadel. Antud Mors\u00f8 malmi hoolduskomplekt tagab pikaajalise kaitse korrosiooni eest. Samuti annab see pindadele suurep\u00e4rase vastupidavuse k\u00f5rgetele temperatuuridele. Regulaarne malmi hooldus garanteerib teie toodete pikaealisuse paljudeks aastateks.<\/p>\n<h5>Mors\u00f8 Outdoor seadmete \u00f5ige hooldus<\/h5>\n<p>On oluline m\u00e4rkida, et see komplekt on m\u00f5eldud ainult standardsetele malmpindadele. See ei sobi emailitud toodete hooldamiseks. Kasutades originaalseid vahendeid, v\u00f5ite olla kindel v\u00e4rvi sobivuses. V\u00e4rvi koostis vastab ideaalselt tehase tekstuurile ja originaalsele mustale toonile. See Mors\u00f8 malmi hoolduskomplekt on praktiline lahendus igale grillimishuvilisele. Korralikult ette valmistatud ja v\u00e4rvitud pind muutub keskkonnam\u00f5judele palju vastupidavamaks. Nautige kvaliteetset toitu ja hubast tulda teadmisega, et teie varustus on h\u00e4sti hoitud.<\/p>\n<p>Investeerige \u00f5igesse hooldusesse, et teie varustus teeniks teid aastak\u00fcmneid. See on v\u00e4ike investeering, mis kaitseb teie suuri oste rooste eest. Puhas ja v\u00e4rske v\u00e4limus r\u00f5\u00f5mustab silma igal suvisel koosviibimisel. Valides lahenduse nimega Mors\u00f8 malmi hoolduskomplekt, s\u00e4\u00e4state aega ja vaeva. Teie terrass p\u00fcsib esinduslik ja seadmed on alati t\u00f6\u00f6valmis. Mors\u00f8 kvaliteet t\u00e4hendab, et iga hooldusvahend on testitud ja turvaline. Muutke oma v\u00e4lik\u00f6\u00f6gi hooldus lihtsaks ja nauditavaks tegevuseks igal hooajal.<\/p>\n","protected":false},"excerpt":{"rendered":"<p>T\u00fc\u00fcp: Malmpindade uuendamise ja hoolduse komplekt<br \/>\nKoostis: 400 ml pihustatav v\u00e4rv, 1 abrasiivne k\u00e4sn (tera 180)<br \/>\nV\u00e4rv: Must (kuumakindel)<br \/>\nKasutusala: Mors\u00f8 Outdoor malmtoodete (mitteemailitud) hooldus<br \/>\n\u00dchilduvus: Forno, Kamino, Grill Forno, Jiko, Grill &#8217;17 jne.<\/p>\n","protected":false},"featured_media":2506,"comment_status":"closed","ping_status":"closed","template":"","meta":[],"product_brand":[],"product_cat":[190,91,135],"product_tag":[],"class_list":{"0":"post-3750","1":"product","2":"type-product","3":"status-publish","4":"has-post-thumbnail","6":"product_cat-hooldus","7":"product_cat-lauad-ja-stendid","8":"product_cat-pliidi-tarvikud","10":"first","11":"instock","12":"taxable","13":"shipping-taxable","14":"purchasable","15":"product-type-simple"},"yoast_head":"<!-- This site is optimized with the Yoast SEO plugin v27.3 - https:\/\/yoast.com\/product\/yoast-seo-wordpress\/ -->\n<title>Mors\u00f8 malmi hoolduskomplekt \u2013 v\u00e4rskendus v\u00e4ligrillidele<\/title>\n<meta name=\"description\" content=\"Professionaalne Mors\u00f8 malmi hoolduskomplekt v\u00e4liahjude v\u00e4rskendamiseks. Sisaldab kuumakindlat v\u00e4rvi ja abrasiivset k\u00e4sna roostet\u00f5rjeks.\" \/>\n<meta name=\"robots\" content=\"index, follow, max-snippet:-1, max-image-preview:large, max-video-preview:-1\" \/>\n<link rel=\"canonical\" href=\"https:\/\/morsobaltic.com\/et\/produktas\/morsuse-hoolduskomplekt-ketui-jaoks\/\" \/>\n<meta property=\"og:locale\" content=\"et_EE\" \/>\n<meta property=\"og:type\" content=\"article\" \/>\n<meta property=\"og:title\" content=\"Mors\u00f8 malmi hoolduskomplekt \u2013 v\u00e4rskendus v\u00e4ligrillidele\" \/>\n<meta property=\"og:description\" content=\"Professionaalne Mors\u00f8 malmi hoolduskomplekt v\u00e4liahjude v\u00e4rskendamiseks. Sisaldab kuumakindlat v\u00e4rvi ja abrasiivset k\u00e4sna roostet\u00f5rjeks.\" \/>\n<meta property=\"og:url\" content=\"https:\/\/morsobaltic.com\/et\/produktas\/morsuse-hoolduskomplekt-ketui-jaoks\/\" \/>\n<meta property=\"og:site_name\" content=\"MORSO Baltic\" \/>\n<meta property=\"article:modified_time\" content=\"2026-03-19T21:50:43+00:00\" \/>\n<meta property=\"og:image\" content=\"https:\/\/morsobaltic.com\/wp-content\/uploads\/2024\/02\/62906400_vedligeholdelseskit_900x900.jpeg\" \/>\n\t<meta property=\"og:image:width\" content=\"600\" \/>\n\t<meta property=\"og:image:height\" content=\"600\" \/>\n\t<meta property=\"og:image:type\" content=\"image\/jpeg\" \/>\n<meta name=\"twitter:card\" content=\"summary_large_image\" \/>\n<meta name=\"twitter:label1\" content=\"Est. reading time\" \/>\n\t<meta name=\"twitter:data1\" content=\"1 minut\" \/>\n<script type=\"application\/ld+json\" class=\"yoast-schema-graph\">{\"@context\":\"https:\\\/\\\/schema.org\",\"@graph\":[{\"@type\":\"WebPage\",\"@id\":\"https:\\\/\\\/morsobaltic.com\\\/et\\\/produktas\\\/morsuse-hoolduskomplekt-ketui-jaoks\\\/\",\"url\":\"https:\\\/\\\/morsobaltic.com\\\/et\\\/produktas\\\/morsuse-hoolduskomplekt-ketui-jaoks\\\/\",\"name\":\"Mors\u00f8 malmi hoolduskomplekt \u2013 v\u00e4rskendus v\u00e4ligrillidele\",\"isPartOf\":{\"@id\":\"https:\\\/\\\/morsobaltic.com\\\/et\\\/#website\"},\"primaryImageOfPage\":{\"@id\":\"https:\\\/\\\/morsobaltic.com\\\/et\\\/produktas\\\/morsuse-hoolduskomplekt-ketui-jaoks\\\/#primaryimage\"},\"image\":{\"@id\":\"https:\\\/\\\/morsobaltic.com\\\/et\\\/produktas\\\/morsuse-hoolduskomplekt-ketui-jaoks\\\/#primaryimage\"},\"thumbnailUrl\":\"https:\\\/\\\/morsobaltic.com\\\/wp-content\\\/uploads\\\/2024\\\/02\\\/62906400_vedligeholdelseskit_900x900.jpeg\",\"datePublished\":\"2024-02-14T14:26:37+00:00\",\"dateModified\":\"2026-03-19T21:50:43+00:00\",\"description\":\"Professionaalne Mors\u00f8 malmi hoolduskomplekt v\u00e4liahjude v\u00e4rskendamiseks. Sisaldab kuumakindlat v\u00e4rvi ja abrasiivset k\u00e4sna roostet\u00f5rjeks.\",\"breadcrumb\":{\"@id\":\"https:\\\/\\\/morsobaltic.com\\\/et\\\/produktas\\\/morsuse-hoolduskomplekt-ketui-jaoks\\\/#breadcrumb\"},\"inLanguage\":\"et\",\"potentialAction\":[{\"@type\":\"ReadAction\",\"target\":[\"https:\\\/\\\/morsobaltic.com\\\/et\\\/produktas\\\/morsuse-hoolduskomplekt-ketui-jaoks\\\/\"]}]},{\"@type\":\"ImageObject\",\"inLanguage\":\"et\",\"@id\":\"https:\\\/\\\/morsobaltic.com\\\/et\\\/produktas\\\/morsuse-hoolduskomplekt-ketui-jaoks\\\/#primaryimage\",\"url\":\"https:\\\/\\\/morsobaltic.com\\\/wp-content\\\/uploads\\\/2024\\\/02\\\/62906400_vedligeholdelseskit_900x900.jpeg\",\"contentUrl\":\"https:\\\/\\\/morsobaltic.com\\\/wp-content\\\/uploads\\\/2024\\\/02\\\/62906400_vedligeholdelseskit_900x900.jpeg\",\"width\":600,\"height\":600},{\"@type\":\"BreadcrumbList\",\"@id\":\"https:\\\/\\\/morsobaltic.com\\\/et\\\/produktas\\\/morsuse-hoolduskomplekt-ketui-jaoks\\\/#breadcrumb\",\"itemListElement\":[{\"@type\":\"ListItem\",\"position\":1,\"name\":\"Home\",\"item\":\"https:\\\/\\\/morsobaltic.com\\\/et\\\/\"},{\"@type\":\"ListItem\",\"position\":2,\"name\":\"Kauplus\",\"item\":\"https:\\\/\\\/morsobaltic.com\\\/parduotuve\\\/\"},{\"@type\":\"ListItem\",\"position\":3,\"name\":\"MORSUSE HOOLDUSKOMPLEKT KETUI JAOKS\"}]},{\"@type\":\"WebSite\",\"@id\":\"https:\\\/\\\/morsobaltic.com\\\/et\\\/#website\",\"url\":\"https:\\\/\\\/morsobaltic.com\\\/et\\\/\",\"name\":\"MORSO Baltic\",\"description\":\"\",\"alternateName\":\"MORSOBALTIC\",\"potentialAction\":[{\"@type\":\"SearchAction\",\"target\":{\"@type\":\"EntryPoint\",\"urlTemplate\":\"https:\\\/\\\/morsobaltic.com\\\/et\\\/?s={search_term_string}\"},\"query-input\":{\"@type\":\"PropertyValueSpecification\",\"valueRequired\":true,\"valueName\":\"search_term_string\"}}],\"inLanguage\":\"et\"}]}<\/script>\n<!-- \/ Yoast SEO plugin. -->","yoast_head_json":{"title":"Mors\u00f8 malmi hoolduskomplekt \u2013 v\u00e4rskendus v\u00e4ligrillidele","description":"Professionaalne Mors\u00f8 malmi hoolduskomplekt v\u00e4liahjude v\u00e4rskendamiseks. Sisaldab kuumakindlat v\u00e4rvi ja abrasiivset k\u00e4sna roostet\u00f5rjeks.","robots":{"index":"index","follow":"follow","max-snippet":"max-snippet:-1","max-image-preview":"max-image-preview:large","max-video-preview":"max-video-preview:-1"},"canonical":"https:\/\/morsobaltic.com\/et\/produktas\/morsuse-hoolduskomplekt-ketui-jaoks\/","og_locale":"et_EE","og_type":"article","og_title":"Mors\u00f8 malmi hoolduskomplekt \u2013 v\u00e4rskendus v\u00e4ligrillidele","og_description":"Professionaalne Mors\u00f8 malmi hoolduskomplekt v\u00e4liahjude v\u00e4rskendamiseks. Sisaldab kuumakindlat v\u00e4rvi ja abrasiivset k\u00e4sna roostet\u00f5rjeks.","og_url":"https:\/\/morsobaltic.com\/et\/produktas\/morsuse-hoolduskomplekt-ketui-jaoks\/","og_site_name":"MORSO Baltic","article_modified_time":"2026-03-19T21:50:43+00:00","og_image":[{"width":600,"height":600,"url":"https:\/\/morsobaltic.com\/wp-content\/uploads\/2024\/02\/62906400_vedligeholdelseskit_900x900.jpeg","type":"image\/jpeg"}],"twitter_card":"summary_large_image","twitter_misc":{"Est. reading time":"1 minut"},"schema":{"@context":"https:\/\/schema.org","@graph":[{"@type":"WebPage","@id":"https:\/\/morsobaltic.com\/et\/produktas\/morsuse-hoolduskomplekt-ketui-jaoks\/","url":"https:\/\/morsobaltic.com\/et\/produktas\/morsuse-hoolduskomplekt-ketui-jaoks\/","name":"Mors\u00f8 malmi hoolduskomplekt \u2013 v\u00e4rskendus v\u00e4ligrillidele","isPartOf":{"@id":"https:\/\/morsobaltic.com\/et\/#website"},"primaryImageOfPage":{"@id":"https:\/\/morsobaltic.com\/et\/produktas\/morsuse-hoolduskomplekt-ketui-jaoks\/#primaryimage"},"image":{"@id":"https:\/\/morsobaltic.com\/et\/produktas\/morsuse-hoolduskomplekt-ketui-jaoks\/#primaryimage"},"thumbnailUrl":"https:\/\/morsobaltic.com\/wp-content\/uploads\/2024\/02\/62906400_vedligeholdelseskit_900x900.jpeg","datePublished":"2024-02-14T14:26:37+00:00","dateModified":"2026-03-19T21:50:43+00:00","description":"Professionaalne Mors\u00f8 malmi hoolduskomplekt v\u00e4liahjude v\u00e4rskendamiseks. Sisaldab kuumakindlat v\u00e4rvi ja abrasiivset k\u00e4sna roostet\u00f5rjeks.","breadcrumb":{"@id":"https:\/\/morsobaltic.com\/et\/produktas\/morsuse-hoolduskomplekt-ketui-jaoks\/#breadcrumb"},"inLanguage":"et","potentialAction":[{"@type":"ReadAction","target":["https:\/\/morsobaltic.com\/et\/produktas\/morsuse-hoolduskomplekt-ketui-jaoks\/"]}]},{"@type":"ImageObject","inLanguage":"et","@id":"https:\/\/morsobaltic.com\/et\/produktas\/morsuse-hoolduskomplekt-ketui-jaoks\/#primaryimage","url":"https:\/\/morsobaltic.com\/wp-content\/uploads\/2024\/02\/62906400_vedligeholdelseskit_900x900.jpeg","contentUrl":"https:\/\/morsobaltic.com\/wp-content\/uploads\/2024\/02\/62906400_vedligeholdelseskit_900x900.jpeg","width":600,"height":600},{"@type":"BreadcrumbList","@id":"https:\/\/morsobaltic.com\/et\/produktas\/morsuse-hoolduskomplekt-ketui-jaoks\/#breadcrumb","itemListElement":[{"@type":"ListItem","position":1,"name":"Home","item":"https:\/\/morsobaltic.com\/et\/"},{"@type":"ListItem","position":2,"name":"Kauplus","item":"https:\/\/morsobaltic.com\/parduotuve\/"},{"@type":"ListItem","position":3,"name":"MORSUSE HOOLDUSKOMPLEKT KETUI JAOKS"}]},{"@type":"WebSite","@id":"https:\/\/morsobaltic.com\/et\/#website","url":"https:\/\/morsobaltic.com\/et\/","name":"MORSO Baltic","description":"","alternateName":"MORSOBALTIC","potentialAction":[{"@type":"SearchAction","target":{"@type":"EntryPoint","urlTemplate":"https:\/\/morsobaltic.com\/et\/?s={search_term_string}"},"query-input":{"@type":"PropertyValueSpecification","valueRequired":true,"valueName":"search_term_string"}}],"inLanguage":"et"}]}},"_links":{"self":[{"href":"https:\/\/morsobaltic.com\/et\/wp-json\/wp\/v2\/product\/3750","targetHints":{"allow":["GET"]}}],"collection":[{"href":"https:\/\/morsobaltic.com\/et\/wp-json\/wp\/v2\/product"}],"about":[{"href":"https:\/\/morsobaltic.com\/et\/wp-json\/wp\/v2\/types\/product"}],"replies":[{"embeddable":true,"href":"https:\/\/morsobaltic.com\/et\/wp-json\/wp\/v2\/comments?post=3750"}],"wp:featuredmedia":[{"embeddable":true,"href":"https:\/\/morsobaltic.com\/et\/wp-json\/wp\/v2\/media\/2506"}],"wp:attachment":[{"href":"https:\/\/morsobaltic.com\/et\/wp-json\/wp\/v2\/media?parent=3750"}],"wp:term":[{"taxonomy":"product_brand","embeddable":true,"href":"https:\/\/morsobaltic.com\/et\/wp-json\/wp\/v2\/product_brand?post=3750"},{"taxonomy":"product_cat","embeddable":true,"href":"https:\/\/morsobaltic.com\/et\/wp-json\/wp\/v2\/product_cat?post=3750"},{"taxonomy":"product_tag","embeddable":true,"href":"https:\/\/morsobaltic.com\/et\/wp-json\/wp\/v2\/product_tag?post=3750"}],"curies":[{"name":"wp","href":"https:\/\/api.w.org\/{rel}","templated":true}]}}