{"id":3754,"date":"2024-02-14T14:26:37","date_gmt":"2024-02-14T14:26:37","guid":{"rendered":"https:\/\/morsobaltic.com\/produktas\/merehoolduskomplekt-forno-gaasiseeria\/"},"modified":"2026-03-19T21:31:07","modified_gmt":"2026-03-19T21:31:07","slug":"merehoolduskomplekt-forno-gaasiseeria","status":"publish","type":"product","link":"https:\/\/morsobaltic.com\/et\/produktas\/merehoolduskomplekt-forno-gaasiseeria\/","title":{"rendered":"MEREHOOLDUSKOMPLEKT &#8211; FORNO GAASISEERIA"},"content":{"rendered":"<h4>Mors\u00f8 hoolduskomplekt \u2013 professionaalne kaitse teie gaasigrillile<\/h4>\n<p>Iga gaasigrilli omanik soovib, et tema seade n\u00e4eks v\u00e4lja nagu uus. See praktiline Mors\u00f8 hoolduskomplekt grillidele on loodud spetsiaalselt Forno Gas seeria kasutajatele. Komplekt aitab hoida teie seadme pinda laitmatult puhtana ja esinduslikuna. Alumiiniumpinnad vajavad regulaarset t\u00e4helepanu, et s\u00e4ilitada oma esteetiline v\u00e4limus. Igap\u00e4evaseks hoolduseks piisab jahtunud grilli p\u00fchkimisest niiske lapiga. Kasutage selleks pehmet seebilahust ja demineraliseeritud vett. See aitab v\u00e4ltida t\u00fc\u00fctute lubjasetete tekkimist seadme pinnale. \u00d5ige hooldus tagab seadme pika eluea ja alati kauni v\u00e4limuse.<\/p>\n<h5>Praktiline koosseis ja kasutusjuhend v\u00e4rskendamiseks<\/h5>\n<p>Aja jooksul tekib k\u00f5ikidele v\u00e4listingimustes asuvatele toodetele loomulik patina. Alumiiniumpind v\u00f5ib keskkonnam\u00f5jude t\u00f5ttu veidi oks\u00fcdeeruda. Samuti v\u00f5ivad intensiivse kasutamise k\u00e4igus tekkida pisikesed kriimustused. Neid probleeme lahendab see spetsiaalne Mors\u00f8 hoolduskomplekt grillidele kiiresti ja t\u00f5husalt. Komplekt koosneb kahest peamisest osast pindade ettevalmistamiseks ja uuendamiseks. Esiteks leiate pakendist abrasiivse k\u00e4sna pleekinud kohtade puhastamiseks. See on m\u00f5eldud pindade kergeks lihvimiseks enne v\u00e4rvimist. Teine osa on 400 ml suurune kuumakindel pihustatav v\u00e4rv. Enne uue kihi pealekandmist puhastage pind hoolikalt mustusest. Pind peab olema t\u00e4iesti kuiv, et tagada v\u00e4rvi hea nake. V\u00e4rvimise ajal kandke alati kaitsemaski oma tervise s\u00e4\u00e4stmiseks.<\/p>\n<h5>Miks eelistada just originaalset Mors\u00f8 hoolduslahendust?<\/h5>\n<p>See toode on v\u00e4lja t\u00f6\u00f6tatud just Forno Gas seeria materjale silmas pidades. V\u00e4rvi toon vastab t\u00e4pselt tehase originaalsele kattele. See annab seadmele t\u00e4iendava kaitse korrosiooni ja muude keskkonnam\u00f5jude eest. Regulaarne pindade uuendamine pikendab grilli eluiga m\u00e4rgatavalt. Investeerige kvaliteeti, mis lihtsustab oluliselt v\u00e4listingimustes oleva varustuse hooldust. Puhas ja hooldatud tehnika teeb toiduvalmistamise palju nauditavamaks. See Mors\u00f8 hoolduskomplekt grillidele on \u00f6konoomne viis seadmele uue elu andmiseks. Teie terrass p\u00fcsib stiilne ja teie k\u00fclalised m\u00e4rkavad alati hoolitsetud v\u00e4lik\u00f6\u00f6ki.<\/p>\n<p>Uuendust\u00f6id on soovitatav teha tuulevaikse ilmaga v\u00e4ljas. See tagab \u00fchtlase v\u00e4rvikihi kandumise alumiiniumpinnale. P\u00e4rast v\u00e4rvimist laske pinnal t\u00e4ielikult kuivada enne uut kokkamist. K\u00e4sn aitab enne pihustamist \u00fchtlustada pinna tekstuuri ja eemaldada defektid. V\u00e4rv kuivab kiiresti ja katab pinnad suurep\u00e4raselt. Mors\u00f8 garanteerib, et k\u00f5ik vahendid on ohutud ja v\u00e4ga vastupidavad. Teie grill n\u00e4eb v\u00e4lja nagu uus juba p\u00e4rast esimest hooldusts\u00fcklit. See Mors\u00f8 hoolduskomplekt grillidele valmistab teie tehnika ette uueks grillimishooajaks. Nautige p\u00f5hjamaist kvaliteeti oma koduaias igal suve\u00f5htul.<\/p>\n","protected":false},"excerpt":{"rendered":"<p>T\u00fc\u00fcp: Hooldus- ja v\u00e4rskenduskomplekt gaasigrillidele<br \/>\nSobivus: Mors\u00f8 Forno Gas seeria (Piccolo, Medio, Grande)<br \/>\nKomplekti sisu: 1 abrasiivne k\u00e4sn (180 karedus), 400 ml kuumakindlat pihustatavat v\u00e4rvi<br \/>\nMaht: 400 ml (v\u00e4rv)<br \/>\nOtstarve: Alumiiniumpindade hooldus, kriimustuste ja oks\u00fcdatsiooni eemaldamine<\/p>\n","protected":false},"featured_media":2509,"comment_status":"closed","ping_status":"closed","template":"","meta":[],"product_brand":[],"product_cat":[132,190],"product_tag":[],"class_list":{"0":"post-3754","1":"product","2":"type-product","3":"status-publish","4":"has-post-thumbnail","6":"product_cat-grillide-tarvikud","7":"product_cat-hooldus","9":"first","10":"instock","11":"taxable","12":"shipping-taxable","13":"purchasable","14":"product-type-simple"},"yoast_head":"<!-- This site is optimized with the Yoast SEO plugin v27.3 - https:\/\/yoast.com\/product\/yoast-seo-wordpress\/ -->\n<title>Mors\u00f8 hoolduskomplekt grillidele Forno Gas \u2013 v\u00e4rv ja k\u00e4sn<\/title>\n<meta name=\"description\" content=\"Professionaalne Mors\u00f8 hoolduskomplekt grillidele Forno Gas seeria v\u00e4rskendamiseks. Sisaldab kuumakindlat v\u00e4rvi (400 ml) ja abrasiivset k\u00e4sna kriimude eemaldamiseks.\" \/>\n<meta name=\"robots\" content=\"index, follow, max-snippet:-1, max-image-preview:large, max-video-preview:-1\" \/>\n<link rel=\"canonical\" href=\"https:\/\/morsobaltic.com\/et\/produktas\/merehoolduskomplekt-forno-gaasiseeria\/\" \/>\n<meta property=\"og:locale\" content=\"et_EE\" \/>\n<meta property=\"og:type\" content=\"article\" \/>\n<meta property=\"og:title\" content=\"Mors\u00f8 hoolduskomplekt grillidele Forno Gas \u2013 v\u00e4rv ja k\u00e4sn\" \/>\n<meta property=\"og:description\" content=\"Professionaalne Mors\u00f8 hoolduskomplekt grillidele Forno Gas seeria v\u00e4rskendamiseks. Sisaldab kuumakindlat v\u00e4rvi (400 ml) ja abrasiivset k\u00e4sna kriimude eemaldamiseks.\" \/>\n<meta property=\"og:url\" content=\"https:\/\/morsobaltic.com\/et\/produktas\/merehoolduskomplekt-forno-gaasiseeria\/\" \/>\n<meta property=\"og:site_name\" content=\"MORSO Baltic\" \/>\n<meta property=\"article:modified_time\" content=\"2026-03-19T21:31:07+00:00\" \/>\n<meta property=\"og:image\" content=\"https:\/\/morsobaltic.com\/wp-content\/uploads\/2024\/02\/62993500_vedligeholdelseskit_fornogas_900x900.jpeg\" \/>\n\t<meta property=\"og:image:width\" content=\"600\" \/>\n\t<meta property=\"og:image:height\" content=\"600\" \/>\n\t<meta property=\"og:image:type\" content=\"image\/jpeg\" \/>\n<meta name=\"twitter:card\" content=\"summary_large_image\" \/>\n<meta name=\"twitter:label1\" content=\"Est. reading time\" \/>\n\t<meta name=\"twitter:data1\" content=\"1 minut\" \/>\n<script type=\"application\/ld+json\" class=\"yoast-schema-graph\">{\"@context\":\"https:\\\/\\\/schema.org\",\"@graph\":[{\"@type\":\"WebPage\",\"@id\":\"https:\\\/\\\/morsobaltic.com\\\/et\\\/produktas\\\/merehoolduskomplekt-forno-gaasiseeria\\\/\",\"url\":\"https:\\\/\\\/morsobaltic.com\\\/et\\\/produktas\\\/merehoolduskomplekt-forno-gaasiseeria\\\/\",\"name\":\"Mors\u00f8 hoolduskomplekt grillidele Forno Gas \u2013 v\u00e4rv ja k\u00e4sn\",\"isPartOf\":{\"@id\":\"https:\\\/\\\/morsobaltic.com\\\/et\\\/#website\"},\"primaryImageOfPage\":{\"@id\":\"https:\\\/\\\/morsobaltic.com\\\/et\\\/produktas\\\/merehoolduskomplekt-forno-gaasiseeria\\\/#primaryimage\"},\"image\":{\"@id\":\"https:\\\/\\\/morsobaltic.com\\\/et\\\/produktas\\\/merehoolduskomplekt-forno-gaasiseeria\\\/#primaryimage\"},\"thumbnailUrl\":\"https:\\\/\\\/morsobaltic.com\\\/wp-content\\\/uploads\\\/2024\\\/02\\\/62993500_vedligeholdelseskit_fornogas_900x900.jpeg\",\"datePublished\":\"2024-02-14T14:26:37+00:00\",\"dateModified\":\"2026-03-19T21:31:07+00:00\",\"description\":\"Professionaalne Mors\u00f8 hoolduskomplekt grillidele Forno Gas seeria v\u00e4rskendamiseks. Sisaldab kuumakindlat v\u00e4rvi (400 ml) ja abrasiivset k\u00e4sna kriimude eemaldamiseks.\",\"breadcrumb\":{\"@id\":\"https:\\\/\\\/morsobaltic.com\\\/et\\\/produktas\\\/merehoolduskomplekt-forno-gaasiseeria\\\/#breadcrumb\"},\"inLanguage\":\"et\",\"potentialAction\":[{\"@type\":\"ReadAction\",\"target\":[\"https:\\\/\\\/morsobaltic.com\\\/et\\\/produktas\\\/merehoolduskomplekt-forno-gaasiseeria\\\/\"]}]},{\"@type\":\"ImageObject\",\"inLanguage\":\"et\",\"@id\":\"https:\\\/\\\/morsobaltic.com\\\/et\\\/produktas\\\/merehoolduskomplekt-forno-gaasiseeria\\\/#primaryimage\",\"url\":\"https:\\\/\\\/morsobaltic.com\\\/wp-content\\\/uploads\\\/2024\\\/02\\\/62993500_vedligeholdelseskit_fornogas_900x900.jpeg\",\"contentUrl\":\"https:\\\/\\\/morsobaltic.com\\\/wp-content\\\/uploads\\\/2024\\\/02\\\/62993500_vedligeholdelseskit_fornogas_900x900.jpeg\",\"width\":600,\"height\":600},{\"@type\":\"BreadcrumbList\",\"@id\":\"https:\\\/\\\/morsobaltic.com\\\/et\\\/produktas\\\/merehoolduskomplekt-forno-gaasiseeria\\\/#breadcrumb\",\"itemListElement\":[{\"@type\":\"ListItem\",\"position\":1,\"name\":\"Home\",\"item\":\"https:\\\/\\\/morsobaltic.com\\\/et\\\/\"},{\"@type\":\"ListItem\",\"position\":2,\"name\":\"Kauplus\",\"item\":\"https:\\\/\\\/morsobaltic.com\\\/parduotuve\\\/\"},{\"@type\":\"ListItem\",\"position\":3,\"name\":\"MEREHOOLDUSKOMPLEKT &#8211; FORNO GAASISEERIA\"}]},{\"@type\":\"WebSite\",\"@id\":\"https:\\\/\\\/morsobaltic.com\\\/et\\\/#website\",\"url\":\"https:\\\/\\\/morsobaltic.com\\\/et\\\/\",\"name\":\"MORSO Baltic\",\"description\":\"\",\"alternateName\":\"MORSOBALTIC\",\"potentialAction\":[{\"@type\":\"SearchAction\",\"target\":{\"@type\":\"EntryPoint\",\"urlTemplate\":\"https:\\\/\\\/morsobaltic.com\\\/et\\\/?s={search_term_string}\"},\"query-input\":{\"@type\":\"PropertyValueSpecification\",\"valueRequired\":true,\"valueName\":\"search_term_string\"}}],\"inLanguage\":\"et\"}]}<\/script>\n<!-- \/ Yoast SEO plugin. -->","yoast_head_json":{"title":"Mors\u00f8 hoolduskomplekt grillidele Forno Gas \u2013 v\u00e4rv ja k\u00e4sn","description":"Professionaalne Mors\u00f8 hoolduskomplekt grillidele Forno Gas seeria v\u00e4rskendamiseks. Sisaldab kuumakindlat v\u00e4rvi (400 ml) ja abrasiivset k\u00e4sna kriimude eemaldamiseks.","robots":{"index":"index","follow":"follow","max-snippet":"max-snippet:-1","max-image-preview":"max-image-preview:large","max-video-preview":"max-video-preview:-1"},"canonical":"https:\/\/morsobaltic.com\/et\/produktas\/merehoolduskomplekt-forno-gaasiseeria\/","og_locale":"et_EE","og_type":"article","og_title":"Mors\u00f8 hoolduskomplekt grillidele Forno Gas \u2013 v\u00e4rv ja k\u00e4sn","og_description":"Professionaalne Mors\u00f8 hoolduskomplekt grillidele Forno Gas seeria v\u00e4rskendamiseks. Sisaldab kuumakindlat v\u00e4rvi (400 ml) ja abrasiivset k\u00e4sna kriimude eemaldamiseks.","og_url":"https:\/\/morsobaltic.com\/et\/produktas\/merehoolduskomplekt-forno-gaasiseeria\/","og_site_name":"MORSO Baltic","article_modified_time":"2026-03-19T21:31:07+00:00","og_image":[{"width":600,"height":600,"url":"https:\/\/morsobaltic.com\/wp-content\/uploads\/2024\/02\/62993500_vedligeholdelseskit_fornogas_900x900.jpeg","type":"image\/jpeg"}],"twitter_card":"summary_large_image","twitter_misc":{"Est. reading time":"1 minut"},"schema":{"@context":"https:\/\/schema.org","@graph":[{"@type":"WebPage","@id":"https:\/\/morsobaltic.com\/et\/produktas\/merehoolduskomplekt-forno-gaasiseeria\/","url":"https:\/\/morsobaltic.com\/et\/produktas\/merehoolduskomplekt-forno-gaasiseeria\/","name":"Mors\u00f8 hoolduskomplekt grillidele Forno Gas \u2013 v\u00e4rv ja k\u00e4sn","isPartOf":{"@id":"https:\/\/morsobaltic.com\/et\/#website"},"primaryImageOfPage":{"@id":"https:\/\/morsobaltic.com\/et\/produktas\/merehoolduskomplekt-forno-gaasiseeria\/#primaryimage"},"image":{"@id":"https:\/\/morsobaltic.com\/et\/produktas\/merehoolduskomplekt-forno-gaasiseeria\/#primaryimage"},"thumbnailUrl":"https:\/\/morsobaltic.com\/wp-content\/uploads\/2024\/02\/62993500_vedligeholdelseskit_fornogas_900x900.jpeg","datePublished":"2024-02-14T14:26:37+00:00","dateModified":"2026-03-19T21:31:07+00:00","description":"Professionaalne Mors\u00f8 hoolduskomplekt grillidele Forno Gas seeria v\u00e4rskendamiseks. Sisaldab kuumakindlat v\u00e4rvi (400 ml) ja abrasiivset k\u00e4sna kriimude eemaldamiseks.","breadcrumb":{"@id":"https:\/\/morsobaltic.com\/et\/produktas\/merehoolduskomplekt-forno-gaasiseeria\/#breadcrumb"},"inLanguage":"et","potentialAction":[{"@type":"ReadAction","target":["https:\/\/morsobaltic.com\/et\/produktas\/merehoolduskomplekt-forno-gaasiseeria\/"]}]},{"@type":"ImageObject","inLanguage":"et","@id":"https:\/\/morsobaltic.com\/et\/produktas\/merehoolduskomplekt-forno-gaasiseeria\/#primaryimage","url":"https:\/\/morsobaltic.com\/wp-content\/uploads\/2024\/02\/62993500_vedligeholdelseskit_fornogas_900x900.jpeg","contentUrl":"https:\/\/morsobaltic.com\/wp-content\/uploads\/2024\/02\/62993500_vedligeholdelseskit_fornogas_900x900.jpeg","width":600,"height":600},{"@type":"BreadcrumbList","@id":"https:\/\/morsobaltic.com\/et\/produktas\/merehoolduskomplekt-forno-gaasiseeria\/#breadcrumb","itemListElement":[{"@type":"ListItem","position":1,"name":"Home","item":"https:\/\/morsobaltic.com\/et\/"},{"@type":"ListItem","position":2,"name":"Kauplus","item":"https:\/\/morsobaltic.com\/parduotuve\/"},{"@type":"ListItem","position":3,"name":"MEREHOOLDUSKOMPLEKT &#8211; FORNO GAASISEERIA"}]},{"@type":"WebSite","@id":"https:\/\/morsobaltic.com\/et\/#website","url":"https:\/\/morsobaltic.com\/et\/","name":"MORSO Baltic","description":"","alternateName":"MORSOBALTIC","potentialAction":[{"@type":"SearchAction","target":{"@type":"EntryPoint","urlTemplate":"https:\/\/morsobaltic.com\/et\/?s={search_term_string}"},"query-input":{"@type":"PropertyValueSpecification","valueRequired":true,"valueName":"search_term_string"}}],"inLanguage":"et"}]}},"_links":{"self":[{"href":"https:\/\/morsobaltic.com\/et\/wp-json\/wp\/v2\/product\/3754","targetHints":{"allow":["GET"]}}],"collection":[{"href":"https:\/\/morsobaltic.com\/et\/wp-json\/wp\/v2\/product"}],"about":[{"href":"https:\/\/morsobaltic.com\/et\/wp-json\/wp\/v2\/types\/product"}],"replies":[{"embeddable":true,"href":"https:\/\/morsobaltic.com\/et\/wp-json\/wp\/v2\/comments?post=3754"}],"wp:featuredmedia":[{"embeddable":true,"href":"https:\/\/morsobaltic.com\/et\/wp-json\/wp\/v2\/media\/2509"}],"wp:attachment":[{"href":"https:\/\/morsobaltic.com\/et\/wp-json\/wp\/v2\/media?parent=3754"}],"wp:term":[{"taxonomy":"product_brand","embeddable":true,"href":"https:\/\/morsobaltic.com\/et\/wp-json\/wp\/v2\/product_brand?post=3754"},{"taxonomy":"product_cat","embeddable":true,"href":"https:\/\/morsobaltic.com\/et\/wp-json\/wp\/v2\/product_cat?post=3754"},{"taxonomy":"product_tag","embeddable":true,"href":"https:\/\/morsobaltic.com\/et\/wp-json\/wp\/v2\/product_tag?post=3754"}],"curies":[{"name":"wp","href":"https:\/\/api.w.org\/{rel}","templated":true}]}}