{"id":3755,"date":"2024-02-14T14:26:37","date_gmt":"2024-02-14T14:26:37","guid":{"rendered":"https:\/\/morsobaltic.com\/produktas\/morso-harja-ja-kaabitsate-komplekt\/"},"modified":"2026-03-19T21:29:26","modified_gmt":"2026-03-19T21:29:26","slug":"morso-harja-ja-kaabitsate-komplekt","status":"publish","type":"product","link":"https:\/\/morsobaltic.com\/et\/produktas\/morso-harja-ja-kaabitsate-komplekt\/","title":{"rendered":"MORS\u00d8 HARJA JA KAABITSATE KOMPLEKT"},"content":{"rendered":"<h4>Mors\u00f8 harja ja kaabitsa komplekt \u2013 terviklik lahendus grilli hooldamiseks<\/h4>\n<p>Iga grillimeister teab, et puhas grill on maitsva toidu alus. See asendamatu \u201ekaks \u00fches\u201c lahendus, mille nimeks on Mors\u00f8 grilli puhastuskomplekt, aitab teil t\u00f5husalt hooldada oma seadet ja k\u00fcpsetusreste. Regulaarne puhastamine on h\u00e4davajalik toidu parima kvaliteedi tagamiseks igal kasutuskorral. Samuti garanteerib see teie kalli seadme pikaealisuse paljudeks hooaegadeks. See komplekt on loodud selleks, et muuta ka k\u00f5ige keerulisemad puhastust\u00f6\u00f6d p\u00e4rast k\u00fcpsetamist lihtsamaks. See s\u00e4\u00e4stab teie aega ja energiat, mida saaksite kulutada k\u00fclalistega aja veetmiseks. Teie v\u00e4lik\u00f6\u00f6k p\u00fcsib selle abil alati esinduslik ja puhas.<\/p>\n<h5>Puhastusprotsess ja mugav kasutamine v\u00e4lik\u00f6\u00f6gis<\/h5>\n<p>Puhastamine nende t\u00f6\u00f6riistadega on \u00e4\u00e4rmiselt lihtne ja kiire protsess. K\u00f5igepealt eemaldab tugev kaabits k\u00f5ik suuremad toiduj\u00e4\u00e4gid restilt. Selle teravad servad saavad t\u00f5husalt jagu ka k\u00f5ige tugevamalt kinnij\u00e4\u00e4nud rasvast. Kaabits ulatub ka raskesti ligip\u00e4\u00e4setavatesse kohtadesse restipulkade vahel. Seej\u00e4rel puhastab spetsiaalne hari \u00fclej\u00e4\u00e4nud peened setted ja tuha. Teie grillrestid n\u00e4evad p\u00e4rast seda v\u00e4lja nagu uued. Antud Mors\u00f8 grilli puhastuskomplekt on universaalne ja sobib k\u00f5ikidele Mors\u00f8 mudelitele. See on ustav abiline nii puuk\u00fcttega ahju kui ka kaasaegse gaasigrilli omanikule. Nii harjal kui ka kaabitsal on spetsiaalsed aasad mugavaks riputamiseks.<\/p>\n<h5>Miks investeerida originaalsesse Mors\u00f8 puhastusvarustusse?<\/h5>\n<p>Skandinaavia disain kohtub siin t\u00f6\u00f6stusliku vastupidavuse ja funktsionaalsusega. Iga detail on valmistatud kulumis- ja niiskuskindlatest materjalest. Kasutades neid t\u00f6\u00f6riistu, s\u00e4\u00e4state oma kepsnine pindu kahjustuste eest. T\u00f6\u00f6riistad on kohandatud just malmist ja terasest restide \u00f5rnaks, kuid t\u00f5husaks hoolduseks. See Mors\u00f8 grilli puhastuskomplekt on pikaajaline investeering teie koduse v\u00e4lik\u00f6\u00f6gi mugavusse. T\u00f6\u00f6riistadel on ergonoomilised k\u00e4epidemed, mis tagavad kindla ja turvalise haarde. Te ei pea kasutama suurt j\u00f5udu, et saavutada ideaalne tulemus. Puhtus on n\u00fc\u00fcdsest vaid m\u00f5ne hetke kaugusel.<\/p>\n<p>Soovitame reste puhastada siis, kui need on veel veidi soojad. See v\u00f5imaldab rasval kergemini metallpinnalt lahti tulla. Kasutage kaabitsat tugevama mustuse eemaldamiseks ja l\u00f5petage protsess harjaga. P\u00e4rast puhastamist v\u00f5ite reste m\u00e4\u00e4rida v\u00e4hese koguse toidu\u00f5liga. See kaitseb metalli niiskuse eest ja tagab parema k\u00fcpsemise j\u00e4rgmisel korral. See lihtne rituaal hoiab teie seadme tehniliselt korras aastaid. Valides lahenduse, mille nimeks on Mors\u00f8 grilli puhastuskomplekt, valite kvaliteedi ja puhtuse. Teie grill t\u00e4nab teid maitsvate kepsniste ja pika t\u00f6\u00f6eaga. Valmistuge igaks pere\u00f5htus\u00f6\u00f6giks laitmatult puhta varustusega.<\/p>\n","protected":false},"excerpt":{"rendered":"<p>T\u00fc\u00fcp: \u201eKaks \u00fches\u201c puhastusvahendite komplekt grillile<br \/>\nMaterjal: Roostevabast terasest hari ja nailonist kaabits<br \/>\nM\u00f5\u00f5tmed: Harja pikkus 40 cm, kaabitsa pikkus 30 cm<br \/>\nKaal: 0,5 kg<br \/>\nV\u00e4rv: Metalli karva \/ Must<\/p>\n","protected":false},"featured_media":2503,"comment_status":"closed","ping_status":"closed","template":"","meta":[],"product_brand":[],"product_cat":[132,190],"product_tag":[],"class_list":{"0":"post-3755","1":"product","2":"type-product","3":"status-publish","4":"has-post-thumbnail","6":"product_cat-grillide-tarvikud","7":"product_cat-hooldus","9":"first","10":"instock","11":"taxable","12":"shipping-taxable","13":"purchasable","14":"product-type-simple"},"yoast_head":"<!-- This site is optimized with the Yoast SEO plugin v27.3 - https:\/\/yoast.com\/product\/yoast-seo-wordpress\/ -->\n<title>Mors\u00f8 grilli puhastuskomplekt \u2013 harja ja kaabitsa komplekt<\/title>\n<meta name=\"description\" content=\"Roostevabast terasest Mors\u00f8 grilli puhastuskomplekt restide hooldamiseks. Sisaldab t\u00f5husat harja ja kaabitsat rasva ning toiduj\u00e4\u00e4kide eemaldamiseks.\" \/>\n<meta name=\"robots\" content=\"index, follow, max-snippet:-1, max-image-preview:large, max-video-preview:-1\" \/>\n<link rel=\"canonical\" href=\"https:\/\/morsobaltic.com\/et\/produktas\/morso-harja-ja-kaabitsate-komplekt\/\" \/>\n<meta property=\"og:locale\" content=\"et_EE\" \/>\n<meta property=\"og:type\" content=\"article\" \/>\n<meta property=\"og:title\" content=\"Mors\u00f8 grilli puhastuskomplekt \u2013 harja ja kaabitsa komplekt\" \/>\n<meta property=\"og:description\" content=\"Roostevabast terasest Mors\u00f8 grilli puhastuskomplekt restide hooldamiseks. Sisaldab t\u00f5husat harja ja kaabitsat rasva ning toiduj\u00e4\u00e4kide eemaldamiseks.\" \/>\n<meta property=\"og:url\" content=\"https:\/\/morsobaltic.com\/et\/produktas\/morso-harja-ja-kaabitsate-komplekt\/\" \/>\n<meta property=\"og:site_name\" content=\"MORSO Baltic\" \/>\n<meta property=\"article:modified_time\" content=\"2026-03-19T21:29:26+00:00\" \/>\n<meta property=\"og:image\" content=\"https:\/\/morsobaltic.com\/wp-content\/uploads\/2024\/02\/62994500_grill-brush-and-scraper-kit.jpeg\" \/>\n\t<meta property=\"og:image:width\" content=\"600\" \/>\n\t<meta property=\"og:image:height\" content=\"600\" \/>\n\t<meta property=\"og:image:type\" content=\"image\/jpeg\" \/>\n<meta name=\"twitter:card\" content=\"summary_large_image\" \/>\n<meta name=\"twitter:label1\" content=\"Est. reading time\" \/>\n\t<meta name=\"twitter:data1\" content=\"1 minut\" \/>\n<script type=\"application\/ld+json\" class=\"yoast-schema-graph\">{\"@context\":\"https:\\\/\\\/schema.org\",\"@graph\":[{\"@type\":\"WebPage\",\"@id\":\"https:\\\/\\\/morsobaltic.com\\\/et\\\/produktas\\\/morso-harja-ja-kaabitsate-komplekt\\\/\",\"url\":\"https:\\\/\\\/morsobaltic.com\\\/et\\\/produktas\\\/morso-harja-ja-kaabitsate-komplekt\\\/\",\"name\":\"Mors\u00f8 grilli puhastuskomplekt \u2013 harja ja kaabitsa komplekt\",\"isPartOf\":{\"@id\":\"https:\\\/\\\/morsobaltic.com\\\/et\\\/#website\"},\"primaryImageOfPage\":{\"@id\":\"https:\\\/\\\/morsobaltic.com\\\/et\\\/produktas\\\/morso-harja-ja-kaabitsate-komplekt\\\/#primaryimage\"},\"image\":{\"@id\":\"https:\\\/\\\/morsobaltic.com\\\/et\\\/produktas\\\/morso-harja-ja-kaabitsate-komplekt\\\/#primaryimage\"},\"thumbnailUrl\":\"https:\\\/\\\/morsobaltic.com\\\/wp-content\\\/uploads\\\/2024\\\/02\\\/62994500_grill-brush-and-scraper-kit.jpeg\",\"datePublished\":\"2024-02-14T14:26:37+00:00\",\"dateModified\":\"2026-03-19T21:29:26+00:00\",\"description\":\"Roostevabast terasest Mors\u00f8 grilli puhastuskomplekt restide hooldamiseks. Sisaldab t\u00f5husat harja ja kaabitsat rasva ning toiduj\u00e4\u00e4kide eemaldamiseks.\",\"breadcrumb\":{\"@id\":\"https:\\\/\\\/morsobaltic.com\\\/et\\\/produktas\\\/morso-harja-ja-kaabitsate-komplekt\\\/#breadcrumb\"},\"inLanguage\":\"et\",\"potentialAction\":[{\"@type\":\"ReadAction\",\"target\":[\"https:\\\/\\\/morsobaltic.com\\\/et\\\/produktas\\\/morso-harja-ja-kaabitsate-komplekt\\\/\"]}]},{\"@type\":\"ImageObject\",\"inLanguage\":\"et\",\"@id\":\"https:\\\/\\\/morsobaltic.com\\\/et\\\/produktas\\\/morso-harja-ja-kaabitsate-komplekt\\\/#primaryimage\",\"url\":\"https:\\\/\\\/morsobaltic.com\\\/wp-content\\\/uploads\\\/2024\\\/02\\\/62994500_grill-brush-and-scraper-kit.jpeg\",\"contentUrl\":\"https:\\\/\\\/morsobaltic.com\\\/wp-content\\\/uploads\\\/2024\\\/02\\\/62994500_grill-brush-and-scraper-kit.jpeg\",\"width\":600,\"height\":600},{\"@type\":\"BreadcrumbList\",\"@id\":\"https:\\\/\\\/morsobaltic.com\\\/et\\\/produktas\\\/morso-harja-ja-kaabitsate-komplekt\\\/#breadcrumb\",\"itemListElement\":[{\"@type\":\"ListItem\",\"position\":1,\"name\":\"Home\",\"item\":\"https:\\\/\\\/morsobaltic.com\\\/et\\\/\"},{\"@type\":\"ListItem\",\"position\":2,\"name\":\"Kauplus\",\"item\":\"https:\\\/\\\/morsobaltic.com\\\/parduotuve\\\/\"},{\"@type\":\"ListItem\",\"position\":3,\"name\":\"MORS\u00d8 HARJA JA KAABITSATE KOMPLEKT\"}]},{\"@type\":\"WebSite\",\"@id\":\"https:\\\/\\\/morsobaltic.com\\\/et\\\/#website\",\"url\":\"https:\\\/\\\/morsobaltic.com\\\/et\\\/\",\"name\":\"MORSO Baltic\",\"description\":\"\",\"alternateName\":\"MORSOBALTIC\",\"potentialAction\":[{\"@type\":\"SearchAction\",\"target\":{\"@type\":\"EntryPoint\",\"urlTemplate\":\"https:\\\/\\\/morsobaltic.com\\\/et\\\/?s={search_term_string}\"},\"query-input\":{\"@type\":\"PropertyValueSpecification\",\"valueRequired\":true,\"valueName\":\"search_term_string\"}}],\"inLanguage\":\"et\"}]}<\/script>\n<!-- \/ Yoast SEO plugin. -->","yoast_head_json":{"title":"Mors\u00f8 grilli puhastuskomplekt \u2013 harja ja kaabitsa komplekt","description":"Roostevabast terasest Mors\u00f8 grilli puhastuskomplekt restide hooldamiseks. Sisaldab t\u00f5husat harja ja kaabitsat rasva ning toiduj\u00e4\u00e4kide eemaldamiseks.","robots":{"index":"index","follow":"follow","max-snippet":"max-snippet:-1","max-image-preview":"max-image-preview:large","max-video-preview":"max-video-preview:-1"},"canonical":"https:\/\/morsobaltic.com\/et\/produktas\/morso-harja-ja-kaabitsate-komplekt\/","og_locale":"et_EE","og_type":"article","og_title":"Mors\u00f8 grilli puhastuskomplekt \u2013 harja ja kaabitsa komplekt","og_description":"Roostevabast terasest Mors\u00f8 grilli puhastuskomplekt restide hooldamiseks. Sisaldab t\u00f5husat harja ja kaabitsat rasva ning toiduj\u00e4\u00e4kide eemaldamiseks.","og_url":"https:\/\/morsobaltic.com\/et\/produktas\/morso-harja-ja-kaabitsate-komplekt\/","og_site_name":"MORSO Baltic","article_modified_time":"2026-03-19T21:29:26+00:00","og_image":[{"width":600,"height":600,"url":"https:\/\/morsobaltic.com\/wp-content\/uploads\/2024\/02\/62994500_grill-brush-and-scraper-kit.jpeg","type":"image\/jpeg"}],"twitter_card":"summary_large_image","twitter_misc":{"Est. reading time":"1 minut"},"schema":{"@context":"https:\/\/schema.org","@graph":[{"@type":"WebPage","@id":"https:\/\/morsobaltic.com\/et\/produktas\/morso-harja-ja-kaabitsate-komplekt\/","url":"https:\/\/morsobaltic.com\/et\/produktas\/morso-harja-ja-kaabitsate-komplekt\/","name":"Mors\u00f8 grilli puhastuskomplekt \u2013 harja ja kaabitsa komplekt","isPartOf":{"@id":"https:\/\/morsobaltic.com\/et\/#website"},"primaryImageOfPage":{"@id":"https:\/\/morsobaltic.com\/et\/produktas\/morso-harja-ja-kaabitsate-komplekt\/#primaryimage"},"image":{"@id":"https:\/\/morsobaltic.com\/et\/produktas\/morso-harja-ja-kaabitsate-komplekt\/#primaryimage"},"thumbnailUrl":"https:\/\/morsobaltic.com\/wp-content\/uploads\/2024\/02\/62994500_grill-brush-and-scraper-kit.jpeg","datePublished":"2024-02-14T14:26:37+00:00","dateModified":"2026-03-19T21:29:26+00:00","description":"Roostevabast terasest Mors\u00f8 grilli puhastuskomplekt restide hooldamiseks. Sisaldab t\u00f5husat harja ja kaabitsat rasva ning toiduj\u00e4\u00e4kide eemaldamiseks.","breadcrumb":{"@id":"https:\/\/morsobaltic.com\/et\/produktas\/morso-harja-ja-kaabitsate-komplekt\/#breadcrumb"},"inLanguage":"et","potentialAction":[{"@type":"ReadAction","target":["https:\/\/morsobaltic.com\/et\/produktas\/morso-harja-ja-kaabitsate-komplekt\/"]}]},{"@type":"ImageObject","inLanguage":"et","@id":"https:\/\/morsobaltic.com\/et\/produktas\/morso-harja-ja-kaabitsate-komplekt\/#primaryimage","url":"https:\/\/morsobaltic.com\/wp-content\/uploads\/2024\/02\/62994500_grill-brush-and-scraper-kit.jpeg","contentUrl":"https:\/\/morsobaltic.com\/wp-content\/uploads\/2024\/02\/62994500_grill-brush-and-scraper-kit.jpeg","width":600,"height":600},{"@type":"BreadcrumbList","@id":"https:\/\/morsobaltic.com\/et\/produktas\/morso-harja-ja-kaabitsate-komplekt\/#breadcrumb","itemListElement":[{"@type":"ListItem","position":1,"name":"Home","item":"https:\/\/morsobaltic.com\/et\/"},{"@type":"ListItem","position":2,"name":"Kauplus","item":"https:\/\/morsobaltic.com\/parduotuve\/"},{"@type":"ListItem","position":3,"name":"MORS\u00d8 HARJA JA KAABITSATE KOMPLEKT"}]},{"@type":"WebSite","@id":"https:\/\/morsobaltic.com\/et\/#website","url":"https:\/\/morsobaltic.com\/et\/","name":"MORSO Baltic","description":"","alternateName":"MORSOBALTIC","potentialAction":[{"@type":"SearchAction","target":{"@type":"EntryPoint","urlTemplate":"https:\/\/morsobaltic.com\/et\/?s={search_term_string}"},"query-input":{"@type":"PropertyValueSpecification","valueRequired":true,"valueName":"search_term_string"}}],"inLanguage":"et"}]}},"_links":{"self":[{"href":"https:\/\/morsobaltic.com\/et\/wp-json\/wp\/v2\/product\/3755","targetHints":{"allow":["GET"]}}],"collection":[{"href":"https:\/\/morsobaltic.com\/et\/wp-json\/wp\/v2\/product"}],"about":[{"href":"https:\/\/morsobaltic.com\/et\/wp-json\/wp\/v2\/types\/product"}],"replies":[{"embeddable":true,"href":"https:\/\/morsobaltic.com\/et\/wp-json\/wp\/v2\/comments?post=3755"}],"wp:featuredmedia":[{"embeddable":true,"href":"https:\/\/morsobaltic.com\/et\/wp-json\/wp\/v2\/media\/2503"}],"wp:attachment":[{"href":"https:\/\/morsobaltic.com\/et\/wp-json\/wp\/v2\/media?parent=3755"}],"wp:term":[{"taxonomy":"product_brand","embeddable":true,"href":"https:\/\/morsobaltic.com\/et\/wp-json\/wp\/v2\/product_brand?post=3755"},{"taxonomy":"product_cat","embeddable":true,"href":"https:\/\/morsobaltic.com\/et\/wp-json\/wp\/v2\/product_cat?post=3755"},{"taxonomy":"product_tag","embeddable":true,"href":"https:\/\/morsobaltic.com\/et\/wp-json\/wp\/v2\/product_tag?post=3755"}],"curies":[{"name":"wp","href":"https:\/\/api.w.org\/{rel}","templated":true}]}}