{"id":3832,"date":"2024-02-14T14:26:16","date_gmt":"2024-02-14T14:26:16","guid":{"rendered":"https:\/\/morsobaltic.com\/produktas\/kardinad-morso-garden-table\/"},"modified":"2026-03-18T21:13:10","modified_gmt":"2026-03-18T21:13:10","slug":"kardinad-morso-garden-table","status":"publish","type":"product","link":"https:\/\/morsobaltic.com\/et\/produktas\/kardinad-morso-garden-table\/","title":{"rendered":"Kardinad &#8211; MORS\u00d8 GARDEN TABLE"},"content":{"rendered":"<h4>Mors\u00f8 Garden Table kate \u2013 kord teie v\u00e4lik\u00f6\u00f6gis<\/h4>\n<p>Mors\u00f8 Garden Table laua kate aitab hoida laitmatut puhtust. Kui kasutate seda lauda toidu valmistamiseks, on kaitse oluline. See kate on m\u00f5eldud kasutamiseks ajal, mil lauda ei kasutata. See kaitseb pinda tolmu ja lehtede eest. Teie v\u00e4lilaud on alati t\u00f6\u00f6ks valmis. Te ei pea seda enam enne iga kasutust pesema. See on v\u00e4ga praktiline lisatarvik teie terrassile. Kate tagab aias esteetilise v\u00e4limuse. See aitab v\u00e4ltida t\u00fc\u00fctut puhastamist. Teie Mors\u00f8 toode p\u00fcsib kaua uuev\u00e4\u00e4rsena.<\/p>\n<p>See laua kate on valmistatud 100% pol\u00fcestrist. Materjal on t\u00e4ielikult veekindel. See kaitseb lauda kindlalt vihma eest. Kangal on ka UV-kaitse. See takistab materjali pleekimist p\u00e4ikese k\u00e4es. Katte allosas on tugev n\u00f6\u00f6r. Sellega saab katte kindlalt laua jalgade k\u00fclge kinnitada. See p\u00fcsib paigal ka tugeva tuulega. Must v\u00e4rv m\u00f5jub modernselt ja korrektselt. Kvaliteetsed materjalid tagavad toote pika kasutusea. See pakub usaldusv\u00e4\u00e4rset kaitset igasuguse ilmaga.<\/p>\n<h5>Hooldus ja kvaliteet<\/h5>\n<p>Katte hooldamine on v\u00e4ga lihtne. Soovitame seda pesta ainult k\u00e4sitsi. Nii kestab toode aastaid. Mustust saab eemaldada lihtsalt niiske lapiga. \u00c4rge kasutage pesupehmendajaid. Need v\u00f5ivad kahjustada pol\u00fcestri kaitsekihti. Samuti v\u00f5ivad pehmendajad musta v\u00e4rvi pleegitada. See on j\u00e4tkusuutlik ja kvaliteetne Mors\u00f8 toode. See pikendab teie v\u00e4lim\u00f6\u00f6bli eluiga m\u00e4rnatavalt. Investeerige kvaliteeti ja nautige puhast aeda iga p\u00e4ev.<\/p>\n","protected":false},"excerpt":{"rendered":"<p>T\u00fc\u00fcp: Vee- ja UV-kindel kaitsekate<br \/>\n\u00dchilduvus: Mors\u00f8 Garden Table (lisalaud)<br \/>\nMaterjal: 100% pol\u00fcester<br \/>\nV\u00e4rv: Must<br \/>\nHooldus: K\u00e4sipesu<\/p>\n","protected":false},"featured_media":2422,"comment_status":"closed","ping_status":"closed","template":"","meta":[],"product_brand":[],"product_cat":[92],"product_tag":[],"class_list":{"0":"post-3832","1":"product","2":"type-product","3":"status-publish","4":"has-post-thumbnail","6":"product_cat-grillkatted","8":"first","9":"instock","10":"taxable","11":"shipping-taxable","12":"purchasable","13":"product-type-simple"},"yoast_head":"<!-- This site is optimized with the Yoast SEO plugin v27.3 - https:\/\/yoast.com\/product\/yoast-seo-wordpress\/ -->\n<title>Laua kate Mors\u00f8 Garden Table \u2013 puhas terrass<\/title>\n<meta name=\"description\" content=\"Veekindel Mors\u00f8 Garden Table kate vastupidavast pol\u00fcestrist. UV-kaitse ja kindel kinnitus teie v\u00e4lik\u00f6\u00f6gi laua kaitseks.\" \/>\n<meta name=\"robots\" content=\"index, follow, max-snippet:-1, max-image-preview:large, max-video-preview:-1\" \/>\n<link rel=\"canonical\" href=\"https:\/\/morsobaltic.com\/et\/produktas\/kardinad-morso-garden-table\/\" \/>\n<meta property=\"og:locale\" content=\"et_EE\" \/>\n<meta property=\"og:type\" content=\"article\" \/>\n<meta property=\"og:title\" content=\"Laua kate Mors\u00f8 Garden Table \u2013 puhas terrass\" \/>\n<meta property=\"og:description\" content=\"Veekindel Mors\u00f8 Garden Table kate vastupidavast pol\u00fcestrist. UV-kaitse ja kindel kinnitus teie v\u00e4lik\u00f6\u00f6gi laua kaitseks.\" \/>\n<meta property=\"og:url\" content=\"https:\/\/morsobaltic.com\/et\/produktas\/kardinad-morso-garden-table\/\" \/>\n<meta property=\"og:site_name\" content=\"MORSO Baltic\" \/>\n<meta property=\"article:modified_time\" content=\"2026-03-18T21:13:10+00:00\" \/>\n<meta property=\"og:image\" content=\"https:\/\/morsobaltic.com\/wp-content\/uploads\/2024\/02\/62994100_morsoe-garden-cover.jpeg\" \/>\n\t<meta property=\"og:image:width\" content=\"600\" \/>\n\t<meta property=\"og:image:height\" content=\"600\" \/>\n\t<meta property=\"og:image:type\" content=\"image\/jpeg\" \/>\n<meta name=\"twitter:card\" content=\"summary_large_image\" \/>\n<meta name=\"twitter:label1\" content=\"Est. reading time\" \/>\n\t<meta name=\"twitter:data1\" content=\"1 minut\" \/>\n<script type=\"application\/ld+json\" class=\"yoast-schema-graph\">{\"@context\":\"https:\\\/\\\/schema.org\",\"@graph\":[{\"@type\":\"WebPage\",\"@id\":\"https:\\\/\\\/morsobaltic.com\\\/et\\\/produktas\\\/kardinad-morso-garden-table\\\/\",\"url\":\"https:\\\/\\\/morsobaltic.com\\\/et\\\/produktas\\\/kardinad-morso-garden-table\\\/\",\"name\":\"Laua kate Mors\u00f8 Garden Table \u2013 puhas terrass\",\"isPartOf\":{\"@id\":\"https:\\\/\\\/morsobaltic.com\\\/et\\\/#website\"},\"primaryImageOfPage\":{\"@id\":\"https:\\\/\\\/morsobaltic.com\\\/et\\\/produktas\\\/kardinad-morso-garden-table\\\/#primaryimage\"},\"image\":{\"@id\":\"https:\\\/\\\/morsobaltic.com\\\/et\\\/produktas\\\/kardinad-morso-garden-table\\\/#primaryimage\"},\"thumbnailUrl\":\"https:\\\/\\\/morsobaltic.com\\\/wp-content\\\/uploads\\\/2024\\\/02\\\/62994100_morsoe-garden-cover.jpeg\",\"datePublished\":\"2024-02-14T14:26:16+00:00\",\"dateModified\":\"2026-03-18T21:13:10+00:00\",\"description\":\"Veekindel Mors\u00f8 Garden Table kate vastupidavast pol\u00fcestrist. UV-kaitse ja kindel kinnitus teie v\u00e4lik\u00f6\u00f6gi laua kaitseks.\",\"breadcrumb\":{\"@id\":\"https:\\\/\\\/morsobaltic.com\\\/et\\\/produktas\\\/kardinad-morso-garden-table\\\/#breadcrumb\"},\"inLanguage\":\"et\",\"potentialAction\":[{\"@type\":\"ReadAction\",\"target\":[\"https:\\\/\\\/morsobaltic.com\\\/et\\\/produktas\\\/kardinad-morso-garden-table\\\/\"]}]},{\"@type\":\"ImageObject\",\"inLanguage\":\"et\",\"@id\":\"https:\\\/\\\/morsobaltic.com\\\/et\\\/produktas\\\/kardinad-morso-garden-table\\\/#primaryimage\",\"url\":\"https:\\\/\\\/morsobaltic.com\\\/wp-content\\\/uploads\\\/2024\\\/02\\\/62994100_morsoe-garden-cover.jpeg\",\"contentUrl\":\"https:\\\/\\\/morsobaltic.com\\\/wp-content\\\/uploads\\\/2024\\\/02\\\/62994100_morsoe-garden-cover.jpeg\",\"width\":600,\"height\":600},{\"@type\":\"BreadcrumbList\",\"@id\":\"https:\\\/\\\/morsobaltic.com\\\/et\\\/produktas\\\/kardinad-morso-garden-table\\\/#breadcrumb\",\"itemListElement\":[{\"@type\":\"ListItem\",\"position\":1,\"name\":\"Home\",\"item\":\"https:\\\/\\\/morsobaltic.com\\\/et\\\/\"},{\"@type\":\"ListItem\",\"position\":2,\"name\":\"Kauplus\",\"item\":\"https:\\\/\\\/morsobaltic.com\\\/parduotuve\\\/\"},{\"@type\":\"ListItem\",\"position\":3,\"name\":\"Kardinad &#8211; MORS\u00d8 GARDEN TABLE\"}]},{\"@type\":\"WebSite\",\"@id\":\"https:\\\/\\\/morsobaltic.com\\\/et\\\/#website\",\"url\":\"https:\\\/\\\/morsobaltic.com\\\/et\\\/\",\"name\":\"MORSO Baltic\",\"description\":\"\",\"alternateName\":\"MORSOBALTIC\",\"potentialAction\":[{\"@type\":\"SearchAction\",\"target\":{\"@type\":\"EntryPoint\",\"urlTemplate\":\"https:\\\/\\\/morsobaltic.com\\\/et\\\/?s={search_term_string}\"},\"query-input\":{\"@type\":\"PropertyValueSpecification\",\"valueRequired\":true,\"valueName\":\"search_term_string\"}}],\"inLanguage\":\"et\"}]}<\/script>\n<!-- \/ Yoast SEO plugin. -->","yoast_head_json":{"title":"Laua kate Mors\u00f8 Garden Table \u2013 puhas terrass","description":"Veekindel Mors\u00f8 Garden Table kate vastupidavast pol\u00fcestrist. UV-kaitse ja kindel kinnitus teie v\u00e4lik\u00f6\u00f6gi laua kaitseks.","robots":{"index":"index","follow":"follow","max-snippet":"max-snippet:-1","max-image-preview":"max-image-preview:large","max-video-preview":"max-video-preview:-1"},"canonical":"https:\/\/morsobaltic.com\/et\/produktas\/kardinad-morso-garden-table\/","og_locale":"et_EE","og_type":"article","og_title":"Laua kate Mors\u00f8 Garden Table \u2013 puhas terrass","og_description":"Veekindel Mors\u00f8 Garden Table kate vastupidavast pol\u00fcestrist. UV-kaitse ja kindel kinnitus teie v\u00e4lik\u00f6\u00f6gi laua kaitseks.","og_url":"https:\/\/morsobaltic.com\/et\/produktas\/kardinad-morso-garden-table\/","og_site_name":"MORSO Baltic","article_modified_time":"2026-03-18T21:13:10+00:00","og_image":[{"width":600,"height":600,"url":"https:\/\/morsobaltic.com\/wp-content\/uploads\/2024\/02\/62994100_morsoe-garden-cover.jpeg","type":"image\/jpeg"}],"twitter_card":"summary_large_image","twitter_misc":{"Est. reading time":"1 minut"},"schema":{"@context":"https:\/\/schema.org","@graph":[{"@type":"WebPage","@id":"https:\/\/morsobaltic.com\/et\/produktas\/kardinad-morso-garden-table\/","url":"https:\/\/morsobaltic.com\/et\/produktas\/kardinad-morso-garden-table\/","name":"Laua kate Mors\u00f8 Garden Table \u2013 puhas terrass","isPartOf":{"@id":"https:\/\/morsobaltic.com\/et\/#website"},"primaryImageOfPage":{"@id":"https:\/\/morsobaltic.com\/et\/produktas\/kardinad-morso-garden-table\/#primaryimage"},"image":{"@id":"https:\/\/morsobaltic.com\/et\/produktas\/kardinad-morso-garden-table\/#primaryimage"},"thumbnailUrl":"https:\/\/morsobaltic.com\/wp-content\/uploads\/2024\/02\/62994100_morsoe-garden-cover.jpeg","datePublished":"2024-02-14T14:26:16+00:00","dateModified":"2026-03-18T21:13:10+00:00","description":"Veekindel Mors\u00f8 Garden Table kate vastupidavast pol\u00fcestrist. UV-kaitse ja kindel kinnitus teie v\u00e4lik\u00f6\u00f6gi laua kaitseks.","breadcrumb":{"@id":"https:\/\/morsobaltic.com\/et\/produktas\/kardinad-morso-garden-table\/#breadcrumb"},"inLanguage":"et","potentialAction":[{"@type":"ReadAction","target":["https:\/\/morsobaltic.com\/et\/produktas\/kardinad-morso-garden-table\/"]}]},{"@type":"ImageObject","inLanguage":"et","@id":"https:\/\/morsobaltic.com\/et\/produktas\/kardinad-morso-garden-table\/#primaryimage","url":"https:\/\/morsobaltic.com\/wp-content\/uploads\/2024\/02\/62994100_morsoe-garden-cover.jpeg","contentUrl":"https:\/\/morsobaltic.com\/wp-content\/uploads\/2024\/02\/62994100_morsoe-garden-cover.jpeg","width":600,"height":600},{"@type":"BreadcrumbList","@id":"https:\/\/morsobaltic.com\/et\/produktas\/kardinad-morso-garden-table\/#breadcrumb","itemListElement":[{"@type":"ListItem","position":1,"name":"Home","item":"https:\/\/morsobaltic.com\/et\/"},{"@type":"ListItem","position":2,"name":"Kauplus","item":"https:\/\/morsobaltic.com\/parduotuve\/"},{"@type":"ListItem","position":3,"name":"Kardinad &#8211; MORS\u00d8 GARDEN TABLE"}]},{"@type":"WebSite","@id":"https:\/\/morsobaltic.com\/et\/#website","url":"https:\/\/morsobaltic.com\/et\/","name":"MORSO Baltic","description":"","alternateName":"MORSOBALTIC","potentialAction":[{"@type":"SearchAction","target":{"@type":"EntryPoint","urlTemplate":"https:\/\/morsobaltic.com\/et\/?s={search_term_string}"},"query-input":{"@type":"PropertyValueSpecification","valueRequired":true,"valueName":"search_term_string"}}],"inLanguage":"et"}]}},"_links":{"self":[{"href":"https:\/\/morsobaltic.com\/et\/wp-json\/wp\/v2\/product\/3832","targetHints":{"allow":["GET"]}}],"collection":[{"href":"https:\/\/morsobaltic.com\/et\/wp-json\/wp\/v2\/product"}],"about":[{"href":"https:\/\/morsobaltic.com\/et\/wp-json\/wp\/v2\/types\/product"}],"replies":[{"embeddable":true,"href":"https:\/\/morsobaltic.com\/et\/wp-json\/wp\/v2\/comments?post=3832"}],"wp:featuredmedia":[{"embeddable":true,"href":"https:\/\/morsobaltic.com\/et\/wp-json\/wp\/v2\/media\/2422"}],"wp:attachment":[{"href":"https:\/\/morsobaltic.com\/et\/wp-json\/wp\/v2\/media?parent=3832"}],"wp:term":[{"taxonomy":"product_brand","embeddable":true,"href":"https:\/\/morsobaltic.com\/et\/wp-json\/wp\/v2\/product_brand?post=3832"},{"taxonomy":"product_cat","embeddable":true,"href":"https:\/\/morsobaltic.com\/et\/wp-json\/wp\/v2\/product_cat?post=3832"},{"taxonomy":"product_tag","embeddable":true,"href":"https:\/\/morsobaltic.com\/et\/wp-json\/wp\/v2\/product_tag?post=3832"}],"curies":[{"name":"wp","href":"https:\/\/api.w.org\/{rel}","templated":true}]}}