{"id":3839,"date":"2024-02-14T14:26:16","date_gmt":"2024-02-14T14:26:16","guid":{"rendered":"https:\/\/morsobaltic.com\/produktas\/kaaned-morso-griliaus-17-terra-table\/"},"modified":"2026-03-18T20:57:28","modified_gmt":"2026-03-18T20:57:28","slug":"kaaned-morso-griliaus-17-terra-table","status":"publish","type":"product","link":"https:\/\/morsobaltic.com\/et\/produktas\/kaaned-morso-griliaus-17-terra-table\/","title":{"rendered":"Kaaned &#8211; MORS\u00d8 GRILIAUS &#8217;17 \/ TERRA TABLE"},"content":{"rendered":"<h4>Mors\u00f8 Grill &#8217;17 kate \u2013 teie v\u00e4ligrilli parim kaitse<\/h4>\n<p>Mors\u00f8 Grill &#8217;17 ja Terra Table grilli kate on h\u00e4davajalik lisatarvik k\u00f5igile, kes hoiustavad oma v\u00e4lik\u00f6\u00f6gi varustust \u00f5ues. See spetsiaalselt loodud kate toimib t\u00e4iendava kaitsena vihma, l\u00f6rtsi ja mustuse eest, mis v\u00e4listingimustes paratamatult seadet m\u00e4\u00e4rivad. Terrassidel v\u00f5i aedades hoitavad grillid puutuvad kokku ilmastikum\u00f5judega, mis v\u00f5ivad seadme seisukorda halvendada. Kasutades seda originaalset Mors\u00f8 katet, v\u00f5ite olla kindel, et teie grill p\u00fcsib puhas ja on igal ajal kasutusvalmis. See s\u00e4\u00e4stab teid vaevast grill enne igat kasutuskorda puhastada. Teie Grill &#8217;17 n\u00e4eb katte all v\u00e4lja t\u00e4pselt selline, nagu te selle viimati j\u00e4tsite. Kate sobib ideaalselt ka Terra v\u00e4li-lauale.<\/p>\n<p>See grilli kate on valmistatud kvaliteetsest mustast pol\u00fcestrist. Materjal on 100% veekindel, takistades niiskuse tungimist seadmeni ka halbade ilmastikuolude korral. Lisaks on kangal UV-kaitse, mis hoiab \u00e4ra katte pleekimise ja kaitseb grilli pinda p\u00e4ikesekiirguse eest. Katte allosas on tugev n\u00f6\u00f6r koos diskreetse pingutuss\u00fcsteemiga. See tagab, et kate p\u00fcsib kindlalt paigal ka tugeva tuulega. Must v\u00e4rv ja 1,0 kg kaaluv konstruktsioon teevad sellest lisatarvikust stabiilse ja praktilise valiku igasse aeda.<\/p>\n<h5>Hooldus ja vastupidavus<\/h5>\n<p>Mors\u00f8 katte hooldamine on \u00e4\u00e4rmiselt lihtne. Pikaajalise vastupidavuse tagamiseks on soovitatav katet pesta ainult k\u00e4sitsi. Samuti saab pindmist mustust kergesti eemaldada niiske lapiga p\u00fchkides. Oluline on meeles pidada, et kangapehmendajaid ei tohi kasutada, kuna need v\u00f5ivad kahjustada pol\u00fcestri struktuuri ja v\u00e4rvi pleegitada. Tegemist on eriti vastupidava tootega, mis on loodud spetsiaalselt Mors\u00f8 Grill &#8217;17 kaitsmiseks. Sellesse kattesse investeerimine pikendab teie grilli eluiga ja s\u00e4ilitab selle esindusliku v\u00e4limuse.<\/p>\n","protected":false},"excerpt":{"rendered":"<p>T\u00fc\u00fcp: Vee- ja UV-kindel kaitsekate<br \/>\n\u00dchilduvus: Mors\u00f8 Grill &#8217;17, Terra Outdoor Table<br \/>\nMaterjal: 100% pol\u00fcester<br \/>\nV\u00e4rv: Must<br \/>\nKaal: 1,0 kg<br \/>\nHooldus: K\u00e4sipesu v\u00f5i puhastamine niiske lapiga<\/p>\n","protected":false},"featured_media":2413,"comment_status":"closed","ping_status":"closed","template":"","meta":[],"product_brand":[],"product_cat":[92],"product_tag":[],"class_list":{"0":"post-3839","1":"product","2":"type-product","3":"status-publish","4":"has-post-thumbnail","6":"product_cat-grillkatted","8":"first","9":"instock","10":"taxable","11":"shipping-taxable","12":"purchasable","13":"product-type-simple"},"yoast_head":"<!-- This site is optimized with the Yoast SEO plugin v27.3 - https:\/\/yoast.com\/product\/yoast-seo-wordpress\/ -->\n<title>Grilli kate Mors\u00f8 Grill &#039;17 \/ Terra Table<\/title>\n<meta name=\"description\" content=\"Veekindel ja UV-kaitsega Mors\u00f8 Grill &#039;17 kate. Valmistatud vastupidavast pol\u00fcestrist ja varustatud pingutusn\u00f6\u00f6riga \u00f5uekaitseks.\" \/>\n<meta name=\"robots\" content=\"index, follow, max-snippet:-1, max-image-preview:large, max-video-preview:-1\" \/>\n<link rel=\"canonical\" href=\"https:\/\/morsobaltic.com\/et\/produktas\/kaaned-morso-griliaus-17-terra-table\/\" \/>\n<meta property=\"og:locale\" content=\"et_EE\" \/>\n<meta property=\"og:type\" content=\"article\" \/>\n<meta property=\"og:title\" content=\"Grilli kate Mors\u00f8 Grill &#039;17 \/ Terra Table\" \/>\n<meta property=\"og:description\" content=\"Veekindel ja UV-kaitsega Mors\u00f8 Grill &#039;17 kate. Valmistatud vastupidavast pol\u00fcestrist ja varustatud pingutusn\u00f6\u00f6riga \u00f5uekaitseks.\" \/>\n<meta property=\"og:url\" content=\"https:\/\/morsobaltic.com\/et\/produktas\/kaaned-morso-griliaus-17-terra-table\/\" \/>\n<meta property=\"og:site_name\" content=\"MORSO Baltic\" \/>\n<meta property=\"article:modified_time\" content=\"2026-03-18T20:57:28+00:00\" \/>\n<meta property=\"og:image\" content=\"https:\/\/morsobaltic.com\/wp-content\/uploads\/2024\/02\/grill-17-cover_frit.jpeg\" \/>\n\t<meta property=\"og:image:width\" content=\"600\" \/>\n\t<meta property=\"og:image:height\" content=\"600\" \/>\n\t<meta property=\"og:image:type\" content=\"image\/jpeg\" \/>\n<meta name=\"twitter:card\" content=\"summary_large_image\" \/>\n<meta name=\"twitter:label1\" content=\"Est. reading time\" \/>\n\t<meta name=\"twitter:data1\" content=\"1 minut\" \/>\n<script type=\"application\/ld+json\" class=\"yoast-schema-graph\">{\"@context\":\"https:\\\/\\\/schema.org\",\"@graph\":[{\"@type\":\"WebPage\",\"@id\":\"https:\\\/\\\/morsobaltic.com\\\/et\\\/produktas\\\/kaaned-morso-griliaus-17-terra-table\\\/\",\"url\":\"https:\\\/\\\/morsobaltic.com\\\/et\\\/produktas\\\/kaaned-morso-griliaus-17-terra-table\\\/\",\"name\":\"Grilli kate Mors\u00f8 Grill '17 \\\/ Terra Table\",\"isPartOf\":{\"@id\":\"https:\\\/\\\/morsobaltic.com\\\/et\\\/#website\"},\"primaryImageOfPage\":{\"@id\":\"https:\\\/\\\/morsobaltic.com\\\/et\\\/produktas\\\/kaaned-morso-griliaus-17-terra-table\\\/#primaryimage\"},\"image\":{\"@id\":\"https:\\\/\\\/morsobaltic.com\\\/et\\\/produktas\\\/kaaned-morso-griliaus-17-terra-table\\\/#primaryimage\"},\"thumbnailUrl\":\"https:\\\/\\\/morsobaltic.com\\\/wp-content\\\/uploads\\\/2024\\\/02\\\/grill-17-cover_frit.jpeg\",\"datePublished\":\"2024-02-14T14:26:16+00:00\",\"dateModified\":\"2026-03-18T20:57:28+00:00\",\"description\":\"Veekindel ja UV-kaitsega Mors\u00f8 Grill '17 kate. Valmistatud vastupidavast pol\u00fcestrist ja varustatud pingutusn\u00f6\u00f6riga \u00f5uekaitseks.\",\"breadcrumb\":{\"@id\":\"https:\\\/\\\/morsobaltic.com\\\/et\\\/produktas\\\/kaaned-morso-griliaus-17-terra-table\\\/#breadcrumb\"},\"inLanguage\":\"et\",\"potentialAction\":[{\"@type\":\"ReadAction\",\"target\":[\"https:\\\/\\\/morsobaltic.com\\\/et\\\/produktas\\\/kaaned-morso-griliaus-17-terra-table\\\/\"]}]},{\"@type\":\"ImageObject\",\"inLanguage\":\"et\",\"@id\":\"https:\\\/\\\/morsobaltic.com\\\/et\\\/produktas\\\/kaaned-morso-griliaus-17-terra-table\\\/#primaryimage\",\"url\":\"https:\\\/\\\/morsobaltic.com\\\/wp-content\\\/uploads\\\/2024\\\/02\\\/grill-17-cover_frit.jpeg\",\"contentUrl\":\"https:\\\/\\\/morsobaltic.com\\\/wp-content\\\/uploads\\\/2024\\\/02\\\/grill-17-cover_frit.jpeg\",\"width\":600,\"height\":600},{\"@type\":\"BreadcrumbList\",\"@id\":\"https:\\\/\\\/morsobaltic.com\\\/et\\\/produktas\\\/kaaned-morso-griliaus-17-terra-table\\\/#breadcrumb\",\"itemListElement\":[{\"@type\":\"ListItem\",\"position\":1,\"name\":\"Home\",\"item\":\"https:\\\/\\\/morsobaltic.com\\\/et\\\/\"},{\"@type\":\"ListItem\",\"position\":2,\"name\":\"Kauplus\",\"item\":\"https:\\\/\\\/morsobaltic.com\\\/parduotuve\\\/\"},{\"@type\":\"ListItem\",\"position\":3,\"name\":\"Kaaned &#8211; MORS\u00d8 GRILIAUS &#8217;17 \\\/ TERRA TABLE\"}]},{\"@type\":\"WebSite\",\"@id\":\"https:\\\/\\\/morsobaltic.com\\\/et\\\/#website\",\"url\":\"https:\\\/\\\/morsobaltic.com\\\/et\\\/\",\"name\":\"MORSO Baltic\",\"description\":\"\",\"alternateName\":\"MORSOBALTIC\",\"potentialAction\":[{\"@type\":\"SearchAction\",\"target\":{\"@type\":\"EntryPoint\",\"urlTemplate\":\"https:\\\/\\\/morsobaltic.com\\\/et\\\/?s={search_term_string}\"},\"query-input\":{\"@type\":\"PropertyValueSpecification\",\"valueRequired\":true,\"valueName\":\"search_term_string\"}}],\"inLanguage\":\"et\"}]}<\/script>\n<!-- \/ Yoast SEO plugin. -->","yoast_head_json":{"title":"Grilli kate Mors\u00f8 Grill '17 \/ Terra Table","description":"Veekindel ja UV-kaitsega Mors\u00f8 Grill '17 kate. Valmistatud vastupidavast pol\u00fcestrist ja varustatud pingutusn\u00f6\u00f6riga \u00f5uekaitseks.","robots":{"index":"index","follow":"follow","max-snippet":"max-snippet:-1","max-image-preview":"max-image-preview:large","max-video-preview":"max-video-preview:-1"},"canonical":"https:\/\/morsobaltic.com\/et\/produktas\/kaaned-morso-griliaus-17-terra-table\/","og_locale":"et_EE","og_type":"article","og_title":"Grilli kate Mors\u00f8 Grill '17 \/ Terra Table","og_description":"Veekindel ja UV-kaitsega Mors\u00f8 Grill '17 kate. Valmistatud vastupidavast pol\u00fcestrist ja varustatud pingutusn\u00f6\u00f6riga \u00f5uekaitseks.","og_url":"https:\/\/morsobaltic.com\/et\/produktas\/kaaned-morso-griliaus-17-terra-table\/","og_site_name":"MORSO Baltic","article_modified_time":"2026-03-18T20:57:28+00:00","og_image":[{"width":600,"height":600,"url":"https:\/\/morsobaltic.com\/wp-content\/uploads\/2024\/02\/grill-17-cover_frit.jpeg","type":"image\/jpeg"}],"twitter_card":"summary_large_image","twitter_misc":{"Est. reading time":"1 minut"},"schema":{"@context":"https:\/\/schema.org","@graph":[{"@type":"WebPage","@id":"https:\/\/morsobaltic.com\/et\/produktas\/kaaned-morso-griliaus-17-terra-table\/","url":"https:\/\/morsobaltic.com\/et\/produktas\/kaaned-morso-griliaus-17-terra-table\/","name":"Grilli kate Mors\u00f8 Grill '17 \/ Terra Table","isPartOf":{"@id":"https:\/\/morsobaltic.com\/et\/#website"},"primaryImageOfPage":{"@id":"https:\/\/morsobaltic.com\/et\/produktas\/kaaned-morso-griliaus-17-terra-table\/#primaryimage"},"image":{"@id":"https:\/\/morsobaltic.com\/et\/produktas\/kaaned-morso-griliaus-17-terra-table\/#primaryimage"},"thumbnailUrl":"https:\/\/morsobaltic.com\/wp-content\/uploads\/2024\/02\/grill-17-cover_frit.jpeg","datePublished":"2024-02-14T14:26:16+00:00","dateModified":"2026-03-18T20:57:28+00:00","description":"Veekindel ja UV-kaitsega Mors\u00f8 Grill '17 kate. Valmistatud vastupidavast pol\u00fcestrist ja varustatud pingutusn\u00f6\u00f6riga \u00f5uekaitseks.","breadcrumb":{"@id":"https:\/\/morsobaltic.com\/et\/produktas\/kaaned-morso-griliaus-17-terra-table\/#breadcrumb"},"inLanguage":"et","potentialAction":[{"@type":"ReadAction","target":["https:\/\/morsobaltic.com\/et\/produktas\/kaaned-morso-griliaus-17-terra-table\/"]}]},{"@type":"ImageObject","inLanguage":"et","@id":"https:\/\/morsobaltic.com\/et\/produktas\/kaaned-morso-griliaus-17-terra-table\/#primaryimage","url":"https:\/\/morsobaltic.com\/wp-content\/uploads\/2024\/02\/grill-17-cover_frit.jpeg","contentUrl":"https:\/\/morsobaltic.com\/wp-content\/uploads\/2024\/02\/grill-17-cover_frit.jpeg","width":600,"height":600},{"@type":"BreadcrumbList","@id":"https:\/\/morsobaltic.com\/et\/produktas\/kaaned-morso-griliaus-17-terra-table\/#breadcrumb","itemListElement":[{"@type":"ListItem","position":1,"name":"Home","item":"https:\/\/morsobaltic.com\/et\/"},{"@type":"ListItem","position":2,"name":"Kauplus","item":"https:\/\/morsobaltic.com\/parduotuve\/"},{"@type":"ListItem","position":3,"name":"Kaaned &#8211; MORS\u00d8 GRILIAUS &#8217;17 \/ TERRA TABLE"}]},{"@type":"WebSite","@id":"https:\/\/morsobaltic.com\/et\/#website","url":"https:\/\/morsobaltic.com\/et\/","name":"MORSO Baltic","description":"","alternateName":"MORSOBALTIC","potentialAction":[{"@type":"SearchAction","target":{"@type":"EntryPoint","urlTemplate":"https:\/\/morsobaltic.com\/et\/?s={search_term_string}"},"query-input":{"@type":"PropertyValueSpecification","valueRequired":true,"valueName":"search_term_string"}}],"inLanguage":"et"}]}},"_links":{"self":[{"href":"https:\/\/morsobaltic.com\/et\/wp-json\/wp\/v2\/product\/3839","targetHints":{"allow":["GET"]}}],"collection":[{"href":"https:\/\/morsobaltic.com\/et\/wp-json\/wp\/v2\/product"}],"about":[{"href":"https:\/\/morsobaltic.com\/et\/wp-json\/wp\/v2\/types\/product"}],"replies":[{"embeddable":true,"href":"https:\/\/morsobaltic.com\/et\/wp-json\/wp\/v2\/comments?post=3839"}],"wp:featuredmedia":[{"embeddable":true,"href":"https:\/\/morsobaltic.com\/et\/wp-json\/wp\/v2\/media\/2413"}],"wp:attachment":[{"href":"https:\/\/morsobaltic.com\/et\/wp-json\/wp\/v2\/media?parent=3839"}],"wp:term":[{"taxonomy":"product_brand","embeddable":true,"href":"https:\/\/morsobaltic.com\/et\/wp-json\/wp\/v2\/product_brand?post=3839"},{"taxonomy":"product_cat","embeddable":true,"href":"https:\/\/morsobaltic.com\/et\/wp-json\/wp\/v2\/product_cat?post=3839"},{"taxonomy":"product_tag","embeddable":true,"href":"https:\/\/morsobaltic.com\/et\/wp-json\/wp\/v2\/product_tag?post=3839"}],"curies":[{"name":"wp","href":"https:\/\/api.w.org\/{rel}","templated":true}]}}