{"id":3884,"date":"2024-02-14T14:25:56","date_gmt":"2024-02-14T14:25:56","guid":{"rendered":"https:\/\/morsobaltic.com\/produktas\/morso-jiko\/"},"modified":"2026-03-19T20:33:32","modified_gmt":"2026-03-19T20:33:32","slug":"morso-jiko-grill","status":"publish","type":"product","link":"https:\/\/morsobaltic.com\/et\/produktas\/morso-jiko-grill\/","title":{"rendered":"MORS\u00d8 JIKO grill"},"content":{"rendered":"<h4>Mors\u00f8 Jiko \u2013 kompaktne malmp\u00f5leti teie reisidele<\/h4>\n<p>Mors\u00f8 Jiko on kompaktne puuk\u00fcttega l\u00f5kkease, mis on saanud inspiratsiooni traditsioonilistest Aafrika toiduvalmistamisriistadest. See ainulaadne toode on erakordselt universaalne \u2013 saate seda kasutada stiilse l\u00f5kkeasemena \u00f5dusateks \u00f5htuteks v\u00f5i autentseks toiduvalmistamiseks \u00f5ues. See on ideaalne valik looduse ja lahtise tule austajatele. See mudel v\u00f5imaldab teil v\u00f5tta grilli parimad omadused kaasa igale poole. Saate valmistada toitu oma terrassil v\u00f5i v\u00f5tta seadme mugavalt loodusesse k\u00e4tte. Mors\u00f8 Jiko v\u00f5imaldab k\u00fcpsetada roogasid otse leekide kohal, luues unustamatu atmosf\u00e4\u00e4ri ja erilise maitse. Malmkorpus tagab stabiilsuse ja suurep\u00e4rase soojussalvestuse.<\/p>\n<h5>Universaalsus ja \u00fchilduvus tarvikutega<\/h5>\n<p>Proovige kaminat koos teiste tarvikutega \u2013 see sobib suurep\u00e4raselt Mors\u00f8 NAC-sarja Cocotte hauden\u00f5udega. Samuti saate peale asetada klassikalised malmrestid, muutes oma p\u00f5leti hetkega v\u00f5imsaks grilliks. S\u00fcgavad klassikalised juured kohtuvad siin kaasaegse disainiga, pakkudes teie v\u00e4lik\u00f6\u00f6gile veelgi rohkem v\u00f5imalusi. Disainerid Kok &amp; Berntsen on loonud t\u00f6\u00f6riista, millel on arvukalt kasutusviise. See p\u00f5leti paistab silma vastupidavuse ja ilmastikukindluse poolest. Malm ei karda aega ega suurt kuumust. Hooldus p\u00e4rast kasutamist on v\u00e4ga lihtne: eemaldage tuhk ja hoidke seadet kuivas kohas. Minimalistlikud vormid kaunistavad igat \u00f5ue v\u00f5i terrassi.<\/p>\n<h5>Kvaliteet ja esteetiline Skandinaavia stiil<\/h5>\n<p>Sellesse mudelisse investeerides valite kvaliteedi ja stiili. See pole mitte ainult praktiline t\u00f6\u00f6riist toiduvalmistamiseks, vaid ka esteetiline eksterj\u00f6\u00f6ri detail. V\u00e4ike, kuid v\u00f5imas p\u00f5leti r\u00f5\u00f5mustab teid mitmeid hooaegu. Nautige aeglast toiduvalmistamist t\u00e4histaeva all ja tunnetage t\u00f5elist tuleloitsu koos l\u00e4hedastega. Mors\u00f8 Jiko on loodud kirglikele toiduvalmistajatele ja sobib ideaalselt k\u00f5igile looduses\u00f5pradele. Seade ei v\u00f5ta autos ega panipaigas palju ruumi, mist\u00f5ttu on seda lihtne transportida ja kasutamiseks ette valmistada. Nautige maitsvaid roogasid k\u00f5ikjal, kuhu reisite.<\/p>\n<p><iframe title=\"YouTube'i videom\u00e4ngija\" src=\"https:\/\/www.youtube.com\/embed\/9hsKxdzKkLQ\" width=\"560\" height=\"315\" frameborder=\"0\" allowfullscreen=\"allowfullscreen\"><\/iframe><\/p>\n","protected":false},"excerpt":{"rendered":"<p>T\u00fc\u00fcp: Kompaktne malmist v\u00e4liahi ja l\u00f5kkease<br \/>\nDisainer: Kok &amp; Berntsen<br \/>\nMaterjal: Senotherm-v\u00e4rviga kaetud malm<br \/>\nM\u00f5\u00f5tmed: \u00d8 32 x 21,5 cm<br \/>\nKaal: 13 kg<br \/>\nK\u00fctus: Puit (k\u00fcttepuud), s\u00fcsi<br \/>\nV\u00e4rv: Must<\/p>\n","protected":false},"featured_media":2365,"comment_status":"closed","ping_status":"closed","template":"","meta":[],"product_brand":[],"product_cat":[86],"product_tag":[],"class_list":{"0":"post-3884","1":"product","2":"type-product","3":"status-publish","4":"has-post-thumbnail","6":"product_cat-grillid","8":"first","9":"instock","10":"taxable","11":"shipping-taxable","12":"purchasable","13":"product-type-simple"},"yoast_head":"<!-- This site is optimized with the Yoast SEO plugin v27.3 - https:\/\/yoast.com\/product\/yoast-seo-wordpress\/ -->\n<title>Mors\u00f8 Jiko \u2013 kompaktne malmp\u00f5leti teie reisidele<\/title>\n<meta name=\"description\" content=\"Kompaktne puuk\u00fcttega kamin Mors\u00f8 Jiko on inspireeritud Aafrika k\u00f6\u00f6giriistadest. Ideaalne toiduvalmistamiseks avatud tulel ja kaasaskandmiseks. Kaal: 13 kg.\" \/>\n<meta name=\"robots\" content=\"index, follow, max-snippet:-1, max-image-preview:large, max-video-preview:-1\" \/>\n<link rel=\"canonical\" href=\"https:\/\/morsobaltic.com\/et\/produktas\/morso-jiko-grill\/\" \/>\n<meta property=\"og:locale\" content=\"et_EE\" \/>\n<meta property=\"og:type\" content=\"article\" \/>\n<meta property=\"og:title\" content=\"Mors\u00f8 Jiko \u2013 kompaktne malmp\u00f5leti teie reisidele\" \/>\n<meta property=\"og:description\" content=\"Kompaktne puuk\u00fcttega kamin Mors\u00f8 Jiko on inspireeritud Aafrika k\u00f6\u00f6giriistadest. Ideaalne toiduvalmistamiseks avatud tulel ja kaasaskandmiseks. Kaal: 13 kg.\" \/>\n<meta property=\"og:url\" content=\"https:\/\/morsobaltic.com\/et\/produktas\/morso-jiko-grill\/\" \/>\n<meta property=\"og:site_name\" content=\"MORSO Baltic\" \/>\n<meta property=\"article:modified_time\" content=\"2026-03-19T20:33:32+00:00\" \/>\n<meta property=\"og:image\" content=\"https:\/\/morsobaltic.com\/wp-content\/uploads\/2024\/02\/jiko2_989636142.jpeg\" \/>\n\t<meta property=\"og:image:width\" content=\"600\" \/>\n\t<meta property=\"og:image:height\" content=\"600\" \/>\n\t<meta property=\"og:image:type\" content=\"image\/jpeg\" \/>\n<meta name=\"twitter:card\" content=\"summary_large_image\" \/>\n<meta name=\"twitter:label1\" content=\"Est. reading time\" \/>\n\t<meta name=\"twitter:data1\" content=\"1 minut\" \/>\n<script type=\"application\/ld+json\" class=\"yoast-schema-graph\">{\"@context\":\"https:\\\/\\\/schema.org\",\"@graph\":[{\"@type\":\"WebPage\",\"@id\":\"https:\\\/\\\/morsobaltic.com\\\/et\\\/produktas\\\/morso-jiko-grill\\\/\",\"url\":\"https:\\\/\\\/morsobaltic.com\\\/et\\\/produktas\\\/morso-jiko-grill\\\/\",\"name\":\"Mors\u00f8 Jiko \u2013 kompaktne malmp\u00f5leti teie reisidele\",\"isPartOf\":{\"@id\":\"https:\\\/\\\/morsobaltic.com\\\/et\\\/#website\"},\"primaryImageOfPage\":{\"@id\":\"https:\\\/\\\/morsobaltic.com\\\/et\\\/produktas\\\/morso-jiko-grill\\\/#primaryimage\"},\"image\":{\"@id\":\"https:\\\/\\\/morsobaltic.com\\\/et\\\/produktas\\\/morso-jiko-grill\\\/#primaryimage\"},\"thumbnailUrl\":\"https:\\\/\\\/morsobaltic.com\\\/wp-content\\\/uploads\\\/2024\\\/02\\\/jiko2_989636142.jpeg\",\"datePublished\":\"2024-02-14T14:25:56+00:00\",\"dateModified\":\"2026-03-19T20:33:32+00:00\",\"description\":\"Kompaktne puuk\u00fcttega kamin Mors\u00f8 Jiko on inspireeritud Aafrika k\u00f6\u00f6giriistadest. Ideaalne toiduvalmistamiseks avatud tulel ja kaasaskandmiseks. Kaal: 13 kg.\",\"breadcrumb\":{\"@id\":\"https:\\\/\\\/morsobaltic.com\\\/et\\\/produktas\\\/morso-jiko-grill\\\/#breadcrumb\"},\"inLanguage\":\"et\",\"potentialAction\":[{\"@type\":\"ReadAction\",\"target\":[\"https:\\\/\\\/morsobaltic.com\\\/et\\\/produktas\\\/morso-jiko-grill\\\/\"]}]},{\"@type\":\"ImageObject\",\"inLanguage\":\"et\",\"@id\":\"https:\\\/\\\/morsobaltic.com\\\/et\\\/produktas\\\/morso-jiko-grill\\\/#primaryimage\",\"url\":\"https:\\\/\\\/morsobaltic.com\\\/wp-content\\\/uploads\\\/2024\\\/02\\\/jiko2_989636142.jpeg\",\"contentUrl\":\"https:\\\/\\\/morsobaltic.com\\\/wp-content\\\/uploads\\\/2024\\\/02\\\/jiko2_989636142.jpeg\",\"width\":600,\"height\":600},{\"@type\":\"BreadcrumbList\",\"@id\":\"https:\\\/\\\/morsobaltic.com\\\/et\\\/produktas\\\/morso-jiko-grill\\\/#breadcrumb\",\"itemListElement\":[{\"@type\":\"ListItem\",\"position\":1,\"name\":\"Home\",\"item\":\"https:\\\/\\\/morsobaltic.com\\\/et\\\/\"},{\"@type\":\"ListItem\",\"position\":2,\"name\":\"Kauplus\",\"item\":\"https:\\\/\\\/morsobaltic.com\\\/parduotuve\\\/\"},{\"@type\":\"ListItem\",\"position\":3,\"name\":\"MORS\u00d8 JIKO grill\"}]},{\"@type\":\"WebSite\",\"@id\":\"https:\\\/\\\/morsobaltic.com\\\/et\\\/#website\",\"url\":\"https:\\\/\\\/morsobaltic.com\\\/et\\\/\",\"name\":\"MORSO Baltic\",\"description\":\"\",\"alternateName\":\"MORSOBALTIC\",\"potentialAction\":[{\"@type\":\"SearchAction\",\"target\":{\"@type\":\"EntryPoint\",\"urlTemplate\":\"https:\\\/\\\/morsobaltic.com\\\/et\\\/?s={search_term_string}\"},\"query-input\":{\"@type\":\"PropertyValueSpecification\",\"valueRequired\":true,\"valueName\":\"search_term_string\"}}],\"inLanguage\":\"et\"}]}<\/script>\n<!-- \/ Yoast SEO plugin. -->","yoast_head_json":{"title":"Mors\u00f8 Jiko \u2013 kompaktne malmp\u00f5leti teie reisidele","description":"Kompaktne puuk\u00fcttega kamin Mors\u00f8 Jiko on inspireeritud Aafrika k\u00f6\u00f6giriistadest. Ideaalne toiduvalmistamiseks avatud tulel ja kaasaskandmiseks. Kaal: 13 kg.","robots":{"index":"index","follow":"follow","max-snippet":"max-snippet:-1","max-image-preview":"max-image-preview:large","max-video-preview":"max-video-preview:-1"},"canonical":"https:\/\/morsobaltic.com\/et\/produktas\/morso-jiko-grill\/","og_locale":"et_EE","og_type":"article","og_title":"Mors\u00f8 Jiko \u2013 kompaktne malmp\u00f5leti teie reisidele","og_description":"Kompaktne puuk\u00fcttega kamin Mors\u00f8 Jiko on inspireeritud Aafrika k\u00f6\u00f6giriistadest. Ideaalne toiduvalmistamiseks avatud tulel ja kaasaskandmiseks. Kaal: 13 kg.","og_url":"https:\/\/morsobaltic.com\/et\/produktas\/morso-jiko-grill\/","og_site_name":"MORSO Baltic","article_modified_time":"2026-03-19T20:33:32+00:00","og_image":[{"width":600,"height":600,"url":"https:\/\/morsobaltic.com\/wp-content\/uploads\/2024\/02\/jiko2_989636142.jpeg","type":"image\/jpeg"}],"twitter_card":"summary_large_image","twitter_misc":{"Est. reading time":"1 minut"},"schema":{"@context":"https:\/\/schema.org","@graph":[{"@type":"WebPage","@id":"https:\/\/morsobaltic.com\/et\/produktas\/morso-jiko-grill\/","url":"https:\/\/morsobaltic.com\/et\/produktas\/morso-jiko-grill\/","name":"Mors\u00f8 Jiko \u2013 kompaktne malmp\u00f5leti teie reisidele","isPartOf":{"@id":"https:\/\/morsobaltic.com\/et\/#website"},"primaryImageOfPage":{"@id":"https:\/\/morsobaltic.com\/et\/produktas\/morso-jiko-grill\/#primaryimage"},"image":{"@id":"https:\/\/morsobaltic.com\/et\/produktas\/morso-jiko-grill\/#primaryimage"},"thumbnailUrl":"https:\/\/morsobaltic.com\/wp-content\/uploads\/2024\/02\/jiko2_989636142.jpeg","datePublished":"2024-02-14T14:25:56+00:00","dateModified":"2026-03-19T20:33:32+00:00","description":"Kompaktne puuk\u00fcttega kamin Mors\u00f8 Jiko on inspireeritud Aafrika k\u00f6\u00f6giriistadest. Ideaalne toiduvalmistamiseks avatud tulel ja kaasaskandmiseks. Kaal: 13 kg.","breadcrumb":{"@id":"https:\/\/morsobaltic.com\/et\/produktas\/morso-jiko-grill\/#breadcrumb"},"inLanguage":"et","potentialAction":[{"@type":"ReadAction","target":["https:\/\/morsobaltic.com\/et\/produktas\/morso-jiko-grill\/"]}]},{"@type":"ImageObject","inLanguage":"et","@id":"https:\/\/morsobaltic.com\/et\/produktas\/morso-jiko-grill\/#primaryimage","url":"https:\/\/morsobaltic.com\/wp-content\/uploads\/2024\/02\/jiko2_989636142.jpeg","contentUrl":"https:\/\/morsobaltic.com\/wp-content\/uploads\/2024\/02\/jiko2_989636142.jpeg","width":600,"height":600},{"@type":"BreadcrumbList","@id":"https:\/\/morsobaltic.com\/et\/produktas\/morso-jiko-grill\/#breadcrumb","itemListElement":[{"@type":"ListItem","position":1,"name":"Home","item":"https:\/\/morsobaltic.com\/et\/"},{"@type":"ListItem","position":2,"name":"Kauplus","item":"https:\/\/morsobaltic.com\/parduotuve\/"},{"@type":"ListItem","position":3,"name":"MORS\u00d8 JIKO grill"}]},{"@type":"WebSite","@id":"https:\/\/morsobaltic.com\/et\/#website","url":"https:\/\/morsobaltic.com\/et\/","name":"MORSO Baltic","description":"","alternateName":"MORSOBALTIC","potentialAction":[{"@type":"SearchAction","target":{"@type":"EntryPoint","urlTemplate":"https:\/\/morsobaltic.com\/et\/?s={search_term_string}"},"query-input":{"@type":"PropertyValueSpecification","valueRequired":true,"valueName":"search_term_string"}}],"inLanguage":"et"}]}},"_links":{"self":[{"href":"https:\/\/morsobaltic.com\/et\/wp-json\/wp\/v2\/product\/3884","targetHints":{"allow":["GET"]}}],"collection":[{"href":"https:\/\/morsobaltic.com\/et\/wp-json\/wp\/v2\/product"}],"about":[{"href":"https:\/\/morsobaltic.com\/et\/wp-json\/wp\/v2\/types\/product"}],"replies":[{"embeddable":true,"href":"https:\/\/morsobaltic.com\/et\/wp-json\/wp\/v2\/comments?post=3884"}],"wp:featuredmedia":[{"embeddable":true,"href":"https:\/\/morsobaltic.com\/et\/wp-json\/wp\/v2\/media\/2365"}],"wp:attachment":[{"href":"https:\/\/morsobaltic.com\/et\/wp-json\/wp\/v2\/media?parent=3884"}],"wp:term":[{"taxonomy":"product_brand","embeddable":true,"href":"https:\/\/morsobaltic.com\/et\/wp-json\/wp\/v2\/product_brand?post=3884"},{"taxonomy":"product_cat","embeddable":true,"href":"https:\/\/morsobaltic.com\/et\/wp-json\/wp\/v2\/product_cat?post=3884"},{"taxonomy":"product_tag","embeddable":true,"href":"https:\/\/morsobaltic.com\/et\/wp-json\/wp\/v2\/product_tag?post=3884"}],"curies":[{"name":"wp","href":"https:\/\/api.w.org\/{rel}","templated":true}]}}