{"id":3887,"date":"2024-02-14T14:25:56","date_gmt":"2024-02-14T14:25:56","guid":{"rendered":"https:\/\/morsobaltic.com\/produktas\/morso-ignis-lokkeplatvorm\/"},"modified":"2026-03-19T20:35:26","modified_gmt":"2026-03-19T20:35:26","slug":"morso-ignis-kamin-ja-grill","status":"publish","type":"product","link":"https:\/\/morsobaltic.com\/et\/produktas\/morso-ignis-kamin-ja-grill\/","title":{"rendered":"MORS\u00d8 IGNIS kamin ja grill"},"content":{"rendered":"<h4>Mors\u00f8 Ignis \u2013 stiilne v\u00e4likamin teie kodu hubasuseks<\/h4>\n<p>Mors\u00f8 Ignis on stiilne l\u00f5kkease, mis on loodud terrassi v\u00f5i peasissep\u00e4\u00e4su t\u00f5eliseks kaunistuseks. See toode \u00fchendab funktsionaalsuse ja esteetika, andes teie kodukohale hubasust ja p\u00f5hjamaise luksuse tunnet. Tugev malmkorpus tagab pikaajalise vastupidavuse ning minimalistlikud vormid sobivad suurep\u00e4raselt mistahes eksterj\u00f6\u00f6ri stiiliga. See v\u00e4likamin sobib suurep\u00e4raselt soojendamiseks, kuid selles saab valmistada ka suurep\u00e4raseid desserte. L\u00f5kke \u00e4\u00e4res istumine r\u00f5\u00f5mustab alati kogu peret \u2013 n\u00e4iteks grillitud vahukommid on laste jaoks t\u00f5eline \u00f5nn. See on lihtne ja l\u00f5bus tegevus k\u00f5igile kogunenuile.<\/p>\n<h5>Rohkem v\u00f5imalusi t\u00e4iendavate tarvikutega<\/h5>\n<p>Kasutage seda kaminat oma \u00f5uel veelgi laiemalt. Saate t\u00e4iendavalt soetada spetsiaalsed grillrestid, mis muudavad l\u00f5kkeaseme hetkega praktiliseks kepsnineks. Nii saate valmistada keerukamaid roogasid t\u00e4histaeva all. Malmi omadused v\u00f5imaldavad hoida stabiilset kuumust, mist\u00f5ttu toit k\u00fcpseb \u00fchtlaselt ja maitsvalt. See muudab toiduvalmistamise meeldivaks rituaaliks v\u00e4rskes \u00f5hus. Mors\u00f8 Ignis on erakordselt vastupidav seade, millel on k\u00f5rge korrosioonikindlus. Malm ei karda k\u00f5rgeid temperatuure ega kaota oma algset vormi isegi p\u00e4rast paljusid k\u00fctmiskordi. Seda on lihtne hooldada ja puhastada, muutes teie \u00f5htud \u00f5ues soojaks ja unustamatuks.<\/p>\n<h5>Investeering Taani kvaliteeti ja disaini<\/h5>\n<p>Investeerige kvaliteeti, mida hinnatakse \u00fcle kogu maailma. Mors\u00f8 kaubam\u00e4rk garanteerib Taani meistrit\u00f6\u00f6. See kamin on loodud neile, kes v\u00e4\u00e4rtustavad loodusliku tule maagiat. Nautige pragisevaid puid igal \u00f5htul \u2013 see on suurep\u00e4rane kingitus endale v\u00f5i l\u00e4hedastele. Kamin tagab stabiilsuse ja ohutuse teie puhketsoonis, pakkudes t\u00f5elist p\u00f5hjamaist soojust. See l\u00f5kkease teenib teid mitmeid hooaegu, kuna ei karda niiskust ega otsest p\u00e4ikesevalgust. Must korpusev\u00e4rv p\u00fcsib esteetiline pikka aega. Teil tuleb vaid muretseda sobivad k\u00fcttepuud ja nautida rahustavat tuleleeki.<\/p>\n","protected":false},"excerpt":{"rendered":"<p>T\u00fc\u00fcp: Stiilne malmist v\u00e4likamin ja grill<br \/>\nMaterjal: Senotherm-v\u00e4rviga kaetud malm<br \/>\nM\u00f5\u00f5tmed: \u00d8 45 x 32 cm<br \/>\nKaal: 18 kg<br \/>\nK\u00fctus: Puit (k\u00fcttepuud), s\u00fcsi<br \/>\nV\u00e4rv: Must<\/p>\n","protected":false},"featured_media":8229,"comment_status":"closed","ping_status":"closed","template":"","meta":[],"product_brand":[],"product_cat":[86],"product_tag":[],"class_list":{"0":"post-3887","1":"product","2":"type-product","3":"status-publish","4":"has-post-thumbnail","6":"product_cat-grillid","8":"first","9":"instock","10":"taxable","11":"shipping-taxable","12":"purchasable","13":"product-type-simple"},"yoast_head":"<!-- This site is optimized with the Yoast SEO plugin v27.3 - https:\/\/yoast.com\/product\/yoast-seo-wordpress\/ -->\n<title>Mors\u00f8 Ignis \u2013 stiilne v\u00e4likamin teie kodu hubasuseks<\/title>\n<meta name=\"description\" content=\"Malmist v\u00e4likamin Mors\u00f8 Ignis \u00fchendab funktsionaalsuse ja Skandinaavia disaini. Ideaalne soojendamiseks ja grillimiseks. Vastupidav malmkorpus. Kaal: 18 kg.\" \/>\n<meta name=\"robots\" content=\"index, follow, max-snippet:-1, max-image-preview:large, max-video-preview:-1\" \/>\n<link rel=\"canonical\" href=\"https:\/\/morsobaltic.com\/et\/produktas\/morso-ignis-kamin-ja-grill\/\" \/>\n<meta property=\"og:locale\" content=\"et_EE\" \/>\n<meta property=\"og:type\" content=\"article\" \/>\n<meta property=\"og:title\" content=\"Mors\u00f8 Ignis \u2013 stiilne v\u00e4likamin teie kodu hubasuseks\" \/>\n<meta property=\"og:description\" content=\"Malmist v\u00e4likamin Mors\u00f8 Ignis \u00fchendab funktsionaalsuse ja Skandinaavia disaini. Ideaalne soojendamiseks ja grillimiseks. Vastupidav malmkorpus. Kaal: 18 kg.\" \/>\n<meta property=\"og:url\" content=\"https:\/\/morsobaltic.com\/et\/produktas\/morso-ignis-kamin-ja-grill\/\" \/>\n<meta property=\"og:site_name\" content=\"MORSO Baltic\" \/>\n<meta property=\"article:modified_time\" content=\"2026-03-19T20:35:26+00:00\" \/>\n<meta property=\"og:image\" content=\"https:\/\/morsobaltic.com\/wp-content\/uploads\/2024\/02\/ildsted_frit_udenskygge.jpeg\" \/>\n\t<meta property=\"og:image:width\" content=\"600\" \/>\n\t<meta property=\"og:image:height\" content=\"600\" \/>\n\t<meta property=\"og:image:type\" content=\"image\/jpeg\" \/>\n<meta name=\"twitter:card\" content=\"summary_large_image\" \/>\n<meta name=\"twitter:label1\" content=\"Est. reading time\" \/>\n\t<meta name=\"twitter:data1\" content=\"1 minut\" \/>\n<script type=\"application\/ld+json\" class=\"yoast-schema-graph\">{\"@context\":\"https:\\\/\\\/schema.org\",\"@graph\":[{\"@type\":\"WebPage\",\"@id\":\"https:\\\/\\\/morsobaltic.com\\\/et\\\/produktas\\\/morso-ignis-kamin-ja-grill\\\/\",\"url\":\"https:\\\/\\\/morsobaltic.com\\\/et\\\/produktas\\\/morso-ignis-kamin-ja-grill\\\/\",\"name\":\"Mors\u00f8 Ignis \u2013 stiilne v\u00e4likamin teie kodu hubasuseks\",\"isPartOf\":{\"@id\":\"https:\\\/\\\/morsobaltic.com\\\/et\\\/#website\"},\"primaryImageOfPage\":{\"@id\":\"https:\\\/\\\/morsobaltic.com\\\/et\\\/produktas\\\/morso-ignis-kamin-ja-grill\\\/#primaryimage\"},\"image\":{\"@id\":\"https:\\\/\\\/morsobaltic.com\\\/et\\\/produktas\\\/morso-ignis-kamin-ja-grill\\\/#primaryimage\"},\"thumbnailUrl\":\"https:\\\/\\\/morsobaltic.com\\\/wp-content\\\/uploads\\\/2024\\\/02\\\/IGNIS-1080x1080-2.png\",\"datePublished\":\"2024-02-14T14:25:56+00:00\",\"dateModified\":\"2026-03-19T20:35:26+00:00\",\"description\":\"Malmist v\u00e4likamin Mors\u00f8 Ignis \u00fchendab funktsionaalsuse ja Skandinaavia disaini. Ideaalne soojendamiseks ja grillimiseks. Vastupidav malmkorpus. Kaal: 18 kg.\",\"breadcrumb\":{\"@id\":\"https:\\\/\\\/morsobaltic.com\\\/et\\\/produktas\\\/morso-ignis-kamin-ja-grill\\\/#breadcrumb\"},\"inLanguage\":\"et\",\"potentialAction\":[{\"@type\":\"ReadAction\",\"target\":[\"https:\\\/\\\/morsobaltic.com\\\/et\\\/produktas\\\/morso-ignis-kamin-ja-grill\\\/\"]}]},{\"@type\":\"ImageObject\",\"inLanguage\":\"et\",\"@id\":\"https:\\\/\\\/morsobaltic.com\\\/et\\\/produktas\\\/morso-ignis-kamin-ja-grill\\\/#primaryimage\",\"url\":\"https:\\\/\\\/morsobaltic.com\\\/wp-content\\\/uploads\\\/2024\\\/02\\\/IGNIS-1080x1080-2.png\",\"contentUrl\":\"https:\\\/\\\/morsobaltic.com\\\/wp-content\\\/uploads\\\/2024\\\/02\\\/IGNIS-1080x1080-2.png\",\"width\":1080,\"height\":1080},{\"@type\":\"BreadcrumbList\",\"@id\":\"https:\\\/\\\/morsobaltic.com\\\/et\\\/produktas\\\/morso-ignis-kamin-ja-grill\\\/#breadcrumb\",\"itemListElement\":[{\"@type\":\"ListItem\",\"position\":1,\"name\":\"Home\",\"item\":\"https:\\\/\\\/morsobaltic.com\\\/et\\\/\"},{\"@type\":\"ListItem\",\"position\":2,\"name\":\"Kauplus\",\"item\":\"https:\\\/\\\/morsobaltic.com\\\/parduotuve\\\/\"},{\"@type\":\"ListItem\",\"position\":3,\"name\":\"MORS\u00d8 IGNIS kamin ja grill\"}]},{\"@type\":\"WebSite\",\"@id\":\"https:\\\/\\\/morsobaltic.com\\\/et\\\/#website\",\"url\":\"https:\\\/\\\/morsobaltic.com\\\/et\\\/\",\"name\":\"MORSO Baltic\",\"description\":\"\",\"alternateName\":\"MORSOBALTIC\",\"potentialAction\":[{\"@type\":\"SearchAction\",\"target\":{\"@type\":\"EntryPoint\",\"urlTemplate\":\"https:\\\/\\\/morsobaltic.com\\\/et\\\/?s={search_term_string}\"},\"query-input\":{\"@type\":\"PropertyValueSpecification\",\"valueRequired\":true,\"valueName\":\"search_term_string\"}}],\"inLanguage\":\"et\"}]}<\/script>\n<!-- \/ Yoast SEO plugin. -->","yoast_head_json":{"title":"Mors\u00f8 Ignis \u2013 stiilne v\u00e4likamin teie kodu hubasuseks","description":"Malmist v\u00e4likamin Mors\u00f8 Ignis \u00fchendab funktsionaalsuse ja Skandinaavia disaini. Ideaalne soojendamiseks ja grillimiseks. Vastupidav malmkorpus. Kaal: 18 kg.","robots":{"index":"index","follow":"follow","max-snippet":"max-snippet:-1","max-image-preview":"max-image-preview:large","max-video-preview":"max-video-preview:-1"},"canonical":"https:\/\/morsobaltic.com\/et\/produktas\/morso-ignis-kamin-ja-grill\/","og_locale":"et_EE","og_type":"article","og_title":"Mors\u00f8 Ignis \u2013 stiilne v\u00e4likamin teie kodu hubasuseks","og_description":"Malmist v\u00e4likamin Mors\u00f8 Ignis \u00fchendab funktsionaalsuse ja Skandinaavia disaini. Ideaalne soojendamiseks ja grillimiseks. Vastupidav malmkorpus. Kaal: 18 kg.","og_url":"https:\/\/morsobaltic.com\/et\/produktas\/morso-ignis-kamin-ja-grill\/","og_site_name":"MORSO Baltic","article_modified_time":"2026-03-19T20:35:26+00:00","og_image":[{"width":600,"height":600,"url":"https:\/\/morsobaltic.com\/wp-content\/uploads\/2024\/02\/ildsted_frit_udenskygge.jpeg","type":"image\/jpeg"}],"twitter_card":"summary_large_image","twitter_misc":{"Est. reading time":"1 minut"},"schema":{"@context":"https:\/\/schema.org","@graph":[{"@type":"WebPage","@id":"https:\/\/morsobaltic.com\/et\/produktas\/morso-ignis-kamin-ja-grill\/","url":"https:\/\/morsobaltic.com\/et\/produktas\/morso-ignis-kamin-ja-grill\/","name":"Mors\u00f8 Ignis \u2013 stiilne v\u00e4likamin teie kodu hubasuseks","isPartOf":{"@id":"https:\/\/morsobaltic.com\/et\/#website"},"primaryImageOfPage":{"@id":"https:\/\/morsobaltic.com\/et\/produktas\/morso-ignis-kamin-ja-grill\/#primaryimage"},"image":{"@id":"https:\/\/morsobaltic.com\/et\/produktas\/morso-ignis-kamin-ja-grill\/#primaryimage"},"thumbnailUrl":"https:\/\/morsobaltic.com\/wp-content\/uploads\/2024\/02\/IGNIS-1080x1080-2.png","datePublished":"2024-02-14T14:25:56+00:00","dateModified":"2026-03-19T20:35:26+00:00","description":"Malmist v\u00e4likamin Mors\u00f8 Ignis \u00fchendab funktsionaalsuse ja Skandinaavia disaini. Ideaalne soojendamiseks ja grillimiseks. Vastupidav malmkorpus. Kaal: 18 kg.","breadcrumb":{"@id":"https:\/\/morsobaltic.com\/et\/produktas\/morso-ignis-kamin-ja-grill\/#breadcrumb"},"inLanguage":"et","potentialAction":[{"@type":"ReadAction","target":["https:\/\/morsobaltic.com\/et\/produktas\/morso-ignis-kamin-ja-grill\/"]}]},{"@type":"ImageObject","inLanguage":"et","@id":"https:\/\/morsobaltic.com\/et\/produktas\/morso-ignis-kamin-ja-grill\/#primaryimage","url":"https:\/\/morsobaltic.com\/wp-content\/uploads\/2024\/02\/IGNIS-1080x1080-2.png","contentUrl":"https:\/\/morsobaltic.com\/wp-content\/uploads\/2024\/02\/IGNIS-1080x1080-2.png","width":1080,"height":1080},{"@type":"BreadcrumbList","@id":"https:\/\/morsobaltic.com\/et\/produktas\/morso-ignis-kamin-ja-grill\/#breadcrumb","itemListElement":[{"@type":"ListItem","position":1,"name":"Home","item":"https:\/\/morsobaltic.com\/et\/"},{"@type":"ListItem","position":2,"name":"Kauplus","item":"https:\/\/morsobaltic.com\/parduotuve\/"},{"@type":"ListItem","position":3,"name":"MORS\u00d8 IGNIS kamin ja grill"}]},{"@type":"WebSite","@id":"https:\/\/morsobaltic.com\/et\/#website","url":"https:\/\/morsobaltic.com\/et\/","name":"MORSO Baltic","description":"","alternateName":"MORSOBALTIC","potentialAction":[{"@type":"SearchAction","target":{"@type":"EntryPoint","urlTemplate":"https:\/\/morsobaltic.com\/et\/?s={search_term_string}"},"query-input":{"@type":"PropertyValueSpecification","valueRequired":true,"valueName":"search_term_string"}}],"inLanguage":"et"}]}},"_links":{"self":[{"href":"https:\/\/morsobaltic.com\/et\/wp-json\/wp\/v2\/product\/3887","targetHints":{"allow":["GET"]}}],"collection":[{"href":"https:\/\/morsobaltic.com\/et\/wp-json\/wp\/v2\/product"}],"about":[{"href":"https:\/\/morsobaltic.com\/et\/wp-json\/wp\/v2\/types\/product"}],"replies":[{"embeddable":true,"href":"https:\/\/morsobaltic.com\/et\/wp-json\/wp\/v2\/comments?post=3887"}],"wp:featuredmedia":[{"embeddable":true,"href":"https:\/\/morsobaltic.com\/et\/wp-json\/wp\/v2\/media\/8229"}],"wp:attachment":[{"href":"https:\/\/morsobaltic.com\/et\/wp-json\/wp\/v2\/media?parent=3887"}],"wp:term":[{"taxonomy":"product_brand","embeddable":true,"href":"https:\/\/morsobaltic.com\/et\/wp-json\/wp\/v2\/product_brand?post=3887"},{"taxonomy":"product_cat","embeddable":true,"href":"https:\/\/morsobaltic.com\/et\/wp-json\/wp\/v2\/product_cat?post=3887"},{"taxonomy":"product_tag","embeddable":true,"href":"https:\/\/morsobaltic.com\/et\/wp-json\/wp\/v2\/product_tag?post=3887"}],"curies":[{"name":"wp","href":"https:\/\/api.w.org\/{rel}","templated":true}]}}