{"id":3890,"date":"2024-02-14T14:25:56","date_gmt":"2024-02-14T14:25:56","guid":{"rendered":"https:\/\/morsobaltic.com\/produktas\/morso-grill-71-laua-jaoks\/"},"modified":"2026-04-09T22:22:39","modified_gmt":"2026-04-09T22:22:39","slug":"morso-grill-71-table-grill","status":"publish","type":"product","link":"https:\/\/morsobaltic.com\/et\/produktas\/morso-grill-71-table-grill\/","title":{"rendered":"MORS\u00d8 GRILL &#8217;71 TABLE grill"},"content":{"rendered":"<h4>Mors\u00f8 Grill &#8217;71 \u2013 unikaalne malmist seade teie lauale<\/h4>\n<p>Mors\u00f8 Grill &#8217;71 pakub erakordset toiduvalmistamise kogemust. Selle grilli saab asetada otse mittes\u00fcttivale pinnale, mis v\u00f5imaldab nautida protsessi siin ja praegu. K\u00f5ik toimub \u00fche laua taga \u2013 k\u00fcpsetame ja s\u00f6\u00f6me samal ajal. Koos naudime meeldivat kiirgavat soojust, mis loob teie terrassil v\u00f5i aias uskumatu \u00fchtekuuluvustunde. See mudel on k\u00f5rgelt hinnatud oma kvaliteedi poolest. Mors\u00f8 Grill &#8217;71 restid on valmistatud tugevast emailitud malmist. Just see materjal tagab t\u00e4iusliku k\u00fcpsetamise igal korral, jaotades kuumuse \u00fchtlaselt \u00fcle kogu pinna. See on usaldusv\u00e4\u00e4rne t\u00f6\u00f6riist igale v\u00e4lik\u00f6\u00f6gi entusiastile.<\/p>\n<h5>T\u00e4pne kuumuse juhtimine ja stabiilsus<\/h5>\n<p>S\u00f6ed muutuvad vahel liiga kuumaks, kuid sellele on lihtne lahendus. Sellel grillil on spetsiaalsed p\u00f6\u00f6ratavad restid, mida on lihtne tule kohalt k\u00f5rvale l\u00fckata. Nii saate toitu koheselt \u00fclekuumenemise eest kaitsta, tagades toiduvalmistamise ajal t\u00e4iendava turvalisuse. Teie kontrollite protsessi alati ise. Kogu konstruktsioon on \u00e4\u00e4rmiselt stabiilne ja usaldusv\u00e4\u00e4rne. T\u00e4nu kvaliteetsele malmkorpusele teenib see grill teid aastak\u00fcmneid. See on kompaktne, kuid v\u00e4ga v\u00f5imas seade teie \u00f5uele, mis ei v\u00f5ta palju ruumi. Minimalistlik disain sobib suurep\u00e4raselt erineva m\u00f6\u00f6bliga, olles lisaks kepsninele ka stiilne eksterj\u00f6\u00f6ri element.<\/p>\n<h5>Lihtne hooldus ja pikaealisus<\/h5>\n<p>Reste on v\u00e4ga lihtne hooldada ja need on loodud mugavaks puhastamiseks. Soovitame p\u00e4rast kasutamist m\u00e4\u00e4rida reste neutraalse \u00f5liga, mis h\u00f5lbustab oluliselt j\u00e4rgmist puhastuskorda. Selline lihtne tegevus pikendab m\u00e4rkimisv\u00e4\u00e4rselt restide eluiga. See grill ei karda v\u00e4listingimusi ega korrosiooni, s\u00e4ilitades oma omadused pikki aastaid. Investeerides sellesse mudelisse, valite t\u00f5elise Taani kvaliteedi. Mors\u00f8 kaubam\u00e4rk s\u00fcmboliseerib vastupidavust ja vanu traditsioone. Iga detail on loodud kasutaja mugavust silmas pidades. Teie \u00f5htud \u00f5ues muutuvad veelgi soojemaks ja maitsvamaks.<\/p>\n<p><iframe title=\"YouTube'i videom\u00e4ngija\" src=\"https:\/\/www.youtube.com\/embed\/0FoqLmiYNfc\" width=\"560\" height=\"315\" frameborder=\"0\" allowfullscreen=\"allowfullscreen\"><\/iframe><\/p>\n","protected":false},"excerpt":{"rendered":"<p>T\u00fc\u00fcp: Kompaktne malmist lauagrill<br \/>\nMaterjal: Emailitud malm<br \/>\nGrillrest: Emailitud malm (eemaldatav, reguleeritava k\u00f5rgusega)<br \/>\nM\u00f5\u00f5tmed: \u00d8 33 x 31 cm<br \/>\nKaal: 12,75 kg<br \/>\nK\u00fctus: S\u00fcsi, brikett, puit<br \/>\nV\u00e4rv: Must<\/p>\n","protected":false},"featured_media":2362,"comment_status":"closed","ping_status":"closed","template":"","meta":[],"product_brand":[],"product_cat":[86],"product_tag":[],"class_list":{"0":"post-3890","1":"product","2":"type-product","3":"status-publish","4":"has-post-thumbnail","6":"product_cat-grillid","8":"first","9":"instock","10":"taxable","11":"shipping-taxable","12":"purchasable","13":"product-type-simple"},"yoast_head":"<!-- This site is optimized with the Yoast SEO plugin v27.5 - https:\/\/yoast.com\/product\/yoast-seo-wordpress\/ -->\n<title>Mors\u00f8 Grill &#039;71 \u2013 unikaalne malmist lauagrill<\/title>\n<meta name=\"description\" content=\"Lauagrill Mors\u00f8 Grill &#039;71 pakub erilist k\u00fcpsetuskogemust otse laual. Emailitud malm ja reguleeritav k\u00f5rgus tagavad t\u00e4iusliku tulemuse. Kaal: 12,75 kg.\" \/>\n<meta name=\"robots\" content=\"index, follow, max-snippet:-1, max-image-preview:large, max-video-preview:-1\" \/>\n<link rel=\"canonical\" href=\"https:\/\/morsobaltic.com\/et\/produktas\/morso-grill-71-table-grill\/\" \/>\n<meta property=\"og:locale\" content=\"et_EE\" \/>\n<meta property=\"og:type\" content=\"article\" \/>\n<meta property=\"og:title\" content=\"Mors\u00f8 Grill &#039;71 \u2013 unikaalne malmist lauagrill\" \/>\n<meta property=\"og:description\" content=\"Lauagrill Mors\u00f8 Grill &#039;71 pakub erilist k\u00fcpsetuskogemust otse laual. Emailitud malm ja reguleeritav k\u00f5rgus tagavad t\u00e4iusliku tulemuse. Kaal: 12,75 kg.\" \/>\n<meta property=\"og:url\" content=\"https:\/\/morsobaltic.com\/et\/produktas\/morso-grill-71-table-grill\/\" \/>\n<meta property=\"og:site_name\" content=\"MORSO Baltic\" \/>\n<meta property=\"article:modified_time\" content=\"2026-04-09T22:22:39+00:00\" \/>\n<meta property=\"og:image\" content=\"https:\/\/morsobaltic.com\/wp-content\/uploads\/2024\/02\/grill-71-table-vinkel-angle.jpeg\" \/>\n\t<meta property=\"og:image:width\" content=\"600\" \/>\n\t<meta property=\"og:image:height\" content=\"600\" \/>\n\t<meta property=\"og:image:type\" content=\"image\/jpeg\" \/>\n<meta name=\"twitter:card\" content=\"summary_large_image\" \/>\n<meta name=\"twitter:label1\" content=\"Est. reading time\" \/>\n\t<meta name=\"twitter:data1\" content=\"2 minutit\" \/>\n<script type=\"application\/ld+json\" class=\"yoast-schema-graph\">{\"@context\":\"https:\\\/\\\/schema.org\",\"@graph\":[{\"@type\":\"WebPage\",\"@id\":\"https:\\\/\\\/morsobaltic.com\\\/et\\\/produktas\\\/morso-grill-71-table-grill\\\/\",\"url\":\"https:\\\/\\\/morsobaltic.com\\\/et\\\/produktas\\\/morso-grill-71-table-grill\\\/\",\"name\":\"Mors\u00f8 Grill '71 \u2013 unikaalne malmist lauagrill\",\"isPartOf\":{\"@id\":\"https:\\\/\\\/morsobaltic.com\\\/et\\\/#website\"},\"primaryImageOfPage\":{\"@id\":\"https:\\\/\\\/morsobaltic.com\\\/et\\\/produktas\\\/morso-grill-71-table-grill\\\/#primaryimage\"},\"image\":{\"@id\":\"https:\\\/\\\/morsobaltic.com\\\/et\\\/produktas\\\/morso-grill-71-table-grill\\\/#primaryimage\"},\"thumbnailUrl\":\"https:\\\/\\\/morsobaltic.com\\\/wp-content\\\/uploads\\\/2024\\\/02\\\/grill-71-table-vinkel-angle.jpeg\",\"datePublished\":\"2024-02-14T14:25:56+00:00\",\"dateModified\":\"2026-04-09T22:22:39+00:00\",\"description\":\"Lauagrill Mors\u00f8 Grill '71 pakub erilist k\u00fcpsetuskogemust otse laual. Emailitud malm ja reguleeritav k\u00f5rgus tagavad t\u00e4iusliku tulemuse. Kaal: 12,75 kg.\",\"breadcrumb\":{\"@id\":\"https:\\\/\\\/morsobaltic.com\\\/et\\\/produktas\\\/morso-grill-71-table-grill\\\/#breadcrumb\"},\"inLanguage\":\"et\",\"potentialAction\":[{\"@type\":\"ReadAction\",\"target\":[\"https:\\\/\\\/morsobaltic.com\\\/et\\\/produktas\\\/morso-grill-71-table-grill\\\/\"]}]},{\"@type\":\"ImageObject\",\"inLanguage\":\"et\",\"@id\":\"https:\\\/\\\/morsobaltic.com\\\/et\\\/produktas\\\/morso-grill-71-table-grill\\\/#primaryimage\",\"url\":\"https:\\\/\\\/morsobaltic.com\\\/wp-content\\\/uploads\\\/2024\\\/02\\\/grill-71-table-vinkel-angle.jpeg\",\"contentUrl\":\"https:\\\/\\\/morsobaltic.com\\\/wp-content\\\/uploads\\\/2024\\\/02\\\/grill-71-table-vinkel-angle.jpeg\",\"width\":600,\"height\":600},{\"@type\":\"BreadcrumbList\",\"@id\":\"https:\\\/\\\/morsobaltic.com\\\/et\\\/produktas\\\/morso-grill-71-table-grill\\\/#breadcrumb\",\"itemListElement\":[{\"@type\":\"ListItem\",\"position\":1,\"name\":\"Home\",\"item\":\"https:\\\/\\\/morsobaltic.com\\\/et\\\/\"},{\"@type\":\"ListItem\",\"position\":2,\"name\":\"Kauplus\",\"item\":\"https:\\\/\\\/morsobaltic.com\\\/parduotuve\\\/\"},{\"@type\":\"ListItem\",\"position\":3,\"name\":\"MORS\u00d8 GRILL &#8217;71 TABLE grill\"}]},{\"@type\":\"WebSite\",\"@id\":\"https:\\\/\\\/morsobaltic.com\\\/et\\\/#website\",\"url\":\"https:\\\/\\\/morsobaltic.com\\\/et\\\/\",\"name\":\"MORSO Baltic\",\"description\":\"\",\"alternateName\":\"MORSOBALTIC\",\"potentialAction\":[{\"@type\":\"SearchAction\",\"target\":{\"@type\":\"EntryPoint\",\"urlTemplate\":\"https:\\\/\\\/morsobaltic.com\\\/et\\\/?s={search_term_string}\"},\"query-input\":{\"@type\":\"PropertyValueSpecification\",\"valueRequired\":true,\"valueName\":\"search_term_string\"}}],\"inLanguage\":\"et\"}]}<\/script>\n<!-- \/ Yoast SEO plugin. -->","yoast_head_json":{"title":"Mors\u00f8 Grill '71 \u2013 unikaalne malmist lauagrill","description":"Lauagrill Mors\u00f8 Grill '71 pakub erilist k\u00fcpsetuskogemust otse laual. Emailitud malm ja reguleeritav k\u00f5rgus tagavad t\u00e4iusliku tulemuse. Kaal: 12,75 kg.","robots":{"index":"index","follow":"follow","max-snippet":"max-snippet:-1","max-image-preview":"max-image-preview:large","max-video-preview":"max-video-preview:-1"},"canonical":"https:\/\/morsobaltic.com\/et\/produktas\/morso-grill-71-table-grill\/","og_locale":"et_EE","og_type":"article","og_title":"Mors\u00f8 Grill '71 \u2013 unikaalne malmist lauagrill","og_description":"Lauagrill Mors\u00f8 Grill '71 pakub erilist k\u00fcpsetuskogemust otse laual. Emailitud malm ja reguleeritav k\u00f5rgus tagavad t\u00e4iusliku tulemuse. Kaal: 12,75 kg.","og_url":"https:\/\/morsobaltic.com\/et\/produktas\/morso-grill-71-table-grill\/","og_site_name":"MORSO Baltic","article_modified_time":"2026-04-09T22:22:39+00:00","og_image":[{"width":600,"height":600,"url":"https:\/\/morsobaltic.com\/wp-content\/uploads\/2024\/02\/grill-71-table-vinkel-angle.jpeg","type":"image\/jpeg"}],"twitter_card":"summary_large_image","twitter_misc":{"Est. reading time":"2 minutit"},"schema":{"@context":"https:\/\/schema.org","@graph":[{"@type":"WebPage","@id":"https:\/\/morsobaltic.com\/et\/produktas\/morso-grill-71-table-grill\/","url":"https:\/\/morsobaltic.com\/et\/produktas\/morso-grill-71-table-grill\/","name":"Mors\u00f8 Grill '71 \u2013 unikaalne malmist lauagrill","isPartOf":{"@id":"https:\/\/morsobaltic.com\/et\/#website"},"primaryImageOfPage":{"@id":"https:\/\/morsobaltic.com\/et\/produktas\/morso-grill-71-table-grill\/#primaryimage"},"image":{"@id":"https:\/\/morsobaltic.com\/et\/produktas\/morso-grill-71-table-grill\/#primaryimage"},"thumbnailUrl":"https:\/\/morsobaltic.com\/wp-content\/uploads\/2024\/02\/grill-71-table-vinkel-angle.jpeg","datePublished":"2024-02-14T14:25:56+00:00","dateModified":"2026-04-09T22:22:39+00:00","description":"Lauagrill Mors\u00f8 Grill '71 pakub erilist k\u00fcpsetuskogemust otse laual. Emailitud malm ja reguleeritav k\u00f5rgus tagavad t\u00e4iusliku tulemuse. Kaal: 12,75 kg.","breadcrumb":{"@id":"https:\/\/morsobaltic.com\/et\/produktas\/morso-grill-71-table-grill\/#breadcrumb"},"inLanguage":"et","potentialAction":[{"@type":"ReadAction","target":["https:\/\/morsobaltic.com\/et\/produktas\/morso-grill-71-table-grill\/"]}]},{"@type":"ImageObject","inLanguage":"et","@id":"https:\/\/morsobaltic.com\/et\/produktas\/morso-grill-71-table-grill\/#primaryimage","url":"https:\/\/morsobaltic.com\/wp-content\/uploads\/2024\/02\/grill-71-table-vinkel-angle.jpeg","contentUrl":"https:\/\/morsobaltic.com\/wp-content\/uploads\/2024\/02\/grill-71-table-vinkel-angle.jpeg","width":600,"height":600},{"@type":"BreadcrumbList","@id":"https:\/\/morsobaltic.com\/et\/produktas\/morso-grill-71-table-grill\/#breadcrumb","itemListElement":[{"@type":"ListItem","position":1,"name":"Home","item":"https:\/\/morsobaltic.com\/et\/"},{"@type":"ListItem","position":2,"name":"Kauplus","item":"https:\/\/morsobaltic.com\/parduotuve\/"},{"@type":"ListItem","position":3,"name":"MORS\u00d8 GRILL &#8217;71 TABLE grill"}]},{"@type":"WebSite","@id":"https:\/\/morsobaltic.com\/et\/#website","url":"https:\/\/morsobaltic.com\/et\/","name":"MORSO Baltic","description":"","alternateName":"MORSOBALTIC","potentialAction":[{"@type":"SearchAction","target":{"@type":"EntryPoint","urlTemplate":"https:\/\/morsobaltic.com\/et\/?s={search_term_string}"},"query-input":{"@type":"PropertyValueSpecification","valueRequired":true,"valueName":"search_term_string"}}],"inLanguage":"et"}]}},"_links":{"self":[{"href":"https:\/\/morsobaltic.com\/et\/wp-json\/wp\/v2\/product\/3890","targetHints":{"allow":["GET"]}}],"collection":[{"href":"https:\/\/morsobaltic.com\/et\/wp-json\/wp\/v2\/product"}],"about":[{"href":"https:\/\/morsobaltic.com\/et\/wp-json\/wp\/v2\/types\/product"}],"replies":[{"embeddable":true,"href":"https:\/\/morsobaltic.com\/et\/wp-json\/wp\/v2\/comments?post=3890"}],"wp:featuredmedia":[{"embeddable":true,"href":"https:\/\/morsobaltic.com\/et\/wp-json\/wp\/v2\/media\/2362"}],"wp:attachment":[{"href":"https:\/\/morsobaltic.com\/et\/wp-json\/wp\/v2\/media?parent=3890"}],"wp:term":[{"taxonomy":"product_brand","embeddable":true,"href":"https:\/\/morsobaltic.com\/et\/wp-json\/wp\/v2\/product_brand?post=3890"},{"taxonomy":"product_cat","embeddable":true,"href":"https:\/\/morsobaltic.com\/et\/wp-json\/wp\/v2\/product_cat?post=3890"},{"taxonomy":"product_tag","embeddable":true,"href":"https:\/\/morsobaltic.com\/et\/wp-json\/wp\/v2\/product_tag?post=3890"}],"curies":[{"name":"wp","href":"https:\/\/api.w.org\/{rel}","templated":true}]}}