{"id":4572,"date":"2025-01-26T08:13:07","date_gmt":"2025-01-26T08:13:07","guid":{"rendered":"https:\/\/morsobaltic.com\/?post_type=product&#038;p=4572"},"modified":"2026-03-18T19:10:57","modified_gmt":"2026-03-18T19:10:57","slug":"kamin-morso-6848","status":"publish","type":"product","link":"https:\/\/morsobaltic.com\/et\/produktas\/kamin-morso-6848\/","title":{"rendered":"Kamin Morso 6848"},"content":{"rendered":"<h4>Mors\u00f8 6848 \u2013 skulptuurne disain ja kaasaegne soojus<\/h4>\n<p>Mors\u00f8 6848 on eriline konvektsioon-malmkamin, mis on paigaldatud graatsilisele jalale. See konstruktsioon annab seadmele kerguse ja muudab selle stiilseks sisekujunduselemendiks. 6800 seeria \u00fchendab endas klassikalise malmi kvaliteedi ja kaasaegsed insenerilahendused. Kamin sobib ideaalselt keskmise suurusega ruumide k\u00fctmiseks. See kiirgab teie kodus meeldivat ja \u00fchtlast soojust. Elegantne v\u00e4limus v\u00f5imaldab sellel mudelil h\u00f5lpsasti sobituda nii moodsasse kui ka klassikalisse interj\u00f6\u00f6ri. Iga detail on loodud pakkuma maksimaalset visuaalset naudingut ja vastupidavust. Jalg t\u00f5stab tule paremini n\u00e4htavale tasemele, luues elutoas hubase \u00f5hkkonna.<\/p>\n<p>See malmkamin t\u00f6\u00f6tab konvektsiooniprintsiibil. See tagab puhta ja eriti t\u00f5husa p\u00f5lemise teie kodus. Tootel on Skandinaavia keskkonnam\u00e4rgis &#8220;P\u00f5hjamaade Luik&#8221;. See kinnitab vastavust k\u00f5rgeimatele \u00f6koloogilistele ja s\u00e4\u00e4stvuse standarditele. Mors\u00f8 on v\u00e4lja t\u00f6\u00f6tanud p\u00f5lemistehnoloogia, mis kasutab eelsoojendatud \u00f5hku. See tagab koldes k\u00f5rgema temperatuuri, t\u00e4nu millele p\u00f5letatakse peaaegu k\u00f5ik heitgaasid. See on teile kasulik ja keskkonnas\u00f5bralik protsess. K\u00f5rgem kulut\u00f5husus v\u00f5imaldab k\u00fctust s\u00e4\u00e4sta igal k\u00fctteperioodil. Malmil on unikaalsed omadused soojuse hoidmiseks pikka aega p\u00e4rast tule kustumist.<\/p>\n<h5>Erilised omadused ja ohutu kasutamine<\/h5>\n<p>Mors\u00f8 6848 mudelil on nutikad lahendused igap\u00e4evaseks kasutamiseks. Kamin on varustatud isesulguva ukses\u00fcsteemiga. See suurendab turvalisust ja lihtsustab k\u00e4sitsemist. Elegantne k\u00e4epide p\u00fcsib kasutamise ajal jahe, mist\u00f5ttu on seda ohutu puudutada. Spetsiaalne \u00f5hupuhastuss\u00fcsteem tagab tahmavaba klaasi. Te ei pea ukseklaasi sageli puhastama. See on eriti s\u00e4\u00e4stlik toode, mis on valmistatud k\u00f5rgekvaliteedilisest malmist. Nimiv\u00f5imsus 5,8 kW soojendab t\u00f5husalt pinda kuni 90 m2. A-energiaklass garanteerib s\u00e4\u00e4stliku t\u00f6\u00f6. Halutasu pikkus on 33 cm ja suitsutoru l\u00e4bim\u00f5\u00f5t on 120 mm. See malmkamin pakub usaldusv\u00e4\u00e4rset soojust palju aastaid.<\/p>\n","protected":false},"excerpt":{"rendered":"<p>T\u00fc\u00fcp: Konvektsioon-malmkamin (jalaga mudel)<br \/>\nEnergiaklass: A<br \/>\nNimiv\u00f5imsus: 5,8 kw | K\u00fcttev\u00f5imsus: 3-7 kw<br \/>\nK\u00fctatav pind: 45-90 m2<br \/>\nK\u00f5rgus: 950 mm | Laius: 451 mm | S\u00fcgavus: 386 mm<br \/>\nSuitsutoru: 120 mm<br \/>\nKaal: 117 kg | Halutasu pikkus: 33 cm<\/p>\n","protected":false},"featured_media":6909,"comment_status":"open","ping_status":"closed","template":"","meta":[],"product_brand":[],"product_cat":[210],"product_tag":[],"class_list":{"0":"post-4572","1":"product","2":"type-product","3":"status-publish","4":"has-post-thumbnail","6":"product_cat-pliidid","8":"first","9":"instock","10":"taxable","11":"shipping-taxable","12":"purchasable","13":"product-type-simple"},"yoast_head":"<!-- This site is optimized with the Yoast SEO plugin v27.3 - https:\/\/yoast.com\/product\/yoast-seo-wordpress\/ -->\n<title>Jalal seisev malmkamin Mors\u00f8 6848 \u2013 puhas p\u00f5lemine<\/title>\n<meta name=\"description\" content=\"Mors\u00f8 6848 on v\u00f5imas jalal seisev malmkamin. A-energiaklass, jahe k\u00e4epide ja &quot;P\u00f5hjamaade Luik&quot; m\u00e4rgis teie kodu soojuseks.\" \/>\n<meta name=\"robots\" content=\"index, follow, max-snippet:-1, max-image-preview:large, max-video-preview:-1\" \/>\n<link rel=\"canonical\" href=\"https:\/\/morsobaltic.com\/et\/produktas\/kamin-morso-6848\/\" \/>\n<meta property=\"og:locale\" content=\"et_EE\" \/>\n<meta property=\"og:type\" content=\"article\" \/>\n<meta property=\"og:title\" content=\"Jalal seisev malmkamin Mors\u00f8 6848 \u2013 puhas p\u00f5lemine\" \/>\n<meta property=\"og:description\" content=\"Mors\u00f8 6848 on v\u00f5imas jalal seisev malmkamin. A-energiaklass, jahe k\u00e4epide ja &quot;P\u00f5hjamaade Luik&quot; m\u00e4rgis teie kodu soojuseks.\" \/>\n<meta property=\"og:url\" content=\"https:\/\/morsobaltic.com\/et\/produktas\/kamin-morso-6848\/\" \/>\n<meta property=\"og:site_name\" content=\"MORSO Baltic\" \/>\n<meta property=\"article:modified_time\" content=\"2026-03-18T19:10:57+00:00\" \/>\n<meta property=\"og:image\" content=\"https:\/\/morsobaltic.com\/wp-content\/uploads\/2025\/01\/4.png\" \/>\n\t<meta property=\"og:image:width\" content=\"1080\" \/>\n\t<meta property=\"og:image:height\" content=\"1080\" \/>\n\t<meta property=\"og:image:type\" content=\"image\/png\" \/>\n<meta name=\"twitter:card\" content=\"summary_large_image\" \/>\n<meta name=\"twitter:label1\" content=\"Est. reading time\" \/>\n\t<meta name=\"twitter:data1\" content=\"1 minut\" \/>\n<script type=\"application\/ld+json\" class=\"yoast-schema-graph\">{\"@context\":\"https:\\\/\\\/schema.org\",\"@graph\":[{\"@type\":\"WebPage\",\"@id\":\"https:\\\/\\\/morsobaltic.com\\\/et\\\/produktas\\\/kamin-morso-6848\\\/\",\"url\":\"https:\\\/\\\/morsobaltic.com\\\/et\\\/produktas\\\/kamin-morso-6848\\\/\",\"name\":\"Jalal seisev malmkamin Mors\u00f8 6848 \u2013 puhas p\u00f5lemine\",\"isPartOf\":{\"@id\":\"https:\\\/\\\/morsobaltic.com\\\/et\\\/#website\"},\"primaryImageOfPage\":{\"@id\":\"https:\\\/\\\/morsobaltic.com\\\/et\\\/produktas\\\/kamin-morso-6848\\\/#primaryimage\"},\"image\":{\"@id\":\"https:\\\/\\\/morsobaltic.com\\\/et\\\/produktas\\\/kamin-morso-6848\\\/#primaryimage\"},\"thumbnailUrl\":\"https:\\\/\\\/morsobaltic.com\\\/wp-content\\\/uploads\\\/2025\\\/01\\\/4.png\",\"datePublished\":\"2025-01-26T08:13:07+00:00\",\"dateModified\":\"2026-03-18T19:10:57+00:00\",\"description\":\"Mors\u00f8 6848 on v\u00f5imas jalal seisev malmkamin. A-energiaklass, jahe k\u00e4epide ja \\\"P\u00f5hjamaade Luik\\\" m\u00e4rgis teie kodu soojuseks.\",\"breadcrumb\":{\"@id\":\"https:\\\/\\\/morsobaltic.com\\\/et\\\/produktas\\\/kamin-morso-6848\\\/#breadcrumb\"},\"inLanguage\":\"et\",\"potentialAction\":[{\"@type\":\"ReadAction\",\"target\":[\"https:\\\/\\\/morsobaltic.com\\\/et\\\/produktas\\\/kamin-morso-6848\\\/\"]}]},{\"@type\":\"ImageObject\",\"inLanguage\":\"et\",\"@id\":\"https:\\\/\\\/morsobaltic.com\\\/et\\\/produktas\\\/kamin-morso-6848\\\/#primaryimage\",\"url\":\"https:\\\/\\\/morsobaltic.com\\\/wp-content\\\/uploads\\\/2025\\\/01\\\/4.png\",\"contentUrl\":\"https:\\\/\\\/morsobaltic.com\\\/wp-content\\\/uploads\\\/2025\\\/01\\\/4.png\",\"width\":1080,\"height\":1080},{\"@type\":\"BreadcrumbList\",\"@id\":\"https:\\\/\\\/morsobaltic.com\\\/et\\\/produktas\\\/kamin-morso-6848\\\/#breadcrumb\",\"itemListElement\":[{\"@type\":\"ListItem\",\"position\":1,\"name\":\"Home\",\"item\":\"https:\\\/\\\/morsobaltic.com\\\/et\\\/\"},{\"@type\":\"ListItem\",\"position\":2,\"name\":\"Kauplus\",\"item\":\"https:\\\/\\\/morsobaltic.com\\\/parduotuve\\\/\"},{\"@type\":\"ListItem\",\"position\":3,\"name\":\"Kamin Morso 6848\"}]},{\"@type\":\"WebSite\",\"@id\":\"https:\\\/\\\/morsobaltic.com\\\/et\\\/#website\",\"url\":\"https:\\\/\\\/morsobaltic.com\\\/et\\\/\",\"name\":\"MORSO Baltic\",\"description\":\"\",\"alternateName\":\"MORSOBALTIC\",\"potentialAction\":[{\"@type\":\"SearchAction\",\"target\":{\"@type\":\"EntryPoint\",\"urlTemplate\":\"https:\\\/\\\/morsobaltic.com\\\/et\\\/?s={search_term_string}\"},\"query-input\":{\"@type\":\"PropertyValueSpecification\",\"valueRequired\":true,\"valueName\":\"search_term_string\"}}],\"inLanguage\":\"et\"}]}<\/script>\n<!-- \/ Yoast SEO plugin. -->","yoast_head_json":{"title":"Jalal seisev malmkamin Mors\u00f8 6848 \u2013 puhas p\u00f5lemine","description":"Mors\u00f8 6848 on v\u00f5imas jalal seisev malmkamin. A-energiaklass, jahe k\u00e4epide ja \"P\u00f5hjamaade Luik\" m\u00e4rgis teie kodu soojuseks.","robots":{"index":"index","follow":"follow","max-snippet":"max-snippet:-1","max-image-preview":"max-image-preview:large","max-video-preview":"max-video-preview:-1"},"canonical":"https:\/\/morsobaltic.com\/et\/produktas\/kamin-morso-6848\/","og_locale":"et_EE","og_type":"article","og_title":"Jalal seisev malmkamin Mors\u00f8 6848 \u2013 puhas p\u00f5lemine","og_description":"Mors\u00f8 6848 on v\u00f5imas jalal seisev malmkamin. A-energiaklass, jahe k\u00e4epide ja \"P\u00f5hjamaade Luik\" m\u00e4rgis teie kodu soojuseks.","og_url":"https:\/\/morsobaltic.com\/et\/produktas\/kamin-morso-6848\/","og_site_name":"MORSO Baltic","article_modified_time":"2026-03-18T19:10:57+00:00","og_image":[{"width":1080,"height":1080,"url":"https:\/\/morsobaltic.com\/wp-content\/uploads\/2025\/01\/4.png","type":"image\/png"}],"twitter_card":"summary_large_image","twitter_misc":{"Est. reading time":"1 minut"},"schema":{"@context":"https:\/\/schema.org","@graph":[{"@type":"WebPage","@id":"https:\/\/morsobaltic.com\/et\/produktas\/kamin-morso-6848\/","url":"https:\/\/morsobaltic.com\/et\/produktas\/kamin-morso-6848\/","name":"Jalal seisev malmkamin Mors\u00f8 6848 \u2013 puhas p\u00f5lemine","isPartOf":{"@id":"https:\/\/morsobaltic.com\/et\/#website"},"primaryImageOfPage":{"@id":"https:\/\/morsobaltic.com\/et\/produktas\/kamin-morso-6848\/#primaryimage"},"image":{"@id":"https:\/\/morsobaltic.com\/et\/produktas\/kamin-morso-6848\/#primaryimage"},"thumbnailUrl":"https:\/\/morsobaltic.com\/wp-content\/uploads\/2025\/01\/4.png","datePublished":"2025-01-26T08:13:07+00:00","dateModified":"2026-03-18T19:10:57+00:00","description":"Mors\u00f8 6848 on v\u00f5imas jalal seisev malmkamin. A-energiaklass, jahe k\u00e4epide ja \"P\u00f5hjamaade Luik\" m\u00e4rgis teie kodu soojuseks.","breadcrumb":{"@id":"https:\/\/morsobaltic.com\/et\/produktas\/kamin-morso-6848\/#breadcrumb"},"inLanguage":"et","potentialAction":[{"@type":"ReadAction","target":["https:\/\/morsobaltic.com\/et\/produktas\/kamin-morso-6848\/"]}]},{"@type":"ImageObject","inLanguage":"et","@id":"https:\/\/morsobaltic.com\/et\/produktas\/kamin-morso-6848\/#primaryimage","url":"https:\/\/morsobaltic.com\/wp-content\/uploads\/2025\/01\/4.png","contentUrl":"https:\/\/morsobaltic.com\/wp-content\/uploads\/2025\/01\/4.png","width":1080,"height":1080},{"@type":"BreadcrumbList","@id":"https:\/\/morsobaltic.com\/et\/produktas\/kamin-morso-6848\/#breadcrumb","itemListElement":[{"@type":"ListItem","position":1,"name":"Home","item":"https:\/\/morsobaltic.com\/et\/"},{"@type":"ListItem","position":2,"name":"Kauplus","item":"https:\/\/morsobaltic.com\/parduotuve\/"},{"@type":"ListItem","position":3,"name":"Kamin Morso 6848"}]},{"@type":"WebSite","@id":"https:\/\/morsobaltic.com\/et\/#website","url":"https:\/\/morsobaltic.com\/et\/","name":"MORSO Baltic","description":"","alternateName":"MORSOBALTIC","potentialAction":[{"@type":"SearchAction","target":{"@type":"EntryPoint","urlTemplate":"https:\/\/morsobaltic.com\/et\/?s={search_term_string}"},"query-input":{"@type":"PropertyValueSpecification","valueRequired":true,"valueName":"search_term_string"}}],"inLanguage":"et"}]}},"_links":{"self":[{"href":"https:\/\/morsobaltic.com\/et\/wp-json\/wp\/v2\/product\/4572","targetHints":{"allow":["GET"]}}],"collection":[{"href":"https:\/\/morsobaltic.com\/et\/wp-json\/wp\/v2\/product"}],"about":[{"href":"https:\/\/morsobaltic.com\/et\/wp-json\/wp\/v2\/types\/product"}],"replies":[{"embeddable":true,"href":"https:\/\/morsobaltic.com\/et\/wp-json\/wp\/v2\/comments?post=4572"}],"wp:featuredmedia":[{"embeddable":true,"href":"https:\/\/morsobaltic.com\/et\/wp-json\/wp\/v2\/media\/6909"}],"wp:attachment":[{"href":"https:\/\/morsobaltic.com\/et\/wp-json\/wp\/v2\/media?parent=4572"}],"wp:term":[{"taxonomy":"product_brand","embeddable":true,"href":"https:\/\/morsobaltic.com\/et\/wp-json\/wp\/v2\/product_brand?post=4572"},{"taxonomy":"product_cat","embeddable":true,"href":"https:\/\/morsobaltic.com\/et\/wp-json\/wp\/v2\/product_cat?post=4572"},{"taxonomy":"product_tag","embeddable":true,"href":"https:\/\/morsobaltic.com\/et\/wp-json\/wp\/v2\/product_tag?post=4572"}],"curies":[{"name":"wp","href":"https:\/\/api.w.org\/{rel}","templated":true}]}}