{"id":4628,"date":"2025-01-26T10:45:23","date_gmt":"2025-01-26T10:45:23","guid":{"rendered":"https:\/\/morsobaltic.com\/?post_type=product&#038;p=4628"},"modified":"2026-03-18T18:58:34","modified_gmt":"2026-03-18T18:58:34","slug":"kamin-morso-7343","status":"publish","type":"product","link":"https:\/\/morsobaltic.com\/et\/produktas\/kamin-morso-7343\/","title":{"rendered":"Kamin Morso 7343"},"content":{"rendered":"<h4>Mors\u00f8 7343 \u2013 Monica Ritterbandi disain ja praktiline funktsionaalsus<\/h4>\n<p>Mors\u00f8 7343 on v\u00f5imas malmkamin, millel on kaasaegne konvektsioonis\u00fcsteem. Sellel mudelil on integreeritud alusosa, kus on mugav koht k\u00fcttepuude hoiustamiseks. 7300 seeria loodi koost\u00f6\u00f6s tuntud disaineri Monica Ritterbandiga. Moodne ja voolujooneline disain sobib suurep\u00e4raselt paljudesse kaasaegsetesse kodudesse. Suur klaasuks v\u00f5imaldab nautida elava tule m\u00e4ngu ilma takistusteta. See ei ole ainult t\u00f5hus soojusallikas, vaid ka stiilne sisekujunduselement teie elutoas. Iga detail on loodud pakkuma maksimaalset visuaalset naudingut ja funktsionaalsust. Alumine puude hoiukoht aitab hoida kodus korda. Lisavarustusena on v\u00f5imalik osta uks selle osa sulgemiseks.<\/p>\n<p>See malmkamin t\u00f6\u00f6tab konvektsiooniprintsiibil. See tagab puhta ja eriti t\u00f5husa p\u00f5lemise teie kodus. Tootel on Skandinaavia keskkonnam\u00e4rgis &#8220;P\u00f5hjamaade Luik&#8221;. See kinnitab vastavust k\u00f5rgeimatele \u00f6koloogilistele ja s\u00e4\u00e4stvuse standarditele. P\u00f5lemistehnoloogia kasutab eelsoojendatud \u00f5hku. See tagab koldes k\u00f5rgema temperatuuri. Nii p\u00f5letatakse peaaegu k\u00f5ik heitgaasid. See on teile kasulik ja keskkonnas\u00f5bralik protsess. K\u00f5rge kulut\u00f5husus v\u00f5imaldab k\u00fctust s\u00e4\u00e4sta igal hooajal. Malmil on unikaalsed omadused soojuse salvestamiseks. Materjal on vastupidav l\u00e4bip\u00f5lemisele ja ei deformeeru p\u00e4rast kuumenemist. See kamin on loodud kestma aastaid.<\/p>\n<h5>Erilised omadused ja kaasaegne funktsionaalsus<\/h5>\n<p>Mors\u00f8 7343 mudelil on lihtne ja mugav juhtimine. Spetsiaalne \u00f5hupuhastuss\u00fcsteem tagab tahmavaba klaasi. Te ei pea ukseklaasi sageli puhastama. Eemaldatav tuhasahtel v\u00f5imaldab kaminat puhastada isegi k\u00fctmise ajal. See pakub igap\u00e4evasel kasutamisel t\u00e4iendavat mugavust. Nimiv\u00f5imsus 4,3 kW soojendab t\u00f5husalt pinda kuni 105 m2. A+ energiaklass garanteerib s\u00e4\u00e4stliku k\u00fctusekasutuse. Kamina kaal on 113 kg ja k\u00f5rgus 997 mm. Halutasu pikkus on 33 cm, mis muudab selle kasutamise mugavaks. See malmkamin on erakordselt s\u00e4\u00e4stlik toode teie perele. See on investeering kvaliteeti, mis teenib teid truult palju aastaid.<\/p>\n","protected":false},"excerpt":{"rendered":"<p>T\u00fc\u00fcp: Konvektsioon-malmkamin puuderiiuliga<br \/>\nEnergiaklass: A+<br \/>\nNimiv\u00f5imsus: 4,3 kw | K\u00fcttev\u00f5imsus: 3-7 kw<br \/>\nK\u00fctatav pind: 45-105 m2<br \/>\nK\u00f5rgus: 997 mm | Laius: 440 mm | S\u00fcgavus: 378 mm<br \/>\nSuitsutoru: 150 mm<br \/>\nKaal: 113 kg | Halutasu pikkus: 33 cm<\/p>\n","protected":false},"featured_media":6936,"comment_status":"open","ping_status":"closed","template":"","meta":[],"product_brand":[],"product_cat":[210],"product_tag":[],"class_list":{"0":"post-4628","1":"product","2":"type-product","3":"status-publish","4":"has-post-thumbnail","6":"product_cat-pliidid","8":"first","9":"instock","10":"taxable","11":"shipping-taxable","12":"purchasable","13":"product-type-simple"},"yoast_head":"<!-- This site is optimized with the Yoast SEO plugin v27.3 - https:\/\/yoast.com\/product\/yoast-seo-wordpress\/ -->\n<title>Puuderiiuliga malmkamin Mors\u00f8 7343 \u2013 Monica Ritterbandi disain<\/title>\n<meta name=\"description\" content=\"Mors\u00f8 7343 on v\u00f5imas puude hoiukohaga malmkamin. A+ energiaklass, Monica Ritterbandi disain ja &quot;P\u00f5hjamaade Luik&quot; m\u00e4rgis.\" \/>\n<meta name=\"robots\" content=\"index, follow, max-snippet:-1, max-image-preview:large, max-video-preview:-1\" \/>\n<link rel=\"canonical\" href=\"https:\/\/morsobaltic.com\/et\/produktas\/kamin-morso-7343\/\" \/>\n<meta property=\"og:locale\" content=\"et_EE\" \/>\n<meta property=\"og:type\" content=\"article\" \/>\n<meta property=\"og:title\" content=\"Puuderiiuliga malmkamin Mors\u00f8 7343 \u2013 Monica Ritterbandi disain\" \/>\n<meta property=\"og:description\" content=\"Mors\u00f8 7343 on v\u00f5imas puude hoiukohaga malmkamin. A+ energiaklass, Monica Ritterbandi disain ja &quot;P\u00f5hjamaade Luik&quot; m\u00e4rgis.\" \/>\n<meta property=\"og:url\" content=\"https:\/\/morsobaltic.com\/et\/produktas\/kamin-morso-7343\/\" \/>\n<meta property=\"og:site_name\" content=\"MORSO Baltic\" \/>\n<meta property=\"article:modified_time\" content=\"2026-03-18T18:58:34+00:00\" \/>\n<meta property=\"og:image\" content=\"https:\/\/morsobaltic.com\/wp-content\/uploads\/2025\/01\/1-6.png\" \/>\n\t<meta property=\"og:image:width\" content=\"1080\" \/>\n\t<meta property=\"og:image:height\" content=\"1080\" \/>\n\t<meta property=\"og:image:type\" content=\"image\/png\" \/>\n<meta name=\"twitter:card\" content=\"summary_large_image\" \/>\n<meta name=\"twitter:label1\" content=\"Est. reading time\" \/>\n\t<meta name=\"twitter:data1\" content=\"1 minut\" \/>\n<script type=\"application\/ld+json\" class=\"yoast-schema-graph\">{\"@context\":\"https:\\\/\\\/schema.org\",\"@graph\":[{\"@type\":\"WebPage\",\"@id\":\"https:\\\/\\\/morsobaltic.com\\\/et\\\/produktas\\\/kamin-morso-7343\\\/\",\"url\":\"https:\\\/\\\/morsobaltic.com\\\/et\\\/produktas\\\/kamin-morso-7343\\\/\",\"name\":\"Puuderiiuliga malmkamin Mors\u00f8 7343 \u2013 Monica Ritterbandi disain\",\"isPartOf\":{\"@id\":\"https:\\\/\\\/morsobaltic.com\\\/et\\\/#website\"},\"primaryImageOfPage\":{\"@id\":\"https:\\\/\\\/morsobaltic.com\\\/et\\\/produktas\\\/kamin-morso-7343\\\/#primaryimage\"},\"image\":{\"@id\":\"https:\\\/\\\/morsobaltic.com\\\/et\\\/produktas\\\/kamin-morso-7343\\\/#primaryimage\"},\"thumbnailUrl\":\"https:\\\/\\\/morsobaltic.com\\\/wp-content\\\/uploads\\\/2025\\\/01\\\/1-6.png\",\"datePublished\":\"2025-01-26T10:45:23+00:00\",\"dateModified\":\"2026-03-18T18:58:34+00:00\",\"description\":\"Mors\u00f8 7343 on v\u00f5imas puude hoiukohaga malmkamin. A+ energiaklass, Monica Ritterbandi disain ja \\\"P\u00f5hjamaade Luik\\\" m\u00e4rgis.\",\"breadcrumb\":{\"@id\":\"https:\\\/\\\/morsobaltic.com\\\/et\\\/produktas\\\/kamin-morso-7343\\\/#breadcrumb\"},\"inLanguage\":\"et\",\"potentialAction\":[{\"@type\":\"ReadAction\",\"target\":[\"https:\\\/\\\/morsobaltic.com\\\/et\\\/produktas\\\/kamin-morso-7343\\\/\"]}]},{\"@type\":\"ImageObject\",\"inLanguage\":\"et\",\"@id\":\"https:\\\/\\\/morsobaltic.com\\\/et\\\/produktas\\\/kamin-morso-7343\\\/#primaryimage\",\"url\":\"https:\\\/\\\/morsobaltic.com\\\/wp-content\\\/uploads\\\/2025\\\/01\\\/1-6.png\",\"contentUrl\":\"https:\\\/\\\/morsobaltic.com\\\/wp-content\\\/uploads\\\/2025\\\/01\\\/1-6.png\",\"width\":1080,\"height\":1080},{\"@type\":\"BreadcrumbList\",\"@id\":\"https:\\\/\\\/morsobaltic.com\\\/et\\\/produktas\\\/kamin-morso-7343\\\/#breadcrumb\",\"itemListElement\":[{\"@type\":\"ListItem\",\"position\":1,\"name\":\"Home\",\"item\":\"https:\\\/\\\/morsobaltic.com\\\/et\\\/\"},{\"@type\":\"ListItem\",\"position\":2,\"name\":\"Kauplus\",\"item\":\"https:\\\/\\\/morsobaltic.com\\\/parduotuve\\\/\"},{\"@type\":\"ListItem\",\"position\":3,\"name\":\"Kamin Morso 7343\"}]},{\"@type\":\"WebSite\",\"@id\":\"https:\\\/\\\/morsobaltic.com\\\/et\\\/#website\",\"url\":\"https:\\\/\\\/morsobaltic.com\\\/et\\\/\",\"name\":\"MORSO Baltic\",\"description\":\"\",\"alternateName\":\"MORSOBALTIC\",\"potentialAction\":[{\"@type\":\"SearchAction\",\"target\":{\"@type\":\"EntryPoint\",\"urlTemplate\":\"https:\\\/\\\/morsobaltic.com\\\/et\\\/?s={search_term_string}\"},\"query-input\":{\"@type\":\"PropertyValueSpecification\",\"valueRequired\":true,\"valueName\":\"search_term_string\"}}],\"inLanguage\":\"et\"}]}<\/script>\n<!-- \/ Yoast SEO plugin. -->","yoast_head_json":{"title":"Puuderiiuliga malmkamin Mors\u00f8 7343 \u2013 Monica Ritterbandi disain","description":"Mors\u00f8 7343 on v\u00f5imas puude hoiukohaga malmkamin. A+ energiaklass, Monica Ritterbandi disain ja \"P\u00f5hjamaade Luik\" m\u00e4rgis.","robots":{"index":"index","follow":"follow","max-snippet":"max-snippet:-1","max-image-preview":"max-image-preview:large","max-video-preview":"max-video-preview:-1"},"canonical":"https:\/\/morsobaltic.com\/et\/produktas\/kamin-morso-7343\/","og_locale":"et_EE","og_type":"article","og_title":"Puuderiiuliga malmkamin Mors\u00f8 7343 \u2013 Monica Ritterbandi disain","og_description":"Mors\u00f8 7343 on v\u00f5imas puude hoiukohaga malmkamin. A+ energiaklass, Monica Ritterbandi disain ja \"P\u00f5hjamaade Luik\" m\u00e4rgis.","og_url":"https:\/\/morsobaltic.com\/et\/produktas\/kamin-morso-7343\/","og_site_name":"MORSO Baltic","article_modified_time":"2026-03-18T18:58:34+00:00","og_image":[{"width":1080,"height":1080,"url":"https:\/\/morsobaltic.com\/wp-content\/uploads\/2025\/01\/1-6.png","type":"image\/png"}],"twitter_card":"summary_large_image","twitter_misc":{"Est. reading time":"1 minut"},"schema":{"@context":"https:\/\/schema.org","@graph":[{"@type":"WebPage","@id":"https:\/\/morsobaltic.com\/et\/produktas\/kamin-morso-7343\/","url":"https:\/\/morsobaltic.com\/et\/produktas\/kamin-morso-7343\/","name":"Puuderiiuliga malmkamin Mors\u00f8 7343 \u2013 Monica Ritterbandi disain","isPartOf":{"@id":"https:\/\/morsobaltic.com\/et\/#website"},"primaryImageOfPage":{"@id":"https:\/\/morsobaltic.com\/et\/produktas\/kamin-morso-7343\/#primaryimage"},"image":{"@id":"https:\/\/morsobaltic.com\/et\/produktas\/kamin-morso-7343\/#primaryimage"},"thumbnailUrl":"https:\/\/morsobaltic.com\/wp-content\/uploads\/2025\/01\/1-6.png","datePublished":"2025-01-26T10:45:23+00:00","dateModified":"2026-03-18T18:58:34+00:00","description":"Mors\u00f8 7343 on v\u00f5imas puude hoiukohaga malmkamin. A+ energiaklass, Monica Ritterbandi disain ja \"P\u00f5hjamaade Luik\" m\u00e4rgis.","breadcrumb":{"@id":"https:\/\/morsobaltic.com\/et\/produktas\/kamin-morso-7343\/#breadcrumb"},"inLanguage":"et","potentialAction":[{"@type":"ReadAction","target":["https:\/\/morsobaltic.com\/et\/produktas\/kamin-morso-7343\/"]}]},{"@type":"ImageObject","inLanguage":"et","@id":"https:\/\/morsobaltic.com\/et\/produktas\/kamin-morso-7343\/#primaryimage","url":"https:\/\/morsobaltic.com\/wp-content\/uploads\/2025\/01\/1-6.png","contentUrl":"https:\/\/morsobaltic.com\/wp-content\/uploads\/2025\/01\/1-6.png","width":1080,"height":1080},{"@type":"BreadcrumbList","@id":"https:\/\/morsobaltic.com\/et\/produktas\/kamin-morso-7343\/#breadcrumb","itemListElement":[{"@type":"ListItem","position":1,"name":"Home","item":"https:\/\/morsobaltic.com\/et\/"},{"@type":"ListItem","position":2,"name":"Kauplus","item":"https:\/\/morsobaltic.com\/parduotuve\/"},{"@type":"ListItem","position":3,"name":"Kamin Morso 7343"}]},{"@type":"WebSite","@id":"https:\/\/morsobaltic.com\/et\/#website","url":"https:\/\/morsobaltic.com\/et\/","name":"MORSO Baltic","description":"","alternateName":"MORSOBALTIC","potentialAction":[{"@type":"SearchAction","target":{"@type":"EntryPoint","urlTemplate":"https:\/\/morsobaltic.com\/et\/?s={search_term_string}"},"query-input":{"@type":"PropertyValueSpecification","valueRequired":true,"valueName":"search_term_string"}}],"inLanguage":"et"}]}},"_links":{"self":[{"href":"https:\/\/morsobaltic.com\/et\/wp-json\/wp\/v2\/product\/4628","targetHints":{"allow":["GET"]}}],"collection":[{"href":"https:\/\/morsobaltic.com\/et\/wp-json\/wp\/v2\/product"}],"about":[{"href":"https:\/\/morsobaltic.com\/et\/wp-json\/wp\/v2\/types\/product"}],"replies":[{"embeddable":true,"href":"https:\/\/morsobaltic.com\/et\/wp-json\/wp\/v2\/comments?post=4628"}],"wp:featuredmedia":[{"embeddable":true,"href":"https:\/\/morsobaltic.com\/et\/wp-json\/wp\/v2\/media\/6936"}],"wp:attachment":[{"href":"https:\/\/morsobaltic.com\/et\/wp-json\/wp\/v2\/media?parent=4628"}],"wp:term":[{"taxonomy":"product_brand","embeddable":true,"href":"https:\/\/morsobaltic.com\/et\/wp-json\/wp\/v2\/product_brand?post=4628"},{"taxonomy":"product_cat","embeddable":true,"href":"https:\/\/morsobaltic.com\/et\/wp-json\/wp\/v2\/product_cat?post=4628"},{"taxonomy":"product_tag","embeddable":true,"href":"https:\/\/morsobaltic.com\/et\/wp-json\/wp\/v2\/product_tag?post=4628"}],"curies":[{"name":"wp","href":"https:\/\/api.w.org\/{rel}","templated":true}]}}