{"id":4665,"date":"2025-01-28T21:35:42","date_gmt":"2025-01-28T21:35:42","guid":{"rendered":"https:\/\/morsobaltic.com\/?post_type=product&#038;p=4665"},"modified":"2026-03-18T18:51:36","modified_gmt":"2026-03-18T18:51:36","slug":"kamin-morso-7440","status":"publish","type":"product","link":"https:\/\/morsobaltic.com\/et\/produktas\/kamin-morso-7440\/","title":{"rendered":"Kamin Morso 7440"},"content":{"rendered":"<h4>Mors\u00f8 7440 \u2013 kompaktne juubelidisain ja panoraamvaade tulele<\/h4>\n<p>Mors\u00f8 7440 on v\u00f5imas konvektsioon-malmkamin, mis paistab silma oma kompaktsuse poolest. Tegemist on kogu 7400 seeria madalaima mudeliga. Kaasaegses interj\u00f6\u00f6ris m\u00f5jub see kamin kui stiilne m\u00f6\u00f6bliese. See ei v\u00f5ta palju ruumi, sobides seega ideaalselt v\u00e4iksematesse elutubadesse v\u00f5i hubastesse magamistubadesse. 7400 seeria loodi spetsiaalselt Mors\u00f8 ettev\u00f5tte 160. aastap\u00e4eva t\u00e4histamiseks. See mudel esindab enam kui pooleteise sajandi pikkust kvaliteetset t\u00f6\u00f6d ja disaini. Esmakordselt tutvustati uut versiooni legendaarsest &#8220;oravast&#8221; kui uut disainivarianti. K\u00f5ik selle seeria mudelid on varustatud k\u00fclgklaasidega. See v\u00f5imaldab nautida erakordset 180-kraadist tulepanoraami. Tuli on t\u00e4iuslikult n\u00e4htav ruumi igast punktist.<\/p>\n<p>See malmkamin t\u00f6\u00f6tab konvektsiooniprintsiibil. See tagab puhta ja eriti t\u00f5husa p\u00f5lemise teie kodus. Tootel on Skandinaavia keskkonnam\u00e4rgis &#8220;P\u00f5hjamaade Luik&#8221;. See kinnitab vastavust k\u00f5rgeimatele \u00f6koloogilistele ja s\u00e4\u00e4stvuse standarditele. P\u00f5lemistehnoloogia kasutab eelsoojendatud \u00f5hku. See tagab koldes k\u00f5rgema temperatuuri. Nii p\u00f5letatakse peaaegu k\u00f5ik heitgaasid. See on teile kasulik ja keskkonnas\u00f5bralik protsess. K\u00f5rge kulut\u00f5husus v\u00f5imaldab k\u00fctust s\u00e4\u00e4sta igal k\u00fctteperioodil. Malmil on unikaalsed omadused soojuse salvestamiseks. Materjal on vastupidav l\u00e4bip\u00f5lemisele ja ei deformeeru p\u00e4rast kuumenemist. Tootja annab malmkorpusele 10-aastase garantii.<\/p>\n<h5>Erilised omadused ja kaasaegne funktsionaalsus<\/h5>\n<p>Mors\u00f8 7440 mudelil on praktilised lahendused teie igap\u00e4evaeluks. Spetsiaalne \u00f5hupuhastuss\u00fcsteem tagab tahmavaba klaasi. Te ei pea panoraampindu sageli puhastama. Eemaldatav tuhasahtel v\u00f5imaldab kaminat kiiresti ja puhtalt hooldada. See on eriti s\u00e4\u00e4stlik toode, mis on valmistatud vastupidavast malmist. Nimiv\u00f5imsus 4,3 kW soojendab t\u00f5husalt pinda kuni 105 m2. A+ energiaklass garanteerib s\u00e4\u00e4stliku k\u00fctusekasutuse. Kamina kaal on 108,5 kg ja k\u00f5rgus 896 mm. Halutasu pikkus on 33 cm, mis muudab selle kasutamise mugavaks. See malmkamin loob teie kodus maagilise atmosf\u00e4\u00e4ri igal \u00f5htul. See on investeering kvaliteeti, mis teenib teid truult palju aastaid.<\/p>\n","protected":false},"excerpt":{"rendered":"<p>T\u00fc\u00fcp: Konvektsioon-malmkamin (madal mudel)<br \/>\nEnergiaklass: A+<br \/>\nNimiv\u00f5imsus: 4,3 kw | K\u00fcttev\u00f5imsus: 3-7 kw<br \/>\nK\u00fctatav pind: 45-105 m2<br \/>\nK\u00f5rgus: 896 mm | Laius: 440 mm | S\u00fcgavus: 377 mm<br \/>\nSuitsutoru: 150 mm<br \/>\nKaal: 108,5 kg | Halutasu pikkus: 33 cm<\/p>\n","protected":false},"featured_media":6954,"comment_status":"open","ping_status":"closed","template":"","meta":[],"product_brand":[],"product_cat":[210],"product_tag":[],"class_list":{"0":"post-4665","1":"product","2":"type-product","3":"status-publish","4":"has-post-thumbnail","6":"product_cat-pliidid","8":"first","9":"instock","10":"taxable","11":"shipping-taxable","12":"purchasable","13":"product-type-simple"},"yoast_head":"<!-- This site is optimized with the Yoast SEO plugin v27.3 - https:\/\/yoast.com\/product\/yoast-seo-wordpress\/ -->\n<title>Malmkamin Mors\u00f8 7440 \u2013 kompaktne juubelimudel<\/title>\n<meta name=\"description\" content=\"Mors\u00f8 7440 on 7400 seeria madalaim mudel 180\u00b0 n\u00e4htavusega. A+ energiaklass, konvektsioonis\u00fcsteem ja juubelidisain teie kodu sisekujundusse.\" \/>\n<meta name=\"robots\" content=\"index, follow, max-snippet:-1, max-image-preview:large, max-video-preview:-1\" \/>\n<link rel=\"canonical\" href=\"https:\/\/morsobaltic.com\/et\/produktas\/kamin-morso-7440\/\" \/>\n<meta property=\"og:locale\" content=\"et_EE\" \/>\n<meta property=\"og:type\" content=\"article\" \/>\n<meta property=\"og:title\" content=\"Malmkamin Mors\u00f8 7440 \u2013 kompaktne juubelimudel\" \/>\n<meta property=\"og:description\" content=\"Mors\u00f8 7440 on 7400 seeria madalaim mudel 180\u00b0 n\u00e4htavusega. A+ energiaklass, konvektsioonis\u00fcsteem ja juubelidisain teie kodu sisekujundusse.\" \/>\n<meta property=\"og:url\" content=\"https:\/\/morsobaltic.com\/et\/produktas\/kamin-morso-7440\/\" \/>\n<meta property=\"og:site_name\" content=\"MORSO Baltic\" \/>\n<meta property=\"article:modified_time\" content=\"2026-03-18T18:51:36+00:00\" \/>\n<meta property=\"og:image\" content=\"https:\/\/morsobaltic.com\/wp-content\/uploads\/2025\/01\/1-7.png\" \/>\n\t<meta property=\"og:image:width\" content=\"1080\" \/>\n\t<meta property=\"og:image:height\" content=\"1080\" \/>\n\t<meta property=\"og:image:type\" content=\"image\/png\" \/>\n<meta name=\"twitter:card\" content=\"summary_large_image\" \/>\n<meta name=\"twitter:label1\" content=\"Est. reading time\" \/>\n\t<meta name=\"twitter:data1\" content=\"1 minut\" \/>\n<script type=\"application\/ld+json\" class=\"yoast-schema-graph\">{\"@context\":\"https:\\\/\\\/schema.org\",\"@graph\":[{\"@type\":\"WebPage\",\"@id\":\"https:\\\/\\\/morsobaltic.com\\\/et\\\/produktas\\\/kamin-morso-7440\\\/\",\"url\":\"https:\\\/\\\/morsobaltic.com\\\/et\\\/produktas\\\/kamin-morso-7440\\\/\",\"name\":\"Malmkamin Mors\u00f8 7440 \u2013 kompaktne juubelimudel\",\"isPartOf\":{\"@id\":\"https:\\\/\\\/morsobaltic.com\\\/et\\\/#website\"},\"primaryImageOfPage\":{\"@id\":\"https:\\\/\\\/morsobaltic.com\\\/et\\\/produktas\\\/kamin-morso-7440\\\/#primaryimage\"},\"image\":{\"@id\":\"https:\\\/\\\/morsobaltic.com\\\/et\\\/produktas\\\/kamin-morso-7440\\\/#primaryimage\"},\"thumbnailUrl\":\"https:\\\/\\\/morsobaltic.com\\\/wp-content\\\/uploads\\\/2025\\\/01\\\/1-7.png\",\"datePublished\":\"2025-01-28T21:35:42+00:00\",\"dateModified\":\"2026-03-18T18:51:36+00:00\",\"description\":\"Mors\u00f8 7440 on 7400 seeria madalaim mudel 180\u00b0 n\u00e4htavusega. A+ energiaklass, konvektsioonis\u00fcsteem ja juubelidisain teie kodu sisekujundusse.\",\"breadcrumb\":{\"@id\":\"https:\\\/\\\/morsobaltic.com\\\/et\\\/produktas\\\/kamin-morso-7440\\\/#breadcrumb\"},\"inLanguage\":\"et\",\"potentialAction\":[{\"@type\":\"ReadAction\",\"target\":[\"https:\\\/\\\/morsobaltic.com\\\/et\\\/produktas\\\/kamin-morso-7440\\\/\"]}]},{\"@type\":\"ImageObject\",\"inLanguage\":\"et\",\"@id\":\"https:\\\/\\\/morsobaltic.com\\\/et\\\/produktas\\\/kamin-morso-7440\\\/#primaryimage\",\"url\":\"https:\\\/\\\/morsobaltic.com\\\/wp-content\\\/uploads\\\/2025\\\/01\\\/1-7.png\",\"contentUrl\":\"https:\\\/\\\/morsobaltic.com\\\/wp-content\\\/uploads\\\/2025\\\/01\\\/1-7.png\",\"width\":1080,\"height\":1080},{\"@type\":\"BreadcrumbList\",\"@id\":\"https:\\\/\\\/morsobaltic.com\\\/et\\\/produktas\\\/kamin-morso-7440\\\/#breadcrumb\",\"itemListElement\":[{\"@type\":\"ListItem\",\"position\":1,\"name\":\"Home\",\"item\":\"https:\\\/\\\/morsobaltic.com\\\/et\\\/\"},{\"@type\":\"ListItem\",\"position\":2,\"name\":\"Kauplus\",\"item\":\"https:\\\/\\\/morsobaltic.com\\\/parduotuve\\\/\"},{\"@type\":\"ListItem\",\"position\":3,\"name\":\"Kamin Morso 7440\"}]},{\"@type\":\"WebSite\",\"@id\":\"https:\\\/\\\/morsobaltic.com\\\/et\\\/#website\",\"url\":\"https:\\\/\\\/morsobaltic.com\\\/et\\\/\",\"name\":\"MORSO Baltic\",\"description\":\"\",\"alternateName\":\"MORSOBALTIC\",\"potentialAction\":[{\"@type\":\"SearchAction\",\"target\":{\"@type\":\"EntryPoint\",\"urlTemplate\":\"https:\\\/\\\/morsobaltic.com\\\/et\\\/?s={search_term_string}\"},\"query-input\":{\"@type\":\"PropertyValueSpecification\",\"valueRequired\":true,\"valueName\":\"search_term_string\"}}],\"inLanguage\":\"et\"}]}<\/script>\n<!-- \/ Yoast SEO plugin. -->","yoast_head_json":{"title":"Malmkamin Mors\u00f8 7440 \u2013 kompaktne juubelimudel","description":"Mors\u00f8 7440 on 7400 seeria madalaim mudel 180\u00b0 n\u00e4htavusega. A+ energiaklass, konvektsioonis\u00fcsteem ja juubelidisain teie kodu sisekujundusse.","robots":{"index":"index","follow":"follow","max-snippet":"max-snippet:-1","max-image-preview":"max-image-preview:large","max-video-preview":"max-video-preview:-1"},"canonical":"https:\/\/morsobaltic.com\/et\/produktas\/kamin-morso-7440\/","og_locale":"et_EE","og_type":"article","og_title":"Malmkamin Mors\u00f8 7440 \u2013 kompaktne juubelimudel","og_description":"Mors\u00f8 7440 on 7400 seeria madalaim mudel 180\u00b0 n\u00e4htavusega. A+ energiaklass, konvektsioonis\u00fcsteem ja juubelidisain teie kodu sisekujundusse.","og_url":"https:\/\/morsobaltic.com\/et\/produktas\/kamin-morso-7440\/","og_site_name":"MORSO Baltic","article_modified_time":"2026-03-18T18:51:36+00:00","og_image":[{"width":1080,"height":1080,"url":"https:\/\/morsobaltic.com\/wp-content\/uploads\/2025\/01\/1-7.png","type":"image\/png"}],"twitter_card":"summary_large_image","twitter_misc":{"Est. reading time":"1 minut"},"schema":{"@context":"https:\/\/schema.org","@graph":[{"@type":"WebPage","@id":"https:\/\/morsobaltic.com\/et\/produktas\/kamin-morso-7440\/","url":"https:\/\/morsobaltic.com\/et\/produktas\/kamin-morso-7440\/","name":"Malmkamin Mors\u00f8 7440 \u2013 kompaktne juubelimudel","isPartOf":{"@id":"https:\/\/morsobaltic.com\/et\/#website"},"primaryImageOfPage":{"@id":"https:\/\/morsobaltic.com\/et\/produktas\/kamin-morso-7440\/#primaryimage"},"image":{"@id":"https:\/\/morsobaltic.com\/et\/produktas\/kamin-morso-7440\/#primaryimage"},"thumbnailUrl":"https:\/\/morsobaltic.com\/wp-content\/uploads\/2025\/01\/1-7.png","datePublished":"2025-01-28T21:35:42+00:00","dateModified":"2026-03-18T18:51:36+00:00","description":"Mors\u00f8 7440 on 7400 seeria madalaim mudel 180\u00b0 n\u00e4htavusega. A+ energiaklass, konvektsioonis\u00fcsteem ja juubelidisain teie kodu sisekujundusse.","breadcrumb":{"@id":"https:\/\/morsobaltic.com\/et\/produktas\/kamin-morso-7440\/#breadcrumb"},"inLanguage":"et","potentialAction":[{"@type":"ReadAction","target":["https:\/\/morsobaltic.com\/et\/produktas\/kamin-morso-7440\/"]}]},{"@type":"ImageObject","inLanguage":"et","@id":"https:\/\/morsobaltic.com\/et\/produktas\/kamin-morso-7440\/#primaryimage","url":"https:\/\/morsobaltic.com\/wp-content\/uploads\/2025\/01\/1-7.png","contentUrl":"https:\/\/morsobaltic.com\/wp-content\/uploads\/2025\/01\/1-7.png","width":1080,"height":1080},{"@type":"BreadcrumbList","@id":"https:\/\/morsobaltic.com\/et\/produktas\/kamin-morso-7440\/#breadcrumb","itemListElement":[{"@type":"ListItem","position":1,"name":"Home","item":"https:\/\/morsobaltic.com\/et\/"},{"@type":"ListItem","position":2,"name":"Kauplus","item":"https:\/\/morsobaltic.com\/parduotuve\/"},{"@type":"ListItem","position":3,"name":"Kamin Morso 7440"}]},{"@type":"WebSite","@id":"https:\/\/morsobaltic.com\/et\/#website","url":"https:\/\/morsobaltic.com\/et\/","name":"MORSO Baltic","description":"","alternateName":"MORSOBALTIC","potentialAction":[{"@type":"SearchAction","target":{"@type":"EntryPoint","urlTemplate":"https:\/\/morsobaltic.com\/et\/?s={search_term_string}"},"query-input":{"@type":"PropertyValueSpecification","valueRequired":true,"valueName":"search_term_string"}}],"inLanguage":"et"}]}},"_links":{"self":[{"href":"https:\/\/morsobaltic.com\/et\/wp-json\/wp\/v2\/product\/4665","targetHints":{"allow":["GET"]}}],"collection":[{"href":"https:\/\/morsobaltic.com\/et\/wp-json\/wp\/v2\/product"}],"about":[{"href":"https:\/\/morsobaltic.com\/et\/wp-json\/wp\/v2\/types\/product"}],"replies":[{"embeddable":true,"href":"https:\/\/morsobaltic.com\/et\/wp-json\/wp\/v2\/comments?post=4665"}],"wp:featuredmedia":[{"embeddable":true,"href":"https:\/\/morsobaltic.com\/et\/wp-json\/wp\/v2\/media\/6954"}],"wp:attachment":[{"href":"https:\/\/morsobaltic.com\/et\/wp-json\/wp\/v2\/media?parent=4665"}],"wp:term":[{"taxonomy":"product_brand","embeddable":true,"href":"https:\/\/morsobaltic.com\/et\/wp-json\/wp\/v2\/product_brand?post=4665"},{"taxonomy":"product_cat","embeddable":true,"href":"https:\/\/morsobaltic.com\/et\/wp-json\/wp\/v2\/product_cat?post=4665"},{"taxonomy":"product_tag","embeddable":true,"href":"https:\/\/morsobaltic.com\/et\/wp-json\/wp\/v2\/product_tag?post=4665"}],"curies":[{"name":"wp","href":"https:\/\/api.w.org\/{rel}","templated":true}]}}