{"id":4788,"date":"2025-02-17T19:42:07","date_gmt":"2025-02-17T19:42:07","guid":{"rendered":"https:\/\/morsobaltic.com\/?post_type=product&#038;p=4788"},"modified":"2026-03-18T17:46:34","modified_gmt":"2026-03-18T17:46:34","slug":"kamin-morso-7843","status":"publish","type":"product","link":"https:\/\/morsobaltic.com\/et\/produktas\/kamin-morso-7843\/","title":{"rendered":"Kamin Morso 7843"},"content":{"rendered":"<h4>Mors\u00f8 7843 \u2013 Monica Ritterbandi disain ja funktsionaalne kord<\/h4>\n<p>Mors\u00f8 7843 on v\u00f5imas malmkamin, millel on kaasaegne konvektsioonis\u00fcsteem. Sellel mudelil on integreeritud alusosa, kus on mugav koht k\u00fcttepuude hoiustamiseks. 7800 seeria on valik kogu eluks. Monica Ritterbandi moodne ja voolujooneline disain sobib suurep\u00e4raselt paljudesse kaasaegsetesse kodudesse. Roostevabast terasest k\u00e4epide loob huvitava kontrasti matile mustale malmile. Suur klaasuks v\u00f5imaldab nautida elava tule m\u00e4ngu ilma takistusteta. See ei ole ainult t\u00f5hus soojusallikas, vaid ka stiilne sisekujunduselement teie elutoas. Iga detail on loodud pakkuma maksimaalset visuaalset naudingut ja funktsionaalsust. Alumine puude hoiukoht aitab hoida kodus puhtust ja korda.<\/p>\n<p>See malmkamin t\u00f6\u00f6tab konvektsiooniprintsiibil. See tagab puhta ja eriti t\u00f5husa p\u00f5lemise teie kodus. Tootel on Skandinaavia keskkonnam\u00e4rgis &#8220;P\u00f5hjamaade Luik&#8221;. See kinnitab vastavust k\u00f5rgeimatele \u00f6koloogilistele ja s\u00e4\u00e4stvuse standarditele. Selle seeria kaminates kasutatav p\u00f5lemistehnoloogia kasutab eelsoojendatud \u00f5hku. See tagab koldes k\u00f5rgema temperatuuri, t\u00e4nu millele p\u00f5letatakse peaaegu k\u00f5ik heitgaasid. See on teile kasulik ja keskkonnas\u00f5bralik protsess. K\u00f5rge kulut\u00f5husus v\u00f5imaldab k\u00fctust s\u00e4\u00e4sta igal k\u00fctteperioodil. Malmil on unikaalsed omadused soojuse salvestamiseks. Materjal on vastupidav l\u00e4bip\u00f5lemisele ja ei deformeeru p\u00e4rast kuumenemist.<\/p>\n<h5>Erilised omadused ja kaasaegne juhtimine<\/h5>\n<p>Mors\u00f8 7843 mudelil on lihtne ja mugav \u00fche hoovaga juhtimine. Spetsiaalne \u00f5hupuhastuss\u00fcsteem tagab tahmavaba klaasi. Te ei pea ukseklaasi sageli puhastama. Eemaldatav tuhasahtel v\u00f5imaldab kaminat kiiresti ja puhtalt hooldada. Isesulguv ukses\u00fcsteem suurendab kodu turvalisust. See on eriti oluline laste v\u00f5i lemmikloomadega peredes. Nimiv\u00f5imsus 7,3 kW soojendab t\u00f5husalt pinda kuni 120 m2. A-energiaklass garanteerib s\u00e4\u00e4stliku k\u00fctusekasutuse. Kamina kaal on 154,5 kg ja k\u00f5rgus 1157 mm. Halutasu pikkus on 33 cm, mis muudab selle kasutamise mugavaks. See malmkamin on erakordselt s\u00e4\u00e4stlik toode teie perele.<\/p>\n","protected":false},"excerpt":{"rendered":"<p data-path-to-node=\"35,0,0\">T\u00fc\u00fcp: Konvektsioon-malmkamin puuderiiuliga<br \/>\nEnergiaklass: A<br \/>\nNimiv\u00f5imsus: 7,3 kw | K\u00fcttev\u00f5imsus: 4-8 kw<br \/>\nK\u00fctatav pind: 60-120 m2<br \/>\nK\u00f5rgus: 1157 mm | Laius: 504 mm | S\u00fcgavus: 435 mm<br \/>\nSuitsutoru: 150 mm<br \/>\nKaal: 154,5 kg | Halutasu pikkus: 33 cm<\/p>\n","protected":false},"featured_media":6997,"comment_status":"open","ping_status":"closed","template":"","meta":[],"product_brand":[],"product_cat":[210],"product_tag":[],"class_list":{"0":"post-4788","1":"product","2":"type-product","3":"status-publish","4":"has-post-thumbnail","6":"product_cat-pliidid","8":"first","9":"instock","10":"taxable","11":"shipping-taxable","12":"purchasable","13":"product-type-simple"},"yoast_head":"<!-- This site is optimized with the Yoast SEO plugin v27.3 - https:\/\/yoast.com\/product\/yoast-seo-wordpress\/ -->\n<title>Malmkamin Mors\u00f8 7843 \u2013 Monica Ritterbandi disain ja puuderiiul<\/title>\n<meta name=\"description\" content=\"Mors\u00f8 7843 on v\u00f5imas puude hoiukohaga malmkamin. A-energiaklass, Monica Ritterbandi disain ja &quot;P\u00f5hjamaade Luik&quot; m\u00e4rgis teie kodu soojuseks.\" \/>\n<meta name=\"robots\" content=\"index, follow, max-snippet:-1, max-image-preview:large, max-video-preview:-1\" \/>\n<link rel=\"canonical\" href=\"https:\/\/morsobaltic.com\/et\/produktas\/kamin-morso-7843\/\" \/>\n<meta property=\"og:locale\" content=\"et_EE\" \/>\n<meta property=\"og:type\" content=\"article\" \/>\n<meta property=\"og:title\" content=\"Malmkamin Mors\u00f8 7843 \u2013 Monica Ritterbandi disain ja puuderiiul\" \/>\n<meta property=\"og:description\" content=\"Mors\u00f8 7843 on v\u00f5imas puude hoiukohaga malmkamin. A-energiaklass, Monica Ritterbandi disain ja &quot;P\u00f5hjamaade Luik&quot; m\u00e4rgis teie kodu soojuseks.\" \/>\n<meta property=\"og:url\" content=\"https:\/\/morsobaltic.com\/et\/produktas\/kamin-morso-7843\/\" \/>\n<meta property=\"og:site_name\" content=\"MORSO Baltic\" \/>\n<meta property=\"article:modified_time\" content=\"2026-03-18T17:46:34+00:00\" \/>\n<meta property=\"og:image\" content=\"https:\/\/morsobaltic.com\/wp-content\/uploads\/2025\/02\/7843_1080x1080.png\" \/>\n\t<meta property=\"og:image:width\" content=\"1080\" \/>\n\t<meta property=\"og:image:height\" content=\"1080\" \/>\n\t<meta property=\"og:image:type\" content=\"image\/png\" \/>\n<meta name=\"twitter:card\" content=\"summary_large_image\" \/>\n<meta name=\"twitter:label1\" content=\"Est. reading time\" \/>\n\t<meta name=\"twitter:data1\" content=\"1 minut\" \/>\n<script type=\"application\/ld+json\" class=\"yoast-schema-graph\">{\"@context\":\"https:\\\/\\\/schema.org\",\"@graph\":[{\"@type\":\"WebPage\",\"@id\":\"https:\\\/\\\/morsobaltic.com\\\/et\\\/produktas\\\/kamin-morso-7843\\\/\",\"url\":\"https:\\\/\\\/morsobaltic.com\\\/et\\\/produktas\\\/kamin-morso-7843\\\/\",\"name\":\"Malmkamin Mors\u00f8 7843 \u2013 Monica Ritterbandi disain ja puuderiiul\",\"isPartOf\":{\"@id\":\"https:\\\/\\\/morsobaltic.com\\\/et\\\/#website\"},\"primaryImageOfPage\":{\"@id\":\"https:\\\/\\\/morsobaltic.com\\\/et\\\/produktas\\\/kamin-morso-7843\\\/#primaryimage\"},\"image\":{\"@id\":\"https:\\\/\\\/morsobaltic.com\\\/et\\\/produktas\\\/kamin-morso-7843\\\/#primaryimage\"},\"thumbnailUrl\":\"https:\\\/\\\/morsobaltic.com\\\/wp-content\\\/uploads\\\/2025\\\/02\\\/7843_1080x1080.png\",\"datePublished\":\"2025-02-17T19:42:07+00:00\",\"dateModified\":\"2026-03-18T17:46:34+00:00\",\"description\":\"Mors\u00f8 7843 on v\u00f5imas puude hoiukohaga malmkamin. A-energiaklass, Monica Ritterbandi disain ja \\\"P\u00f5hjamaade Luik\\\" m\u00e4rgis teie kodu soojuseks.\",\"breadcrumb\":{\"@id\":\"https:\\\/\\\/morsobaltic.com\\\/et\\\/produktas\\\/kamin-morso-7843\\\/#breadcrumb\"},\"inLanguage\":\"et\",\"potentialAction\":[{\"@type\":\"ReadAction\",\"target\":[\"https:\\\/\\\/morsobaltic.com\\\/et\\\/produktas\\\/kamin-morso-7843\\\/\"]}]},{\"@type\":\"ImageObject\",\"inLanguage\":\"et\",\"@id\":\"https:\\\/\\\/morsobaltic.com\\\/et\\\/produktas\\\/kamin-morso-7843\\\/#primaryimage\",\"url\":\"https:\\\/\\\/morsobaltic.com\\\/wp-content\\\/uploads\\\/2025\\\/02\\\/7843_1080x1080.png\",\"contentUrl\":\"https:\\\/\\\/morsobaltic.com\\\/wp-content\\\/uploads\\\/2025\\\/02\\\/7843_1080x1080.png\",\"width\":1080,\"height\":1080},{\"@type\":\"BreadcrumbList\",\"@id\":\"https:\\\/\\\/morsobaltic.com\\\/et\\\/produktas\\\/kamin-morso-7843\\\/#breadcrumb\",\"itemListElement\":[{\"@type\":\"ListItem\",\"position\":1,\"name\":\"Home\",\"item\":\"https:\\\/\\\/morsobaltic.com\\\/et\\\/\"},{\"@type\":\"ListItem\",\"position\":2,\"name\":\"Kauplus\",\"item\":\"https:\\\/\\\/morsobaltic.com\\\/parduotuve\\\/\"},{\"@type\":\"ListItem\",\"position\":3,\"name\":\"Kamin Morso 7843\"}]},{\"@type\":\"WebSite\",\"@id\":\"https:\\\/\\\/morsobaltic.com\\\/et\\\/#website\",\"url\":\"https:\\\/\\\/morsobaltic.com\\\/et\\\/\",\"name\":\"MORSO Baltic\",\"description\":\"\",\"alternateName\":\"MORSOBALTIC\",\"potentialAction\":[{\"@type\":\"SearchAction\",\"target\":{\"@type\":\"EntryPoint\",\"urlTemplate\":\"https:\\\/\\\/morsobaltic.com\\\/et\\\/?s={search_term_string}\"},\"query-input\":{\"@type\":\"PropertyValueSpecification\",\"valueRequired\":true,\"valueName\":\"search_term_string\"}}],\"inLanguage\":\"et\"}]}<\/script>\n<!-- \/ Yoast SEO plugin. -->","yoast_head_json":{"title":"Malmkamin Mors\u00f8 7843 \u2013 Monica Ritterbandi disain ja puuderiiul","description":"Mors\u00f8 7843 on v\u00f5imas puude hoiukohaga malmkamin. A-energiaklass, Monica Ritterbandi disain ja \"P\u00f5hjamaade Luik\" m\u00e4rgis teie kodu soojuseks.","robots":{"index":"index","follow":"follow","max-snippet":"max-snippet:-1","max-image-preview":"max-image-preview:large","max-video-preview":"max-video-preview:-1"},"canonical":"https:\/\/morsobaltic.com\/et\/produktas\/kamin-morso-7843\/","og_locale":"et_EE","og_type":"article","og_title":"Malmkamin Mors\u00f8 7843 \u2013 Monica Ritterbandi disain ja puuderiiul","og_description":"Mors\u00f8 7843 on v\u00f5imas puude hoiukohaga malmkamin. A-energiaklass, Monica Ritterbandi disain ja \"P\u00f5hjamaade Luik\" m\u00e4rgis teie kodu soojuseks.","og_url":"https:\/\/morsobaltic.com\/et\/produktas\/kamin-morso-7843\/","og_site_name":"MORSO Baltic","article_modified_time":"2026-03-18T17:46:34+00:00","og_image":[{"width":1080,"height":1080,"url":"https:\/\/morsobaltic.com\/wp-content\/uploads\/2025\/02\/7843_1080x1080.png","type":"image\/png"}],"twitter_card":"summary_large_image","twitter_misc":{"Est. reading time":"1 minut"},"schema":{"@context":"https:\/\/schema.org","@graph":[{"@type":"WebPage","@id":"https:\/\/morsobaltic.com\/et\/produktas\/kamin-morso-7843\/","url":"https:\/\/morsobaltic.com\/et\/produktas\/kamin-morso-7843\/","name":"Malmkamin Mors\u00f8 7843 \u2013 Monica Ritterbandi disain ja puuderiiul","isPartOf":{"@id":"https:\/\/morsobaltic.com\/et\/#website"},"primaryImageOfPage":{"@id":"https:\/\/morsobaltic.com\/et\/produktas\/kamin-morso-7843\/#primaryimage"},"image":{"@id":"https:\/\/morsobaltic.com\/et\/produktas\/kamin-morso-7843\/#primaryimage"},"thumbnailUrl":"https:\/\/morsobaltic.com\/wp-content\/uploads\/2025\/02\/7843_1080x1080.png","datePublished":"2025-02-17T19:42:07+00:00","dateModified":"2026-03-18T17:46:34+00:00","description":"Mors\u00f8 7843 on v\u00f5imas puude hoiukohaga malmkamin. A-energiaklass, Monica Ritterbandi disain ja \"P\u00f5hjamaade Luik\" m\u00e4rgis teie kodu soojuseks.","breadcrumb":{"@id":"https:\/\/morsobaltic.com\/et\/produktas\/kamin-morso-7843\/#breadcrumb"},"inLanguage":"et","potentialAction":[{"@type":"ReadAction","target":["https:\/\/morsobaltic.com\/et\/produktas\/kamin-morso-7843\/"]}]},{"@type":"ImageObject","inLanguage":"et","@id":"https:\/\/morsobaltic.com\/et\/produktas\/kamin-morso-7843\/#primaryimage","url":"https:\/\/morsobaltic.com\/wp-content\/uploads\/2025\/02\/7843_1080x1080.png","contentUrl":"https:\/\/morsobaltic.com\/wp-content\/uploads\/2025\/02\/7843_1080x1080.png","width":1080,"height":1080},{"@type":"BreadcrumbList","@id":"https:\/\/morsobaltic.com\/et\/produktas\/kamin-morso-7843\/#breadcrumb","itemListElement":[{"@type":"ListItem","position":1,"name":"Home","item":"https:\/\/morsobaltic.com\/et\/"},{"@type":"ListItem","position":2,"name":"Kauplus","item":"https:\/\/morsobaltic.com\/parduotuve\/"},{"@type":"ListItem","position":3,"name":"Kamin Morso 7843"}]},{"@type":"WebSite","@id":"https:\/\/morsobaltic.com\/et\/#website","url":"https:\/\/morsobaltic.com\/et\/","name":"MORSO Baltic","description":"","alternateName":"MORSOBALTIC","potentialAction":[{"@type":"SearchAction","target":{"@type":"EntryPoint","urlTemplate":"https:\/\/morsobaltic.com\/et\/?s={search_term_string}"},"query-input":{"@type":"PropertyValueSpecification","valueRequired":true,"valueName":"search_term_string"}}],"inLanguage":"et"}]}},"_links":{"self":[{"href":"https:\/\/morsobaltic.com\/et\/wp-json\/wp\/v2\/product\/4788","targetHints":{"allow":["GET"]}}],"collection":[{"href":"https:\/\/morsobaltic.com\/et\/wp-json\/wp\/v2\/product"}],"about":[{"href":"https:\/\/morsobaltic.com\/et\/wp-json\/wp\/v2\/types\/product"}],"replies":[{"embeddable":true,"href":"https:\/\/morsobaltic.com\/et\/wp-json\/wp\/v2\/comments?post=4788"}],"wp:featuredmedia":[{"embeddable":true,"href":"https:\/\/morsobaltic.com\/et\/wp-json\/wp\/v2\/media\/6997"}],"wp:attachment":[{"href":"https:\/\/morsobaltic.com\/et\/wp-json\/wp\/v2\/media?parent=4788"}],"wp:term":[{"taxonomy":"product_brand","embeddable":true,"href":"https:\/\/morsobaltic.com\/et\/wp-json\/wp\/v2\/product_brand?post=4788"},{"taxonomy":"product_cat","embeddable":true,"href":"https:\/\/morsobaltic.com\/et\/wp-json\/wp\/v2\/product_cat?post=4788"},{"taxonomy":"product_tag","embeddable":true,"href":"https:\/\/morsobaltic.com\/et\/wp-json\/wp\/v2\/product_tag?post=4788"}],"curies":[{"name":"wp","href":"https:\/\/api.w.org\/{rel}","templated":true}]}}