{"id":4933,"date":"2025-02-26T20:16:37","date_gmt":"2025-02-26T20:16:37","guid":{"rendered":"https:\/\/morsobaltic.com\/?post_type=product&#038;p=4933"},"modified":"2026-03-18T17:08:09","modified_gmt":"2026-03-18T17:08:09","slug":"kamin-morso-7970","status":"publish","type":"product","link":"https:\/\/morsobaltic.com\/et\/produktas\/kamin-morso-7970\/","title":{"rendered":"Kamin Morso 7970"},"content":{"rendered":"<h4>Mors\u00f8 7970 \u2013 elegantne seinadisain ja panoraamvaade tulele<\/h4>\n<p>Mors\u00f8 7970 on ainulaadne malmkamin, mis on m\u00f5eldud paigaldamiseks otse seinale. See seinamudel annab interj\u00f6\u00f6rile kerguse ja modernse ilme. 7900 seeria paistab silma oma muljetavaldava panoraamklaasist fassaadiga. Klaasuks ja k\u00fclgedel asuvad klaasseinad v\u00f5imaldavad nautida tuld 180-kraadise nurga alt. Leegid on n\u00e4htavad ruumi igast punktist. Disainer Monica Ritterband l\u00f5i selle mudeli sobivaks kaasaegsetesse kodudesse. See ei ole ainult t\u00f5hus soojusallikas, vaid ka luksuslik kunstiteos. Iga detail on loodud pakkuma maksimaalset visuaalset naudingut. Seinale kinnitatav konstruktsioon s\u00e4\u00e4stab v\u00e4\u00e4rtuslikku p\u00f5randapinda.<\/p>\n<p>See malmkamin t\u00f6\u00f6tab konvektsiooniprintsiibil. See tagab puhta ja eriti t\u00f5husa p\u00f5lemise teie kodus. Tootel on Skandinaavia keskkonnam\u00e4rgis &#8220;P\u00f5hjamaade Luik&#8221;. See kinnitab vastavust k\u00f5rgeimatele \u00f6koloogilistele ja s\u00e4\u00e4stvuse standarditele. Malmil on unikaalsed omadused soojuse salvestamiseks. See hoiab temperatuuri kauem ja jaotab seda ruumis \u00fchtlaselt. Materjal on vastupidav l\u00e4bip\u00f5lemisele ja ei deformeeru p\u00e4rast kuumenemist. Tootja annab malmkorpusele 10-aastase garantii. See n\u00e4itab toote j\u00e4tkusuutlikkust ja usaldusv\u00e4\u00e4rsust. V\u00f5ite seda kaminat usaldada paljudeks aastateks.<\/p>\n<h5>Erilised omadused ja kaasaegne funktsionaalsus<\/h5>\n<p>Mors\u00f8 7970 mudelil on palju praktilisi lahendusi teie igap\u00e4evaeluks. Spetsiaalne \u00f5hupuhastuss\u00fcsteem tagab tahmavaba klaasi. Te ei pea panoraampindu sageli puhastama. Eemaldatav tuhasahtel v\u00f5imaldab kaminat kiiresti ja puhtalt hooldada. Isesulguv ukses\u00fcsteem suurendab kodu turvalisust. See on eriti oluline kaasaegses elustiilis. Nimiv\u00f5imsus 7,3 kW soojendab t\u00f5husalt pinda kuni 120 m2. A-energiaklass garanteerib s\u00e4\u00e4stliku k\u00fctusekasutuse. Kamina kaal on 146 kg ja s\u00fcgavus 435 mm. Halutasu pikkus on 36 cm, mis muudab selle kasutamise mugavaks. See malmkamin on erakordselt s\u00e4\u00e4stlik toode.<\/p>\n","protected":false},"excerpt":{"rendered":"<p data-path-to-node=\"35,0,0\">T\u00fc\u00fcp: Konvektsioon-malmkamin (seinamudel)<br \/>\nEnergiaklass: A<br \/>\nNimiv\u00f5imsus: 7,3 kw | K\u00fcttev\u00f5imsus: 4-8 kw<br \/>\nK\u00fctatav pind: 60-120 m2<br \/>\nK\u00f5rgus: 696 mm | Laius: 504 mm | S\u00fcgavus: 435 mm<br \/>\nSuitsutoru: 150 mm<br \/>\nKaal: 146 kg | Halutasu pikkus: 36 cm<\/p>\n","protected":false},"featured_media":7039,"comment_status":"open","ping_status":"closed","template":"","meta":[],"product_brand":[],"product_cat":[210],"product_tag":[],"class_list":{"0":"post-4933","1":"product","2":"type-product","3":"status-publish","4":"has-post-thumbnail","6":"product_cat-pliidid","8":"first","9":"instock","10":"taxable","11":"shipping-taxable","12":"purchasable","13":"product-type-simple"},"yoast_head":"<!-- This site is optimized with the Yoast SEO plugin v27.3 - https:\/\/yoast.com\/product\/yoast-seo-wordpress\/ -->\n<title>Malmkamin Mors\u00f8 7970 \u2013 seinale kinnituv 180\u00b0 vaade<\/title>\n<meta name=\"description\" content=\"Mors\u00f8 7970 on v\u00f5imas seinale kinnitatav malmkamin. Panoraamklaas, konvektsioonis\u00fcsteem ja &quot;P\u00f5hjamaade Luik&quot; m\u00e4rgis teie kodu sisekujundusse.\" \/>\n<meta name=\"robots\" content=\"index, follow, max-snippet:-1, max-image-preview:large, max-video-preview:-1\" \/>\n<link rel=\"canonical\" href=\"https:\/\/morsobaltic.com\/et\/produktas\/kamin-morso-7970\/\" \/>\n<meta property=\"og:locale\" content=\"et_EE\" \/>\n<meta property=\"og:type\" content=\"article\" \/>\n<meta property=\"og:title\" content=\"Malmkamin Mors\u00f8 7970 \u2013 seinale kinnituv 180\u00b0 vaade\" \/>\n<meta property=\"og:description\" content=\"Mors\u00f8 7970 on v\u00f5imas seinale kinnitatav malmkamin. Panoraamklaas, konvektsioonis\u00fcsteem ja &quot;P\u00f5hjamaade Luik&quot; m\u00e4rgis teie kodu sisekujundusse.\" \/>\n<meta property=\"og:url\" content=\"https:\/\/morsobaltic.com\/et\/produktas\/kamin-morso-7970\/\" \/>\n<meta property=\"og:site_name\" content=\"MORSO Baltic\" \/>\n<meta property=\"article:modified_time\" content=\"2026-03-18T17:08:09+00:00\" \/>\n<meta property=\"og:image\" content=\"https:\/\/morsobaltic.com\/wp-content\/uploads\/2025\/02\/7970_1080x1080.png\" \/>\n\t<meta property=\"og:image:width\" content=\"1080\" \/>\n\t<meta property=\"og:image:height\" content=\"1080\" \/>\n\t<meta property=\"og:image:type\" content=\"image\/png\" \/>\n<meta name=\"twitter:card\" content=\"summary_large_image\" \/>\n<meta name=\"twitter:label1\" content=\"Est. reading time\" \/>\n\t<meta name=\"twitter:data1\" content=\"2 minutit\" \/>\n<script type=\"application\/ld+json\" class=\"yoast-schema-graph\">{\"@context\":\"https:\\\/\\\/schema.org\",\"@graph\":[{\"@type\":\"WebPage\",\"@id\":\"https:\\\/\\\/morsobaltic.com\\\/et\\\/produktas\\\/kamin-morso-7970\\\/\",\"url\":\"https:\\\/\\\/morsobaltic.com\\\/et\\\/produktas\\\/kamin-morso-7970\\\/\",\"name\":\"Malmkamin Mors\u00f8 7970 \u2013 seinale kinnituv 180\u00b0 vaade\",\"isPartOf\":{\"@id\":\"https:\\\/\\\/morsobaltic.com\\\/et\\\/#website\"},\"primaryImageOfPage\":{\"@id\":\"https:\\\/\\\/morsobaltic.com\\\/et\\\/produktas\\\/kamin-morso-7970\\\/#primaryimage\"},\"image\":{\"@id\":\"https:\\\/\\\/morsobaltic.com\\\/et\\\/produktas\\\/kamin-morso-7970\\\/#primaryimage\"},\"thumbnailUrl\":\"https:\\\/\\\/morsobaltic.com\\\/wp-content\\\/uploads\\\/2025\\\/02\\\/7970_1080x1080.png\",\"datePublished\":\"2025-02-26T20:16:37+00:00\",\"dateModified\":\"2026-03-18T17:08:09+00:00\",\"description\":\"Mors\u00f8 7970 on v\u00f5imas seinale kinnitatav malmkamin. Panoraamklaas, konvektsioonis\u00fcsteem ja \\\"P\u00f5hjamaade Luik\\\" m\u00e4rgis teie kodu sisekujundusse.\",\"breadcrumb\":{\"@id\":\"https:\\\/\\\/morsobaltic.com\\\/et\\\/produktas\\\/kamin-morso-7970\\\/#breadcrumb\"},\"inLanguage\":\"et\",\"potentialAction\":[{\"@type\":\"ReadAction\",\"target\":[\"https:\\\/\\\/morsobaltic.com\\\/et\\\/produktas\\\/kamin-morso-7970\\\/\"]}]},{\"@type\":\"ImageObject\",\"inLanguage\":\"et\",\"@id\":\"https:\\\/\\\/morsobaltic.com\\\/et\\\/produktas\\\/kamin-morso-7970\\\/#primaryimage\",\"url\":\"https:\\\/\\\/morsobaltic.com\\\/wp-content\\\/uploads\\\/2025\\\/02\\\/7970_1080x1080.png\",\"contentUrl\":\"https:\\\/\\\/morsobaltic.com\\\/wp-content\\\/uploads\\\/2025\\\/02\\\/7970_1080x1080.png\",\"width\":1080,\"height\":1080},{\"@type\":\"BreadcrumbList\",\"@id\":\"https:\\\/\\\/morsobaltic.com\\\/et\\\/produktas\\\/kamin-morso-7970\\\/#breadcrumb\",\"itemListElement\":[{\"@type\":\"ListItem\",\"position\":1,\"name\":\"Home\",\"item\":\"https:\\\/\\\/morsobaltic.com\\\/et\\\/\"},{\"@type\":\"ListItem\",\"position\":2,\"name\":\"Kauplus\",\"item\":\"https:\\\/\\\/morsobaltic.com\\\/parduotuve\\\/\"},{\"@type\":\"ListItem\",\"position\":3,\"name\":\"Kamin Morso 7970\"}]},{\"@type\":\"WebSite\",\"@id\":\"https:\\\/\\\/morsobaltic.com\\\/et\\\/#website\",\"url\":\"https:\\\/\\\/morsobaltic.com\\\/et\\\/\",\"name\":\"MORSO Baltic\",\"description\":\"\",\"alternateName\":\"MORSOBALTIC\",\"potentialAction\":[{\"@type\":\"SearchAction\",\"target\":{\"@type\":\"EntryPoint\",\"urlTemplate\":\"https:\\\/\\\/morsobaltic.com\\\/et\\\/?s={search_term_string}\"},\"query-input\":{\"@type\":\"PropertyValueSpecification\",\"valueRequired\":true,\"valueName\":\"search_term_string\"}}],\"inLanguage\":\"et\"}]}<\/script>\n<!-- \/ Yoast SEO plugin. -->","yoast_head_json":{"title":"Malmkamin Mors\u00f8 7970 \u2013 seinale kinnituv 180\u00b0 vaade","description":"Mors\u00f8 7970 on v\u00f5imas seinale kinnitatav malmkamin. Panoraamklaas, konvektsioonis\u00fcsteem ja \"P\u00f5hjamaade Luik\" m\u00e4rgis teie kodu sisekujundusse.","robots":{"index":"index","follow":"follow","max-snippet":"max-snippet:-1","max-image-preview":"max-image-preview:large","max-video-preview":"max-video-preview:-1"},"canonical":"https:\/\/morsobaltic.com\/et\/produktas\/kamin-morso-7970\/","og_locale":"et_EE","og_type":"article","og_title":"Malmkamin Mors\u00f8 7970 \u2013 seinale kinnituv 180\u00b0 vaade","og_description":"Mors\u00f8 7970 on v\u00f5imas seinale kinnitatav malmkamin. Panoraamklaas, konvektsioonis\u00fcsteem ja \"P\u00f5hjamaade Luik\" m\u00e4rgis teie kodu sisekujundusse.","og_url":"https:\/\/morsobaltic.com\/et\/produktas\/kamin-morso-7970\/","og_site_name":"MORSO Baltic","article_modified_time":"2026-03-18T17:08:09+00:00","og_image":[{"width":1080,"height":1080,"url":"https:\/\/morsobaltic.com\/wp-content\/uploads\/2025\/02\/7970_1080x1080.png","type":"image\/png"}],"twitter_card":"summary_large_image","twitter_misc":{"Est. reading time":"2 minutit"},"schema":{"@context":"https:\/\/schema.org","@graph":[{"@type":"WebPage","@id":"https:\/\/morsobaltic.com\/et\/produktas\/kamin-morso-7970\/","url":"https:\/\/morsobaltic.com\/et\/produktas\/kamin-morso-7970\/","name":"Malmkamin Mors\u00f8 7970 \u2013 seinale kinnituv 180\u00b0 vaade","isPartOf":{"@id":"https:\/\/morsobaltic.com\/et\/#website"},"primaryImageOfPage":{"@id":"https:\/\/morsobaltic.com\/et\/produktas\/kamin-morso-7970\/#primaryimage"},"image":{"@id":"https:\/\/morsobaltic.com\/et\/produktas\/kamin-morso-7970\/#primaryimage"},"thumbnailUrl":"https:\/\/morsobaltic.com\/wp-content\/uploads\/2025\/02\/7970_1080x1080.png","datePublished":"2025-02-26T20:16:37+00:00","dateModified":"2026-03-18T17:08:09+00:00","description":"Mors\u00f8 7970 on v\u00f5imas seinale kinnitatav malmkamin. Panoraamklaas, konvektsioonis\u00fcsteem ja \"P\u00f5hjamaade Luik\" m\u00e4rgis teie kodu sisekujundusse.","breadcrumb":{"@id":"https:\/\/morsobaltic.com\/et\/produktas\/kamin-morso-7970\/#breadcrumb"},"inLanguage":"et","potentialAction":[{"@type":"ReadAction","target":["https:\/\/morsobaltic.com\/et\/produktas\/kamin-morso-7970\/"]}]},{"@type":"ImageObject","inLanguage":"et","@id":"https:\/\/morsobaltic.com\/et\/produktas\/kamin-morso-7970\/#primaryimage","url":"https:\/\/morsobaltic.com\/wp-content\/uploads\/2025\/02\/7970_1080x1080.png","contentUrl":"https:\/\/morsobaltic.com\/wp-content\/uploads\/2025\/02\/7970_1080x1080.png","width":1080,"height":1080},{"@type":"BreadcrumbList","@id":"https:\/\/morsobaltic.com\/et\/produktas\/kamin-morso-7970\/#breadcrumb","itemListElement":[{"@type":"ListItem","position":1,"name":"Home","item":"https:\/\/morsobaltic.com\/et\/"},{"@type":"ListItem","position":2,"name":"Kauplus","item":"https:\/\/morsobaltic.com\/parduotuve\/"},{"@type":"ListItem","position":3,"name":"Kamin Morso 7970"}]},{"@type":"WebSite","@id":"https:\/\/morsobaltic.com\/et\/#website","url":"https:\/\/morsobaltic.com\/et\/","name":"MORSO Baltic","description":"","alternateName":"MORSOBALTIC","potentialAction":[{"@type":"SearchAction","target":{"@type":"EntryPoint","urlTemplate":"https:\/\/morsobaltic.com\/et\/?s={search_term_string}"},"query-input":{"@type":"PropertyValueSpecification","valueRequired":true,"valueName":"search_term_string"}}],"inLanguage":"et"}]}},"_links":{"self":[{"href":"https:\/\/morsobaltic.com\/et\/wp-json\/wp\/v2\/product\/4933","targetHints":{"allow":["GET"]}}],"collection":[{"href":"https:\/\/morsobaltic.com\/et\/wp-json\/wp\/v2\/product"}],"about":[{"href":"https:\/\/morsobaltic.com\/et\/wp-json\/wp\/v2\/types\/product"}],"replies":[{"embeddable":true,"href":"https:\/\/morsobaltic.com\/et\/wp-json\/wp\/v2\/comments?post=4933"}],"wp:featuredmedia":[{"embeddable":true,"href":"https:\/\/morsobaltic.com\/et\/wp-json\/wp\/v2\/media\/7039"}],"wp:attachment":[{"href":"https:\/\/morsobaltic.com\/et\/wp-json\/wp\/v2\/media?parent=4933"}],"wp:term":[{"taxonomy":"product_brand","embeddable":true,"href":"https:\/\/morsobaltic.com\/et\/wp-json\/wp\/v2\/product_brand?post=4933"},{"taxonomy":"product_cat","embeddable":true,"href":"https:\/\/morsobaltic.com\/et\/wp-json\/wp\/v2\/product_cat?post=4933"},{"taxonomy":"product_tag","embeddable":true,"href":"https:\/\/morsobaltic.com\/et\/wp-json\/wp\/v2\/product_tag?post=4933"}],"curies":[{"name":"wp","href":"https:\/\/api.w.org\/{rel}","templated":true}]}}