{"id":5602,"date":"2025-06-03T10:10:01","date_gmt":"2025-06-03T10:10:01","guid":{"rendered":"https:\/\/morsobaltic.com\/?post_type=product&#038;p=5602"},"modified":"2026-03-19T20:19:05","modified_gmt":"2026-03-19T20:19:05","slug":"morso-forno-el-medio-elektriline-grill","status":"publish","type":"product","link":"https:\/\/morsobaltic.com\/et\/produktas\/morso-forno-el-medio-elektriline-grill\/","title":{"rendered":"MORSO FORNO EL Medio &#8211; Elektriline grill"},"content":{"rendered":"<h4>Mors\u00f8 Forno EL Medio \u2013 universaalne elektrigrill teie terrassile<\/h4>\n<p>Mors\u00f8 Forno EL Medio on ideaalne valik neile, kellel on v\u00e4ike terrass, kuid kes ei soovi loobuda \u00f5ues toiduvalmistamise r\u00f5\u00f5must. See universaalne ja ainulaadne lahendus \u00fchendab kaasaegse tehnoloogia traditsioonilise kvaliteediga. Elektrigrill sobib suurep\u00e4raselt nii kiirete roogade, n\u00e4iteks steikide v\u00f5i ribide valmistamiseks, kui ka aeglaseks k\u00fcpsetamiseks. Kui otsite seadet, mis ei v\u00f5taks palju ruumi, kuid pakuks maksimaalset funktsionaalsust, siis see mudel vastab teie ootustele. See on suurep\u00e4rane investeering kaasaegsesse v\u00e4lik\u00f6\u00f6ki, mis v\u00f5imaldab nautida professionaalseid tulemusi ilma k\u00fcttepuude v\u00f5i gaasi vajaduseta.<\/p>\n<h5>Multifunktsionaalsed v\u00f5imalused ja t\u00e4pne juhtimine<\/h5>\n<p>Seda multifunktsionaalset ahju-grilli iseloomustavad erakordselt laiad toiduvalmistamise v\u00f5imalused. Kasutades lisatarvikuid, nagu k\u00fcpsetusplaat, pitsakivi v\u00f5i varras, saate valmistada v\u00e4ga erinevaid roogasid. Temperatuuri on selles seadmes reguleerida imelihtne ja t\u00e4pne \u2013 vahemikus 50 \u00b0C kuni 400 \u00b0C, tagades t\u00e4iusliku k\u00fcpsetusprotsessi. Eriline funktsioon on \u00fclemine ja alumine kuumutus, mida saab juhtida s\u00f5ltuvalt valmistatavast toidust. Otseseks grillimiseks kasutatakse ainult alumist kuumutust, pitsa valmistamisel v\u00f5i liha pikaajalisel hautamisel aga m\u00f5lema elemendi kombinatsiooni. Lisaks v\u00f5imaldab reguleeritav korstna siiber kontrollida niiskust ja suitsu hulka ahju sees.<\/p>\n<h5>Autentne grilli maitse ja aroom<\/h5>\n<p>Kuigi tegemist on elektriseadmega, v\u00f5imaldab Mors\u00f8 Forno EL Medio saavutada autentset suitsust aroomi. Grillimisel puutuvad osa mahladest ja rasvadest kokku k\u00fctteelementidega, tekitades suitsu, mis annab toidule selle kordumatu grillimaitse. Integreeritud taimer aitab t\u00e4pselt j\u00e4lgida k\u00fcpsetusaega, nii et teie kepsniaid on alati mahlased. K\u00fcpsetusplaat ja pitsakivi muudavad selle grilli t\u00f5eliseks pitsaahjuks. T\u00e4nu k\u00f5rgele temperatuurile saavutatakse kr\u00f5be p\u00f5hi, mis on omane parimatele pitsabaaridele. See on universaalne t\u00f6\u00f6riist, mis kohandub teie vajadustega, olgu tegemist rahuliku pere\u00f5htu v\u00f5i meeleoluka s\u00f5prade kogunemisega v\u00e4literrassil.<\/p>\n<h5>Kasutussoovitused ja hooldus<\/h5>\n<p>On oluline m\u00f5ista, et regulaarselt kasutatavad v\u00e4listingimustes olevad tooted kuluvad keskkonnam\u00f5jude t\u00f5ttu. V\u00f5ib tekkida v\u00e4iksemaid kriimustusi v\u00f5i korrosiooni m\u00e4rke, kuid see on kergesti parandatav spetsiaalse hoolduskomplekti abil. Kasutades tootja soovitatud komplekti, saate grilli v\u00e4rskendada nii, et see n\u00e4eb j\u00e4lle v\u00e4lja peaaegu nagu uus. Soovitame alati kasutada kaitsekatet vihma eest, kui seadet ei kasutata. Enne katmist veenduge alati, et grill on t\u00e4ielikult jahtunud ja kuiv. Kvaliteetne kate ei lase niiskusel l\u00e4bi tungida, kaitstes malmdetaile rooste eest ja tagades seadme pikaealisuse paljudeks aastateks.<\/p>\n<p><iframe title=\"How to use the Mors\u00f8 Forno El Medio \u2013 Step-by-Step Guide\" width=\"640\" height=\"360\" src=\"https:\/\/www.youtube.com\/embed\/qQGOPYjExLk?feature=oembed\" frameborder=\"0\" allow=\"accelerometer; autoplay; clipboard-write; encrypted-media; gyroscope; picture-in-picture; web-share\" referrerpolicy=\"strict-origin-when-cross-origin\" allowfullscreen><\/iframe><\/p>\n<p>&nbsp;<\/p>\n","protected":false},"excerpt":{"rendered":"<p>T\u00fc\u00fcp: Multifunktsionaalne elektriline v\u00e4lisahi ja grill<br \/>\nMaterjal: Valualumiinium ja klaaskiuga tugevdatud PA6<br \/>\nGrillrest: Emailitud malm<br \/>\nM\u00f5\u00f5tmed: 55,0 x 59,5 x 43,0 cm<br \/>\nKaal: 20 kg<br \/>\nV\u00f5imsus: 2,2 kW (230 V, juhe 1950 mm)<br \/>\nV\u00e4rv: Antratsiithall<\/p>\n","protected":false},"featured_media":7142,"comment_status":"open","ping_status":"closed","template":"","meta":[],"product_brand":[],"product_cat":[86],"product_tag":[],"class_list":{"0":"post-5602","1":"product","2":"type-product","3":"status-publish","4":"has-post-thumbnail","6":"product_cat-grillid","8":"first","9":"instock","10":"taxable","11":"shipping-taxable","12":"purchasable","13":"product-type-simple"},"yoast_head":"<!-- This site is optimized with the Yoast SEO plugin v27.3 - https:\/\/yoast.com\/product\/yoast-seo-wordpress\/ -->\n<title>Mors\u00f8 Forno EL Medio \u2013 universaalne elektrigrill terrassile<\/title>\n<meta name=\"description\" content=\"Elektrigrill Mors\u00f8 Forno EL Medio \u00fchendab modernse tehnoloogia ja traditsioonilise kvaliteedi. Ideaalne pitsa ja grillroogade valmistamiseks v\u00e4ikesel terrassil.\" \/>\n<meta name=\"robots\" content=\"index, follow, max-snippet:-1, max-image-preview:large, max-video-preview:-1\" \/>\n<link rel=\"canonical\" href=\"https:\/\/morsobaltic.com\/et\/produktas\/morso-forno-el-medio-elektriline-grill\/\" \/>\n<meta property=\"og:locale\" content=\"et_EE\" \/>\n<meta property=\"og:type\" content=\"article\" \/>\n<meta property=\"og:title\" content=\"Mors\u00f8 Forno EL Medio \u2013 universaalne elektrigrill terrassile\" \/>\n<meta property=\"og:description\" content=\"Elektrigrill Mors\u00f8 Forno EL Medio \u00fchendab modernse tehnoloogia ja traditsioonilise kvaliteedi. Ideaalne pitsa ja grillroogade valmistamiseks v\u00e4ikesel terrassil.\" \/>\n<meta property=\"og:url\" content=\"https:\/\/morsobaltic.com\/et\/produktas\/morso-forno-el-medio-elektriline-grill\/\" \/>\n<meta property=\"og:site_name\" content=\"MORSO Baltic\" \/>\n<meta property=\"article:modified_time\" content=\"2026-03-19T20:19:05+00:00\" \/>\n<meta property=\"og:image\" content=\"https:\/\/morsobaltic.com\/wp-content\/uploads\/2025\/06\/3.png\" \/>\n\t<meta property=\"og:image:width\" content=\"1080\" \/>\n\t<meta property=\"og:image:height\" content=\"1080\" \/>\n\t<meta property=\"og:image:type\" content=\"image\/png\" \/>\n<meta name=\"twitter:card\" content=\"summary_large_image\" \/>\n<meta name=\"twitter:label1\" content=\"Est. reading time\" \/>\n\t<meta name=\"twitter:data1\" content=\"3 minutit\" \/>\n<script type=\"application\/ld+json\" class=\"yoast-schema-graph\">{\"@context\":\"https:\\\/\\\/schema.org\",\"@graph\":[{\"@type\":\"WebPage\",\"@id\":\"https:\\\/\\\/morsobaltic.com\\\/et\\\/produktas\\\/morso-forno-el-medio-elektriline-grill\\\/\",\"url\":\"https:\\\/\\\/morsobaltic.com\\\/et\\\/produktas\\\/morso-forno-el-medio-elektriline-grill\\\/\",\"name\":\"Mors\u00f8 Forno EL Medio \u2013 universaalne elektrigrill terrassile\",\"isPartOf\":{\"@id\":\"https:\\\/\\\/morsobaltic.com\\\/et\\\/#website\"},\"primaryImageOfPage\":{\"@id\":\"https:\\\/\\\/morsobaltic.com\\\/et\\\/produktas\\\/morso-forno-el-medio-elektriline-grill\\\/#primaryimage\"},\"image\":{\"@id\":\"https:\\\/\\\/morsobaltic.com\\\/et\\\/produktas\\\/morso-forno-el-medio-elektriline-grill\\\/#primaryimage\"},\"thumbnailUrl\":\"https:\\\/\\\/morsobaltic.com\\\/wp-content\\\/uploads\\\/2025\\\/06\\\/3.png\",\"datePublished\":\"2025-06-03T10:10:01+00:00\",\"dateModified\":\"2026-03-19T20:19:05+00:00\",\"description\":\"Elektrigrill Mors\u00f8 Forno EL Medio \u00fchendab modernse tehnoloogia ja traditsioonilise kvaliteedi. Ideaalne pitsa ja grillroogade valmistamiseks v\u00e4ikesel terrassil.\",\"breadcrumb\":{\"@id\":\"https:\\\/\\\/morsobaltic.com\\\/et\\\/produktas\\\/morso-forno-el-medio-elektriline-grill\\\/#breadcrumb\"},\"inLanguage\":\"et\",\"potentialAction\":[{\"@type\":\"ReadAction\",\"target\":[\"https:\\\/\\\/morsobaltic.com\\\/et\\\/produktas\\\/morso-forno-el-medio-elektriline-grill\\\/\"]}]},{\"@type\":\"ImageObject\",\"inLanguage\":\"et\",\"@id\":\"https:\\\/\\\/morsobaltic.com\\\/et\\\/produktas\\\/morso-forno-el-medio-elektriline-grill\\\/#primaryimage\",\"url\":\"https:\\\/\\\/morsobaltic.com\\\/wp-content\\\/uploads\\\/2025\\\/06\\\/3.png\",\"contentUrl\":\"https:\\\/\\\/morsobaltic.com\\\/wp-content\\\/uploads\\\/2025\\\/06\\\/3.png\",\"width\":1080,\"height\":1080},{\"@type\":\"BreadcrumbList\",\"@id\":\"https:\\\/\\\/morsobaltic.com\\\/et\\\/produktas\\\/morso-forno-el-medio-elektriline-grill\\\/#breadcrumb\",\"itemListElement\":[{\"@type\":\"ListItem\",\"position\":1,\"name\":\"Home\",\"item\":\"https:\\\/\\\/morsobaltic.com\\\/et\\\/\"},{\"@type\":\"ListItem\",\"position\":2,\"name\":\"Kauplus\",\"item\":\"https:\\\/\\\/morsobaltic.com\\\/parduotuve\\\/\"},{\"@type\":\"ListItem\",\"position\":3,\"name\":\"MORSO FORNO EL Medio &#8211; Elektriline grill\"}]},{\"@type\":\"WebSite\",\"@id\":\"https:\\\/\\\/morsobaltic.com\\\/et\\\/#website\",\"url\":\"https:\\\/\\\/morsobaltic.com\\\/et\\\/\",\"name\":\"MORSO Baltic\",\"description\":\"\",\"alternateName\":\"MORSOBALTIC\",\"potentialAction\":[{\"@type\":\"SearchAction\",\"target\":{\"@type\":\"EntryPoint\",\"urlTemplate\":\"https:\\\/\\\/morsobaltic.com\\\/et\\\/?s={search_term_string}\"},\"query-input\":{\"@type\":\"PropertyValueSpecification\",\"valueRequired\":true,\"valueName\":\"search_term_string\"}}],\"inLanguage\":\"et\"}]}<\/script>\n<!-- \/ Yoast SEO plugin. -->","yoast_head_json":{"title":"Mors\u00f8 Forno EL Medio \u2013 universaalne elektrigrill terrassile","description":"Elektrigrill Mors\u00f8 Forno EL Medio \u00fchendab modernse tehnoloogia ja traditsioonilise kvaliteedi. Ideaalne pitsa ja grillroogade valmistamiseks v\u00e4ikesel terrassil.","robots":{"index":"index","follow":"follow","max-snippet":"max-snippet:-1","max-image-preview":"max-image-preview:large","max-video-preview":"max-video-preview:-1"},"canonical":"https:\/\/morsobaltic.com\/et\/produktas\/morso-forno-el-medio-elektriline-grill\/","og_locale":"et_EE","og_type":"article","og_title":"Mors\u00f8 Forno EL Medio \u2013 universaalne elektrigrill terrassile","og_description":"Elektrigrill Mors\u00f8 Forno EL Medio \u00fchendab modernse tehnoloogia ja traditsioonilise kvaliteedi. Ideaalne pitsa ja grillroogade valmistamiseks v\u00e4ikesel terrassil.","og_url":"https:\/\/morsobaltic.com\/et\/produktas\/morso-forno-el-medio-elektriline-grill\/","og_site_name":"MORSO Baltic","article_modified_time":"2026-03-19T20:19:05+00:00","og_image":[{"width":1080,"height":1080,"url":"https:\/\/morsobaltic.com\/wp-content\/uploads\/2025\/06\/3.png","type":"image\/png"}],"twitter_card":"summary_large_image","twitter_misc":{"Est. reading time":"3 minutit"},"schema":{"@context":"https:\/\/schema.org","@graph":[{"@type":"WebPage","@id":"https:\/\/morsobaltic.com\/et\/produktas\/morso-forno-el-medio-elektriline-grill\/","url":"https:\/\/morsobaltic.com\/et\/produktas\/morso-forno-el-medio-elektriline-grill\/","name":"Mors\u00f8 Forno EL Medio \u2013 universaalne elektrigrill terrassile","isPartOf":{"@id":"https:\/\/morsobaltic.com\/et\/#website"},"primaryImageOfPage":{"@id":"https:\/\/morsobaltic.com\/et\/produktas\/morso-forno-el-medio-elektriline-grill\/#primaryimage"},"image":{"@id":"https:\/\/morsobaltic.com\/et\/produktas\/morso-forno-el-medio-elektriline-grill\/#primaryimage"},"thumbnailUrl":"https:\/\/morsobaltic.com\/wp-content\/uploads\/2025\/06\/3.png","datePublished":"2025-06-03T10:10:01+00:00","dateModified":"2026-03-19T20:19:05+00:00","description":"Elektrigrill Mors\u00f8 Forno EL Medio \u00fchendab modernse tehnoloogia ja traditsioonilise kvaliteedi. Ideaalne pitsa ja grillroogade valmistamiseks v\u00e4ikesel terrassil.","breadcrumb":{"@id":"https:\/\/morsobaltic.com\/et\/produktas\/morso-forno-el-medio-elektriline-grill\/#breadcrumb"},"inLanguage":"et","potentialAction":[{"@type":"ReadAction","target":["https:\/\/morsobaltic.com\/et\/produktas\/morso-forno-el-medio-elektriline-grill\/"]}]},{"@type":"ImageObject","inLanguage":"et","@id":"https:\/\/morsobaltic.com\/et\/produktas\/morso-forno-el-medio-elektriline-grill\/#primaryimage","url":"https:\/\/morsobaltic.com\/wp-content\/uploads\/2025\/06\/3.png","contentUrl":"https:\/\/morsobaltic.com\/wp-content\/uploads\/2025\/06\/3.png","width":1080,"height":1080},{"@type":"BreadcrumbList","@id":"https:\/\/morsobaltic.com\/et\/produktas\/morso-forno-el-medio-elektriline-grill\/#breadcrumb","itemListElement":[{"@type":"ListItem","position":1,"name":"Home","item":"https:\/\/morsobaltic.com\/et\/"},{"@type":"ListItem","position":2,"name":"Kauplus","item":"https:\/\/morsobaltic.com\/parduotuve\/"},{"@type":"ListItem","position":3,"name":"MORSO FORNO EL Medio &#8211; Elektriline grill"}]},{"@type":"WebSite","@id":"https:\/\/morsobaltic.com\/et\/#website","url":"https:\/\/morsobaltic.com\/et\/","name":"MORSO Baltic","description":"","alternateName":"MORSOBALTIC","potentialAction":[{"@type":"SearchAction","target":{"@type":"EntryPoint","urlTemplate":"https:\/\/morsobaltic.com\/et\/?s={search_term_string}"},"query-input":{"@type":"PropertyValueSpecification","valueRequired":true,"valueName":"search_term_string"}}],"inLanguage":"et"}]}},"_links":{"self":[{"href":"https:\/\/morsobaltic.com\/et\/wp-json\/wp\/v2\/product\/5602","targetHints":{"allow":["GET"]}}],"collection":[{"href":"https:\/\/morsobaltic.com\/et\/wp-json\/wp\/v2\/product"}],"about":[{"href":"https:\/\/morsobaltic.com\/et\/wp-json\/wp\/v2\/types\/product"}],"replies":[{"embeddable":true,"href":"https:\/\/morsobaltic.com\/et\/wp-json\/wp\/v2\/comments?post=5602"}],"wp:featuredmedia":[{"embeddable":true,"href":"https:\/\/morsobaltic.com\/et\/wp-json\/wp\/v2\/media\/7142"}],"wp:attachment":[{"href":"https:\/\/morsobaltic.com\/et\/wp-json\/wp\/v2\/media?parent=5602"}],"wp:term":[{"taxonomy":"product_brand","embeddable":true,"href":"https:\/\/morsobaltic.com\/et\/wp-json\/wp\/v2\/product_brand?post=5602"},{"taxonomy":"product_cat","embeddable":true,"href":"https:\/\/morsobaltic.com\/et\/wp-json\/wp\/v2\/product_cat?post=5602"},{"taxonomy":"product_tag","embeddable":true,"href":"https:\/\/morsobaltic.com\/et\/wp-json\/wp\/v2\/product_tag?post=5602"}],"curies":[{"name":"wp","href":"https:\/\/api.w.org\/{rel}","templated":true}]}}