{"id":8489,"date":"2026-04-15T19:02:57","date_gmt":"2026-04-15T19:02:57","guid":{"rendered":"https:\/\/morsobaltic.com\/produktas\/morso-roast-pan-kepimo-indas-forno-el-medio\/"},"modified":"2026-04-15T19:19:44","modified_gmt":"2026-04-15T19:19:44","slug":"morso-roast-pan-kupsetusnou-forno-el-medio","status":"publish","type":"product","link":"https:\/\/morsobaltic.com\/et\/produktas\/morso-roast-pan-kupsetusnou-forno-el-medio\/","title":{"rendered":"Mors\u00f8 Roast Pan \u2013 k\u00fcpsetusn\u00f5u, Forno EL Medio"},"content":{"rendered":"<h4>Mors\u00f8 Roast Pan \u2013 universaalsus ja t\u00e4iuslik k\u00fcpsetamine<\/h4>\n<p>See kolmekihiline roostevabast terasest k\u00fcpsetusn\u00f5u on enamat kui lihtsalt tavaline pann. Tootja on siin \u00fchendanud hautamis- ja k\u00fcpsetusplaadi omadused \u00fchte tootesse. Kolmekihiline tehnoloogia tagab, et soojus jaotub pinnal erakordselt \u00fchtlaselt. See on ideaalne lahendus toidu aeglaseks valmistamiseks teie ahjus. Kasutades seda t\u00f6\u00f6riista, saate saavutada professionaalseid tulemusi oma kodus. See lisatarvik v\u00f5imaldab nautida mahlaseid praade ja hautisi. See on asendamatu valik igale Forno EL Medio omanikule.<\/p>\n<p>Saate toiduvalmistamise protsessi h\u00f5lpsalt vastavalt oma vajadustele reguleerida. Kr\u00f5beda kooriku saamiseks suurendage lihtsalt \u00fclemist kuumust. See annab valmistatavale toidule suurep\u00e4rase grillefekti. Tavalisemaks k\u00fcpsetamiseks aktiveerige alumine kuumus. See k\u00fcpsetusn\u00f5u on loodud taluma suurt kuumust. Tooted k\u00fcpsevad selles \u00fchtlaselt ega kaota vajalikku niiskust. See annab vabaduse katsetada erinevate retseptidega. Teie \u00f5htus\u00f6\u00f6gid muutuvad veelgi maitsvamaks ja kvaliteetsemaks.<\/p>\n<h5>Vastupidav teras ja lihtne hooldus<\/h5>\n<p>K\u00f5rgekvaliteediline roostevaba teras garanteerib toote pikaealisuse. Kolmekihiline konstruktsioon ei lase korpusel temperatuuri m\u00f5jul deformeeruda. Toode on eriti tugev ja vastupidav igap\u00e4evaseks kasutamiseks. Hooldus p\u00e4rast toiduvalmistamist ei n\u00f5ua suurt pingutust. Pind on puhastatav kiiresti ja ilma suurema vaevata. See on s\u00e4\u00e4stev valik neile, kes hindavad ehedat skandinaavia kvaliteeti. See k\u00fcpsetusn\u00f5u teenib teid aastaid. Nautige kaasaegset l\u00e4henemist ahjus toiduvalmistamisele.<\/p>\n","protected":false},"excerpt":{"rendered":"<p>T\u00fc\u00fcp: K\u00fcpsetusn\u00f5u (Roast Pan)<br \/>\nMaterjal: 3-kihiline roostevaba teras<br \/>\nLaius: 380 mm<br \/>\nK\u00f5rgus: 50 mm<br \/>\nKaal: 1,73 kg<\/p>\n","protected":false},"featured_media":8482,"comment_status":"closed","ping_status":"closed","template":"","meta":[],"product_brand":[],"product_cat":[132],"product_tag":[],"class_list":{"0":"post-8489","1":"product","2":"type-product","3":"status-publish","4":"has-post-thumbnail","6":"product_cat-grillide-tarvikud","8":"first","9":"instock","10":"taxable","11":"shipping-taxable","12":"purchasable","13":"product-type-simple"},"yoast_head":"<!-- This site is optimized with the Yoast SEO plugin v27.5 - https:\/\/yoast.com\/product\/yoast-seo-wordpress\/ -->\n<title>Roostevabast terasest k\u00fcpsetusn\u00f5u Mors\u00f8 Roast Pan<\/title>\n<meta name=\"description\" content=\"Kolmekihiline k\u00fcpsetusn\u00f5u Mors\u00f8 Roast Pan Forno EL Medio ahjule. \u00dchtlane sooja jaotus tagab t\u00e4iusliku k\u00fcpsetamise ja kr\u00f5beda kooriku.\" \/>\n<meta name=\"robots\" content=\"index, follow, max-snippet:-1, max-image-preview:large, max-video-preview:-1\" \/>\n<link rel=\"canonical\" href=\"https:\/\/morsobaltic.com\/et\/produktas\/morso-roast-pan-kupsetusnou-forno-el-medio\/\" \/>\n<meta property=\"og:locale\" content=\"et_EE\" \/>\n<meta property=\"og:type\" content=\"article\" \/>\n<meta property=\"og:title\" content=\"Roostevabast terasest k\u00fcpsetusn\u00f5u Mors\u00f8 Roast Pan\" \/>\n<meta property=\"og:description\" content=\"Kolmekihiline k\u00fcpsetusn\u00f5u Mors\u00f8 Roast Pan Forno EL Medio ahjule. \u00dchtlane sooja jaotus tagab t\u00e4iusliku k\u00fcpsetamise ja kr\u00f5beda kooriku.\" \/>\n<meta property=\"og:url\" content=\"https:\/\/morsobaltic.com\/et\/produktas\/morso-roast-pan-kupsetusnou-forno-el-medio\/\" \/>\n<meta property=\"og:site_name\" content=\"MORSO Baltic\" \/>\n<meta property=\"article:modified_time\" content=\"2026-04-15T19:19:44+00:00\" \/>\n<meta property=\"og:image\" content=\"https:\/\/morsobaltic.com\/wp-content\/uploads\/2026\/04\/forno-el-medio_roast-pan-frit_900x900-6799c041.webp\" \/>\n\t<meta property=\"og:image:width\" content=\"900\" \/>\n\t<meta property=\"og:image:height\" content=\"900\" \/>\n\t<meta property=\"og:image:type\" content=\"image\/webp\" \/>\n<meta name=\"twitter:card\" content=\"summary_large_image\" \/>\n<meta name=\"twitter:label1\" content=\"Est. reading time\" \/>\n\t<meta name=\"twitter:data1\" content=\"2 minutit\" \/>\n<script type=\"application\/ld+json\" class=\"yoast-schema-graph\">{\"@context\":\"https:\\\/\\\/schema.org\",\"@graph\":[{\"@type\":\"WebPage\",\"@id\":\"https:\\\/\\\/morsobaltic.com\\\/et\\\/produktas\\\/morso-roast-pan-kupsetusnou-forno-el-medio\\\/\",\"url\":\"https:\\\/\\\/morsobaltic.com\\\/et\\\/produktas\\\/morso-roast-pan-kupsetusnou-forno-el-medio\\\/\",\"name\":\"Roostevabast terasest k\u00fcpsetusn\u00f5u Mors\u00f8 Roast Pan\",\"isPartOf\":{\"@id\":\"https:\\\/\\\/morsobaltic.com\\\/et\\\/#website\"},\"primaryImageOfPage\":{\"@id\":\"https:\\\/\\\/morsobaltic.com\\\/et\\\/produktas\\\/morso-roast-pan-kupsetusnou-forno-el-medio\\\/#primaryimage\"},\"image\":{\"@id\":\"https:\\\/\\\/morsobaltic.com\\\/et\\\/produktas\\\/morso-roast-pan-kupsetusnou-forno-el-medio\\\/#primaryimage\"},\"thumbnailUrl\":\"https:\\\/\\\/morsobaltic.com\\\/wp-content\\\/uploads\\\/2026\\\/04\\\/forno-el-medio_roast-pan-frit_900x900-6799c041.webp\",\"datePublished\":\"2026-04-15T19:02:57+00:00\",\"dateModified\":\"2026-04-15T19:19:44+00:00\",\"description\":\"Kolmekihiline k\u00fcpsetusn\u00f5u Mors\u00f8 Roast Pan Forno EL Medio ahjule. \u00dchtlane sooja jaotus tagab t\u00e4iusliku k\u00fcpsetamise ja kr\u00f5beda kooriku.\",\"breadcrumb\":{\"@id\":\"https:\\\/\\\/morsobaltic.com\\\/et\\\/produktas\\\/morso-roast-pan-kupsetusnou-forno-el-medio\\\/#breadcrumb\"},\"inLanguage\":\"et\",\"potentialAction\":[{\"@type\":\"ReadAction\",\"target\":[\"https:\\\/\\\/morsobaltic.com\\\/et\\\/produktas\\\/morso-roast-pan-kupsetusnou-forno-el-medio\\\/\"]}]},{\"@type\":\"ImageObject\",\"inLanguage\":\"et\",\"@id\":\"https:\\\/\\\/morsobaltic.com\\\/et\\\/produktas\\\/morso-roast-pan-kupsetusnou-forno-el-medio\\\/#primaryimage\",\"url\":\"https:\\\/\\\/morsobaltic.com\\\/wp-content\\\/uploads\\\/2026\\\/04\\\/forno-el-medio_roast-pan-frit_900x900-6799c041.webp\",\"contentUrl\":\"https:\\\/\\\/morsobaltic.com\\\/wp-content\\\/uploads\\\/2026\\\/04\\\/forno-el-medio_roast-pan-frit_900x900-6799c041.webp\",\"width\":900,\"height\":900},{\"@type\":\"BreadcrumbList\",\"@id\":\"https:\\\/\\\/morsobaltic.com\\\/et\\\/produktas\\\/morso-roast-pan-kupsetusnou-forno-el-medio\\\/#breadcrumb\",\"itemListElement\":[{\"@type\":\"ListItem\",\"position\":1,\"name\":\"Home\",\"item\":\"https:\\\/\\\/morsobaltic.com\\\/et\\\/\"},{\"@type\":\"ListItem\",\"position\":2,\"name\":\"Kauplus\",\"item\":\"https:\\\/\\\/morsobaltic.com\\\/parduotuve\\\/\"},{\"@type\":\"ListItem\",\"position\":3,\"name\":\"Mors\u00f8 Roast Pan \u2013 k\u00fcpsetusn\u00f5u, Forno EL Medio\"}]},{\"@type\":\"WebSite\",\"@id\":\"https:\\\/\\\/morsobaltic.com\\\/et\\\/#website\",\"url\":\"https:\\\/\\\/morsobaltic.com\\\/et\\\/\",\"name\":\"MORSO Baltic\",\"description\":\"\",\"alternateName\":\"MORSOBALTIC\",\"potentialAction\":[{\"@type\":\"SearchAction\",\"target\":{\"@type\":\"EntryPoint\",\"urlTemplate\":\"https:\\\/\\\/morsobaltic.com\\\/et\\\/?s={search_term_string}\"},\"query-input\":{\"@type\":\"PropertyValueSpecification\",\"valueRequired\":true,\"valueName\":\"search_term_string\"}}],\"inLanguage\":\"et\"}]}<\/script>\n<!-- \/ Yoast SEO plugin. -->","yoast_head_json":{"title":"Roostevabast terasest k\u00fcpsetusn\u00f5u Mors\u00f8 Roast Pan","description":"Kolmekihiline k\u00fcpsetusn\u00f5u Mors\u00f8 Roast Pan Forno EL Medio ahjule. \u00dchtlane sooja jaotus tagab t\u00e4iusliku k\u00fcpsetamise ja kr\u00f5beda kooriku.","robots":{"index":"index","follow":"follow","max-snippet":"max-snippet:-1","max-image-preview":"max-image-preview:large","max-video-preview":"max-video-preview:-1"},"canonical":"https:\/\/morsobaltic.com\/et\/produktas\/morso-roast-pan-kupsetusnou-forno-el-medio\/","og_locale":"et_EE","og_type":"article","og_title":"Roostevabast terasest k\u00fcpsetusn\u00f5u Mors\u00f8 Roast Pan","og_description":"Kolmekihiline k\u00fcpsetusn\u00f5u Mors\u00f8 Roast Pan Forno EL Medio ahjule. \u00dchtlane sooja jaotus tagab t\u00e4iusliku k\u00fcpsetamise ja kr\u00f5beda kooriku.","og_url":"https:\/\/morsobaltic.com\/et\/produktas\/morso-roast-pan-kupsetusnou-forno-el-medio\/","og_site_name":"MORSO Baltic","article_modified_time":"2026-04-15T19:19:44+00:00","og_image":[{"width":900,"height":900,"url":"https:\/\/morsobaltic.com\/wp-content\/uploads\/2026\/04\/forno-el-medio_roast-pan-frit_900x900-6799c041.webp","type":"image\/webp"}],"twitter_card":"summary_large_image","twitter_misc":{"Est. reading time":"2 minutit"},"schema":{"@context":"https:\/\/schema.org","@graph":[{"@type":"WebPage","@id":"https:\/\/morsobaltic.com\/et\/produktas\/morso-roast-pan-kupsetusnou-forno-el-medio\/","url":"https:\/\/morsobaltic.com\/et\/produktas\/morso-roast-pan-kupsetusnou-forno-el-medio\/","name":"Roostevabast terasest k\u00fcpsetusn\u00f5u Mors\u00f8 Roast Pan","isPartOf":{"@id":"https:\/\/morsobaltic.com\/et\/#website"},"primaryImageOfPage":{"@id":"https:\/\/morsobaltic.com\/et\/produktas\/morso-roast-pan-kupsetusnou-forno-el-medio\/#primaryimage"},"image":{"@id":"https:\/\/morsobaltic.com\/et\/produktas\/morso-roast-pan-kupsetusnou-forno-el-medio\/#primaryimage"},"thumbnailUrl":"https:\/\/morsobaltic.com\/wp-content\/uploads\/2026\/04\/forno-el-medio_roast-pan-frit_900x900-6799c041.webp","datePublished":"2026-04-15T19:02:57+00:00","dateModified":"2026-04-15T19:19:44+00:00","description":"Kolmekihiline k\u00fcpsetusn\u00f5u Mors\u00f8 Roast Pan Forno EL Medio ahjule. \u00dchtlane sooja jaotus tagab t\u00e4iusliku k\u00fcpsetamise ja kr\u00f5beda kooriku.","breadcrumb":{"@id":"https:\/\/morsobaltic.com\/et\/produktas\/morso-roast-pan-kupsetusnou-forno-el-medio\/#breadcrumb"},"inLanguage":"et","potentialAction":[{"@type":"ReadAction","target":["https:\/\/morsobaltic.com\/et\/produktas\/morso-roast-pan-kupsetusnou-forno-el-medio\/"]}]},{"@type":"ImageObject","inLanguage":"et","@id":"https:\/\/morsobaltic.com\/et\/produktas\/morso-roast-pan-kupsetusnou-forno-el-medio\/#primaryimage","url":"https:\/\/morsobaltic.com\/wp-content\/uploads\/2026\/04\/forno-el-medio_roast-pan-frit_900x900-6799c041.webp","contentUrl":"https:\/\/morsobaltic.com\/wp-content\/uploads\/2026\/04\/forno-el-medio_roast-pan-frit_900x900-6799c041.webp","width":900,"height":900},{"@type":"BreadcrumbList","@id":"https:\/\/morsobaltic.com\/et\/produktas\/morso-roast-pan-kupsetusnou-forno-el-medio\/#breadcrumb","itemListElement":[{"@type":"ListItem","position":1,"name":"Home","item":"https:\/\/morsobaltic.com\/et\/"},{"@type":"ListItem","position":2,"name":"Kauplus","item":"https:\/\/morsobaltic.com\/parduotuve\/"},{"@type":"ListItem","position":3,"name":"Mors\u00f8 Roast Pan \u2013 k\u00fcpsetusn\u00f5u, Forno EL Medio"}]},{"@type":"WebSite","@id":"https:\/\/morsobaltic.com\/et\/#website","url":"https:\/\/morsobaltic.com\/et\/","name":"MORSO Baltic","description":"","alternateName":"MORSOBALTIC","potentialAction":[{"@type":"SearchAction","target":{"@type":"EntryPoint","urlTemplate":"https:\/\/morsobaltic.com\/et\/?s={search_term_string}"},"query-input":{"@type":"PropertyValueSpecification","valueRequired":true,"valueName":"search_term_string"}}],"inLanguage":"et"}]}},"_links":{"self":[{"href":"https:\/\/morsobaltic.com\/et\/wp-json\/wp\/v2\/product\/8489","targetHints":{"allow":["GET"]}}],"collection":[{"href":"https:\/\/morsobaltic.com\/et\/wp-json\/wp\/v2\/product"}],"about":[{"href":"https:\/\/morsobaltic.com\/et\/wp-json\/wp\/v2\/types\/product"}],"replies":[{"embeddable":true,"href":"https:\/\/morsobaltic.com\/et\/wp-json\/wp\/v2\/comments?post=8489"}],"wp:featuredmedia":[{"embeddable":true,"href":"https:\/\/morsobaltic.com\/et\/wp-json\/wp\/v2\/media\/8482"}],"wp:attachment":[{"href":"https:\/\/morsobaltic.com\/et\/wp-json\/wp\/v2\/media?parent=8489"}],"wp:term":[{"taxonomy":"product_brand","embeddable":true,"href":"https:\/\/morsobaltic.com\/et\/wp-json\/wp\/v2\/product_brand?post=8489"},{"taxonomy":"product_cat","embeddable":true,"href":"https:\/\/morsobaltic.com\/et\/wp-json\/wp\/v2\/product_cat?post=8489"},{"taxonomy":"product_tag","embeddable":true,"href":"https:\/\/morsobaltic.com\/et\/wp-json\/wp\/v2\/product_tag?post=8489"}],"curies":[{"name":"wp","href":"https:\/\/api.w.org\/{rel}","templated":true}]}}