{"id":8520,"date":"2026-04-15T19:50:32","date_gmt":"2026-04-15T19:50:32","guid":{"rendered":"https:\/\/morsobaltic.com\/produktas\/morso-7443-krosnele-su-malkine\/"},"modified":"2026-04-15T19:54:52","modified_gmt":"2026-04-15T19:54:52","slug":"morso-7443-krosnele-su-malkine","status":"publish","type":"product","link":"https:\/\/morsobaltic.com\/et\/produktas\/morso-7443-krosnele-su-malkine\/","title":{"rendered":"Mors\u00f8 7443 \u2013 puuderiiuliga ahi"},"content":{"rendered":"<h4>Mors\u00f8 7443 ahi \u2013 elegants ja 180-kraadine vaade<\/h4>\n<p>See elegantne puuderiiuliga mudel on loodud Mors\u00f8 ettev\u00f5tte 160. aastap\u00e4eva t\u00e4histamiseks. Tegemist on \u00fche meie v\u00e4ikseima ahjuga, mis sobib oma kompaktsuse t\u00f5ttu suurep\u00e4raselt v\u00e4iksematesse ruumidesse. Esmakordselt ehib seda korpust uuendatud traditsiooniline orava s\u00fcmbol, mis t\u00e4histab pikka meistrit\u00f6\u00f6 ajalugu. Nagu k\u00f5ik 7400-seeria mudelid, on ka see ahi varustatud t\u00e4iendavate k\u00fcljeklaasidega. See tagab erakordse tulepanoraami, mis on n\u00e4htav igast k\u00fcljest.<\/p>\n<p>Mahukas puuderiiul ei ole ainult praktiline koht k\u00fctuse hoidmiseks, vaid toimib ka naturaalse sisekujunduselemendina. Ahi on varustatud kaasaegse konvektsioonis\u00fcsteemiga, mis jaotab soojuse ruumis kiiresti laiali. Eelsoojendatud p\u00f5lemis\u00f5hk ja kolmanda astme \u00f5hu sisselase tagavad puhta ning t\u00f5husa p\u00f5lemise. See on stiilne sisustuselement, mis toob teie koju hubasust ja skandinaavialikku v\u00f5lu.<\/p>\n<h5>Funktsionaalsus ja lisavarustus<\/h5>\n<p>Mors\u00f8 7443 on valmistatud matist mustast malmist, mis salvestab suurep\u00e4raselt soojust. Veelgi suurema esteetika saavutamiseks on v\u00f5imalik juurde osta spetsiaalne puuderiiuli uks. See j\u00e4rgib sokli kumerat kuju ning v\u00f5imaldab peita k\u00fcttepuud v\u00f5i muud tarvikud. Tahmavaba klaasis\u00fcsteem garanteerib, et vaade tulele p\u00fcsib selge pikka aega. Tuhasahtel ja v\u00e4lise \u00f5huvarustuse \u00fchendamise v\u00f5imalus muudavad kasutamise eriti mugavaks.<\/p>\n","protected":false},"excerpt":{"rendered":"<p>T\u00fc\u00fcp: Konvektsiooniga malmahi<br \/>\nV\u00f5imsus: 4,3 kW<br \/>\nK\u00f5rgus: 997 mm<br \/>\nLaius: 440 mm<br \/>\nS\u00fcgavus: 377 mm<br \/>\nKaal: 113,5 kg<br \/>\nK\u00fctmispind: kuni 105 m\u00b2 (s\u00f5ltuvalt isolatsioonist)<br \/>\nOmadused: Panoraamklaas, puuderiiul, kolmanda astme \u00f5hu s\u00fcsteem, puhas klaasitehnoloogia<\/p>\n","protected":false},"featured_media":8513,"comment_status":"closed","ping_status":"closed","template":"","meta":[],"product_brand":[],"product_cat":[210],"product_tag":[],"class_list":{"0":"post-8520","1":"product","2":"type-product","3":"status-publish","4":"has-post-thumbnail","6":"product_cat-pliidid","8":"first","9":"instock","10":"taxable","11":"shipping-taxable","12":"purchasable","13":"product-type-simple"},"yoast_head":"<!-- This site is optimized with the Yoast SEO plugin v27.5 - https:\/\/yoast.com\/product\/yoast-seo-wordpress\/ -->\n<title>Malmist ahi Mors\u00f8 7443 \u2013 180-kraadine tulepanoraam<\/title>\n<meta name=\"description\" content=\"Puuderiiuli ja panoraamklaasiga malmist ahi Mors\u00f8 7443. Kompaktne disain ning t\u00f5hus k\u00fctmine v\u00e4iksematesse ruumidesse. MORSO Baltic\" \/>\n<meta name=\"robots\" content=\"index, follow, max-snippet:-1, max-image-preview:large, max-video-preview:-1\" \/>\n<link rel=\"canonical\" href=\"https:\/\/morsobaltic.com\/et\/produktas\/morso-7443-krosnele-su-malkine\/\" \/>\n<meta property=\"og:locale\" content=\"et_EE\" \/>\n<meta property=\"og:type\" content=\"article\" \/>\n<meta property=\"og:title\" content=\"Malmist ahi Mors\u00f8 7443 \u2013 180-kraadine tulepanoraam\" \/>\n<meta property=\"og:description\" content=\"Puuderiiuli ja panoraamklaasiga malmist ahi Mors\u00f8 7443. Kompaktne disain ning t\u00f5hus k\u00fctmine v\u00e4iksematesse ruumidesse. MORSO Baltic\" \/>\n<meta property=\"og:url\" content=\"https:\/\/morsobaltic.com\/et\/produktas\/morso-7443-krosnele-su-malkine\/\" \/>\n<meta property=\"og:site_name\" content=\"MORSO Baltic\" \/>\n<meta property=\"article:modified_time\" content=\"2026-04-15T19:54:52+00:00\" \/>\n<meta property=\"og:image\" content=\"https:\/\/morsobaltic.com\/wp-content\/uploads\/2026\/04\/0_7443m-b19954a0.webp\" \/>\n\t<meta property=\"og:image:width\" content=\"768\" \/>\n\t<meta property=\"og:image:height\" content=\"768\" \/>\n\t<meta property=\"og:image:type\" content=\"image\/webp\" \/>\n<meta name=\"twitter:card\" content=\"summary_large_image\" \/>\n<meta name=\"twitter:label1\" content=\"Est. reading time\" \/>\n\t<meta name=\"twitter:data1\" content=\"2 minutit\" \/>\n<script type=\"application\/ld+json\" class=\"yoast-schema-graph\">{\"@context\":\"https:\\\/\\\/schema.org\",\"@graph\":[{\"@type\":\"WebPage\",\"@id\":\"https:\\\/\\\/morsobaltic.com\\\/et\\\/produktas\\\/morso-7443-krosnele-su-malkine\\\/\",\"url\":\"https:\\\/\\\/morsobaltic.com\\\/et\\\/produktas\\\/morso-7443-krosnele-su-malkine\\\/\",\"name\":\"Malmist ahi Mors\u00f8 7443 \u2013 180-kraadine tulepanoraam\",\"isPartOf\":{\"@id\":\"https:\\\/\\\/morsobaltic.com\\\/et\\\/#website\"},\"primaryImageOfPage\":{\"@id\":\"https:\\\/\\\/morsobaltic.com\\\/et\\\/produktas\\\/morso-7443-krosnele-su-malkine\\\/#primaryimage\"},\"image\":{\"@id\":\"https:\\\/\\\/morsobaltic.com\\\/et\\\/produktas\\\/morso-7443-krosnele-su-malkine\\\/#primaryimage\"},\"thumbnailUrl\":\"https:\\\/\\\/morsobaltic.com\\\/wp-content\\\/uploads\\\/2026\\\/04\\\/0_7443m-b19954a0.webp\",\"datePublished\":\"2026-04-15T19:50:32+00:00\",\"dateModified\":\"2026-04-15T19:54:52+00:00\",\"description\":\"Puuderiiuli ja panoraamklaasiga malmist ahi Mors\u00f8 7443. Kompaktne disain ning t\u00f5hus k\u00fctmine v\u00e4iksematesse ruumidesse. MORSO Baltic\",\"breadcrumb\":{\"@id\":\"https:\\\/\\\/morsobaltic.com\\\/et\\\/produktas\\\/morso-7443-krosnele-su-malkine\\\/#breadcrumb\"},\"inLanguage\":\"et\",\"potentialAction\":[{\"@type\":\"ReadAction\",\"target\":[\"https:\\\/\\\/morsobaltic.com\\\/et\\\/produktas\\\/morso-7443-krosnele-su-malkine\\\/\"]}]},{\"@type\":\"ImageObject\",\"inLanguage\":\"et\",\"@id\":\"https:\\\/\\\/morsobaltic.com\\\/et\\\/produktas\\\/morso-7443-krosnele-su-malkine\\\/#primaryimage\",\"url\":\"https:\\\/\\\/morsobaltic.com\\\/wp-content\\\/uploads\\\/2026\\\/04\\\/0_7443m-b19954a0.webp\",\"contentUrl\":\"https:\\\/\\\/morsobaltic.com\\\/wp-content\\\/uploads\\\/2026\\\/04\\\/0_7443m-b19954a0.webp\",\"width\":768,\"height\":768},{\"@type\":\"BreadcrumbList\",\"@id\":\"https:\\\/\\\/morsobaltic.com\\\/et\\\/produktas\\\/morso-7443-krosnele-su-malkine\\\/#breadcrumb\",\"itemListElement\":[{\"@type\":\"ListItem\",\"position\":1,\"name\":\"Home\",\"item\":\"https:\\\/\\\/morsobaltic.com\\\/et\\\/\"},{\"@type\":\"ListItem\",\"position\":2,\"name\":\"Kauplus\",\"item\":\"https:\\\/\\\/morsobaltic.com\\\/parduotuve\\\/\"},{\"@type\":\"ListItem\",\"position\":3,\"name\":\"Mors\u00f8 7443 \u2013 puuderiiuliga ahi\"}]},{\"@type\":\"WebSite\",\"@id\":\"https:\\\/\\\/morsobaltic.com\\\/et\\\/#website\",\"url\":\"https:\\\/\\\/morsobaltic.com\\\/et\\\/\",\"name\":\"MORSO Baltic\",\"description\":\"\",\"alternateName\":\"MORSOBALTIC\",\"potentialAction\":[{\"@type\":\"SearchAction\",\"target\":{\"@type\":\"EntryPoint\",\"urlTemplate\":\"https:\\\/\\\/morsobaltic.com\\\/et\\\/?s={search_term_string}\"},\"query-input\":{\"@type\":\"PropertyValueSpecification\",\"valueRequired\":true,\"valueName\":\"search_term_string\"}}],\"inLanguage\":\"et\"}]}<\/script>\n<!-- \/ Yoast SEO plugin. -->","yoast_head_json":{"title":"Malmist ahi Mors\u00f8 7443 \u2013 180-kraadine tulepanoraam","description":"Puuderiiuli ja panoraamklaasiga malmist ahi Mors\u00f8 7443. Kompaktne disain ning t\u00f5hus k\u00fctmine v\u00e4iksematesse ruumidesse. MORSO Baltic","robots":{"index":"index","follow":"follow","max-snippet":"max-snippet:-1","max-image-preview":"max-image-preview:large","max-video-preview":"max-video-preview:-1"},"canonical":"https:\/\/morsobaltic.com\/et\/produktas\/morso-7443-krosnele-su-malkine\/","og_locale":"et_EE","og_type":"article","og_title":"Malmist ahi Mors\u00f8 7443 \u2013 180-kraadine tulepanoraam","og_description":"Puuderiiuli ja panoraamklaasiga malmist ahi Mors\u00f8 7443. Kompaktne disain ning t\u00f5hus k\u00fctmine v\u00e4iksematesse ruumidesse. MORSO Baltic","og_url":"https:\/\/morsobaltic.com\/et\/produktas\/morso-7443-krosnele-su-malkine\/","og_site_name":"MORSO Baltic","article_modified_time":"2026-04-15T19:54:52+00:00","og_image":[{"width":768,"height":768,"url":"https:\/\/morsobaltic.com\/wp-content\/uploads\/2026\/04\/0_7443m-b19954a0.webp","type":"image\/webp"}],"twitter_card":"summary_large_image","twitter_misc":{"Est. reading time":"2 minutit"},"schema":{"@context":"https:\/\/schema.org","@graph":[{"@type":"WebPage","@id":"https:\/\/morsobaltic.com\/et\/produktas\/morso-7443-krosnele-su-malkine\/","url":"https:\/\/morsobaltic.com\/et\/produktas\/morso-7443-krosnele-su-malkine\/","name":"Malmist ahi Mors\u00f8 7443 \u2013 180-kraadine tulepanoraam","isPartOf":{"@id":"https:\/\/morsobaltic.com\/et\/#website"},"primaryImageOfPage":{"@id":"https:\/\/morsobaltic.com\/et\/produktas\/morso-7443-krosnele-su-malkine\/#primaryimage"},"image":{"@id":"https:\/\/morsobaltic.com\/et\/produktas\/morso-7443-krosnele-su-malkine\/#primaryimage"},"thumbnailUrl":"https:\/\/morsobaltic.com\/wp-content\/uploads\/2026\/04\/0_7443m-b19954a0.webp","datePublished":"2026-04-15T19:50:32+00:00","dateModified":"2026-04-15T19:54:52+00:00","description":"Puuderiiuli ja panoraamklaasiga malmist ahi Mors\u00f8 7443. Kompaktne disain ning t\u00f5hus k\u00fctmine v\u00e4iksematesse ruumidesse. MORSO Baltic","breadcrumb":{"@id":"https:\/\/morsobaltic.com\/et\/produktas\/morso-7443-krosnele-su-malkine\/#breadcrumb"},"inLanguage":"et","potentialAction":[{"@type":"ReadAction","target":["https:\/\/morsobaltic.com\/et\/produktas\/morso-7443-krosnele-su-malkine\/"]}]},{"@type":"ImageObject","inLanguage":"et","@id":"https:\/\/morsobaltic.com\/et\/produktas\/morso-7443-krosnele-su-malkine\/#primaryimage","url":"https:\/\/morsobaltic.com\/wp-content\/uploads\/2026\/04\/0_7443m-b19954a0.webp","contentUrl":"https:\/\/morsobaltic.com\/wp-content\/uploads\/2026\/04\/0_7443m-b19954a0.webp","width":768,"height":768},{"@type":"BreadcrumbList","@id":"https:\/\/morsobaltic.com\/et\/produktas\/morso-7443-krosnele-su-malkine\/#breadcrumb","itemListElement":[{"@type":"ListItem","position":1,"name":"Home","item":"https:\/\/morsobaltic.com\/et\/"},{"@type":"ListItem","position":2,"name":"Kauplus","item":"https:\/\/morsobaltic.com\/parduotuve\/"},{"@type":"ListItem","position":3,"name":"Mors\u00f8 7443 \u2013 puuderiiuliga ahi"}]},{"@type":"WebSite","@id":"https:\/\/morsobaltic.com\/et\/#website","url":"https:\/\/morsobaltic.com\/et\/","name":"MORSO Baltic","description":"","alternateName":"MORSOBALTIC","potentialAction":[{"@type":"SearchAction","target":{"@type":"EntryPoint","urlTemplate":"https:\/\/morsobaltic.com\/et\/?s={search_term_string}"},"query-input":{"@type":"PropertyValueSpecification","valueRequired":true,"valueName":"search_term_string"}}],"inLanguage":"et"}]}},"_links":{"self":[{"href":"https:\/\/morsobaltic.com\/et\/wp-json\/wp\/v2\/product\/8520","targetHints":{"allow":["GET"]}}],"collection":[{"href":"https:\/\/morsobaltic.com\/et\/wp-json\/wp\/v2\/product"}],"about":[{"href":"https:\/\/morsobaltic.com\/et\/wp-json\/wp\/v2\/types\/product"}],"replies":[{"embeddable":true,"href":"https:\/\/morsobaltic.com\/et\/wp-json\/wp\/v2\/comments?post=8520"}],"wp:featuredmedia":[{"embeddable":true,"href":"https:\/\/morsobaltic.com\/et\/wp-json\/wp\/v2\/media\/8513"}],"wp:attachment":[{"href":"https:\/\/morsobaltic.com\/et\/wp-json\/wp\/v2\/media?parent=8520"}],"wp:term":[{"taxonomy":"product_brand","embeddable":true,"href":"https:\/\/morsobaltic.com\/et\/wp-json\/wp\/v2\/product_brand?post=8520"},{"taxonomy":"product_cat","embeddable":true,"href":"https:\/\/morsobaltic.com\/et\/wp-json\/wp\/v2\/product_cat?post=8520"},{"taxonomy":"product_tag","embeddable":true,"href":"https:\/\/morsobaltic.com\/et\/wp-json\/wp\/v2\/product_tag?post=8520"}],"curies":[{"name":"wp","href":"https:\/\/api.w.org\/{rel}","templated":true}]}}