{"id":8528,"date":"2026-04-15T20:00:57","date_gmt":"2026-04-15T20:00:57","guid":{"rendered":"https:\/\/morsobaltic.com\/produktas\/morso-5660-zidinio-ideklas\/"},"modified":"2026-04-15T20:14:18","modified_gmt":"2026-04-15T20:14:18","slug":"morso-5660-kaminasudamik","status":"publish","type":"product","link":"https:\/\/morsobaltic.com\/et\/produktas\/morso-5660-kaminasudamik\/","title":{"rendered":"Mors\u00f8 5660 \u2013 kaminas\u00fcdamik"},"content":{"rendered":"<h4>Mors\u00f8 5660 kaminas\u00fcdamik \u2013 modernne disain ja v\u00f5imsus<\/h4>\n<p>Mors\u00f8 5660 kaminas\u00fcdamik on kogenud tehnoloogiaga seade, mis j\u00e4rgib t\u00e4ielikult malmi t\u00f6\u00f6tlemise pikaajalisi traditsioone. Disainis kohtuvad ranged, kaasaegsed ja stiilsed jooned. Malmi toores ja elav tekstuur annab s\u00fcdamikule soliidse ning rustikaalse v\u00e4limuse. Sellel innovaatilisel mudelil on arenenud p\u00f5lemiss\u00fcsteem koos kolmanda astme \u00f5hu sisselaskega. T\u00e4nu optimaalsele p\u00f5lemistehnoloogiale vastab see toode k\u00f5ige rangematele keskkonnan\u00f5uetele.<\/p>\n<p>Sellel kaminas\u00fcdamikul on eriti suur p\u00f5lemiskamber, kuhu mahuvad kuni 50 cm pikkused halud. See on ideaalne lahendus kodu k\u00fctmiseks k\u00fclmadel talve\u00f5htutel. Konvektsioonis\u00fcsteem tagab, et soojus levib kiiresti \u00fcle kogu ruumi. Eelsoojendatud primaarne ja sekundaarne \u00f5hk aitavad hoida kasutegurit k\u00f5rgena. See garanteerib, et teie kodus on alati hubane ja soe.<\/p>\n<h5>Malmi kvaliteet ja praktiline kasutus<\/h5>\n<p>K\u00f5rgekvaliteediline malm tagab toote pikaealisuse ja suurep\u00e4rase soojus\u00fclekande. Tahmavaba klaasukse s\u00fcsteem hoolitseb selle eest, et klaas p\u00fcsiks puhas, v\u00f5imaldades nautida vaadet tulele pikema aja v\u00e4ltel. Eemaldatav k\u00e4epide lisab turvalisust ja esteetilist terviklikkust. V\u00f5imalus \u00fchendada seade v\u00e4lise \u00f5huvarustusega lubab kaminat paigaldada ka kaasaegsetesse ja \u00f5hukindlatesse majadesse. See on usaldusv\u00e4\u00e4rne soojusallikas, mis on loodud kestma aastak\u00fcmneid.<\/p>\n","protected":false},"excerpt":{"rendered":"<p>T\u00fc\u00fcp: Malmist kaminas\u00fcdamik (integreeritav)<br \/>\nV\u00f5imsus: 7,6 kW<br \/>\nK\u00fctmispind: 60\u2013120 m\u00b2<br \/>\nK\u00f5rgus: 535 mm<br \/>\nLaius: 710 mm<br \/>\nS\u00fcgavus: 458 mm<br \/>\nKaal: 125 kg<br \/>\nP\u00f5lemiskambri laius: 58 cm<br \/>\nOmadused: Kolmanda astme \u00f5hu sisselase, puhas klaasis\u00fcsteem, eemaldatav k\u00e4epide, v\u00e4lis\u00f5hu \u00fchendus<\/p>\n","protected":false},"featured_media":8525,"comment_status":"closed","ping_status":"closed","template":"","meta":[],"product_brand":[],"product_cat":[210],"product_tag":[],"class_list":{"0":"post-8528","1":"product","2":"type-product","3":"status-publish","4":"has-post-thumbnail","6":"product_cat-pliidid","8":"first","9":"instock","10":"taxable","11":"shipping-taxable","12":"purchasable","13":"product-type-simple"},"yoast_head":"<!-- This site is optimized with the Yoast SEO plugin v27.5 - https:\/\/yoast.com\/product\/yoast-seo-wordpress\/ -->\n<title>Malmist kaminas\u00fcdamik Mors\u00f8 5660 \u2013 MORSO Baltic<\/title>\n<meta name=\"description\" content=\"Kaminas\u00fcdamik Mors\u00f8 5660 kolmanda astme \u00f5hus\u00fcsteemi ja suure p\u00f5lemiskambriga kuni 50 cm halgudele. Modernne disain ja t\u00f5hus k\u00fctmine.\" \/>\n<meta name=\"robots\" content=\"index, follow, max-snippet:-1, max-image-preview:large, max-video-preview:-1\" \/>\n<link rel=\"canonical\" href=\"https:\/\/morsobaltic.com\/et\/produktas\/morso-5660-kaminasudamik\/\" \/>\n<meta property=\"og:locale\" content=\"et_EE\" \/>\n<meta property=\"og:type\" content=\"article\" \/>\n<meta property=\"og:title\" content=\"Malmist kaminas\u00fcdamik Mors\u00f8 5660 \u2013 MORSO Baltic\" \/>\n<meta property=\"og:description\" content=\"Kaminas\u00fcdamik Mors\u00f8 5660 kolmanda astme \u00f5hus\u00fcsteemi ja suure p\u00f5lemiskambriga kuni 50 cm halgudele. Modernne disain ja t\u00f5hus k\u00fctmine.\" \/>\n<meta property=\"og:url\" content=\"https:\/\/morsobaltic.com\/et\/produktas\/morso-5660-kaminasudamik\/\" \/>\n<meta property=\"og:site_name\" content=\"MORSO Baltic\" \/>\n<meta property=\"article:modified_time\" content=\"2026-04-15T20:14:18+00:00\" \/>\n<meta property=\"og:image\" content=\"https:\/\/morsobaltic.com\/wp-content\/uploads\/2026\/04\/0_5660_frit_insolus-copy-aa1ba290.webp\" \/>\n\t<meta property=\"og:image:width\" content=\"768\" \/>\n\t<meta property=\"og:image:height\" content=\"768\" \/>\n\t<meta property=\"og:image:type\" content=\"image\/webp\" \/>\n<meta name=\"twitter:card\" content=\"summary_large_image\" \/>\n<meta name=\"twitter:label1\" content=\"Est. reading time\" \/>\n\t<meta name=\"twitter:data1\" content=\"2 minutit\" \/>\n<script type=\"application\/ld+json\" class=\"yoast-schema-graph\">{\"@context\":\"https:\\\/\\\/schema.org\",\"@graph\":[{\"@type\":\"WebPage\",\"@id\":\"https:\\\/\\\/morsobaltic.com\\\/et\\\/produktas\\\/morso-5660-kaminasudamik\\\/\",\"url\":\"https:\\\/\\\/morsobaltic.com\\\/et\\\/produktas\\\/morso-5660-kaminasudamik\\\/\",\"name\":\"Malmist kaminas\u00fcdamik Mors\u00f8 5660 \u2013 MORSO Baltic\",\"isPartOf\":{\"@id\":\"https:\\\/\\\/morsobaltic.com\\\/et\\\/#website\"},\"primaryImageOfPage\":{\"@id\":\"https:\\\/\\\/morsobaltic.com\\\/et\\\/produktas\\\/morso-5660-kaminasudamik\\\/#primaryimage\"},\"image\":{\"@id\":\"https:\\\/\\\/morsobaltic.com\\\/et\\\/produktas\\\/morso-5660-kaminasudamik\\\/#primaryimage\"},\"thumbnailUrl\":\"https:\\\/\\\/morsobaltic.com\\\/wp-content\\\/uploads\\\/2026\\\/04\\\/0_5660_frit_insolus-copy-aa1ba290.webp\",\"datePublished\":\"2026-04-15T20:00:57+00:00\",\"dateModified\":\"2026-04-15T20:14:18+00:00\",\"description\":\"Kaminas\u00fcdamik Mors\u00f8 5660 kolmanda astme \u00f5hus\u00fcsteemi ja suure p\u00f5lemiskambriga kuni 50 cm halgudele. Modernne disain ja t\u00f5hus k\u00fctmine.\",\"breadcrumb\":{\"@id\":\"https:\\\/\\\/morsobaltic.com\\\/et\\\/produktas\\\/morso-5660-kaminasudamik\\\/#breadcrumb\"},\"inLanguage\":\"et\",\"potentialAction\":[{\"@type\":\"ReadAction\",\"target\":[\"https:\\\/\\\/morsobaltic.com\\\/et\\\/produktas\\\/morso-5660-kaminasudamik\\\/\"]}]},{\"@type\":\"ImageObject\",\"inLanguage\":\"et\",\"@id\":\"https:\\\/\\\/morsobaltic.com\\\/et\\\/produktas\\\/morso-5660-kaminasudamik\\\/#primaryimage\",\"url\":\"https:\\\/\\\/morsobaltic.com\\\/wp-content\\\/uploads\\\/2026\\\/04\\\/0_5660_frit_insolus-copy-aa1ba290.webp\",\"contentUrl\":\"https:\\\/\\\/morsobaltic.com\\\/wp-content\\\/uploads\\\/2026\\\/04\\\/0_5660_frit_insolus-copy-aa1ba290.webp\",\"width\":768,\"height\":768},{\"@type\":\"BreadcrumbList\",\"@id\":\"https:\\\/\\\/morsobaltic.com\\\/et\\\/produktas\\\/morso-5660-kaminasudamik\\\/#breadcrumb\",\"itemListElement\":[{\"@type\":\"ListItem\",\"position\":1,\"name\":\"Home\",\"item\":\"https:\\\/\\\/morsobaltic.com\\\/et\\\/\"},{\"@type\":\"ListItem\",\"position\":2,\"name\":\"Kauplus\",\"item\":\"https:\\\/\\\/morsobaltic.com\\\/parduotuve\\\/\"},{\"@type\":\"ListItem\",\"position\":3,\"name\":\"Mors\u00f8 5660 \u2013 kaminas\u00fcdamik\"}]},{\"@type\":\"WebSite\",\"@id\":\"https:\\\/\\\/morsobaltic.com\\\/et\\\/#website\",\"url\":\"https:\\\/\\\/morsobaltic.com\\\/et\\\/\",\"name\":\"MORSO Baltic\",\"description\":\"\",\"alternateName\":\"MORSOBALTIC\",\"potentialAction\":[{\"@type\":\"SearchAction\",\"target\":{\"@type\":\"EntryPoint\",\"urlTemplate\":\"https:\\\/\\\/morsobaltic.com\\\/et\\\/?s={search_term_string}\"},\"query-input\":{\"@type\":\"PropertyValueSpecification\",\"valueRequired\":true,\"valueName\":\"search_term_string\"}}],\"inLanguage\":\"et\"}]}<\/script>\n<!-- \/ Yoast SEO plugin. -->","yoast_head_json":{"title":"Malmist kaminas\u00fcdamik Mors\u00f8 5660 \u2013 MORSO Baltic","description":"Kaminas\u00fcdamik Mors\u00f8 5660 kolmanda astme \u00f5hus\u00fcsteemi ja suure p\u00f5lemiskambriga kuni 50 cm halgudele. Modernne disain ja t\u00f5hus k\u00fctmine.","robots":{"index":"index","follow":"follow","max-snippet":"max-snippet:-1","max-image-preview":"max-image-preview:large","max-video-preview":"max-video-preview:-1"},"canonical":"https:\/\/morsobaltic.com\/et\/produktas\/morso-5660-kaminasudamik\/","og_locale":"et_EE","og_type":"article","og_title":"Malmist kaminas\u00fcdamik Mors\u00f8 5660 \u2013 MORSO Baltic","og_description":"Kaminas\u00fcdamik Mors\u00f8 5660 kolmanda astme \u00f5hus\u00fcsteemi ja suure p\u00f5lemiskambriga kuni 50 cm halgudele. Modernne disain ja t\u00f5hus k\u00fctmine.","og_url":"https:\/\/morsobaltic.com\/et\/produktas\/morso-5660-kaminasudamik\/","og_site_name":"MORSO Baltic","article_modified_time":"2026-04-15T20:14:18+00:00","og_image":[{"width":768,"height":768,"url":"https:\/\/morsobaltic.com\/wp-content\/uploads\/2026\/04\/0_5660_frit_insolus-copy-aa1ba290.webp","type":"image\/webp"}],"twitter_card":"summary_large_image","twitter_misc":{"Est. reading time":"2 minutit"},"schema":{"@context":"https:\/\/schema.org","@graph":[{"@type":"WebPage","@id":"https:\/\/morsobaltic.com\/et\/produktas\/morso-5660-kaminasudamik\/","url":"https:\/\/morsobaltic.com\/et\/produktas\/morso-5660-kaminasudamik\/","name":"Malmist kaminas\u00fcdamik Mors\u00f8 5660 \u2013 MORSO Baltic","isPartOf":{"@id":"https:\/\/morsobaltic.com\/et\/#website"},"primaryImageOfPage":{"@id":"https:\/\/morsobaltic.com\/et\/produktas\/morso-5660-kaminasudamik\/#primaryimage"},"image":{"@id":"https:\/\/morsobaltic.com\/et\/produktas\/morso-5660-kaminasudamik\/#primaryimage"},"thumbnailUrl":"https:\/\/morsobaltic.com\/wp-content\/uploads\/2026\/04\/0_5660_frit_insolus-copy-aa1ba290.webp","datePublished":"2026-04-15T20:00:57+00:00","dateModified":"2026-04-15T20:14:18+00:00","description":"Kaminas\u00fcdamik Mors\u00f8 5660 kolmanda astme \u00f5hus\u00fcsteemi ja suure p\u00f5lemiskambriga kuni 50 cm halgudele. Modernne disain ja t\u00f5hus k\u00fctmine.","breadcrumb":{"@id":"https:\/\/morsobaltic.com\/et\/produktas\/morso-5660-kaminasudamik\/#breadcrumb"},"inLanguage":"et","potentialAction":[{"@type":"ReadAction","target":["https:\/\/morsobaltic.com\/et\/produktas\/morso-5660-kaminasudamik\/"]}]},{"@type":"ImageObject","inLanguage":"et","@id":"https:\/\/morsobaltic.com\/et\/produktas\/morso-5660-kaminasudamik\/#primaryimage","url":"https:\/\/morsobaltic.com\/wp-content\/uploads\/2026\/04\/0_5660_frit_insolus-copy-aa1ba290.webp","contentUrl":"https:\/\/morsobaltic.com\/wp-content\/uploads\/2026\/04\/0_5660_frit_insolus-copy-aa1ba290.webp","width":768,"height":768},{"@type":"BreadcrumbList","@id":"https:\/\/morsobaltic.com\/et\/produktas\/morso-5660-kaminasudamik\/#breadcrumb","itemListElement":[{"@type":"ListItem","position":1,"name":"Home","item":"https:\/\/morsobaltic.com\/et\/"},{"@type":"ListItem","position":2,"name":"Kauplus","item":"https:\/\/morsobaltic.com\/parduotuve\/"},{"@type":"ListItem","position":3,"name":"Mors\u00f8 5660 \u2013 kaminas\u00fcdamik"}]},{"@type":"WebSite","@id":"https:\/\/morsobaltic.com\/et\/#website","url":"https:\/\/morsobaltic.com\/et\/","name":"MORSO Baltic","description":"","alternateName":"MORSOBALTIC","potentialAction":[{"@type":"SearchAction","target":{"@type":"EntryPoint","urlTemplate":"https:\/\/morsobaltic.com\/et\/?s={search_term_string}"},"query-input":{"@type":"PropertyValueSpecification","valueRequired":true,"valueName":"search_term_string"}}],"inLanguage":"et"}]}},"_links":{"self":[{"href":"https:\/\/morsobaltic.com\/et\/wp-json\/wp\/v2\/product\/8528","targetHints":{"allow":["GET"]}}],"collection":[{"href":"https:\/\/morsobaltic.com\/et\/wp-json\/wp\/v2\/product"}],"about":[{"href":"https:\/\/morsobaltic.com\/et\/wp-json\/wp\/v2\/types\/product"}],"replies":[{"embeddable":true,"href":"https:\/\/morsobaltic.com\/et\/wp-json\/wp\/v2\/comments?post=8528"}],"wp:featuredmedia":[{"embeddable":true,"href":"https:\/\/morsobaltic.com\/et\/wp-json\/wp\/v2\/media\/8525"}],"wp:attachment":[{"href":"https:\/\/morsobaltic.com\/et\/wp-json\/wp\/v2\/media?parent=8528"}],"wp:term":[{"taxonomy":"product_brand","embeddable":true,"href":"https:\/\/morsobaltic.com\/et\/wp-json\/wp\/v2\/product_brand?post=8528"},{"taxonomy":"product_cat","embeddable":true,"href":"https:\/\/morsobaltic.com\/et\/wp-json\/wp\/v2\/product_cat?post=8528"},{"taxonomy":"product_tag","embeddable":true,"href":"https:\/\/morsobaltic.com\/et\/wp-json\/wp\/v2\/product_tag?post=8528"}],"curies":[{"name":"wp","href":"https:\/\/api.w.org\/{rel}","templated":true}]}}