{"id":8556,"date":"2026-04-15T20:30:36","date_gmt":"2026-04-15T20:30:36","guid":{"rendered":"https:\/\/morsobaltic.com\/produktas\/morso-krosneliu-silumos-akumuliacija\/"},"modified":"2026-04-15T20:34:15","modified_gmt":"2026-04-15T20:34:15","slug":"morso-soojustalvestus","status":"publish","type":"product","link":"https:\/\/morsobaltic.com\/et\/produktas\/morso-soojustalvestus\/","title":{"rendered":"Mors\u00f8 soojustalvestus"},"content":{"rendered":"<h4>Mors\u00f8 s\u00fcsteemid \u2013 t\u00f5hus energiakasutus<\/h4>\n<p>See protsess v\u00f5imaldab kaminahju toodetud energiat veelgi t\u00f5husamalt \u00e4ra kasutada ja nautida soojust mitu tundi p\u00e4rast tule kustumist. \u00dclemistesse moodulitesse paigaldatud spetsiaalsed kivielemendid neelavad p\u00f5lemisel tekkivat energiat ja loovutavad seda aeglaselt keskkonda. Lisaks funktsionaalsele kasule annab selline soojustalvestus ahjule k\u00f5rge, sihvaka ja eksklusiivse v\u00e4limuse, muutes selle luksuslikuks sisekujunduselemendiks.<\/p>\n<p>Reguleerimisseadme abil saate ise valida, kuidas energiat jaotada: kas suunata see kohe ruumi v\u00f5i salvestada kividesse hilisemaks ajaks. See tagab parema kontrolli ruumitemperatuuri \u00fcle ja kindlustab v\u00e4iksema k\u00fctusekulu.<\/p>\n<h5>Lahendused 6100 ja 6800 seeriatele<\/h5>\n<p>K\u00f5igile 6100 ja 6800 seeria ahjudele saab lisada \u00fclemise mooduli. Sellesse paigaldatakse spetsiaalne soojustalvestus koos kahe kivi (28 kg) ja reguleerimisseadmega. Kui ahi paigaldatakse tagumise suitsutoru v\u00e4ljaviiguga, saab lisada veel \u00fche 7 kg kaaluva kivi. Nii koondatakse v\u00e4ikese, kuid t\u00f5husa ahju \u00fclaosasse koguni 35 kg salvestavat materjali.<\/p>\n<h5>Lahendused 7800 ja 7900 seeriatele<\/h5>\n<p>7800 ja 7900 seeria mudelitele pakutakse madalaid v\u00f5i k\u00f5rgeid \u00fclemisi mooduleid. Madalas moodulis tagatakse soojustalvestus \u00fche reguleeritava salvestuskiviga. K\u00f5rge mooduli valimisel paigaldatakse sinna regulaatoriga kivi ja kaks t\u00e4iendavat standardset elementi. See tagab maksimaalse energiasalvestuse, kuna selline soojustalvestus kiirgab soojust \u00fchtlaselt veel kaua p\u00e4rast k\u00fctmise l\u00f5petamist.<\/p>\n","protected":false},"excerpt":{"rendered":"<p>Eesm\u00e4rk: Soojuse salvestamise moodul Mors\u00f8 ahjudele<br \/>\n\u00dchilduvus: 6100, 6800, 7800, 7900 seeriad<br \/>\nSalvestusmass: 28 kuni 35 kg<br \/>\nOmadused: Sooja\u00f5hu voo reguleerimine, aeglane soojuse loovutamine, eksklusiivne disain<br \/>\nEelised: V\u00e4iksem k\u00fctusekulu, stabiilne kodune temperatuur, stiilne k\u00f5rge korpus<\/p>\n","protected":false},"featured_media":8547,"comment_status":"closed","ping_status":"closed","template":"","meta":[],"product_brand":[],"product_cat":[222,135],"product_tag":[],"class_list":{"0":"post-8556","1":"product","2":"type-product","3":"status-publish","4":"has-post-thumbnail","6":"product_cat-muud","7":"product_cat-pliidi-tarvikud","9":"first","10":"instock","11":"taxable","12":"shipping-taxable","13":"product-type-simple"},"yoast_head":"<!-- This site is optimized with the Yoast SEO plugin v27.5 - https:\/\/yoast.com\/product\/yoast-seo-wordpress\/ -->\n<title>Mors\u00f8 ahjude soojustalvestus \u2013 MORSO Baltic<\/title>\n<meta name=\"description\" content=\"Mors\u00f8 tarvikud 6100, 6800, 7800 ja 7900 seeriatele. Salvestuskivid v\u00f5imaldavad nautida soojust veel kaua p\u00e4rast viimast k\u00fctmist.\" \/>\n<meta name=\"robots\" content=\"index, follow, max-snippet:-1, max-image-preview:large, max-video-preview:-1\" \/>\n<link rel=\"canonical\" href=\"https:\/\/morsobaltic.com\/et\/produktas\/morso-soojustalvestus\/\" \/>\n<meta property=\"og:locale\" content=\"et_EE\" \/>\n<meta property=\"og:type\" content=\"article\" \/>\n<meta property=\"og:title\" content=\"Mors\u00f8 ahjude soojustalvestus \u2013 MORSO Baltic\" \/>\n<meta property=\"og:description\" content=\"Mors\u00f8 tarvikud 6100, 6800, 7800 ja 7900 seeriatele. Salvestuskivid v\u00f5imaldavad nautida soojust veel kaua p\u00e4rast viimast k\u00fctmist.\" \/>\n<meta property=\"og:url\" content=\"https:\/\/morsobaltic.com\/et\/produktas\/morso-soojustalvestus\/\" \/>\n<meta property=\"og:site_name\" content=\"MORSO Baltic\" \/>\n<meta property=\"article:modified_time\" content=\"2026-04-15T20:34:15+00:00\" \/>\n<meta property=\"og:image\" content=\"https:\/\/morsobaltic.com\/wp-content\/uploads\/2026\/04\/0_6143_frit_front_varmetop_heatstorage-b8e4709c.webp\" \/>\n\t<meta property=\"og:image:width\" content=\"768\" \/>\n\t<meta property=\"og:image:height\" content=\"768\" \/>\n\t<meta property=\"og:image:type\" content=\"image\/webp\" \/>\n<meta name=\"twitter:card\" content=\"summary_large_image\" \/>\n<meta name=\"twitter:label1\" content=\"Est. reading time\" \/>\n\t<meta name=\"twitter:data1\" content=\"2 minutit\" \/>\n<script type=\"application\/ld+json\" class=\"yoast-schema-graph\">{\"@context\":\"https:\\\/\\\/schema.org\",\"@graph\":[{\"@type\":\"WebPage\",\"@id\":\"https:\\\/\\\/morsobaltic.com\\\/et\\\/produktas\\\/morso-soojustalvestus\\\/\",\"url\":\"https:\\\/\\\/morsobaltic.com\\\/et\\\/produktas\\\/morso-soojustalvestus\\\/\",\"name\":\"Mors\u00f8 ahjude soojustalvestus \u2013 MORSO Baltic\",\"isPartOf\":{\"@id\":\"https:\\\/\\\/morsobaltic.com\\\/et\\\/#website\"},\"primaryImageOfPage\":{\"@id\":\"https:\\\/\\\/morsobaltic.com\\\/et\\\/produktas\\\/morso-soojustalvestus\\\/#primaryimage\"},\"image\":{\"@id\":\"https:\\\/\\\/morsobaltic.com\\\/et\\\/produktas\\\/morso-soojustalvestus\\\/#primaryimage\"},\"thumbnailUrl\":\"https:\\\/\\\/morsobaltic.com\\\/wp-content\\\/uploads\\\/2026\\\/04\\\/0_6143_frit_front_varmetop_heatstorage-b8e4709c.webp\",\"datePublished\":\"2026-04-15T20:30:36+00:00\",\"dateModified\":\"2026-04-15T20:34:15+00:00\",\"description\":\"Mors\u00f8 tarvikud 6100, 6800, 7800 ja 7900 seeriatele. Salvestuskivid v\u00f5imaldavad nautida soojust veel kaua p\u00e4rast viimast k\u00fctmist.\",\"breadcrumb\":{\"@id\":\"https:\\\/\\\/morsobaltic.com\\\/et\\\/produktas\\\/morso-soojustalvestus\\\/#breadcrumb\"},\"inLanguage\":\"et\",\"potentialAction\":[{\"@type\":\"ReadAction\",\"target\":[\"https:\\\/\\\/morsobaltic.com\\\/et\\\/produktas\\\/morso-soojustalvestus\\\/\"]}]},{\"@type\":\"ImageObject\",\"inLanguage\":\"et\",\"@id\":\"https:\\\/\\\/morsobaltic.com\\\/et\\\/produktas\\\/morso-soojustalvestus\\\/#primaryimage\",\"url\":\"https:\\\/\\\/morsobaltic.com\\\/wp-content\\\/uploads\\\/2026\\\/04\\\/0_6143_frit_front_varmetop_heatstorage-b8e4709c.webp\",\"contentUrl\":\"https:\\\/\\\/morsobaltic.com\\\/wp-content\\\/uploads\\\/2026\\\/04\\\/0_6143_frit_front_varmetop_heatstorage-b8e4709c.webp\",\"width\":768,\"height\":768},{\"@type\":\"BreadcrumbList\",\"@id\":\"https:\\\/\\\/morsobaltic.com\\\/et\\\/produktas\\\/morso-soojustalvestus\\\/#breadcrumb\",\"itemListElement\":[{\"@type\":\"ListItem\",\"position\":1,\"name\":\"Home\",\"item\":\"https:\\\/\\\/morsobaltic.com\\\/et\\\/\"},{\"@type\":\"ListItem\",\"position\":2,\"name\":\"Kauplus\",\"item\":\"https:\\\/\\\/morsobaltic.com\\\/parduotuve\\\/\"},{\"@type\":\"ListItem\",\"position\":3,\"name\":\"Mors\u00f8 soojustalvestus\"}]},{\"@type\":\"WebSite\",\"@id\":\"https:\\\/\\\/morsobaltic.com\\\/et\\\/#website\",\"url\":\"https:\\\/\\\/morsobaltic.com\\\/et\\\/\",\"name\":\"MORSO Baltic\",\"description\":\"\",\"alternateName\":\"MORSOBALTIC\",\"potentialAction\":[{\"@type\":\"SearchAction\",\"target\":{\"@type\":\"EntryPoint\",\"urlTemplate\":\"https:\\\/\\\/morsobaltic.com\\\/et\\\/?s={search_term_string}\"},\"query-input\":{\"@type\":\"PropertyValueSpecification\",\"valueRequired\":true,\"valueName\":\"search_term_string\"}}],\"inLanguage\":\"et\"}]}<\/script>\n<!-- \/ Yoast SEO plugin. -->","yoast_head_json":{"title":"Mors\u00f8 ahjude soojustalvestus \u2013 MORSO Baltic","description":"Mors\u00f8 tarvikud 6100, 6800, 7800 ja 7900 seeriatele. Salvestuskivid v\u00f5imaldavad nautida soojust veel kaua p\u00e4rast viimast k\u00fctmist.","robots":{"index":"index","follow":"follow","max-snippet":"max-snippet:-1","max-image-preview":"max-image-preview:large","max-video-preview":"max-video-preview:-1"},"canonical":"https:\/\/morsobaltic.com\/et\/produktas\/morso-soojustalvestus\/","og_locale":"et_EE","og_type":"article","og_title":"Mors\u00f8 ahjude soojustalvestus \u2013 MORSO Baltic","og_description":"Mors\u00f8 tarvikud 6100, 6800, 7800 ja 7900 seeriatele. Salvestuskivid v\u00f5imaldavad nautida soojust veel kaua p\u00e4rast viimast k\u00fctmist.","og_url":"https:\/\/morsobaltic.com\/et\/produktas\/morso-soojustalvestus\/","og_site_name":"MORSO Baltic","article_modified_time":"2026-04-15T20:34:15+00:00","og_image":[{"width":768,"height":768,"url":"https:\/\/morsobaltic.com\/wp-content\/uploads\/2026\/04\/0_6143_frit_front_varmetop_heatstorage-b8e4709c.webp","type":"image\/webp"}],"twitter_card":"summary_large_image","twitter_misc":{"Est. reading time":"2 minutit"},"schema":{"@context":"https:\/\/schema.org","@graph":[{"@type":"WebPage","@id":"https:\/\/morsobaltic.com\/et\/produktas\/morso-soojustalvestus\/","url":"https:\/\/morsobaltic.com\/et\/produktas\/morso-soojustalvestus\/","name":"Mors\u00f8 ahjude soojustalvestus \u2013 MORSO Baltic","isPartOf":{"@id":"https:\/\/morsobaltic.com\/et\/#website"},"primaryImageOfPage":{"@id":"https:\/\/morsobaltic.com\/et\/produktas\/morso-soojustalvestus\/#primaryimage"},"image":{"@id":"https:\/\/morsobaltic.com\/et\/produktas\/morso-soojustalvestus\/#primaryimage"},"thumbnailUrl":"https:\/\/morsobaltic.com\/wp-content\/uploads\/2026\/04\/0_6143_frit_front_varmetop_heatstorage-b8e4709c.webp","datePublished":"2026-04-15T20:30:36+00:00","dateModified":"2026-04-15T20:34:15+00:00","description":"Mors\u00f8 tarvikud 6100, 6800, 7800 ja 7900 seeriatele. Salvestuskivid v\u00f5imaldavad nautida soojust veel kaua p\u00e4rast viimast k\u00fctmist.","breadcrumb":{"@id":"https:\/\/morsobaltic.com\/et\/produktas\/morso-soojustalvestus\/#breadcrumb"},"inLanguage":"et","potentialAction":[{"@type":"ReadAction","target":["https:\/\/morsobaltic.com\/et\/produktas\/morso-soojustalvestus\/"]}]},{"@type":"ImageObject","inLanguage":"et","@id":"https:\/\/morsobaltic.com\/et\/produktas\/morso-soojustalvestus\/#primaryimage","url":"https:\/\/morsobaltic.com\/wp-content\/uploads\/2026\/04\/0_6143_frit_front_varmetop_heatstorage-b8e4709c.webp","contentUrl":"https:\/\/morsobaltic.com\/wp-content\/uploads\/2026\/04\/0_6143_frit_front_varmetop_heatstorage-b8e4709c.webp","width":768,"height":768},{"@type":"BreadcrumbList","@id":"https:\/\/morsobaltic.com\/et\/produktas\/morso-soojustalvestus\/#breadcrumb","itemListElement":[{"@type":"ListItem","position":1,"name":"Home","item":"https:\/\/morsobaltic.com\/et\/"},{"@type":"ListItem","position":2,"name":"Kauplus","item":"https:\/\/morsobaltic.com\/parduotuve\/"},{"@type":"ListItem","position":3,"name":"Mors\u00f8 soojustalvestus"}]},{"@type":"WebSite","@id":"https:\/\/morsobaltic.com\/et\/#website","url":"https:\/\/morsobaltic.com\/et\/","name":"MORSO Baltic","description":"","alternateName":"MORSOBALTIC","potentialAction":[{"@type":"SearchAction","target":{"@type":"EntryPoint","urlTemplate":"https:\/\/morsobaltic.com\/et\/?s={search_term_string}"},"query-input":{"@type":"PropertyValueSpecification","valueRequired":true,"valueName":"search_term_string"}}],"inLanguage":"et"}]}},"_links":{"self":[{"href":"https:\/\/morsobaltic.com\/et\/wp-json\/wp\/v2\/product\/8556","targetHints":{"allow":["GET"]}}],"collection":[{"href":"https:\/\/morsobaltic.com\/et\/wp-json\/wp\/v2\/product"}],"about":[{"href":"https:\/\/morsobaltic.com\/et\/wp-json\/wp\/v2\/types\/product"}],"replies":[{"embeddable":true,"href":"https:\/\/morsobaltic.com\/et\/wp-json\/wp\/v2\/comments?post=8556"}],"wp:featuredmedia":[{"embeddable":true,"href":"https:\/\/morsobaltic.com\/et\/wp-json\/wp\/v2\/media\/8547"}],"wp:attachment":[{"href":"https:\/\/morsobaltic.com\/et\/wp-json\/wp\/v2\/media?parent=8556"}],"wp:term":[{"taxonomy":"product_brand","embeddable":true,"href":"https:\/\/morsobaltic.com\/et\/wp-json\/wp\/v2\/product_brand?post=8556"},{"taxonomy":"product_cat","embeddable":true,"href":"https:\/\/morsobaltic.com\/et\/wp-json\/wp\/v2\/product_cat?post=8556"},{"taxonomy":"product_tag","embeddable":true,"href":"https:\/\/morsobaltic.com\/et\/wp-json\/wp\/v2\/product_tag?post=8556"}],"curies":[{"name":"wp","href":"https:\/\/api.w.org\/{rel}","templated":true}]}}