{"id":8600,"date":"2026-04-15T20:51:04","date_gmt":"2026-04-15T20:51:04","guid":{"rendered":"https:\/\/morsobaltic.com\/produktas\/morso-nerudijancio-plieno-plokste\/"},"modified":"2026-04-15T21:00:29","modified_gmt":"2026-04-15T21:00:29","slug":"morso-roostevabast-terasest-plaat","status":"publish","type":"product","link":"https:\/\/morsobaltic.com\/et\/produktas\/morso-roostevabast-terasest-plaat\/","title":{"rendered":"Mors\u00f8 roostevabast terasest plaat"},"content":{"rendered":"<h4>Mors\u00f8 terasplaat \u2013 h\u00fcgieeniline tsoon teie v\u00e4lik\u00f6\u00f6ki<\/h4>\n<p>See Mors\u00f8 roostevabast terasest terasplaat on stiilne ja praktiline lisa teie v\u00e4lilauale. Minimalistlik disain sobib ideaalselt Garden ja Terra seeria m\u00f6\u00f6bliga. See pind loob ideaalse koha toidu valmistamiseks vabas \u00f5hus. See v\u00f5imaldab teil l\u00f5igata k\u00f6\u00f6givilju, voolida tainast v\u00f5i valmistada koostisosi otse grilli k\u00f5rval. Selle tarviku kasutamine muudab v\u00e4listingimustes toiduvalmistamise lihtsamaks ja meeldivamaks protsessiks.<\/p>\n<p>Roostevaba teras tagab toorainega t\u00f6\u00f6tamisel k\u00f5rgeimad h\u00fcgieenistandardid. Pind ei ima l\u00f5hnu ja on p\u00e4rast kasutamist v\u00e4ga kergesti puhastatav. Spetsiaalne kummikate tagak\u00fcljel garanteerib, et see terasplaat p\u00fcsib kindlalt laua pinnal. See ei liigu ega libise isegi intensiivse t\u00f6\u00f6 ajal. See pakub t\u00e4iendavat turvalisust igale kodukokale.<\/p>\n<h5>Kaitse ja vastupidavus<\/h5>\n<p>See toode ei t\u00e4ida ainult ettevalmistuspinna funktsiooni. See toimib pikaajalise kaitsena teie v\u00e4lilaua t\u00f6\u00f6tasapinnale. Metallist kiht kaitseb m\u00f6\u00f6blit mustuse, rasvaplekkide ja kriimustuste eest. Kui te ei soovi seda p\u00fcsivalt lauale j\u00e4tta, saate toote igal ajal eemaldada. See on universaalne t\u00f6\u00f6riist, mis aitab hoida teie v\u00e4lik\u00f6\u00f6ki puhta ja korras aastaid.<\/p>\n","protected":false},"excerpt":{"rendered":"<p>Eesm\u00e4rk: Toiduvalmistamise pind v\u00e4lilaudadele<br \/>\nMaterjal: Kvaliteetne roostevaba teras<br \/>\nOmadus: Libisemisvastane kummist p\u00f5hi<br \/>\nK\u00f5rgus: 20 mm (painutatud serv)<br \/>\nLaius: 560 mm<br \/>\nS\u00fcgavus: 605 mm<br \/>\nKaal: 3,48 kg<\/p>\n","protected":false},"featured_media":8570,"comment_status":"closed","ping_status":"closed","template":"","meta":[],"product_brand":[],"product_cat":[91],"product_tag":[],"class_list":{"0":"post-8600","1":"product","2":"type-product","3":"status-publish","4":"has-post-thumbnail","6":"product_cat-lauad-ja-stendid","8":"first","9":"instock","10":"taxable","11":"shipping-taxable","12":"purchasable","13":"product-type-simple"},"yoast_head":"<!-- This site is optimized with the Yoast SEO plugin v27.5 - https:\/\/yoast.com\/product\/yoast-seo-wordpress\/ -->\n<title>Mors\u00f8 terasplaat \u2013 h\u00fcgieeniline ettevalmistusala \u00f5ues<\/title>\n<meta name=\"description\" content=\"Roostevabast terasest Mors\u00f8 terasplaat Garden ja Terra v\u00e4lilaudadele. H\u00fcgieeniline pind toidu valmistamiseks ja kindel lauaplaadi kaitse.\" \/>\n<meta name=\"robots\" content=\"index, follow, max-snippet:-1, max-image-preview:large, max-video-preview:-1\" \/>\n<link rel=\"canonical\" href=\"https:\/\/morsobaltic.com\/et\/produktas\/morso-roostevabast-terasest-plaat\/\" \/>\n<meta property=\"og:locale\" content=\"et_EE\" \/>\n<meta property=\"og:type\" content=\"article\" \/>\n<meta property=\"og:title\" content=\"Mors\u00f8 terasplaat \u2013 h\u00fcgieeniline ettevalmistusala \u00f5ues\" \/>\n<meta property=\"og:description\" content=\"Roostevabast terasest Mors\u00f8 terasplaat Garden ja Terra v\u00e4lilaudadele. H\u00fcgieeniline pind toidu valmistamiseks ja kindel lauaplaadi kaitse.\" \/>\n<meta property=\"og:url\" content=\"https:\/\/morsobaltic.com\/et\/produktas\/morso-roostevabast-terasest-plaat\/\" \/>\n<meta property=\"og:site_name\" content=\"MORSO Baltic\" \/>\n<meta property=\"article:modified_time\" content=\"2026-04-15T21:00:29+00:00\" \/>\n<meta property=\"og:image\" content=\"https:\/\/morsobaltic.com\/wp-content\/uploads\/2026\/04\/pastry_plate_detalje2_v003-280678ca.webp\" \/>\n\t<meta property=\"og:image:width\" content=\"768\" \/>\n\t<meta property=\"og:image:height\" content=\"768\" \/>\n\t<meta property=\"og:image:type\" content=\"image\/webp\" \/>\n<meta name=\"twitter:card\" content=\"summary_large_image\" \/>\n<meta name=\"twitter:label1\" content=\"Est. reading time\" \/>\n\t<meta name=\"twitter:data1\" content=\"2 minutit\" \/>\n<script type=\"application\/ld+json\" class=\"yoast-schema-graph\">{\"@context\":\"https:\\\/\\\/schema.org\",\"@graph\":[{\"@type\":\"WebPage\",\"@id\":\"https:\\\/\\\/morsobaltic.com\\\/et\\\/produktas\\\/morso-roostevabast-terasest-plaat\\\/\",\"url\":\"https:\\\/\\\/morsobaltic.com\\\/et\\\/produktas\\\/morso-roostevabast-terasest-plaat\\\/\",\"name\":\"Mors\u00f8 terasplaat \u2013 h\u00fcgieeniline ettevalmistusala \u00f5ues\",\"isPartOf\":{\"@id\":\"https:\\\/\\\/morsobaltic.com\\\/et\\\/#website\"},\"primaryImageOfPage\":{\"@id\":\"https:\\\/\\\/morsobaltic.com\\\/et\\\/produktas\\\/morso-roostevabast-terasest-plaat\\\/#primaryimage\"},\"image\":{\"@id\":\"https:\\\/\\\/morsobaltic.com\\\/et\\\/produktas\\\/morso-roostevabast-terasest-plaat\\\/#primaryimage\"},\"thumbnailUrl\":\"https:\\\/\\\/morsobaltic.com\\\/wp-content\\\/uploads\\\/2026\\\/04\\\/pastry_plate_detalje2_v003-280678ca.webp\",\"datePublished\":\"2026-04-15T20:51:04+00:00\",\"dateModified\":\"2026-04-15T21:00:29+00:00\",\"description\":\"Roostevabast terasest Mors\u00f8 terasplaat Garden ja Terra v\u00e4lilaudadele. H\u00fcgieeniline pind toidu valmistamiseks ja kindel lauaplaadi kaitse.\",\"breadcrumb\":{\"@id\":\"https:\\\/\\\/morsobaltic.com\\\/et\\\/produktas\\\/morso-roostevabast-terasest-plaat\\\/#breadcrumb\"},\"inLanguage\":\"et\",\"potentialAction\":[{\"@type\":\"ReadAction\",\"target\":[\"https:\\\/\\\/morsobaltic.com\\\/et\\\/produktas\\\/morso-roostevabast-terasest-plaat\\\/\"]}]},{\"@type\":\"ImageObject\",\"inLanguage\":\"et\",\"@id\":\"https:\\\/\\\/morsobaltic.com\\\/et\\\/produktas\\\/morso-roostevabast-terasest-plaat\\\/#primaryimage\",\"url\":\"https:\\\/\\\/morsobaltic.com\\\/wp-content\\\/uploads\\\/2026\\\/04\\\/pastry_plate_detalje2_v003-280678ca.webp\",\"contentUrl\":\"https:\\\/\\\/morsobaltic.com\\\/wp-content\\\/uploads\\\/2026\\\/04\\\/pastry_plate_detalje2_v003-280678ca.webp\",\"width\":768,\"height\":768},{\"@type\":\"BreadcrumbList\",\"@id\":\"https:\\\/\\\/morsobaltic.com\\\/et\\\/produktas\\\/morso-roostevabast-terasest-plaat\\\/#breadcrumb\",\"itemListElement\":[{\"@type\":\"ListItem\",\"position\":1,\"name\":\"Home\",\"item\":\"https:\\\/\\\/morsobaltic.com\\\/et\\\/\"},{\"@type\":\"ListItem\",\"position\":2,\"name\":\"Kauplus\",\"item\":\"https:\\\/\\\/morsobaltic.com\\\/parduotuve\\\/\"},{\"@type\":\"ListItem\",\"position\":3,\"name\":\"Mors\u00f8 roostevabast terasest plaat\"}]},{\"@type\":\"WebSite\",\"@id\":\"https:\\\/\\\/morsobaltic.com\\\/et\\\/#website\",\"url\":\"https:\\\/\\\/morsobaltic.com\\\/et\\\/\",\"name\":\"MORSO Baltic\",\"description\":\"\",\"alternateName\":\"MORSOBALTIC\",\"potentialAction\":[{\"@type\":\"SearchAction\",\"target\":{\"@type\":\"EntryPoint\",\"urlTemplate\":\"https:\\\/\\\/morsobaltic.com\\\/et\\\/?s={search_term_string}\"},\"query-input\":{\"@type\":\"PropertyValueSpecification\",\"valueRequired\":true,\"valueName\":\"search_term_string\"}}],\"inLanguage\":\"et\"}]}<\/script>\n<!-- \/ Yoast SEO plugin. -->","yoast_head_json":{"title":"Mors\u00f8 terasplaat \u2013 h\u00fcgieeniline ettevalmistusala \u00f5ues","description":"Roostevabast terasest Mors\u00f8 terasplaat Garden ja Terra v\u00e4lilaudadele. H\u00fcgieeniline pind toidu valmistamiseks ja kindel lauaplaadi kaitse.","robots":{"index":"index","follow":"follow","max-snippet":"max-snippet:-1","max-image-preview":"max-image-preview:large","max-video-preview":"max-video-preview:-1"},"canonical":"https:\/\/morsobaltic.com\/et\/produktas\/morso-roostevabast-terasest-plaat\/","og_locale":"et_EE","og_type":"article","og_title":"Mors\u00f8 terasplaat \u2013 h\u00fcgieeniline ettevalmistusala \u00f5ues","og_description":"Roostevabast terasest Mors\u00f8 terasplaat Garden ja Terra v\u00e4lilaudadele. H\u00fcgieeniline pind toidu valmistamiseks ja kindel lauaplaadi kaitse.","og_url":"https:\/\/morsobaltic.com\/et\/produktas\/morso-roostevabast-terasest-plaat\/","og_site_name":"MORSO Baltic","article_modified_time":"2026-04-15T21:00:29+00:00","og_image":[{"width":768,"height":768,"url":"https:\/\/morsobaltic.com\/wp-content\/uploads\/2026\/04\/pastry_plate_detalje2_v003-280678ca.webp","type":"image\/webp"}],"twitter_card":"summary_large_image","twitter_misc":{"Est. reading time":"2 minutit"},"schema":{"@context":"https:\/\/schema.org","@graph":[{"@type":"WebPage","@id":"https:\/\/morsobaltic.com\/et\/produktas\/morso-roostevabast-terasest-plaat\/","url":"https:\/\/morsobaltic.com\/et\/produktas\/morso-roostevabast-terasest-plaat\/","name":"Mors\u00f8 terasplaat \u2013 h\u00fcgieeniline ettevalmistusala \u00f5ues","isPartOf":{"@id":"https:\/\/morsobaltic.com\/et\/#website"},"primaryImageOfPage":{"@id":"https:\/\/morsobaltic.com\/et\/produktas\/morso-roostevabast-terasest-plaat\/#primaryimage"},"image":{"@id":"https:\/\/morsobaltic.com\/et\/produktas\/morso-roostevabast-terasest-plaat\/#primaryimage"},"thumbnailUrl":"https:\/\/morsobaltic.com\/wp-content\/uploads\/2026\/04\/pastry_plate_detalje2_v003-280678ca.webp","datePublished":"2026-04-15T20:51:04+00:00","dateModified":"2026-04-15T21:00:29+00:00","description":"Roostevabast terasest Mors\u00f8 terasplaat Garden ja Terra v\u00e4lilaudadele. H\u00fcgieeniline pind toidu valmistamiseks ja kindel lauaplaadi kaitse.","breadcrumb":{"@id":"https:\/\/morsobaltic.com\/et\/produktas\/morso-roostevabast-terasest-plaat\/#breadcrumb"},"inLanguage":"et","potentialAction":[{"@type":"ReadAction","target":["https:\/\/morsobaltic.com\/et\/produktas\/morso-roostevabast-terasest-plaat\/"]}]},{"@type":"ImageObject","inLanguage":"et","@id":"https:\/\/morsobaltic.com\/et\/produktas\/morso-roostevabast-terasest-plaat\/#primaryimage","url":"https:\/\/morsobaltic.com\/wp-content\/uploads\/2026\/04\/pastry_plate_detalje2_v003-280678ca.webp","contentUrl":"https:\/\/morsobaltic.com\/wp-content\/uploads\/2026\/04\/pastry_plate_detalje2_v003-280678ca.webp","width":768,"height":768},{"@type":"BreadcrumbList","@id":"https:\/\/morsobaltic.com\/et\/produktas\/morso-roostevabast-terasest-plaat\/#breadcrumb","itemListElement":[{"@type":"ListItem","position":1,"name":"Home","item":"https:\/\/morsobaltic.com\/et\/"},{"@type":"ListItem","position":2,"name":"Kauplus","item":"https:\/\/morsobaltic.com\/parduotuve\/"},{"@type":"ListItem","position":3,"name":"Mors\u00f8 roostevabast terasest plaat"}]},{"@type":"WebSite","@id":"https:\/\/morsobaltic.com\/et\/#website","url":"https:\/\/morsobaltic.com\/et\/","name":"MORSO Baltic","description":"","alternateName":"MORSOBALTIC","potentialAction":[{"@type":"SearchAction","target":{"@type":"EntryPoint","urlTemplate":"https:\/\/morsobaltic.com\/et\/?s={search_term_string}"},"query-input":{"@type":"PropertyValueSpecification","valueRequired":true,"valueName":"search_term_string"}}],"inLanguage":"et"}]}},"_links":{"self":[{"href":"https:\/\/morsobaltic.com\/et\/wp-json\/wp\/v2\/product\/8600","targetHints":{"allow":["GET"]}}],"collection":[{"href":"https:\/\/morsobaltic.com\/et\/wp-json\/wp\/v2\/product"}],"about":[{"href":"https:\/\/morsobaltic.com\/et\/wp-json\/wp\/v2\/types\/product"}],"replies":[{"embeddable":true,"href":"https:\/\/morsobaltic.com\/et\/wp-json\/wp\/v2\/comments?post=8600"}],"wp:featuredmedia":[{"embeddable":true,"href":"https:\/\/morsobaltic.com\/et\/wp-json\/wp\/v2\/media\/8570"}],"wp:attachment":[{"href":"https:\/\/morsobaltic.com\/et\/wp-json\/wp\/v2\/media?parent=8600"}],"wp:term":[{"taxonomy":"product_brand","embeddable":true,"href":"https:\/\/morsobaltic.com\/et\/wp-json\/wp\/v2\/product_brand?post=8600"},{"taxonomy":"product_cat","embeddable":true,"href":"https:\/\/morsobaltic.com\/et\/wp-json\/wp\/v2\/product_cat?post=8600"},{"taxonomy":"product_tag","embeddable":true,"href":"https:\/\/morsobaltic.com\/et\/wp-json\/wp\/v2\/product_tag?post=8600"}],"curies":[{"name":"wp","href":"https:\/\/api.w.org\/{rel}","templated":true}]}}