{"id":3145,"date":"2024-02-14T14:14:01","date_gmt":"2024-02-14T14:14:01","guid":{"rendered":"https:\/\/morsobaltic.com\/precu-atgriesana\/"},"modified":"2024-07-03T07:02:56","modified_gmt":"2024-07-03T07:02:56","slug":"precu-atgriesana","status":"publish","type":"page","link":"https:\/\/morsobaltic.com\/lv\/precu-atgriesana\/","title":{"rendered":"Pre\u010du atgrie\u0161ana"},"content":{"rendered":"\t\t<div data-elementor-type=\"wp-page\" data-elementor-id=\"3145\" class=\"elementor elementor-3145 elementor-10\">\n\t\t\t\t\t\t<section class=\"elementor-section elementor-top-section elementor-element elementor-element-23f5414 elementor-section-boxed elementor-section-gap-beside-yes elementor-section-height-default elementor-section-height-default elementor-section-column-vertical-align-stretch\" data-id=\"23f5414\" data-element_type=\"section\" data-e-type=\"section\">\n\t\t\t\t\t\t<div class=\"elementor-container elementor-column-gap-extended\">\n\t\t\t\t\t<div class=\"elementor-column elementor-col-100 elementor-top-column elementor-element elementor-element-d9aa376\" data-id=\"d9aa376\" data-element_type=\"column\" data-e-type=\"column\">\n\t\t\t<div class=\"elementor-widget-wrap elementor-element-populated\">\n\t\t\t\t\t\t<div class=\"elementor-element elementor-element-978ce0c elementor-widget elementor-widget-text-editor\" data-id=\"978ce0c\" data-element_type=\"widget\" data-e-type=\"widget\" data-widget_type=\"text-editor.default\">\n\t\t\t\t<div class=\"elementor-widget-container\">\n\t\t\t\t\t\t\t\t\t\n          <p>M\u0113s ap\u0146emamies sniegt garantiju par boj\u0101tu pre\u010du atgrie\u0161anu.<\/p>\n          \n\n          <p>Ja jums \u0161\u0137iet, ka esat sa\u0146\u0113mis neatbilsto\u0161as kvalit\u0101tes produktu, l\u016bdzu, sazinieties ar mums pa e-pastu 2 dienu laik\u0101. e-pastu <a href=\"mailto:benoit@bfr.lt\">benoit@bfr.lt<\/a>, nor\u0101diet preces defektus un pievienojiet pirkumu apliecino\u0161u dokumentu.<\/p>\n          \n\n          <p>M\u0113s p\u0113c iesp\u0113jas \u0101tr\u0101k izskat\u012bsim j\u016bsu s\u016bdz\u012bbu un vienosimies par produkta nomai\u0146as termi\u0146u.<\/p>\n        \t\t\t\t\t\t\t\t<\/div>\n\t\t\t\t<\/div>\n\t\t\t\t\t<\/div>\n\t\t<\/div>\n\t\t\t\t\t<\/div>\n\t\t<\/section>\n\t\t\t\t<\/div>\n\t\t","protected":false},"excerpt":{"rendered":"<p>M\u0113s ap\u0146emamies sniegt garantiju par boj\u0101tu pre\u010du atgrie\u0161anu. Ja jums \u0161\u0137iet, ka esat sa\u0146\u0113mis neatbilsto\u0161as kvalit\u0101tes produktu, l\u016bdzu, sazinieties ar mums pa e-pastu 2 dienu laik\u0101. e-pastu benoit@bfr.lt, nor\u0101diet preces defektus un pievienojiet pirkumu apliecino\u0161u dokumentu. M\u0113s p\u0113c iesp\u0113jas \u0101tr\u0101k izskat\u012bsim j\u016bsu s\u016bdz\u012bbu un vienosimies par produkta nomai\u0146as termi\u0146u.<\/p>\n","protected":false},"author":629,"featured_media":0,"parent":0,"menu_order":0,"comment_status":"closed","ping_status":"closed","template":"","meta":{"footnotes":""},"class_list":["post-3145","page","type-page","status-publish","hentry","post-no-thumbnail"],"yoast_head":"<!-- This site is optimized with the Yoast SEO plugin v27.5 - https:\/\/yoast.com\/product\/yoast-seo-wordpress\/ -->\n<title>Pre\u010du atgrie\u0161ana - MORSO Baltic<\/title>\n<meta name=\"robots\" content=\"index, follow, max-snippet:-1, max-image-preview:large, max-video-preview:-1\" \/>\n<link rel=\"canonical\" href=\"https:\/\/morsobaltic.com\/lv\/precu-atgriesana\/\" \/>\n<meta property=\"og:locale\" content=\"lv_LV\" \/>\n<meta property=\"og:type\" content=\"article\" \/>\n<meta property=\"og:title\" content=\"Pre\u010du atgrie\u0161ana - MORSO Baltic\" \/>\n<meta property=\"og:description\" content=\"M\u0113s ap\u0146emamies sniegt garantiju par boj\u0101tu pre\u010du atgrie\u0161anu. Ja jums \u0161\u0137iet, ka esat sa\u0146\u0113mis neatbilsto\u0161as kvalit\u0101tes produktu, l\u016bdzu, sazinieties ar mums pa e-pastu 2 dienu laik\u0101. e-pastu benoit@bfr.lt, nor\u0101diet preces defektus un pievienojiet pirkumu apliecino\u0161u dokumentu. M\u0113s p\u0113c iesp\u0113jas \u0101tr\u0101k izskat\u012bsim j\u016bsu s\u016bdz\u012bbu un vienosimies par produkta nomai\u0146as termi\u0146u.\" \/>\n<meta property=\"og:url\" content=\"https:\/\/morsobaltic.com\/lv\/precu-atgriesana\/\" \/>\n<meta property=\"og:site_name\" content=\"MORSO Baltic\" \/>\n<meta property=\"article:modified_time\" content=\"2024-07-03T07:02:56+00:00\" \/>\n<meta name=\"twitter:card\" content=\"summary_large_image\" \/>\n<script type=\"application\/ld+json\" class=\"yoast-schema-graph\">{\"@context\":\"https:\\\/\\\/schema.org\",\"@graph\":[{\"@type\":\"WebPage\",\"@id\":\"https:\\\/\\\/morsobaltic.com\\\/lv\\\/precu-atgriesana\\\/\",\"url\":\"https:\\\/\\\/morsobaltic.com\\\/lv\\\/precu-atgriesana\\\/\",\"name\":\"Pre\u010du atgrie\u0161ana - MORSO Baltic\",\"isPartOf\":{\"@id\":\"https:\\\/\\\/morsobaltic.com\\\/lv\\\/#website\"},\"datePublished\":\"2024-02-14T14:14:01+00:00\",\"dateModified\":\"2024-07-03T07:02:56+00:00\",\"breadcrumb\":{\"@id\":\"https:\\\/\\\/morsobaltic.com\\\/lv\\\/precu-atgriesana\\\/#breadcrumb\"},\"inLanguage\":\"lv-LV\",\"potentialAction\":[{\"@type\":\"ReadAction\",\"target\":[\"https:\\\/\\\/morsobaltic.com\\\/lv\\\/precu-atgriesana\\\/\"]}]},{\"@type\":\"BreadcrumbList\",\"@id\":\"https:\\\/\\\/morsobaltic.com\\\/lv\\\/precu-atgriesana\\\/#breadcrumb\",\"itemListElement\":[{\"@type\":\"ListItem\",\"position\":1,\"name\":\"Home\",\"item\":\"https:\\\/\\\/morsobaltic.com\\\/lv\\\/\"},{\"@type\":\"ListItem\",\"position\":2,\"name\":\"Pre\u010du atgrie\u0161ana\"}]},{\"@type\":\"WebSite\",\"@id\":\"https:\\\/\\\/morsobaltic.com\\\/lv\\\/#website\",\"url\":\"https:\\\/\\\/morsobaltic.com\\\/lv\\\/\",\"name\":\"MORSO Baltic\",\"description\":\"\",\"alternateName\":\"MORSOBALTIC\",\"potentialAction\":[{\"@type\":\"SearchAction\",\"target\":{\"@type\":\"EntryPoint\",\"urlTemplate\":\"https:\\\/\\\/morsobaltic.com\\\/lv\\\/?s={search_term_string}\"},\"query-input\":{\"@type\":\"PropertyValueSpecification\",\"valueRequired\":true,\"valueName\":\"search_term_string\"}}],\"inLanguage\":\"lv-LV\"}]}<\/script>\n<!-- \/ Yoast SEO plugin. -->","yoast_head_json":{"title":"Pre\u010du atgrie\u0161ana - MORSO Baltic","robots":{"index":"index","follow":"follow","max-snippet":"max-snippet:-1","max-image-preview":"max-image-preview:large","max-video-preview":"max-video-preview:-1"},"canonical":"https:\/\/morsobaltic.com\/lv\/precu-atgriesana\/","og_locale":"lv_LV","og_type":"article","og_title":"Pre\u010du atgrie\u0161ana - MORSO Baltic","og_description":"M\u0113s ap\u0146emamies sniegt garantiju par boj\u0101tu pre\u010du atgrie\u0161anu. Ja jums \u0161\u0137iet, ka esat sa\u0146\u0113mis neatbilsto\u0161as kvalit\u0101tes produktu, l\u016bdzu, sazinieties ar mums pa e-pastu 2 dienu laik\u0101. e-pastu benoit@bfr.lt, nor\u0101diet preces defektus un pievienojiet pirkumu apliecino\u0161u dokumentu. M\u0113s p\u0113c iesp\u0113jas \u0101tr\u0101k izskat\u012bsim j\u016bsu s\u016bdz\u012bbu un vienosimies par produkta nomai\u0146as termi\u0146u.","og_url":"https:\/\/morsobaltic.com\/lv\/precu-atgriesana\/","og_site_name":"MORSO Baltic","article_modified_time":"2024-07-03T07:02:56+00:00","twitter_card":"summary_large_image","schema":{"@context":"https:\/\/schema.org","@graph":[{"@type":"WebPage","@id":"https:\/\/morsobaltic.com\/lv\/precu-atgriesana\/","url":"https:\/\/morsobaltic.com\/lv\/precu-atgriesana\/","name":"Pre\u010du atgrie\u0161ana - MORSO Baltic","isPartOf":{"@id":"https:\/\/morsobaltic.com\/lv\/#website"},"datePublished":"2024-02-14T14:14:01+00:00","dateModified":"2024-07-03T07:02:56+00:00","breadcrumb":{"@id":"https:\/\/morsobaltic.com\/lv\/precu-atgriesana\/#breadcrumb"},"inLanguage":"lv-LV","potentialAction":[{"@type":"ReadAction","target":["https:\/\/morsobaltic.com\/lv\/precu-atgriesana\/"]}]},{"@type":"BreadcrumbList","@id":"https:\/\/morsobaltic.com\/lv\/precu-atgriesana\/#breadcrumb","itemListElement":[{"@type":"ListItem","position":1,"name":"Home","item":"https:\/\/morsobaltic.com\/lv\/"},{"@type":"ListItem","position":2,"name":"Pre\u010du atgrie\u0161ana"}]},{"@type":"WebSite","@id":"https:\/\/morsobaltic.com\/lv\/#website","url":"https:\/\/morsobaltic.com\/lv\/","name":"MORSO Baltic","description":"","alternateName":"MORSOBALTIC","potentialAction":[{"@type":"SearchAction","target":{"@type":"EntryPoint","urlTemplate":"https:\/\/morsobaltic.com\/lv\/?s={search_term_string}"},"query-input":{"@type":"PropertyValueSpecification","valueRequired":true,"valueName":"search_term_string"}}],"inLanguage":"lv-LV"}]}},"_links":{"self":[{"href":"https:\/\/morsobaltic.com\/lv\/wp-json\/wp\/v2\/pages\/3145","targetHints":{"allow":["GET"]}}],"collection":[{"href":"https:\/\/morsobaltic.com\/lv\/wp-json\/wp\/v2\/pages"}],"about":[{"href":"https:\/\/morsobaltic.com\/lv\/wp-json\/wp\/v2\/types\/page"}],"author":[{"embeddable":true,"href":"https:\/\/morsobaltic.com\/lv\/wp-json\/wp\/v2\/users\/629"}],"replies":[{"embeddable":true,"href":"https:\/\/morsobaltic.com\/lv\/wp-json\/wp\/v2\/comments?post=3145"}],"version-history":[{"count":2,"href":"https:\/\/morsobaltic.com\/lv\/wp-json\/wp\/v2\/pages\/3145\/revisions"}],"predecessor-version":[{"id":3172,"href":"https:\/\/morsobaltic.com\/lv\/wp-json\/wp\/v2\/pages\/3145\/revisions\/3172"}],"wp:attachment":[{"href":"https:\/\/morsobaltic.com\/lv\/wp-json\/wp\/v2\/media?parent=3145"}],"curies":[{"name":"wp","href":"https:\/\/api.w.org\/{rel}","templated":true}]}}