{"id":3258,"date":"2024-02-14T14:25:56","date_gmt":"2024-02-14T14:25:56","guid":{"rendered":"https:\/\/morsobaltic.com\/produktas\/morso-forno-gas-grande-barbekju\/"},"modified":"2026-04-09T19:30:07","modified_gmt":"2026-04-09T19:30:07","slug":"morso-forno-gas-grande-gazes-grils","status":"publish","type":"product","link":"https:\/\/morsobaltic.com\/lv\/produktas\/morso-forno-gas-grande-gazes-grils\/","title":{"rendered":"G\u0101zes grils MORSO FORNO GAS GRANDE"},"content":{"rendered":"<h4>Mors\u00f8 Forno Gas Grande \u2013 luksusa skandin\u0101vu dizaina grils<\/h4>\n<p>Mors\u00f8 Forno Gas Grande ir augstas klases skandin\u0101vu dizaina g\u0101zes grils, kas paredz\u0113ts tiem, kuri nov\u0113rt\u0113 pla\u0161umu un jaudu. \u0160is grils ir rad\u012bts \u0113rtai un kvalitat\u012bvai \u0113diena gatavo\u0161anai j\u016bsu teras\u0113 vai d\u0101rz\u0101. Tas izce\u013cas ar \u012bpa\u0161i elegantu dizainu un iztur\u012bgu konstrukciju, kas k\u013c\u016bst par jebkuras \u0101ra telpas rotu. \u0160is ir liel\u0101kais Forno Gas s\u0113rijas modelis, t\u0101p\u0113c tas ir ide\u0101li piem\u0113rots kupl\u0101m \u0123imenes vakari\u0146\u0101m vai ball\u012bt\u0113m ar draugiem. Ja mekl\u0113jat ier\u012bci, kas apvienotu est\u0113tiku un profesion\u0101lu veiktsp\u0113ju, \u0161is premium grils ir lab\u0101k\u0101 izv\u0113le. Invest\u0113jot \u0161aj\u0101 model\u012b, j\u016bs nodro\u0161in\u0101t sev augst\u0101k\u0101s kvalit\u0101tes gatavo\u0161anas pieredzi daudz\u0101m sezon\u0101m.<\/p>\n<h5>Jaud\u012bgi deg\u013ci un prec\u012bza karstuma vad\u012bba<\/h5>\n<p>\u0160im grilam ir tr\u012bs jaud\u012bgi deg\u013ci, kuru kop\u0113j\u0101 jauda sasniedz pat 7,4 kW. \u0160\u0101da jauda \u013cauj \u013coti viegli pagatavot visda\u017e\u0101d\u0101kos \u0113dienus \u2013 no sul\u012bgiem liellopa ga\u013cas steikiem l\u012bdz krauk\u0161\u0137\u012bgiem d\u0101rze\u0146iem. Augsta temperat\u016bra tiek sasniegta \u013coti \u0101tri un stabili uztur\u0113ta visa cep\u0161anas procesa laik\u0101, neatkar\u012bgi no \u0101ra temperat\u016bras. Tr\u012bs atsevi\u0161\u0137i vad\u0101mi deg\u013ci sniedz iesp\u0113ju izveidot da\u017e\u0101das temperat\u016bras zonas, t\u0101p\u0113c vienlaic\u012bgi varat cept produktus, kuriem nepiecie\u0161ama at\u0161\u0137ir\u012bga karstuma intensit\u0101te. Tas sniedz kulin\u0101ro br\u012bv\u012bbu eksperiment\u0113t ar sare\u017e\u0123\u012bt\u0101m recept\u0113m, piem\u0113ram, l\u0113ni saut\u0113jot zivi vai cepot picu \u012bpa\u0161i augst\u0101 temperat\u016br\u0101.<\/p>\n<h5>Emalj\u0113ta \u010duguna restes un iztur\u012bgs korpuss<\/h5>\n<p>Mors\u00f8 Forno Gas Grande modelim ir emalj\u0113ta \u010duguna restes, kas tiek augsti v\u0113rt\u0113tas to lielisko siltuma \u012bpa\u0161\u012bbu d\u0113\u013c. \u010cuguns lieliski saglab\u0101 karstumu un pie\u0161\u0137ir \u0113dienam autentisku gar\u0161u un tekst\u016bru. \u012apa\u0161ais emaljas sl\u0101nis ne tikai pasarg\u0101 met\u0101lu no korozijas, bet ar\u012b nodro\u0161ina, ka \u0113diens maz\u0101k l\u012bp kl\u0101t, bet t\u012br\u012b\u0161ana p\u0113c lieto\u0161anas ir viegla. Iztur\u012bgais liet\u0101 alum\u012bnija korpuss nodro\u0161ina ier\u012bces ilgm\u016b\u017e\u012bbu un notur\u012bbu pat skarbos \u0101ra apst\u0101k\u013cos. Alum\u012bnijs ner\u016bs\u0113, t\u0101p\u0113c kepsnin\u0117 saglab\u0101 savu s\u0101kotn\u0113jo izskatu pat tad, ja tiek tur\u0113ta \u0101r\u0101 visu gadu. Tas ir uzticam\u012bbas garants tiem, kuri v\u0113las baud\u012bt profesion\u0101lu gril\u0113\u0161anu bez liel\u0101m papildu r\u016bp\u0113m par apr\u012bkojuma kop\u0161anu.<\/p>\n<h5>Invest\u012bcija d\u0101\u0146u kvalit\u0101t\u0113 un trad\u012bcij\u0101s<\/h5>\n<p>Mors\u00f8 z\u012bmols simboliz\u0113 d\u0101\u0146u kvalit\u0101ti, kur katra deta\u013ca ir r\u016bp\u012bgi p\u0101rdom\u0101ta lietot\u0101ja \u0113rt\u012bb\u0101m. Minim\u0101listiskas formas un luksusa materi\u0101li rada izsmalcin\u0101tu t\u0113lu, kas piest\u0101v da\u017e\u0101diem eksterjera risin\u0101jumiem. J\u016bsu \u0101ra telpa k\u013c\u016bs par \u012bstu piesaistes centru viesiem, kuri nov\u0113rt\u0113 stil\u012bgu vidi un labu \u0113dienu. \u0160\u012b ier\u012bce ir rad\u012bta t\u0101, lai j\u016bs var\u0113tu vienk\u0101r\u0161i baud\u012bt procesu, nevis r\u016bp\u0113ties par sare\u017e\u0123\u012bt\u0101m tehnisk\u0101m nians\u0113m. Baudiet profesion\u0101lu gril\u0113\u0161anu katru dienu ar Mors\u00f8 Forno Gas Grande, kas kalpos jums un priec\u0113s j\u016bsu tuv\u0101kos daudzus gadus.<\/p>\n<p><iframe title=\"YouTube videoklipu atska\u0146ot\u0101js\" src=\"https:\/\/www.youtube.com\/embed\/rzuhAW-KrpQ\" width=\"560\" height=\"315\" frameborder=\"0\" allowfullscreen=\"allowfullscreen\"><\/iframe><\/p>\n","protected":false},"excerpt":{"rendered":"<p>Tips: Liels luksusa g\u0101zes grils<br \/>\nMateri\u0101ls: Liets alum\u012bnijs<br \/>\nGrila restes: Emalj\u0113ts \u010duguns<br \/>\nCep\u0161anas virsma: 70,5 x 58 cm<br \/>\nIzm\u0113ri: 72,6 x 62,7 x 49,2 cm<br \/>\nSvars: 26,1 kg<br \/>\nDegviela: Prop\u0101ns, but\u0101ns<br \/>\nJauda: 7,4 kW (3 deg\u013ci)<br \/>\nKr\u0101sa: Antrac\u012bta pel\u0113ka<\/p>\n","protected":false},"featured_media":2345,"comment_status":"open","ping_status":"closed","template":"","meta":[],"product_brand":[],"product_cat":[87],"product_tag":[],"class_list":{"0":"post-3258","1":"product","2":"type-product","3":"status-publish","4":"has-post-thumbnail","6":"product_cat-grili","8":"first","9":"instock","10":"taxable","11":"shipping-taxable","12":"purchasable","13":"product-type-simple"},"yoast_head":"<!-- This site is optimized with the Yoast SEO plugin v27.4 - https:\/\/yoast.com\/product\/yoast-seo-wordpress\/ -->\n<title>Mors\u00f8 Forno Gas Grande \u2013 luksusa skandin\u0101vu dizaina grils<\/title>\n<meta name=\"description\" content=\"G\u0101zes grils Mors\u00f8 Forno Gas Grande pied\u0101v\u0101 7,4 kW jaudu un pla\u0161u cep\u0161anas virsmu. Liet\u0101 alum\u012bnija korpuss un \u010duguna reste izcilai kvalit\u0101tei.\" \/>\n<meta name=\"robots\" content=\"index, follow, max-snippet:-1, max-image-preview:large, max-video-preview:-1\" \/>\n<link rel=\"canonical\" href=\"https:\/\/morsobaltic.com\/lv\/produktas\/morso-forno-gas-grande-gazes-grils\/\" \/>\n<meta property=\"og:locale\" content=\"lv_LV\" \/>\n<meta property=\"og:type\" content=\"article\" \/>\n<meta property=\"og:title\" content=\"Mors\u00f8 Forno Gas Grande \u2013 luksusa skandin\u0101vu dizaina grils\" \/>\n<meta property=\"og:description\" content=\"G\u0101zes grils Mors\u00f8 Forno Gas Grande pied\u0101v\u0101 7,4 kW jaudu un pla\u0161u cep\u0161anas virsmu. Liet\u0101 alum\u012bnija korpuss un \u010duguna reste izcilai kvalit\u0101tei.\" \/>\n<meta property=\"og:url\" content=\"https:\/\/morsobaltic.com\/lv\/produktas\/morso-forno-gas-grande-gazes-grils\/\" \/>\n<meta property=\"og:site_name\" content=\"MORSO Baltic\" \/>\n<meta property=\"article:modified_time\" content=\"2026-04-09T19:30:07+00:00\" \/>\n<meta property=\"og:image\" content=\"https:\/\/morsobaltic.com\/wp-content\/uploads\/2024\/02\/morso_forno_gas_grande_front_flatten_928327774.jpeg\" \/>\n\t<meta property=\"og:image:width\" content=\"900\" \/>\n\t<meta property=\"og:image:height\" content=\"900\" \/>\n\t<meta property=\"og:image:type\" content=\"image\/jpeg\" \/>\n<meta name=\"twitter:card\" content=\"summary_large_image\" \/>\n<meta name=\"twitter:label1\" content=\"Est. reading time\" \/>\n\t<meta name=\"twitter:data1\" content=\"3 minutes\" \/>\n<script type=\"application\/ld+json\" class=\"yoast-schema-graph\">{\"@context\":\"https:\\\/\\\/schema.org\",\"@graph\":[{\"@type\":\"WebPage\",\"@id\":\"https:\\\/\\\/morsobaltic.com\\\/lv\\\/produktas\\\/morso-forno-gas-grande-gazes-grils\\\/\",\"url\":\"https:\\\/\\\/morsobaltic.com\\\/lv\\\/produktas\\\/morso-forno-gas-grande-gazes-grils\\\/\",\"name\":\"Mors\u00f8 Forno Gas Grande \u2013 luksusa skandin\u0101vu dizaina grils\",\"isPartOf\":{\"@id\":\"https:\\\/\\\/morsobaltic.com\\\/lv\\\/#website\"},\"primaryImageOfPage\":{\"@id\":\"https:\\\/\\\/morsobaltic.com\\\/lv\\\/produktas\\\/morso-forno-gas-grande-gazes-grils\\\/#primaryimage\"},\"image\":{\"@id\":\"https:\\\/\\\/morsobaltic.com\\\/lv\\\/produktas\\\/morso-forno-gas-grande-gazes-grils\\\/#primaryimage\"},\"thumbnailUrl\":\"https:\\\/\\\/morsobaltic.com\\\/wp-content\\\/uploads\\\/2024\\\/02\\\/morso_forno_gas_grande_front_flatten_928327774.jpeg\",\"datePublished\":\"2024-02-14T14:25:56+00:00\",\"dateModified\":\"2026-04-09T19:30:07+00:00\",\"description\":\"G\u0101zes grils Mors\u00f8 Forno Gas Grande pied\u0101v\u0101 7,4 kW jaudu un pla\u0161u cep\u0161anas virsmu. Liet\u0101 alum\u012bnija korpuss un \u010duguna reste izcilai kvalit\u0101tei.\",\"breadcrumb\":{\"@id\":\"https:\\\/\\\/morsobaltic.com\\\/lv\\\/produktas\\\/morso-forno-gas-grande-gazes-grils\\\/#breadcrumb\"},\"inLanguage\":\"lv-LV\",\"potentialAction\":[{\"@type\":\"ReadAction\",\"target\":[\"https:\\\/\\\/morsobaltic.com\\\/lv\\\/produktas\\\/morso-forno-gas-grande-gazes-grils\\\/\"]}]},{\"@type\":\"ImageObject\",\"inLanguage\":\"lv-LV\",\"@id\":\"https:\\\/\\\/morsobaltic.com\\\/lv\\\/produktas\\\/morso-forno-gas-grande-gazes-grils\\\/#primaryimage\",\"url\":\"https:\\\/\\\/morsobaltic.com\\\/wp-content\\\/uploads\\\/2024\\\/02\\\/morso_forno_gas_grande_front_flatten_928327774.jpeg\",\"contentUrl\":\"https:\\\/\\\/morsobaltic.com\\\/wp-content\\\/uploads\\\/2024\\\/02\\\/morso_forno_gas_grande_front_flatten_928327774.jpeg\",\"width\":900,\"height\":900},{\"@type\":\"BreadcrumbList\",\"@id\":\"https:\\\/\\\/morsobaltic.com\\\/lv\\\/produktas\\\/morso-forno-gas-grande-gazes-grils\\\/#breadcrumb\",\"itemListElement\":[{\"@type\":\"ListItem\",\"position\":1,\"name\":\"Home\",\"item\":\"https:\\\/\\\/morsobaltic.com\\\/lv\\\/\"},{\"@type\":\"ListItem\",\"position\":2,\"name\":\"Veikals\",\"item\":\"https:\\\/\\\/morsobaltic.com\\\/parduotuve\\\/\"},{\"@type\":\"ListItem\",\"position\":3,\"name\":\"G\u0101zes grils MORSO FORNO GAS GRANDE\"}]},{\"@type\":\"WebSite\",\"@id\":\"https:\\\/\\\/morsobaltic.com\\\/lv\\\/#website\",\"url\":\"https:\\\/\\\/morsobaltic.com\\\/lv\\\/\",\"name\":\"MORSO Baltic\",\"description\":\"\",\"alternateName\":\"MORSOBALTIC\",\"potentialAction\":[{\"@type\":\"SearchAction\",\"target\":{\"@type\":\"EntryPoint\",\"urlTemplate\":\"https:\\\/\\\/morsobaltic.com\\\/lv\\\/?s={search_term_string}\"},\"query-input\":{\"@type\":\"PropertyValueSpecification\",\"valueRequired\":true,\"valueName\":\"search_term_string\"}}],\"inLanguage\":\"lv-LV\"}]}<\/script>\n<!-- \/ Yoast SEO plugin. -->","yoast_head_json":{"title":"Mors\u00f8 Forno Gas Grande \u2013 luksusa skandin\u0101vu dizaina grils","description":"G\u0101zes grils Mors\u00f8 Forno Gas Grande pied\u0101v\u0101 7,4 kW jaudu un pla\u0161u cep\u0161anas virsmu. Liet\u0101 alum\u012bnija korpuss un \u010duguna reste izcilai kvalit\u0101tei.","robots":{"index":"index","follow":"follow","max-snippet":"max-snippet:-1","max-image-preview":"max-image-preview:large","max-video-preview":"max-video-preview:-1"},"canonical":"https:\/\/morsobaltic.com\/lv\/produktas\/morso-forno-gas-grande-gazes-grils\/","og_locale":"lv_LV","og_type":"article","og_title":"Mors\u00f8 Forno Gas Grande \u2013 luksusa skandin\u0101vu dizaina grils","og_description":"G\u0101zes grils Mors\u00f8 Forno Gas Grande pied\u0101v\u0101 7,4 kW jaudu un pla\u0161u cep\u0161anas virsmu. Liet\u0101 alum\u012bnija korpuss un \u010duguna reste izcilai kvalit\u0101tei.","og_url":"https:\/\/morsobaltic.com\/lv\/produktas\/morso-forno-gas-grande-gazes-grils\/","og_site_name":"MORSO Baltic","article_modified_time":"2026-04-09T19:30:07+00:00","og_image":[{"width":900,"height":900,"url":"https:\/\/morsobaltic.com\/wp-content\/uploads\/2024\/02\/morso_forno_gas_grande_front_flatten_928327774.jpeg","type":"image\/jpeg"}],"twitter_card":"summary_large_image","twitter_misc":{"Est. reading time":"3 minutes"},"schema":{"@context":"https:\/\/schema.org","@graph":[{"@type":"WebPage","@id":"https:\/\/morsobaltic.com\/lv\/produktas\/morso-forno-gas-grande-gazes-grils\/","url":"https:\/\/morsobaltic.com\/lv\/produktas\/morso-forno-gas-grande-gazes-grils\/","name":"Mors\u00f8 Forno Gas Grande \u2013 luksusa skandin\u0101vu dizaina grils","isPartOf":{"@id":"https:\/\/morsobaltic.com\/lv\/#website"},"primaryImageOfPage":{"@id":"https:\/\/morsobaltic.com\/lv\/produktas\/morso-forno-gas-grande-gazes-grils\/#primaryimage"},"image":{"@id":"https:\/\/morsobaltic.com\/lv\/produktas\/morso-forno-gas-grande-gazes-grils\/#primaryimage"},"thumbnailUrl":"https:\/\/morsobaltic.com\/wp-content\/uploads\/2024\/02\/morso_forno_gas_grande_front_flatten_928327774.jpeg","datePublished":"2024-02-14T14:25:56+00:00","dateModified":"2026-04-09T19:30:07+00:00","description":"G\u0101zes grils Mors\u00f8 Forno Gas Grande pied\u0101v\u0101 7,4 kW jaudu un pla\u0161u cep\u0161anas virsmu. Liet\u0101 alum\u012bnija korpuss un \u010duguna reste izcilai kvalit\u0101tei.","breadcrumb":{"@id":"https:\/\/morsobaltic.com\/lv\/produktas\/morso-forno-gas-grande-gazes-grils\/#breadcrumb"},"inLanguage":"lv-LV","potentialAction":[{"@type":"ReadAction","target":["https:\/\/morsobaltic.com\/lv\/produktas\/morso-forno-gas-grande-gazes-grils\/"]}]},{"@type":"ImageObject","inLanguage":"lv-LV","@id":"https:\/\/morsobaltic.com\/lv\/produktas\/morso-forno-gas-grande-gazes-grils\/#primaryimage","url":"https:\/\/morsobaltic.com\/wp-content\/uploads\/2024\/02\/morso_forno_gas_grande_front_flatten_928327774.jpeg","contentUrl":"https:\/\/morsobaltic.com\/wp-content\/uploads\/2024\/02\/morso_forno_gas_grande_front_flatten_928327774.jpeg","width":900,"height":900},{"@type":"BreadcrumbList","@id":"https:\/\/morsobaltic.com\/lv\/produktas\/morso-forno-gas-grande-gazes-grils\/#breadcrumb","itemListElement":[{"@type":"ListItem","position":1,"name":"Home","item":"https:\/\/morsobaltic.com\/lv\/"},{"@type":"ListItem","position":2,"name":"Veikals","item":"https:\/\/morsobaltic.com\/parduotuve\/"},{"@type":"ListItem","position":3,"name":"G\u0101zes grils MORSO FORNO GAS GRANDE"}]},{"@type":"WebSite","@id":"https:\/\/morsobaltic.com\/lv\/#website","url":"https:\/\/morsobaltic.com\/lv\/","name":"MORSO Baltic","description":"","alternateName":"MORSOBALTIC","potentialAction":[{"@type":"SearchAction","target":{"@type":"EntryPoint","urlTemplate":"https:\/\/morsobaltic.com\/lv\/?s={search_term_string}"},"query-input":{"@type":"PropertyValueSpecification","valueRequired":true,"valueName":"search_term_string"}}],"inLanguage":"lv-LV"}]}},"_links":{"self":[{"href":"https:\/\/morsobaltic.com\/lv\/wp-json\/wp\/v2\/product\/3258","targetHints":{"allow":["GET"]}}],"collection":[{"href":"https:\/\/morsobaltic.com\/lv\/wp-json\/wp\/v2\/product"}],"about":[{"href":"https:\/\/morsobaltic.com\/lv\/wp-json\/wp\/v2\/types\/product"}],"replies":[{"embeddable":true,"href":"https:\/\/morsobaltic.com\/lv\/wp-json\/wp\/v2\/comments?post=3258"}],"wp:featuredmedia":[{"embeddable":true,"href":"https:\/\/morsobaltic.com\/lv\/wp-json\/wp\/v2\/media\/2345"}],"wp:attachment":[{"href":"https:\/\/morsobaltic.com\/lv\/wp-json\/wp\/v2\/media?parent=3258"}],"wp:term":[{"taxonomy":"product_brand","embeddable":true,"href":"https:\/\/morsobaltic.com\/lv\/wp-json\/wp\/v2\/product_brand?post=3258"},{"taxonomy":"product_cat","embeddable":true,"href":"https:\/\/morsobaltic.com\/lv\/wp-json\/wp\/v2\/product_cat?post=3258"},{"taxonomy":"product_tag","embeddable":true,"href":"https:\/\/morsobaltic.com\/lv\/wp-json\/wp\/v2\/product_tag?post=3258"}],"curies":[{"name":"wp","href":"https:\/\/api.w.org\/{rel}","templated":true}]}}