{"id":3261,"date":"2024-02-14T14:25:56","date_gmt":"2024-02-14T14:25:56","guid":{"rendered":"https:\/\/morsobaltic.com\/produktas\/morso-forno-gas-piccolo-grils\/"},"modified":"2026-03-19T20:20:56","modified_gmt":"2026-03-19T20:20:56","slug":"morso-forno-gas-piccolo-grils","status":"publish","type":"product","link":"https:\/\/morsobaltic.com\/lv\/produktas\/morso-forno-gas-piccolo-grils\/","title":{"rendered":"MORSO FORNO GAS PICCOLO Grils"},"content":{"rendered":"<h4>Mors\u00f8 Forno Gas Piccolo \u2013 stil\u012bgs risin\u0101jums j\u016bsu \u0101ra virtuvei<\/h4>\n<p>Mors\u00f8 Forno Gas Piccolo g\u0101zes grils ir lieliska izv\u0113le modernai \u0101ra virtuvei, kur\u0101 tiek v\u0113rt\u0113ts stils un efektivit\u0101te. \u0160is modelis izce\u013cas ar savu eleganci un augst\u0101k\u0101 l\u012bme\u0146a funkcionalit\u0101ti. T\u0101 korpuss ir izgatavots no augstas kvalit\u0101tes liet\u0101 alum\u012bnija, kas nodro\u0161ina konstrukcijas iztur\u012bbu un apskau\u017eamu ilgm\u016b\u017e\u012bbu. Alum\u012bnijs ir dabiski iztur\u012bgs pret koroziju un da\u017e\u0101diem main\u012bgiem laikapst\u0101k\u013ciem, t\u0101p\u0113c \u0161\u012b kepsnin\u0117 var tikt dro\u0161i lietota \u0101r\u0101 visos gadalaikos. Ja mekl\u0113jat uzticamu r\u012bku, kas nebaid\u012btos no mitruma vai aukstuma, \u0161is modelis attaisnos visas j\u016bsu cer\u012bbas. T\u0101 ir ilgm\u016b\u017e\u012bga invest\u012bcija j\u016bsu m\u0101jas vid\u0113 un kulin\u0101rajos hobijos.<\/p>\n<h5>\u010cuguna restes un nevainojams cep\u0161anas rezult\u0101ts<\/h5>\n<p>Svar\u012bg\u0101k\u0101 \u0161\u012bs kepsnin\u0117s da\u013ca ir grila restes, kas izgatavotas no iztur\u012bga un ilgm\u016b\u017e\u012bga \u010duguna. Restes ir p\u0101rkl\u0101tas ar \u012bpa\u0161u emalju, t\u0101p\u0113c gatavojamais \u0113diens pie t\u0101m nel\u012bp, bet t\u012br\u012b\u0161ana ir \u012bpa\u0161i vienk\u0101r\u0161a. \u010cuguns ide\u0101li sadala un saglab\u0101 siltumu, t\u0101p\u0113c cep\u0161anas laik\u0101 tiek sasniegts profesion\u0101ls ga\u013cas vai d\u0101rze\u0146u rezult\u0101ts. \u0160\u012b kepsnin\u0117 garant\u0113, ka katrs j\u016bsu pagatavotais \u0113diens b\u016bs sul\u012bgs, arom\u0101tisks un izcepts vienm\u0113r\u012bgi. Pateicoties \u010duguna \u012bpa\u0161\u012bb\u0101m, karstums tiek saglab\u0101ts stabils pat bie\u017e\u0101k atverot v\u0101ku. Tas \u013cauj eksperiment\u0113t ar da\u017e\u0101d\u0101m recept\u0113m, no tradicion\u0101liem cepe\u0161iem l\u012bdz smalk\u0101m j\u016bras velt\u0113m, nodro\u0161inot augst\u0101ko gar\u0161u katru reizi.<\/p>\n<h5>Kompakts dizains un stabilit\u0101te<\/h5>\n<p>Dizainam \u0161aj\u0101 model\u012b ir \u012bpa\u0161i svar\u012bga loma. Speci\u0101lais \u010detru k\u0101ju r\u0101mis nodro\u0161ina \u013coti stabilu pamatni, t\u0101p\u0113c kepsnin\u0117 stingri turas uz jebkuras virsmas. \u0160aj\u0101 r\u0101m\u012b ir integr\u0113ts viena deg\u013ca temperat\u016bras regulators, kas \u013cauj viegli un intuit\u012bvi regul\u0113t karstumu atbilsto\u0161i j\u016bsu vajadz\u012bb\u0101m. Maz\u0101ks kepsnin\u0117s izm\u0113rs lieliski piem\u0113rots balkoniem, neliel\u0101m teras\u0113m vai pat \u0146em\u0161anai l\u012bdzi ce\u013cojumos. Lai gan t\u0101 ir kompakta, t\u0101 ir \u013coti jaud\u012bga kepsnin\u0117, kas sav\u0101 veiktsp\u0113j\u0101 neatpaliek no liel\u0101kiem mode\u013ciem. J\u016bs varat prec\u012bzi iestat\u012bt nepiecie\u0161amo temperat\u016bru, t\u0101p\u0113c gatavo\u0161anas process k\u013c\u016bst piln\u012bb\u0101 kontrol\u0113jams un nerada stresu.<\/p>\n<h5>K\u0101p\u0113c v\u0113rts izv\u0113l\u0113ties Mors\u00f8 Forno Gas Piccolo?<\/h5>\n<p>\u0160\u012b kepsnin\u0117 harmoniski apvieno d\u0101\u0146u dizainu un augst\u0101k\u0101s klases tehnolo\u0123ijas. To ir \u012bpa\u0161i viegli t\u012br\u012bt un kopt, jo visas virsmas ir gludas, un tauki ir viegli no\u0146emami p\u0113c gatavo\u0161anas. J\u016bsu atp\u016bta dab\u0101 k\u013c\u016bs v\u0113l pat\u012bkam\u0101ka, kad nevajadz\u0113s t\u0113r\u0113t laiku sare\u017e\u0123\u012btai kop\u0161anai. Katra deta\u013ca \u0161eit ir rad\u012bta, dom\u0101jot par lietot\u0101ju. Baudiet kvalitat\u012bvu \u0113dienu bez jebk\u0101d\u0101m papildu r\u016bp\u0113m sav\u0101 pagalm\u0101 vai teras\u0113. \u0160\u012b kepsnin\u0117 kalpos jums daudzus gadus, saglab\u0101jot savu est\u0113tisko izskatu un tehnisk\u0101s \u012bpa\u0161\u012bbas. Tas nav tikai \u0113diena gatavo\u0161anas r\u012bks, bet ar\u012b stil\u012bgs un praktisks papildin\u0101jums, kas izrot\u0101s j\u016bsu m\u0101jas vidi un sniegs prieku katr\u0101 kop\u0101 san\u0101k\u0161anas reiz\u0113.<\/p>\n<p><iframe title=\"YouTube videoklipu atska\u0146ot\u0101js\" src=\"https:\/\/www.youtube.com\/embed\/yDWY8HsUjHU\" width=\"560\" height=\"315\" frameborder=\"0\" allowfullscreen=\"allowfullscreen\"><\/iframe><\/p>\n","protected":false},"excerpt":{"rendered":"<p>Tips: Kompakts g\u0101zes grils<br \/>\nMateri\u0101ls: Liets alum\u012bnijs<br \/>\nGrila restes: Emalj\u0113ts \u010duguns<br \/>\nIzm\u0113ri: 46,0 x 49,2 x 39,6 cm<br \/>\nSvars: 11,3 kg<br \/>\nDegviela: Prop\u0101ns, but\u0101ns (sa\u0161\u0137idrin\u0101t\u0101 g\u0101ze)<br \/>\nJauda: 3,6 kW (1 deglis)<br \/>\nKr\u0101sa: Antrac\u012bta pel\u0113ka<\/p>\n","protected":false},"featured_media":2339,"comment_status":"closed","ping_status":"closed","template":"","meta":[],"product_brand":[],"product_cat":[87],"product_tag":[],"class_list":{"0":"post-3261","1":"product","2":"type-product","3":"status-publish","4":"has-post-thumbnail","6":"product_cat-grili","8":"first","9":"instock","10":"taxable","11":"shipping-taxable","12":"purchasable","13":"product-type-simple"},"yoast_head":"<!-- This site is optimized with the Yoast SEO plugin v27.3 - https:\/\/yoast.com\/product\/yoast-seo-wordpress\/ -->\n<title>Mors\u00f8 Forno Gas Piccolo \u2013 stil\u012bgs risin\u0101jums j\u016bsu \u0101ra virtuvei<\/title>\n<meta name=\"description\" content=\"G\u0101zes grils Mors\u00f8 Forno Gas Piccolo ir stil\u012bga un kompakta izv\u0113le balkonam vai terasei. Liet\u0101 alum\u012bnija korpuss un \u010duguna reste garant\u0113 iztur\u012bbu.\" \/>\n<meta name=\"robots\" content=\"index, follow, max-snippet:-1, max-image-preview:large, max-video-preview:-1\" \/>\n<link rel=\"canonical\" href=\"https:\/\/morsobaltic.com\/lv\/produktas\/morso-forno-gas-piccolo-grils\/\" \/>\n<meta property=\"og:locale\" content=\"lv_LV\" \/>\n<meta property=\"og:type\" content=\"article\" \/>\n<meta property=\"og:title\" content=\"Mors\u00f8 Forno Gas Piccolo \u2013 stil\u012bgs risin\u0101jums j\u016bsu \u0101ra virtuvei\" \/>\n<meta property=\"og:description\" content=\"G\u0101zes grils Mors\u00f8 Forno Gas Piccolo ir stil\u012bga un kompakta izv\u0113le balkonam vai terasei. Liet\u0101 alum\u012bnija korpuss un \u010duguna reste garant\u0113 iztur\u012bbu.\" \/>\n<meta property=\"og:url\" content=\"https:\/\/morsobaltic.com\/lv\/produktas\/morso-forno-gas-piccolo-grils\/\" \/>\n<meta property=\"og:site_name\" content=\"MORSO Baltic\" \/>\n<meta property=\"article:modified_time\" content=\"2026-03-19T20:20:56+00:00\" \/>\n<meta property=\"og:image\" content=\"https:\/\/morsobaltic.com\/wp-content\/uploads\/2024\/02\/morso_forno_gas_piccolo_front_flatten_1594337056.jpeg\" \/>\n\t<meta property=\"og:image:width\" content=\"600\" \/>\n\t<meta property=\"og:image:height\" content=\"600\" \/>\n\t<meta property=\"og:image:type\" content=\"image\/jpeg\" \/>\n<meta name=\"twitter:card\" content=\"summary_large_image\" \/>\n<meta name=\"twitter:label1\" content=\"Est. reading time\" \/>\n\t<meta name=\"twitter:data1\" content=\"1 minute\" \/>\n<script type=\"application\/ld+json\" class=\"yoast-schema-graph\">{\"@context\":\"https:\\\/\\\/schema.org\",\"@graph\":[{\"@type\":\"WebPage\",\"@id\":\"https:\\\/\\\/morsobaltic.com\\\/lv\\\/produktas\\\/morso-forno-gas-piccolo-grils\\\/\",\"url\":\"https:\\\/\\\/morsobaltic.com\\\/lv\\\/produktas\\\/morso-forno-gas-piccolo-grils\\\/\",\"name\":\"Mors\u00f8 Forno Gas Piccolo \u2013 stil\u012bgs risin\u0101jums j\u016bsu \u0101ra virtuvei\",\"isPartOf\":{\"@id\":\"https:\\\/\\\/morsobaltic.com\\\/lv\\\/#website\"},\"primaryImageOfPage\":{\"@id\":\"https:\\\/\\\/morsobaltic.com\\\/lv\\\/produktas\\\/morso-forno-gas-piccolo-grils\\\/#primaryimage\"},\"image\":{\"@id\":\"https:\\\/\\\/morsobaltic.com\\\/lv\\\/produktas\\\/morso-forno-gas-piccolo-grils\\\/#primaryimage\"},\"thumbnailUrl\":\"https:\\\/\\\/morsobaltic.com\\\/wp-content\\\/uploads\\\/2024\\\/02\\\/morso_forno_gas_piccolo_front_flatten_1594337056.jpeg\",\"datePublished\":\"2024-02-14T14:25:56+00:00\",\"dateModified\":\"2026-03-19T20:20:56+00:00\",\"description\":\"G\u0101zes grils Mors\u00f8 Forno Gas Piccolo ir stil\u012bga un kompakta izv\u0113le balkonam vai terasei. Liet\u0101 alum\u012bnija korpuss un \u010duguna reste garant\u0113 iztur\u012bbu.\",\"breadcrumb\":{\"@id\":\"https:\\\/\\\/morsobaltic.com\\\/lv\\\/produktas\\\/morso-forno-gas-piccolo-grils\\\/#breadcrumb\"},\"inLanguage\":\"lv-LV\",\"potentialAction\":[{\"@type\":\"ReadAction\",\"target\":[\"https:\\\/\\\/morsobaltic.com\\\/lv\\\/produktas\\\/morso-forno-gas-piccolo-grils\\\/\"]}]},{\"@type\":\"ImageObject\",\"inLanguage\":\"lv-LV\",\"@id\":\"https:\\\/\\\/morsobaltic.com\\\/lv\\\/produktas\\\/morso-forno-gas-piccolo-grils\\\/#primaryimage\",\"url\":\"https:\\\/\\\/morsobaltic.com\\\/wp-content\\\/uploads\\\/2024\\\/02\\\/morso_forno_gas_piccolo_front_flatten_1594337056.jpeg\",\"contentUrl\":\"https:\\\/\\\/morsobaltic.com\\\/wp-content\\\/uploads\\\/2024\\\/02\\\/morso_forno_gas_piccolo_front_flatten_1594337056.jpeg\",\"width\":600,\"height\":600},{\"@type\":\"BreadcrumbList\",\"@id\":\"https:\\\/\\\/morsobaltic.com\\\/lv\\\/produktas\\\/morso-forno-gas-piccolo-grils\\\/#breadcrumb\",\"itemListElement\":[{\"@type\":\"ListItem\",\"position\":1,\"name\":\"Home\",\"item\":\"https:\\\/\\\/morsobaltic.com\\\/lv\\\/\"},{\"@type\":\"ListItem\",\"position\":2,\"name\":\"Veikals\",\"item\":\"https:\\\/\\\/morsobaltic.com\\\/parduotuve\\\/\"},{\"@type\":\"ListItem\",\"position\":3,\"name\":\"MORSO FORNO GAS PICCOLO Grils\"}]},{\"@type\":\"WebSite\",\"@id\":\"https:\\\/\\\/morsobaltic.com\\\/lv\\\/#website\",\"url\":\"https:\\\/\\\/morsobaltic.com\\\/lv\\\/\",\"name\":\"MORSO Baltic\",\"description\":\"\",\"alternateName\":\"MORSOBALTIC\",\"potentialAction\":[{\"@type\":\"SearchAction\",\"target\":{\"@type\":\"EntryPoint\",\"urlTemplate\":\"https:\\\/\\\/morsobaltic.com\\\/lv\\\/?s={search_term_string}\"},\"query-input\":{\"@type\":\"PropertyValueSpecification\",\"valueRequired\":true,\"valueName\":\"search_term_string\"}}],\"inLanguage\":\"lv-LV\"}]}<\/script>\n<!-- \/ Yoast SEO plugin. -->","yoast_head_json":{"title":"Mors\u00f8 Forno Gas Piccolo \u2013 stil\u012bgs risin\u0101jums j\u016bsu \u0101ra virtuvei","description":"G\u0101zes grils Mors\u00f8 Forno Gas Piccolo ir stil\u012bga un kompakta izv\u0113le balkonam vai terasei. Liet\u0101 alum\u012bnija korpuss un \u010duguna reste garant\u0113 iztur\u012bbu.","robots":{"index":"index","follow":"follow","max-snippet":"max-snippet:-1","max-image-preview":"max-image-preview:large","max-video-preview":"max-video-preview:-1"},"canonical":"https:\/\/morsobaltic.com\/lv\/produktas\/morso-forno-gas-piccolo-grils\/","og_locale":"lv_LV","og_type":"article","og_title":"Mors\u00f8 Forno Gas Piccolo \u2013 stil\u012bgs risin\u0101jums j\u016bsu \u0101ra virtuvei","og_description":"G\u0101zes grils Mors\u00f8 Forno Gas Piccolo ir stil\u012bga un kompakta izv\u0113le balkonam vai terasei. Liet\u0101 alum\u012bnija korpuss un \u010duguna reste garant\u0113 iztur\u012bbu.","og_url":"https:\/\/morsobaltic.com\/lv\/produktas\/morso-forno-gas-piccolo-grils\/","og_site_name":"MORSO Baltic","article_modified_time":"2026-03-19T20:20:56+00:00","og_image":[{"width":600,"height":600,"url":"https:\/\/morsobaltic.com\/wp-content\/uploads\/2024\/02\/morso_forno_gas_piccolo_front_flatten_1594337056.jpeg","type":"image\/jpeg"}],"twitter_card":"summary_large_image","twitter_misc":{"Est. reading time":"1 minute"},"schema":{"@context":"https:\/\/schema.org","@graph":[{"@type":"WebPage","@id":"https:\/\/morsobaltic.com\/lv\/produktas\/morso-forno-gas-piccolo-grils\/","url":"https:\/\/morsobaltic.com\/lv\/produktas\/morso-forno-gas-piccolo-grils\/","name":"Mors\u00f8 Forno Gas Piccolo \u2013 stil\u012bgs risin\u0101jums j\u016bsu \u0101ra virtuvei","isPartOf":{"@id":"https:\/\/morsobaltic.com\/lv\/#website"},"primaryImageOfPage":{"@id":"https:\/\/morsobaltic.com\/lv\/produktas\/morso-forno-gas-piccolo-grils\/#primaryimage"},"image":{"@id":"https:\/\/morsobaltic.com\/lv\/produktas\/morso-forno-gas-piccolo-grils\/#primaryimage"},"thumbnailUrl":"https:\/\/morsobaltic.com\/wp-content\/uploads\/2024\/02\/morso_forno_gas_piccolo_front_flatten_1594337056.jpeg","datePublished":"2024-02-14T14:25:56+00:00","dateModified":"2026-03-19T20:20:56+00:00","description":"G\u0101zes grils Mors\u00f8 Forno Gas Piccolo ir stil\u012bga un kompakta izv\u0113le balkonam vai terasei. Liet\u0101 alum\u012bnija korpuss un \u010duguna reste garant\u0113 iztur\u012bbu.","breadcrumb":{"@id":"https:\/\/morsobaltic.com\/lv\/produktas\/morso-forno-gas-piccolo-grils\/#breadcrumb"},"inLanguage":"lv-LV","potentialAction":[{"@type":"ReadAction","target":["https:\/\/morsobaltic.com\/lv\/produktas\/morso-forno-gas-piccolo-grils\/"]}]},{"@type":"ImageObject","inLanguage":"lv-LV","@id":"https:\/\/morsobaltic.com\/lv\/produktas\/morso-forno-gas-piccolo-grils\/#primaryimage","url":"https:\/\/morsobaltic.com\/wp-content\/uploads\/2024\/02\/morso_forno_gas_piccolo_front_flatten_1594337056.jpeg","contentUrl":"https:\/\/morsobaltic.com\/wp-content\/uploads\/2024\/02\/morso_forno_gas_piccolo_front_flatten_1594337056.jpeg","width":600,"height":600},{"@type":"BreadcrumbList","@id":"https:\/\/morsobaltic.com\/lv\/produktas\/morso-forno-gas-piccolo-grils\/#breadcrumb","itemListElement":[{"@type":"ListItem","position":1,"name":"Home","item":"https:\/\/morsobaltic.com\/lv\/"},{"@type":"ListItem","position":2,"name":"Veikals","item":"https:\/\/morsobaltic.com\/parduotuve\/"},{"@type":"ListItem","position":3,"name":"MORSO FORNO GAS PICCOLO Grils"}]},{"@type":"WebSite","@id":"https:\/\/morsobaltic.com\/lv\/#website","url":"https:\/\/morsobaltic.com\/lv\/","name":"MORSO Baltic","description":"","alternateName":"MORSOBALTIC","potentialAction":[{"@type":"SearchAction","target":{"@type":"EntryPoint","urlTemplate":"https:\/\/morsobaltic.com\/lv\/?s={search_term_string}"},"query-input":{"@type":"PropertyValueSpecification","valueRequired":true,"valueName":"search_term_string"}}],"inLanguage":"lv-LV"}]}},"_links":{"self":[{"href":"https:\/\/morsobaltic.com\/lv\/wp-json\/wp\/v2\/product\/3261","targetHints":{"allow":["GET"]}}],"collection":[{"href":"https:\/\/morsobaltic.com\/lv\/wp-json\/wp\/v2\/product"}],"about":[{"href":"https:\/\/morsobaltic.com\/lv\/wp-json\/wp\/v2\/types\/product"}],"replies":[{"embeddable":true,"href":"https:\/\/morsobaltic.com\/lv\/wp-json\/wp\/v2\/comments?post=3261"}],"wp:featuredmedia":[{"embeddable":true,"href":"https:\/\/morsobaltic.com\/lv\/wp-json\/wp\/v2\/media\/2339"}],"wp:attachment":[{"href":"https:\/\/morsobaltic.com\/lv\/wp-json\/wp\/v2\/media?parent=3261"}],"wp:term":[{"taxonomy":"product_brand","embeddable":true,"href":"https:\/\/morsobaltic.com\/lv\/wp-json\/wp\/v2\/product_brand?post=3261"},{"taxonomy":"product_cat","embeddable":true,"href":"https:\/\/morsobaltic.com\/lv\/wp-json\/wp\/v2\/product_cat?post=3261"},{"taxonomy":"product_tag","embeddable":true,"href":"https:\/\/morsobaltic.com\/lv\/wp-json\/wp\/v2\/product_tag?post=3261"}],"curies":[{"name":"wp","href":"https:\/\/api.w.org\/{rel}","templated":true}]}}