{"id":3273,"date":"2024-02-14T14:25:56","date_gmt":"2024-02-14T14:25:56","guid":{"rendered":"https:\/\/morsobaltic.com\/produktas\/vaks-morso-bacone-stovui\/"},"modified":"2026-03-18T21:35:18","modified_gmt":"2026-03-18T21:35:18","slug":"vaks-morso-bacone-stovui","status":"publish","type":"product","link":"https:\/\/morsobaltic.com\/lv\/produktas\/vaks-morso-bacone-stovui\/","title":{"rendered":"V\u0101ks &#8211; MORS\u00d8 BACONE STOVUI"},"content":{"rendered":"<h4>Mors\u00f8 Balcone p\u0101rvalks \u2013 uzticama t\u012br\u012bba j\u016bsu balkon\u0101<\/h4>\n<p>Mors\u00f8 Balcone stat\u012bva un elektrisk\u0101 grila grila p\u0101rvalks ir b\u016btisks. Tas kalpo k\u0101 uzticama aizsardz\u012bba pret vides ietekmi. \u0100ra grili past\u0101v\u012bgi saskaras ar lietu un putek\u013ciem. \u0160is p\u0101rsegs aizsarg\u0101 pret visiem laikapst\u0101k\u013ciem. Izmantojot p\u0101rvalku, j\u016bsu grils paliek t\u012brs. Jums neb\u016bs tas j\u0101t\u012bra pirms gatavo\u0161anas. Tas ietaupa j\u016bsu d\u0101rgo laiku. J\u016bsu Mors\u00f8 izstr\u0101d\u0101jumi vienm\u0113r izskat\u012bsies svaigi. T\u0101 ir lab\u0101k\u0101 izv\u0113le j\u016bsu \u0101ra virtuvei. J\u016bs varat uztic\u0113ties \u0161im piederumam. Katra deta\u013ca ir izstr\u0101d\u0101ta j\u016bsu \u0113rt\u012bb\u0101m. T\u012br\u012bba balkon\u0101 tagad ir sasniedzama. Tas ir ieguld\u012bjums apr\u012bkojuma ilgm\u016b\u017e\u012bb\u0101. J\u016bsu grils ir peln\u012bjis lab\u0101ko aizsardz\u012bbu br\u012bv\u0101 dab\u0101. Dz\u012bve \u0101rpus telp\u0101m k\u013c\u016bst viegl\u0101ka.<\/p>\n<p>\u0160is grila p\u0101rvalks ir izgatavots no melna poliestera. Materi\u0101ls ir 100% \u016bdensnecaurlaid\u012bgs. Mitrums neiek\u013c\u016bst iek\u0161pus\u0113 pat stipra lietus laik\u0101. Audumam ir ar\u012b UV aizsardz\u012bba. Tas ne\u013cauj p\u0101rvalkam izbal\u0113t saul\u0113. P\u0101rvalka apak\u0161da\u013c\u0101 ir iztur\u012bga aukla. \u0160\u012b aukla dro\u0161i nostiprina p\u0101rsegu pie stat\u012bva. Tas paliks sav\u0101 viet\u0101 pat v\u0113jain\u0101 laik\u0101. Klasiski meln\u0101 kr\u0101sa nodro\u0161ina est\u0113tisku skatu. Tas ir \u012bpa\u0161i iztur\u012bgs produkts. Tas ir rad\u012bts, lai iztur\u0113tu skarbus \u0101ra apst\u0101k\u013cus. J\u016bsu balkons izskat\u012bsies sakopts un stil\u012bgs. Poliesters ir stingrs un ilgm\u016b\u017e\u012bgs audums. Tas nebaid\u0101s ne no aukstuma, ne karstuma. T\u0101 ir univers\u0101la aizsardz\u012bba j\u016bsu ier\u012bcei jebkuros laikapst\u0101k\u013cos.<\/p>\n<p>Aizsardz\u012bba pret UV stariem ir \u013coti svar\u012bga \u0101ra priek\u0161metiem. Saule var saboj\u0101t grila kr\u0101sas sl\u0101ni laika gait\u0101. \u0160is p\u0101rvalks darbojas k\u0101 past\u0101v\u012bgs vairogs. Tas blo\u0137\u0113 kait\u012bgos starus visas dienas garum\u0101. T\u0101pat tas pasarg\u0101 no putnu rad\u012btiem net\u012brumiem. Grils saglab\u0101jas sp\u012bd\u012bgs un est\u0113tisks. Jums nevajadz\u0113s izmantot sp\u0113c\u012bgu \u0137\u012bmiju t\u012br\u012b\u0161anai. Pietiek tikai no\u0146emt p\u0101rsegu un s\u0101kt gatavot. Tas atvieglo j\u016bsu br\u012bvo laiku dab\u0101. J\u016bsu \u0123imene priec\u0101sies par t\u012bru gatavo\u0161anas vietu. Modernais dizains piest\u0101v jebkuram m\u0101joklim. Mors\u00f8 kvalit\u0101ti nov\u0113rt\u0113 vis\u0101 pasaul\u0113. \u0160is p\u0101rvalks atbilst visiem ra\u017eot\u0101ja standartiem. Tas ir lab\u0101kais sabiedrotais j\u016bsu Balcone s\u0113rijas ier\u012bc\u0113m.<\/p>\n<h5>Kop\u0161ana un ilgm\u016b\u017e\u012bba<\/h5>\n<p>Mors\u00f8 p\u0101rvalka kop\u0161ana ir \u013coti vienk\u0101r\u0161a. Ieteicams to mazg\u0101t tikai ar rok\u0101m. T\u0101 produkts kalpos daudzus gadus. Virspus\u0113jos net\u012brumus var not\u012br\u012bt ar mitru dr\u0101nu. Neizmantojiet nek\u0101dus auduma m\u012bkstin\u0101t\u0101jus. Tie var saboj\u0101t poliestera strukt\u016bru. T\u0101pat m\u012bkstin\u0101t\u0101ji var izbalin\u0101t auduma kr\u0101su. Ieguldot \u0161aj\u0101 piederum\u0101, j\u016bs sarg\u0101jat savu ier\u012bci. Tas pagarin\u0101s j\u016bsu grila kalpo\u0161anas laiku. Baudiet t\u012bru balkonu katru dienu. Regul\u0101ra t\u012br\u012b\u0161ana nodro\u0161in\u0101s nevainojamu izskatu. Sarg\u0101jiet p\u0101rvalku no asiem priek\u0161metiem. Tas nodro\u0161in\u0101s auduma maksim\u0101lu integrit\u0101ti. Izbaudiet kvalitat\u012bvo Mors\u00f8 dizainu sav\u0101s m\u0101j\u0101s katr\u0101 sezon\u0101.<\/p>\n","protected":false},"excerpt":{"rendered":"<p>Tips: \u016adens un UV staru iztur\u012bgs p\u0101rvalks<br \/>\nSader\u012bba: Mors\u00f8 Balcone stat\u012bvs, Balcone Electric BBQ<br \/>\nMateri\u0101ls: 100% poliesters<br \/>\nKr\u0101sa: Melna<br \/>\nKop\u0161ana: Mazg\u0101\u0161ana ar rok\u0101m<\/p>\n","protected":false},"featured_media":2393,"comment_status":"closed","ping_status":"closed","template":"","meta":[],"product_brand":[],"product_cat":[90],"product_tag":[],"class_list":{"0":"post-3273","1":"product","2":"type-product","3":"status-publish","4":"has-post-thumbnail","6":"product_cat-grila-parsegi","8":"first","9":"instock","10":"taxable","11":"shipping-taxable","12":"purchasable","13":"product-type-simple"},"yoast_head":"<!-- This site is optimized with the Yoast SEO plugin v27.3 - https:\/\/yoast.com\/product\/yoast-seo-wordpress\/ -->\n<title>Grila p\u0101rvalks Mors\u00f8 Balcone stat\u012bvam \u2013 aizsardz\u012bba<\/title>\n<meta name=\"description\" content=\"\u016adensiztur\u012bgs Mors\u00f8 Balcone p\u0101rvalks no poliestera. UV aizsardz\u012bba un dro\u0161a stiprin\u0101\u0161ana j\u016bsu Balcone stat\u012bva un elektrisk\u0101 grila aizsardz\u012bbai.\" \/>\n<meta name=\"robots\" content=\"index, follow, max-snippet:-1, max-image-preview:large, max-video-preview:-1\" \/>\n<link rel=\"canonical\" href=\"https:\/\/morsobaltic.com\/lv\/produktas\/vaks-morso-bacone-stovui\/\" \/>\n<meta property=\"og:locale\" content=\"lv_LV\" \/>\n<meta property=\"og:type\" content=\"article\" \/>\n<meta property=\"og:title\" content=\"Grila p\u0101rvalks Mors\u00f8 Balcone stat\u012bvam \u2013 aizsardz\u012bba\" \/>\n<meta property=\"og:description\" content=\"\u016adensiztur\u012bgs Mors\u00f8 Balcone p\u0101rvalks no poliestera. UV aizsardz\u012bba un dro\u0161a stiprin\u0101\u0161ana j\u016bsu Balcone stat\u012bva un elektrisk\u0101 grila aizsardz\u012bbai.\" \/>\n<meta property=\"og:url\" content=\"https:\/\/morsobaltic.com\/lv\/produktas\/vaks-morso-bacone-stovui\/\" \/>\n<meta property=\"og:site_name\" content=\"MORSO Baltic\" \/>\n<meta property=\"article:modified_time\" content=\"2026-03-18T21:35:18+00:00\" \/>\n<meta property=\"og:image\" content=\"https:\/\/morsobaltic.com\/wp-content\/uploads\/2024\/02\/000_morsoe-balcone-scale-stand-cover_151344902.jpeg\" \/>\n\t<meta property=\"og:image:width\" content=\"600\" \/>\n\t<meta property=\"og:image:height\" content=\"600\" \/>\n\t<meta property=\"og:image:type\" content=\"image\/jpeg\" \/>\n<meta name=\"twitter:card\" content=\"summary_large_image\" \/>\n<meta name=\"twitter:label1\" content=\"Est. reading time\" \/>\n\t<meta name=\"twitter:data1\" content=\"3 minutes\" \/>\n<script type=\"application\/ld+json\" class=\"yoast-schema-graph\">{\"@context\":\"https:\\\/\\\/schema.org\",\"@graph\":[{\"@type\":\"WebPage\",\"@id\":\"https:\\\/\\\/morsobaltic.com\\\/lv\\\/produktas\\\/vaks-morso-bacone-stovui\\\/\",\"url\":\"https:\\\/\\\/morsobaltic.com\\\/lv\\\/produktas\\\/vaks-morso-bacone-stovui\\\/\",\"name\":\"Grila p\u0101rvalks Mors\u00f8 Balcone stat\u012bvam \u2013 aizsardz\u012bba\",\"isPartOf\":{\"@id\":\"https:\\\/\\\/morsobaltic.com\\\/lv\\\/#website\"},\"primaryImageOfPage\":{\"@id\":\"https:\\\/\\\/morsobaltic.com\\\/lv\\\/produktas\\\/vaks-morso-bacone-stovui\\\/#primaryimage\"},\"image\":{\"@id\":\"https:\\\/\\\/morsobaltic.com\\\/lv\\\/produktas\\\/vaks-morso-bacone-stovui\\\/#primaryimage\"},\"thumbnailUrl\":\"https:\\\/\\\/morsobaltic.com\\\/wp-content\\\/uploads\\\/2024\\\/02\\\/000_morsoe-balcone-scale-stand-cover_151344902.jpeg\",\"datePublished\":\"2024-02-14T14:25:56+00:00\",\"dateModified\":\"2026-03-18T21:35:18+00:00\",\"description\":\"\u016adensiztur\u012bgs Mors\u00f8 Balcone p\u0101rvalks no poliestera. UV aizsardz\u012bba un dro\u0161a stiprin\u0101\u0161ana j\u016bsu Balcone stat\u012bva un elektrisk\u0101 grila aizsardz\u012bbai.\",\"breadcrumb\":{\"@id\":\"https:\\\/\\\/morsobaltic.com\\\/lv\\\/produktas\\\/vaks-morso-bacone-stovui\\\/#breadcrumb\"},\"inLanguage\":\"lv-LV\",\"potentialAction\":[{\"@type\":\"ReadAction\",\"target\":[\"https:\\\/\\\/morsobaltic.com\\\/lv\\\/produktas\\\/vaks-morso-bacone-stovui\\\/\"]}]},{\"@type\":\"ImageObject\",\"inLanguage\":\"lv-LV\",\"@id\":\"https:\\\/\\\/morsobaltic.com\\\/lv\\\/produktas\\\/vaks-morso-bacone-stovui\\\/#primaryimage\",\"url\":\"https:\\\/\\\/morsobaltic.com\\\/wp-content\\\/uploads\\\/2024\\\/02\\\/000_morsoe-balcone-scale-stand-cover_151344902.jpeg\",\"contentUrl\":\"https:\\\/\\\/morsobaltic.com\\\/wp-content\\\/uploads\\\/2024\\\/02\\\/000_morsoe-balcone-scale-stand-cover_151344902.jpeg\",\"width\":600,\"height\":600},{\"@type\":\"BreadcrumbList\",\"@id\":\"https:\\\/\\\/morsobaltic.com\\\/lv\\\/produktas\\\/vaks-morso-bacone-stovui\\\/#breadcrumb\",\"itemListElement\":[{\"@type\":\"ListItem\",\"position\":1,\"name\":\"Home\",\"item\":\"https:\\\/\\\/morsobaltic.com\\\/lv\\\/\"},{\"@type\":\"ListItem\",\"position\":2,\"name\":\"Veikals\",\"item\":\"https:\\\/\\\/morsobaltic.com\\\/parduotuve\\\/\"},{\"@type\":\"ListItem\",\"position\":3,\"name\":\"V\u0101ks &#8211; MORS\u00d8 BACONE STOVUI\"}]},{\"@type\":\"WebSite\",\"@id\":\"https:\\\/\\\/morsobaltic.com\\\/lv\\\/#website\",\"url\":\"https:\\\/\\\/morsobaltic.com\\\/lv\\\/\",\"name\":\"MORSO Baltic\",\"description\":\"\",\"alternateName\":\"MORSOBALTIC\",\"potentialAction\":[{\"@type\":\"SearchAction\",\"target\":{\"@type\":\"EntryPoint\",\"urlTemplate\":\"https:\\\/\\\/morsobaltic.com\\\/lv\\\/?s={search_term_string}\"},\"query-input\":{\"@type\":\"PropertyValueSpecification\",\"valueRequired\":true,\"valueName\":\"search_term_string\"}}],\"inLanguage\":\"lv-LV\"}]}<\/script>\n<!-- \/ Yoast SEO plugin. -->","yoast_head_json":{"title":"Grila p\u0101rvalks Mors\u00f8 Balcone stat\u012bvam \u2013 aizsardz\u012bba","description":"\u016adensiztur\u012bgs Mors\u00f8 Balcone p\u0101rvalks no poliestera. UV aizsardz\u012bba un dro\u0161a stiprin\u0101\u0161ana j\u016bsu Balcone stat\u012bva un elektrisk\u0101 grila aizsardz\u012bbai.","robots":{"index":"index","follow":"follow","max-snippet":"max-snippet:-1","max-image-preview":"max-image-preview:large","max-video-preview":"max-video-preview:-1"},"canonical":"https:\/\/morsobaltic.com\/lv\/produktas\/vaks-morso-bacone-stovui\/","og_locale":"lv_LV","og_type":"article","og_title":"Grila p\u0101rvalks Mors\u00f8 Balcone stat\u012bvam \u2013 aizsardz\u012bba","og_description":"\u016adensiztur\u012bgs Mors\u00f8 Balcone p\u0101rvalks no poliestera. UV aizsardz\u012bba un dro\u0161a stiprin\u0101\u0161ana j\u016bsu Balcone stat\u012bva un elektrisk\u0101 grila aizsardz\u012bbai.","og_url":"https:\/\/morsobaltic.com\/lv\/produktas\/vaks-morso-bacone-stovui\/","og_site_name":"MORSO Baltic","article_modified_time":"2026-03-18T21:35:18+00:00","og_image":[{"width":600,"height":600,"url":"https:\/\/morsobaltic.com\/wp-content\/uploads\/2024\/02\/000_morsoe-balcone-scale-stand-cover_151344902.jpeg","type":"image\/jpeg"}],"twitter_card":"summary_large_image","twitter_misc":{"Est. reading time":"3 minutes"},"schema":{"@context":"https:\/\/schema.org","@graph":[{"@type":"WebPage","@id":"https:\/\/morsobaltic.com\/lv\/produktas\/vaks-morso-bacone-stovui\/","url":"https:\/\/morsobaltic.com\/lv\/produktas\/vaks-morso-bacone-stovui\/","name":"Grila p\u0101rvalks Mors\u00f8 Balcone stat\u012bvam \u2013 aizsardz\u012bba","isPartOf":{"@id":"https:\/\/morsobaltic.com\/lv\/#website"},"primaryImageOfPage":{"@id":"https:\/\/morsobaltic.com\/lv\/produktas\/vaks-morso-bacone-stovui\/#primaryimage"},"image":{"@id":"https:\/\/morsobaltic.com\/lv\/produktas\/vaks-morso-bacone-stovui\/#primaryimage"},"thumbnailUrl":"https:\/\/morsobaltic.com\/wp-content\/uploads\/2024\/02\/000_morsoe-balcone-scale-stand-cover_151344902.jpeg","datePublished":"2024-02-14T14:25:56+00:00","dateModified":"2026-03-18T21:35:18+00:00","description":"\u016adensiztur\u012bgs Mors\u00f8 Balcone p\u0101rvalks no poliestera. UV aizsardz\u012bba un dro\u0161a stiprin\u0101\u0161ana j\u016bsu Balcone stat\u012bva un elektrisk\u0101 grila aizsardz\u012bbai.","breadcrumb":{"@id":"https:\/\/morsobaltic.com\/lv\/produktas\/vaks-morso-bacone-stovui\/#breadcrumb"},"inLanguage":"lv-LV","potentialAction":[{"@type":"ReadAction","target":["https:\/\/morsobaltic.com\/lv\/produktas\/vaks-morso-bacone-stovui\/"]}]},{"@type":"ImageObject","inLanguage":"lv-LV","@id":"https:\/\/morsobaltic.com\/lv\/produktas\/vaks-morso-bacone-stovui\/#primaryimage","url":"https:\/\/morsobaltic.com\/wp-content\/uploads\/2024\/02\/000_morsoe-balcone-scale-stand-cover_151344902.jpeg","contentUrl":"https:\/\/morsobaltic.com\/wp-content\/uploads\/2024\/02\/000_morsoe-balcone-scale-stand-cover_151344902.jpeg","width":600,"height":600},{"@type":"BreadcrumbList","@id":"https:\/\/morsobaltic.com\/lv\/produktas\/vaks-morso-bacone-stovui\/#breadcrumb","itemListElement":[{"@type":"ListItem","position":1,"name":"Home","item":"https:\/\/morsobaltic.com\/lv\/"},{"@type":"ListItem","position":2,"name":"Veikals","item":"https:\/\/morsobaltic.com\/parduotuve\/"},{"@type":"ListItem","position":3,"name":"V\u0101ks &#8211; MORS\u00d8 BACONE STOVUI"}]},{"@type":"WebSite","@id":"https:\/\/morsobaltic.com\/lv\/#website","url":"https:\/\/morsobaltic.com\/lv\/","name":"MORSO Baltic","description":"","alternateName":"MORSOBALTIC","potentialAction":[{"@type":"SearchAction","target":{"@type":"EntryPoint","urlTemplate":"https:\/\/morsobaltic.com\/lv\/?s={search_term_string}"},"query-input":{"@type":"PropertyValueSpecification","valueRequired":true,"valueName":"search_term_string"}}],"inLanguage":"lv-LV"}]}},"_links":{"self":[{"href":"https:\/\/morsobaltic.com\/lv\/wp-json\/wp\/v2\/product\/3273","targetHints":{"allow":["GET"]}}],"collection":[{"href":"https:\/\/morsobaltic.com\/lv\/wp-json\/wp\/v2\/product"}],"about":[{"href":"https:\/\/morsobaltic.com\/lv\/wp-json\/wp\/v2\/types\/product"}],"replies":[{"embeddable":true,"href":"https:\/\/morsobaltic.com\/lv\/wp-json\/wp\/v2\/comments?post=3273"}],"wp:featuredmedia":[{"embeddable":true,"href":"https:\/\/morsobaltic.com\/lv\/wp-json\/wp\/v2\/media\/2393"}],"wp:attachment":[{"href":"https:\/\/morsobaltic.com\/lv\/wp-json\/wp\/v2\/media?parent=3273"}],"wp:term":[{"taxonomy":"product_brand","embeddable":true,"href":"https:\/\/morsobaltic.com\/lv\/wp-json\/wp\/v2\/product_brand?post=3273"},{"taxonomy":"product_cat","embeddable":true,"href":"https:\/\/morsobaltic.com\/lv\/wp-json\/wp\/v2\/product_cat?post=3273"},{"taxonomy":"product_tag","embeddable":true,"href":"https:\/\/morsobaltic.com\/lv\/wp-json\/wp\/v2\/product_tag?post=3273"}],"curies":[{"name":"wp","href":"https:\/\/api.w.org\/{rel}","templated":true}]}}