{"id":3280,"date":"2024-02-14T14:25:34","date_gmt":"2024-02-14T14:25:34","guid":{"rendered":"https:\/\/morsobaltic.com\/produktas\/morso-forno-spin-grils\/"},"modified":"2026-03-19T20:45:54","modified_gmt":"2026-03-19T20:45:54","slug":"morso-forno-spin-grils","status":"publish","type":"product","link":"https:\/\/morsobaltic.com\/lv\/produktas\/morso-forno-spin-grils\/","title":{"rendered":"MORSO FORNO SPIN grils"},"content":{"rendered":"<h4>Mors\u00f8 Forno Spin \u2013 inovat\u012bva picas kr\u0101sns ar rot\u0113jo\u0161u akmeni<\/h4>\n<p>Ar Mors\u00f8 Forno Spin pagatavot it\u0101\u013cu picu m\u0101j\u0101s ir vienk\u0101r\u0161i un \u0101tri. \u0160\u012b modern\u0101 picas kr\u0101sns izce\u013cas ar savu inovat\u012bvo dizainu un funkcionalit\u0101ti. Galven\u0101 t\u0101s iez\u012bme ir rot\u0113jo\u0161ais picas akmens. \u0160is ar elektr\u012bbu vad\u0101mais meh\u0101nisms nodro\u0161ina vienm\u0113r\u012bgu cep\u0161anu, t\u0101p\u0113c jums vairs nevajadz\u0113s picu groz\u012bt manu\u0101li. Rezult\u0101ts b\u016bs profesion\u0101ls katru reizi. \u0160\u012b kr\u0101sns izce\u013cas ar neticamu \u0101trumu gatavo\u0161anas laik\u0101 \u2013 picu izcepsiet vien 1\u20132 min\u016bt\u0113s. Ier\u012bce viegli sasniedz augstu temperat\u016bru j\u016bsu teras\u0113: vien 20 min\u016b\u0161u laik\u0101 temperat\u016bra pace\u013cas l\u012bdz 400 gr\u0101diem. \u0160\u0101ds karstums garant\u0113 krauk\u0161\u0137\u012bgu pamatni un lieliski izkusu\u0161u sieru. Svar\u012bgi piemin\u0113t, ka picas akmenim kars\u0113\u0161anas laik\u0101 ir nep\u0101rtraukti j\u0101rot\u0113.<\/p>\n<h5>Kvalitat\u012bvi materi\u0101li un skandin\u0101vu est\u0113tika<\/h5>\n<p>\u0160\u012b kr\u0101sns lieliski iek\u013caujas stil\u012bgaj\u0101 Mors\u00f8 \u0101ra sortiment\u0101. Korpuss ir izgatavots no iztur\u012bga antrac\u012bta pel\u0113ka alum\u012bnija, bet pamatne \u2013 no ilgm\u016b\u017e\u012bgas liet\u0101s plastmasas. Rot\u0113jo\u0161\u0101 akmens diametrs sasniedz 40 centimetrus, \u013caujot gatavot lielas \u0123imenes picas sav\u0101 \u0101ra virtuv\u0113. Slavenais dizaineris Klauss Rats ir rad\u012bjis r\u012bku, kas izrot\u0101 jebkuru vidi. Kr\u0101sns ir veiksm\u012bgi p\u0101rbaud\u012bta re\u0101los \u0101ra apst\u0101k\u013cos un t\u0101 lieliski darbojas norm\u0101los laikapst\u0101k\u013cos bez liela v\u0113ja. Tas ir ieguld\u012bjums kvalitat\u012bv\u0101 \u0123imenes br\u012bvaj\u0101 laik\u0101 zem klajas debess. Malt\u012btes gatavo\u0161ana ar Mors\u00f8 Forno Spin k\u013c\u016bst par pat\u012bkamu ritu\u0101lu. Baudiet \u012bstu it\u0101\u013cu gar\u0161u tie\u0161i sav\u0101 m\u0101jas teras\u0113.<\/p>\n<h5>Lieto\u0161anas rekomend\u0101cijas lab\u0101kajam rezult\u0101tam<\/h5>\n<p>Lab\u0101kos rezult\u0101tus sasniegsiet, cepot bezv\u0113j\u0101 un skaidr\u0101 laik\u0101. Vienm\u0113r p\u0101rliecinieties, ka picas akmens ir s\u0101cis rot\u0113t pirms kars\u0113\u0161anas \u2013 tas pal\u012bdz\u0113s izvair\u012bties no nevienm\u0113r\u012bgas sakar\u0161anas un pamatnes piededzin\u0101\u0161anas. Kr\u0101sni ir viegli sagatavot darbam un vienk\u0101r\u0161i t\u012br\u012bt. P\u0113c lieto\u0161anas \u013caujiet tai piln\u012bb\u0101 atdzist. Pareiza kop\u0161ana nodro\u0161in\u0101s ier\u012bces ilgm\u016b\u017e\u012bbu daudz\u0101m sezon\u0101m. \u0160\u012b ier\u012bce p\u0101rv\u0113r\u0161 katras vakari\u0146as par maziem sv\u0113tkiem. Jums nav j\u0101b\u016bt profesion\u0101lam \u0161efpav\u0101ram, lai sasniegtu izcilu rezult\u0101tu, jo kr\u0101sns visu smago darbu paveic j\u016bsu viet\u0101. Baudiet krauk\u0161\u0137\u012bgas mali\u0146as un svaigas sast\u0101vda\u013cas katru dienu. J\u016bsu pagalms k\u013c\u016bs par lab\u0101ko pic\u0113riju vis\u0101 kaimi\u0146m\u0101j\u0101.<\/p>\n","protected":false},"excerpt":{"rendered":"<p>Tips: G\u0101zes picas kr\u0101sns ar elektriski rot\u0113jo\u0161u akmeni<br \/>\nDizainers: Klaus Rath<br \/>\nMateri\u0101ls: Alum\u012bnija korpuss un keramiskais picas akmens<br \/>\nIzm\u0113ri: 57,0 x 53,0 x 35,0 cm<br \/>\nSvars: 17,11 kg<br \/>\nDegviela: G\u0101ze (6 kW jauda), akmens rot\u0113 ar elektr\u012bbu<br \/>\nKr\u0101sa: Antrac\u012bta pel\u0113ka<\/p>\n<p><strong><span dir=\"auto\">FORNO Spin grils tiek apsild\u012bts ar g\u0101zi, un akmens rot\u0101ciju nodro\u0161ina elektr\u012bba.<\/span><\/strong><\/p>\n","protected":false},"featured_media":7152,"comment_status":"closed","ping_status":"closed","template":"","meta":[],"product_brand":[],"product_cat":[87],"product_tag":[],"class_list":{"0":"post-3280","1":"product","2":"type-product","3":"status-publish","4":"has-post-thumbnail","6":"product_cat-grili","8":"first","9":"instock","10":"taxable","11":"shipping-taxable","12":"purchasable","13":"product-type-simple"},"yoast_head":"<!-- This site is optimized with the Yoast SEO plugin v27.3 - https:\/\/yoast.com\/product\/yoast-seo-wordpress\/ -->\n<title>Mors\u00f8 Forno Spin \u2013 inovat\u012bva picas kr\u0101sns ar rot\u0113jo\u0161u akmeni<\/title>\n<meta name=\"description\" content=\"G\u0101zes picas kr\u0101sns Mors\u00f8 Forno Spin ir apr\u012bkota ar elektriski rot\u0113jo\u0161u akmeni. Sasniedz 400 \u00b0C temperat\u016bru 20 min\u016bt\u0113s. Profesion\u0101la pica 1-2 min\u016bt\u0113s.\" \/>\n<meta name=\"robots\" content=\"index, follow, max-snippet:-1, max-image-preview:large, max-video-preview:-1\" \/>\n<link rel=\"canonical\" href=\"https:\/\/morsobaltic.com\/lv\/produktas\/morso-forno-spin-grils\/\" \/>\n<meta property=\"og:locale\" content=\"lv_LV\" \/>\n<meta property=\"og:type\" content=\"article\" \/>\n<meta property=\"og:title\" content=\"Mors\u00f8 Forno Spin \u2013 inovat\u012bva picas kr\u0101sns ar rot\u0113jo\u0161u akmeni\" \/>\n<meta property=\"og:description\" content=\"G\u0101zes picas kr\u0101sns Mors\u00f8 Forno Spin ir apr\u012bkota ar elektriski rot\u0113jo\u0161u akmeni. Sasniedz 400 \u00b0C temperat\u016bru 20 min\u016bt\u0113s. Profesion\u0101la pica 1-2 min\u016bt\u0113s.\" \/>\n<meta property=\"og:url\" content=\"https:\/\/morsobaltic.com\/lv\/produktas\/morso-forno-spin-grils\/\" \/>\n<meta property=\"og:site_name\" content=\"MORSO Baltic\" \/>\n<meta property=\"article:modified_time\" content=\"2026-03-19T20:45:54+00:00\" \/>\n<meta property=\"og:image\" content=\"https:\/\/morsobaltic.com\/wp-content\/uploads\/2024\/02\/1-6.png\" \/>\n\t<meta property=\"og:image:width\" content=\"1080\" \/>\n\t<meta property=\"og:image:height\" content=\"1080\" \/>\n\t<meta property=\"og:image:type\" content=\"image\/png\" \/>\n<meta name=\"twitter:card\" content=\"summary_large_image\" \/>\n<meta name=\"twitter:label1\" content=\"Est. reading time\" \/>\n\t<meta name=\"twitter:data1\" content=\"2 minutes\" \/>\n<script type=\"application\/ld+json\" class=\"yoast-schema-graph\">{\"@context\":\"https:\\\/\\\/schema.org\",\"@graph\":[{\"@type\":\"WebPage\",\"@id\":\"https:\\\/\\\/morsobaltic.com\\\/lv\\\/produktas\\\/morso-forno-spin-grils\\\/\",\"url\":\"https:\\\/\\\/morsobaltic.com\\\/lv\\\/produktas\\\/morso-forno-spin-grils\\\/\",\"name\":\"Mors\u00f8 Forno Spin \u2013 inovat\u012bva picas kr\u0101sns ar rot\u0113jo\u0161u akmeni\",\"isPartOf\":{\"@id\":\"https:\\\/\\\/morsobaltic.com\\\/lv\\\/#website\"},\"primaryImageOfPage\":{\"@id\":\"https:\\\/\\\/morsobaltic.com\\\/lv\\\/produktas\\\/morso-forno-spin-grils\\\/#primaryimage\"},\"image\":{\"@id\":\"https:\\\/\\\/morsobaltic.com\\\/lv\\\/produktas\\\/morso-forno-spin-grils\\\/#primaryimage\"},\"thumbnailUrl\":\"https:\\\/\\\/morsobaltic.com\\\/wp-content\\\/uploads\\\/2024\\\/02\\\/1-6.png\",\"datePublished\":\"2024-02-14T14:25:34+00:00\",\"dateModified\":\"2026-03-19T20:45:54+00:00\",\"description\":\"G\u0101zes picas kr\u0101sns Mors\u00f8 Forno Spin ir apr\u012bkota ar elektriski rot\u0113jo\u0161u akmeni. Sasniedz 400 \u00b0C temperat\u016bru 20 min\u016bt\u0113s. Profesion\u0101la pica 1-2 min\u016bt\u0113s.\",\"breadcrumb\":{\"@id\":\"https:\\\/\\\/morsobaltic.com\\\/lv\\\/produktas\\\/morso-forno-spin-grils\\\/#breadcrumb\"},\"inLanguage\":\"lv-LV\",\"potentialAction\":[{\"@type\":\"ReadAction\",\"target\":[\"https:\\\/\\\/morsobaltic.com\\\/lv\\\/produktas\\\/morso-forno-spin-grils\\\/\"]}]},{\"@type\":\"ImageObject\",\"inLanguage\":\"lv-LV\",\"@id\":\"https:\\\/\\\/morsobaltic.com\\\/lv\\\/produktas\\\/morso-forno-spin-grils\\\/#primaryimage\",\"url\":\"https:\\\/\\\/morsobaltic.com\\\/wp-content\\\/uploads\\\/2024\\\/02\\\/1-6.png\",\"contentUrl\":\"https:\\\/\\\/morsobaltic.com\\\/wp-content\\\/uploads\\\/2024\\\/02\\\/1-6.png\",\"width\":1080,\"height\":1080},{\"@type\":\"BreadcrumbList\",\"@id\":\"https:\\\/\\\/morsobaltic.com\\\/lv\\\/produktas\\\/morso-forno-spin-grils\\\/#breadcrumb\",\"itemListElement\":[{\"@type\":\"ListItem\",\"position\":1,\"name\":\"Home\",\"item\":\"https:\\\/\\\/morsobaltic.com\\\/lv\\\/\"},{\"@type\":\"ListItem\",\"position\":2,\"name\":\"Veikals\",\"item\":\"https:\\\/\\\/morsobaltic.com\\\/parduotuve\\\/\"},{\"@type\":\"ListItem\",\"position\":3,\"name\":\"MORSO FORNO SPIN grils\"}]},{\"@type\":\"WebSite\",\"@id\":\"https:\\\/\\\/morsobaltic.com\\\/lv\\\/#website\",\"url\":\"https:\\\/\\\/morsobaltic.com\\\/lv\\\/\",\"name\":\"MORSO Baltic\",\"description\":\"\",\"alternateName\":\"MORSOBALTIC\",\"potentialAction\":[{\"@type\":\"SearchAction\",\"target\":{\"@type\":\"EntryPoint\",\"urlTemplate\":\"https:\\\/\\\/morsobaltic.com\\\/lv\\\/?s={search_term_string}\"},\"query-input\":{\"@type\":\"PropertyValueSpecification\",\"valueRequired\":true,\"valueName\":\"search_term_string\"}}],\"inLanguage\":\"lv-LV\"}]}<\/script>\n<!-- \/ Yoast SEO plugin. -->","yoast_head_json":{"title":"Mors\u00f8 Forno Spin \u2013 inovat\u012bva picas kr\u0101sns ar rot\u0113jo\u0161u akmeni","description":"G\u0101zes picas kr\u0101sns Mors\u00f8 Forno Spin ir apr\u012bkota ar elektriski rot\u0113jo\u0161u akmeni. Sasniedz 400 \u00b0C temperat\u016bru 20 min\u016bt\u0113s. Profesion\u0101la pica 1-2 min\u016bt\u0113s.","robots":{"index":"index","follow":"follow","max-snippet":"max-snippet:-1","max-image-preview":"max-image-preview:large","max-video-preview":"max-video-preview:-1"},"canonical":"https:\/\/morsobaltic.com\/lv\/produktas\/morso-forno-spin-grils\/","og_locale":"lv_LV","og_type":"article","og_title":"Mors\u00f8 Forno Spin \u2013 inovat\u012bva picas kr\u0101sns ar rot\u0113jo\u0161u akmeni","og_description":"G\u0101zes picas kr\u0101sns Mors\u00f8 Forno Spin ir apr\u012bkota ar elektriski rot\u0113jo\u0161u akmeni. Sasniedz 400 \u00b0C temperat\u016bru 20 min\u016bt\u0113s. Profesion\u0101la pica 1-2 min\u016bt\u0113s.","og_url":"https:\/\/morsobaltic.com\/lv\/produktas\/morso-forno-spin-grils\/","og_site_name":"MORSO Baltic","article_modified_time":"2026-03-19T20:45:54+00:00","og_image":[{"width":1080,"height":1080,"url":"https:\/\/morsobaltic.com\/wp-content\/uploads\/2024\/02\/1-6.png","type":"image\/png"}],"twitter_card":"summary_large_image","twitter_misc":{"Est. reading time":"2 minutes"},"schema":{"@context":"https:\/\/schema.org","@graph":[{"@type":"WebPage","@id":"https:\/\/morsobaltic.com\/lv\/produktas\/morso-forno-spin-grils\/","url":"https:\/\/morsobaltic.com\/lv\/produktas\/morso-forno-spin-grils\/","name":"Mors\u00f8 Forno Spin \u2013 inovat\u012bva picas kr\u0101sns ar rot\u0113jo\u0161u akmeni","isPartOf":{"@id":"https:\/\/morsobaltic.com\/lv\/#website"},"primaryImageOfPage":{"@id":"https:\/\/morsobaltic.com\/lv\/produktas\/morso-forno-spin-grils\/#primaryimage"},"image":{"@id":"https:\/\/morsobaltic.com\/lv\/produktas\/morso-forno-spin-grils\/#primaryimage"},"thumbnailUrl":"https:\/\/morsobaltic.com\/wp-content\/uploads\/2024\/02\/1-6.png","datePublished":"2024-02-14T14:25:34+00:00","dateModified":"2026-03-19T20:45:54+00:00","description":"G\u0101zes picas kr\u0101sns Mors\u00f8 Forno Spin ir apr\u012bkota ar elektriski rot\u0113jo\u0161u akmeni. Sasniedz 400 \u00b0C temperat\u016bru 20 min\u016bt\u0113s. Profesion\u0101la pica 1-2 min\u016bt\u0113s.","breadcrumb":{"@id":"https:\/\/morsobaltic.com\/lv\/produktas\/morso-forno-spin-grils\/#breadcrumb"},"inLanguage":"lv-LV","potentialAction":[{"@type":"ReadAction","target":["https:\/\/morsobaltic.com\/lv\/produktas\/morso-forno-spin-grils\/"]}]},{"@type":"ImageObject","inLanguage":"lv-LV","@id":"https:\/\/morsobaltic.com\/lv\/produktas\/morso-forno-spin-grils\/#primaryimage","url":"https:\/\/morsobaltic.com\/wp-content\/uploads\/2024\/02\/1-6.png","contentUrl":"https:\/\/morsobaltic.com\/wp-content\/uploads\/2024\/02\/1-6.png","width":1080,"height":1080},{"@type":"BreadcrumbList","@id":"https:\/\/morsobaltic.com\/lv\/produktas\/morso-forno-spin-grils\/#breadcrumb","itemListElement":[{"@type":"ListItem","position":1,"name":"Home","item":"https:\/\/morsobaltic.com\/lv\/"},{"@type":"ListItem","position":2,"name":"Veikals","item":"https:\/\/morsobaltic.com\/parduotuve\/"},{"@type":"ListItem","position":3,"name":"MORSO FORNO SPIN grils"}]},{"@type":"WebSite","@id":"https:\/\/morsobaltic.com\/lv\/#website","url":"https:\/\/morsobaltic.com\/lv\/","name":"MORSO Baltic","description":"","alternateName":"MORSOBALTIC","potentialAction":[{"@type":"SearchAction","target":{"@type":"EntryPoint","urlTemplate":"https:\/\/morsobaltic.com\/lv\/?s={search_term_string}"},"query-input":{"@type":"PropertyValueSpecification","valueRequired":true,"valueName":"search_term_string"}}],"inLanguage":"lv-LV"}]}},"_links":{"self":[{"href":"https:\/\/morsobaltic.com\/lv\/wp-json\/wp\/v2\/product\/3280","targetHints":{"allow":["GET"]}}],"collection":[{"href":"https:\/\/morsobaltic.com\/lv\/wp-json\/wp\/v2\/product"}],"about":[{"href":"https:\/\/morsobaltic.com\/lv\/wp-json\/wp\/v2\/types\/product"}],"replies":[{"embeddable":true,"href":"https:\/\/morsobaltic.com\/lv\/wp-json\/wp\/v2\/comments?post=3280"}],"wp:featuredmedia":[{"embeddable":true,"href":"https:\/\/morsobaltic.com\/lv\/wp-json\/wp\/v2\/media\/7152"}],"wp:attachment":[{"href":"https:\/\/morsobaltic.com\/lv\/wp-json\/wp\/v2\/media?parent=3280"}],"wp:term":[{"taxonomy":"product_brand","embeddable":true,"href":"https:\/\/morsobaltic.com\/lv\/wp-json\/wp\/v2\/product_brand?post=3280"},{"taxonomy":"product_cat","embeddable":true,"href":"https:\/\/morsobaltic.com\/lv\/wp-json\/wp\/v2\/product_cat?post=3280"},{"taxonomy":"product_tag","embeddable":true,"href":"https:\/\/morsobaltic.com\/lv\/wp-json\/wp\/v2\/product_tag?post=3280"}],"curies":[{"name":"wp","href":"https:\/\/api.w.org\/{rel}","templated":true}]}}