{"id":3281,"date":"2024-02-14T14:25:55","date_gmt":"2024-02-14T14:25:55","guid":{"rendered":"https:\/\/morsobaltic.com\/produktas\/morso-balcone-elektriskais-grils\/"},"modified":"2026-03-19T20:44:32","modified_gmt":"2026-03-19T20:44:32","slug":"morso-balcone-elektriskais-grils","status":"publish","type":"product","link":"https:\/\/morsobaltic.com\/lv\/produktas\/morso-balcone-elektriskais-grils\/","title":{"rendered":"MORS\u00d8 BALCONE &#8211; elektriskais grils"},"content":{"rendered":"<h4>Mors\u00f8 Balcone \u2013 ide\u0101ls elektriskais grils pils\u0113tas balkoniem<\/h4>\n<p>Mors\u00f8 Balcone ir \u012bsta d\u0101vana pils\u0113tas iedz\u012bvot\u0101jiem. \u0160is elektriskais grils \u013cauj baud\u012bt gatavo\u0161anu \u0101r\u0101 pat neliel\u0101s telp\u0101s. Liel\u0101k\u0101 da\u013ca cilv\u0113ku dz\u012bvo daudzdz\u012bvok\u013cu m\u0101j\u0101s, kur atkl\u0101ta uguns ir stingri aizliegta \u2013 \u0161is jaunais grils atrisina \u0161o probl\u0113mu. Jums nepiecie\u0161ama tikai elektr\u012bbas kontaktligzda sav\u0101 balkon\u0101 vai teras\u0113. \u0160\u012b ier\u012bce ir \u012bpa\u0161i t\u012bra un praktiska. To varat viegli uzkarin\u0101t uz marg\u0101m vai vienk\u0101r\u0161i novietot uz galda. T\u0101 ir ide\u0101la izv\u0113le modernam pils\u0113tas dz\u012bvesveidam. Baudiet gardu \u0113dienu svaig\u0101 gais\u0101 bez d\u016bmiem vai sare\u017e\u0123\u012btas sagatavo\u0161an\u0101s. J\u016bsu balkons k\u013c\u016bs par m\u0101j\u012bgu kulin\u0101rijas zonu katru dienu.<\/p>\n<h5>Kompakts izm\u0113rs un \u010duguna restu jauda<\/h5>\n<p>Grila platums sasniedz 40 centimetrus, bet dzi\u013cums \u2013 18 centimetrus, t\u0101d\u0113\u013c tas lieliski iek\u013caujas uz marg\u0101m un ir viegli vad\u0101ms. Mors\u00f8 Balcone sver tikai 9 kilogramus, padarot to \u012bpa\u0161i kompaktu. Varat to dro\u0161i \u0146emt l\u012bdzi br\u012bvdienu ce\u013cojum\u0101 vai atva\u013cin\u0101jum\u0101. Mazais svars un ergonomiskais dizains sniedz br\u012bv\u012bbu kust\u0113ties un rad\u012bt jaunas gar\u0161as. \u0160aj\u0101 model\u012b ir uzst\u0101d\u012btas augst\u0101k\u0101s kvalit\u0101tes \u010duguna restes. \u010cuguns vienm\u0113r\u012bgi un l\u0113ni sadala siltumu vis\u0101 virsm\u0101, nodro\u0161inot lab\u0101ko pamatni ga\u013cas, zivju vai krauk\u0161\u0137\u012bgu d\u0101rze\u0146u gatavo\u0161anai. \u0112diens izcepas lieliski, saglab\u0101jot visu savu sul\u012bgumu. Pateicoties \u010duguna \u012bpa\u0161\u012bb\u0101m, tiek sasniegta \u013coti augsta temperat\u016bra profesion\u0101lai gatavo\u0161anai.<\/p>\n<h5>Regul\u0101ra kop\u0161ana un ilgm\u016b\u017e\u012bbas nosl\u0113pums<\/h5>\n<p>\u0100ra izstr\u0101d\u0101jumi dabiski nolietojas apk\u0101rt\u0113j\u0101s vides ietekm\u0113. Var par\u0101d\u012bties nelieli skr\u0101p\u0113jumi vai korozijas paz\u012bmes, ta\u010du tas ir viegli labojams, izmantojot \u012bpa\u0161u kop\u0161anas komplektu. Izmantojot ra\u017eot\u0101ja ori\u0123in\u0101lo komplektu, j\u016bs atjaunosiet grilu l\u012bdz t\u0101 s\u0101kotn\u0113jam izskatam. M\u0113s iesak\u0101m vienm\u0113r lietot aizsardz\u012bbu pret lietu, kad grils netiek izmantots. Pirms p\u0101rkl\u0101\u0161anas p\u0101rliecinieties, ka grils ir piln\u012bb\u0101 atdzisis un sauss. Speci\u0101l\u0101 aizsardz\u012bba ne\u013caus mitrumam sasniegt \u010duguna restes, nov\u0113r\u0161ot r\u016bsas veido\u0161anos un nodro\u0161inot ier\u012bces kalpo\u0161anu daudzus gadus. Stiprin\u0101jumu mont\u0101\u017eai uz marg\u0101m un aizsargp\u0101rvalku varat ieg\u0101d\u0101ties papildus. \u0160\u012b ir uzticama invest\u012bcija j\u016bsu kvalitat\u012bv\u0101 br\u012bvaj\u0101 laik\u0101 pils\u0113t\u0101.<\/p>\n<p><iframe title=\"YouTube videoklipu atska\u0146ot\u0101js\" src=\"https:\/\/www.youtube.com\/embed\/rjJzuGkRllE\" width=\"560\" height=\"315\" frameborder=\"0\" allowfullscreen=\"allowfullscreen\"><\/iframe><\/p>\n","protected":false},"excerpt":{"rendered":"<p>Tips: Kompakts elektriskais balkona grils<br \/>\nMateri\u0101ls: Alum\u012bnija korpuss<br \/>\nGrila restes: \u010cuguns<br \/>\nCep\u0161anas virsma: 30 x 20 cm<br \/>\nIzm\u0113ri: 45,1 x 27,0 x 17,6 cm<br \/>\nSvars: 9 kg<br \/>\nDegviela: Elektr\u012bba (vada garums 1500 mm)<br \/>\nJauda: 1800 W<br \/>\nKr\u0101sa: Tum\u0161i antrac\u012bta pel\u0113ka<\/p>\n","protected":false},"featured_media":2324,"comment_status":"open","ping_status":"closed","template":"","meta":[],"product_brand":[],"product_cat":[87],"product_tag":[],"class_list":{"0":"post-3281","1":"product","2":"type-product","3":"status-publish","4":"has-post-thumbnail","6":"product_cat-grili","8":"first","9":"instock","10":"taxable","11":"shipping-taxable","12":"purchasable","13":"product-type-simple"},"yoast_head":"<!-- This site is optimized with the Yoast SEO plugin v27.3 - https:\/\/yoast.com\/product\/yoast-seo-wordpress\/ -->\n<title>Mors\u00f8 Balcone \u2013 ide\u0101ls elektriskais grils pils\u0113tas balkoniem<\/title>\n<meta name=\"description\" content=\"Elektriskais grils Mors\u00f8 Balcone ir rad\u012bts pils\u0113tas dz\u012bvok\u013cu balkoniem. Alum\u012bnija korpuss, \u010duguna reste un 1800 W jauda. Kompakta un t\u012bra gatavo\u0161ana bez d\u016bmiem.\" \/>\n<meta name=\"robots\" content=\"index, follow, max-snippet:-1, max-image-preview:large, max-video-preview:-1\" \/>\n<link rel=\"canonical\" href=\"https:\/\/morsobaltic.com\/lv\/produktas\/morso-balcone-elektriskais-grils\/\" \/>\n<meta property=\"og:locale\" content=\"lv_LV\" \/>\n<meta property=\"og:type\" content=\"article\" \/>\n<meta property=\"og:title\" content=\"Mors\u00f8 Balcone \u2013 ide\u0101ls elektriskais grils pils\u0113tas balkoniem\" \/>\n<meta property=\"og:description\" content=\"Elektriskais grils Mors\u00f8 Balcone ir rad\u012bts pils\u0113tas dz\u012bvok\u013cu balkoniem. Alum\u012bnija korpuss, \u010duguna reste un 1800 W jauda. Kompakta un t\u012bra gatavo\u0161ana bez d\u016bmiem.\" \/>\n<meta property=\"og:url\" content=\"https:\/\/morsobaltic.com\/lv\/produktas\/morso-balcone-elektriskais-grils\/\" \/>\n<meta property=\"og:site_name\" content=\"MORSO Baltic\" \/>\n<meta property=\"article:modified_time\" content=\"2026-03-19T20:44:32+00:00\" \/>\n<meta property=\"og:image\" content=\"https:\/\/morsobaltic.com\/wp-content\/uploads\/2024\/02\/balcone4.jpeg\" \/>\n\t<meta property=\"og:image:width\" content=\"600\" \/>\n\t<meta property=\"og:image:height\" content=\"600\" \/>\n\t<meta property=\"og:image:type\" content=\"image\/jpeg\" \/>\n<meta name=\"twitter:card\" content=\"summary_large_image\" \/>\n<meta name=\"twitter:label1\" content=\"Est. reading time\" \/>\n\t<meta name=\"twitter:data1\" content=\"2 minutes\" \/>\n<script type=\"application\/ld+json\" class=\"yoast-schema-graph\">{\"@context\":\"https:\\\/\\\/schema.org\",\"@graph\":[{\"@type\":\"WebPage\",\"@id\":\"https:\\\/\\\/morsobaltic.com\\\/lv\\\/produktas\\\/morso-balcone-elektriskais-grils\\\/\",\"url\":\"https:\\\/\\\/morsobaltic.com\\\/lv\\\/produktas\\\/morso-balcone-elektriskais-grils\\\/\",\"name\":\"Mors\u00f8 Balcone \u2013 ide\u0101ls elektriskais grils pils\u0113tas balkoniem\",\"isPartOf\":{\"@id\":\"https:\\\/\\\/morsobaltic.com\\\/lv\\\/#website\"},\"primaryImageOfPage\":{\"@id\":\"https:\\\/\\\/morsobaltic.com\\\/lv\\\/produktas\\\/morso-balcone-elektriskais-grils\\\/#primaryimage\"},\"image\":{\"@id\":\"https:\\\/\\\/morsobaltic.com\\\/lv\\\/produktas\\\/morso-balcone-elektriskais-grils\\\/#primaryimage\"},\"thumbnailUrl\":\"https:\\\/\\\/morsobaltic.com\\\/wp-content\\\/uploads\\\/2024\\\/02\\\/balcone4.jpeg\",\"datePublished\":\"2024-02-14T14:25:55+00:00\",\"dateModified\":\"2026-03-19T20:44:32+00:00\",\"description\":\"Elektriskais grils Mors\u00f8 Balcone ir rad\u012bts pils\u0113tas dz\u012bvok\u013cu balkoniem. Alum\u012bnija korpuss, \u010duguna reste un 1800 W jauda. Kompakta un t\u012bra gatavo\u0161ana bez d\u016bmiem.\",\"breadcrumb\":{\"@id\":\"https:\\\/\\\/morsobaltic.com\\\/lv\\\/produktas\\\/morso-balcone-elektriskais-grils\\\/#breadcrumb\"},\"inLanguage\":\"lv-LV\",\"potentialAction\":[{\"@type\":\"ReadAction\",\"target\":[\"https:\\\/\\\/morsobaltic.com\\\/lv\\\/produktas\\\/morso-balcone-elektriskais-grils\\\/\"]}]},{\"@type\":\"ImageObject\",\"inLanguage\":\"lv-LV\",\"@id\":\"https:\\\/\\\/morsobaltic.com\\\/lv\\\/produktas\\\/morso-balcone-elektriskais-grils\\\/#primaryimage\",\"url\":\"https:\\\/\\\/morsobaltic.com\\\/wp-content\\\/uploads\\\/2024\\\/02\\\/balcone4.jpeg\",\"contentUrl\":\"https:\\\/\\\/morsobaltic.com\\\/wp-content\\\/uploads\\\/2024\\\/02\\\/balcone4.jpeg\",\"width\":600,\"height\":600},{\"@type\":\"BreadcrumbList\",\"@id\":\"https:\\\/\\\/morsobaltic.com\\\/lv\\\/produktas\\\/morso-balcone-elektriskais-grils\\\/#breadcrumb\",\"itemListElement\":[{\"@type\":\"ListItem\",\"position\":1,\"name\":\"Home\",\"item\":\"https:\\\/\\\/morsobaltic.com\\\/lv\\\/\"},{\"@type\":\"ListItem\",\"position\":2,\"name\":\"Veikals\",\"item\":\"https:\\\/\\\/morsobaltic.com\\\/parduotuve\\\/\"},{\"@type\":\"ListItem\",\"position\":3,\"name\":\"MORS\u00d8 BALCONE &#8211; elektriskais grils\"}]},{\"@type\":\"WebSite\",\"@id\":\"https:\\\/\\\/morsobaltic.com\\\/lv\\\/#website\",\"url\":\"https:\\\/\\\/morsobaltic.com\\\/lv\\\/\",\"name\":\"MORSO Baltic\",\"description\":\"\",\"alternateName\":\"MORSOBALTIC\",\"potentialAction\":[{\"@type\":\"SearchAction\",\"target\":{\"@type\":\"EntryPoint\",\"urlTemplate\":\"https:\\\/\\\/morsobaltic.com\\\/lv\\\/?s={search_term_string}\"},\"query-input\":{\"@type\":\"PropertyValueSpecification\",\"valueRequired\":true,\"valueName\":\"search_term_string\"}}],\"inLanguage\":\"lv-LV\"}]}<\/script>\n<!-- \/ Yoast SEO plugin. -->","yoast_head_json":{"title":"Mors\u00f8 Balcone \u2013 ide\u0101ls elektriskais grils pils\u0113tas balkoniem","description":"Elektriskais grils Mors\u00f8 Balcone ir rad\u012bts pils\u0113tas dz\u012bvok\u013cu balkoniem. Alum\u012bnija korpuss, \u010duguna reste un 1800 W jauda. Kompakta un t\u012bra gatavo\u0161ana bez d\u016bmiem.","robots":{"index":"index","follow":"follow","max-snippet":"max-snippet:-1","max-image-preview":"max-image-preview:large","max-video-preview":"max-video-preview:-1"},"canonical":"https:\/\/morsobaltic.com\/lv\/produktas\/morso-balcone-elektriskais-grils\/","og_locale":"lv_LV","og_type":"article","og_title":"Mors\u00f8 Balcone \u2013 ide\u0101ls elektriskais grils pils\u0113tas balkoniem","og_description":"Elektriskais grils Mors\u00f8 Balcone ir rad\u012bts pils\u0113tas dz\u012bvok\u013cu balkoniem. Alum\u012bnija korpuss, \u010duguna reste un 1800 W jauda. Kompakta un t\u012bra gatavo\u0161ana bez d\u016bmiem.","og_url":"https:\/\/morsobaltic.com\/lv\/produktas\/morso-balcone-elektriskais-grils\/","og_site_name":"MORSO Baltic","article_modified_time":"2026-03-19T20:44:32+00:00","og_image":[{"width":600,"height":600,"url":"https:\/\/morsobaltic.com\/wp-content\/uploads\/2024\/02\/balcone4.jpeg","type":"image\/jpeg"}],"twitter_card":"summary_large_image","twitter_misc":{"Est. reading time":"2 minutes"},"schema":{"@context":"https:\/\/schema.org","@graph":[{"@type":"WebPage","@id":"https:\/\/morsobaltic.com\/lv\/produktas\/morso-balcone-elektriskais-grils\/","url":"https:\/\/morsobaltic.com\/lv\/produktas\/morso-balcone-elektriskais-grils\/","name":"Mors\u00f8 Balcone \u2013 ide\u0101ls elektriskais grils pils\u0113tas balkoniem","isPartOf":{"@id":"https:\/\/morsobaltic.com\/lv\/#website"},"primaryImageOfPage":{"@id":"https:\/\/morsobaltic.com\/lv\/produktas\/morso-balcone-elektriskais-grils\/#primaryimage"},"image":{"@id":"https:\/\/morsobaltic.com\/lv\/produktas\/morso-balcone-elektriskais-grils\/#primaryimage"},"thumbnailUrl":"https:\/\/morsobaltic.com\/wp-content\/uploads\/2024\/02\/balcone4.jpeg","datePublished":"2024-02-14T14:25:55+00:00","dateModified":"2026-03-19T20:44:32+00:00","description":"Elektriskais grils Mors\u00f8 Balcone ir rad\u012bts pils\u0113tas dz\u012bvok\u013cu balkoniem. Alum\u012bnija korpuss, \u010duguna reste un 1800 W jauda. Kompakta un t\u012bra gatavo\u0161ana bez d\u016bmiem.","breadcrumb":{"@id":"https:\/\/morsobaltic.com\/lv\/produktas\/morso-balcone-elektriskais-grils\/#breadcrumb"},"inLanguage":"lv-LV","potentialAction":[{"@type":"ReadAction","target":["https:\/\/morsobaltic.com\/lv\/produktas\/morso-balcone-elektriskais-grils\/"]}]},{"@type":"ImageObject","inLanguage":"lv-LV","@id":"https:\/\/morsobaltic.com\/lv\/produktas\/morso-balcone-elektriskais-grils\/#primaryimage","url":"https:\/\/morsobaltic.com\/wp-content\/uploads\/2024\/02\/balcone4.jpeg","contentUrl":"https:\/\/morsobaltic.com\/wp-content\/uploads\/2024\/02\/balcone4.jpeg","width":600,"height":600},{"@type":"BreadcrumbList","@id":"https:\/\/morsobaltic.com\/lv\/produktas\/morso-balcone-elektriskais-grils\/#breadcrumb","itemListElement":[{"@type":"ListItem","position":1,"name":"Home","item":"https:\/\/morsobaltic.com\/lv\/"},{"@type":"ListItem","position":2,"name":"Veikals","item":"https:\/\/morsobaltic.com\/parduotuve\/"},{"@type":"ListItem","position":3,"name":"MORS\u00d8 BALCONE &#8211; elektriskais grils"}]},{"@type":"WebSite","@id":"https:\/\/morsobaltic.com\/lv\/#website","url":"https:\/\/morsobaltic.com\/lv\/","name":"MORSO Baltic","description":"","alternateName":"MORSOBALTIC","potentialAction":[{"@type":"SearchAction","target":{"@type":"EntryPoint","urlTemplate":"https:\/\/morsobaltic.com\/lv\/?s={search_term_string}"},"query-input":{"@type":"PropertyValueSpecification","valueRequired":true,"valueName":"search_term_string"}}],"inLanguage":"lv-LV"}]}},"_links":{"self":[{"href":"https:\/\/morsobaltic.com\/lv\/wp-json\/wp\/v2\/product\/3281","targetHints":{"allow":["GET"]}}],"collection":[{"href":"https:\/\/morsobaltic.com\/lv\/wp-json\/wp\/v2\/product"}],"about":[{"href":"https:\/\/morsobaltic.com\/lv\/wp-json\/wp\/v2\/types\/product"}],"replies":[{"embeddable":true,"href":"https:\/\/morsobaltic.com\/lv\/wp-json\/wp\/v2\/comments?post=3281"}],"wp:featuredmedia":[{"embeddable":true,"href":"https:\/\/morsobaltic.com\/lv\/wp-json\/wp\/v2\/media\/2324"}],"wp:attachment":[{"href":"https:\/\/morsobaltic.com\/lv\/wp-json\/wp\/v2\/media?parent=3281"}],"wp:term":[{"taxonomy":"product_brand","embeddable":true,"href":"https:\/\/morsobaltic.com\/lv\/wp-json\/wp\/v2\/product_brand?post=3281"},{"taxonomy":"product_cat","embeddable":true,"href":"https:\/\/morsobaltic.com\/lv\/wp-json\/wp\/v2\/product_cat?post=3281"},{"taxonomy":"product_tag","embeddable":true,"href":"https:\/\/morsobaltic.com\/lv\/wp-json\/wp\/v2\/product_tag?post=3281"}],"curies":[{"name":"wp","href":"https:\/\/api.w.org\/{rel}","templated":true}]}}