{"id":3389,"date":"2024-07-01T17:19:18","date_gmt":"2024-07-01T17:19:18","guid":{"rendered":"https:\/\/morsobaltic.com\/produktas\/morso-grill-box-2-gab\/"},"modified":"2026-03-20T15:32:35","modified_gmt":"2026-03-20T15:32:35","slug":"morso-grill-box-2-gab","status":"publish","type":"product","link":"https:\/\/morsobaltic.com\/lv\/produktas\/morso-grill-box-2-gab\/","title":{"rendered":"MORS\u00d8 GRILL BOX (2 gab.)"},"content":{"rendered":"<h4>Mors\u00f8 grila \u0161\u0137\u012bvji \u2013 profesion\u0101la kepsni\u0146u pasnieg\u0161ana j\u016bsu m\u0101j\u0101s<\/h4>\n<p>Mors\u00f8 grila \u0161\u0137\u012bvji ir izsmalcin\u0101ts papildin\u0101jums ikvienam grila meistaram, kur\u0161 nov\u0113rt\u0113 kvalit\u0101ti. \u0160ie \u0161\u0137\u012bvji ir izgatavoti no augst\u0101k\u0101s kvalit\u0101tes emalj\u0113ta \u010duguna. Materi\u0101lam piem\u012bt izcilas siltuma saglab\u0101\u0161anas \u012bpa\u0161\u012bbas visas malt\u012btes laik\u0101. Tie ir lieliski piem\u0113roti siltuma uztur\u0113\u0161anai j\u016bsu sul\u012bgajai ga\u013cai vai citiem produktiem. Tas garant\u0113, ka \u0113diens uz galda paliks pat\u012bkami silts iev\u0113rojami ilg\u0101k nek\u0101 parastos traukos. Izv\u0113loties produktu Mors\u00f8 grila \u0161\u0137\u012bvji pasnieg\u0161anai, j\u016bs ieg\u016bstat profesion\u0101lu serv\u0113\u0161anas risin\u0101jumu. J\u016bsu vakari\u0146as br\u012bv\u0101 dab\u0101 k\u013c\u016bs par \u012bpa\u0161u notikumu ar restor\u0101na l\u012bme\u0146a serv\u0113jumu.<\/p>\n<h5>P\u0101rdom\u0101ts dizains un funkcion\u0101la sulas notece<\/h5>\n<p>\u0160iem \u0161\u0137\u012bvjiem piem\u012bt \u013coti p\u0101rdom\u0101ts un funkcion\u0101ls dizains katr\u0101 deta\u013c\u0101. \u0160\u0137\u012bvis ir ov\u0101las formas un tam ir neliels, subtils sl\u012bpums uz vienu pusi. \u0160is risin\u0101jums ir \u013coti praktisks un noder\u012bgs \u0113diena kvalit\u0101tei. Ga\u013cas sulas dabiski notek vien\u0101 viet\u0101, neizm\u0113rc\u0113jot pa\u0161u produktu. T\u0101p\u0113c ga\u013ca un piedevas nesaslapst un saglab\u0101 savu krauk\u0161\u0137\u012bgo tekst\u016bru. \u0160\u0101ds Mors\u00f8 grila \u0161\u0137\u012bvji pasnieg\u0161anai \u013cauj baud\u012bt izcilu gar\u0161u tie\u0161i j\u016bsu m\u0101jas teras\u0113. \u010cuguns ir \u013coti iztur\u012bgs pret skr\u0101p\u0113jumiem un meh\u0101niskiem boj\u0101jumiem. J\u016bs varat dro\u0161i griezt kepsni\u0146us tie\u0161i uz \u0161\u0137\u012bvja virsmas.<\/p>\n<h5>Ilgm\u016b\u017e\u012bba un elegants skandin\u0101vu stils<\/h5>\n<p>Mors\u00f8 izstr\u0101d\u0101jumi ir slaveni ar savu iztur\u012bbu, un \u0161ie \u0161\u0137\u012bvji nav iz\u0146\u0113mums. Emalj\u0113t\u0101 virsma ne tikai atvieglo t\u012br\u012b\u0161anu p\u0113c vakari\u0146\u0101m, bet ar\u012b pie\u0161\u0137ir eleganci. Tiem ir skaists, mat\u0113ts sp\u012bdums, kas izskat\u0101s grezni uz jebkura galda. Tie tiek p\u0101rdoti iepakojum\u0101 pa divi, veidojot lielisku komplektu. T\u0101p\u0113c Mors\u00f8 grila \u0161\u0137\u012bvji pasnieg\u0161anai ir v\u0113rt\u012bga d\u0101vana jebkuram gatavo\u0161anas entuziastam. Meln\u0101 kr\u0101sa lieliski sader ar jebkuru galda serv\u0113jumu, pie\u0161\u0137irot tam solidit\u0101ti. \u0160is komplekts kalpos jums daudzus gadus, nemainot savas funkcion\u0101l\u0101s \u012bpa\u0161\u012bbas.<\/p>\n<p>Ieguldot ori\u0123in\u0101lajos piederumos, j\u016bs izv\u0113laties gadu desmitiem koptas d\u0101\u0146u trad\u012bcijas. \u0160ie trauki ir piel\u0101goti intens\u012bvai lieto\u0161anai un nebaid\u0101s no augstas temperat\u016bras. Tos ir viegli kopt un tie nezaud\u0113 savu pievilc\u012bbu laika gait\u0101. \u0160is Mors\u00f8 grila \u0161\u0137\u012bvji pasnieg\u0161anai ir praktisks un stil\u012bgs risin\u0101jums katram m\u0101joklim. Tas p\u0101rv\u0113rt\u012bs parastas \u0123imenes vakari\u0146as par sv\u0113tkiem j\u016bsu pagalm\u0101. Izbaudiet nevainojami pagatavotu \u0113dienu ar uzticamu un p\u0101rbaud\u012btu apr\u012bkojumu. Mors\u00f8 garant\u0113 profesion\u0101lu kvalit\u0101ti un izcilu dizainu ikvien\u0101 m\u0101jas virtuves piederum\u0101.<\/p>\n","protected":false},"excerpt":{"rendered":"<p>Tips: Emalj\u0113ta \u010duguna grila \u0161\u0137\u012bvji<br \/>\nDaudzums iepakojum\u0101: 2 gab.<br \/>\nForma: Ov\u0101la<br \/>\nIzm\u0113ri: 32,8 \u00d7 21 cm<br \/>\nAugstums: 2,2 cm<br \/>\n\u012apa\u0161\u012bbas: Saglab\u0101 siltumu, sl\u012bpums sulas notecei<\/p>\n","protected":false},"featured_media":2585,"comment_status":"closed","ping_status":"closed","template":"","meta":[],"product_brand":[],"product_cat":[129],"product_tag":[],"class_list":{"0":"post-3389","1":"product","2":"type-product","3":"status-publish","4":"has-post-thumbnail","6":"product_cat-trauki-un-darbariki","8":"first","9":"instock","10":"taxable","11":"shipping-taxable","12":"purchasable","13":"product-type-simple"},"yoast_head":"<!-- This site is optimized with the Yoast SEO plugin v27.3 - https:\/\/yoast.com\/product\/yoast-seo-wordpress\/ -->\n<title>Mors\u00f8 grila \u0161\u0137\u012bvji pasnieg\u0161anai \u2013 emalj\u0113ta \u010duguna komplekts<\/title>\n<meta name=\"description\" content=\"Emalj\u0113ta \u010duguna Mors\u00f8 grila \u0161\u0137\u012bvji pasnieg\u0161anai uztur siltumu ilg\u0101k. Komplekt\u0101 2 ov\u0101li \u0161\u0137\u012bvji ar sl\u012bpumu sulas notecei.\" \/>\n<meta name=\"robots\" content=\"index, follow, max-snippet:-1, max-image-preview:large, max-video-preview:-1\" \/>\n<link rel=\"canonical\" href=\"https:\/\/morsobaltic.com\/lv\/produktas\/morso-grill-box-2-gab\/\" \/>\n<meta property=\"og:locale\" content=\"lv_LV\" \/>\n<meta property=\"og:type\" content=\"article\" \/>\n<meta property=\"og:title\" content=\"Mors\u00f8 grila \u0161\u0137\u012bvji pasnieg\u0161anai \u2013 emalj\u0113ta \u010duguna komplekts\" \/>\n<meta property=\"og:description\" content=\"Emalj\u0113ta \u010duguna Mors\u00f8 grila \u0161\u0137\u012bvji pasnieg\u0161anai uztur siltumu ilg\u0101k. Komplekt\u0101 2 ov\u0101li \u0161\u0137\u012bvji ar sl\u012bpumu sulas notecei.\" \/>\n<meta property=\"og:url\" content=\"https:\/\/morsobaltic.com\/lv\/produktas\/morso-grill-box-2-gab\/\" \/>\n<meta property=\"og:site_name\" content=\"MORSO Baltic\" \/>\n<meta property=\"article:modified_time\" content=\"2026-03-20T15:32:35+00:00\" \/>\n<meta property=\"og:image\" content=\"https:\/\/morsobaltic.com\/wp-content\/uploads\/2024\/02\/stegetallerken.jpeg\" \/>\n\t<meta property=\"og:image:width\" content=\"600\" \/>\n\t<meta property=\"og:image:height\" content=\"600\" \/>\n\t<meta property=\"og:image:type\" content=\"image\/jpeg\" \/>\n<meta name=\"twitter:card\" content=\"summary_large_image\" \/>\n<meta name=\"twitter:label1\" content=\"Est. reading time\" \/>\n\t<meta name=\"twitter:data1\" content=\"2 minutes\" \/>\n<script type=\"application\/ld+json\" class=\"yoast-schema-graph\">{\"@context\":\"https:\\\/\\\/schema.org\",\"@graph\":[{\"@type\":\"WebPage\",\"@id\":\"https:\\\/\\\/morsobaltic.com\\\/lv\\\/produktas\\\/morso-grill-box-2-gab\\\/\",\"url\":\"https:\\\/\\\/morsobaltic.com\\\/lv\\\/produktas\\\/morso-grill-box-2-gab\\\/\",\"name\":\"Mors\u00f8 grila \u0161\u0137\u012bvji pasnieg\u0161anai \u2013 emalj\u0113ta \u010duguna komplekts\",\"isPartOf\":{\"@id\":\"https:\\\/\\\/morsobaltic.com\\\/lv\\\/#website\"},\"primaryImageOfPage\":{\"@id\":\"https:\\\/\\\/morsobaltic.com\\\/lv\\\/produktas\\\/morso-grill-box-2-gab\\\/#primaryimage\"},\"image\":{\"@id\":\"https:\\\/\\\/morsobaltic.com\\\/lv\\\/produktas\\\/morso-grill-box-2-gab\\\/#primaryimage\"},\"thumbnailUrl\":\"https:\\\/\\\/morsobaltic.com\\\/wp-content\\\/uploads\\\/2024\\\/02\\\/stegetallerken.jpeg\",\"datePublished\":\"2024-07-01T17:19:18+00:00\",\"dateModified\":\"2026-03-20T15:32:35+00:00\",\"description\":\"Emalj\u0113ta \u010duguna Mors\u00f8 grila \u0161\u0137\u012bvji pasnieg\u0161anai uztur siltumu ilg\u0101k. Komplekt\u0101 2 ov\u0101li \u0161\u0137\u012bvji ar sl\u012bpumu sulas notecei.\",\"breadcrumb\":{\"@id\":\"https:\\\/\\\/morsobaltic.com\\\/lv\\\/produktas\\\/morso-grill-box-2-gab\\\/#breadcrumb\"},\"inLanguage\":\"lv-LV\",\"potentialAction\":[{\"@type\":\"ReadAction\",\"target\":[\"https:\\\/\\\/morsobaltic.com\\\/lv\\\/produktas\\\/morso-grill-box-2-gab\\\/\"]}]},{\"@type\":\"ImageObject\",\"inLanguage\":\"lv-LV\",\"@id\":\"https:\\\/\\\/morsobaltic.com\\\/lv\\\/produktas\\\/morso-grill-box-2-gab\\\/#primaryimage\",\"url\":\"https:\\\/\\\/morsobaltic.com\\\/wp-content\\\/uploads\\\/2024\\\/02\\\/stegetallerken.jpeg\",\"contentUrl\":\"https:\\\/\\\/morsobaltic.com\\\/wp-content\\\/uploads\\\/2024\\\/02\\\/stegetallerken.jpeg\",\"width\":600,\"height\":600},{\"@type\":\"BreadcrumbList\",\"@id\":\"https:\\\/\\\/morsobaltic.com\\\/lv\\\/produktas\\\/morso-grill-box-2-gab\\\/#breadcrumb\",\"itemListElement\":[{\"@type\":\"ListItem\",\"position\":1,\"name\":\"Home\",\"item\":\"https:\\\/\\\/morsobaltic.com\\\/lv\\\/\"},{\"@type\":\"ListItem\",\"position\":2,\"name\":\"Veikals\",\"item\":\"https:\\\/\\\/morsobaltic.com\\\/parduotuve\\\/\"},{\"@type\":\"ListItem\",\"position\":3,\"name\":\"MORS\u00d8 GRILL BOX (2 gab.)\"}]},{\"@type\":\"WebSite\",\"@id\":\"https:\\\/\\\/morsobaltic.com\\\/lv\\\/#website\",\"url\":\"https:\\\/\\\/morsobaltic.com\\\/lv\\\/\",\"name\":\"MORSO Baltic\",\"description\":\"\",\"alternateName\":\"MORSOBALTIC\",\"potentialAction\":[{\"@type\":\"SearchAction\",\"target\":{\"@type\":\"EntryPoint\",\"urlTemplate\":\"https:\\\/\\\/morsobaltic.com\\\/lv\\\/?s={search_term_string}\"},\"query-input\":{\"@type\":\"PropertyValueSpecification\",\"valueRequired\":true,\"valueName\":\"search_term_string\"}}],\"inLanguage\":\"lv-LV\"}]}<\/script>\n<!-- \/ Yoast SEO plugin. -->","yoast_head_json":{"title":"Mors\u00f8 grila \u0161\u0137\u012bvji pasnieg\u0161anai \u2013 emalj\u0113ta \u010duguna komplekts","description":"Emalj\u0113ta \u010duguna Mors\u00f8 grila \u0161\u0137\u012bvji pasnieg\u0161anai uztur siltumu ilg\u0101k. Komplekt\u0101 2 ov\u0101li \u0161\u0137\u012bvji ar sl\u012bpumu sulas notecei.","robots":{"index":"index","follow":"follow","max-snippet":"max-snippet:-1","max-image-preview":"max-image-preview:large","max-video-preview":"max-video-preview:-1"},"canonical":"https:\/\/morsobaltic.com\/lv\/produktas\/morso-grill-box-2-gab\/","og_locale":"lv_LV","og_type":"article","og_title":"Mors\u00f8 grila \u0161\u0137\u012bvji pasnieg\u0161anai \u2013 emalj\u0113ta \u010duguna komplekts","og_description":"Emalj\u0113ta \u010duguna Mors\u00f8 grila \u0161\u0137\u012bvji pasnieg\u0161anai uztur siltumu ilg\u0101k. Komplekt\u0101 2 ov\u0101li \u0161\u0137\u012bvji ar sl\u012bpumu sulas notecei.","og_url":"https:\/\/morsobaltic.com\/lv\/produktas\/morso-grill-box-2-gab\/","og_site_name":"MORSO Baltic","article_modified_time":"2026-03-20T15:32:35+00:00","og_image":[{"width":600,"height":600,"url":"https:\/\/morsobaltic.com\/wp-content\/uploads\/2024\/02\/stegetallerken.jpeg","type":"image\/jpeg"}],"twitter_card":"summary_large_image","twitter_misc":{"Est. reading time":"2 minutes"},"schema":{"@context":"https:\/\/schema.org","@graph":[{"@type":"WebPage","@id":"https:\/\/morsobaltic.com\/lv\/produktas\/morso-grill-box-2-gab\/","url":"https:\/\/morsobaltic.com\/lv\/produktas\/morso-grill-box-2-gab\/","name":"Mors\u00f8 grila \u0161\u0137\u012bvji pasnieg\u0161anai \u2013 emalj\u0113ta \u010duguna komplekts","isPartOf":{"@id":"https:\/\/morsobaltic.com\/lv\/#website"},"primaryImageOfPage":{"@id":"https:\/\/morsobaltic.com\/lv\/produktas\/morso-grill-box-2-gab\/#primaryimage"},"image":{"@id":"https:\/\/morsobaltic.com\/lv\/produktas\/morso-grill-box-2-gab\/#primaryimage"},"thumbnailUrl":"https:\/\/morsobaltic.com\/wp-content\/uploads\/2024\/02\/stegetallerken.jpeg","datePublished":"2024-07-01T17:19:18+00:00","dateModified":"2026-03-20T15:32:35+00:00","description":"Emalj\u0113ta \u010duguna Mors\u00f8 grila \u0161\u0137\u012bvji pasnieg\u0161anai uztur siltumu ilg\u0101k. Komplekt\u0101 2 ov\u0101li \u0161\u0137\u012bvji ar sl\u012bpumu sulas notecei.","breadcrumb":{"@id":"https:\/\/morsobaltic.com\/lv\/produktas\/morso-grill-box-2-gab\/#breadcrumb"},"inLanguage":"lv-LV","potentialAction":[{"@type":"ReadAction","target":["https:\/\/morsobaltic.com\/lv\/produktas\/morso-grill-box-2-gab\/"]}]},{"@type":"ImageObject","inLanguage":"lv-LV","@id":"https:\/\/morsobaltic.com\/lv\/produktas\/morso-grill-box-2-gab\/#primaryimage","url":"https:\/\/morsobaltic.com\/wp-content\/uploads\/2024\/02\/stegetallerken.jpeg","contentUrl":"https:\/\/morsobaltic.com\/wp-content\/uploads\/2024\/02\/stegetallerken.jpeg","width":600,"height":600},{"@type":"BreadcrumbList","@id":"https:\/\/morsobaltic.com\/lv\/produktas\/morso-grill-box-2-gab\/#breadcrumb","itemListElement":[{"@type":"ListItem","position":1,"name":"Home","item":"https:\/\/morsobaltic.com\/lv\/"},{"@type":"ListItem","position":2,"name":"Veikals","item":"https:\/\/morsobaltic.com\/parduotuve\/"},{"@type":"ListItem","position":3,"name":"MORS\u00d8 GRILL BOX (2 gab.)"}]},{"@type":"WebSite","@id":"https:\/\/morsobaltic.com\/lv\/#website","url":"https:\/\/morsobaltic.com\/lv\/","name":"MORSO Baltic","description":"","alternateName":"MORSOBALTIC","potentialAction":[{"@type":"SearchAction","target":{"@type":"EntryPoint","urlTemplate":"https:\/\/morsobaltic.com\/lv\/?s={search_term_string}"},"query-input":{"@type":"PropertyValueSpecification","valueRequired":true,"valueName":"search_term_string"}}],"inLanguage":"lv-LV"}]}},"_links":{"self":[{"href":"https:\/\/morsobaltic.com\/lv\/wp-json\/wp\/v2\/product\/3389","targetHints":{"allow":["GET"]}}],"collection":[{"href":"https:\/\/morsobaltic.com\/lv\/wp-json\/wp\/v2\/product"}],"about":[{"href":"https:\/\/morsobaltic.com\/lv\/wp-json\/wp\/v2\/types\/product"}],"replies":[{"embeddable":true,"href":"https:\/\/morsobaltic.com\/lv\/wp-json\/wp\/v2\/comments?post=3389"}],"wp:featuredmedia":[{"embeddable":true,"href":"https:\/\/morsobaltic.com\/lv\/wp-json\/wp\/v2\/media\/2585"}],"wp:attachment":[{"href":"https:\/\/morsobaltic.com\/lv\/wp-json\/wp\/v2\/media?parent=3389"}],"wp:term":[{"taxonomy":"product_brand","embeddable":true,"href":"https:\/\/morsobaltic.com\/lv\/wp-json\/wp\/v2\/product_brand?post=3389"},{"taxonomy":"product_cat","embeddable":true,"href":"https:\/\/morsobaltic.com\/lv\/wp-json\/wp\/v2\/product_cat?post=3389"},{"taxonomy":"product_tag","embeddable":true,"href":"https:\/\/morsobaltic.com\/lv\/wp-json\/wp\/v2\/product_tag?post=3389"}],"curies":[{"name":"wp","href":"https:\/\/api.w.org\/{rel}","templated":true}]}}