{"id":3390,"date":"2024-02-14T14:27:00","date_gmt":"2024-02-14T14:27:00","guid":{"rendered":"https:\/\/morsobaltic.com\/produktas\/nac-saute-cocotte-panna-35-l\/"},"modified":"2026-03-19T21:00:25","modified_gmt":"2026-03-19T21:00:25","slug":"nac-saute-cocotte-panna-35-l","status":"publish","type":"product","link":"https:\/\/morsobaltic.com\/lv\/produktas\/nac-saute-cocotte-panna-35-l\/","title":{"rendered":"NAC SAUT\u00c9 COCOTTE PANNA 3,5 L"},"content":{"rendered":"<h4>Mors\u00f8 NAC Saut\u00e9 Cocotte \u2013 profesion\u0101la \u010duguna panna j\u016bsu virtuvei<\/h4>\n<p>Mors\u00f8 NAC Saut\u00e9 Cocotte ir augst\u0101k\u0101s kvalit\u0101tes \u010duguna izstr\u0101d\u0101jums. \u0160\u012b 3,5 litru tilpuma panna ir rad\u012bta tiem, kuri nov\u0113rt\u0113 ilgm\u016b\u017e\u012bbu. \u010cuguna sp\u0113ja saglab\u0101t siltumu ir vienk\u0101r\u0161i nep\u0101rsp\u0113jama, \u013caujot gatavot \u0113dienu \u013coti augst\u0101s temperat\u016br\u0101s. Tas rada lab\u0101kos apst\u0101k\u013cus gan vieglu ikdienas malt\u012b\u0161u, gan sare\u017e\u0123\u012btu recep\u0161u pagatavo\u0161anai. Viena no galvenaj\u0101m priek\u0161roc\u012bb\u0101m ir 5,5 mm biez\u0101 pamatne, kas nodro\u0161ina vienm\u0113r\u012bgu siltuma sadali. J\u016bsu gatavotais \u0113diens nepiedegs viet\u0101m \u2013 visa virsma uzkars\u012bs vien\u0101di un stabili. \u0160\u012b panna lieliski saglab\u0101 \u0113diena sul\u012bgumu un arom\u0101tu, sniedzot profesion\u0101lu rezult\u0101tu katru reizi.<\/p>\n<h5>Universalit\u0101te un lieto\u0161ana uz da\u017e\u0101d\u0101m virsm\u0101m<\/h5>\n<p>\u0160is trauks ir \u012bpa\u0161i univers\u0101ls sav\u0101 pielietojum\u0101, jo ir piem\u0113rots visu veidu pl\u012btim. To varat dro\u0161i izmantot uz g\u0101zes virsm\u0101m, k\u0101 ar\u012b tas ir ide\u0101li piem\u0113rots indukcijas pl\u012bt\u012bm. Ja jums pat\u012bk gatavot cepe\u0161kr\u0101sn\u012b, \u0161is trauks b\u016bs neaizst\u0101jams. \u0112rtie rokturi nodro\u0161in\u0101s dro\u0161u p\u0101rvieto\u0161anu, kas ir \u012bpa\u0161i svar\u012bgi, kad \u010duguna trauks ir \u013coti karsts. Mors\u00f8 NAC l\u012bnija simboliz\u0113 d\u0101\u0146u kvalit\u0101ti un dizainu. T\u0101 ir invest\u012bcija vesel\u012bg\u0101k\u0101 uztur\u0101 katru dienu. \u0160\u012b panna nebaid\u0101s no skr\u0101p\u0113jumiem vai liela karstuma, to var izmantot pat uz \u0101ra grila, sniedzot br\u012bv\u012bbu eksperiment\u0113t ar gar\u0161\u0101m gan iek\u0161telp\u0101s, gan \u0101r\u0101.<\/p>\n<h5>Pareiza kop\u0161ana ilgm\u016b\u017e\u012bbas nodro\u0161in\u0101\u0161anai<\/h5>\n<p>Pareiza kop\u0161ana garant\u0113, ka panna kalpos paaudz\u0113m. To ieteicams t\u012br\u012bt vienk\u0101r\u0161i ar siltu \u016bdeni, izvairoties no sp\u0113c\u012bgiem \u0137\u012bmiskiem mazg\u0101\u0161anas l\u012bdzek\u013ciem, kas var saboj\u0101t \u010duguna dabisko virsmu. P\u0113c mazg\u0101\u0161anas trauku vienm\u0113r r\u016bp\u012bgi nosusiniet, lai pasarg\u0101tu to no mitruma ietekmes. Kop\u0161anu vienm\u0113r varat pabeigt, iezie\u017eot trauku ar nelielu daudzumu augu e\u013c\u013cas \u2013 tas pal\u012bdz\u0113s saglab\u0101t virsmu sp\u012bd\u012bgu un iztur\u012bgu. \u010cuguns uzs\u016bc e\u013c\u013cu un k\u013c\u016bst v\u0113l iztur\u012bg\u0101ks pret \u0113diena pielip\u0161anu. Uzglab\u0101jiet pannu saus\u0101 viet\u0101, un t\u0101 vienm\u0113r b\u016bs gatava jauniem kulin\u0101rijas izaicin\u0101jumiem.<\/p>\n","protected":false},"excerpt":{"rendered":"<p>Tips: Profesion\u0101la dzi\u013c\u0101 \u010duguna panna (Saut\u00e9 Cocotte)<br \/>\nDizainers: Klaus Rath<br \/>\nMateri\u0101ls: Divreiz emalj\u0113ts \u010duguns<br \/>\nIzm\u0113ri: \u00d8 28 cm<br \/>\nTilpums: 3,5 L<br \/>\nPamatnes biezums: 5,5 mm<br \/>\nSader\u012bba: Visu veidu pl\u012btis (tostarp indukcija), cepe\u0161kr\u0101sns, grils<\/p>\n","protected":false},"featured_media":2597,"comment_status":"open","ping_status":"closed","template":"","meta":[],"product_brand":[],"product_cat":[130,129],"product_tag":[],"class_list":{"0":"post-3390","1":"product","2":"type-product","3":"status-publish","4":"has-post-thumbnail","6":"product_cat-grilu-piederumi","7":"product_cat-trauki-un-darbariki","9":"first","10":"instock","11":"taxable","12":"shipping-taxable","13":"purchasable","14":"product-type-simple"},"yoast_head":"<!-- This site is optimized with the Yoast SEO plugin v27.3 - https:\/\/yoast.com\/product\/yoast-seo-wordpress\/ -->\n<title>Mors\u00f8 NAC Saut\u00e9 Cocotte \u2013 profesion\u0101la \u010duguna panna<\/title>\n<meta name=\"description\" content=\"3,5 litru \u010duguna panna Mors\u00f8 NAC Saut\u00e9 Cocotte ar 5,5 mm biezu pamatni. Piem\u0113rota vis\u0101m pl\u012btim, indukcijai un cepe\u0161kr\u0101snij.\" \/>\n<meta name=\"robots\" content=\"index, follow, max-snippet:-1, max-image-preview:large, max-video-preview:-1\" \/>\n<link rel=\"canonical\" href=\"https:\/\/morsobaltic.com\/lv\/produktas\/nac-saute-cocotte-panna-35-l\/\" \/>\n<meta property=\"og:locale\" content=\"lv_LV\" \/>\n<meta property=\"og:type\" content=\"article\" \/>\n<meta property=\"og:title\" content=\"Mors\u00f8 NAC Saut\u00e9 Cocotte \u2013 profesion\u0101la \u010duguna panna\" \/>\n<meta property=\"og:description\" content=\"3,5 litru \u010duguna panna Mors\u00f8 NAC Saut\u00e9 Cocotte ar 5,5 mm biezu pamatni. Piem\u0113rota vis\u0101m pl\u012btim, indukcijai un cepe\u0161kr\u0101snij.\" \/>\n<meta property=\"og:url\" content=\"https:\/\/morsobaltic.com\/lv\/produktas\/nac-saute-cocotte-panna-35-l\/\" \/>\n<meta property=\"og:site_name\" content=\"MORSO Baltic\" \/>\n<meta property=\"article:modified_time\" content=\"2026-03-19T21:00:25+00:00\" \/>\n<meta property=\"og:image\" content=\"https:\/\/morsobaltic.com\/wp-content\/uploads\/2024\/02\/gx_morsoe_sautercocotte_3_5_300x300_18292.jpeg\" \/>\n\t<meta property=\"og:image:width\" content=\"600\" \/>\n\t<meta property=\"og:image:height\" content=\"600\" \/>\n\t<meta property=\"og:image:type\" content=\"image\/jpeg\" \/>\n<meta name=\"twitter:card\" content=\"summary_large_image\" \/>\n<meta name=\"twitter:label1\" content=\"Est. reading time\" \/>\n\t<meta name=\"twitter:data1\" content=\"1 minute\" \/>\n<script type=\"application\/ld+json\" class=\"yoast-schema-graph\">{\"@context\":\"https:\\\/\\\/schema.org\",\"@graph\":[{\"@type\":\"WebPage\",\"@id\":\"https:\\\/\\\/morsobaltic.com\\\/lv\\\/produktas\\\/nac-saute-cocotte-panna-35-l\\\/\",\"url\":\"https:\\\/\\\/morsobaltic.com\\\/lv\\\/produktas\\\/nac-saute-cocotte-panna-35-l\\\/\",\"name\":\"Mors\u00f8 NAC Saut\u00e9 Cocotte \u2013 profesion\u0101la \u010duguna panna\",\"isPartOf\":{\"@id\":\"https:\\\/\\\/morsobaltic.com\\\/lv\\\/#website\"},\"primaryImageOfPage\":{\"@id\":\"https:\\\/\\\/morsobaltic.com\\\/lv\\\/produktas\\\/nac-saute-cocotte-panna-35-l\\\/#primaryimage\"},\"image\":{\"@id\":\"https:\\\/\\\/morsobaltic.com\\\/lv\\\/produktas\\\/nac-saute-cocotte-panna-35-l\\\/#primaryimage\"},\"thumbnailUrl\":\"https:\\\/\\\/morsobaltic.com\\\/wp-content\\\/uploads\\\/2024\\\/02\\\/gx_morsoe_sautercocotte_3_5_300x300_18292.jpeg\",\"datePublished\":\"2024-02-14T14:27:00+00:00\",\"dateModified\":\"2026-03-19T21:00:25+00:00\",\"description\":\"3,5 litru \u010duguna panna Mors\u00f8 NAC Saut\u00e9 Cocotte ar 5,5 mm biezu pamatni. Piem\u0113rota vis\u0101m pl\u012btim, indukcijai un cepe\u0161kr\u0101snij.\",\"breadcrumb\":{\"@id\":\"https:\\\/\\\/morsobaltic.com\\\/lv\\\/produktas\\\/nac-saute-cocotte-panna-35-l\\\/#breadcrumb\"},\"inLanguage\":\"lv-LV\",\"potentialAction\":[{\"@type\":\"ReadAction\",\"target\":[\"https:\\\/\\\/morsobaltic.com\\\/lv\\\/produktas\\\/nac-saute-cocotte-panna-35-l\\\/\"]}]},{\"@type\":\"ImageObject\",\"inLanguage\":\"lv-LV\",\"@id\":\"https:\\\/\\\/morsobaltic.com\\\/lv\\\/produktas\\\/nac-saute-cocotte-panna-35-l\\\/#primaryimage\",\"url\":\"https:\\\/\\\/morsobaltic.com\\\/wp-content\\\/uploads\\\/2024\\\/02\\\/gx_morsoe_sautercocotte_3_5_300x300_18292.jpeg\",\"contentUrl\":\"https:\\\/\\\/morsobaltic.com\\\/wp-content\\\/uploads\\\/2024\\\/02\\\/gx_morsoe_sautercocotte_3_5_300x300_18292.jpeg\",\"width\":600,\"height\":600},{\"@type\":\"BreadcrumbList\",\"@id\":\"https:\\\/\\\/morsobaltic.com\\\/lv\\\/produktas\\\/nac-saute-cocotte-panna-35-l\\\/#breadcrumb\",\"itemListElement\":[{\"@type\":\"ListItem\",\"position\":1,\"name\":\"Home\",\"item\":\"https:\\\/\\\/morsobaltic.com\\\/lv\\\/\"},{\"@type\":\"ListItem\",\"position\":2,\"name\":\"Veikals\",\"item\":\"https:\\\/\\\/morsobaltic.com\\\/parduotuve\\\/\"},{\"@type\":\"ListItem\",\"position\":3,\"name\":\"NAC SAUT\u00c9 COCOTTE PANNA 3,5 L\"}]},{\"@type\":\"WebSite\",\"@id\":\"https:\\\/\\\/morsobaltic.com\\\/lv\\\/#website\",\"url\":\"https:\\\/\\\/morsobaltic.com\\\/lv\\\/\",\"name\":\"MORSO Baltic\",\"description\":\"\",\"alternateName\":\"MORSOBALTIC\",\"potentialAction\":[{\"@type\":\"SearchAction\",\"target\":{\"@type\":\"EntryPoint\",\"urlTemplate\":\"https:\\\/\\\/morsobaltic.com\\\/lv\\\/?s={search_term_string}\"},\"query-input\":{\"@type\":\"PropertyValueSpecification\",\"valueRequired\":true,\"valueName\":\"search_term_string\"}}],\"inLanguage\":\"lv-LV\"}]}<\/script>\n<!-- \/ Yoast SEO plugin. -->","yoast_head_json":{"title":"Mors\u00f8 NAC Saut\u00e9 Cocotte \u2013 profesion\u0101la \u010duguna panna","description":"3,5 litru \u010duguna panna Mors\u00f8 NAC Saut\u00e9 Cocotte ar 5,5 mm biezu pamatni. Piem\u0113rota vis\u0101m pl\u012btim, indukcijai un cepe\u0161kr\u0101snij.","robots":{"index":"index","follow":"follow","max-snippet":"max-snippet:-1","max-image-preview":"max-image-preview:large","max-video-preview":"max-video-preview:-1"},"canonical":"https:\/\/morsobaltic.com\/lv\/produktas\/nac-saute-cocotte-panna-35-l\/","og_locale":"lv_LV","og_type":"article","og_title":"Mors\u00f8 NAC Saut\u00e9 Cocotte \u2013 profesion\u0101la \u010duguna panna","og_description":"3,5 litru \u010duguna panna Mors\u00f8 NAC Saut\u00e9 Cocotte ar 5,5 mm biezu pamatni. Piem\u0113rota vis\u0101m pl\u012btim, indukcijai un cepe\u0161kr\u0101snij.","og_url":"https:\/\/morsobaltic.com\/lv\/produktas\/nac-saute-cocotte-panna-35-l\/","og_site_name":"MORSO Baltic","article_modified_time":"2026-03-19T21:00:25+00:00","og_image":[{"width":600,"height":600,"url":"https:\/\/morsobaltic.com\/wp-content\/uploads\/2024\/02\/gx_morsoe_sautercocotte_3_5_300x300_18292.jpeg","type":"image\/jpeg"}],"twitter_card":"summary_large_image","twitter_misc":{"Est. reading time":"1 minute"},"schema":{"@context":"https:\/\/schema.org","@graph":[{"@type":"WebPage","@id":"https:\/\/morsobaltic.com\/lv\/produktas\/nac-saute-cocotte-panna-35-l\/","url":"https:\/\/morsobaltic.com\/lv\/produktas\/nac-saute-cocotte-panna-35-l\/","name":"Mors\u00f8 NAC Saut\u00e9 Cocotte \u2013 profesion\u0101la \u010duguna panna","isPartOf":{"@id":"https:\/\/morsobaltic.com\/lv\/#website"},"primaryImageOfPage":{"@id":"https:\/\/morsobaltic.com\/lv\/produktas\/nac-saute-cocotte-panna-35-l\/#primaryimage"},"image":{"@id":"https:\/\/morsobaltic.com\/lv\/produktas\/nac-saute-cocotte-panna-35-l\/#primaryimage"},"thumbnailUrl":"https:\/\/morsobaltic.com\/wp-content\/uploads\/2024\/02\/gx_morsoe_sautercocotte_3_5_300x300_18292.jpeg","datePublished":"2024-02-14T14:27:00+00:00","dateModified":"2026-03-19T21:00:25+00:00","description":"3,5 litru \u010duguna panna Mors\u00f8 NAC Saut\u00e9 Cocotte ar 5,5 mm biezu pamatni. Piem\u0113rota vis\u0101m pl\u012btim, indukcijai un cepe\u0161kr\u0101snij.","breadcrumb":{"@id":"https:\/\/morsobaltic.com\/lv\/produktas\/nac-saute-cocotte-panna-35-l\/#breadcrumb"},"inLanguage":"lv-LV","potentialAction":[{"@type":"ReadAction","target":["https:\/\/morsobaltic.com\/lv\/produktas\/nac-saute-cocotte-panna-35-l\/"]}]},{"@type":"ImageObject","inLanguage":"lv-LV","@id":"https:\/\/morsobaltic.com\/lv\/produktas\/nac-saute-cocotte-panna-35-l\/#primaryimage","url":"https:\/\/morsobaltic.com\/wp-content\/uploads\/2024\/02\/gx_morsoe_sautercocotte_3_5_300x300_18292.jpeg","contentUrl":"https:\/\/morsobaltic.com\/wp-content\/uploads\/2024\/02\/gx_morsoe_sautercocotte_3_5_300x300_18292.jpeg","width":600,"height":600},{"@type":"BreadcrumbList","@id":"https:\/\/morsobaltic.com\/lv\/produktas\/nac-saute-cocotte-panna-35-l\/#breadcrumb","itemListElement":[{"@type":"ListItem","position":1,"name":"Home","item":"https:\/\/morsobaltic.com\/lv\/"},{"@type":"ListItem","position":2,"name":"Veikals","item":"https:\/\/morsobaltic.com\/parduotuve\/"},{"@type":"ListItem","position":3,"name":"NAC SAUT\u00c9 COCOTTE PANNA 3,5 L"}]},{"@type":"WebSite","@id":"https:\/\/morsobaltic.com\/lv\/#website","url":"https:\/\/morsobaltic.com\/lv\/","name":"MORSO Baltic","description":"","alternateName":"MORSOBALTIC","potentialAction":[{"@type":"SearchAction","target":{"@type":"EntryPoint","urlTemplate":"https:\/\/morsobaltic.com\/lv\/?s={search_term_string}"},"query-input":{"@type":"PropertyValueSpecification","valueRequired":true,"valueName":"search_term_string"}}],"inLanguage":"lv-LV"}]}},"_links":{"self":[{"href":"https:\/\/morsobaltic.com\/lv\/wp-json\/wp\/v2\/product\/3390","targetHints":{"allow":["GET"]}}],"collection":[{"href":"https:\/\/morsobaltic.com\/lv\/wp-json\/wp\/v2\/product"}],"about":[{"href":"https:\/\/morsobaltic.com\/lv\/wp-json\/wp\/v2\/types\/product"}],"replies":[{"embeddable":true,"href":"https:\/\/morsobaltic.com\/lv\/wp-json\/wp\/v2\/comments?post=3390"}],"wp:featuredmedia":[{"embeddable":true,"href":"https:\/\/morsobaltic.com\/lv\/wp-json\/wp\/v2\/media\/2597"}],"wp:attachment":[{"href":"https:\/\/morsobaltic.com\/lv\/wp-json\/wp\/v2\/media?parent=3390"}],"wp:term":[{"taxonomy":"product_brand","embeddable":true,"href":"https:\/\/morsobaltic.com\/lv\/wp-json\/wp\/v2\/product_brand?post=3390"},{"taxonomy":"product_cat","embeddable":true,"href":"https:\/\/morsobaltic.com\/lv\/wp-json\/wp\/v2\/product_cat?post=3390"},{"taxonomy":"product_tag","embeddable":true,"href":"https:\/\/morsobaltic.com\/lv\/wp-json\/wp\/v2\/product_tag?post=3390"}],"curies":[{"name":"wp","href":"https:\/\/api.w.org\/{rel}","templated":true}]}}