{"id":3417,"date":"2024-02-14T14:27:00","date_gmt":"2024-02-14T14:27:00","guid":{"rendered":"https:\/\/morsobaltic.com\/produktas\/culina-bbq-knaibles\/"},"modified":"2026-03-20T15:46:15","modified_gmt":"2026-03-20T15:46:15","slug":"culina-bbq-knaibles","status":"publish","type":"product","link":"https:\/\/morsobaltic.com\/lv\/produktas\/culina-bbq-knaibles\/","title":{"rendered":"CULINA BBQ knaibles"},"content":{"rendered":"<h4>Mors\u00f8 CULINA s\u0113rija \u2013 stils un precizit\u0101te pie j\u016bsu grila<\/h4>\n<p>Mors\u00f8 CULINA grila standzi\u0146as izce\u013cas ar savu ekskluz\u012bvo un eleganto dizainu katr\u0101 deta\u013c\u0101. \u0160is r\u012bks ir izgatavots no iztur\u012bga un kvalitat\u012bva 2,5 mm bieza ner\u016bs\u0113jo\u0161\u0101 t\u0113rauda. Te skaisti savienojas m\u016bsdienu est\u0113tika un praktiska funkcija \u0113rtam darbam d\u0101rz\u0101. Standzi\u0146as ir rad\u012btas tiem saimniekiem, kuri v\u0113rt\u0113 augst\u0101k\u0101s kvalit\u0101tes aksesu\u0101rus. Izmantojot \u0161o profesion\u0101lo r\u012bku, j\u016bs sarg\u0101siet rokas no karstuma. T\u0101s ir neaizst\u0101jams pal\u012bgs ikvienam meistaram, kur\u0161 tiecas p\u0113c izcil\u012bbas. J\u016bsu gatavo\u0161anas process k\u013c\u016bs daudz prec\u012bz\u0101ks un baud\u0101m\u0101ks.<\/p>\n<h5>P\u0101rdom\u0101tas deta\u013cas un dab\u012bg\u0101 ozola koka rokturis<\/h5>\n<p>\u0160\u012b r\u012bka unikalit\u0101ti nodro\u0161ina p\u0101rdom\u0101t\u0101s deta\u013cas un izv\u0113l\u0113tie premium materi\u0101li. Apr\u012bkojumam ir stil\u012bgi ozola koksnes rokturi, kas nodro\u0161ina zieme\u013cniecisku \u0161armu. Tos ir pat\u012bkami un \u0113rti tur\u0113t rok\u0101s pat ilgsto\u0161as gatavo\u0161anas procesa laik\u0101. Kvalitat\u012bv\u0101s Mors\u00f8 CULINA grila standzi\u0146as ir apr\u012bkotas ar \u0101das siksni\u0146u r\u012bka gal\u0101. Tas \u013cauj t\u0101s viegli pakarin\u0101t pie grila s\u0101na vai uz instrumentu tur\u0113t\u0101ja. T\u0101d\u0101 veid\u0101 j\u016bsu darba vieta vienm\u0113r paliks sakopta, est\u0113tiska un p\u0101rskat\u0101ma. Tas ir luksusa akcents jebkurai \u0101ra virtuvei vai terasei.<\/p>\n<h5>Ilgm\u016b\u017e\u012bba un dro\u0161a lieto\u0161ana virs karst\u0101m ogl\u0113m<\/h5>\n<p>Mors\u00f8 piederumi ir slaveni ar savu iztur\u012bbu un sp\u0113ju iztur\u0113t meh\u0101nisku slodzi. Izmantotais t\u0113rauds ir notur\u012bgs pret \u013coti augst\u0101m temperat\u016br\u0101m un apk\u0101rt\u0113jo mitrumu. \u0160\u0101das Mors\u00f8 CULINA grila standzi\u0146as nodro\u0161ina stingru un dro\u0161u p\u0101rtikas produktu sa\u0137eri. T\u0101s ir ide\u0101li piem\u0113rotas kepsni\u0146u, desi\u0146u vai da\u017e\u0101du d\u0101rze\u0146u \u0113rtai groz\u012b\u0161anai. Ozola koka deta\u013cas laika gait\u0101 k\u013c\u016bst v\u0113l pievilc\u012bg\u0101kas un saglab\u0101 savu dabisko iztur\u012bbu. M\u0113s rekomend\u0113jam r\u012bku mazg\u0101t ar rok\u0101m, lai p\u0113c iesp\u0113jas ilg\u0101k saglab\u0101tu koksnes skaistumu.<\/p>\n<p>\u0160\u012bs standzi\u0146as rada profesion\u0101lu gatavo\u0161anas pieredzi j\u016bsu m\u0101jas pagalm\u0101 katru dienu. T\u0101s lieliski papildina ar\u012b citus \u0161\u012bs s\u0113rijas profesion\u0101los virtuves r\u012bkus. Svara balanss nodro\u0161ina maksim\u0101lu komfortu un prec\u012bzas kust\u012bbas pie karst\u0101m rest\u0113m. Izv\u0113loties produktu Mors\u00f8 CULINA grila standzi\u0146as, j\u016bs ieg\u016bstat d\u0101\u0146u dizaina meistardarbu sav\u0101 kolekcij\u0101. Sagaidiet jauno sezonu ar stil\u012bgiem un uzticamiem piederumiem sav\u0101 teras\u0113. Izbaudiet augst\u0101ko kvalit\u0101ti un zieme\u013cniecisku mieru sav\u0101s m\u0101j\u0101s. Mors\u00f8 z\u012bmols garant\u0113 izcilu izpild\u012bjumu katr\u0101 izstr\u0101d\u0101jum\u0101.<\/p>\n","protected":false},"excerpt":{"rendered":"<p>Tips: Grila standzi\u0146as<br \/>\nMateri\u0101ls: 2,5 mm ner\u016bs\u0113jo\u0161ais t\u0113rauds<br \/>\nRokturis: Ozola koksne<br \/>\nPapildus: \u0100das siksni\u0146a pakarin\u0101\u0161anai<br \/>\nGarums: 45 cm<br \/>\n\u012apa\u0161\u012bbas: Ergonomisks dizains, dro\u0161a sa\u0137ere<\/p>\n","protected":false},"featured_media":2579,"comment_status":"closed","ping_status":"closed","template":"","meta":[],"product_brand":[],"product_cat":[129],"product_tag":[],"class_list":{"0":"post-3417","1":"product","2":"type-product","3":"status-publish","4":"has-post-thumbnail","6":"product_cat-trauki-un-darbariki","8":"first","9":"instock","10":"taxable","11":"shipping-taxable","12":"purchasable","13":"product-type-simple"},"yoast_head":"<!-- This site is optimized with the Yoast SEO plugin v27.3 - https:\/\/yoast.com\/product\/yoast-seo-wordpress\/ -->\n<title>Mors\u00f8 CULINA grila standzi\u0146as \u2013 elegants r\u012bks ar ozola rokturi<\/title>\n<meta name=\"description\" content=\"Ner\u016bs\u0113jo\u0161\u0101 t\u0113rauda Mors\u00f8 CULINA grila standzi\u0146as ar 45 cm garumu. Kvalitat\u012bvs ozola koka rokturis un \u0101das siksni\u0146a pakarin\u0101\u0161anai. Iztur\u012bgs dizains.\" \/>\n<meta name=\"robots\" content=\"index, follow, max-snippet:-1, max-image-preview:large, max-video-preview:-1\" \/>\n<link rel=\"canonical\" href=\"https:\/\/morsobaltic.com\/lv\/produktas\/culina-bbq-knaibles\/\" \/>\n<meta property=\"og:locale\" content=\"lv_LV\" \/>\n<meta property=\"og:type\" content=\"article\" \/>\n<meta property=\"og:title\" content=\"Mors\u00f8 CULINA grila standzi\u0146as \u2013 elegants r\u012bks ar ozola rokturi\" \/>\n<meta property=\"og:description\" content=\"Ner\u016bs\u0113jo\u0161\u0101 t\u0113rauda Mors\u00f8 CULINA grila standzi\u0146as ar 45 cm garumu. Kvalitat\u012bvs ozola koka rokturis un \u0101das siksni\u0146a pakarin\u0101\u0161anai. Iztur\u012bgs dizains.\" \/>\n<meta property=\"og:url\" content=\"https:\/\/morsobaltic.com\/lv\/produktas\/culina-bbq-knaibles\/\" \/>\n<meta property=\"og:site_name\" content=\"MORSO Baltic\" \/>\n<meta property=\"article:modified_time\" content=\"2026-03-20T15:46:15+00:00\" \/>\n<meta property=\"og:image\" content=\"https:\/\/morsobaltic.com\/wp-content\/uploads\/2024\/02\/culina-bbq_pincet1_1298.jpeg\" \/>\n\t<meta property=\"og:image:width\" content=\"600\" \/>\n\t<meta property=\"og:image:height\" content=\"600\" \/>\n\t<meta property=\"og:image:type\" content=\"image\/jpeg\" \/>\n<meta name=\"twitter:card\" content=\"summary_large_image\" \/>\n<meta name=\"twitter:label1\" content=\"Est. reading time\" \/>\n\t<meta name=\"twitter:data1\" content=\"3 minutes\" \/>\n<script type=\"application\/ld+json\" class=\"yoast-schema-graph\">{\"@context\":\"https:\\\/\\\/schema.org\",\"@graph\":[{\"@type\":\"WebPage\",\"@id\":\"https:\\\/\\\/morsobaltic.com\\\/lv\\\/produktas\\\/culina-bbq-knaibles\\\/\",\"url\":\"https:\\\/\\\/morsobaltic.com\\\/lv\\\/produktas\\\/culina-bbq-knaibles\\\/\",\"name\":\"Mors\u00f8 CULINA grila standzi\u0146as \u2013 elegants r\u012bks ar ozola rokturi\",\"isPartOf\":{\"@id\":\"https:\\\/\\\/morsobaltic.com\\\/lv\\\/#website\"},\"primaryImageOfPage\":{\"@id\":\"https:\\\/\\\/morsobaltic.com\\\/lv\\\/produktas\\\/culina-bbq-knaibles\\\/#primaryimage\"},\"image\":{\"@id\":\"https:\\\/\\\/morsobaltic.com\\\/lv\\\/produktas\\\/culina-bbq-knaibles\\\/#primaryimage\"},\"thumbnailUrl\":\"https:\\\/\\\/morsobaltic.com\\\/wp-content\\\/uploads\\\/2024\\\/02\\\/culina-bbq_pincet1_1298.jpeg\",\"datePublished\":\"2024-02-14T14:27:00+00:00\",\"dateModified\":\"2026-03-20T15:46:15+00:00\",\"description\":\"Ner\u016bs\u0113jo\u0161\u0101 t\u0113rauda Mors\u00f8 CULINA grila standzi\u0146as ar 45 cm garumu. Kvalitat\u012bvs ozola koka rokturis un \u0101das siksni\u0146a pakarin\u0101\u0161anai. Iztur\u012bgs dizains.\",\"breadcrumb\":{\"@id\":\"https:\\\/\\\/morsobaltic.com\\\/lv\\\/produktas\\\/culina-bbq-knaibles\\\/#breadcrumb\"},\"inLanguage\":\"lv-LV\",\"potentialAction\":[{\"@type\":\"ReadAction\",\"target\":[\"https:\\\/\\\/morsobaltic.com\\\/lv\\\/produktas\\\/culina-bbq-knaibles\\\/\"]}]},{\"@type\":\"ImageObject\",\"inLanguage\":\"lv-LV\",\"@id\":\"https:\\\/\\\/morsobaltic.com\\\/lv\\\/produktas\\\/culina-bbq-knaibles\\\/#primaryimage\",\"url\":\"https:\\\/\\\/morsobaltic.com\\\/wp-content\\\/uploads\\\/2024\\\/02\\\/culina-bbq_pincet1_1298.jpeg\",\"contentUrl\":\"https:\\\/\\\/morsobaltic.com\\\/wp-content\\\/uploads\\\/2024\\\/02\\\/culina-bbq_pincet1_1298.jpeg\",\"width\":600,\"height\":600},{\"@type\":\"BreadcrumbList\",\"@id\":\"https:\\\/\\\/morsobaltic.com\\\/lv\\\/produktas\\\/culina-bbq-knaibles\\\/#breadcrumb\",\"itemListElement\":[{\"@type\":\"ListItem\",\"position\":1,\"name\":\"Home\",\"item\":\"https:\\\/\\\/morsobaltic.com\\\/lv\\\/\"},{\"@type\":\"ListItem\",\"position\":2,\"name\":\"Veikals\",\"item\":\"https:\\\/\\\/morsobaltic.com\\\/parduotuve\\\/\"},{\"@type\":\"ListItem\",\"position\":3,\"name\":\"CULINA BBQ knaibles\"}]},{\"@type\":\"WebSite\",\"@id\":\"https:\\\/\\\/morsobaltic.com\\\/lv\\\/#website\",\"url\":\"https:\\\/\\\/morsobaltic.com\\\/lv\\\/\",\"name\":\"MORSO Baltic\",\"description\":\"\",\"alternateName\":\"MORSOBALTIC\",\"potentialAction\":[{\"@type\":\"SearchAction\",\"target\":{\"@type\":\"EntryPoint\",\"urlTemplate\":\"https:\\\/\\\/morsobaltic.com\\\/lv\\\/?s={search_term_string}\"},\"query-input\":{\"@type\":\"PropertyValueSpecification\",\"valueRequired\":true,\"valueName\":\"search_term_string\"}}],\"inLanguage\":\"lv-LV\"}]}<\/script>\n<!-- \/ Yoast SEO plugin. -->","yoast_head_json":{"title":"Mors\u00f8 CULINA grila standzi\u0146as \u2013 elegants r\u012bks ar ozola rokturi","description":"Ner\u016bs\u0113jo\u0161\u0101 t\u0113rauda Mors\u00f8 CULINA grila standzi\u0146as ar 45 cm garumu. Kvalitat\u012bvs ozola koka rokturis un \u0101das siksni\u0146a pakarin\u0101\u0161anai. Iztur\u012bgs dizains.","robots":{"index":"index","follow":"follow","max-snippet":"max-snippet:-1","max-image-preview":"max-image-preview:large","max-video-preview":"max-video-preview:-1"},"canonical":"https:\/\/morsobaltic.com\/lv\/produktas\/culina-bbq-knaibles\/","og_locale":"lv_LV","og_type":"article","og_title":"Mors\u00f8 CULINA grila standzi\u0146as \u2013 elegants r\u012bks ar ozola rokturi","og_description":"Ner\u016bs\u0113jo\u0161\u0101 t\u0113rauda Mors\u00f8 CULINA grila standzi\u0146as ar 45 cm garumu. Kvalitat\u012bvs ozola koka rokturis un \u0101das siksni\u0146a pakarin\u0101\u0161anai. Iztur\u012bgs dizains.","og_url":"https:\/\/morsobaltic.com\/lv\/produktas\/culina-bbq-knaibles\/","og_site_name":"MORSO Baltic","article_modified_time":"2026-03-20T15:46:15+00:00","og_image":[{"width":600,"height":600,"url":"https:\/\/morsobaltic.com\/wp-content\/uploads\/2024\/02\/culina-bbq_pincet1_1298.jpeg","type":"image\/jpeg"}],"twitter_card":"summary_large_image","twitter_misc":{"Est. reading time":"3 minutes"},"schema":{"@context":"https:\/\/schema.org","@graph":[{"@type":"WebPage","@id":"https:\/\/morsobaltic.com\/lv\/produktas\/culina-bbq-knaibles\/","url":"https:\/\/morsobaltic.com\/lv\/produktas\/culina-bbq-knaibles\/","name":"Mors\u00f8 CULINA grila standzi\u0146as \u2013 elegants r\u012bks ar ozola rokturi","isPartOf":{"@id":"https:\/\/morsobaltic.com\/lv\/#website"},"primaryImageOfPage":{"@id":"https:\/\/morsobaltic.com\/lv\/produktas\/culina-bbq-knaibles\/#primaryimage"},"image":{"@id":"https:\/\/morsobaltic.com\/lv\/produktas\/culina-bbq-knaibles\/#primaryimage"},"thumbnailUrl":"https:\/\/morsobaltic.com\/wp-content\/uploads\/2024\/02\/culina-bbq_pincet1_1298.jpeg","datePublished":"2024-02-14T14:27:00+00:00","dateModified":"2026-03-20T15:46:15+00:00","description":"Ner\u016bs\u0113jo\u0161\u0101 t\u0113rauda Mors\u00f8 CULINA grila standzi\u0146as ar 45 cm garumu. Kvalitat\u012bvs ozola koka rokturis un \u0101das siksni\u0146a pakarin\u0101\u0161anai. Iztur\u012bgs dizains.","breadcrumb":{"@id":"https:\/\/morsobaltic.com\/lv\/produktas\/culina-bbq-knaibles\/#breadcrumb"},"inLanguage":"lv-LV","potentialAction":[{"@type":"ReadAction","target":["https:\/\/morsobaltic.com\/lv\/produktas\/culina-bbq-knaibles\/"]}]},{"@type":"ImageObject","inLanguage":"lv-LV","@id":"https:\/\/morsobaltic.com\/lv\/produktas\/culina-bbq-knaibles\/#primaryimage","url":"https:\/\/morsobaltic.com\/wp-content\/uploads\/2024\/02\/culina-bbq_pincet1_1298.jpeg","contentUrl":"https:\/\/morsobaltic.com\/wp-content\/uploads\/2024\/02\/culina-bbq_pincet1_1298.jpeg","width":600,"height":600},{"@type":"BreadcrumbList","@id":"https:\/\/morsobaltic.com\/lv\/produktas\/culina-bbq-knaibles\/#breadcrumb","itemListElement":[{"@type":"ListItem","position":1,"name":"Home","item":"https:\/\/morsobaltic.com\/lv\/"},{"@type":"ListItem","position":2,"name":"Veikals","item":"https:\/\/morsobaltic.com\/parduotuve\/"},{"@type":"ListItem","position":3,"name":"CULINA BBQ knaibles"}]},{"@type":"WebSite","@id":"https:\/\/morsobaltic.com\/lv\/#website","url":"https:\/\/morsobaltic.com\/lv\/","name":"MORSO Baltic","description":"","alternateName":"MORSOBALTIC","potentialAction":[{"@type":"SearchAction","target":{"@type":"EntryPoint","urlTemplate":"https:\/\/morsobaltic.com\/lv\/?s={search_term_string}"},"query-input":{"@type":"PropertyValueSpecification","valueRequired":true,"valueName":"search_term_string"}}],"inLanguage":"lv-LV"}]}},"_links":{"self":[{"href":"https:\/\/morsobaltic.com\/lv\/wp-json\/wp\/v2\/product\/3417","targetHints":{"allow":["GET"]}}],"collection":[{"href":"https:\/\/morsobaltic.com\/lv\/wp-json\/wp\/v2\/product"}],"about":[{"href":"https:\/\/morsobaltic.com\/lv\/wp-json\/wp\/v2\/types\/product"}],"replies":[{"embeddable":true,"href":"https:\/\/morsobaltic.com\/lv\/wp-json\/wp\/v2\/comments?post=3417"}],"wp:featuredmedia":[{"embeddable":true,"href":"https:\/\/morsobaltic.com\/lv\/wp-json\/wp\/v2\/media\/2579"}],"wp:attachment":[{"href":"https:\/\/morsobaltic.com\/lv\/wp-json\/wp\/v2\/media?parent=3417"}],"wp:term":[{"taxonomy":"product_brand","embeddable":true,"href":"https:\/\/morsobaltic.com\/lv\/wp-json\/wp\/v2\/product_brand?post=3417"},{"taxonomy":"product_cat","embeddable":true,"href":"https:\/\/morsobaltic.com\/lv\/wp-json\/wp\/v2\/product_cat?post=3417"},{"taxonomy":"product_tag","embeddable":true,"href":"https:\/\/morsobaltic.com\/lv\/wp-json\/wp\/v2\/product_tag?post=3417"}],"curies":[{"name":"wp","href":"https:\/\/api.w.org\/{rel}","templated":true}]}}