{"id":3454,"date":"2024-02-14T14:26:59","date_gmt":"2024-02-14T14:26:59","guid":{"rendered":"https:\/\/morsobaltic.com\/produktas\/picas-un-garsaugu-griezejs\/"},"modified":"2026-03-20T15:57:21","modified_gmt":"2026-03-20T15:57:21","slug":"picas-un-garsaugu-griezejs","status":"publish","type":"product","link":"https:\/\/morsobaltic.com\/lv\/produktas\/picas-un-garsaugu-griezejs\/","title":{"rendered":"Picas un gar\u0161augu griez\u0113js"},"content":{"rendered":"<h4>Mors\u00f8 r\u012bks \u2013 univers\u0101ls pal\u012bgs picu un gar\u0161augu cien\u012bt\u0101jiem<\/h4>\n<p>Mors\u00f8 picu un gar\u0161augu p\u013c\u0101v\u0113js ir \u012bpa\u0161i funkcion\u0101ls virtuves instruments ikvien\u0101 m\u0101jokl\u012b. Tas ir lieliski piem\u0113rots \u0101trai un prec\u012bzai da\u017e\u0101du za\u013cumu smalcin\u0101\u0161anai. T\u0101pat \u0161is izstr\u0101d\u0101jums viegli p\u0101rgrie\u017e pat visbiez\u0101ko picas garozu bez piep\u016bles. \u0160\u012b ir univers\u0101la izv\u0113le katram \u0113st gatavo\u0161anas entuziastam sav\u0101 virtuv\u0113. R\u012bks apvieno tradicion\u0101lo meistardarbu un m\u016bsdienu lieto\u0161anas \u0113rt\u012bbas. Izv\u0113loties \u0161o modeli, j\u016bs ieg\u016bstat profesion\u0101lu kvalit\u0101ti ikdienas darbiem. J\u016bsu kulin\u0101rie procesi k\u013c\u016bs daudz vienk\u0101r\u0161\u0101ki un baud\u0101m\u0101ki.<\/p>\n<h5>Vienk\u0101r\u0161a lieto\u0161ana un nevainojams rezult\u0101ts d\u0101rz\u0101 vai m\u0101j\u0101s<\/h5>\n<p>Lietot \u0161o p\u013c\u0101v\u0113ju ir \u013coti vienk\u0101r\u0161i un dro\u0161i jebkuram saimniekam. Viegli piespiediet apa\u013co koka rokturi uz leju un veiciet \u0161\u016bpojo\u0161as kust\u012bbas. Asie asme\u0146i bez p\u016bl\u0113m pieveiks krauk\u0161\u0137\u012bgo picas apak\u0161u, nesaboj\u0101jot serv\u0113jumu. Gar\u0161augus un d\u0101rze\u0146us \u0101tri sasmalcin\u0101siet l\u012bdz nepiecie\u0161amajam biezumam da\u017eu sekun\u017eu laik\u0101. Ergonomisk\u0101 forma \u013cauj str\u0101d\u0101t bez lielas piep\u016bles pat pie liel\u0101ka apjoma. Kvalitat\u012bvais Mors\u00f8 picu un gar\u0161augu nazis \u013cauj sasniegt profesion\u0101lu rezult\u0101tu tie\u0161i j\u016bsu m\u0101jas virtuv\u0113. Tas ir neaizst\u0101jams pal\u012bgs ikvien\u0101 picu vakar\u0101 kop\u0101 ar \u0123imeni.<\/p>\n<h5>Elegants dizains un augst\u0101k\u0101s kvalit\u0101tes materi\u0101li serv\u0113\u0161anai<\/h5>\n<p>\u0160is izstr\u0101d\u0101jums izce\u013cas ar vienk\u0101r\u0161u un elegantu skandin\u0101vu dizainu katr\u0101 deta\u013c\u0101. E\u013c\u013cotas ozola koksnes rokturis dabiski un dro\u0161i ieskauj aso asmeni. Pa\u0161i asme\u0146i ir izgatavoti no kvalit\u0101tes sl\u012bp\u0113ta ner\u016bs\u0113jo\u0161\u0101 t\u0113rauda materi\u0101la. \u0160\u0101ds apvienojums rada luksusa saj\u016btu un garant\u0113 ilgm\u016b\u017e\u012bbu. Virtuves instruments vizu\u0101li atg\u0101dina senatn\u012bgus darba r\u012bkus, ta\u010du taj\u0101 pa\u0161\u0101 laik\u0101 tas lieliski sader ar minim\u0101lisma stilu jebkur\u0101 modern\u0101 interjer\u0101. Tas ir izcils akcents j\u016bsu darba zonai.<\/p>\n<p>Saglab\u0101jiet \u0161o instrumentu nevainojam\u0101 st\u0101vokl\u012b daudzus gadus p\u0113c k\u0101rtas. M\u0113s rekomend\u0113jam p\u013c\u0101v\u0113ju mazg\u0101t ar rok\u0101m, izmantojot siltu \u016bdeni. P\u0113c mazg\u0101\u0161anas koka rokturi ieteicams k\u0101rt\u012bgi nosusin\u0101t ar dvieli. Tas nodro\u0161in\u0101s ozola koksnes iztur\u012bbu un skaistu vizu\u0101lo izskatu ilgtermi\u0146\u0101. Izv\u0113l\u0113tais apr\u012bkojums k\u013c\u016bs par stil\u012bgu elementu j\u016bsu virtuves telp\u0101. Izbaudiet est\u0113tiku un funkcionalit\u0101ti ikvienas malt\u012btes gatavo\u0161anas laik\u0101. Mors\u00f8 z\u012bmols garant\u0113 uzticam\u012bbu un profesion\u0101lu rezult\u0101tu katr\u0101 izstr\u0101d\u0101jum\u0101. \u0160is r\u012bks ir rad\u012bts, lai kalpotu paaudz\u0113m.<\/p>\n","protected":false},"excerpt":{"rendered":"<p>Tips: Picu un gar\u0161augu p\u013c\u0101v\u0113js\/nazis<br \/>\nMateri\u0101ls: Sl\u012bp\u0113ts ner\u016bs\u0113jo\u0161ais t\u0113rauds<br \/>\nRokturis: E\u013c\u013cota ozola koksne<br \/>\nIzm\u0113ri (G x A): 28 \u00d7 9,5 cm<br \/>\n\u012apa\u0161\u012bbas: Ergonomiska forma, \u012bpa\u0161i ass asmens<br \/>\nM\u0113r\u0137is: Picai, gar\u0161augiem un d\u0101rze\u0146iem<\/p>\n","protected":false},"featured_media":2570,"comment_status":"closed","ping_status":"closed","template":"","meta":[],"product_brand":[],"product_cat":[129],"product_tag":[],"class_list":{"0":"post-3454","1":"product","2":"type-product","3":"status-publish","4":"has-post-thumbnail","6":"product_cat-trauki-un-darbariki","8":"first","9":"instock","10":"taxable","11":"shipping-taxable","12":"purchasable","13":"product-type-simple"},"yoast_head":"<!-- This site is optimized with the Yoast SEO plugin v27.3 - https:\/\/yoast.com\/product\/yoast-seo-wordpress\/ -->\n<title>Mors\u00f8 picu un gar\u0161augu nazis \u2013 \u0113rts un ass virtuves r\u012bks<\/title>\n<meta name=\"description\" content=\"Ner\u016bs\u0113jo\u0161\u0101 t\u0113rauda Mors\u00f8 picu un gar\u0161augu nazis ar ozola koka rokturi. Izcila kvalit\u0101te picu grie\u0161anai un gar\u0161augu smalcin\u0101\u0161anai.\" \/>\n<meta name=\"robots\" content=\"index, follow, max-snippet:-1, max-image-preview:large, max-video-preview:-1\" \/>\n<link rel=\"canonical\" href=\"https:\/\/morsobaltic.com\/lv\/produktas\/picas-un-garsaugu-griezejs\/\" \/>\n<meta property=\"og:locale\" content=\"lv_LV\" \/>\n<meta property=\"og:type\" content=\"article\" \/>\n<meta property=\"og:title\" content=\"Mors\u00f8 picu un gar\u0161augu nazis \u2013 \u0113rts un ass virtuves r\u012bks\" \/>\n<meta property=\"og:description\" content=\"Ner\u016bs\u0113jo\u0161\u0101 t\u0113rauda Mors\u00f8 picu un gar\u0161augu nazis ar ozola koka rokturi. Izcila kvalit\u0101te picu grie\u0161anai un gar\u0161augu smalcin\u0101\u0161anai.\" \/>\n<meta property=\"og:url\" content=\"https:\/\/morsobaltic.com\/lv\/produktas\/picas-un-garsaugu-griezejs\/\" \/>\n<meta property=\"og:site_name\" content=\"MORSO Baltic\" \/>\n<meta property=\"article:modified_time\" content=\"2026-03-20T15:57:21+00:00\" \/>\n<meta property=\"og:image\" content=\"https:\/\/morsobaltic.com\/wp-content\/uploads\/2024\/02\/pizzacutter-top-dr7a2012.jpeg\" \/>\n\t<meta property=\"og:image:width\" content=\"600\" \/>\n\t<meta property=\"og:image:height\" content=\"600\" \/>\n\t<meta property=\"og:image:type\" content=\"image\/jpeg\" \/>\n<meta name=\"twitter:card\" content=\"summary_large_image\" \/>\n<meta name=\"twitter:label1\" content=\"Est. reading time\" \/>\n\t<meta name=\"twitter:data1\" content=\"2 minutes\" \/>\n<script type=\"application\/ld+json\" class=\"yoast-schema-graph\">{\"@context\":\"https:\\\/\\\/schema.org\",\"@graph\":[{\"@type\":\"WebPage\",\"@id\":\"https:\\\/\\\/morsobaltic.com\\\/lv\\\/produktas\\\/picas-un-garsaugu-griezejs\\\/\",\"url\":\"https:\\\/\\\/morsobaltic.com\\\/lv\\\/produktas\\\/picas-un-garsaugu-griezejs\\\/\",\"name\":\"Mors\u00f8 picu un gar\u0161augu nazis \u2013 \u0113rts un ass virtuves r\u012bks\",\"isPartOf\":{\"@id\":\"https:\\\/\\\/morsobaltic.com\\\/lv\\\/#website\"},\"primaryImageOfPage\":{\"@id\":\"https:\\\/\\\/morsobaltic.com\\\/lv\\\/produktas\\\/picas-un-garsaugu-griezejs\\\/#primaryimage\"},\"image\":{\"@id\":\"https:\\\/\\\/morsobaltic.com\\\/lv\\\/produktas\\\/picas-un-garsaugu-griezejs\\\/#primaryimage\"},\"thumbnailUrl\":\"https:\\\/\\\/morsobaltic.com\\\/wp-content\\\/uploads\\\/2024\\\/02\\\/pizzacutter-top-dr7a2012.jpeg\",\"datePublished\":\"2024-02-14T14:26:59+00:00\",\"dateModified\":\"2026-03-20T15:57:21+00:00\",\"description\":\"Ner\u016bs\u0113jo\u0161\u0101 t\u0113rauda Mors\u00f8 picu un gar\u0161augu nazis ar ozola koka rokturi. Izcila kvalit\u0101te picu grie\u0161anai un gar\u0161augu smalcin\u0101\u0161anai.\",\"breadcrumb\":{\"@id\":\"https:\\\/\\\/morsobaltic.com\\\/lv\\\/produktas\\\/picas-un-garsaugu-griezejs\\\/#breadcrumb\"},\"inLanguage\":\"lv-LV\",\"potentialAction\":[{\"@type\":\"ReadAction\",\"target\":[\"https:\\\/\\\/morsobaltic.com\\\/lv\\\/produktas\\\/picas-un-garsaugu-griezejs\\\/\"]}]},{\"@type\":\"ImageObject\",\"inLanguage\":\"lv-LV\",\"@id\":\"https:\\\/\\\/morsobaltic.com\\\/lv\\\/produktas\\\/picas-un-garsaugu-griezejs\\\/#primaryimage\",\"url\":\"https:\\\/\\\/morsobaltic.com\\\/wp-content\\\/uploads\\\/2024\\\/02\\\/pizzacutter-top-dr7a2012.jpeg\",\"contentUrl\":\"https:\\\/\\\/morsobaltic.com\\\/wp-content\\\/uploads\\\/2024\\\/02\\\/pizzacutter-top-dr7a2012.jpeg\",\"width\":600,\"height\":600},{\"@type\":\"BreadcrumbList\",\"@id\":\"https:\\\/\\\/morsobaltic.com\\\/lv\\\/produktas\\\/picas-un-garsaugu-griezejs\\\/#breadcrumb\",\"itemListElement\":[{\"@type\":\"ListItem\",\"position\":1,\"name\":\"Home\",\"item\":\"https:\\\/\\\/morsobaltic.com\\\/lv\\\/\"},{\"@type\":\"ListItem\",\"position\":2,\"name\":\"Veikals\",\"item\":\"https:\\\/\\\/morsobaltic.com\\\/parduotuve\\\/\"},{\"@type\":\"ListItem\",\"position\":3,\"name\":\"Picas un gar\u0161augu griez\u0113js\"}]},{\"@type\":\"WebSite\",\"@id\":\"https:\\\/\\\/morsobaltic.com\\\/lv\\\/#website\",\"url\":\"https:\\\/\\\/morsobaltic.com\\\/lv\\\/\",\"name\":\"MORSO Baltic\",\"description\":\"\",\"alternateName\":\"MORSOBALTIC\",\"potentialAction\":[{\"@type\":\"SearchAction\",\"target\":{\"@type\":\"EntryPoint\",\"urlTemplate\":\"https:\\\/\\\/morsobaltic.com\\\/lv\\\/?s={search_term_string}\"},\"query-input\":{\"@type\":\"PropertyValueSpecification\",\"valueRequired\":true,\"valueName\":\"search_term_string\"}}],\"inLanguage\":\"lv-LV\"}]}<\/script>\n<!-- \/ Yoast SEO plugin. -->","yoast_head_json":{"title":"Mors\u00f8 picu un gar\u0161augu nazis \u2013 \u0113rts un ass virtuves r\u012bks","description":"Ner\u016bs\u0113jo\u0161\u0101 t\u0113rauda Mors\u00f8 picu un gar\u0161augu nazis ar ozola koka rokturi. Izcila kvalit\u0101te picu grie\u0161anai un gar\u0161augu smalcin\u0101\u0161anai.","robots":{"index":"index","follow":"follow","max-snippet":"max-snippet:-1","max-image-preview":"max-image-preview:large","max-video-preview":"max-video-preview:-1"},"canonical":"https:\/\/morsobaltic.com\/lv\/produktas\/picas-un-garsaugu-griezejs\/","og_locale":"lv_LV","og_type":"article","og_title":"Mors\u00f8 picu un gar\u0161augu nazis \u2013 \u0113rts un ass virtuves r\u012bks","og_description":"Ner\u016bs\u0113jo\u0161\u0101 t\u0113rauda Mors\u00f8 picu un gar\u0161augu nazis ar ozola koka rokturi. Izcila kvalit\u0101te picu grie\u0161anai un gar\u0161augu smalcin\u0101\u0161anai.","og_url":"https:\/\/morsobaltic.com\/lv\/produktas\/picas-un-garsaugu-griezejs\/","og_site_name":"MORSO Baltic","article_modified_time":"2026-03-20T15:57:21+00:00","og_image":[{"width":600,"height":600,"url":"https:\/\/morsobaltic.com\/wp-content\/uploads\/2024\/02\/pizzacutter-top-dr7a2012.jpeg","type":"image\/jpeg"}],"twitter_card":"summary_large_image","twitter_misc":{"Est. reading time":"2 minutes"},"schema":{"@context":"https:\/\/schema.org","@graph":[{"@type":"WebPage","@id":"https:\/\/morsobaltic.com\/lv\/produktas\/picas-un-garsaugu-griezejs\/","url":"https:\/\/morsobaltic.com\/lv\/produktas\/picas-un-garsaugu-griezejs\/","name":"Mors\u00f8 picu un gar\u0161augu nazis \u2013 \u0113rts un ass virtuves r\u012bks","isPartOf":{"@id":"https:\/\/morsobaltic.com\/lv\/#website"},"primaryImageOfPage":{"@id":"https:\/\/morsobaltic.com\/lv\/produktas\/picas-un-garsaugu-griezejs\/#primaryimage"},"image":{"@id":"https:\/\/morsobaltic.com\/lv\/produktas\/picas-un-garsaugu-griezejs\/#primaryimage"},"thumbnailUrl":"https:\/\/morsobaltic.com\/wp-content\/uploads\/2024\/02\/pizzacutter-top-dr7a2012.jpeg","datePublished":"2024-02-14T14:26:59+00:00","dateModified":"2026-03-20T15:57:21+00:00","description":"Ner\u016bs\u0113jo\u0161\u0101 t\u0113rauda Mors\u00f8 picu un gar\u0161augu nazis ar ozola koka rokturi. Izcila kvalit\u0101te picu grie\u0161anai un gar\u0161augu smalcin\u0101\u0161anai.","breadcrumb":{"@id":"https:\/\/morsobaltic.com\/lv\/produktas\/picas-un-garsaugu-griezejs\/#breadcrumb"},"inLanguage":"lv-LV","potentialAction":[{"@type":"ReadAction","target":["https:\/\/morsobaltic.com\/lv\/produktas\/picas-un-garsaugu-griezejs\/"]}]},{"@type":"ImageObject","inLanguage":"lv-LV","@id":"https:\/\/morsobaltic.com\/lv\/produktas\/picas-un-garsaugu-griezejs\/#primaryimage","url":"https:\/\/morsobaltic.com\/wp-content\/uploads\/2024\/02\/pizzacutter-top-dr7a2012.jpeg","contentUrl":"https:\/\/morsobaltic.com\/wp-content\/uploads\/2024\/02\/pizzacutter-top-dr7a2012.jpeg","width":600,"height":600},{"@type":"BreadcrumbList","@id":"https:\/\/morsobaltic.com\/lv\/produktas\/picas-un-garsaugu-griezejs\/#breadcrumb","itemListElement":[{"@type":"ListItem","position":1,"name":"Home","item":"https:\/\/morsobaltic.com\/lv\/"},{"@type":"ListItem","position":2,"name":"Veikals","item":"https:\/\/morsobaltic.com\/parduotuve\/"},{"@type":"ListItem","position":3,"name":"Picas un gar\u0161augu griez\u0113js"}]},{"@type":"WebSite","@id":"https:\/\/morsobaltic.com\/lv\/#website","url":"https:\/\/morsobaltic.com\/lv\/","name":"MORSO Baltic","description":"","alternateName":"MORSOBALTIC","potentialAction":[{"@type":"SearchAction","target":{"@type":"EntryPoint","urlTemplate":"https:\/\/morsobaltic.com\/lv\/?s={search_term_string}"},"query-input":{"@type":"PropertyValueSpecification","valueRequired":true,"valueName":"search_term_string"}}],"inLanguage":"lv-LV"}]}},"_links":{"self":[{"href":"https:\/\/morsobaltic.com\/lv\/wp-json\/wp\/v2\/product\/3454","targetHints":{"allow":["GET"]}}],"collection":[{"href":"https:\/\/morsobaltic.com\/lv\/wp-json\/wp\/v2\/product"}],"about":[{"href":"https:\/\/morsobaltic.com\/lv\/wp-json\/wp\/v2\/types\/product"}],"replies":[{"embeddable":true,"href":"https:\/\/morsobaltic.com\/lv\/wp-json\/wp\/v2\/comments?post=3454"}],"wp:featuredmedia":[{"embeddable":true,"href":"https:\/\/morsobaltic.com\/lv\/wp-json\/wp\/v2\/media\/2570"}],"wp:attachment":[{"href":"https:\/\/morsobaltic.com\/lv\/wp-json\/wp\/v2\/media?parent=3454"}],"wp:term":[{"taxonomy":"product_brand","embeddable":true,"href":"https:\/\/morsobaltic.com\/lv\/wp-json\/wp\/v2\/product_brand?post=3454"},{"taxonomy":"product_cat","embeddable":true,"href":"https:\/\/morsobaltic.com\/lv\/wp-json\/wp\/v2\/product_cat?post=3454"},{"taxonomy":"product_tag","embeddable":true,"href":"https:\/\/morsobaltic.com\/lv\/wp-json\/wp\/v2\/product_tag?post=3454"}],"curies":[{"name":"wp","href":"https:\/\/api.w.org\/{rel}","templated":true}]}}