{"id":3703,"date":"2024-02-14T14:26:38","date_gmt":"2024-02-14T14:26:38","guid":{"rendered":"https:\/\/morsobaltic.com\/produktas\/morso-churrasco\/"},"modified":"2026-03-19T21:08:28","modified_gmt":"2026-03-19T21:08:28","slug":"morso-churrasco","status":"publish","type":"product","link":"https:\/\/morsobaltic.com\/lv\/produktas\/morso-churrasco\/","title":{"rendered":"MORS\u00d8 CHURRASCO"},"content":{"rendered":"<h4>Mors\u00f8 Churrasco iesmu komplekts \u2013 profesion\u0101ls papildin\u0101jums \u0101ra virtuvei<\/h4>\n<p>Ja v\u0113laties pacelt savu gatavo\u0161anas m\u0101kslu jaun\u0101 l\u012bmen\u012b, Mors\u00f8 Churrasco iesmu komplekts ir tie\u0161i tas, kas jums nepiecie\u0161ams. \u0160is specializ\u0113tais apr\u012bkojums, kas izstr\u0101d\u0101ts popul\u0101rajiem Mors\u00f8 Forno un Grill &#8217;17 mode\u013ciem, \u013cauj gatavot ga\u013cu un d\u0101rze\u0146us autenti\u0137\u0101 Dienvidamerikas &#8220;Churrasco&#8221; stil\u0101. Skandin\u0101vu dizaina elegance \u0161eit apvienojas ar tradicion\u0101lo gatavo\u0161anu virs uguns, radot funkcion\u0101lu risin\u0101jumu, ko nov\u0113rt\u0113s ikviens gril\u0113\u0161anas entuziasts. \u0160is apr\u012bkojums nodro\u0161ina to, ka j\u016bsu malt\u012bte tiek pagatavota vienm\u0113r\u012bgi, saglab\u0101jot maksim\u0101lu sul\u012bgumu un arom\u0101tu.<\/p>\n<h5>Ergonomika un augst\u0101k\u0101s klases materi\u0101li<\/h5>\n<p>Katra \u0161\u012b komplekta deta\u013ca liecina par kvalit\u0101ti. Regul\u0113jamais r\u0101mis un iesmi ir izgatavoti no augst\u0101k\u0101s kvalit\u0101tes ner\u016bs\u0113jo\u0161\u0101 t\u0113rauda, kas ir notur\u012bgs pret koroziju un nezaud\u0113 savu formu pat tie\u0161as liesmas ietekm\u0113. \u012apa\u0161a uzman\u012bba ir piev\u0113rsta lietot\u0101ja \u0113rt\u012bb\u0101m: ozolkoka rokturi pie\u0161\u0137ir izstr\u0101d\u0101jumam greznu izskatu, bet ar\u012b praktiski nesakarst, sal\u012bdzinot ar met\u0101lu. Tas \u013cauj dro\u0161i un \u0113rti groz\u012bt iesmus gatavo\u0161anas laik\u0101, nerisk\u0113jot g\u016bt apdegumus. \u0160is izstr\u0101d\u0101jums ir rad\u012bts, lai sniegtu maksim\u0101lu komfortu katr\u0101 lieto\u0161anas reiz\u0113, neatkar\u012bgi no t\u0101, cik augsta temperat\u016bra valda kepsnin\u0113. Izv\u0113loties \u0161o d\u0101\u0146u dizaina r\u012bku, j\u016bs ieg\u016bstat kvalit\u0101ti, kas nepievi\u013c.<\/p>\n<h5>K\u0101p\u0113c Mors\u00f8 Churrasco iesmu komplekts ir lab\u0101k\u0101 invest\u012bcija?<\/h5>\n<p>Regul\u0113jamais r\u0101mis sniedz jums piln\u012bgu br\u012bv\u012bbu kontrol\u0113t gatavo\u0161anas procesu, \u013caujot izv\u0113l\u0113ties optim\u0101lo att\u0101lumu no ogl\u0113m vai liesmas. Tas ir \u012bpa\u0161i svar\u012bgi, gatavojot lielus ga\u013cas gabalus, kam nepiecie\u0161ama vienm\u0113r\u012bga karstuma padeve. \u0160is risin\u0101jums pace\u013c \u0113dienu virs rest\u0113m, nov\u0113r\u0161ot tie\u0161u saskari un nodro\u0161inot, ka ga\u013ca neapdeg un nepiel\u012bp. Iesmi ir pietiekami gari (79 cm), lai vienlaic\u012bgi pabarotu lielu \u0123imeni vai draugu grupu. Izmantojot \u0161o stabilit\u0101ti, j\u016bs varat aizmirst par piedegu\u0161u p\u0101rtiku un piln\u012bb\u0101 nodoties rad\u012b\u0161anas priekam. Kvalitat\u012bvais Mors\u00f8 Churrasco iesmu komplekts ir solis pretim profesion\u0101lai virtuvei j\u016bsu d\u0101rz\u0101.<\/p>\n<p>Ner\u016bs\u0113jo\u0161\u0101 t\u0113rauda deta\u013cas ir \u013coti viegli kopjamas \u2013 t\u0101s var \u0101tri not\u012br\u012bt ar siltu \u016bdeni un maigu mazg\u0101\u0161anas l\u012bdzekli. Ozolkoka rokturus ieteicams periodiski apstr\u0101d\u0101t ar e\u013c\u013cu, lai tie saglab\u0101tu savu dabisko toni un iztur\u012bbu pret mitrumu. \u0160is komplekts kalpos jums daudzas sezonas, padarot katru vakari\u0146u procesu teras\u0113 par \u012bstu kulin\u0101rijas piedz\u012bvojumu. Izv\u0113lieties d\u0101\u0146u kvalit\u0101ti un baudiet profesion\u0101lu rezult\u0101tu sav\u0101 d\u0101rz\u0101. Mors\u00f8 z\u012bmols ir sinon\u012bms ilgm\u016b\u017e\u012bbai un est\u0113tikai, kas priec\u0113s j\u016bs un j\u016bsu viesus gadiem ilgi. \u0160is Mors\u00f8 Churrasco iesmu komplekts ir invest\u012bcija, kas atmaks\u0101jas ar neaizmirstam\u0101m gar\u0161\u0101m.<\/p>\n","protected":false},"excerpt":{"rendered":"<p>Tips: Profesion\u0101ls grila iesmu komplekts ar r\u0101mi<br \/>\nSader\u012bba: Mors\u00f8 Grill \u201917 un Mors\u00f8 Forno mode\u013ci<br \/>\nMateri\u0101ls: Ner\u016bs\u0113jo\u0161ais t\u0113rauds (304 r\u0101mis, 430 iesmi), e\u013c\u013cots ozolkoks<br \/>\nIzm\u0113ri: 55,0 x 35,0\/55,0 x 9,0 cm<br \/>\nIesmu garums: 79 cm<br \/>\nSvars: 2,9 kg<\/p>\n","protected":false},"featured_media":2561,"comment_status":"closed","ping_status":"closed","template":"","meta":[],"product_brand":[],"product_cat":[130,129],"product_tag":[],"class_list":{"0":"post-3703","1":"product","2":"type-product","3":"status-publish","4":"has-post-thumbnail","6":"product_cat-grilu-piederumi","7":"product_cat-trauki-un-darbariki","9":"first","10":"instock","11":"taxable","12":"shipping-taxable","13":"purchasable","14":"product-type-simple"},"yoast_head":"<!-- This site is optimized with the Yoast SEO plugin v27.3 - https:\/\/yoast.com\/product\/yoast-seo-wordpress\/ -->\n<title>Mors\u00f8 Churrasco iesmu komplekts \u2013 profesion\u0101la izv\u0113le grilam<\/title>\n<meta name=\"description\" content=\"Mors\u00f8 Churrasco iesmu komplekts Mors\u00f8 Forno un Grill &#039;17 mode\u013ciem. Ner\u016bs\u0113jo\u0161ais t\u0113rauds, ozolkoka rokturi un regul\u0113jams r\u0101mis izcilam rezult\u0101tam.\" \/>\n<meta name=\"robots\" content=\"index, follow, max-snippet:-1, max-image-preview:large, max-video-preview:-1\" \/>\n<link rel=\"canonical\" href=\"https:\/\/morsobaltic.com\/lv\/produktas\/morso-churrasco\/\" \/>\n<meta property=\"og:locale\" content=\"lv_LV\" \/>\n<meta property=\"og:type\" content=\"article\" \/>\n<meta property=\"og:title\" content=\"Mors\u00f8 Churrasco iesmu komplekts \u2013 profesion\u0101la izv\u0113le grilam\" \/>\n<meta property=\"og:description\" content=\"Mors\u00f8 Churrasco iesmu komplekts Mors\u00f8 Forno un Grill &#039;17 mode\u013ciem. Ner\u016bs\u0113jo\u0161ais t\u0113rauds, ozolkoka rokturi un regul\u0113jams r\u0101mis izcilam rezult\u0101tam.\" \/>\n<meta property=\"og:url\" content=\"https:\/\/morsobaltic.com\/lv\/produktas\/morso-churrasco\/\" \/>\n<meta property=\"og:site_name\" content=\"MORSO Baltic\" \/>\n<meta property=\"article:modified_time\" content=\"2026-03-19T21:08:28+00:00\" \/>\n<meta property=\"og:image\" content=\"https:\/\/morsobaltic.com\/wp-content\/uploads\/2024\/02\/churrasco-4-spyd-greb-900x900px-low.jpeg\" \/>\n\t<meta property=\"og:image:width\" content=\"600\" \/>\n\t<meta property=\"og:image:height\" content=\"600\" \/>\n\t<meta property=\"og:image:type\" content=\"image\/jpeg\" \/>\n<meta name=\"twitter:card\" content=\"summary_large_image\" \/>\n<meta name=\"twitter:label1\" content=\"Est. reading time\" \/>\n\t<meta name=\"twitter:data1\" content=\"3 minutes\" \/>\n<script type=\"application\/ld+json\" class=\"yoast-schema-graph\">{\"@context\":\"https:\\\/\\\/schema.org\",\"@graph\":[{\"@type\":\"WebPage\",\"@id\":\"https:\\\/\\\/morsobaltic.com\\\/lv\\\/produktas\\\/morso-churrasco\\\/\",\"url\":\"https:\\\/\\\/morsobaltic.com\\\/lv\\\/produktas\\\/morso-churrasco\\\/\",\"name\":\"Mors\u00f8 Churrasco iesmu komplekts \u2013 profesion\u0101la izv\u0113le grilam\",\"isPartOf\":{\"@id\":\"https:\\\/\\\/morsobaltic.com\\\/lv\\\/#website\"},\"primaryImageOfPage\":{\"@id\":\"https:\\\/\\\/morsobaltic.com\\\/lv\\\/produktas\\\/morso-churrasco\\\/#primaryimage\"},\"image\":{\"@id\":\"https:\\\/\\\/morsobaltic.com\\\/lv\\\/produktas\\\/morso-churrasco\\\/#primaryimage\"},\"thumbnailUrl\":\"https:\\\/\\\/morsobaltic.com\\\/wp-content\\\/uploads\\\/2024\\\/02\\\/churrasco-4-spyd-greb-900x900px-low.jpeg\",\"datePublished\":\"2024-02-14T14:26:38+00:00\",\"dateModified\":\"2026-03-19T21:08:28+00:00\",\"description\":\"Mors\u00f8 Churrasco iesmu komplekts Mors\u00f8 Forno un Grill '17 mode\u013ciem. Ner\u016bs\u0113jo\u0161ais t\u0113rauds, ozolkoka rokturi un regul\u0113jams r\u0101mis izcilam rezult\u0101tam.\",\"breadcrumb\":{\"@id\":\"https:\\\/\\\/morsobaltic.com\\\/lv\\\/produktas\\\/morso-churrasco\\\/#breadcrumb\"},\"inLanguage\":\"lv-LV\",\"potentialAction\":[{\"@type\":\"ReadAction\",\"target\":[\"https:\\\/\\\/morsobaltic.com\\\/lv\\\/produktas\\\/morso-churrasco\\\/\"]}]},{\"@type\":\"ImageObject\",\"inLanguage\":\"lv-LV\",\"@id\":\"https:\\\/\\\/morsobaltic.com\\\/lv\\\/produktas\\\/morso-churrasco\\\/#primaryimage\",\"url\":\"https:\\\/\\\/morsobaltic.com\\\/wp-content\\\/uploads\\\/2024\\\/02\\\/churrasco-4-spyd-greb-900x900px-low.jpeg\",\"contentUrl\":\"https:\\\/\\\/morsobaltic.com\\\/wp-content\\\/uploads\\\/2024\\\/02\\\/churrasco-4-spyd-greb-900x900px-low.jpeg\",\"width\":600,\"height\":600},{\"@type\":\"BreadcrumbList\",\"@id\":\"https:\\\/\\\/morsobaltic.com\\\/lv\\\/produktas\\\/morso-churrasco\\\/#breadcrumb\",\"itemListElement\":[{\"@type\":\"ListItem\",\"position\":1,\"name\":\"Home\",\"item\":\"https:\\\/\\\/morsobaltic.com\\\/lv\\\/\"},{\"@type\":\"ListItem\",\"position\":2,\"name\":\"Veikals\",\"item\":\"https:\\\/\\\/morsobaltic.com\\\/parduotuve\\\/\"},{\"@type\":\"ListItem\",\"position\":3,\"name\":\"MORS\u00d8 CHURRASCO\"}]},{\"@type\":\"WebSite\",\"@id\":\"https:\\\/\\\/morsobaltic.com\\\/lv\\\/#website\",\"url\":\"https:\\\/\\\/morsobaltic.com\\\/lv\\\/\",\"name\":\"MORSO Baltic\",\"description\":\"\",\"alternateName\":\"MORSOBALTIC\",\"potentialAction\":[{\"@type\":\"SearchAction\",\"target\":{\"@type\":\"EntryPoint\",\"urlTemplate\":\"https:\\\/\\\/morsobaltic.com\\\/lv\\\/?s={search_term_string}\"},\"query-input\":{\"@type\":\"PropertyValueSpecification\",\"valueRequired\":true,\"valueName\":\"search_term_string\"}}],\"inLanguage\":\"lv-LV\"}]}<\/script>\n<!-- \/ Yoast SEO plugin. -->","yoast_head_json":{"title":"Mors\u00f8 Churrasco iesmu komplekts \u2013 profesion\u0101la izv\u0113le grilam","description":"Mors\u00f8 Churrasco iesmu komplekts Mors\u00f8 Forno un Grill '17 mode\u013ciem. Ner\u016bs\u0113jo\u0161ais t\u0113rauds, ozolkoka rokturi un regul\u0113jams r\u0101mis izcilam rezult\u0101tam.","robots":{"index":"index","follow":"follow","max-snippet":"max-snippet:-1","max-image-preview":"max-image-preview:large","max-video-preview":"max-video-preview:-1"},"canonical":"https:\/\/morsobaltic.com\/lv\/produktas\/morso-churrasco\/","og_locale":"lv_LV","og_type":"article","og_title":"Mors\u00f8 Churrasco iesmu komplekts \u2013 profesion\u0101la izv\u0113le grilam","og_description":"Mors\u00f8 Churrasco iesmu komplekts Mors\u00f8 Forno un Grill '17 mode\u013ciem. Ner\u016bs\u0113jo\u0161ais t\u0113rauds, ozolkoka rokturi un regul\u0113jams r\u0101mis izcilam rezult\u0101tam.","og_url":"https:\/\/morsobaltic.com\/lv\/produktas\/morso-churrasco\/","og_site_name":"MORSO Baltic","article_modified_time":"2026-03-19T21:08:28+00:00","og_image":[{"width":600,"height":600,"url":"https:\/\/morsobaltic.com\/wp-content\/uploads\/2024\/02\/churrasco-4-spyd-greb-900x900px-low.jpeg","type":"image\/jpeg"}],"twitter_card":"summary_large_image","twitter_misc":{"Est. reading time":"3 minutes"},"schema":{"@context":"https:\/\/schema.org","@graph":[{"@type":"WebPage","@id":"https:\/\/morsobaltic.com\/lv\/produktas\/morso-churrasco\/","url":"https:\/\/morsobaltic.com\/lv\/produktas\/morso-churrasco\/","name":"Mors\u00f8 Churrasco iesmu komplekts \u2013 profesion\u0101la izv\u0113le grilam","isPartOf":{"@id":"https:\/\/morsobaltic.com\/lv\/#website"},"primaryImageOfPage":{"@id":"https:\/\/morsobaltic.com\/lv\/produktas\/morso-churrasco\/#primaryimage"},"image":{"@id":"https:\/\/morsobaltic.com\/lv\/produktas\/morso-churrasco\/#primaryimage"},"thumbnailUrl":"https:\/\/morsobaltic.com\/wp-content\/uploads\/2024\/02\/churrasco-4-spyd-greb-900x900px-low.jpeg","datePublished":"2024-02-14T14:26:38+00:00","dateModified":"2026-03-19T21:08:28+00:00","description":"Mors\u00f8 Churrasco iesmu komplekts Mors\u00f8 Forno un Grill '17 mode\u013ciem. Ner\u016bs\u0113jo\u0161ais t\u0113rauds, ozolkoka rokturi un regul\u0113jams r\u0101mis izcilam rezult\u0101tam.","breadcrumb":{"@id":"https:\/\/morsobaltic.com\/lv\/produktas\/morso-churrasco\/#breadcrumb"},"inLanguage":"lv-LV","potentialAction":[{"@type":"ReadAction","target":["https:\/\/morsobaltic.com\/lv\/produktas\/morso-churrasco\/"]}]},{"@type":"ImageObject","inLanguage":"lv-LV","@id":"https:\/\/morsobaltic.com\/lv\/produktas\/morso-churrasco\/#primaryimage","url":"https:\/\/morsobaltic.com\/wp-content\/uploads\/2024\/02\/churrasco-4-spyd-greb-900x900px-low.jpeg","contentUrl":"https:\/\/morsobaltic.com\/wp-content\/uploads\/2024\/02\/churrasco-4-spyd-greb-900x900px-low.jpeg","width":600,"height":600},{"@type":"BreadcrumbList","@id":"https:\/\/morsobaltic.com\/lv\/produktas\/morso-churrasco\/#breadcrumb","itemListElement":[{"@type":"ListItem","position":1,"name":"Home","item":"https:\/\/morsobaltic.com\/lv\/"},{"@type":"ListItem","position":2,"name":"Veikals","item":"https:\/\/morsobaltic.com\/parduotuve\/"},{"@type":"ListItem","position":3,"name":"MORS\u00d8 CHURRASCO"}]},{"@type":"WebSite","@id":"https:\/\/morsobaltic.com\/lv\/#website","url":"https:\/\/morsobaltic.com\/lv\/","name":"MORSO Baltic","description":"","alternateName":"MORSOBALTIC","potentialAction":[{"@type":"SearchAction","target":{"@type":"EntryPoint","urlTemplate":"https:\/\/morsobaltic.com\/lv\/?s={search_term_string}"},"query-input":{"@type":"PropertyValueSpecification","valueRequired":true,"valueName":"search_term_string"}}],"inLanguage":"lv-LV"}]}},"_links":{"self":[{"href":"https:\/\/morsobaltic.com\/lv\/wp-json\/wp\/v2\/product\/3703","targetHints":{"allow":["GET"]}}],"collection":[{"href":"https:\/\/morsobaltic.com\/lv\/wp-json\/wp\/v2\/product"}],"about":[{"href":"https:\/\/morsobaltic.com\/lv\/wp-json\/wp\/v2\/types\/product"}],"replies":[{"embeddable":true,"href":"https:\/\/morsobaltic.com\/lv\/wp-json\/wp\/v2\/comments?post=3703"}],"wp:featuredmedia":[{"embeddable":true,"href":"https:\/\/morsobaltic.com\/lv\/wp-json\/wp\/v2\/media\/2561"}],"wp:attachment":[{"href":"https:\/\/morsobaltic.com\/lv\/wp-json\/wp\/v2\/media?parent=3703"}],"wp:term":[{"taxonomy":"product_brand","embeddable":true,"href":"https:\/\/morsobaltic.com\/lv\/wp-json\/wp\/v2\/product_brand?post=3703"},{"taxonomy":"product_cat","embeddable":true,"href":"https:\/\/morsobaltic.com\/lv\/wp-json\/wp\/v2\/product_cat?post=3703"},{"taxonomy":"product_tag","embeddable":true,"href":"https:\/\/morsobaltic.com\/lv\/wp-json\/wp\/v2\/product_tag?post=3703"}],"curies":[{"name":"wp","href":"https:\/\/api.w.org\/{rel}","templated":true}]}}