{"id":3746,"date":"2024-02-14T14:26:38","date_gmt":"2024-02-14T14:26:38","guid":{"rendered":"https:\/\/morsobaltic.com\/produktas\/morso-pelnu-skrapis\/"},"modified":"2026-03-20T16:17:07","modified_gmt":"2026-03-20T16:17:07","slug":"morso-pelnu-skrapis","status":"publish","type":"product","link":"https:\/\/morsobaltic.com\/lv\/produktas\/morso-pelnu-skrapis\/","title":{"rendered":"MORS\u00d8 PELNU SKR\u0100PIS"},"content":{"rendered":"<h4>Mors\u00f8 skr\u0101pis \u2013 maksim\u0101la kontrole j\u016bsu \u0101ra grilam<\/h4>\n<p>Mors\u00f8 pelnu skr\u0101pis ir slaven\u0101 d\u0101\u0146u dizainera Klausa Rata meistardarbs, kas rad\u012bts speci\u0101li Mors\u00f8 \u0101ra kr\u0101\u0161\u0146u un grilu efekt\u012bvai apkopei. \u0160is instruments ir ide\u0101li piem\u0113rots ne tikai pelnu t\u012br\u012b\u0161anai no kurtuves p\u0113c gatavo\u0161anas. Skr\u0101pis \u012bpa\u0161i noder br\u012b\u017eos, kad nepiecie\u0161ams \u0113rti p\u0101rvietot vai p\u0101rb\u012bd\u012bt karstas ogles, lai regul\u0113tu karstuma zonu. T\u0101pat ar to ir viegli sa\u0161\u0137elt dego\u0161as ogles s\u012bk\u0101k\u0101s da\u013c\u0101s vienm\u0113r\u012bgai cep\u0161anai. Kvalitat\u012bvais Mors\u00f8 pelnu skr\u0101pis un p\u016bt\u0113js nodro\u0161ina piln\u012bgu kontroli p\u0101r uguni j\u016bsu d\u0101rz\u0101 vai teras\u0113.<\/p>\n<h5>Unik\u0101la funkcija un ieb\u016bv\u0113ta p\u016b\u0161anas caurule<\/h5>\n<p>\u0160im r\u012bkam piem\u012bt v\u0113l viena unik\u0101la funkcija, kas to padara par neaizst\u0101jamu pal\u012bgu ikvienam saimniekam. Taj\u0101 ieb\u016bv\u0113t\u0101 p\u016b\u0161anas caurule ir lielisks pal\u012bgl\u012bdzeklis uguns vad\u012b\u0161anai \u2013 j\u016bs varat viegli iep\u016bst papildus gaisu tie\u0161i pavarda centr\u0101. Tas pal\u012bdz daudz \u0101tr\u0101k aizdedzin\u0101t malku vai strauji palielin\u0101t karstumu gatavo\u0161anas procesa laik\u0101. \u0160\u0101ds &#8220;divi vien\u0101&#8221; risin\u0101jums padara \u0161o r\u012bku par \u013coti praktisku piederumu. Ori\u0123in\u0101lais Mors\u00f8 pelnu skr\u0101pis un p\u016bt\u0113js \u013cauj str\u0101d\u0101t dro\u0161\u0101 att\u0101lum\u0101 no liesm\u0101m, sarg\u0101jot rokas no p\u0101rm\u0113r\u012bga karstuma.<\/p>\n<h5>Kvalit\u0101te un skandin\u0101vu dizaina est\u0113tika<\/h5>\n<p>Instruments ir izgatavots no pamat\u012bga un karstumiztur\u012bga t\u0113rauda, kas ir paredz\u0113ts ilgsto\u0161ai kalpo\u0161anai. Pulverkr\u0101sojums nodro\u0161ina izstr\u0101d\u0101juma aizsardz\u012bbu pret koroziju un pie\u0161\u0137ir tam elegantu mat\u0113tu izskatu. Skr\u0101pja garums \u013cauj dro\u0161i sasniegt pat t\u0101l\u0101kos kr\u0101sns st\u016brus, uzturot k\u0101rt\u012bbu j\u016bsu gatavo\u0161anas zon\u0101. Ergonomisk\u0101 forma \u013cauj veikt visus darbus bez lielas fiziskas piep\u016bles. Profesion\u0101lais Mors\u00f8 pelnu skr\u0101pis un p\u016bt\u0113js lieliski iek\u013caujas d\u0101\u0146u ra\u017eot\u0101ja produktu kl\u0101st\u0101. Izbaudiet \u0113rtu un dro\u0161u uguns vad\u012bbu sav\u0101 m\u0101jokl\u012b ar profesion\u0101lu apr\u012bkojumu katru dienu.<\/p>\n","protected":false},"excerpt":{"rendered":"<p>Tips: Pelnu skr\u0101pis un p\u016bt\u0113js (divi vien\u0101)<br \/>\nDizains: Klaus Rath<br \/>\nMateri\u0101ls: T\u0113rauds ar pulverkr\u0101sojumu<br \/>\nGarums: 50,5 cm<br \/>\n\u012apa\u0161\u012bbas: Ieb\u016bv\u0113ta p\u016b\u0161anas caurule, iztur\u012bga konstrukcija<br \/>\nM\u0113r\u0137is: Mors\u00f8 \u0101ra kr\u0101sn\u012bm un griliem<\/p>\n","protected":false},"featured_media":2522,"comment_status":"closed","ping_status":"closed","template":"","meta":[],"product_brand":[],"product_cat":[134,129],"product_tag":[],"class_list":{"0":"post-3746","1":"product","2":"type-product","3":"status-publish","4":"has-post-thumbnail","6":"product_cat-kaminkrasnis-piederumi","7":"product_cat-trauki-un-darbariki","9":"first","10":"instock","11":"taxable","12":"shipping-taxable","13":"purchasable","14":"product-type-simple"},"yoast_head":"<!-- This site is optimized with the Yoast SEO plugin v27.3 - https:\/\/yoast.com\/product\/yoast-seo-wordpress\/ -->\n<title>Mors\u00f8 pelnu skr\u0101pis un p\u016bt\u0113js \u2013 divi vien\u0101 r\u012bks<\/title>\n<meta name=\"description\" content=\"Pulverkr\u0101sota t\u0113rauda Mors\u00f8 pelnu skr\u0101pis un p\u016bt\u0113js d\u0101rza kr\u0101sns apkopei. Garums 50,5 cm. Praktisks dizains uguns vad\u012bbai.\" \/>\n<meta name=\"robots\" content=\"index, follow, max-snippet:-1, max-image-preview:large, max-video-preview:-1\" \/>\n<link rel=\"canonical\" href=\"https:\/\/morsobaltic.com\/lv\/produktas\/morso-pelnu-skrapis\/\" \/>\n<meta property=\"og:locale\" content=\"lv_LV\" \/>\n<meta property=\"og:type\" content=\"article\" \/>\n<meta property=\"og:title\" content=\"Mors\u00f8 pelnu skr\u0101pis un p\u016bt\u0113js \u2013 divi vien\u0101 r\u012bks\" \/>\n<meta property=\"og:description\" content=\"Pulverkr\u0101sota t\u0113rauda Mors\u00f8 pelnu skr\u0101pis un p\u016bt\u0113js d\u0101rza kr\u0101sns apkopei. Garums 50,5 cm. Praktisks dizains uguns vad\u012bbai.\" \/>\n<meta property=\"og:url\" content=\"https:\/\/morsobaltic.com\/lv\/produktas\/morso-pelnu-skrapis\/\" \/>\n<meta property=\"og:site_name\" content=\"MORSO Baltic\" \/>\n<meta property=\"article:modified_time\" content=\"2026-03-20T16:17:07+00:00\" \/>\n<meta property=\"og:image\" content=\"https:\/\/morsobaltic.com\/wp-content\/uploads\/2024\/02\/askeskraber_ash-scraper.jpeg\" \/>\n\t<meta property=\"og:image:width\" content=\"600\" \/>\n\t<meta property=\"og:image:height\" content=\"600\" \/>\n\t<meta property=\"og:image:type\" content=\"image\/jpeg\" \/>\n<meta name=\"twitter:card\" content=\"summary_large_image\" \/>\n<meta name=\"twitter:label1\" content=\"Est. reading time\" \/>\n\t<meta name=\"twitter:data1\" content=\"2 minutes\" \/>\n<script type=\"application\/ld+json\" class=\"yoast-schema-graph\">{\"@context\":\"https:\\\/\\\/schema.org\",\"@graph\":[{\"@type\":\"WebPage\",\"@id\":\"https:\\\/\\\/morsobaltic.com\\\/lv\\\/produktas\\\/morso-pelnu-skrapis\\\/\",\"url\":\"https:\\\/\\\/morsobaltic.com\\\/lv\\\/produktas\\\/morso-pelnu-skrapis\\\/\",\"name\":\"Mors\u00f8 pelnu skr\u0101pis un p\u016bt\u0113js \u2013 divi vien\u0101 r\u012bks\",\"isPartOf\":{\"@id\":\"https:\\\/\\\/morsobaltic.com\\\/lv\\\/#website\"},\"primaryImageOfPage\":{\"@id\":\"https:\\\/\\\/morsobaltic.com\\\/lv\\\/produktas\\\/morso-pelnu-skrapis\\\/#primaryimage\"},\"image\":{\"@id\":\"https:\\\/\\\/morsobaltic.com\\\/lv\\\/produktas\\\/morso-pelnu-skrapis\\\/#primaryimage\"},\"thumbnailUrl\":\"https:\\\/\\\/morsobaltic.com\\\/wp-content\\\/uploads\\\/2024\\\/02\\\/askeskraber_ash-scraper.jpeg\",\"datePublished\":\"2024-02-14T14:26:38+00:00\",\"dateModified\":\"2026-03-20T16:17:07+00:00\",\"description\":\"Pulverkr\u0101sota t\u0113rauda Mors\u00f8 pelnu skr\u0101pis un p\u016bt\u0113js d\u0101rza kr\u0101sns apkopei. Garums 50,5 cm. Praktisks dizains uguns vad\u012bbai.\",\"breadcrumb\":{\"@id\":\"https:\\\/\\\/morsobaltic.com\\\/lv\\\/produktas\\\/morso-pelnu-skrapis\\\/#breadcrumb\"},\"inLanguage\":\"lv-LV\",\"potentialAction\":[{\"@type\":\"ReadAction\",\"target\":[\"https:\\\/\\\/morsobaltic.com\\\/lv\\\/produktas\\\/morso-pelnu-skrapis\\\/\"]}]},{\"@type\":\"ImageObject\",\"inLanguage\":\"lv-LV\",\"@id\":\"https:\\\/\\\/morsobaltic.com\\\/lv\\\/produktas\\\/morso-pelnu-skrapis\\\/#primaryimage\",\"url\":\"https:\\\/\\\/morsobaltic.com\\\/wp-content\\\/uploads\\\/2024\\\/02\\\/askeskraber_ash-scraper.jpeg\",\"contentUrl\":\"https:\\\/\\\/morsobaltic.com\\\/wp-content\\\/uploads\\\/2024\\\/02\\\/askeskraber_ash-scraper.jpeg\",\"width\":600,\"height\":600},{\"@type\":\"BreadcrumbList\",\"@id\":\"https:\\\/\\\/morsobaltic.com\\\/lv\\\/produktas\\\/morso-pelnu-skrapis\\\/#breadcrumb\",\"itemListElement\":[{\"@type\":\"ListItem\",\"position\":1,\"name\":\"Home\",\"item\":\"https:\\\/\\\/morsobaltic.com\\\/lv\\\/\"},{\"@type\":\"ListItem\",\"position\":2,\"name\":\"Veikals\",\"item\":\"https:\\\/\\\/morsobaltic.com\\\/parduotuve\\\/\"},{\"@type\":\"ListItem\",\"position\":3,\"name\":\"MORS\u00d8 PELNU SKR\u0100PIS\"}]},{\"@type\":\"WebSite\",\"@id\":\"https:\\\/\\\/morsobaltic.com\\\/lv\\\/#website\",\"url\":\"https:\\\/\\\/morsobaltic.com\\\/lv\\\/\",\"name\":\"MORSO Baltic\",\"description\":\"\",\"alternateName\":\"MORSOBALTIC\",\"potentialAction\":[{\"@type\":\"SearchAction\",\"target\":{\"@type\":\"EntryPoint\",\"urlTemplate\":\"https:\\\/\\\/morsobaltic.com\\\/lv\\\/?s={search_term_string}\"},\"query-input\":{\"@type\":\"PropertyValueSpecification\",\"valueRequired\":true,\"valueName\":\"search_term_string\"}}],\"inLanguage\":\"lv-LV\"}]}<\/script>\n<!-- \/ Yoast SEO plugin. -->","yoast_head_json":{"title":"Mors\u00f8 pelnu skr\u0101pis un p\u016bt\u0113js \u2013 divi vien\u0101 r\u012bks","description":"Pulverkr\u0101sota t\u0113rauda Mors\u00f8 pelnu skr\u0101pis un p\u016bt\u0113js d\u0101rza kr\u0101sns apkopei. Garums 50,5 cm. Praktisks dizains uguns vad\u012bbai.","robots":{"index":"index","follow":"follow","max-snippet":"max-snippet:-1","max-image-preview":"max-image-preview:large","max-video-preview":"max-video-preview:-1"},"canonical":"https:\/\/morsobaltic.com\/lv\/produktas\/morso-pelnu-skrapis\/","og_locale":"lv_LV","og_type":"article","og_title":"Mors\u00f8 pelnu skr\u0101pis un p\u016bt\u0113js \u2013 divi vien\u0101 r\u012bks","og_description":"Pulverkr\u0101sota t\u0113rauda Mors\u00f8 pelnu skr\u0101pis un p\u016bt\u0113js d\u0101rza kr\u0101sns apkopei. Garums 50,5 cm. Praktisks dizains uguns vad\u012bbai.","og_url":"https:\/\/morsobaltic.com\/lv\/produktas\/morso-pelnu-skrapis\/","og_site_name":"MORSO Baltic","article_modified_time":"2026-03-20T16:17:07+00:00","og_image":[{"width":600,"height":600,"url":"https:\/\/morsobaltic.com\/wp-content\/uploads\/2024\/02\/askeskraber_ash-scraper.jpeg","type":"image\/jpeg"}],"twitter_card":"summary_large_image","twitter_misc":{"Est. reading time":"2 minutes"},"schema":{"@context":"https:\/\/schema.org","@graph":[{"@type":"WebPage","@id":"https:\/\/morsobaltic.com\/lv\/produktas\/morso-pelnu-skrapis\/","url":"https:\/\/morsobaltic.com\/lv\/produktas\/morso-pelnu-skrapis\/","name":"Mors\u00f8 pelnu skr\u0101pis un p\u016bt\u0113js \u2013 divi vien\u0101 r\u012bks","isPartOf":{"@id":"https:\/\/morsobaltic.com\/lv\/#website"},"primaryImageOfPage":{"@id":"https:\/\/morsobaltic.com\/lv\/produktas\/morso-pelnu-skrapis\/#primaryimage"},"image":{"@id":"https:\/\/morsobaltic.com\/lv\/produktas\/morso-pelnu-skrapis\/#primaryimage"},"thumbnailUrl":"https:\/\/morsobaltic.com\/wp-content\/uploads\/2024\/02\/askeskraber_ash-scraper.jpeg","datePublished":"2024-02-14T14:26:38+00:00","dateModified":"2026-03-20T16:17:07+00:00","description":"Pulverkr\u0101sota t\u0113rauda Mors\u00f8 pelnu skr\u0101pis un p\u016bt\u0113js d\u0101rza kr\u0101sns apkopei. Garums 50,5 cm. Praktisks dizains uguns vad\u012bbai.","breadcrumb":{"@id":"https:\/\/morsobaltic.com\/lv\/produktas\/morso-pelnu-skrapis\/#breadcrumb"},"inLanguage":"lv-LV","potentialAction":[{"@type":"ReadAction","target":["https:\/\/morsobaltic.com\/lv\/produktas\/morso-pelnu-skrapis\/"]}]},{"@type":"ImageObject","inLanguage":"lv-LV","@id":"https:\/\/morsobaltic.com\/lv\/produktas\/morso-pelnu-skrapis\/#primaryimage","url":"https:\/\/morsobaltic.com\/wp-content\/uploads\/2024\/02\/askeskraber_ash-scraper.jpeg","contentUrl":"https:\/\/morsobaltic.com\/wp-content\/uploads\/2024\/02\/askeskraber_ash-scraper.jpeg","width":600,"height":600},{"@type":"BreadcrumbList","@id":"https:\/\/morsobaltic.com\/lv\/produktas\/morso-pelnu-skrapis\/#breadcrumb","itemListElement":[{"@type":"ListItem","position":1,"name":"Home","item":"https:\/\/morsobaltic.com\/lv\/"},{"@type":"ListItem","position":2,"name":"Veikals","item":"https:\/\/morsobaltic.com\/parduotuve\/"},{"@type":"ListItem","position":3,"name":"MORS\u00d8 PELNU SKR\u0100PIS"}]},{"@type":"WebSite","@id":"https:\/\/morsobaltic.com\/lv\/#website","url":"https:\/\/morsobaltic.com\/lv\/","name":"MORSO Baltic","description":"","alternateName":"MORSOBALTIC","potentialAction":[{"@type":"SearchAction","target":{"@type":"EntryPoint","urlTemplate":"https:\/\/morsobaltic.com\/lv\/?s={search_term_string}"},"query-input":{"@type":"PropertyValueSpecification","valueRequired":true,"valueName":"search_term_string"}}],"inLanguage":"lv-LV"}]}},"_links":{"self":[{"href":"https:\/\/morsobaltic.com\/lv\/wp-json\/wp\/v2\/product\/3746","targetHints":{"allow":["GET"]}}],"collection":[{"href":"https:\/\/morsobaltic.com\/lv\/wp-json\/wp\/v2\/product"}],"about":[{"href":"https:\/\/morsobaltic.com\/lv\/wp-json\/wp\/v2\/types\/product"}],"replies":[{"embeddable":true,"href":"https:\/\/morsobaltic.com\/lv\/wp-json\/wp\/v2\/comments?post=3746"}],"wp:featuredmedia":[{"embeddable":true,"href":"https:\/\/morsobaltic.com\/lv\/wp-json\/wp\/v2\/media\/2522"}],"wp:attachment":[{"href":"https:\/\/morsobaltic.com\/lv\/wp-json\/wp\/v2\/media?parent=3746"}],"wp:term":[{"taxonomy":"product_brand","embeddable":true,"href":"https:\/\/morsobaltic.com\/lv\/wp-json\/wp\/v2\/product_brand?post=3746"},{"taxonomy":"product_cat","embeddable":true,"href":"https:\/\/morsobaltic.com\/lv\/wp-json\/wp\/v2\/product_cat?post=3746"},{"taxonomy":"product_tag","embeddable":true,"href":"https:\/\/morsobaltic.com\/lv\/wp-json\/wp\/v2\/product_tag?post=3746"}],"curies":[{"name":"wp","href":"https:\/\/api.w.org\/{rel}","templated":true}]}}