{"id":3760,"date":"2024-02-14T14:26:37","date_gmt":"2024-02-14T14:26:37","guid":{"rendered":"https:\/\/morsobaltic.com\/produktas\/morso-putu-tirisanas-lidzeklis\/"},"modified":"2026-03-19T21:27:46","modified_gmt":"2026-03-19T21:27:46","slug":"morso-putu-tirisanas-lidzeklis","status":"publish","type":"product","link":"https:\/\/morsobaltic.com\/lv\/produktas\/morso-putu-tirisanas-lidzeklis\/","title":{"rendered":"MORS\u00d8 putu t\u012br\u012b\u0161anas l\u012bdzeklis"},"content":{"rendered":"<h4>Mors\u00f8 putu t\u012br\u012b\u0161anas l\u012bdzeklis \u2013 nevainojama t\u012br\u012bba kr\u0101\u0161\u0146u stikliem<\/h4>\n<p>Vai mekl\u0113jat lab\u0101ko veidu, k\u0101 uztur\u0113t m\u0101jokli t\u012bru? Mors\u00f8 putu t\u012br\u012b\u0161anas l\u012bdzeklis stiklam ir izcils un jaud\u012bgs smidzin\u0101t\u0101js j\u016bsu m\u0101j\u0101m. Tas ir \u012bpa\u0161i izstr\u0101d\u0101ts efekt\u012bvai da\u017e\u0101du virsmu t\u012br\u012bbas uztur\u0113\u0161anai. \u0160is produkts \u013coti \u0101tri \u0161\u0137\u012bdina pat visstipr\u0101kos un ie\u0113du\u0161os taukus. Unik\u0101l\u0101 formula ne\u013cauj net\u012brumiem atk\u0101rtoti pie\u0137erties pie t\u012br\u012bt\u0101s virsmas. Tas ir neaizst\u0101jams r\u012bks visiem, kuri augstu v\u0113rt\u0113 k\u0101rt\u012bbu un skaidr\u012bbu. L\u012bdzeklis nodro\u0161ina maksim\u0101lu rezult\u0101tu \u013coti \u012bs\u0101 laik\u0101. Tas iev\u0113rojami taupa j\u016bsu sp\u0113kus ikdienas m\u0101jas darbu veik\u0161an\u0101. J\u016bsu kr\u0101sni\u0146u stikli p\u0113c t\u012br\u012b\u0161anas izskat\u012bsies vienk\u0101r\u0161i nevainojami.<\/p>\n<h5>Vienk\u0101r\u0161a lieto\u0161ana un t\u016bl\u012bt\u0113ja iedarb\u012bba uz net\u012brumiem<\/h5>\n<p>Lieto\u0161anas instrukcija ir \u013coti vienk\u0101r\u0161a un viegli saprotama ikvienam. Pirms lieto\u0161anas vienm\u0113r veiciet nelielu testu neredzam\u0101 viet\u0101. T\u0101d\u0101 veid\u0101 j\u016bs p\u0101rliecin\u0101sieties par materi\u0101la sader\u012bbu ar t\u012br\u012b\u0161anas l\u012bdzekli. Uzkl\u0101jiet produktu vienm\u0113r\u012bg\u0101 sl\u0101n\u012b tie\u0161i uz net\u012brumiem. \u013baujiet put\u0101m iedarboties un piln\u012bb\u0101 sa\u0161\u0137elt visus ne t\u012brumus. Kad Mors\u00f8 putu t\u012br\u012b\u0161anas l\u012bdzeklis stiklam ir no\u017euvis, noslaukiet atlikumus ar mikro\u0161\u0137iedras dr\u0101nu. Virsma atkal k\u013c\u016bs skaidra un t\u012bra vien\u0101 mirkl\u012b. Jums vairs neb\u016bs stipri j\u0101ber\u017e vai j\u0101m\u0113\u0123ina nokas\u012bt piedegu\u0161ais stikls. Putu tekst\u016bra ne\u013cauj l\u012bdzeklim notec\u0113t no vertik\u0101l\u0101m virsm\u0101m.<\/p>\n<h5>K\u0101p\u0113c izv\u0113l\u0113ties tie\u0161i Mors\u00f8 z\u012bmola t\u012br\u012b\u0161anas l\u012bdzekli?<\/h5>\n<p>Ra\u017eot\u0101js lieliski p\u0101rzina visus izaicin\u0101jumus, ar ko saskaras kr\u0101\u0161\u0146u \u012bpa\u0161nieki. \u0160is Mors\u00f8 putu t\u012br\u012b\u0161anas l\u012bdzeklis stiklam ir piel\u0101gots visgr\u016bt\u0101k t\u012br\u0101mo net\u012brumu pieveik\u0161anai. L\u012bdzeklis neatst\u0101j nek\u0101das \u0161v\u012bkas vai ple\u0137us uz stikla un spogu\u013ciem. Tas ir uzticams pal\u012bgs j\u016bsu ier\u012b\u010du est\u0113tisk\u0101 izskata saglab\u0101\u0161anai. Ieguldiet kvalit\u0101t\u0113, kas patie\u0161\u0101m atvieglo j\u016bsu ikdienas sadz\u012bvi d\u0101rz\u0101 vai m\u0101j\u0101. J\u016bsu kr\u0101sni\u0146as stikls p\u0113c \u0161\u012bs apkopes vienm\u0113r izskat\u012bsies k\u0101 jauns. Izbaudiet nevainojamu skatu uz uguns liesm\u0101m katru vakaru bez piep\u016bles. \u0160\u012b ir dro\u0161a izv\u0113le j\u016bsu m\u0101jok\u013ca komfortam.<\/p>\n<p>T\u012briet stiklu tikai tad, kad tas ir piln\u012bb\u0101 atdzisis p\u0113c kurin\u0101\u0161anas. Karsta virsma var p\u0101r\u0101k \u0101tri iztvaic\u0113t t\u012br\u012b\u0161anas vielas. Izmantojiet tikai m\u012bkstas dr\u0101nas, lai nek\u0101d\u0101 veid\u0101 nesaboj\u0101tu stikla virsmu. Regul\u0101ra t\u012br\u012b\u0161ana ne\u013caus sodr\u0113jiem ie\u0113sties stikla strukt\u016br\u0101 uz visiem laikiem. Pareiza kop\u0161ana iev\u0113rojami pagarina j\u016bsu kr\u0101sni\u0146as deta\u013cu kalpo\u0161anas laiku. T\u012brs stikls nodro\u0161ina ar\u012b daudz lab\u0101ku siltuma starojumu telp\u0101. Tas sniedz ne tikai est\u0113tisku, bet ar\u012b praktisku labumu ikvienam. \u0160is Mors\u00f8 putu t\u012br\u012b\u0161anas l\u012bdzeklis stiklam atbilst visaugst\u0101kajiem d\u0101\u0146u kvalit\u0101tes standartiem. Produkts ir ekonomisks un kalpos jums \u013coti ilgu laiku. Saudz\u0113jiet sava m\u0101jok\u013ca m\u0101j\u012bgumu ar \u0161o profesion\u0101lo risin\u0101jumu.<\/p>\n","protected":false},"excerpt":{"rendered":"<p>Tips: Univers\u0101ls putu t\u012br\u012b\u0161anas l\u012bdzeklis ar smidzin\u0101t\u0101ju<br \/>\nLieto\u0161ana: Kam\u012bnu stikli, spogu\u013ci, plastmasa, \u0101da, audumi<br \/>\nTilpums: 0,5 L<br \/>\nSvars: 0,4 kg<br \/>\n\u012apa\u0161\u012bbas: \u0160\u0137\u012bdina taukus, neatst\u0101j \u0161v\u012bkas<\/p>\n","protected":false},"featured_media":2501,"comment_status":"closed","ping_status":"closed","template":"","meta":[],"product_brand":[],"product_cat":[130,191],"product_tag":[],"class_list":{"0":"post-3760","1":"product","2":"type-product","3":"status-publish","4":"has-post-thumbnail","6":"product_cat-grilu-piederumi","7":"product_cat-uzturesana","9":"first","10":"instock","11":"taxable","12":"shipping-taxable","13":"purchasable","14":"product-type-simple"},"yoast_head":"<!-- This site is optimized with the Yoast SEO plugin v27.3 - https:\/\/yoast.com\/product\/yoast-seo-wordpress\/ -->\n<title>Mors\u00f8 putu t\u012br\u012b\u0161anas l\u012bdzeklis stiklam \u2013 ide\u0101la kam\u012bna t\u012br\u012bba<\/title>\n<meta name=\"description\" content=\"Efekt\u012bvs Mors\u00f8 putu t\u012br\u012b\u0161anas l\u012bdzeklis stiklam \u0101tri no\u0146em taukus un sodr\u0113jus. Dro\u0161s spogu\u013ciem, plastmasai un audumiem. Tilpums: 0,5 L.\" \/>\n<meta name=\"robots\" content=\"index, follow, max-snippet:-1, max-image-preview:large, max-video-preview:-1\" \/>\n<link rel=\"canonical\" href=\"https:\/\/morsobaltic.com\/lv\/produktas\/morso-putu-tirisanas-lidzeklis\/\" \/>\n<meta property=\"og:locale\" content=\"lv_LV\" \/>\n<meta property=\"og:type\" content=\"article\" \/>\n<meta property=\"og:title\" content=\"Mors\u00f8 putu t\u012br\u012b\u0161anas l\u012bdzeklis stiklam \u2013 ide\u0101la kam\u012bna t\u012br\u012bba\" \/>\n<meta property=\"og:description\" content=\"Efekt\u012bvs Mors\u00f8 putu t\u012br\u012b\u0161anas l\u012bdzeklis stiklam \u0101tri no\u0146em taukus un sodr\u0113jus. Dro\u0161s spogu\u013ciem, plastmasai un audumiem. Tilpums: 0,5 L.\" \/>\n<meta property=\"og:url\" content=\"https:\/\/morsobaltic.com\/lv\/produktas\/morso-putu-tirisanas-lidzeklis\/\" \/>\n<meta property=\"og:site_name\" content=\"MORSO Baltic\" \/>\n<meta property=\"article:modified_time\" content=\"2026-03-19T21:27:46+00:00\" \/>\n<meta property=\"og:image\" content=\"https:\/\/morsobaltic.com\/wp-content\/uploads\/2024\/02\/foam-cleaner-900x900-m-faresignal_281185981.jpeg\" \/>\n\t<meta property=\"og:image:width\" content=\"900\" \/>\n\t<meta property=\"og:image:height\" content=\"900\" \/>\n\t<meta property=\"og:image:type\" content=\"image\/jpeg\" \/>\n<meta name=\"twitter:card\" content=\"summary_large_image\" \/>\n<meta name=\"twitter:label1\" content=\"Est. reading time\" \/>\n\t<meta name=\"twitter:data1\" content=\"1 minute\" \/>\n<script type=\"application\/ld+json\" class=\"yoast-schema-graph\">{\"@context\":\"https:\\\/\\\/schema.org\",\"@graph\":[{\"@type\":\"WebPage\",\"@id\":\"https:\\\/\\\/morsobaltic.com\\\/lv\\\/produktas\\\/morso-putu-tirisanas-lidzeklis\\\/\",\"url\":\"https:\\\/\\\/morsobaltic.com\\\/lv\\\/produktas\\\/morso-putu-tirisanas-lidzeklis\\\/\",\"name\":\"Mors\u00f8 putu t\u012br\u012b\u0161anas l\u012bdzeklis stiklam \u2013 ide\u0101la kam\u012bna t\u012br\u012bba\",\"isPartOf\":{\"@id\":\"https:\\\/\\\/morsobaltic.com\\\/lv\\\/#website\"},\"primaryImageOfPage\":{\"@id\":\"https:\\\/\\\/morsobaltic.com\\\/lv\\\/produktas\\\/morso-putu-tirisanas-lidzeklis\\\/#primaryimage\"},\"image\":{\"@id\":\"https:\\\/\\\/morsobaltic.com\\\/lv\\\/produktas\\\/morso-putu-tirisanas-lidzeklis\\\/#primaryimage\"},\"thumbnailUrl\":\"https:\\\/\\\/morsobaltic.com\\\/wp-content\\\/uploads\\\/2024\\\/02\\\/foam-cleaner-900x900-m-faresignal_281185981.jpeg\",\"datePublished\":\"2024-02-14T14:26:37+00:00\",\"dateModified\":\"2026-03-19T21:27:46+00:00\",\"description\":\"Efekt\u012bvs Mors\u00f8 putu t\u012br\u012b\u0161anas l\u012bdzeklis stiklam \u0101tri no\u0146em taukus un sodr\u0113jus. Dro\u0161s spogu\u013ciem, plastmasai un audumiem. Tilpums: 0,5 L.\",\"breadcrumb\":{\"@id\":\"https:\\\/\\\/morsobaltic.com\\\/lv\\\/produktas\\\/morso-putu-tirisanas-lidzeklis\\\/#breadcrumb\"},\"inLanguage\":\"lv-LV\",\"potentialAction\":[{\"@type\":\"ReadAction\",\"target\":[\"https:\\\/\\\/morsobaltic.com\\\/lv\\\/produktas\\\/morso-putu-tirisanas-lidzeklis\\\/\"]}]},{\"@type\":\"ImageObject\",\"inLanguage\":\"lv-LV\",\"@id\":\"https:\\\/\\\/morsobaltic.com\\\/lv\\\/produktas\\\/morso-putu-tirisanas-lidzeklis\\\/#primaryimage\",\"url\":\"https:\\\/\\\/morsobaltic.com\\\/wp-content\\\/uploads\\\/2024\\\/02\\\/foam-cleaner-900x900-m-faresignal_281185981.jpeg\",\"contentUrl\":\"https:\\\/\\\/morsobaltic.com\\\/wp-content\\\/uploads\\\/2024\\\/02\\\/foam-cleaner-900x900-m-faresignal_281185981.jpeg\",\"width\":900,\"height\":900},{\"@type\":\"BreadcrumbList\",\"@id\":\"https:\\\/\\\/morsobaltic.com\\\/lv\\\/produktas\\\/morso-putu-tirisanas-lidzeklis\\\/#breadcrumb\",\"itemListElement\":[{\"@type\":\"ListItem\",\"position\":1,\"name\":\"Home\",\"item\":\"https:\\\/\\\/morsobaltic.com\\\/lv\\\/\"},{\"@type\":\"ListItem\",\"position\":2,\"name\":\"Veikals\",\"item\":\"https:\\\/\\\/morsobaltic.com\\\/parduotuve\\\/\"},{\"@type\":\"ListItem\",\"position\":3,\"name\":\"MORS\u00d8 putu t\u012br\u012b\u0161anas l\u012bdzeklis\"}]},{\"@type\":\"WebSite\",\"@id\":\"https:\\\/\\\/morsobaltic.com\\\/lv\\\/#website\",\"url\":\"https:\\\/\\\/morsobaltic.com\\\/lv\\\/\",\"name\":\"MORSO Baltic\",\"description\":\"\",\"alternateName\":\"MORSOBALTIC\",\"potentialAction\":[{\"@type\":\"SearchAction\",\"target\":{\"@type\":\"EntryPoint\",\"urlTemplate\":\"https:\\\/\\\/morsobaltic.com\\\/lv\\\/?s={search_term_string}\"},\"query-input\":{\"@type\":\"PropertyValueSpecification\",\"valueRequired\":true,\"valueName\":\"search_term_string\"}}],\"inLanguage\":\"lv-LV\"}]}<\/script>\n<!-- \/ Yoast SEO plugin. -->","yoast_head_json":{"title":"Mors\u00f8 putu t\u012br\u012b\u0161anas l\u012bdzeklis stiklam \u2013 ide\u0101la kam\u012bna t\u012br\u012bba","description":"Efekt\u012bvs Mors\u00f8 putu t\u012br\u012b\u0161anas l\u012bdzeklis stiklam \u0101tri no\u0146em taukus un sodr\u0113jus. Dro\u0161s spogu\u013ciem, plastmasai un audumiem. Tilpums: 0,5 L.","robots":{"index":"index","follow":"follow","max-snippet":"max-snippet:-1","max-image-preview":"max-image-preview:large","max-video-preview":"max-video-preview:-1"},"canonical":"https:\/\/morsobaltic.com\/lv\/produktas\/morso-putu-tirisanas-lidzeklis\/","og_locale":"lv_LV","og_type":"article","og_title":"Mors\u00f8 putu t\u012br\u012b\u0161anas l\u012bdzeklis stiklam \u2013 ide\u0101la kam\u012bna t\u012br\u012bba","og_description":"Efekt\u012bvs Mors\u00f8 putu t\u012br\u012b\u0161anas l\u012bdzeklis stiklam \u0101tri no\u0146em taukus un sodr\u0113jus. Dro\u0161s spogu\u013ciem, plastmasai un audumiem. Tilpums: 0,5 L.","og_url":"https:\/\/morsobaltic.com\/lv\/produktas\/morso-putu-tirisanas-lidzeklis\/","og_site_name":"MORSO Baltic","article_modified_time":"2026-03-19T21:27:46+00:00","og_image":[{"width":900,"height":900,"url":"https:\/\/morsobaltic.com\/wp-content\/uploads\/2024\/02\/foam-cleaner-900x900-m-faresignal_281185981.jpeg","type":"image\/jpeg"}],"twitter_card":"summary_large_image","twitter_misc":{"Est. reading time":"1 minute"},"schema":{"@context":"https:\/\/schema.org","@graph":[{"@type":"WebPage","@id":"https:\/\/morsobaltic.com\/lv\/produktas\/morso-putu-tirisanas-lidzeklis\/","url":"https:\/\/morsobaltic.com\/lv\/produktas\/morso-putu-tirisanas-lidzeklis\/","name":"Mors\u00f8 putu t\u012br\u012b\u0161anas l\u012bdzeklis stiklam \u2013 ide\u0101la kam\u012bna t\u012br\u012bba","isPartOf":{"@id":"https:\/\/morsobaltic.com\/lv\/#website"},"primaryImageOfPage":{"@id":"https:\/\/morsobaltic.com\/lv\/produktas\/morso-putu-tirisanas-lidzeklis\/#primaryimage"},"image":{"@id":"https:\/\/morsobaltic.com\/lv\/produktas\/morso-putu-tirisanas-lidzeklis\/#primaryimage"},"thumbnailUrl":"https:\/\/morsobaltic.com\/wp-content\/uploads\/2024\/02\/foam-cleaner-900x900-m-faresignal_281185981.jpeg","datePublished":"2024-02-14T14:26:37+00:00","dateModified":"2026-03-19T21:27:46+00:00","description":"Efekt\u012bvs Mors\u00f8 putu t\u012br\u012b\u0161anas l\u012bdzeklis stiklam \u0101tri no\u0146em taukus un sodr\u0113jus. Dro\u0161s spogu\u013ciem, plastmasai un audumiem. Tilpums: 0,5 L.","breadcrumb":{"@id":"https:\/\/morsobaltic.com\/lv\/produktas\/morso-putu-tirisanas-lidzeklis\/#breadcrumb"},"inLanguage":"lv-LV","potentialAction":[{"@type":"ReadAction","target":["https:\/\/morsobaltic.com\/lv\/produktas\/morso-putu-tirisanas-lidzeklis\/"]}]},{"@type":"ImageObject","inLanguage":"lv-LV","@id":"https:\/\/morsobaltic.com\/lv\/produktas\/morso-putu-tirisanas-lidzeklis\/#primaryimage","url":"https:\/\/morsobaltic.com\/wp-content\/uploads\/2024\/02\/foam-cleaner-900x900-m-faresignal_281185981.jpeg","contentUrl":"https:\/\/morsobaltic.com\/wp-content\/uploads\/2024\/02\/foam-cleaner-900x900-m-faresignal_281185981.jpeg","width":900,"height":900},{"@type":"BreadcrumbList","@id":"https:\/\/morsobaltic.com\/lv\/produktas\/morso-putu-tirisanas-lidzeklis\/#breadcrumb","itemListElement":[{"@type":"ListItem","position":1,"name":"Home","item":"https:\/\/morsobaltic.com\/lv\/"},{"@type":"ListItem","position":2,"name":"Veikals","item":"https:\/\/morsobaltic.com\/parduotuve\/"},{"@type":"ListItem","position":3,"name":"MORS\u00d8 putu t\u012br\u012b\u0161anas l\u012bdzeklis"}]},{"@type":"WebSite","@id":"https:\/\/morsobaltic.com\/lv\/#website","url":"https:\/\/morsobaltic.com\/lv\/","name":"MORSO Baltic","description":"","alternateName":"MORSOBALTIC","potentialAction":[{"@type":"SearchAction","target":{"@type":"EntryPoint","urlTemplate":"https:\/\/morsobaltic.com\/lv\/?s={search_term_string}"},"query-input":{"@type":"PropertyValueSpecification","valueRequired":true,"valueName":"search_term_string"}}],"inLanguage":"lv-LV"}]}},"_links":{"self":[{"href":"https:\/\/morsobaltic.com\/lv\/wp-json\/wp\/v2\/product\/3760","targetHints":{"allow":["GET"]}}],"collection":[{"href":"https:\/\/morsobaltic.com\/lv\/wp-json\/wp\/v2\/product"}],"about":[{"href":"https:\/\/morsobaltic.com\/lv\/wp-json\/wp\/v2\/types\/product"}],"replies":[{"embeddable":true,"href":"https:\/\/morsobaltic.com\/lv\/wp-json\/wp\/v2\/comments?post=3760"}],"wp:featuredmedia":[{"embeddable":true,"href":"https:\/\/morsobaltic.com\/lv\/wp-json\/wp\/v2\/media\/2501"}],"wp:attachment":[{"href":"https:\/\/morsobaltic.com\/lv\/wp-json\/wp\/v2\/media?parent=3760"}],"wp:term":[{"taxonomy":"product_brand","embeddable":true,"href":"https:\/\/morsobaltic.com\/lv\/wp-json\/wp\/v2\/product_brand?post=3760"},{"taxonomy":"product_cat","embeddable":true,"href":"https:\/\/morsobaltic.com\/lv\/wp-json\/wp\/v2\/product_cat?post=3760"},{"taxonomy":"product_tag","embeddable":true,"href":"https:\/\/morsobaltic.com\/lv\/wp-json\/wp\/v2\/product_tag?post=3760"}],"curies":[{"name":"wp","href":"https:\/\/api.w.org\/{rel}","templated":true}]}}