{"id":3788,"date":"2024-02-14T14:26:17","date_gmt":"2024-02-14T14:26:17","guid":{"rendered":"https:\/\/morsobaltic.com\/produktas\/morso-ignis-grils\/"},"modified":"2026-03-19T21:41:27","modified_gmt":"2026-03-19T21:41:27","slug":"morso-ignis-grils","status":"publish","type":"product","link":"https:\/\/morsobaltic.com\/lv\/produktas\/morso-ignis-grils\/","title":{"rendered":"MORS\u00d8 IGNIS GRILS"},"content":{"rendered":"<h4>Mors\u00f8 Ignis grila reste \u2013 praktiska izv\u0113le j\u016bsu atp\u016btai br\u012bv\u0101 dab\u0101<\/h4>\n<p>Izmantojot \u0161o specializ\u0113to papildapr\u012bkojumu, j\u016bs un j\u016bsu \u0123imene var\u0113siet piln\u012bb\u0101 izmantot savu Mors\u00f8 Ignis pavardu. \u0160is piederums acumirkl\u012b p\u0101rv\u0113r\u0161 stil\u012bgo \u0101ra kam\u012bnu par funkcion\u0101lu grilu. Tas ir ide\u0101ls risin\u0101jums tiem, kuri augstu v\u0113rt\u0113 gatavo\u0161anu uz dz\u012bvas uguns. Izbaudiet d\u016bmu arom\u0101tu un nevainojami pagatavotus \u0113dienus sav\u0101 pagalm\u0101 vai teras\u0113. Kvalitat\u012bv\u0101 Mors\u00f8 Ignis grila reste ir rad\u012bta, lai sniegtu jums maksim\u0101lu baudu no kulin\u0101rijas procesa. T\u0101 \u013cauj papla\u0161in\u0101t j\u016bsu atp\u016btas zonas iesp\u0113jas bez papildu iek\u0101rtu ieg\u0101des. J\u016bsu vakari pie uguns k\u013c\u016bs daudz pilnv\u0113rt\u012bg\u0101ki un gar\u0161\u0101m bag\u0101t\u0101ki.<\/p>\n<h5>Augst\u0101k\u0101 materi\u0101lu kvalit\u0101te un ilgtsp\u0113ja<\/h5>\n<p>Kvalit\u0101te ir \u0161\u012b izstr\u0101d\u0101juma galven\u0101 iez\u012bme katr\u0101 t\u0101 deta\u013c\u0101. At\u0161\u0137ir\u012bb\u0101 no l\u0113t\u0101m hrom\u0113t\u0101m rest\u0113m, \u0161is materi\u0101ls nes\u0101k lob\u012bties vai r\u016bs\u0113t. \u0160\u012b no pul\u0113ta ner\u016bs\u0113jo\u0161\u0101 t\u0113rauda izgatavot\u0101 Mors\u00f8 Ignis grila reste saglab\u0101 savu s\u0101kotn\u0113jo izskatu gadiem ilgi. Jums neb\u016bs j\u0101uztraucas par virsmas plais\u0101\u0161anu vai oksid\u0113\u0161anos lieto\u0161anas laik\u0101. Ra\u017eot\u0101js garant\u0113 augst\u0101kos skandin\u0101vu kvalit\u0101tes standartus katram elementam. Pul\u0113tais t\u0113rauds ne tikai sniedz greznu izskatu, bet ir ar\u012b \u013coti praktisks. Maz\u0101k porain\u0101 virsma nodro\u0161ina, ka tauki un net\u012brumi neies\u016bcas met\u0101l\u0101. Tas noz\u012bm\u0113, ka j\u016bsu grils vienm\u0113r izskat\u012bsies higi\u0113nisks un est\u0113tisks. \u0160\u012b ir dro\u0161a invest\u012bcija j\u016bsu br\u012bvaj\u0101 laik\u0101.<\/p>\n<h5>Univers\u0101la \u0101ra virtuve j\u016bsu m\u0101jas pagalm\u0101<\/h5>\n<p>\u0160is piederums ir lielisks piem\u0113rs tam, k\u0101 vienk\u0101r\u0161s elements var uzlabot j\u016bsu atp\u016btas telpu. Tagad j\u016bsu vakari var s\u0101kties ar gurm\u0101nu uzkodu gatavo\u0161anu zem klajas debess. Cepi d\u0101rze\u0146us, sul\u012bgas desi\u0146as vai zivju kopsn\u012b\u0161us tie\u0161i virs liesm\u0101m. Kad \u0113diens ir gatavs, \u0161\u012b Mors\u00f8 Ignis grila reste ir viegli no\u0146emama, lai turpin\u0101tu baud\u012bt uguni. P\u0113c tam varat mier\u012bgi s\u0113d\u0113t pie silt\u0101 pavarda un baud\u012bt vakara mieru. \u0160is ir ne tikai praktisks r\u012bks, bet ar\u012b lieliska d\u0101vana jebkuram pavarda saimniekam. Katra deta\u013ca \u0161eit ir izstr\u0101d\u0101ta, dom\u0101jot par lietot\u0101ja komfortu un stabilit\u0101ti. P\u0101rv\u0113rtiet savu terasi par \u012bstu gar\u0161u o\u0101zi jau \u0161odien.<\/p>\n<p>Lai reste kalpotu v\u0113l ilg\u0101k, m\u0113s iesak\u0101m to regul\u0101ri un pareizi kopt. P\u0113c katras lieto\u0161anas reizes not\u012briet to ar speci\u0101lu birsti vai s\u016bkli. Vis\u0113rt\u0101k to izdar\u012bt, kam\u0113r met\u0101ls v\u0113l nav piln\u012bb\u0101 atdzisis. Ner\u016bs\u0113jo\u0161ais t\u0113rauds ir \u013coti iztur\u012bgs, ta\u010du kop\u0161ana pal\u012bdz\u0113s saglab\u0101t t\u0101 sp\u012bdumu. \u0160is ir vienk\u0101r\u0161s veids, k\u0101 nodro\u0161in\u0101t, lai j\u016bsu apr\u012bkojums vienm\u0113r b\u016btu darba k\u0101rt\u012bb\u0101. Pareizi uztur\u0113ta Mors\u00f8 Ignis grila reste priec\u0113s j\u016bsu viesus un kalpos uzticami. Gatavojieties jauniem kulin\u0101riem izaicin\u0101jumiem un baudiet bezr\u016bp\u012bgu gatavo\u0161anu d\u0101rz\u0101. Mors\u00f8 z\u012bmols garant\u0113 uzticam\u012bbu un profesion\u0101lu rezult\u0101tu katr\u0101 deta\u013c\u0101.<\/p>\n","protected":false},"excerpt":{"rendered":"<p>Tips: Specializ\u0113ta grila reste \u0101ra pavardam<br \/>\nSader\u012bba: Mors\u00f8 Ignis modelis<br \/>\nMateri\u0101ls: Pul\u0113ts ner\u016bs\u0113jo\u0161ais t\u0113rauds<br \/>\nKr\u0101sa: Met\u0101la \/ Sudraba<br \/>\nSvars: 0,99 kg<\/p>\n","protected":false},"featured_media":2477,"comment_status":"closed","ping_status":"closed","template":"","meta":[],"product_brand":[],"product_cat":[130,129],"product_tag":[],"class_list":{"0":"post-3788","1":"product","2":"type-product","3":"status-publish","4":"has-post-thumbnail","6":"product_cat-grilu-piederumi","7":"product_cat-trauki-un-darbariki","9":"first","10":"instock","11":"taxable","12":"shipping-taxable","13":"purchasable","14":"product-type-simple"},"yoast_head":"<!-- This site is optimized with the Yoast SEO plugin v27.3 - https:\/\/yoast.com\/product\/yoast-seo-wordpress\/ -->\n<title>Mors\u00f8 Ignis grila reste \u2013 iztur\u012bgs ner\u016bs\u0113jo\u0161\u0101 t\u0113rauda piederums<\/title>\n<meta name=\"description\" content=\"Ner\u016bs\u0113jo\u0161\u0101 t\u0113rauda Mors\u00f8 Ignis grila reste p\u0101rv\u0113r\u0161 \u0101ra pavardu par funkcion\u0101lu grilu. Iztur\u012bga pret koroziju un viegli kopjama. Svars: 0,99 kg.\" \/>\n<meta name=\"robots\" content=\"index, follow, max-snippet:-1, max-image-preview:large, max-video-preview:-1\" \/>\n<link rel=\"canonical\" href=\"https:\/\/morsobaltic.com\/lv\/produktas\/morso-ignis-grils\/\" \/>\n<meta property=\"og:locale\" content=\"lv_LV\" \/>\n<meta property=\"og:type\" content=\"article\" \/>\n<meta property=\"og:title\" content=\"Mors\u00f8 Ignis grila reste \u2013 iztur\u012bgs ner\u016bs\u0113jo\u0161\u0101 t\u0113rauda piederums\" \/>\n<meta property=\"og:description\" content=\"Ner\u016bs\u0113jo\u0161\u0101 t\u0113rauda Mors\u00f8 Ignis grila reste p\u0101rv\u0113r\u0161 \u0101ra pavardu par funkcion\u0101lu grilu. Iztur\u012bga pret koroziju un viegli kopjama. Svars: 0,99 kg.\" \/>\n<meta property=\"og:url\" content=\"https:\/\/morsobaltic.com\/lv\/produktas\/morso-ignis-grils\/\" \/>\n<meta property=\"og:site_name\" content=\"MORSO Baltic\" \/>\n<meta property=\"article:modified_time\" content=\"2026-03-19T21:41:27+00:00\" \/>\n<meta property=\"og:image\" content=\"https:\/\/morsobaltic.com\/wp-content\/uploads\/2024\/02\/rist_ignis_1079663669.jpeg\" \/>\n\t<meta property=\"og:image:width\" content=\"600\" \/>\n\t<meta property=\"og:image:height\" content=\"600\" \/>\n\t<meta property=\"og:image:type\" content=\"image\/jpeg\" \/>\n<meta name=\"twitter:card\" content=\"summary_large_image\" \/>\n<meta name=\"twitter:label1\" content=\"Est. reading time\" \/>\n\t<meta name=\"twitter:data1\" content=\"3 minutes\" \/>\n<script type=\"application\/ld+json\" class=\"yoast-schema-graph\">{\"@context\":\"https:\\\/\\\/schema.org\",\"@graph\":[{\"@type\":\"WebPage\",\"@id\":\"https:\\\/\\\/morsobaltic.com\\\/lv\\\/produktas\\\/morso-ignis-grils\\\/\",\"url\":\"https:\\\/\\\/morsobaltic.com\\\/lv\\\/produktas\\\/morso-ignis-grils\\\/\",\"name\":\"Mors\u00f8 Ignis grila reste \u2013 iztur\u012bgs ner\u016bs\u0113jo\u0161\u0101 t\u0113rauda piederums\",\"isPartOf\":{\"@id\":\"https:\\\/\\\/morsobaltic.com\\\/lv\\\/#website\"},\"primaryImageOfPage\":{\"@id\":\"https:\\\/\\\/morsobaltic.com\\\/lv\\\/produktas\\\/morso-ignis-grils\\\/#primaryimage\"},\"image\":{\"@id\":\"https:\\\/\\\/morsobaltic.com\\\/lv\\\/produktas\\\/morso-ignis-grils\\\/#primaryimage\"},\"thumbnailUrl\":\"https:\\\/\\\/morsobaltic.com\\\/wp-content\\\/uploads\\\/2024\\\/02\\\/rist_ignis_1079663669.jpeg\",\"datePublished\":\"2024-02-14T14:26:17+00:00\",\"dateModified\":\"2026-03-19T21:41:27+00:00\",\"description\":\"Ner\u016bs\u0113jo\u0161\u0101 t\u0113rauda Mors\u00f8 Ignis grila reste p\u0101rv\u0113r\u0161 \u0101ra pavardu par funkcion\u0101lu grilu. Iztur\u012bga pret koroziju un viegli kopjama. Svars: 0,99 kg.\",\"breadcrumb\":{\"@id\":\"https:\\\/\\\/morsobaltic.com\\\/lv\\\/produktas\\\/morso-ignis-grils\\\/#breadcrumb\"},\"inLanguage\":\"lv-LV\",\"potentialAction\":[{\"@type\":\"ReadAction\",\"target\":[\"https:\\\/\\\/morsobaltic.com\\\/lv\\\/produktas\\\/morso-ignis-grils\\\/\"]}]},{\"@type\":\"ImageObject\",\"inLanguage\":\"lv-LV\",\"@id\":\"https:\\\/\\\/morsobaltic.com\\\/lv\\\/produktas\\\/morso-ignis-grils\\\/#primaryimage\",\"url\":\"https:\\\/\\\/morsobaltic.com\\\/wp-content\\\/uploads\\\/2024\\\/02\\\/rist_ignis_1079663669.jpeg\",\"contentUrl\":\"https:\\\/\\\/morsobaltic.com\\\/wp-content\\\/uploads\\\/2024\\\/02\\\/rist_ignis_1079663669.jpeg\",\"width\":600,\"height\":600,\"caption\":\"grotel\u0117s\"},{\"@type\":\"BreadcrumbList\",\"@id\":\"https:\\\/\\\/morsobaltic.com\\\/lv\\\/produktas\\\/morso-ignis-grils\\\/#breadcrumb\",\"itemListElement\":[{\"@type\":\"ListItem\",\"position\":1,\"name\":\"Home\",\"item\":\"https:\\\/\\\/morsobaltic.com\\\/lv\\\/\"},{\"@type\":\"ListItem\",\"position\":2,\"name\":\"Veikals\",\"item\":\"https:\\\/\\\/morsobaltic.com\\\/parduotuve\\\/\"},{\"@type\":\"ListItem\",\"position\":3,\"name\":\"MORS\u00d8 IGNIS GRILS\"}]},{\"@type\":\"WebSite\",\"@id\":\"https:\\\/\\\/morsobaltic.com\\\/lv\\\/#website\",\"url\":\"https:\\\/\\\/morsobaltic.com\\\/lv\\\/\",\"name\":\"MORSO Baltic\",\"description\":\"\",\"alternateName\":\"MORSOBALTIC\",\"potentialAction\":[{\"@type\":\"SearchAction\",\"target\":{\"@type\":\"EntryPoint\",\"urlTemplate\":\"https:\\\/\\\/morsobaltic.com\\\/lv\\\/?s={search_term_string}\"},\"query-input\":{\"@type\":\"PropertyValueSpecification\",\"valueRequired\":true,\"valueName\":\"search_term_string\"}}],\"inLanguage\":\"lv-LV\"}]}<\/script>\n<!-- \/ Yoast SEO plugin. -->","yoast_head_json":{"title":"Mors\u00f8 Ignis grila reste \u2013 iztur\u012bgs ner\u016bs\u0113jo\u0161\u0101 t\u0113rauda piederums","description":"Ner\u016bs\u0113jo\u0161\u0101 t\u0113rauda Mors\u00f8 Ignis grila reste p\u0101rv\u0113r\u0161 \u0101ra pavardu par funkcion\u0101lu grilu. Iztur\u012bga pret koroziju un viegli kopjama. Svars: 0,99 kg.","robots":{"index":"index","follow":"follow","max-snippet":"max-snippet:-1","max-image-preview":"max-image-preview:large","max-video-preview":"max-video-preview:-1"},"canonical":"https:\/\/morsobaltic.com\/lv\/produktas\/morso-ignis-grils\/","og_locale":"lv_LV","og_type":"article","og_title":"Mors\u00f8 Ignis grila reste \u2013 iztur\u012bgs ner\u016bs\u0113jo\u0161\u0101 t\u0113rauda piederums","og_description":"Ner\u016bs\u0113jo\u0161\u0101 t\u0113rauda Mors\u00f8 Ignis grila reste p\u0101rv\u0113r\u0161 \u0101ra pavardu par funkcion\u0101lu grilu. Iztur\u012bga pret koroziju un viegli kopjama. Svars: 0,99 kg.","og_url":"https:\/\/morsobaltic.com\/lv\/produktas\/morso-ignis-grils\/","og_site_name":"MORSO Baltic","article_modified_time":"2026-03-19T21:41:27+00:00","og_image":[{"width":600,"height":600,"url":"https:\/\/morsobaltic.com\/wp-content\/uploads\/2024\/02\/rist_ignis_1079663669.jpeg","type":"image\/jpeg"}],"twitter_card":"summary_large_image","twitter_misc":{"Est. reading time":"3 minutes"},"schema":{"@context":"https:\/\/schema.org","@graph":[{"@type":"WebPage","@id":"https:\/\/morsobaltic.com\/lv\/produktas\/morso-ignis-grils\/","url":"https:\/\/morsobaltic.com\/lv\/produktas\/morso-ignis-grils\/","name":"Mors\u00f8 Ignis grila reste \u2013 iztur\u012bgs ner\u016bs\u0113jo\u0161\u0101 t\u0113rauda piederums","isPartOf":{"@id":"https:\/\/morsobaltic.com\/lv\/#website"},"primaryImageOfPage":{"@id":"https:\/\/morsobaltic.com\/lv\/produktas\/morso-ignis-grils\/#primaryimage"},"image":{"@id":"https:\/\/morsobaltic.com\/lv\/produktas\/morso-ignis-grils\/#primaryimage"},"thumbnailUrl":"https:\/\/morsobaltic.com\/wp-content\/uploads\/2024\/02\/rist_ignis_1079663669.jpeg","datePublished":"2024-02-14T14:26:17+00:00","dateModified":"2026-03-19T21:41:27+00:00","description":"Ner\u016bs\u0113jo\u0161\u0101 t\u0113rauda Mors\u00f8 Ignis grila reste p\u0101rv\u0113r\u0161 \u0101ra pavardu par funkcion\u0101lu grilu. Iztur\u012bga pret koroziju un viegli kopjama. Svars: 0,99 kg.","breadcrumb":{"@id":"https:\/\/morsobaltic.com\/lv\/produktas\/morso-ignis-grils\/#breadcrumb"},"inLanguage":"lv-LV","potentialAction":[{"@type":"ReadAction","target":["https:\/\/morsobaltic.com\/lv\/produktas\/morso-ignis-grils\/"]}]},{"@type":"ImageObject","inLanguage":"lv-LV","@id":"https:\/\/morsobaltic.com\/lv\/produktas\/morso-ignis-grils\/#primaryimage","url":"https:\/\/morsobaltic.com\/wp-content\/uploads\/2024\/02\/rist_ignis_1079663669.jpeg","contentUrl":"https:\/\/morsobaltic.com\/wp-content\/uploads\/2024\/02\/rist_ignis_1079663669.jpeg","width":600,"height":600,"caption":"grotel\u0117s"},{"@type":"BreadcrumbList","@id":"https:\/\/morsobaltic.com\/lv\/produktas\/morso-ignis-grils\/#breadcrumb","itemListElement":[{"@type":"ListItem","position":1,"name":"Home","item":"https:\/\/morsobaltic.com\/lv\/"},{"@type":"ListItem","position":2,"name":"Veikals","item":"https:\/\/morsobaltic.com\/parduotuve\/"},{"@type":"ListItem","position":3,"name":"MORS\u00d8 IGNIS GRILS"}]},{"@type":"WebSite","@id":"https:\/\/morsobaltic.com\/lv\/#website","url":"https:\/\/morsobaltic.com\/lv\/","name":"MORSO Baltic","description":"","alternateName":"MORSOBALTIC","potentialAction":[{"@type":"SearchAction","target":{"@type":"EntryPoint","urlTemplate":"https:\/\/morsobaltic.com\/lv\/?s={search_term_string}"},"query-input":{"@type":"PropertyValueSpecification","valueRequired":true,"valueName":"search_term_string"}}],"inLanguage":"lv-LV"}]}},"_links":{"self":[{"href":"https:\/\/morsobaltic.com\/lv\/wp-json\/wp\/v2\/product\/3788","targetHints":{"allow":["GET"]}}],"collection":[{"href":"https:\/\/morsobaltic.com\/lv\/wp-json\/wp\/v2\/product"}],"about":[{"href":"https:\/\/morsobaltic.com\/lv\/wp-json\/wp\/v2\/types\/product"}],"replies":[{"embeddable":true,"href":"https:\/\/morsobaltic.com\/lv\/wp-json\/wp\/v2\/comments?post=3788"}],"wp:featuredmedia":[{"embeddable":true,"href":"https:\/\/morsobaltic.com\/lv\/wp-json\/wp\/v2\/media\/2477"}],"wp:attachment":[{"href":"https:\/\/morsobaltic.com\/lv\/wp-json\/wp\/v2\/media?parent=3788"}],"wp:term":[{"taxonomy":"product_brand","embeddable":true,"href":"https:\/\/morsobaltic.com\/lv\/wp-json\/wp\/v2\/product_brand?post=3788"},{"taxonomy":"product_cat","embeddable":true,"href":"https:\/\/morsobaltic.com\/lv\/wp-json\/wp\/v2\/product_cat?post=3788"},{"taxonomy":"product_tag","embeddable":true,"href":"https:\/\/morsobaltic.com\/lv\/wp-json\/wp\/v2\/product_tag?post=3788"}],"curies":[{"name":"wp","href":"https:\/\/api.w.org\/{rel}","templated":true}]}}