{"id":3790,"date":"2024-02-14T14:26:17","date_gmt":"2024-02-14T14:26:17","guid":{"rendered":"https:\/\/morsobaltic.com\/produktas\/morso-tuscan-plancha\/"},"modified":"2026-03-20T16:24:39","modified_gmt":"2026-03-20T16:24:39","slug":"morso-tuscan-plancha","status":"publish","type":"product","link":"https:\/\/morsobaltic.com\/lv\/produktas\/morso-tuscan-plancha\/","title":{"rendered":"MORS\u00d8 TUSCAN PLANCHA"},"content":{"rendered":"<h4>Mors\u00f8 Tuscan Plan\u010da \u2013 univers\u0101la cep\u0161anas virsma j\u016bsu d\u0101rzam<\/h4>\n<p>Mors\u00f8 Tuscan Plan\u010da lieliski pilda pannas lomu, gatavojot visda\u017e\u0101d\u0101kos \u0113dienus tie\u0161i j\u016bsu gril\u0101. \u0160\u012b pl\u0101tne ir \u012bpa\u0161i izstr\u0101d\u0101ta lieto\u0161anai ar Mors\u00f8 Forno \u0101ra krosn\u012bm, ta\u010du t\u0101 ir ar\u012b nevainojami savietojama ar Forno Gas Medio un Grande g\u0101zes grilu mode\u013ciem. \u010cuguns garant\u0113 vienm\u0113r\u012bgu karstuma sadali un izcilu cep\u0161anas rezult\u0101tu pat visaugst\u0101kaj\u0101s temperat\u016br\u0101s. Tas ir neaizst\u0101jams piederums malt\u012b\u0161u gatavo\u0161anai uz atkl\u0101tas uguns vai g\u0101zes pavarda. Kvalitat\u012bv\u0101 Mors\u00f8 Tuscan \u010duguna pl\u0101tne nodro\u0161ina profesion\u0101lu rezult\u0101tu katr\u0101 gatavo\u0161anas reiz\u0113, \u013caujot baud\u012bt sul\u012bgus un arom\u0101tiskus kepsni\u0146us j\u016bsu teras\u0113.<\/p>\n<h5>Praktisks dizains un sl\u012bp\u0101s malas priek\u0161roc\u012bbas<\/h5>\n<p>Cep\u0161anas pl\u0101tni ieskauj speci\u0101la, sl\u012bpa apmale, kas pilda svar\u012bgu tehnisku funkciju. T\u0101 pal\u012bdz nodro\u0161in\u0101t, ka zivs, ga\u013ca un d\u0101rze\u0146i gatavo\u0161anas laik\u0101 paliek centr\u0101 tie\u0161i virs karstuma avota, ne\u013caujot produktiem nosl\u012bd\u0113t no cep\u0161anas virsmas. Turkl\u0101t \u0161\u012b mala nodro\u0161ina \u0161\u0137idrumu un ga\u013cas sulu sav\u0101k\u0161anu, kas izdal\u0101s cep\u0161anas proces\u0101. Tas pal\u012bdz uztur\u0113t j\u016bsu grila iek\u0161pusi t\u012br\u0101ku, kam\u0113r \u0113diens gatavojas sav\u0101 sul\u0101, padarot gar\u0161u daudz pies\u0101tin\u0101t\u0101ku. Ori\u0123in\u0101l\u0101 Mors\u00f8 Tuscan \u010duguna pl\u0101tne ir iztur\u012bga un notur\u012bga pret deform\u0101ciju, nodro\u0161inot stabilit\u0101ti un dro\u0161\u012bbu ikvienam m\u0101jas saimniekam.<\/p>\n<h5>\u0112rta lieto\u0161ana un skandin\u0101vu kvalit\u0101tes standarti<\/h5>\n<p>Pl\u0101tnes sl\u012bp\u0101 mala ir speci\u0101li piel\u0101gota papildus piederumam, padarot darbu pie grila v\u0113l \u0113rt\u0101ku. To ir \u013coti praktiski izmantot kop\u0101 ar atsevi\u0161\u0137i nop\u0113rkamo ori\u0123in\u0101lo Mors\u00f8 t\u0113rauda rokturi. Tas \u013cauj piln\u012bgi dro\u0161i pacelt un p\u0101rvietot karsto trauku visa gatavo\u0161anas procesa laik\u0101 bez apdegumu riska. P\u0113c malt\u012btes pagatavo\u0161anas j\u016bs varat viegli iz\u0146emt pl\u0101tni no grila un pasniegt \u0113dienu viesiem tie\u0161i uz galda. \u010cuguns ilgi saglab\u0101 siltumu, t\u0101p\u0113c malt\u012bte neatdzis\u012bs visas vakari\u0146as laik\u0101. \u0160\u0101da Mors\u00f8 Tuscan \u010duguna pl\u0101tne ir ilgm\u016b\u017e\u012bga invest\u012bcija, kas apvieno skandin\u0101vu est\u0113tiku un augstu funkcionalit\u0101ti. Izbaudiet profesion\u0101lu grila pieredzi katru ned\u0113\u013cas nogali.<\/p>\n","protected":false},"excerpt":{"rendered":"<p>Tips: \u010cuguna cep\u0161anas pl\u0101tne (Plan\u010da)<br \/>\nMateri\u0101ls: Emalj\u0113ts \u010duguns<br \/>\nIzm\u0113ri (\u00d8): 32,5 cm<br \/>\nSavietojam\u012bba: Mors\u00f8 Forno, Forno Gas Medio &amp; Grande<br \/>\n\u012apa\u0161\u012bbas: Sl\u012bpa mala, \u0161\u0137idrumu sav\u0101k\u0161anas funkcija<br \/>\nPiederumi: Piem\u0113rota lieto\u0161anai ar &#8220;Mors\u00f8 rokturi&#8221;<\/p>\n","protected":false},"featured_media":2471,"comment_status":"closed","ping_status":"closed","template":"","meta":[],"product_brand":[],"product_cat":[129],"product_tag":[],"class_list":{"0":"post-3790","1":"product","2":"type-product","3":"status-publish","4":"has-post-thumbnail","6":"product_cat-trauki-un-darbariki","8":"first","9":"instock","10":"taxable","11":"shipping-taxable","12":"purchasable","13":"product-type-simple"},"yoast_head":"<!-- This site is optimized with the Yoast SEO plugin v27.3 - https:\/\/yoast.com\/product\/yoast-seo-wordpress\/ -->\n<title>Mors\u00f8 Tuscan \u010duguna pl\u0101tne \u2013 Plan\u010da Forno mode\u013ciem<\/title>\n<meta name=\"description\" content=\"Emalj\u0113ta Mors\u00f8 Tuscan \u010duguna pl\u0101tne ar 32,5 cm diametru. Piem\u0113rota Forno un Forno Gas griliem. Ide\u0101la ga\u013cas un d\u0101rze\u0146u cep\u0161anai sav\u0101 sul\u0101.\" \/>\n<meta name=\"robots\" content=\"index, follow, max-snippet:-1, max-image-preview:large, max-video-preview:-1\" \/>\n<link rel=\"canonical\" href=\"https:\/\/morsobaltic.com\/lv\/produktas\/morso-tuscan-plancha\/\" \/>\n<meta property=\"og:locale\" content=\"lv_LV\" \/>\n<meta property=\"og:type\" content=\"article\" \/>\n<meta property=\"og:title\" content=\"Mors\u00f8 Tuscan \u010duguna pl\u0101tne \u2013 Plan\u010da Forno mode\u013ciem\" \/>\n<meta property=\"og:description\" content=\"Emalj\u0113ta Mors\u00f8 Tuscan \u010duguna pl\u0101tne ar 32,5 cm diametru. Piem\u0113rota Forno un Forno Gas griliem. Ide\u0101la ga\u013cas un d\u0101rze\u0146u cep\u0161anai sav\u0101 sul\u0101.\" \/>\n<meta property=\"og:url\" content=\"https:\/\/morsobaltic.com\/lv\/produktas\/morso-tuscan-plancha\/\" \/>\n<meta property=\"og:site_name\" content=\"MORSO Baltic\" \/>\n<meta property=\"article:modified_time\" content=\"2026-03-20T16:24:39+00:00\" \/>\n<meta property=\"og:image\" content=\"https:\/\/morsobaltic.com\/wp-content\/uploads\/2024\/02\/62993600_tuscan-planch1.jpeg\" \/>\n\t<meta property=\"og:image:width\" content=\"600\" \/>\n\t<meta property=\"og:image:height\" content=\"600\" \/>\n\t<meta property=\"og:image:type\" content=\"image\/jpeg\" \/>\n<meta name=\"twitter:card\" content=\"summary_large_image\" \/>\n<meta name=\"twitter:label1\" content=\"Est. reading time\" \/>\n\t<meta name=\"twitter:data1\" content=\"1 minute\" \/>\n<script type=\"application\/ld+json\" class=\"yoast-schema-graph\">{\"@context\":\"https:\\\/\\\/schema.org\",\"@graph\":[{\"@type\":\"WebPage\",\"@id\":\"https:\\\/\\\/morsobaltic.com\\\/lv\\\/produktas\\\/morso-tuscan-plancha\\\/\",\"url\":\"https:\\\/\\\/morsobaltic.com\\\/lv\\\/produktas\\\/morso-tuscan-plancha\\\/\",\"name\":\"Mors\u00f8 Tuscan \u010duguna pl\u0101tne \u2013 Plan\u010da Forno mode\u013ciem\",\"isPartOf\":{\"@id\":\"https:\\\/\\\/morsobaltic.com\\\/lv\\\/#website\"},\"primaryImageOfPage\":{\"@id\":\"https:\\\/\\\/morsobaltic.com\\\/lv\\\/produktas\\\/morso-tuscan-plancha\\\/#primaryimage\"},\"image\":{\"@id\":\"https:\\\/\\\/morsobaltic.com\\\/lv\\\/produktas\\\/morso-tuscan-plancha\\\/#primaryimage\"},\"thumbnailUrl\":\"https:\\\/\\\/morsobaltic.com\\\/wp-content\\\/uploads\\\/2024\\\/02\\\/62993600_tuscan-planch1.jpeg\",\"datePublished\":\"2024-02-14T14:26:17+00:00\",\"dateModified\":\"2026-03-20T16:24:39+00:00\",\"description\":\"Emalj\u0113ta Mors\u00f8 Tuscan \u010duguna pl\u0101tne ar 32,5 cm diametru. Piem\u0113rota Forno un Forno Gas griliem. Ide\u0101la ga\u013cas un d\u0101rze\u0146u cep\u0161anai sav\u0101 sul\u0101.\",\"breadcrumb\":{\"@id\":\"https:\\\/\\\/morsobaltic.com\\\/lv\\\/produktas\\\/morso-tuscan-plancha\\\/#breadcrumb\"},\"inLanguage\":\"lv-LV\",\"potentialAction\":[{\"@type\":\"ReadAction\",\"target\":[\"https:\\\/\\\/morsobaltic.com\\\/lv\\\/produktas\\\/morso-tuscan-plancha\\\/\"]}]},{\"@type\":\"ImageObject\",\"inLanguage\":\"lv-LV\",\"@id\":\"https:\\\/\\\/morsobaltic.com\\\/lv\\\/produktas\\\/morso-tuscan-plancha\\\/#primaryimage\",\"url\":\"https:\\\/\\\/morsobaltic.com\\\/wp-content\\\/uploads\\\/2024\\\/02\\\/62993600_tuscan-planch1.jpeg\",\"contentUrl\":\"https:\\\/\\\/morsobaltic.com\\\/wp-content\\\/uploads\\\/2024\\\/02\\\/62993600_tuscan-planch1.jpeg\",\"width\":600,\"height\":600},{\"@type\":\"BreadcrumbList\",\"@id\":\"https:\\\/\\\/morsobaltic.com\\\/lv\\\/produktas\\\/morso-tuscan-plancha\\\/#breadcrumb\",\"itemListElement\":[{\"@type\":\"ListItem\",\"position\":1,\"name\":\"Home\",\"item\":\"https:\\\/\\\/morsobaltic.com\\\/lv\\\/\"},{\"@type\":\"ListItem\",\"position\":2,\"name\":\"Veikals\",\"item\":\"https:\\\/\\\/morsobaltic.com\\\/parduotuve\\\/\"},{\"@type\":\"ListItem\",\"position\":3,\"name\":\"MORS\u00d8 TUSCAN PLANCHA\"}]},{\"@type\":\"WebSite\",\"@id\":\"https:\\\/\\\/morsobaltic.com\\\/lv\\\/#website\",\"url\":\"https:\\\/\\\/morsobaltic.com\\\/lv\\\/\",\"name\":\"MORSO Baltic\",\"description\":\"\",\"alternateName\":\"MORSOBALTIC\",\"potentialAction\":[{\"@type\":\"SearchAction\",\"target\":{\"@type\":\"EntryPoint\",\"urlTemplate\":\"https:\\\/\\\/morsobaltic.com\\\/lv\\\/?s={search_term_string}\"},\"query-input\":{\"@type\":\"PropertyValueSpecification\",\"valueRequired\":true,\"valueName\":\"search_term_string\"}}],\"inLanguage\":\"lv-LV\"}]}<\/script>\n<!-- \/ Yoast SEO plugin. -->","yoast_head_json":{"title":"Mors\u00f8 Tuscan \u010duguna pl\u0101tne \u2013 Plan\u010da Forno mode\u013ciem","description":"Emalj\u0113ta Mors\u00f8 Tuscan \u010duguna pl\u0101tne ar 32,5 cm diametru. Piem\u0113rota Forno un Forno Gas griliem. Ide\u0101la ga\u013cas un d\u0101rze\u0146u cep\u0161anai sav\u0101 sul\u0101.","robots":{"index":"index","follow":"follow","max-snippet":"max-snippet:-1","max-image-preview":"max-image-preview:large","max-video-preview":"max-video-preview:-1"},"canonical":"https:\/\/morsobaltic.com\/lv\/produktas\/morso-tuscan-plancha\/","og_locale":"lv_LV","og_type":"article","og_title":"Mors\u00f8 Tuscan \u010duguna pl\u0101tne \u2013 Plan\u010da Forno mode\u013ciem","og_description":"Emalj\u0113ta Mors\u00f8 Tuscan \u010duguna pl\u0101tne ar 32,5 cm diametru. Piem\u0113rota Forno un Forno Gas griliem. Ide\u0101la ga\u013cas un d\u0101rze\u0146u cep\u0161anai sav\u0101 sul\u0101.","og_url":"https:\/\/morsobaltic.com\/lv\/produktas\/morso-tuscan-plancha\/","og_site_name":"MORSO Baltic","article_modified_time":"2026-03-20T16:24:39+00:00","og_image":[{"width":600,"height":600,"url":"https:\/\/morsobaltic.com\/wp-content\/uploads\/2024\/02\/62993600_tuscan-planch1.jpeg","type":"image\/jpeg"}],"twitter_card":"summary_large_image","twitter_misc":{"Est. reading time":"1 minute"},"schema":{"@context":"https:\/\/schema.org","@graph":[{"@type":"WebPage","@id":"https:\/\/morsobaltic.com\/lv\/produktas\/morso-tuscan-plancha\/","url":"https:\/\/morsobaltic.com\/lv\/produktas\/morso-tuscan-plancha\/","name":"Mors\u00f8 Tuscan \u010duguna pl\u0101tne \u2013 Plan\u010da Forno mode\u013ciem","isPartOf":{"@id":"https:\/\/morsobaltic.com\/lv\/#website"},"primaryImageOfPage":{"@id":"https:\/\/morsobaltic.com\/lv\/produktas\/morso-tuscan-plancha\/#primaryimage"},"image":{"@id":"https:\/\/morsobaltic.com\/lv\/produktas\/morso-tuscan-plancha\/#primaryimage"},"thumbnailUrl":"https:\/\/morsobaltic.com\/wp-content\/uploads\/2024\/02\/62993600_tuscan-planch1.jpeg","datePublished":"2024-02-14T14:26:17+00:00","dateModified":"2026-03-20T16:24:39+00:00","description":"Emalj\u0113ta Mors\u00f8 Tuscan \u010duguna pl\u0101tne ar 32,5 cm diametru. Piem\u0113rota Forno un Forno Gas griliem. Ide\u0101la ga\u013cas un d\u0101rze\u0146u cep\u0161anai sav\u0101 sul\u0101.","breadcrumb":{"@id":"https:\/\/morsobaltic.com\/lv\/produktas\/morso-tuscan-plancha\/#breadcrumb"},"inLanguage":"lv-LV","potentialAction":[{"@type":"ReadAction","target":["https:\/\/morsobaltic.com\/lv\/produktas\/morso-tuscan-plancha\/"]}]},{"@type":"ImageObject","inLanguage":"lv-LV","@id":"https:\/\/morsobaltic.com\/lv\/produktas\/morso-tuscan-plancha\/#primaryimage","url":"https:\/\/morsobaltic.com\/wp-content\/uploads\/2024\/02\/62993600_tuscan-planch1.jpeg","contentUrl":"https:\/\/morsobaltic.com\/wp-content\/uploads\/2024\/02\/62993600_tuscan-planch1.jpeg","width":600,"height":600},{"@type":"BreadcrumbList","@id":"https:\/\/morsobaltic.com\/lv\/produktas\/morso-tuscan-plancha\/#breadcrumb","itemListElement":[{"@type":"ListItem","position":1,"name":"Home","item":"https:\/\/morsobaltic.com\/lv\/"},{"@type":"ListItem","position":2,"name":"Veikals","item":"https:\/\/morsobaltic.com\/parduotuve\/"},{"@type":"ListItem","position":3,"name":"MORS\u00d8 TUSCAN PLANCHA"}]},{"@type":"WebSite","@id":"https:\/\/morsobaltic.com\/lv\/#website","url":"https:\/\/morsobaltic.com\/lv\/","name":"MORSO Baltic","description":"","alternateName":"MORSOBALTIC","potentialAction":[{"@type":"SearchAction","target":{"@type":"EntryPoint","urlTemplate":"https:\/\/morsobaltic.com\/lv\/?s={search_term_string}"},"query-input":{"@type":"PropertyValueSpecification","valueRequired":true,"valueName":"search_term_string"}}],"inLanguage":"lv-LV"}]}},"_links":{"self":[{"href":"https:\/\/morsobaltic.com\/lv\/wp-json\/wp\/v2\/product\/3790","targetHints":{"allow":["GET"]}}],"collection":[{"href":"https:\/\/morsobaltic.com\/lv\/wp-json\/wp\/v2\/product"}],"about":[{"href":"https:\/\/morsobaltic.com\/lv\/wp-json\/wp\/v2\/types\/product"}],"replies":[{"embeddable":true,"href":"https:\/\/morsobaltic.com\/lv\/wp-json\/wp\/v2\/comments?post=3790"}],"wp:featuredmedia":[{"embeddable":true,"href":"https:\/\/morsobaltic.com\/lv\/wp-json\/wp\/v2\/media\/2471"}],"wp:attachment":[{"href":"https:\/\/morsobaltic.com\/lv\/wp-json\/wp\/v2\/media?parent=3790"}],"wp:term":[{"taxonomy":"product_brand","embeddable":true,"href":"https:\/\/morsobaltic.com\/lv\/wp-json\/wp\/v2\/product_brand?post=3790"},{"taxonomy":"product_cat","embeddable":true,"href":"https:\/\/morsobaltic.com\/lv\/wp-json\/wp\/v2\/product_cat?post=3790"},{"taxonomy":"product_tag","embeddable":true,"href":"https:\/\/morsobaltic.com\/lv\/wp-json\/wp\/v2\/product_tag?post=3790"}],"curies":[{"name":"wp","href":"https:\/\/api.w.org\/{rel}","templated":true}]}}