{"id":3806,"date":"2024-02-14T14:26:17","date_gmt":"2024-02-14T14:26:17","guid":{"rendered":"https:\/\/morsobaltic.com\/produktas\/morso-forno-terra-ara-galds\/"},"modified":"2026-03-19T16:53:41","modified_gmt":"2026-03-19T16:53:41","slug":"morso-forno-terra-ara-galds","status":"publish","type":"product","link":"https:\/\/morsobaltic.com\/lv\/produktas\/morso-forno-terra-ara-galds\/","title":{"rendered":"MORS\u00d8 TERRA GALDS"},"content":{"rendered":"<h4>Mors\u00f8 Terra \u0101ra galds \u2013 univers\u0101ls risin\u0101jums j\u016bsu telpai<\/h4>\n<p>Mors\u00f8 Terra \u0101ra galds ir kvadr\u0101tveida formas m\u0113bele. Tas izce\u013cas ar izcilu univers\u0101lumu un skandin\u0101vu kvalit\u0101ti. \u0160is galds lieliski iederas gan pla\u0161\u0101 \u0101ra virtuv\u0113, gan neliel\u0101 balkon\u0101. T\u0101 kompaktais dizains \u013cauj maksim\u0101li izmantot pieejamo \u0101ra plat\u012bbu. Mors\u00f8 Terra ir ide\u0101ls pamats j\u016bsu Forno kr\u0101snij. T\u0101pat tas var kalpot papildu serv\u0113\u0161anas un gatavo\u0161anas darbiem. Gatavot malt\u012btes uz \u0161\u012bs virsmas ir \u013coti \u0113rti un pat\u012bkami. T\u0101 ir stabila un uzticama m\u0113bele katrai terasei vai pagalmam. Meln\u0101 kr\u0101sa pie\u0161\u0137ir tam modernu un greznu izskatu. Galds ir rad\u012bts, lai iztur\u0113tu intens\u012bvu lieto\u0161anu \u0101ra apst\u0101k\u013cos. J\u016bsu \u0101ra gatavo\u0161anas zona k\u013c\u016bs daudz sak\u0101rtot\u0101ka un t\u012br\u0101ka.<\/p>\n<h5>Augstas kvalit\u0101tes materi\u0101li un unik\u0101la tekst\u016bra<\/h5>\n<p>\u0160is \u0101ra galds ir izgatavots no pulverkr\u0101sota t\u0113rauda. Tiek izmantots \u012bpa\u0161s cinkots t\u0113rauds, kas ir iztur\u012bgs pret mitrumu. Virsmas tekst\u016bra ir izstr\u0101d\u0101ta nedaudz raupja. Tas ir dar\u012bts, lai galds saskan\u0113tu ar \u010duguna kr\u0101\u0161\u0146u paz\u012bstamo virsmu. \u0160\u0101da kombin\u0101cija rada vienotu un \u013coti stil\u012bgu kopt\u0113lu. Ner\u016bs\u0113jo\u0161\u0101 t\u0113rauda deta\u013cas garant\u0113 izstr\u0101d\u0101juma ilgm\u016b\u017e\u012bbu. Galds sver 40 kg, t\u0101p\u0113c tas st\u0101v stingri un stabili. Tas nekustas sast\u0101vda\u013cu grie\u0161anas vai m\u012bklas m\u012bc\u012b\u0161anas laik\u0101. Cinkotais sl\u0101nis uzticami sarg\u0101 met\u0101lu no korozijas. Tas ir ilgm\u016b\u017e\u012bgs ieguld\u012bjums j\u016bsu atp\u016btas zon\u0101. Katra deta\u013ca \u0161eit ir p\u0101rdom\u0101ta l\u012bdz pat smalkumiem.<\/p>\n<h5>Mobilit\u0101te un praktiski piederumi grila meistaram<\/h5>\n<p>Mors\u00f8 Terra \u0101ra galds ir apr\u012bkots ar maziem, bet \u013coti iztur\u012bgiem rite\u0146iem. Tie \u013cauj viegli p\u0101rvietot galdu uz citu vietu p\u0113c vajadz\u012bbas. Jums tikai viegli j\u0101pavelk aiz s\u0101nos uzst\u0101d\u012btaj\u0101m ner\u016bs\u0113jo\u0161\u0101 t\u0113rauda marg\u0101m. Margas ir paredz\u0113tas \u0113rtai un ergonomiskai galda vad\u012bbai. \u0160\u012b mobilit\u0101te ir liela priek\u0161roc\u012bba, ja teras\u0113 main\u0101s v\u0113ja virziens. Uz marg\u0101m atrad\u012bsiet se\u0161us integr\u0113tus \u0101\u0137us piederumiem. Katr\u0101 galda pus\u0113 ir uzst\u0101d\u012bti tr\u012bs \u0101\u0137i darbar\u012bkiem. Uz tiem varat \u0113rti pakarin\u0101t visus savus gril\u0113\u0161anas r\u012bkus. Tur lieliski noder\u0113s knaibles, birstes un virtuves dvie\u013ci. Viss nepiecie\u0161amais gatavo\u0161anai b\u016bs t\u016bl\u012bt sasniedzams. Sak\u0101rtota darba vieta pal\u012bdz sasniegt izcil\u0101kus rezult\u0101tus. J\u016bsu viesi b\u016bs p\u0101rsteigti par j\u016bsu profesionalit\u0101ti.<\/p>\n<h5>Kop\u0161ana un lieto\u0161ana da\u017e\u0101dos apst\u0101k\u013cos<\/h5>\n<p>\u0160\u012b galda kop\u0161ana neprasa nek\u0101das speci\u0101las zin\u0101\u0161anas vai p\u016bles. Pietiek p\u0113c lieto\u0161anas noslauc\u012bt virsmu ar mitru dr\u0101nu. Pulverkr\u0101sojums sarg\u0101 no skr\u0101p\u0113jumiem un kr\u0101sas izbal\u0113\u0161anas. Galds labi iztur gan tie\u0161us saules starus, gan lietu. Ziemas period\u0101 iesak\u0101m izmantot ori\u0123in\u0101lo Mors\u00f8 p\u0101rvalku. Tas pal\u012bdz\u0113s saglab\u0101t nevainojamu izskatu daudzus gadus. \u0160\u012b m\u0113bele apvieno est\u0113tiku ar t\u012bru funkcionalit\u0101ti. Mors\u00f8 Terra galds main\u012bs j\u016bsu priek\u0161statu par gatavo\u0161anu \u0101r\u0101. Tas ir uzticams partneris visiem j\u016bsu kulin\u0101rajiem eksperimentiem. Baudiet kvalitat\u012bvu laiku svaig\u0101 gais\u0101 kop\u0101 ar Mors\u00f8. J\u016bsu grills ir peln\u012bjis tik stabilu un stil\u012bgu pamatu.<\/p>\n","protected":false},"excerpt":{"rendered":"<p>Tips: Kompakts mobilais \u0101ra virtuves galds<br \/>\nMateri\u0101ls: Pulverkr\u0101sots cinkots t\u0113rauds, ner\u016bs\u0113jo\u0161ais t\u0113rauds<br \/>\nIzm\u0113ri: 60 cm \u00d7 60 cm \u00d7 80 cm<br \/>\nSvars: 40 kg<br \/>\nIesp\u0113jas: 6 \u0101\u0137i darbar\u012bkiem, iztur\u012bgi rite\u0146i<\/p>\n","protected":false},"featured_media":2450,"comment_status":"closed","ping_status":"closed","template":"","meta":[],"product_brand":[],"product_cat":[89],"product_tag":[],"class_list":{"0":"post-3806","1":"product","2":"type-product","3":"status-publish","4":"has-post-thumbnail","6":"product_cat-ara-virtuve","8":"first","9":"instock","10":"taxable","11":"shipping-taxable","12":"purchasable","13":"product-type-simple"},"yoast_head":"<!-- This site is optimized with the Yoast SEO plugin v27.3 - https:\/\/yoast.com\/product\/yoast-seo-wordpress\/ -->\n<title>\u0100ra galds Mors\u00f8 Terra \u2013 kompakts un mobilais<\/title>\n<meta name=\"description\" content=\"\u0160is \u0101ra galds Mors\u00f8 Terra ir ide\u0101ls pamats Forno kr\u0101snij. Izgatavots no cinkota t\u0113rauda, komplekt\u0101 6 \u0101\u0137i piederumiem. Izm\u0113ri: 60x60x80 cm.\" \/>\n<meta name=\"robots\" content=\"index, follow, max-snippet:-1, max-image-preview:large, max-video-preview:-1\" \/>\n<link rel=\"canonical\" href=\"https:\/\/morsobaltic.com\/lv\/produktas\/morso-forno-terra-ara-galds\/\" \/>\n<meta property=\"og:locale\" content=\"lv_LV\" \/>\n<meta property=\"og:type\" content=\"article\" \/>\n<meta property=\"og:title\" content=\"\u0100ra galds Mors\u00f8 Terra \u2013 kompakts un mobilais\" \/>\n<meta property=\"og:description\" content=\"\u0160is \u0101ra galds Mors\u00f8 Terra ir ide\u0101ls pamats Forno kr\u0101snij. Izgatavots no cinkota t\u0113rauda, komplekt\u0101 6 \u0101\u0137i piederumiem. Izm\u0113ri: 60x60x80 cm.\" \/>\n<meta property=\"og:url\" content=\"https:\/\/morsobaltic.com\/lv\/produktas\/morso-forno-terra-ara-galds\/\" \/>\n<meta property=\"og:site_name\" content=\"MORSO Baltic\" \/>\n<meta property=\"article:modified_time\" content=\"2026-03-19T16:53:41+00:00\" \/>\n<meta property=\"og:image\" content=\"https:\/\/morsobaltic.com\/wp-content\/uploads\/2024\/02\/lille-udebord-uden-forno_562955304.jpeg\" \/>\n\t<meta property=\"og:image:width\" content=\"600\" \/>\n\t<meta property=\"og:image:height\" content=\"600\" \/>\n\t<meta property=\"og:image:type\" content=\"image\/jpeg\" \/>\n<meta name=\"twitter:card\" content=\"summary_large_image\" \/>\n<meta name=\"twitter:label1\" content=\"Est. reading time\" \/>\n\t<meta name=\"twitter:data1\" content=\"1 minute\" \/>\n<script type=\"application\/ld+json\" class=\"yoast-schema-graph\">{\"@context\":\"https:\\\/\\\/schema.org\",\"@graph\":[{\"@type\":\"WebPage\",\"@id\":\"https:\\\/\\\/morsobaltic.com\\\/lv\\\/produktas\\\/morso-forno-terra-ara-galds\\\/\",\"url\":\"https:\\\/\\\/morsobaltic.com\\\/lv\\\/produktas\\\/morso-forno-terra-ara-galds\\\/\",\"name\":\"\u0100ra galds Mors\u00f8 Terra \u2013 kompakts un mobilais\",\"isPartOf\":{\"@id\":\"https:\\\/\\\/morsobaltic.com\\\/lv\\\/#website\"},\"primaryImageOfPage\":{\"@id\":\"https:\\\/\\\/morsobaltic.com\\\/lv\\\/produktas\\\/morso-forno-terra-ara-galds\\\/#primaryimage\"},\"image\":{\"@id\":\"https:\\\/\\\/morsobaltic.com\\\/lv\\\/produktas\\\/morso-forno-terra-ara-galds\\\/#primaryimage\"},\"thumbnailUrl\":\"https:\\\/\\\/morsobaltic.com\\\/wp-content\\\/uploads\\\/2024\\\/02\\\/lille-udebord-uden-forno_562955304.jpeg\",\"datePublished\":\"2024-02-14T14:26:17+00:00\",\"dateModified\":\"2026-03-19T16:53:41+00:00\",\"description\":\"\u0160is \u0101ra galds Mors\u00f8 Terra ir ide\u0101ls pamats Forno kr\u0101snij. Izgatavots no cinkota t\u0113rauda, komplekt\u0101 6 \u0101\u0137i piederumiem. Izm\u0113ri: 60x60x80 cm.\",\"breadcrumb\":{\"@id\":\"https:\\\/\\\/morsobaltic.com\\\/lv\\\/produktas\\\/morso-forno-terra-ara-galds\\\/#breadcrumb\"},\"inLanguage\":\"lv-LV\",\"potentialAction\":[{\"@type\":\"ReadAction\",\"target\":[\"https:\\\/\\\/morsobaltic.com\\\/lv\\\/produktas\\\/morso-forno-terra-ara-galds\\\/\"]}]},{\"@type\":\"ImageObject\",\"inLanguage\":\"lv-LV\",\"@id\":\"https:\\\/\\\/morsobaltic.com\\\/lv\\\/produktas\\\/morso-forno-terra-ara-galds\\\/#primaryimage\",\"url\":\"https:\\\/\\\/morsobaltic.com\\\/wp-content\\\/uploads\\\/2024\\\/02\\\/lille-udebord-uden-forno_562955304.jpeg\",\"contentUrl\":\"https:\\\/\\\/morsobaltic.com\\\/wp-content\\\/uploads\\\/2024\\\/02\\\/lille-udebord-uden-forno_562955304.jpeg\",\"width\":600,\"height\":600},{\"@type\":\"BreadcrumbList\",\"@id\":\"https:\\\/\\\/morsobaltic.com\\\/lv\\\/produktas\\\/morso-forno-terra-ara-galds\\\/#breadcrumb\",\"itemListElement\":[{\"@type\":\"ListItem\",\"position\":1,\"name\":\"Home\",\"item\":\"https:\\\/\\\/morsobaltic.com\\\/lv\\\/\"},{\"@type\":\"ListItem\",\"position\":2,\"name\":\"Veikals\",\"item\":\"https:\\\/\\\/morsobaltic.com\\\/parduotuve\\\/\"},{\"@type\":\"ListItem\",\"position\":3,\"name\":\"MORS\u00d8 TERRA GALDS\"}]},{\"@type\":\"WebSite\",\"@id\":\"https:\\\/\\\/morsobaltic.com\\\/lv\\\/#website\",\"url\":\"https:\\\/\\\/morsobaltic.com\\\/lv\\\/\",\"name\":\"MORSO Baltic\",\"description\":\"\",\"alternateName\":\"MORSOBALTIC\",\"potentialAction\":[{\"@type\":\"SearchAction\",\"target\":{\"@type\":\"EntryPoint\",\"urlTemplate\":\"https:\\\/\\\/morsobaltic.com\\\/lv\\\/?s={search_term_string}\"},\"query-input\":{\"@type\":\"PropertyValueSpecification\",\"valueRequired\":true,\"valueName\":\"search_term_string\"}}],\"inLanguage\":\"lv-LV\"}]}<\/script>\n<!-- \/ Yoast SEO plugin. -->","yoast_head_json":{"title":"\u0100ra galds Mors\u00f8 Terra \u2013 kompakts un mobilais","description":"\u0160is \u0101ra galds Mors\u00f8 Terra ir ide\u0101ls pamats Forno kr\u0101snij. Izgatavots no cinkota t\u0113rauda, komplekt\u0101 6 \u0101\u0137i piederumiem. Izm\u0113ri: 60x60x80 cm.","robots":{"index":"index","follow":"follow","max-snippet":"max-snippet:-1","max-image-preview":"max-image-preview:large","max-video-preview":"max-video-preview:-1"},"canonical":"https:\/\/morsobaltic.com\/lv\/produktas\/morso-forno-terra-ara-galds\/","og_locale":"lv_LV","og_type":"article","og_title":"\u0100ra galds Mors\u00f8 Terra \u2013 kompakts un mobilais","og_description":"\u0160is \u0101ra galds Mors\u00f8 Terra ir ide\u0101ls pamats Forno kr\u0101snij. Izgatavots no cinkota t\u0113rauda, komplekt\u0101 6 \u0101\u0137i piederumiem. Izm\u0113ri: 60x60x80 cm.","og_url":"https:\/\/morsobaltic.com\/lv\/produktas\/morso-forno-terra-ara-galds\/","og_site_name":"MORSO Baltic","article_modified_time":"2026-03-19T16:53:41+00:00","og_image":[{"width":600,"height":600,"url":"https:\/\/morsobaltic.com\/wp-content\/uploads\/2024\/02\/lille-udebord-uden-forno_562955304.jpeg","type":"image\/jpeg"}],"twitter_card":"summary_large_image","twitter_misc":{"Est. reading time":"1 minute"},"schema":{"@context":"https:\/\/schema.org","@graph":[{"@type":"WebPage","@id":"https:\/\/morsobaltic.com\/lv\/produktas\/morso-forno-terra-ara-galds\/","url":"https:\/\/morsobaltic.com\/lv\/produktas\/morso-forno-terra-ara-galds\/","name":"\u0100ra galds Mors\u00f8 Terra \u2013 kompakts un mobilais","isPartOf":{"@id":"https:\/\/morsobaltic.com\/lv\/#website"},"primaryImageOfPage":{"@id":"https:\/\/morsobaltic.com\/lv\/produktas\/morso-forno-terra-ara-galds\/#primaryimage"},"image":{"@id":"https:\/\/morsobaltic.com\/lv\/produktas\/morso-forno-terra-ara-galds\/#primaryimage"},"thumbnailUrl":"https:\/\/morsobaltic.com\/wp-content\/uploads\/2024\/02\/lille-udebord-uden-forno_562955304.jpeg","datePublished":"2024-02-14T14:26:17+00:00","dateModified":"2026-03-19T16:53:41+00:00","description":"\u0160is \u0101ra galds Mors\u00f8 Terra ir ide\u0101ls pamats Forno kr\u0101snij. Izgatavots no cinkota t\u0113rauda, komplekt\u0101 6 \u0101\u0137i piederumiem. Izm\u0113ri: 60x60x80 cm.","breadcrumb":{"@id":"https:\/\/morsobaltic.com\/lv\/produktas\/morso-forno-terra-ara-galds\/#breadcrumb"},"inLanguage":"lv-LV","potentialAction":[{"@type":"ReadAction","target":["https:\/\/morsobaltic.com\/lv\/produktas\/morso-forno-terra-ara-galds\/"]}]},{"@type":"ImageObject","inLanguage":"lv-LV","@id":"https:\/\/morsobaltic.com\/lv\/produktas\/morso-forno-terra-ara-galds\/#primaryimage","url":"https:\/\/morsobaltic.com\/wp-content\/uploads\/2024\/02\/lille-udebord-uden-forno_562955304.jpeg","contentUrl":"https:\/\/morsobaltic.com\/wp-content\/uploads\/2024\/02\/lille-udebord-uden-forno_562955304.jpeg","width":600,"height":600},{"@type":"BreadcrumbList","@id":"https:\/\/morsobaltic.com\/lv\/produktas\/morso-forno-terra-ara-galds\/#breadcrumb","itemListElement":[{"@type":"ListItem","position":1,"name":"Home","item":"https:\/\/morsobaltic.com\/lv\/"},{"@type":"ListItem","position":2,"name":"Veikals","item":"https:\/\/morsobaltic.com\/parduotuve\/"},{"@type":"ListItem","position":3,"name":"MORS\u00d8 TERRA GALDS"}]},{"@type":"WebSite","@id":"https:\/\/morsobaltic.com\/lv\/#website","url":"https:\/\/morsobaltic.com\/lv\/","name":"MORSO Baltic","description":"","alternateName":"MORSOBALTIC","potentialAction":[{"@type":"SearchAction","target":{"@type":"EntryPoint","urlTemplate":"https:\/\/morsobaltic.com\/lv\/?s={search_term_string}"},"query-input":{"@type":"PropertyValueSpecification","valueRequired":true,"valueName":"search_term_string"}}],"inLanguage":"lv-LV"}]}},"_links":{"self":[{"href":"https:\/\/morsobaltic.com\/lv\/wp-json\/wp\/v2\/product\/3806","targetHints":{"allow":["GET"]}}],"collection":[{"href":"https:\/\/morsobaltic.com\/lv\/wp-json\/wp\/v2\/product"}],"about":[{"href":"https:\/\/morsobaltic.com\/lv\/wp-json\/wp\/v2\/types\/product"}],"replies":[{"embeddable":true,"href":"https:\/\/morsobaltic.com\/lv\/wp-json\/wp\/v2\/comments?post=3806"}],"wp:featuredmedia":[{"embeddable":true,"href":"https:\/\/morsobaltic.com\/lv\/wp-json\/wp\/v2\/media\/2450"}],"wp:attachment":[{"href":"https:\/\/morsobaltic.com\/lv\/wp-json\/wp\/v2\/media?parent=3806"}],"wp:term":[{"taxonomy":"product_brand","embeddable":true,"href":"https:\/\/morsobaltic.com\/lv\/wp-json\/wp\/v2\/product_brand?post=3806"},{"taxonomy":"product_cat","embeddable":true,"href":"https:\/\/morsobaltic.com\/lv\/wp-json\/wp\/v2\/product_cat?post=3806"},{"taxonomy":"product_tag","embeddable":true,"href":"https:\/\/morsobaltic.com\/lv\/wp-json\/wp\/v2\/product_tag?post=3806"}],"curies":[{"name":"wp","href":"https:\/\/api.w.org\/{rel}","templated":true}]}}