{"id":3814,"date":"2024-02-14T14:26:17","date_gmt":"2024-02-14T14:26:17","guid":{"rendered":"https:\/\/morsobaltic.com\/produktas\/aizsegs-morso-forno-gas-piccolo-terra-table\/"},"modified":"2026-03-18T20:39:58","modified_gmt":"2026-03-18T20:39:58","slug":"aizsegs-morso-forno-gas-piccolo-terra-table","status":"publish","type":"product","link":"https:\/\/morsobaltic.com\/lv\/produktas\/aizsegs-morso-forno-gas-piccolo-terra-table\/","title":{"rendered":"Aizsegs &#8211; MORS\u00d8 FORNO GAS PICCOLO \/ TERRA TABLE"},"content":{"rendered":"<h4>Mors\u00f8 Forno Gas Piccolo p\u0101rvalks \u2013 maksim\u0101la aizsardz\u012bba j\u016bsu grilam<\/h4>\n<p>Mors\u00f8 Forno Gas Piccolo un Terra Table grila p\u0101rvalks ir nepiecie\u0161ams piederums ikvienam, kur\u0161 savu apr\u012bkojumu uzglab\u0101 \u0101rpus telp\u0101m. \u0160is p\u0101rsegs kalpo k\u0101 papildu aizsardz\u012bba pret nelabv\u0113l\u012bgu vides ietekmi, ar ko grili neizb\u0113gami saskaras, atrodoties br\u012bv\u0101 dab\u0101. Lietus, putek\u013ci un main\u012bgi laikapst\u0101k\u013ci var ietekm\u0113t ier\u012bces ilgm\u016b\u017e\u012bbu. Izmantojot \u0161o ori\u0123in\u0101lo Mors\u00f8 p\u0101rvalku, varat b\u016bt dro\u0161i, ka j\u016bsu grils paliks t\u012brs un gatavs lieto\u0161anai jebkur\u0101 laik\u0101. Tas \u013cauj izvair\u012bties no laikietilp\u012bgas t\u012br\u012b\u0161anas pirms katras gatavo\u0161anas reizes. J\u016bsu Mors\u00f8 izstr\u0101d\u0101jumi izskat\u012bsies tie\u0161i t\u0101pat, k\u0101 tos atst\u0101j\u0101t p\u0113d\u0113j\u0101 reiz\u0113.<\/p>\n<p>\u0160is grila p\u0101rvalks ir izgatavots no augstas kvalit\u0101tes, piegulo\u0161a melna poliestera. Materi\u0101ls ir 100% \u016bdensiztur\u012bgs, nodro\u0161inot, ka mitrums nenon\u0101k l\u012bdz met\u0101la virsm\u0101m. Turkl\u0101t audumam ir UV aizsardz\u012bba, kas ne\u013cauj p\u0101rvalkam izbal\u0113t un sarg\u0101 grila virsmu no tie\u0161iem saules stariem. P\u0101rvalka apak\u0161da\u013c\u0101 ir iestr\u0101d\u0101ta iztur\u012bga aukla ar diskr\u0113tu savilc\u0113ju. Tas nodro\u0161ina, ka p\u0101rvalks stingri tur\u0113sies sav\u0101 viet\u0101 pat stipra v\u0113ja laik\u0101. Meln\u0101 kr\u0101sa pie\u0161\u0137ir est\u0113tisku un sakoptu izskatu j\u016bsu terasei vai pagalmam.<\/p>\n<h5>Kop\u0161ana un ilgm\u016b\u017e\u012bba<\/h5>\n<p>Mors\u00f8 p\u0101rvalka kop\u0161ana ir \u013coti vienk\u0101r\u0161a. Lai tas kalpotu ilgi, ieteicams to mazg\u0101t tikai ar rok\u0101m. T\u0101pat virspus\u0113jos net\u012brumus var viegli not\u012br\u012bt ar labi izgrieztu mitru dr\u0101nu. Svar\u012bgi atz\u012bm\u0113t, ka nedr\u012bkst lietot auduma m\u012bkstin\u0101t\u0101jus, jo tie var saboj\u0101t materi\u0101la strukt\u016bru un izbalin\u0101t kr\u0101su. \u0160is ir \u012bpa\u0161i iztur\u012bgs produkts, kas rad\u012bts speci\u0101li Mors\u00f8 Forno Gas Piccolo un Terra Table aizsardz\u012bbai. Invest\u0113jot \u0161aj\u0101 piederum\u0101, j\u016bs pagarin\u0101t sava grila kalpo\u0161anas laiku un saglab\u0101jat t\u0101 lielisko izskatu gadiem ilgi.<\/p>\n","protected":false},"excerpt":{"rendered":"<p>Tips: \u016adens un UV staru iztur\u012bgs aizsargp\u0101rvalks<br \/>\nMateri\u0101ls: 100% poliesters<br \/>\nKr\u0101sa: Melna<br \/>\n\u012apa\u0161\u012bbas: Piegulo\u0161s dizains, iztur\u012bga aukla apak\u0161\u0101<br \/>\nKop\u0161ana: Mazg\u0101\u0161ana ar rok\u0101m vai t\u012br\u012b\u0161ana ar mitru dr\u0101nu<\/p>\n","protected":false},"featured_media":2441,"comment_status":"closed","ping_status":"closed","template":"","meta":[],"product_brand":[],"product_cat":[90],"product_tag":[],"class_list":{"0":"post-3814","1":"product","2":"type-product","3":"status-publish","4":"has-post-thumbnail","6":"product_cat-grila-parsegi","8":"first","9":"instock","10":"taxable","11":"shipping-taxable","12":"purchasable","13":"product-type-simple"},"yoast_head":"<!-- This site is optimized with the Yoast SEO plugin v27.3 - https:\/\/yoast.com\/product\/yoast-seo-wordpress\/ -->\n<title>Grila p\u0101rvalks Mors\u00f8 Forno Gas Piccolo \/ Terra Table<\/title>\n<meta name=\"description\" content=\"\u016adensiztur\u012bgs un UV aizsarg\u0101ts Mors\u00f8 Forno Gas Piccolo p\u0101rvalks. Izgatavots no iztur\u012bga poliestera ar auklu dro\u0161ai aizsardz\u012bbai.\" \/>\n<meta name=\"robots\" content=\"index, follow, max-snippet:-1, max-image-preview:large, max-video-preview:-1\" \/>\n<link rel=\"canonical\" href=\"https:\/\/morsobaltic.com\/lv\/produktas\/aizsegs-morso-forno-gas-piccolo-terra-table\/\" \/>\n<meta property=\"og:locale\" content=\"lv_LV\" \/>\n<meta property=\"og:type\" content=\"article\" \/>\n<meta property=\"og:title\" content=\"Grila p\u0101rvalks Mors\u00f8 Forno Gas Piccolo \/ Terra Table\" \/>\n<meta property=\"og:description\" content=\"\u016adensiztur\u012bgs un UV aizsarg\u0101ts Mors\u00f8 Forno Gas Piccolo p\u0101rvalks. Izgatavots no iztur\u012bga poliestera ar auklu dro\u0161ai aizsardz\u012bbai.\" \/>\n<meta property=\"og:url\" content=\"https:\/\/morsobaltic.com\/lv\/produktas\/aizsegs-morso-forno-gas-piccolo-terra-table\/\" \/>\n<meta property=\"og:site_name\" content=\"MORSO Baltic\" \/>\n<meta property=\"article:modified_time\" content=\"2026-03-18T20:39:58+00:00\" \/>\n<meta property=\"og:image\" content=\"https:\/\/morsobaltic.com\/wp-content\/uploads\/2024\/02\/57907300_morsoe-piccolo-terra-cover.jpeg\" \/>\n\t<meta property=\"og:image:width\" content=\"600\" \/>\n\t<meta property=\"og:image:height\" content=\"600\" \/>\n\t<meta property=\"og:image:type\" content=\"image\/jpeg\" \/>\n<meta name=\"twitter:card\" content=\"summary_large_image\" \/>\n<meta name=\"twitter:label1\" content=\"Est. reading time\" \/>\n\t<meta name=\"twitter:data1\" content=\"1 minute\" \/>\n<script type=\"application\/ld+json\" class=\"yoast-schema-graph\">{\"@context\":\"https:\\\/\\\/schema.org\",\"@graph\":[{\"@type\":\"WebPage\",\"@id\":\"https:\\\/\\\/morsobaltic.com\\\/lv\\\/produktas\\\/aizsegs-morso-forno-gas-piccolo-terra-table\\\/\",\"url\":\"https:\\\/\\\/morsobaltic.com\\\/lv\\\/produktas\\\/aizsegs-morso-forno-gas-piccolo-terra-table\\\/\",\"name\":\"Grila p\u0101rvalks Mors\u00f8 Forno Gas Piccolo \\\/ Terra Table\",\"isPartOf\":{\"@id\":\"https:\\\/\\\/morsobaltic.com\\\/lv\\\/#website\"},\"primaryImageOfPage\":{\"@id\":\"https:\\\/\\\/morsobaltic.com\\\/lv\\\/produktas\\\/aizsegs-morso-forno-gas-piccolo-terra-table\\\/#primaryimage\"},\"image\":{\"@id\":\"https:\\\/\\\/morsobaltic.com\\\/lv\\\/produktas\\\/aizsegs-morso-forno-gas-piccolo-terra-table\\\/#primaryimage\"},\"thumbnailUrl\":\"https:\\\/\\\/morsobaltic.com\\\/wp-content\\\/uploads\\\/2024\\\/02\\\/57907300_morsoe-piccolo-terra-cover.jpeg\",\"datePublished\":\"2024-02-14T14:26:17+00:00\",\"dateModified\":\"2026-03-18T20:39:58+00:00\",\"description\":\"\u016adensiztur\u012bgs un UV aizsarg\u0101ts Mors\u00f8 Forno Gas Piccolo p\u0101rvalks. Izgatavots no iztur\u012bga poliestera ar auklu dro\u0161ai aizsardz\u012bbai.\",\"breadcrumb\":{\"@id\":\"https:\\\/\\\/morsobaltic.com\\\/lv\\\/produktas\\\/aizsegs-morso-forno-gas-piccolo-terra-table\\\/#breadcrumb\"},\"inLanguage\":\"lv-LV\",\"potentialAction\":[{\"@type\":\"ReadAction\",\"target\":[\"https:\\\/\\\/morsobaltic.com\\\/lv\\\/produktas\\\/aizsegs-morso-forno-gas-piccolo-terra-table\\\/\"]}]},{\"@type\":\"ImageObject\",\"inLanguage\":\"lv-LV\",\"@id\":\"https:\\\/\\\/morsobaltic.com\\\/lv\\\/produktas\\\/aizsegs-morso-forno-gas-piccolo-terra-table\\\/#primaryimage\",\"url\":\"https:\\\/\\\/morsobaltic.com\\\/wp-content\\\/uploads\\\/2024\\\/02\\\/57907300_morsoe-piccolo-terra-cover.jpeg\",\"contentUrl\":\"https:\\\/\\\/morsobaltic.com\\\/wp-content\\\/uploads\\\/2024\\\/02\\\/57907300_morsoe-piccolo-terra-cover.jpeg\",\"width\":600,\"height\":600},{\"@type\":\"BreadcrumbList\",\"@id\":\"https:\\\/\\\/morsobaltic.com\\\/lv\\\/produktas\\\/aizsegs-morso-forno-gas-piccolo-terra-table\\\/#breadcrumb\",\"itemListElement\":[{\"@type\":\"ListItem\",\"position\":1,\"name\":\"Home\",\"item\":\"https:\\\/\\\/morsobaltic.com\\\/lv\\\/\"},{\"@type\":\"ListItem\",\"position\":2,\"name\":\"Veikals\",\"item\":\"https:\\\/\\\/morsobaltic.com\\\/parduotuve\\\/\"},{\"@type\":\"ListItem\",\"position\":3,\"name\":\"Aizsegs &#8211; MORS\u00d8 FORNO GAS PICCOLO \\\/ TERRA TABLE\"}]},{\"@type\":\"WebSite\",\"@id\":\"https:\\\/\\\/morsobaltic.com\\\/lv\\\/#website\",\"url\":\"https:\\\/\\\/morsobaltic.com\\\/lv\\\/\",\"name\":\"MORSO Baltic\",\"description\":\"\",\"alternateName\":\"MORSOBALTIC\",\"potentialAction\":[{\"@type\":\"SearchAction\",\"target\":{\"@type\":\"EntryPoint\",\"urlTemplate\":\"https:\\\/\\\/morsobaltic.com\\\/lv\\\/?s={search_term_string}\"},\"query-input\":{\"@type\":\"PropertyValueSpecification\",\"valueRequired\":true,\"valueName\":\"search_term_string\"}}],\"inLanguage\":\"lv-LV\"}]}<\/script>\n<!-- \/ Yoast SEO plugin. -->","yoast_head_json":{"title":"Grila p\u0101rvalks Mors\u00f8 Forno Gas Piccolo \/ Terra Table","description":"\u016adensiztur\u012bgs un UV aizsarg\u0101ts Mors\u00f8 Forno Gas Piccolo p\u0101rvalks. Izgatavots no iztur\u012bga poliestera ar auklu dro\u0161ai aizsardz\u012bbai.","robots":{"index":"index","follow":"follow","max-snippet":"max-snippet:-1","max-image-preview":"max-image-preview:large","max-video-preview":"max-video-preview:-1"},"canonical":"https:\/\/morsobaltic.com\/lv\/produktas\/aizsegs-morso-forno-gas-piccolo-terra-table\/","og_locale":"lv_LV","og_type":"article","og_title":"Grila p\u0101rvalks Mors\u00f8 Forno Gas Piccolo \/ Terra Table","og_description":"\u016adensiztur\u012bgs un UV aizsarg\u0101ts Mors\u00f8 Forno Gas Piccolo p\u0101rvalks. Izgatavots no iztur\u012bga poliestera ar auklu dro\u0161ai aizsardz\u012bbai.","og_url":"https:\/\/morsobaltic.com\/lv\/produktas\/aizsegs-morso-forno-gas-piccolo-terra-table\/","og_site_name":"MORSO Baltic","article_modified_time":"2026-03-18T20:39:58+00:00","og_image":[{"width":600,"height":600,"url":"https:\/\/morsobaltic.com\/wp-content\/uploads\/2024\/02\/57907300_morsoe-piccolo-terra-cover.jpeg","type":"image\/jpeg"}],"twitter_card":"summary_large_image","twitter_misc":{"Est. reading time":"1 minute"},"schema":{"@context":"https:\/\/schema.org","@graph":[{"@type":"WebPage","@id":"https:\/\/morsobaltic.com\/lv\/produktas\/aizsegs-morso-forno-gas-piccolo-terra-table\/","url":"https:\/\/morsobaltic.com\/lv\/produktas\/aizsegs-morso-forno-gas-piccolo-terra-table\/","name":"Grila p\u0101rvalks Mors\u00f8 Forno Gas Piccolo \/ Terra Table","isPartOf":{"@id":"https:\/\/morsobaltic.com\/lv\/#website"},"primaryImageOfPage":{"@id":"https:\/\/morsobaltic.com\/lv\/produktas\/aizsegs-morso-forno-gas-piccolo-terra-table\/#primaryimage"},"image":{"@id":"https:\/\/morsobaltic.com\/lv\/produktas\/aizsegs-morso-forno-gas-piccolo-terra-table\/#primaryimage"},"thumbnailUrl":"https:\/\/morsobaltic.com\/wp-content\/uploads\/2024\/02\/57907300_morsoe-piccolo-terra-cover.jpeg","datePublished":"2024-02-14T14:26:17+00:00","dateModified":"2026-03-18T20:39:58+00:00","description":"\u016adensiztur\u012bgs un UV aizsarg\u0101ts Mors\u00f8 Forno Gas Piccolo p\u0101rvalks. Izgatavots no iztur\u012bga poliestera ar auklu dro\u0161ai aizsardz\u012bbai.","breadcrumb":{"@id":"https:\/\/morsobaltic.com\/lv\/produktas\/aizsegs-morso-forno-gas-piccolo-terra-table\/#breadcrumb"},"inLanguage":"lv-LV","potentialAction":[{"@type":"ReadAction","target":["https:\/\/morsobaltic.com\/lv\/produktas\/aizsegs-morso-forno-gas-piccolo-terra-table\/"]}]},{"@type":"ImageObject","inLanguage":"lv-LV","@id":"https:\/\/morsobaltic.com\/lv\/produktas\/aizsegs-morso-forno-gas-piccolo-terra-table\/#primaryimage","url":"https:\/\/morsobaltic.com\/wp-content\/uploads\/2024\/02\/57907300_morsoe-piccolo-terra-cover.jpeg","contentUrl":"https:\/\/morsobaltic.com\/wp-content\/uploads\/2024\/02\/57907300_morsoe-piccolo-terra-cover.jpeg","width":600,"height":600},{"@type":"BreadcrumbList","@id":"https:\/\/morsobaltic.com\/lv\/produktas\/aizsegs-morso-forno-gas-piccolo-terra-table\/#breadcrumb","itemListElement":[{"@type":"ListItem","position":1,"name":"Home","item":"https:\/\/morsobaltic.com\/lv\/"},{"@type":"ListItem","position":2,"name":"Veikals","item":"https:\/\/morsobaltic.com\/parduotuve\/"},{"@type":"ListItem","position":3,"name":"Aizsegs &#8211; MORS\u00d8 FORNO GAS PICCOLO \/ TERRA TABLE"}]},{"@type":"WebSite","@id":"https:\/\/morsobaltic.com\/lv\/#website","url":"https:\/\/morsobaltic.com\/lv\/","name":"MORSO Baltic","description":"","alternateName":"MORSOBALTIC","potentialAction":[{"@type":"SearchAction","target":{"@type":"EntryPoint","urlTemplate":"https:\/\/morsobaltic.com\/lv\/?s={search_term_string}"},"query-input":{"@type":"PropertyValueSpecification","valueRequired":true,"valueName":"search_term_string"}}],"inLanguage":"lv-LV"}]}},"_links":{"self":[{"href":"https:\/\/morsobaltic.com\/lv\/wp-json\/wp\/v2\/product\/3814","targetHints":{"allow":["GET"]}}],"collection":[{"href":"https:\/\/morsobaltic.com\/lv\/wp-json\/wp\/v2\/product"}],"about":[{"href":"https:\/\/morsobaltic.com\/lv\/wp-json\/wp\/v2\/types\/product"}],"replies":[{"embeddable":true,"href":"https:\/\/morsobaltic.com\/lv\/wp-json\/wp\/v2\/comments?post=3814"}],"wp:featuredmedia":[{"embeddable":true,"href":"https:\/\/morsobaltic.com\/lv\/wp-json\/wp\/v2\/media\/2441"}],"wp:attachment":[{"href":"https:\/\/morsobaltic.com\/lv\/wp-json\/wp\/v2\/media?parent=3814"}],"wp:term":[{"taxonomy":"product_brand","embeddable":true,"href":"https:\/\/morsobaltic.com\/lv\/wp-json\/wp\/v2\/product_brand?post=3814"},{"taxonomy":"product_cat","embeddable":true,"href":"https:\/\/morsobaltic.com\/lv\/wp-json\/wp\/v2\/product_cat?post=3814"},{"taxonomy":"product_tag","embeddable":true,"href":"https:\/\/morsobaltic.com\/lv\/wp-json\/wp\/v2\/product_tag?post=3814"}],"curies":[{"name":"wp","href":"https:\/\/api.w.org\/{rel}","templated":true}]}}