{"id":3817,"date":"2024-02-14T14:26:17","date_gmt":"2024-02-14T14:26:17","guid":{"rendered":"https:\/\/morsobaltic.com\/produktas\/apmetnis-morso-jiko\/"},"modified":"2026-03-18T20:44:09","modified_gmt":"2026-03-18T20:44:09","slug":"apmetnis-morso-jiko","status":"publish","type":"product","link":"https:\/\/morsobaltic.com\/lv\/produktas\/apmetnis-morso-jiko\/","title":{"rendered":"Apmetnis &#8211; MORS\u00d8 JIKO"},"content":{"rendered":"<h4>Mors\u00f8 Jiko p\u0101rvalks \u2013 uzticama aizsardz\u012bba j\u016bsu \u0101ra grilam<\/h4>\n<p>Mors\u00f8 Jiko p\u0101rvalks sniedz lielisku papildu aizsardz\u012bbu, kad j\u016bsu Jiko grils tiek uzglab\u0101ts \u0101rpus telp\u0101m. \u0160is grila p\u0101rvalks ir \u012bpa\u0161i izstr\u0101d\u0101ts, lai pasarg\u0101tu ier\u012bci no nelabv\u0113l\u012bgas vides ietekmes. Br\u012bv\u0101 dab\u0101 uzglab\u0101tas lietas neizb\u0113gami saskaras ar putek\u013ciem, lietu un tie\u0161iem saules stariem. Izmantojot \u0161o ori\u0123in\u0101lo Mors\u00f8 p\u0101rvalku, varat b\u016bt dro\u0161i, ka grils paliks t\u012brs un gatavs lieto\u0161anai jebkur\u0101 laik\u0101. Tas ietaupa j\u016bsu laiku, jo nav nepiecie\u0161ama iepriek\u0161\u0113ja t\u012br\u012b\u0161ana katru reizi, kad v\u0113laties iekurt uguni. J\u016bsu grils izskat\u012bsies tie\u0161i t\u0101pat, k\u0101 to atst\u0101j\u0101t p\u0113d\u0113j\u0101 lieto\u0161anas reiz\u0113.<\/p>\n<p>\u0160is grila p\u0101rvalks ir izgatavots no augstas kvalit\u0101tes, piegulo\u0161a melna poliestera. Materi\u0101ls ir 100% \u016bdensiztur\u012bgs, nodro\u0161inot, ka mitrums neiek\u013c\u016bst iek\u0161pus\u0113 pat stipra lietus laik\u0101. Turkl\u0101t audumam ir UV aizsardz\u012bba, kas ne\u013cauj p\u0101rvalkam \u0101tri izbal\u0113t saul\u0113 un pasarg\u0101 grila korpusu. P\u0101rvalka apak\u0161da\u013c\u0101 ir iestr\u0101d\u0101ta iztur\u012bga aukla. T\u0101 \u013cauj stingri nofiks\u0113t p\u0101rsegu, lai tas nenolidotu stipra v\u0113ja laik\u0101. Meln\u0101 kr\u0101sa pie\u0161\u0137ir est\u0113tisku un sakoptu izskatu j\u016bsu \u0101ra telpai, terasei vai pagalmam.<\/p>\n<h5>Kop\u0161ana un ilgm\u016b\u017e\u012bba<\/h5>\n<p>Mors\u00f8 Jiko p\u0101rvalka kop\u0161ana ir \u013coti vienk\u0101r\u0161a un neprasa \u012bpa\u0161us l\u012bdzek\u013cus. Lai tas kalpotu ilgi un nezaud\u0113tu savas aizsarg\u0101jo\u0161\u0101s \u012bpa\u0161\u012bbas, ieteicams to mazg\u0101t tikai ar rok\u0101m. Virspus\u0113jos net\u012brumus var viegli not\u012br\u012bt ar\u012b ar parastu mitru dr\u0101nu. Svar\u012bgi atz\u012bm\u0113t, ka nedr\u012bkst lietot ve\u013cas m\u012bkstin\u0101t\u0101jus, jo tie var saboj\u0101t poliestera strukt\u016bru un izbalin\u0101t kr\u0101su. \u0160is ir \u012bpa\u0161i iztur\u012bgs produkts, kas izgatavotas no 100% poliestera. Invest\u0113jot \u0161aj\u0101 piederum\u0101, j\u016bs pagarin\u0101t grila kalpo\u0161anas laiku un saglab\u0101jat t\u0101 lielisko izskatu daudzus gadus.<\/p>\n","protected":false},"excerpt":{"rendered":"<p>Tips: Aizsargp\u0101rvalks \u0101ra grilam<br \/>\nMateri\u0101ls: 100% poliesters (\u016bdens un UV iztur\u012bgs)<br \/>\nKr\u0101sa: Melna<br \/>\n\u012apa\u0161\u012bbas: Piegulo\u0161s dizains, iztur\u012bga aukla stiprin\u0101\u0161anai<br \/>\nKop\u0161ana: Mazg\u0101\u0161ana ar rok\u0101m vai t\u012br\u012b\u0161ana ar mitru dr\u0101nu<\/p>\n","protected":false},"featured_media":2390,"comment_status":"closed","ping_status":"closed","template":"","meta":[],"product_brand":[],"product_cat":[90],"product_tag":[],"class_list":{"0":"post-3817","1":"product","2":"type-product","3":"status-publish","4":"has-post-thumbnail","6":"product_cat-grila-parsegi","8":"first","9":"instock","10":"taxable","11":"shipping-taxable","12":"purchasable","13":"product-type-simple"},"yoast_head":"<!-- This site is optimized with the Yoast SEO plugin v27.3 - https:\/\/yoast.com\/product\/yoast-seo-wordpress\/ -->\n<title>Grila p\u0101rvalks Mors\u00f8 Jiko \u2013 \u016bdensiztur\u012bga aizsardz\u012bba<\/title>\n<meta name=\"description\" content=\"Iztur\u012bgs Mors\u00f8 Jiko p\u0101rvalks no 100% \u016bdensnecaurlaid\u012bga poliestera. UV iztur\u012bga un piegulo\u0161a aizsardz\u012bba j\u016bsu \u0101ra grilam.\" \/>\n<meta name=\"robots\" content=\"index, follow, max-snippet:-1, max-image-preview:large, max-video-preview:-1\" \/>\n<link rel=\"canonical\" href=\"https:\/\/morsobaltic.com\/lv\/produktas\/apmetnis-morso-jiko\/\" \/>\n<meta property=\"og:locale\" content=\"lv_LV\" \/>\n<meta property=\"og:type\" content=\"article\" \/>\n<meta property=\"og:title\" content=\"Grila p\u0101rvalks Mors\u00f8 Jiko \u2013 \u016bdensiztur\u012bga aizsardz\u012bba\" \/>\n<meta property=\"og:description\" content=\"Iztur\u012bgs Mors\u00f8 Jiko p\u0101rvalks no 100% \u016bdensnecaurlaid\u012bga poliestera. UV iztur\u012bga un piegulo\u0161a aizsardz\u012bba j\u016bsu \u0101ra grilam.\" \/>\n<meta property=\"og:url\" content=\"https:\/\/morsobaltic.com\/lv\/produktas\/apmetnis-morso-jiko\/\" \/>\n<meta property=\"og:site_name\" content=\"MORSO Baltic\" \/>\n<meta property=\"article:modified_time\" content=\"2026-03-18T20:44:09+00:00\" \/>\n<meta property=\"og:image\" content=\"https:\/\/morsobaltic.com\/wp-content\/uploads\/2024\/02\/cover-vulcano-wok-burner-900x900-1.jpeg\" \/>\n\t<meta property=\"og:image:width\" content=\"600\" \/>\n\t<meta property=\"og:image:height\" content=\"600\" \/>\n\t<meta property=\"og:image:type\" content=\"image\/jpeg\" \/>\n<meta name=\"twitter:card\" content=\"summary_large_image\" \/>\n<meta name=\"twitter:label1\" content=\"Est. reading time\" \/>\n\t<meta name=\"twitter:data1\" content=\"1 minute\" \/>\n<script type=\"application\/ld+json\" class=\"yoast-schema-graph\">{\"@context\":\"https:\\\/\\\/schema.org\",\"@graph\":[{\"@type\":\"WebPage\",\"@id\":\"https:\\\/\\\/morsobaltic.com\\\/lv\\\/produktas\\\/apmetnis-morso-jiko\\\/\",\"url\":\"https:\\\/\\\/morsobaltic.com\\\/lv\\\/produktas\\\/apmetnis-morso-jiko\\\/\",\"name\":\"Grila p\u0101rvalks Mors\u00f8 Jiko \u2013 \u016bdensiztur\u012bga aizsardz\u012bba\",\"isPartOf\":{\"@id\":\"https:\\\/\\\/morsobaltic.com\\\/lv\\\/#website\"},\"primaryImageOfPage\":{\"@id\":\"https:\\\/\\\/morsobaltic.com\\\/lv\\\/produktas\\\/apmetnis-morso-jiko\\\/#primaryimage\"},\"image\":{\"@id\":\"https:\\\/\\\/morsobaltic.com\\\/lv\\\/produktas\\\/apmetnis-morso-jiko\\\/#primaryimage\"},\"thumbnailUrl\":\"https:\\\/\\\/morsobaltic.com\\\/wp-content\\\/uploads\\\/2024\\\/02\\\/cover-vulcano-wok-burner-900x900-1.jpeg\",\"datePublished\":\"2024-02-14T14:26:17+00:00\",\"dateModified\":\"2026-03-18T20:44:09+00:00\",\"description\":\"Iztur\u012bgs Mors\u00f8 Jiko p\u0101rvalks no 100% \u016bdensnecaurlaid\u012bga poliestera. UV iztur\u012bga un piegulo\u0161a aizsardz\u012bba j\u016bsu \u0101ra grilam.\",\"breadcrumb\":{\"@id\":\"https:\\\/\\\/morsobaltic.com\\\/lv\\\/produktas\\\/apmetnis-morso-jiko\\\/#breadcrumb\"},\"inLanguage\":\"lv-LV\",\"potentialAction\":[{\"@type\":\"ReadAction\",\"target\":[\"https:\\\/\\\/morsobaltic.com\\\/lv\\\/produktas\\\/apmetnis-morso-jiko\\\/\"]}]},{\"@type\":\"ImageObject\",\"inLanguage\":\"lv-LV\",\"@id\":\"https:\\\/\\\/morsobaltic.com\\\/lv\\\/produktas\\\/apmetnis-morso-jiko\\\/#primaryimage\",\"url\":\"https:\\\/\\\/morsobaltic.com\\\/wp-content\\\/uploads\\\/2024\\\/02\\\/cover-vulcano-wok-burner-900x900-1.jpeg\",\"contentUrl\":\"https:\\\/\\\/morsobaltic.com\\\/wp-content\\\/uploads\\\/2024\\\/02\\\/cover-vulcano-wok-burner-900x900-1.jpeg\",\"width\":600,\"height\":600},{\"@type\":\"BreadcrumbList\",\"@id\":\"https:\\\/\\\/morsobaltic.com\\\/lv\\\/produktas\\\/apmetnis-morso-jiko\\\/#breadcrumb\",\"itemListElement\":[{\"@type\":\"ListItem\",\"position\":1,\"name\":\"Home\",\"item\":\"https:\\\/\\\/morsobaltic.com\\\/lv\\\/\"},{\"@type\":\"ListItem\",\"position\":2,\"name\":\"Veikals\",\"item\":\"https:\\\/\\\/morsobaltic.com\\\/parduotuve\\\/\"},{\"@type\":\"ListItem\",\"position\":3,\"name\":\"Apmetnis &#8211; MORS\u00d8 JIKO\"}]},{\"@type\":\"WebSite\",\"@id\":\"https:\\\/\\\/morsobaltic.com\\\/lv\\\/#website\",\"url\":\"https:\\\/\\\/morsobaltic.com\\\/lv\\\/\",\"name\":\"MORSO Baltic\",\"description\":\"\",\"alternateName\":\"MORSOBALTIC\",\"potentialAction\":[{\"@type\":\"SearchAction\",\"target\":{\"@type\":\"EntryPoint\",\"urlTemplate\":\"https:\\\/\\\/morsobaltic.com\\\/lv\\\/?s={search_term_string}\"},\"query-input\":{\"@type\":\"PropertyValueSpecification\",\"valueRequired\":true,\"valueName\":\"search_term_string\"}}],\"inLanguage\":\"lv-LV\"}]}<\/script>\n<!-- \/ Yoast SEO plugin. -->","yoast_head_json":{"title":"Grila p\u0101rvalks Mors\u00f8 Jiko \u2013 \u016bdensiztur\u012bga aizsardz\u012bba","description":"Iztur\u012bgs Mors\u00f8 Jiko p\u0101rvalks no 100% \u016bdensnecaurlaid\u012bga poliestera. UV iztur\u012bga un piegulo\u0161a aizsardz\u012bba j\u016bsu \u0101ra grilam.","robots":{"index":"index","follow":"follow","max-snippet":"max-snippet:-1","max-image-preview":"max-image-preview:large","max-video-preview":"max-video-preview:-1"},"canonical":"https:\/\/morsobaltic.com\/lv\/produktas\/apmetnis-morso-jiko\/","og_locale":"lv_LV","og_type":"article","og_title":"Grila p\u0101rvalks Mors\u00f8 Jiko \u2013 \u016bdensiztur\u012bga aizsardz\u012bba","og_description":"Iztur\u012bgs Mors\u00f8 Jiko p\u0101rvalks no 100% \u016bdensnecaurlaid\u012bga poliestera. UV iztur\u012bga un piegulo\u0161a aizsardz\u012bba j\u016bsu \u0101ra grilam.","og_url":"https:\/\/morsobaltic.com\/lv\/produktas\/apmetnis-morso-jiko\/","og_site_name":"MORSO Baltic","article_modified_time":"2026-03-18T20:44:09+00:00","og_image":[{"width":600,"height":600,"url":"https:\/\/morsobaltic.com\/wp-content\/uploads\/2024\/02\/cover-vulcano-wok-burner-900x900-1.jpeg","type":"image\/jpeg"}],"twitter_card":"summary_large_image","twitter_misc":{"Est. reading time":"1 minute"},"schema":{"@context":"https:\/\/schema.org","@graph":[{"@type":"WebPage","@id":"https:\/\/morsobaltic.com\/lv\/produktas\/apmetnis-morso-jiko\/","url":"https:\/\/morsobaltic.com\/lv\/produktas\/apmetnis-morso-jiko\/","name":"Grila p\u0101rvalks Mors\u00f8 Jiko \u2013 \u016bdensiztur\u012bga aizsardz\u012bba","isPartOf":{"@id":"https:\/\/morsobaltic.com\/lv\/#website"},"primaryImageOfPage":{"@id":"https:\/\/morsobaltic.com\/lv\/produktas\/apmetnis-morso-jiko\/#primaryimage"},"image":{"@id":"https:\/\/morsobaltic.com\/lv\/produktas\/apmetnis-morso-jiko\/#primaryimage"},"thumbnailUrl":"https:\/\/morsobaltic.com\/wp-content\/uploads\/2024\/02\/cover-vulcano-wok-burner-900x900-1.jpeg","datePublished":"2024-02-14T14:26:17+00:00","dateModified":"2026-03-18T20:44:09+00:00","description":"Iztur\u012bgs Mors\u00f8 Jiko p\u0101rvalks no 100% \u016bdensnecaurlaid\u012bga poliestera. UV iztur\u012bga un piegulo\u0161a aizsardz\u012bba j\u016bsu \u0101ra grilam.","breadcrumb":{"@id":"https:\/\/morsobaltic.com\/lv\/produktas\/apmetnis-morso-jiko\/#breadcrumb"},"inLanguage":"lv-LV","potentialAction":[{"@type":"ReadAction","target":["https:\/\/morsobaltic.com\/lv\/produktas\/apmetnis-morso-jiko\/"]}]},{"@type":"ImageObject","inLanguage":"lv-LV","@id":"https:\/\/morsobaltic.com\/lv\/produktas\/apmetnis-morso-jiko\/#primaryimage","url":"https:\/\/morsobaltic.com\/wp-content\/uploads\/2024\/02\/cover-vulcano-wok-burner-900x900-1.jpeg","contentUrl":"https:\/\/morsobaltic.com\/wp-content\/uploads\/2024\/02\/cover-vulcano-wok-burner-900x900-1.jpeg","width":600,"height":600},{"@type":"BreadcrumbList","@id":"https:\/\/morsobaltic.com\/lv\/produktas\/apmetnis-morso-jiko\/#breadcrumb","itemListElement":[{"@type":"ListItem","position":1,"name":"Home","item":"https:\/\/morsobaltic.com\/lv\/"},{"@type":"ListItem","position":2,"name":"Veikals","item":"https:\/\/morsobaltic.com\/parduotuve\/"},{"@type":"ListItem","position":3,"name":"Apmetnis &#8211; MORS\u00d8 JIKO"}]},{"@type":"WebSite","@id":"https:\/\/morsobaltic.com\/lv\/#website","url":"https:\/\/morsobaltic.com\/lv\/","name":"MORSO Baltic","description":"","alternateName":"MORSOBALTIC","potentialAction":[{"@type":"SearchAction","target":{"@type":"EntryPoint","urlTemplate":"https:\/\/morsobaltic.com\/lv\/?s={search_term_string}"},"query-input":{"@type":"PropertyValueSpecification","valueRequired":true,"valueName":"search_term_string"}}],"inLanguage":"lv-LV"}]}},"_links":{"self":[{"href":"https:\/\/morsobaltic.com\/lv\/wp-json\/wp\/v2\/product\/3817","targetHints":{"allow":["GET"]}}],"collection":[{"href":"https:\/\/morsobaltic.com\/lv\/wp-json\/wp\/v2\/product"}],"about":[{"href":"https:\/\/morsobaltic.com\/lv\/wp-json\/wp\/v2\/types\/product"}],"replies":[{"embeddable":true,"href":"https:\/\/morsobaltic.com\/lv\/wp-json\/wp\/v2\/comments?post=3817"}],"wp:featuredmedia":[{"embeddable":true,"href":"https:\/\/morsobaltic.com\/lv\/wp-json\/wp\/v2\/media\/2390"}],"wp:attachment":[{"href":"https:\/\/morsobaltic.com\/lv\/wp-json\/wp\/v2\/media?parent=3817"}],"wp:term":[{"taxonomy":"product_brand","embeddable":true,"href":"https:\/\/morsobaltic.com\/lv\/wp-json\/wp\/v2\/product_brand?post=3817"},{"taxonomy":"product_cat","embeddable":true,"href":"https:\/\/morsobaltic.com\/lv\/wp-json\/wp\/v2\/product_cat?post=3817"},{"taxonomy":"product_tag","embeddable":true,"href":"https:\/\/morsobaltic.com\/lv\/wp-json\/wp\/v2\/product_tag?post=3817"}],"curies":[{"name":"wp","href":"https:\/\/api.w.org\/{rel}","templated":true}]}}