{"id":3826,"date":"2024-02-14T14:26:16","date_gmt":"2024-02-14T14:26:16","guid":{"rendered":"https:\/\/morsobaltic.com\/produktas\/apmetnis-morso-forno-terra-table\/"},"modified":"2026-03-18T20:47:35","modified_gmt":"2026-03-18T20:47:35","slug":"apmetnis-morso-forno-terra-table","status":"publish","type":"product","link":"https:\/\/morsobaltic.com\/lv\/produktas\/apmetnis-morso-forno-terra-table\/","title":{"rendered":"Apmetnis &#8211; MORS\u00d8 FORNO \/ TERRA TABLE"},"content":{"rendered":"<h4>Mors\u00f8 Forno un Terra Table p\u0101rvalks \u2013 t\u012br\u012bba j\u016bsu \u0101ra virtuv\u0113<\/h4>\n<p>Mors\u00f8 Forno un Terra Table grila p\u0101rvalks ir \u012bpa\u0161i izstr\u0101d\u0101ts, lai nodro\u0161in\u0101tu visaptvero\u0161u aizsardz\u012bbu j\u016bsu \u0101ra gatavo\u0161anas zonai. \u0160is \u012bpa\u0161\u0101 dizaina p\u0101rsegs ir ide\u0101li piem\u0113rots Mors\u00f8 Forno kr\u0101sns vai Forno Gas Grande grila noseg\u0161anai, kad tie ir novietoti uz d\u0101rza galda TERRA. Tas ir \u0101rk\u0101rt\u012bgi praktisks risin\u0101jums, kas pal\u012bdz uztur\u0113t j\u016bsu apr\u012bkojumu nevainojam\u0101 st\u0101vokl\u012b visa gada garum\u0101. Izmantojot \u0161o p\u0101rvalku, j\u016bs atrad\u012bsiet savu grilu tie\u0161i t\u0101du, k\u0101du to atst\u0101j\u0101t p\u0113d\u0113j\u0101 reiz\u0113 \u2013 t\u012bru un gatavu lieto\u0161anai. Jums vairs neb\u016bs j\u0101t\u0113r\u0113 laiks putek\u013cu, lapu vai citu net\u012brumu t\u012br\u012b\u0161anai pirms gatavo\u0161anas uzs\u0101k\u0161anas.<\/p>\n<p>\u0160is grila p\u0101rvalks ir izgatavots no augst\u0101k\u0101s kvalit\u0101tes 100% poliestera. Materi\u0101lam piem\u012bt lieliskas \u016bdensnecaurlaid\u012bgas \u012bpa\u0161\u012bbas, t\u0101d\u0113j\u0101di tas efekt\u012bvi pasarg\u0101 no lietus un mitruma. Turkl\u0101t audums ir UV iztur\u012bgs, kas aizsarg\u0101 gan pa\u0161u p\u0101rvalku pret izbal\u0113\u0161anu, gan zem t\u0101 eso\u0161o apr\u012bkojumu no saules iedarb\u012bbas. P\u0101rvalka apak\u0161da\u013c\u0101 ir iestr\u0101d\u0101ta iztur\u012bga aukla, ar kuru to var dro\u0161i sasiet. Tas nodro\u0161ina, ka p\u0101rsegs paliks sav\u0101 viet\u0101 pat stipr\u0101ka v\u0113ja laik\u0101. Klasiski meln\u0101 kr\u0101sa pie\u0161\u0137ir j\u016bsu \u0101ra terasei est\u0113tisku un sakoptu izskatu.<\/p>\n<h5>Kop\u0161ana un kvalit\u0101te<\/h5>\n<p>Mors\u00f8 p\u0101rvalka kop\u0161ana neprasa lielas p\u016bles. Lai izstr\u0101d\u0101jums kalpotu ilgi, to ieteicams mazg\u0101t tikai ar rok\u0101m. Virspus\u0113jos net\u012brumus var viegli not\u012br\u012bt ar parastu, labi izgrieztu mitru dr\u0101nu. Svar\u012bgi atz\u012bm\u0113t, ka nedr\u012bkst lietot ve\u013cas m\u012bkstin\u0101t\u0101jus, jo tie var saboj\u0101t poliestera strukt\u016bru un izbalin\u0101t materi\u0101lu. \u0160is ir \u012bpa\u0161i iztur\u012bgs un ilgm\u016b\u017e\u012bgs produkts, kas paredz\u0113ts tiem, kuri nov\u0113rt\u0113 kvalit\u0101ti un v\u0113las maksim\u0101li pagarin\u0101t savu Mors\u00f8 \u0101ra izstr\u0101d\u0101jumu kalpo\u0161anas laiku.<\/p>\n","protected":false},"excerpt":{"rendered":"<p>Tips: Aizsargp\u0101rvalks grilam un \u0101ra galdam<br \/>\nSader\u012bba: Mors\u00f8 Forno, Forno Gas Grande, Terra Table<br \/>\nMateri\u0101ls: 100% poliesters (\u016bdens un UV iztur\u012bgs)<br \/>\nKr\u0101sa: Melna<br \/>\nKop\u0161ana: Mazg\u0101\u0161ana ar rok\u0101m vai t\u012br\u012b\u0161ana ar mitru dr\u0101nu<\/p>\n","protected":false},"featured_media":2435,"comment_status":"closed","ping_status":"closed","template":"","meta":[],"product_brand":[],"product_cat":[90],"product_tag":[],"class_list":{"0":"post-3826","1":"product","2":"type-product","3":"status-publish","4":"has-post-thumbnail","6":"product_cat-grila-parsegi","8":"first","9":"instock","10":"taxable","11":"shipping-taxable","12":"purchasable","13":"product-type-simple"},"yoast_head":"<!-- This site is optimized with the Yoast SEO plugin v27.3 - https:\/\/yoast.com\/product\/yoast-seo-wordpress\/ -->\n<title>Grila p\u0101rvalks Mors\u00f8 Forno \/ Terra Table \u2013 piln\u012bga aizsardz\u012bba<\/title>\n<meta name=\"description\" content=\"\u012apa\u0161a dizaina Mors\u00f8 Forno p\u0101rvalks Forno Gas Grande un Terra galdam. \u016adensiztur\u012bgs poliesters un UV aizsardz\u012bba j\u016bsu \u0101ra virtuvei.\" \/>\n<meta name=\"robots\" content=\"index, follow, max-snippet:-1, max-image-preview:large, max-video-preview:-1\" \/>\n<link rel=\"canonical\" href=\"https:\/\/morsobaltic.com\/lv\/produktas\/apmetnis-morso-forno-terra-table\/\" \/>\n<meta property=\"og:locale\" content=\"lv_LV\" \/>\n<meta property=\"og:type\" content=\"article\" \/>\n<meta property=\"og:title\" content=\"Grila p\u0101rvalks Mors\u00f8 Forno \/ Terra Table \u2013 piln\u012bga aizsardz\u012bba\" \/>\n<meta property=\"og:description\" content=\"\u012apa\u0161a dizaina Mors\u00f8 Forno p\u0101rvalks Forno Gas Grande un Terra galdam. \u016adensiztur\u012bgs poliesters un UV aizsardz\u012bba j\u016bsu \u0101ra virtuvei.\" \/>\n<meta property=\"og:url\" content=\"https:\/\/morsobaltic.com\/lv\/produktas\/apmetnis-morso-forno-terra-table\/\" \/>\n<meta property=\"og:site_name\" content=\"MORSO Baltic\" \/>\n<meta property=\"article:modified_time\" content=\"2026-03-18T20:47:35+00:00\" \/>\n<meta property=\"og:image\" content=\"https:\/\/morsobaltic.com\/wp-content\/uploads\/2024\/02\/62994000_morsoe-forno-terra-cover_798935999.jpeg\" \/>\n\t<meta property=\"og:image:width\" content=\"600\" \/>\n\t<meta property=\"og:image:height\" content=\"600\" \/>\n\t<meta property=\"og:image:type\" content=\"image\/jpeg\" \/>\n<meta name=\"twitter:card\" content=\"summary_large_image\" \/>\n<meta name=\"twitter:label1\" content=\"Est. reading time\" \/>\n\t<meta name=\"twitter:data1\" content=\"1 minute\" \/>\n<script type=\"application\/ld+json\" class=\"yoast-schema-graph\">{\"@context\":\"https:\\\/\\\/schema.org\",\"@graph\":[{\"@type\":\"WebPage\",\"@id\":\"https:\\\/\\\/morsobaltic.com\\\/lv\\\/produktas\\\/apmetnis-morso-forno-terra-table\\\/\",\"url\":\"https:\\\/\\\/morsobaltic.com\\\/lv\\\/produktas\\\/apmetnis-morso-forno-terra-table\\\/\",\"name\":\"Grila p\u0101rvalks Mors\u00f8 Forno \\\/ Terra Table \u2013 piln\u012bga aizsardz\u012bba\",\"isPartOf\":{\"@id\":\"https:\\\/\\\/morsobaltic.com\\\/lv\\\/#website\"},\"primaryImageOfPage\":{\"@id\":\"https:\\\/\\\/morsobaltic.com\\\/lv\\\/produktas\\\/apmetnis-morso-forno-terra-table\\\/#primaryimage\"},\"image\":{\"@id\":\"https:\\\/\\\/morsobaltic.com\\\/lv\\\/produktas\\\/apmetnis-morso-forno-terra-table\\\/#primaryimage\"},\"thumbnailUrl\":\"https:\\\/\\\/morsobaltic.com\\\/wp-content\\\/uploads\\\/2024\\\/02\\\/62994000_morsoe-forno-terra-cover_798935999.jpeg\",\"datePublished\":\"2024-02-14T14:26:16+00:00\",\"dateModified\":\"2026-03-18T20:47:35+00:00\",\"description\":\"\u012apa\u0161a dizaina Mors\u00f8 Forno p\u0101rvalks Forno Gas Grande un Terra galdam. \u016adensiztur\u012bgs poliesters un UV aizsardz\u012bba j\u016bsu \u0101ra virtuvei.\",\"breadcrumb\":{\"@id\":\"https:\\\/\\\/morsobaltic.com\\\/lv\\\/produktas\\\/apmetnis-morso-forno-terra-table\\\/#breadcrumb\"},\"inLanguage\":\"lv-LV\",\"potentialAction\":[{\"@type\":\"ReadAction\",\"target\":[\"https:\\\/\\\/morsobaltic.com\\\/lv\\\/produktas\\\/apmetnis-morso-forno-terra-table\\\/\"]}]},{\"@type\":\"ImageObject\",\"inLanguage\":\"lv-LV\",\"@id\":\"https:\\\/\\\/morsobaltic.com\\\/lv\\\/produktas\\\/apmetnis-morso-forno-terra-table\\\/#primaryimage\",\"url\":\"https:\\\/\\\/morsobaltic.com\\\/wp-content\\\/uploads\\\/2024\\\/02\\\/62994000_morsoe-forno-terra-cover_798935999.jpeg\",\"contentUrl\":\"https:\\\/\\\/morsobaltic.com\\\/wp-content\\\/uploads\\\/2024\\\/02\\\/62994000_morsoe-forno-terra-cover_798935999.jpeg\",\"width\":600,\"height\":600},{\"@type\":\"BreadcrumbList\",\"@id\":\"https:\\\/\\\/morsobaltic.com\\\/lv\\\/produktas\\\/apmetnis-morso-forno-terra-table\\\/#breadcrumb\",\"itemListElement\":[{\"@type\":\"ListItem\",\"position\":1,\"name\":\"Home\",\"item\":\"https:\\\/\\\/morsobaltic.com\\\/lv\\\/\"},{\"@type\":\"ListItem\",\"position\":2,\"name\":\"Veikals\",\"item\":\"https:\\\/\\\/morsobaltic.com\\\/parduotuve\\\/\"},{\"@type\":\"ListItem\",\"position\":3,\"name\":\"Apmetnis &#8211; MORS\u00d8 FORNO \\\/ TERRA TABLE\"}]},{\"@type\":\"WebSite\",\"@id\":\"https:\\\/\\\/morsobaltic.com\\\/lv\\\/#website\",\"url\":\"https:\\\/\\\/morsobaltic.com\\\/lv\\\/\",\"name\":\"MORSO Baltic\",\"description\":\"\",\"alternateName\":\"MORSOBALTIC\",\"potentialAction\":[{\"@type\":\"SearchAction\",\"target\":{\"@type\":\"EntryPoint\",\"urlTemplate\":\"https:\\\/\\\/morsobaltic.com\\\/lv\\\/?s={search_term_string}\"},\"query-input\":{\"@type\":\"PropertyValueSpecification\",\"valueRequired\":true,\"valueName\":\"search_term_string\"}}],\"inLanguage\":\"lv-LV\"}]}<\/script>\n<!-- \/ Yoast SEO plugin. -->","yoast_head_json":{"title":"Grila p\u0101rvalks Mors\u00f8 Forno \/ Terra Table \u2013 piln\u012bga aizsardz\u012bba","description":"\u012apa\u0161a dizaina Mors\u00f8 Forno p\u0101rvalks Forno Gas Grande un Terra galdam. \u016adensiztur\u012bgs poliesters un UV aizsardz\u012bba j\u016bsu \u0101ra virtuvei.","robots":{"index":"index","follow":"follow","max-snippet":"max-snippet:-1","max-image-preview":"max-image-preview:large","max-video-preview":"max-video-preview:-1"},"canonical":"https:\/\/morsobaltic.com\/lv\/produktas\/apmetnis-morso-forno-terra-table\/","og_locale":"lv_LV","og_type":"article","og_title":"Grila p\u0101rvalks Mors\u00f8 Forno \/ Terra Table \u2013 piln\u012bga aizsardz\u012bba","og_description":"\u012apa\u0161a dizaina Mors\u00f8 Forno p\u0101rvalks Forno Gas Grande un Terra galdam. \u016adensiztur\u012bgs poliesters un UV aizsardz\u012bba j\u016bsu \u0101ra virtuvei.","og_url":"https:\/\/morsobaltic.com\/lv\/produktas\/apmetnis-morso-forno-terra-table\/","og_site_name":"MORSO Baltic","article_modified_time":"2026-03-18T20:47:35+00:00","og_image":[{"width":600,"height":600,"url":"https:\/\/morsobaltic.com\/wp-content\/uploads\/2024\/02\/62994000_morsoe-forno-terra-cover_798935999.jpeg","type":"image\/jpeg"}],"twitter_card":"summary_large_image","twitter_misc":{"Est. reading time":"1 minute"},"schema":{"@context":"https:\/\/schema.org","@graph":[{"@type":"WebPage","@id":"https:\/\/morsobaltic.com\/lv\/produktas\/apmetnis-morso-forno-terra-table\/","url":"https:\/\/morsobaltic.com\/lv\/produktas\/apmetnis-morso-forno-terra-table\/","name":"Grila p\u0101rvalks Mors\u00f8 Forno \/ Terra Table \u2013 piln\u012bga aizsardz\u012bba","isPartOf":{"@id":"https:\/\/morsobaltic.com\/lv\/#website"},"primaryImageOfPage":{"@id":"https:\/\/morsobaltic.com\/lv\/produktas\/apmetnis-morso-forno-terra-table\/#primaryimage"},"image":{"@id":"https:\/\/morsobaltic.com\/lv\/produktas\/apmetnis-morso-forno-terra-table\/#primaryimage"},"thumbnailUrl":"https:\/\/morsobaltic.com\/wp-content\/uploads\/2024\/02\/62994000_morsoe-forno-terra-cover_798935999.jpeg","datePublished":"2024-02-14T14:26:16+00:00","dateModified":"2026-03-18T20:47:35+00:00","description":"\u012apa\u0161a dizaina Mors\u00f8 Forno p\u0101rvalks Forno Gas Grande un Terra galdam. \u016adensiztur\u012bgs poliesters un UV aizsardz\u012bba j\u016bsu \u0101ra virtuvei.","breadcrumb":{"@id":"https:\/\/morsobaltic.com\/lv\/produktas\/apmetnis-morso-forno-terra-table\/#breadcrumb"},"inLanguage":"lv-LV","potentialAction":[{"@type":"ReadAction","target":["https:\/\/morsobaltic.com\/lv\/produktas\/apmetnis-morso-forno-terra-table\/"]}]},{"@type":"ImageObject","inLanguage":"lv-LV","@id":"https:\/\/morsobaltic.com\/lv\/produktas\/apmetnis-morso-forno-terra-table\/#primaryimage","url":"https:\/\/morsobaltic.com\/wp-content\/uploads\/2024\/02\/62994000_morsoe-forno-terra-cover_798935999.jpeg","contentUrl":"https:\/\/morsobaltic.com\/wp-content\/uploads\/2024\/02\/62994000_morsoe-forno-terra-cover_798935999.jpeg","width":600,"height":600},{"@type":"BreadcrumbList","@id":"https:\/\/morsobaltic.com\/lv\/produktas\/apmetnis-morso-forno-terra-table\/#breadcrumb","itemListElement":[{"@type":"ListItem","position":1,"name":"Home","item":"https:\/\/morsobaltic.com\/lv\/"},{"@type":"ListItem","position":2,"name":"Veikals","item":"https:\/\/morsobaltic.com\/parduotuve\/"},{"@type":"ListItem","position":3,"name":"Apmetnis &#8211; MORS\u00d8 FORNO \/ TERRA TABLE"}]},{"@type":"WebSite","@id":"https:\/\/morsobaltic.com\/lv\/#website","url":"https:\/\/morsobaltic.com\/lv\/","name":"MORSO Baltic","description":"","alternateName":"MORSOBALTIC","potentialAction":[{"@type":"SearchAction","target":{"@type":"EntryPoint","urlTemplate":"https:\/\/morsobaltic.com\/lv\/?s={search_term_string}"},"query-input":{"@type":"PropertyValueSpecification","valueRequired":true,"valueName":"search_term_string"}}],"inLanguage":"lv-LV"}]}},"_links":{"self":[{"href":"https:\/\/morsobaltic.com\/lv\/wp-json\/wp\/v2\/product\/3826","targetHints":{"allow":["GET"]}}],"collection":[{"href":"https:\/\/morsobaltic.com\/lv\/wp-json\/wp\/v2\/product"}],"about":[{"href":"https:\/\/morsobaltic.com\/lv\/wp-json\/wp\/v2\/types\/product"}],"replies":[{"embeddable":true,"href":"https:\/\/morsobaltic.com\/lv\/wp-json\/wp\/v2\/comments?post=3826"}],"wp:featuredmedia":[{"embeddable":true,"href":"https:\/\/morsobaltic.com\/lv\/wp-json\/wp\/v2\/media\/2435"}],"wp:attachment":[{"href":"https:\/\/morsobaltic.com\/lv\/wp-json\/wp\/v2\/media?parent=3826"}],"wp:term":[{"taxonomy":"product_brand","embeddable":true,"href":"https:\/\/morsobaltic.com\/lv\/wp-json\/wp\/v2\/product_brand?post=3826"},{"taxonomy":"product_cat","embeddable":true,"href":"https:\/\/morsobaltic.com\/lv\/wp-json\/wp\/v2\/product_cat?post=3826"},{"taxonomy":"product_tag","embeddable":true,"href":"https:\/\/morsobaltic.com\/lv\/wp-json\/wp\/v2\/product_tag?post=3826"}],"curies":[{"name":"wp","href":"https:\/\/api.w.org\/{rel}","templated":true}]}}