{"id":3830,"date":"2024-02-14T14:26:16","date_gmt":"2024-02-14T14:26:16","guid":{"rendered":"https:\/\/morsobaltic.com\/produktas\/aizkars-morso-garden-table\/"},"modified":"2026-03-18T21:13:51","modified_gmt":"2026-03-18T21:13:51","slug":"aizkars-morso-garden-table","status":"publish","type":"product","link":"https:\/\/morsobaltic.com\/lv\/produktas\/aizkars-morso-garden-table\/","title":{"rendered":"Aizkars &#8211; MORS\u00d8 GARDEN TABLE"},"content":{"rendered":"<h4>Mors\u00f8 Garden Table p\u0101rvalks \u2013 k\u0101rt\u012bba j\u016bsu \u0101ra virtuv\u0113<\/h4>\n<p>Mors\u00f8 Garden Table galda p\u0101rvalks pal\u012bdz uztur\u0113t nevainojamu t\u012br\u012bbu. Ja izmantojat \u0161o galdu gatavo\u0161anai, aizsardz\u012bba ir b\u016btiska. \u0160is p\u0101rvalks ir paredz\u0113ts laikam, kad galdu neizmantojat. Tas pasarg\u0101 virsmu no putek\u013ciem un lap\u0101m. J\u016bsu \u0101ra galds vienm\u0113r b\u016bs gatavs darbam. Jums vairs neb\u016bs tas j\u0101mazg\u0101 pirms katras lieto\u0161anas. Tas ir \u013coti praktisks piederums j\u016bsu terasei. P\u0101rvalks nodro\u0161ina est\u0113tisku skatu d\u0101rz\u0101. Tas pal\u012bdz izvair\u012bties no nogurdino\u0161as t\u012br\u012b\u0161anas. J\u016bsu Mors\u00f8 izstr\u0101d\u0101jums ilgsto\u0161i izskat\u012bsies k\u0101 jauns.<\/p>\n<p>\u0160is galda p\u0101rvalks ir izgatavots no 100% poliestera. Materi\u0101ls ir piln\u012bb\u0101 \u016bdensnecaurlaid\u012bgs. Tas dro\u0161i pasarg\u0101 galdu no lietus ietekmes. Audumam ir ar\u012b UV aizsardz\u012bba. Tas ne\u013cauj materi\u0101lam izbal\u0113t saul\u0113. P\u0101rvalka apak\u0161da\u013c\u0101 ir iestr\u0101d\u0101ta iztur\u012bga aukla. Ar to p\u0101rsegu var dro\u0161i piestiprin\u0101t pie galda k\u0101j\u0101m. Tas paliks sav\u0101 viet\u0101 pat stipr\u0101 v\u0113j\u0101. Meln\u0101 kr\u0101sa izskat\u0101s moderni un sakopti. Augst\u0101 materi\u0101lu kvalit\u0101te garant\u0113 produkta ilgm\u016b\u017e\u012bbu. T\u0101 ir uzticama aizsardz\u012bba jebkuros laikapst\u0101k\u013cos.<\/p>\n<h5>Kop\u0161ana un kvalit\u0101te<\/h5>\n<p>P\u0101rvalka kop\u0161ana neprasa lielas p\u016bles. Ieteicams to mazg\u0101t tikai ar rok\u0101m. T\u0101 produkts kalpos daudzus gadus. Net\u012brumus var not\u012br\u012bt vienk\u0101r\u0161i ar mitru dr\u0101nu. Neizmantojiet nek\u0101dus auduma m\u012bkstin\u0101t\u0101jus. Tie var saboj\u0101t poliestera aizsargsl\u0101ni. T\u0101pat m\u012bkstin\u0101t\u0101ji var izbalin\u0101t melno kr\u0101su. \u0160is ir ilgtsp\u0113j\u012bgs un kvalitat\u012bvs Mors\u00f8 produkts. Tas pagarin\u0101s j\u016bsu \u0101ra m\u0113be\u013cu kalpo\u0161anas laiku. Ieguldiet kvalit\u0101t\u0113 un baudiet t\u012bru d\u0101rzu katru dienu.<\/p>\n","protected":false},"excerpt":{"rendered":"<p>Tips: \u016adens un UV staru iztur\u012bgs p\u0101rvalks<br \/>\nSader\u012bba: Mors\u00f8 Garden Table (pal\u012bggalds)<br \/>\nMateri\u0101ls: 100% poliesters<br \/>\nKr\u0101sa: Melna<br \/>\nKop\u0161ana: Mazg\u0101\u0161ana ar rok\u0101m<\/p>\n","protected":false},"featured_media":2423,"comment_status":"closed","ping_status":"closed","template":"","meta":[],"product_brand":[],"product_cat":[90],"product_tag":[],"class_list":{"0":"post-3830","1":"product","2":"type-product","3":"status-publish","4":"has-post-thumbnail","6":"product_cat-grila-parsegi","8":"first","9":"instock","10":"taxable","11":"shipping-taxable","12":"purchasable","13":"product-type-simple"},"yoast_head":"<!-- This site is optimized with the Yoast SEO plugin v27.3 - https:\/\/yoast.com\/product\/yoast-seo-wordpress\/ -->\n<title>Galda p\u0101rvalks Mors\u00f8 Garden Table \u2013 t\u012br\u012bba \u0101ra virtuv\u0113<\/title>\n<meta name=\"description\" content=\"\u016adensiztur\u012bgs Mors\u00f8 Garden Table p\u0101rvalks no poliestera. UV aizsardz\u012bba un dro\u0161a stiprin\u0101\u0161ana j\u016bsu \u0101ra galda aizsardz\u012bbai.\" \/>\n<meta name=\"robots\" content=\"index, follow, max-snippet:-1, max-image-preview:large, max-video-preview:-1\" \/>\n<link rel=\"canonical\" href=\"https:\/\/morsobaltic.com\/lv\/produktas\/aizkars-morso-garden-table\/\" \/>\n<meta property=\"og:locale\" content=\"lv_LV\" \/>\n<meta property=\"og:type\" content=\"article\" \/>\n<meta property=\"og:title\" content=\"Galda p\u0101rvalks Mors\u00f8 Garden Table \u2013 t\u012br\u012bba \u0101ra virtuv\u0113\" \/>\n<meta property=\"og:description\" content=\"\u016adensiztur\u012bgs Mors\u00f8 Garden Table p\u0101rvalks no poliestera. UV aizsardz\u012bba un dro\u0161a stiprin\u0101\u0161ana j\u016bsu \u0101ra galda aizsardz\u012bbai.\" \/>\n<meta property=\"og:url\" content=\"https:\/\/morsobaltic.com\/lv\/produktas\/aizkars-morso-garden-table\/\" \/>\n<meta property=\"og:site_name\" content=\"MORSO Baltic\" \/>\n<meta property=\"article:modified_time\" content=\"2026-03-18T21:13:51+00:00\" \/>\n<meta property=\"og:image\" content=\"https:\/\/morsobaltic.com\/wp-content\/uploads\/2024\/02\/62994100_morsoe-garden-cover.jpeg\" \/>\n\t<meta property=\"og:image:width\" content=\"600\" \/>\n\t<meta property=\"og:image:height\" content=\"600\" \/>\n\t<meta property=\"og:image:type\" content=\"image\/jpeg\" \/>\n<meta name=\"twitter:card\" content=\"summary_large_image\" \/>\n<meta name=\"twitter:label1\" content=\"Est. reading time\" \/>\n\t<meta name=\"twitter:data1\" content=\"2 minutes\" \/>\n<script type=\"application\/ld+json\" class=\"yoast-schema-graph\">{\"@context\":\"https:\\\/\\\/schema.org\",\"@graph\":[{\"@type\":\"WebPage\",\"@id\":\"https:\\\/\\\/morsobaltic.com\\\/lv\\\/produktas\\\/aizkars-morso-garden-table\\\/\",\"url\":\"https:\\\/\\\/morsobaltic.com\\\/lv\\\/produktas\\\/aizkars-morso-garden-table\\\/\",\"name\":\"Galda p\u0101rvalks Mors\u00f8 Garden Table \u2013 t\u012br\u012bba \u0101ra virtuv\u0113\",\"isPartOf\":{\"@id\":\"https:\\\/\\\/morsobaltic.com\\\/lv\\\/#website\"},\"primaryImageOfPage\":{\"@id\":\"https:\\\/\\\/morsobaltic.com\\\/lv\\\/produktas\\\/aizkars-morso-garden-table\\\/#primaryimage\"},\"image\":{\"@id\":\"https:\\\/\\\/morsobaltic.com\\\/lv\\\/produktas\\\/aizkars-morso-garden-table\\\/#primaryimage\"},\"thumbnailUrl\":\"https:\\\/\\\/morsobaltic.com\\\/wp-content\\\/uploads\\\/2024\\\/02\\\/62994100_morsoe-garden-cover.jpeg\",\"datePublished\":\"2024-02-14T14:26:16+00:00\",\"dateModified\":\"2026-03-18T21:13:51+00:00\",\"description\":\"\u016adensiztur\u012bgs Mors\u00f8 Garden Table p\u0101rvalks no poliestera. UV aizsardz\u012bba un dro\u0161a stiprin\u0101\u0161ana j\u016bsu \u0101ra galda aizsardz\u012bbai.\",\"breadcrumb\":{\"@id\":\"https:\\\/\\\/morsobaltic.com\\\/lv\\\/produktas\\\/aizkars-morso-garden-table\\\/#breadcrumb\"},\"inLanguage\":\"lv-LV\",\"potentialAction\":[{\"@type\":\"ReadAction\",\"target\":[\"https:\\\/\\\/morsobaltic.com\\\/lv\\\/produktas\\\/aizkars-morso-garden-table\\\/\"]}]},{\"@type\":\"ImageObject\",\"inLanguage\":\"lv-LV\",\"@id\":\"https:\\\/\\\/morsobaltic.com\\\/lv\\\/produktas\\\/aizkars-morso-garden-table\\\/#primaryimage\",\"url\":\"https:\\\/\\\/morsobaltic.com\\\/wp-content\\\/uploads\\\/2024\\\/02\\\/62994100_morsoe-garden-cover.jpeg\",\"contentUrl\":\"https:\\\/\\\/morsobaltic.com\\\/wp-content\\\/uploads\\\/2024\\\/02\\\/62994100_morsoe-garden-cover.jpeg\",\"width\":600,\"height\":600},{\"@type\":\"BreadcrumbList\",\"@id\":\"https:\\\/\\\/morsobaltic.com\\\/lv\\\/produktas\\\/aizkars-morso-garden-table\\\/#breadcrumb\",\"itemListElement\":[{\"@type\":\"ListItem\",\"position\":1,\"name\":\"Home\",\"item\":\"https:\\\/\\\/morsobaltic.com\\\/lv\\\/\"},{\"@type\":\"ListItem\",\"position\":2,\"name\":\"Veikals\",\"item\":\"https:\\\/\\\/morsobaltic.com\\\/parduotuve\\\/\"},{\"@type\":\"ListItem\",\"position\":3,\"name\":\"Aizkars &#8211; MORS\u00d8 GARDEN TABLE\"}]},{\"@type\":\"WebSite\",\"@id\":\"https:\\\/\\\/morsobaltic.com\\\/lv\\\/#website\",\"url\":\"https:\\\/\\\/morsobaltic.com\\\/lv\\\/\",\"name\":\"MORSO Baltic\",\"description\":\"\",\"alternateName\":\"MORSOBALTIC\",\"potentialAction\":[{\"@type\":\"SearchAction\",\"target\":{\"@type\":\"EntryPoint\",\"urlTemplate\":\"https:\\\/\\\/morsobaltic.com\\\/lv\\\/?s={search_term_string}\"},\"query-input\":{\"@type\":\"PropertyValueSpecification\",\"valueRequired\":true,\"valueName\":\"search_term_string\"}}],\"inLanguage\":\"lv-LV\"}]}<\/script>\n<!-- \/ Yoast SEO plugin. -->","yoast_head_json":{"title":"Galda p\u0101rvalks Mors\u00f8 Garden Table \u2013 t\u012br\u012bba \u0101ra virtuv\u0113","description":"\u016adensiztur\u012bgs Mors\u00f8 Garden Table p\u0101rvalks no poliestera. UV aizsardz\u012bba un dro\u0161a stiprin\u0101\u0161ana j\u016bsu \u0101ra galda aizsardz\u012bbai.","robots":{"index":"index","follow":"follow","max-snippet":"max-snippet:-1","max-image-preview":"max-image-preview:large","max-video-preview":"max-video-preview:-1"},"canonical":"https:\/\/morsobaltic.com\/lv\/produktas\/aizkars-morso-garden-table\/","og_locale":"lv_LV","og_type":"article","og_title":"Galda p\u0101rvalks Mors\u00f8 Garden Table \u2013 t\u012br\u012bba \u0101ra virtuv\u0113","og_description":"\u016adensiztur\u012bgs Mors\u00f8 Garden Table p\u0101rvalks no poliestera. UV aizsardz\u012bba un dro\u0161a stiprin\u0101\u0161ana j\u016bsu \u0101ra galda aizsardz\u012bbai.","og_url":"https:\/\/morsobaltic.com\/lv\/produktas\/aizkars-morso-garden-table\/","og_site_name":"MORSO Baltic","article_modified_time":"2026-03-18T21:13:51+00:00","og_image":[{"width":600,"height":600,"url":"https:\/\/morsobaltic.com\/wp-content\/uploads\/2024\/02\/62994100_morsoe-garden-cover.jpeg","type":"image\/jpeg"}],"twitter_card":"summary_large_image","twitter_misc":{"Est. reading time":"2 minutes"},"schema":{"@context":"https:\/\/schema.org","@graph":[{"@type":"WebPage","@id":"https:\/\/morsobaltic.com\/lv\/produktas\/aizkars-morso-garden-table\/","url":"https:\/\/morsobaltic.com\/lv\/produktas\/aizkars-morso-garden-table\/","name":"Galda p\u0101rvalks Mors\u00f8 Garden Table \u2013 t\u012br\u012bba \u0101ra virtuv\u0113","isPartOf":{"@id":"https:\/\/morsobaltic.com\/lv\/#website"},"primaryImageOfPage":{"@id":"https:\/\/morsobaltic.com\/lv\/produktas\/aizkars-morso-garden-table\/#primaryimage"},"image":{"@id":"https:\/\/morsobaltic.com\/lv\/produktas\/aizkars-morso-garden-table\/#primaryimage"},"thumbnailUrl":"https:\/\/morsobaltic.com\/wp-content\/uploads\/2024\/02\/62994100_morsoe-garden-cover.jpeg","datePublished":"2024-02-14T14:26:16+00:00","dateModified":"2026-03-18T21:13:51+00:00","description":"\u016adensiztur\u012bgs Mors\u00f8 Garden Table p\u0101rvalks no poliestera. UV aizsardz\u012bba un dro\u0161a stiprin\u0101\u0161ana j\u016bsu \u0101ra galda aizsardz\u012bbai.","breadcrumb":{"@id":"https:\/\/morsobaltic.com\/lv\/produktas\/aizkars-morso-garden-table\/#breadcrumb"},"inLanguage":"lv-LV","potentialAction":[{"@type":"ReadAction","target":["https:\/\/morsobaltic.com\/lv\/produktas\/aizkars-morso-garden-table\/"]}]},{"@type":"ImageObject","inLanguage":"lv-LV","@id":"https:\/\/morsobaltic.com\/lv\/produktas\/aizkars-morso-garden-table\/#primaryimage","url":"https:\/\/morsobaltic.com\/wp-content\/uploads\/2024\/02\/62994100_morsoe-garden-cover.jpeg","contentUrl":"https:\/\/morsobaltic.com\/wp-content\/uploads\/2024\/02\/62994100_morsoe-garden-cover.jpeg","width":600,"height":600},{"@type":"BreadcrumbList","@id":"https:\/\/morsobaltic.com\/lv\/produktas\/aizkars-morso-garden-table\/#breadcrumb","itemListElement":[{"@type":"ListItem","position":1,"name":"Home","item":"https:\/\/morsobaltic.com\/lv\/"},{"@type":"ListItem","position":2,"name":"Veikals","item":"https:\/\/morsobaltic.com\/parduotuve\/"},{"@type":"ListItem","position":3,"name":"Aizkars &#8211; MORS\u00d8 GARDEN TABLE"}]},{"@type":"WebSite","@id":"https:\/\/morsobaltic.com\/lv\/#website","url":"https:\/\/morsobaltic.com\/lv\/","name":"MORSO Baltic","description":"","alternateName":"MORSOBALTIC","potentialAction":[{"@type":"SearchAction","target":{"@type":"EntryPoint","urlTemplate":"https:\/\/morsobaltic.com\/lv\/?s={search_term_string}"},"query-input":{"@type":"PropertyValueSpecification","valueRequired":true,"valueName":"search_term_string"}}],"inLanguage":"lv-LV"}]}},"_links":{"self":[{"href":"https:\/\/morsobaltic.com\/lv\/wp-json\/wp\/v2\/product\/3830","targetHints":{"allow":["GET"]}}],"collection":[{"href":"https:\/\/morsobaltic.com\/lv\/wp-json\/wp\/v2\/product"}],"about":[{"href":"https:\/\/morsobaltic.com\/lv\/wp-json\/wp\/v2\/types\/product"}],"replies":[{"embeddable":true,"href":"https:\/\/morsobaltic.com\/lv\/wp-json\/wp\/v2\/comments?post=3830"}],"wp:featuredmedia":[{"embeddable":true,"href":"https:\/\/morsobaltic.com\/lv\/wp-json\/wp\/v2\/media\/2423"}],"wp:attachment":[{"href":"https:\/\/morsobaltic.com\/lv\/wp-json\/wp\/v2\/media?parent=3830"}],"wp:term":[{"taxonomy":"product_brand","embeddable":true,"href":"https:\/\/morsobaltic.com\/lv\/wp-json\/wp\/v2\/product_brand?post=3830"},{"taxonomy":"product_cat","embeddable":true,"href":"https:\/\/morsobaltic.com\/lv\/wp-json\/wp\/v2\/product_cat?post=3830"},{"taxonomy":"product_tag","embeddable":true,"href":"https:\/\/morsobaltic.com\/lv\/wp-json\/wp\/v2\/product_tag?post=3830"}],"curies":[{"name":"wp","href":"https:\/\/api.w.org\/{rel}","templated":true}]}}