{"id":3842,"date":"2024-02-14T14:26:16","date_gmt":"2024-02-14T14:26:16","guid":{"rendered":"https:\/\/morsobaltic.com\/produktas\/apvalks-morso-gazes-cilindrs\/"},"modified":"2026-03-18T21:01:51","modified_gmt":"2026-03-18T21:01:51","slug":"apvalks-morso-gazes-cilindrs","status":"publish","type":"product","link":"https:\/\/morsobaltic.com\/lv\/produktas\/apvalks-morso-gazes-cilindrs\/","title":{"rendered":"Apvalks &#8211; MORS\u00d8 G\u0100ZES cilindrs"},"content":{"rendered":"<h4>Mors\u00f8 g\u0101zes balona p\u0101rvalks \u2013 k\u0101rt\u012bba un aizsardz\u012bba j\u016bsu \u0101ra virtuv\u0113<\/h4>\n<p>Mors\u00f8 g\u0101zes balona p\u0101rvalks sniedz lielisku papildu aizsardz\u012bbu pret vides ietekmi, kad g\u0101zes balons tiek uzglab\u0101ts \u0101rpus telp\u0101m. Bie\u017ei vien g\u0101zes baloni nav est\u0113tisk\u0101k\u0101 \u0101ra terases vai pagalma da\u013ca, ta\u010du \u0161is stil\u012bgais melnais p\u0101rvalks t\u016bl\u012bt\u0113ji atrisina \u0161o probl\u0113mu. Tas ne tikai nosl\u0113pj balonu, bet ar\u012b pasarg\u0101 to no tie\u0161iem saules stariem, lietus un net\u012brumiem. Tas ir \u0101rk\u0101rt\u012bgi praktisks risin\u0101jums, kas \u013cauj uztur\u0113t visu \u0101ra gatavo\u0161anas zonu sakoptu un vizu\u0101li vienotu. Zem \u0161\u012b p\u0101rvalka j\u016bsu g\u0101zes apr\u012bkojums paliks t\u012brs un pasarg\u0101ts no mitruma, kas var veicin\u0101t koroziju.<\/p>\n<p>\u0160is balona p\u0101rvalks ir izgatavots no augstas kvalit\u0101tes 100% poliestera, kas ir piln\u012bb\u0101 \u016bdensnecaurlaid\u012bgs. Tas noz\u012bm\u0113, ka pat p\u0113c sp\u0113c\u012bg\u0101m lietusg\u0101z\u0113m balons zem t\u0101 paliks sauss. Audumam piem\u012bt ar\u012b UV aizsardz\u012bba, nodro\u0161inot, ka materi\u0101ls \u0101tri neizbalo un ilgsto\u0161i saglab\u0101 savas aizsarg\u0101jo\u0161\u0101s \u012bpa\u0161\u012bbas. P\u0101rvalka apak\u0161da\u013c\u0101 ir iestr\u0101d\u0101ta iztur\u012bga aukla, ar kuru to var dro\u0161i sasiet. Tas garant\u0113, ka p\u0101rvalks nenokrit\u012bs un nenolidos pat stipra v\u0113ja laik\u0101. Meln\u0101 kr\u0101sa pie\u0161\u0137ir eleganci un lieliski saskan ar citiem Mors\u00f8 \u0101ra produktiem.<\/p>\n<h5>Kop\u0161ana un ilgm\u016b\u017e\u012bba<\/h5>\n<p>Mors\u00f8 p\u0101rvalka kop\u0161ana ir vienk\u0101r\u0161a un neprasa daudz laika. Lai izstr\u0101d\u0101jums kalpotu ilgi, to ieteicams mazg\u0101t tikai ar rok\u0101m. Virspus\u0113jos net\u012brumus vai putek\u013cus var viegli not\u012br\u012bt ar parastu, labi izgrieztu mitru dr\u0101nu. Svar\u012bgi atz\u012bm\u0113t, ka nedr\u012bkst lietot ve\u013cas m\u012bkstin\u0101t\u0101jus, jo \u0137\u012bmisk\u0101s vielas var saboj\u0101t poliestera strukt\u016bru un izbalin\u0101t materi\u0101la kr\u0101su. \u0160is ir \u012bpa\u0161i iztur\u012bgs produkts, kas paredz\u0113ts tiem, kuri nov\u0113rt\u0113 kvalit\u0101ti un v\u0113las par\u016bp\u0113ties par katru savas \u0101ra virtuves deta\u013cu.<\/p>\n","protected":false},"excerpt":{"rendered":"<p>Tips: \u016adens un UV staru iztur\u012bgs aizsargp\u0101rvalks<br \/>\nPielietojums: Standarta g\u0101zes baloniem<br \/>\nMateri\u0101ls: 100% poliesters<br \/>\nKr\u0101sa: Melna<br \/>\n\u012apa\u0161\u012bbas: Iztur\u012bga aukla apak\u0161\u0101, piegulo\u0161s dizains<\/p>\n","protected":false},"featured_media":2417,"comment_status":"closed","ping_status":"closed","template":"","meta":[],"product_brand":[],"product_cat":[90],"product_tag":[],"class_list":{"0":"post-3842","1":"product","2":"type-product","3":"status-publish","4":"has-post-thumbnail","6":"product_cat-grila-parsegi","8":"first","9":"instock","10":"taxable","11":"shipping-taxable","12":"purchasable","13":"product-type-simple"},"yoast_head":"<!-- This site is optimized with the Yoast SEO plugin v27.3 - https:\/\/yoast.com\/product\/yoast-seo-wordpress\/ -->\n<title>G\u0101zes balona p\u0101rvalks Mors\u00f8 \u2013 aizsardz\u012bba un est\u0113tika<\/title>\n<meta name=\"description\" content=\"\u016adensiztur\u012bgs un UV aizsarg\u0101ts Mors\u00f8 g\u0101zes balona p\u0101rvalks. Izgatavots no poliestera ar auklu balona aizsardz\u012bbai un vizu\u0101lai nosl\u0113p\u0161anai.\" \/>\n<meta name=\"robots\" content=\"index, follow, max-snippet:-1, max-image-preview:large, max-video-preview:-1\" \/>\n<link rel=\"canonical\" href=\"https:\/\/morsobaltic.com\/lv\/produktas\/apvalks-morso-gazes-cilindrs\/\" \/>\n<meta property=\"og:locale\" content=\"lv_LV\" \/>\n<meta property=\"og:type\" content=\"article\" \/>\n<meta property=\"og:title\" content=\"G\u0101zes balona p\u0101rvalks Mors\u00f8 \u2013 aizsardz\u012bba un est\u0113tika\" \/>\n<meta property=\"og:description\" content=\"\u016adensiztur\u012bgs un UV aizsarg\u0101ts Mors\u00f8 g\u0101zes balona p\u0101rvalks. Izgatavots no poliestera ar auklu balona aizsardz\u012bbai un vizu\u0101lai nosl\u0113p\u0161anai.\" \/>\n<meta property=\"og:url\" content=\"https:\/\/morsobaltic.com\/lv\/produktas\/apvalks-morso-gazes-cilindrs\/\" \/>\n<meta property=\"og:site_name\" content=\"MORSO Baltic\" \/>\n<meta property=\"article:modified_time\" content=\"2026-03-18T21:01:51+00:00\" \/>\n<meta property=\"og:image\" content=\"https:\/\/morsobaltic.com\/wp-content\/uploads\/2024\/02\/morsoe-cover-gasflaske.jpeg\" \/>\n\t<meta property=\"og:image:width\" content=\"600\" \/>\n\t<meta property=\"og:image:height\" content=\"600\" \/>\n\t<meta property=\"og:image:type\" content=\"image\/jpeg\" \/>\n<meta name=\"twitter:card\" content=\"summary_large_image\" \/>\n<meta name=\"twitter:label1\" content=\"Est. reading time\" \/>\n\t<meta name=\"twitter:data1\" content=\"1 minute\" \/>\n<script type=\"application\/ld+json\" class=\"yoast-schema-graph\">{\"@context\":\"https:\\\/\\\/schema.org\",\"@graph\":[{\"@type\":\"WebPage\",\"@id\":\"https:\\\/\\\/morsobaltic.com\\\/lv\\\/produktas\\\/apvalks-morso-gazes-cilindrs\\\/\",\"url\":\"https:\\\/\\\/morsobaltic.com\\\/lv\\\/produktas\\\/apvalks-morso-gazes-cilindrs\\\/\",\"name\":\"G\u0101zes balona p\u0101rvalks Mors\u00f8 \u2013 aizsardz\u012bba un est\u0113tika\",\"isPartOf\":{\"@id\":\"https:\\\/\\\/morsobaltic.com\\\/lv\\\/#website\"},\"primaryImageOfPage\":{\"@id\":\"https:\\\/\\\/morsobaltic.com\\\/lv\\\/produktas\\\/apvalks-morso-gazes-cilindrs\\\/#primaryimage\"},\"image\":{\"@id\":\"https:\\\/\\\/morsobaltic.com\\\/lv\\\/produktas\\\/apvalks-morso-gazes-cilindrs\\\/#primaryimage\"},\"thumbnailUrl\":\"https:\\\/\\\/morsobaltic.com\\\/wp-content\\\/uploads\\\/2024\\\/02\\\/morsoe-cover-gasflaske.jpeg\",\"datePublished\":\"2024-02-14T14:26:16+00:00\",\"dateModified\":\"2026-03-18T21:01:51+00:00\",\"description\":\"\u016adensiztur\u012bgs un UV aizsarg\u0101ts Mors\u00f8 g\u0101zes balona p\u0101rvalks. Izgatavots no poliestera ar auklu balona aizsardz\u012bbai un vizu\u0101lai nosl\u0113p\u0161anai.\",\"breadcrumb\":{\"@id\":\"https:\\\/\\\/morsobaltic.com\\\/lv\\\/produktas\\\/apvalks-morso-gazes-cilindrs\\\/#breadcrumb\"},\"inLanguage\":\"lv-LV\",\"potentialAction\":[{\"@type\":\"ReadAction\",\"target\":[\"https:\\\/\\\/morsobaltic.com\\\/lv\\\/produktas\\\/apvalks-morso-gazes-cilindrs\\\/\"]}]},{\"@type\":\"ImageObject\",\"inLanguage\":\"lv-LV\",\"@id\":\"https:\\\/\\\/morsobaltic.com\\\/lv\\\/produktas\\\/apvalks-morso-gazes-cilindrs\\\/#primaryimage\",\"url\":\"https:\\\/\\\/morsobaltic.com\\\/wp-content\\\/uploads\\\/2024\\\/02\\\/morsoe-cover-gasflaske.jpeg\",\"contentUrl\":\"https:\\\/\\\/morsobaltic.com\\\/wp-content\\\/uploads\\\/2024\\\/02\\\/morsoe-cover-gasflaske.jpeg\",\"width\":600,\"height\":600},{\"@type\":\"BreadcrumbList\",\"@id\":\"https:\\\/\\\/morsobaltic.com\\\/lv\\\/produktas\\\/apvalks-morso-gazes-cilindrs\\\/#breadcrumb\",\"itemListElement\":[{\"@type\":\"ListItem\",\"position\":1,\"name\":\"Home\",\"item\":\"https:\\\/\\\/morsobaltic.com\\\/lv\\\/\"},{\"@type\":\"ListItem\",\"position\":2,\"name\":\"Veikals\",\"item\":\"https:\\\/\\\/morsobaltic.com\\\/parduotuve\\\/\"},{\"@type\":\"ListItem\",\"position\":3,\"name\":\"Apvalks &#8211; MORS\u00d8 G\u0100ZES cilindrs\"}]},{\"@type\":\"WebSite\",\"@id\":\"https:\\\/\\\/morsobaltic.com\\\/lv\\\/#website\",\"url\":\"https:\\\/\\\/morsobaltic.com\\\/lv\\\/\",\"name\":\"MORSO Baltic\",\"description\":\"\",\"alternateName\":\"MORSOBALTIC\",\"potentialAction\":[{\"@type\":\"SearchAction\",\"target\":{\"@type\":\"EntryPoint\",\"urlTemplate\":\"https:\\\/\\\/morsobaltic.com\\\/lv\\\/?s={search_term_string}\"},\"query-input\":{\"@type\":\"PropertyValueSpecification\",\"valueRequired\":true,\"valueName\":\"search_term_string\"}}],\"inLanguage\":\"lv-LV\"}]}<\/script>\n<!-- \/ Yoast SEO plugin. -->","yoast_head_json":{"title":"G\u0101zes balona p\u0101rvalks Mors\u00f8 \u2013 aizsardz\u012bba un est\u0113tika","description":"\u016adensiztur\u012bgs un UV aizsarg\u0101ts Mors\u00f8 g\u0101zes balona p\u0101rvalks. Izgatavots no poliestera ar auklu balona aizsardz\u012bbai un vizu\u0101lai nosl\u0113p\u0161anai.","robots":{"index":"index","follow":"follow","max-snippet":"max-snippet:-1","max-image-preview":"max-image-preview:large","max-video-preview":"max-video-preview:-1"},"canonical":"https:\/\/morsobaltic.com\/lv\/produktas\/apvalks-morso-gazes-cilindrs\/","og_locale":"lv_LV","og_type":"article","og_title":"G\u0101zes balona p\u0101rvalks Mors\u00f8 \u2013 aizsardz\u012bba un est\u0113tika","og_description":"\u016adensiztur\u012bgs un UV aizsarg\u0101ts Mors\u00f8 g\u0101zes balona p\u0101rvalks. Izgatavots no poliestera ar auklu balona aizsardz\u012bbai un vizu\u0101lai nosl\u0113p\u0161anai.","og_url":"https:\/\/morsobaltic.com\/lv\/produktas\/apvalks-morso-gazes-cilindrs\/","og_site_name":"MORSO Baltic","article_modified_time":"2026-03-18T21:01:51+00:00","og_image":[{"width":600,"height":600,"url":"https:\/\/morsobaltic.com\/wp-content\/uploads\/2024\/02\/morsoe-cover-gasflaske.jpeg","type":"image\/jpeg"}],"twitter_card":"summary_large_image","twitter_misc":{"Est. reading time":"1 minute"},"schema":{"@context":"https:\/\/schema.org","@graph":[{"@type":"WebPage","@id":"https:\/\/morsobaltic.com\/lv\/produktas\/apvalks-morso-gazes-cilindrs\/","url":"https:\/\/morsobaltic.com\/lv\/produktas\/apvalks-morso-gazes-cilindrs\/","name":"G\u0101zes balona p\u0101rvalks Mors\u00f8 \u2013 aizsardz\u012bba un est\u0113tika","isPartOf":{"@id":"https:\/\/morsobaltic.com\/lv\/#website"},"primaryImageOfPage":{"@id":"https:\/\/morsobaltic.com\/lv\/produktas\/apvalks-morso-gazes-cilindrs\/#primaryimage"},"image":{"@id":"https:\/\/morsobaltic.com\/lv\/produktas\/apvalks-morso-gazes-cilindrs\/#primaryimage"},"thumbnailUrl":"https:\/\/morsobaltic.com\/wp-content\/uploads\/2024\/02\/morsoe-cover-gasflaske.jpeg","datePublished":"2024-02-14T14:26:16+00:00","dateModified":"2026-03-18T21:01:51+00:00","description":"\u016adensiztur\u012bgs un UV aizsarg\u0101ts Mors\u00f8 g\u0101zes balona p\u0101rvalks. Izgatavots no poliestera ar auklu balona aizsardz\u012bbai un vizu\u0101lai nosl\u0113p\u0161anai.","breadcrumb":{"@id":"https:\/\/morsobaltic.com\/lv\/produktas\/apvalks-morso-gazes-cilindrs\/#breadcrumb"},"inLanguage":"lv-LV","potentialAction":[{"@type":"ReadAction","target":["https:\/\/morsobaltic.com\/lv\/produktas\/apvalks-morso-gazes-cilindrs\/"]}]},{"@type":"ImageObject","inLanguage":"lv-LV","@id":"https:\/\/morsobaltic.com\/lv\/produktas\/apvalks-morso-gazes-cilindrs\/#primaryimage","url":"https:\/\/morsobaltic.com\/wp-content\/uploads\/2024\/02\/morsoe-cover-gasflaske.jpeg","contentUrl":"https:\/\/morsobaltic.com\/wp-content\/uploads\/2024\/02\/morsoe-cover-gasflaske.jpeg","width":600,"height":600},{"@type":"BreadcrumbList","@id":"https:\/\/morsobaltic.com\/lv\/produktas\/apvalks-morso-gazes-cilindrs\/#breadcrumb","itemListElement":[{"@type":"ListItem","position":1,"name":"Home","item":"https:\/\/morsobaltic.com\/lv\/"},{"@type":"ListItem","position":2,"name":"Veikals","item":"https:\/\/morsobaltic.com\/parduotuve\/"},{"@type":"ListItem","position":3,"name":"Apvalks &#8211; MORS\u00d8 G\u0100ZES cilindrs"}]},{"@type":"WebSite","@id":"https:\/\/morsobaltic.com\/lv\/#website","url":"https:\/\/morsobaltic.com\/lv\/","name":"MORSO Baltic","description":"","alternateName":"MORSOBALTIC","potentialAction":[{"@type":"SearchAction","target":{"@type":"EntryPoint","urlTemplate":"https:\/\/morsobaltic.com\/lv\/?s={search_term_string}"},"query-input":{"@type":"PropertyValueSpecification","valueRequired":true,"valueName":"search_term_string"}}],"inLanguage":"lv-LV"}]}},"_links":{"self":[{"href":"https:\/\/morsobaltic.com\/lv\/wp-json\/wp\/v2\/product\/3842","targetHints":{"allow":["GET"]}}],"collection":[{"href":"https:\/\/morsobaltic.com\/lv\/wp-json\/wp\/v2\/product"}],"about":[{"href":"https:\/\/morsobaltic.com\/lv\/wp-json\/wp\/v2\/types\/product"}],"replies":[{"embeddable":true,"href":"https:\/\/morsobaltic.com\/lv\/wp-json\/wp\/v2\/comments?post=3842"}],"wp:featuredmedia":[{"embeddable":true,"href":"https:\/\/morsobaltic.com\/lv\/wp-json\/wp\/v2\/media\/2417"}],"wp:attachment":[{"href":"https:\/\/morsobaltic.com\/lv\/wp-json\/wp\/v2\/media?parent=3842"}],"wp:term":[{"taxonomy":"product_brand","embeddable":true,"href":"https:\/\/morsobaltic.com\/lv\/wp-json\/wp\/v2\/product_brand?post=3842"},{"taxonomy":"product_cat","embeddable":true,"href":"https:\/\/morsobaltic.com\/lv\/wp-json\/wp\/v2\/product_cat?post=3842"},{"taxonomy":"product_tag","embeddable":true,"href":"https:\/\/morsobaltic.com\/lv\/wp-json\/wp\/v2\/product_tag?post=3842"}],"curies":[{"name":"wp","href":"https:\/\/api.w.org\/{rel}","templated":true}]}}