{"id":3856,"date":"2024-02-14T14:25:56","date_gmt":"2024-02-14T14:25:56","guid":{"rendered":"https:\/\/morsobaltic.com\/produktas\/apvalks-morso-forno-gas-piccolo\/"},"modified":"2026-03-18T21:59:53","modified_gmt":"2026-03-18T21:59:53","slug":"apvalks-morso-forno-gas-piccolo","status":"publish","type":"product","link":"https:\/\/morsobaltic.com\/lv\/produktas\/apvalks-morso-forno-gas-piccolo\/","title":{"rendered":"Apvalks &#8211; MORS\u00d8 FORNO GAS PICCOLO"},"content":{"rendered":"<h4>Mors\u00f8 Forno Gas Piccolo p\u0101rvalks \u2013 uzticama aizsardz\u012bba j\u016bsu grillam<\/h4>\n<p>Mors\u00f8 Forno Gas Piccolo grila p\u0101rvalks ir b\u016btisks piederums. Tas pal\u012bdz r\u016bp\u0113ties par grillu, kad to neizmantojat. \u0100ra apst\u0101k\u013ci var \u0101tri sasm\u0113r\u0113t ier\u012bces virsmu. Lietus un putek\u013ci neizb\u0113gami ietekm\u0113 met\u0101lu. \u0160is p\u0101rvalks nodro\u0161ina grilla ilg\u0101ku kalpo\u0161anas laiku. Izmantojot to, j\u016bs vienm\u0113r atrad\u012bsiet ier\u012bci t\u012bru. Jums vairs neb\u016bs j\u0101t\u0113r\u0113 laiks mazg\u0101\u0161anai. Tas ietaupa j\u016bsu d\u0101rgo ener\u0123iju un laiku. J\u016bsu atp\u016btas zona d\u0101rz\u0101 vienm\u0113r izskat\u012bsies sakopta. Katra deta\u013ca ir rad\u012bta lietot\u0101ja \u0113rt\u012bb\u0101m. T\u012br\u012bba teras\u0113 tagad ir viegli sasniedzama.<\/p>\n<p>\u0160is grila p\u0101rvalks ir izgatavots no 100% poliestera. Materi\u0101ls ir piln\u012bb\u0101 \u016bdensnecaurlaid\u012bgs. Mitrums neiek\u013c\u016bst iek\u0161pus\u0113 pat stipr\u0101 liet\u016b. Audumam ir ar\u012b sp\u0113c\u012bga UV aizsardz\u012bba. Tas ne\u013cauj p\u0101rvalkam izbal\u0113t tie\u0161os saules staros. P\u0101rvalks saglab\u0101 savas \u012bpa\u0161\u012bbas visos gadalaikos. Meln\u0101 kr\u0101sa pie\u0161\u0137ir modernu un est\u0113tisku skatu. Tas ir \u012bpa\u0161i iztur\u012bgs un kvalitat\u012bvs izstr\u0101d\u0101jums. Materi\u0101ls sp\u0113j iztur\u0113t skarbus laikapst\u0101k\u013cus. Poliesters ir stingrs un kalpos daudzus gadus. T\u0101 ir univers\u0101la aizsardz\u012bba j\u016bsu ier\u012bcei.<\/p>\n<h5>K\u0101p\u0113c izv\u0113l\u0113ties ori\u0123in\u0101lo Mors\u00f8 kvalit\u0101ti?<\/h5>\n<p>Ori\u0123in\u0101l\u0101 aizsardz\u012bba ir lab\u0101kais ieguld\u012bjums j\u016bsu grillam. Saule var boj\u0101t kr\u0101sas sl\u0101ni laika gait\u0101. P\u0101rvalks darbojas k\u0101 dro\u0161s aizsargvairogs. Tas blo\u0137\u0113 kait\u012bgos starus visas dienas garum\u0101. T\u0101pat tas sarg\u0101 no putnu net\u012brumiem un lap\u0101m. Grills saglab\u0101s savu s\u0101kotn\u0113jo sp\u012bdumu un izskatu. Jums neb\u016bs j\u0101lieto sp\u0113c\u012bgi t\u012br\u012b\u0161anas l\u012bdzek\u013ci. Pietiek tikai no\u0146emt p\u0101rsegu un s\u0101kt gatavot. Tas atvieglo j\u016bsu atp\u016btu pie dabas. J\u016bsu \u0123imene baud\u012bs t\u012bru un pat\u012bkamu vidi. Mors\u00f8 kvalit\u0101te ir paz\u012bstama vis\u0101 pasaul\u0113. \u0160is p\u0101rvalks piln\u012bb\u0101 atbilst z\u012bmola standartiem.<\/p>\n<h5>Pareiza kop\u0161ana ilgam m\u016b\u017eam<\/h5>\n<p>P\u0101rvalka uztur\u0113\u0161ana ir \u013coti vienk\u0101r\u0161a un \u0101tra. M\u0113s iesak\u0101m to mazg\u0101t tikai ar rok\u0101m. T\u0101 produkts kalpos iev\u0113rojami ilg\u0101k. Net\u012brumus var viegli noslauc\u012bt ar mitru dr\u0101nu. Neizmantojiet nek\u0101dus auduma m\u012bkstin\u0101t\u0101jus. Tie var neatgriezeniski saboj\u0101t materi\u0101la strukt\u016bru. M\u012bkstin\u0101t\u0101ji var izrais\u012bt ar\u012b kr\u0101sas izbal\u0113\u0161anu. Sarg\u0101jiet p\u0101rvalku no asiem priek\u0161metiem un st\u016briem. Tas garant\u0113s auduma maksim\u0101lu iztur\u012bbu. Izbaudiet sakoptu terasi katru dienu kop\u0101 ar Mors\u00f8.<\/p>\n","protected":false},"excerpt":{"rendered":"<p>Tips: \u016adens un UV staru iztur\u012bgs p\u0101rvalks<br \/>\nSader\u012bba: Mors\u00f8 Forno Gas Piccolo<br \/>\nMateri\u0101ls: 100% poliesters<br \/>\nSvars: 0,27 kg<br \/>\nKop\u0161ana: Mazg\u0101\u0161ana ar rok\u0101m<\/p>\n","protected":false},"featured_media":2405,"comment_status":"closed","ping_status":"closed","template":"","meta":[],"product_brand":[],"product_cat":[90],"product_tag":[],"class_list":{"0":"post-3856","1":"product","2":"type-product","3":"status-publish","4":"has-post-thumbnail","6":"product_cat-grila-parsegi","8":"first","9":"instock","10":"taxable","11":"shipping-taxable","12":"purchasable","13":"product-type-simple"},"yoast_head":"<!-- This site is optimized with the Yoast SEO plugin v27.3 - https:\/\/yoast.com\/product\/yoast-seo-wordpress\/ -->\n<title>Mors\u00f8 Forno Gas Piccolo Grila p\u0101rvalks<\/title>\n<meta name=\"description\" content=\"Mors\u00f8 Forno Gas Piccolo p\u0101rvalks no \u016bdensiztur\u012bga poliestera. UV aizsardz\u012bba un dro\u0161a iztur\u012bba j\u016bsu grillam jebkuros laikapst\u0101k\u013cos.\" \/>\n<meta name=\"robots\" content=\"index, follow, max-snippet:-1, max-image-preview:large, max-video-preview:-1\" \/>\n<link rel=\"canonical\" href=\"https:\/\/morsobaltic.com\/lv\/produktas\/apvalks-morso-forno-gas-piccolo\/\" \/>\n<meta property=\"og:locale\" content=\"lv_LV\" \/>\n<meta property=\"og:type\" content=\"article\" \/>\n<meta property=\"og:title\" content=\"Mors\u00f8 Forno Gas Piccolo Grila p\u0101rvalks\" \/>\n<meta property=\"og:description\" content=\"Mors\u00f8 Forno Gas Piccolo p\u0101rvalks no \u016bdensiztur\u012bga poliestera. UV aizsardz\u012bba un dro\u0161a iztur\u012bba j\u016bsu grillam jebkuros laikapst\u0101k\u013cos.\" \/>\n<meta property=\"og:url\" content=\"https:\/\/morsobaltic.com\/lv\/produktas\/apvalks-morso-forno-gas-piccolo\/\" \/>\n<meta property=\"og:site_name\" content=\"MORSO Baltic\" \/>\n<meta property=\"article:modified_time\" content=\"2026-03-18T21:59:53+00:00\" \/>\n<meta property=\"og:image\" content=\"https:\/\/morsobaltic.com\/wp-content\/uploads\/2024\/02\/cover_piccolo.jpeg\" \/>\n\t<meta property=\"og:image:width\" content=\"600\" \/>\n\t<meta property=\"og:image:height\" content=\"600\" \/>\n\t<meta property=\"og:image:type\" content=\"image\/jpeg\" \/>\n<meta name=\"twitter:card\" content=\"summary_large_image\" \/>\n<meta name=\"twitter:label1\" content=\"Est. reading time\" \/>\n\t<meta name=\"twitter:data1\" content=\"2 minutes\" \/>\n<script type=\"application\/ld+json\" class=\"yoast-schema-graph\">{\"@context\":\"https:\\\/\\\/schema.org\",\"@graph\":[{\"@type\":\"WebPage\",\"@id\":\"https:\\\/\\\/morsobaltic.com\\\/lv\\\/produktas\\\/apvalks-morso-forno-gas-piccolo\\\/\",\"url\":\"https:\\\/\\\/morsobaltic.com\\\/lv\\\/produktas\\\/apvalks-morso-forno-gas-piccolo\\\/\",\"name\":\"Mors\u00f8 Forno Gas Piccolo Grila p\u0101rvalks\",\"isPartOf\":{\"@id\":\"https:\\\/\\\/morsobaltic.com\\\/lv\\\/#website\"},\"primaryImageOfPage\":{\"@id\":\"https:\\\/\\\/morsobaltic.com\\\/lv\\\/produktas\\\/apvalks-morso-forno-gas-piccolo\\\/#primaryimage\"},\"image\":{\"@id\":\"https:\\\/\\\/morsobaltic.com\\\/lv\\\/produktas\\\/apvalks-morso-forno-gas-piccolo\\\/#primaryimage\"},\"thumbnailUrl\":\"https:\\\/\\\/morsobaltic.com\\\/wp-content\\\/uploads\\\/2024\\\/02\\\/cover_piccolo.jpeg\",\"datePublished\":\"2024-02-14T14:25:56+00:00\",\"dateModified\":\"2026-03-18T21:59:53+00:00\",\"description\":\"Mors\u00f8 Forno Gas Piccolo p\u0101rvalks no \u016bdensiztur\u012bga poliestera. UV aizsardz\u012bba un dro\u0161a iztur\u012bba j\u016bsu grillam jebkuros laikapst\u0101k\u013cos.\",\"breadcrumb\":{\"@id\":\"https:\\\/\\\/morsobaltic.com\\\/lv\\\/produktas\\\/apvalks-morso-forno-gas-piccolo\\\/#breadcrumb\"},\"inLanguage\":\"lv-LV\",\"potentialAction\":[{\"@type\":\"ReadAction\",\"target\":[\"https:\\\/\\\/morsobaltic.com\\\/lv\\\/produktas\\\/apvalks-morso-forno-gas-piccolo\\\/\"]}]},{\"@type\":\"ImageObject\",\"inLanguage\":\"lv-LV\",\"@id\":\"https:\\\/\\\/morsobaltic.com\\\/lv\\\/produktas\\\/apvalks-morso-forno-gas-piccolo\\\/#primaryimage\",\"url\":\"https:\\\/\\\/morsobaltic.com\\\/wp-content\\\/uploads\\\/2024\\\/02\\\/cover_piccolo.jpeg\",\"contentUrl\":\"https:\\\/\\\/morsobaltic.com\\\/wp-content\\\/uploads\\\/2024\\\/02\\\/cover_piccolo.jpeg\",\"width\":600,\"height\":600},{\"@type\":\"BreadcrumbList\",\"@id\":\"https:\\\/\\\/morsobaltic.com\\\/lv\\\/produktas\\\/apvalks-morso-forno-gas-piccolo\\\/#breadcrumb\",\"itemListElement\":[{\"@type\":\"ListItem\",\"position\":1,\"name\":\"Home\",\"item\":\"https:\\\/\\\/morsobaltic.com\\\/lv\\\/\"},{\"@type\":\"ListItem\",\"position\":2,\"name\":\"Veikals\",\"item\":\"https:\\\/\\\/morsobaltic.com\\\/parduotuve\\\/\"},{\"@type\":\"ListItem\",\"position\":3,\"name\":\"Apvalks &#8211; MORS\u00d8 FORNO GAS PICCOLO\"}]},{\"@type\":\"WebSite\",\"@id\":\"https:\\\/\\\/morsobaltic.com\\\/lv\\\/#website\",\"url\":\"https:\\\/\\\/morsobaltic.com\\\/lv\\\/\",\"name\":\"MORSO Baltic\",\"description\":\"\",\"alternateName\":\"MORSOBALTIC\",\"potentialAction\":[{\"@type\":\"SearchAction\",\"target\":{\"@type\":\"EntryPoint\",\"urlTemplate\":\"https:\\\/\\\/morsobaltic.com\\\/lv\\\/?s={search_term_string}\"},\"query-input\":{\"@type\":\"PropertyValueSpecification\",\"valueRequired\":true,\"valueName\":\"search_term_string\"}}],\"inLanguage\":\"lv-LV\"}]}<\/script>\n<!-- \/ Yoast SEO plugin. -->","yoast_head_json":{"title":"Mors\u00f8 Forno Gas Piccolo Grila p\u0101rvalks","description":"Mors\u00f8 Forno Gas Piccolo p\u0101rvalks no \u016bdensiztur\u012bga poliestera. UV aizsardz\u012bba un dro\u0161a iztur\u012bba j\u016bsu grillam jebkuros laikapst\u0101k\u013cos.","robots":{"index":"index","follow":"follow","max-snippet":"max-snippet:-1","max-image-preview":"max-image-preview:large","max-video-preview":"max-video-preview:-1"},"canonical":"https:\/\/morsobaltic.com\/lv\/produktas\/apvalks-morso-forno-gas-piccolo\/","og_locale":"lv_LV","og_type":"article","og_title":"Mors\u00f8 Forno Gas Piccolo Grila p\u0101rvalks","og_description":"Mors\u00f8 Forno Gas Piccolo p\u0101rvalks no \u016bdensiztur\u012bga poliestera. UV aizsardz\u012bba un dro\u0161a iztur\u012bba j\u016bsu grillam jebkuros laikapst\u0101k\u013cos.","og_url":"https:\/\/morsobaltic.com\/lv\/produktas\/apvalks-morso-forno-gas-piccolo\/","og_site_name":"MORSO Baltic","article_modified_time":"2026-03-18T21:59:53+00:00","og_image":[{"width":600,"height":600,"url":"https:\/\/morsobaltic.com\/wp-content\/uploads\/2024\/02\/cover_piccolo.jpeg","type":"image\/jpeg"}],"twitter_card":"summary_large_image","twitter_misc":{"Est. reading time":"2 minutes"},"schema":{"@context":"https:\/\/schema.org","@graph":[{"@type":"WebPage","@id":"https:\/\/morsobaltic.com\/lv\/produktas\/apvalks-morso-forno-gas-piccolo\/","url":"https:\/\/morsobaltic.com\/lv\/produktas\/apvalks-morso-forno-gas-piccolo\/","name":"Mors\u00f8 Forno Gas Piccolo Grila p\u0101rvalks","isPartOf":{"@id":"https:\/\/morsobaltic.com\/lv\/#website"},"primaryImageOfPage":{"@id":"https:\/\/morsobaltic.com\/lv\/produktas\/apvalks-morso-forno-gas-piccolo\/#primaryimage"},"image":{"@id":"https:\/\/morsobaltic.com\/lv\/produktas\/apvalks-morso-forno-gas-piccolo\/#primaryimage"},"thumbnailUrl":"https:\/\/morsobaltic.com\/wp-content\/uploads\/2024\/02\/cover_piccolo.jpeg","datePublished":"2024-02-14T14:25:56+00:00","dateModified":"2026-03-18T21:59:53+00:00","description":"Mors\u00f8 Forno Gas Piccolo p\u0101rvalks no \u016bdensiztur\u012bga poliestera. UV aizsardz\u012bba un dro\u0161a iztur\u012bba j\u016bsu grillam jebkuros laikapst\u0101k\u013cos.","breadcrumb":{"@id":"https:\/\/morsobaltic.com\/lv\/produktas\/apvalks-morso-forno-gas-piccolo\/#breadcrumb"},"inLanguage":"lv-LV","potentialAction":[{"@type":"ReadAction","target":["https:\/\/morsobaltic.com\/lv\/produktas\/apvalks-morso-forno-gas-piccolo\/"]}]},{"@type":"ImageObject","inLanguage":"lv-LV","@id":"https:\/\/morsobaltic.com\/lv\/produktas\/apvalks-morso-forno-gas-piccolo\/#primaryimage","url":"https:\/\/morsobaltic.com\/wp-content\/uploads\/2024\/02\/cover_piccolo.jpeg","contentUrl":"https:\/\/morsobaltic.com\/wp-content\/uploads\/2024\/02\/cover_piccolo.jpeg","width":600,"height":600},{"@type":"BreadcrumbList","@id":"https:\/\/morsobaltic.com\/lv\/produktas\/apvalks-morso-forno-gas-piccolo\/#breadcrumb","itemListElement":[{"@type":"ListItem","position":1,"name":"Home","item":"https:\/\/morsobaltic.com\/lv\/"},{"@type":"ListItem","position":2,"name":"Veikals","item":"https:\/\/morsobaltic.com\/parduotuve\/"},{"@type":"ListItem","position":3,"name":"Apvalks &#8211; MORS\u00d8 FORNO GAS PICCOLO"}]},{"@type":"WebSite","@id":"https:\/\/morsobaltic.com\/lv\/#website","url":"https:\/\/morsobaltic.com\/lv\/","name":"MORSO Baltic","description":"","alternateName":"MORSOBALTIC","potentialAction":[{"@type":"SearchAction","target":{"@type":"EntryPoint","urlTemplate":"https:\/\/morsobaltic.com\/lv\/?s={search_term_string}"},"query-input":{"@type":"PropertyValueSpecification","valueRequired":true,"valueName":"search_term_string"}}],"inLanguage":"lv-LV"}]}},"_links":{"self":[{"href":"https:\/\/morsobaltic.com\/lv\/wp-json\/wp\/v2\/product\/3856","targetHints":{"allow":["GET"]}}],"collection":[{"href":"https:\/\/morsobaltic.com\/lv\/wp-json\/wp\/v2\/product"}],"about":[{"href":"https:\/\/morsobaltic.com\/lv\/wp-json\/wp\/v2\/types\/product"}],"replies":[{"embeddable":true,"href":"https:\/\/morsobaltic.com\/lv\/wp-json\/wp\/v2\/comments?post=3856"}],"wp:featuredmedia":[{"embeddable":true,"href":"https:\/\/morsobaltic.com\/lv\/wp-json\/wp\/v2\/media\/2405"}],"wp:attachment":[{"href":"https:\/\/morsobaltic.com\/lv\/wp-json\/wp\/v2\/media?parent=3856"}],"wp:term":[{"taxonomy":"product_brand","embeddable":true,"href":"https:\/\/morsobaltic.com\/lv\/wp-json\/wp\/v2\/product_brand?post=3856"},{"taxonomy":"product_cat","embeddable":true,"href":"https:\/\/morsobaltic.com\/lv\/wp-json\/wp\/v2\/product_cat?post=3856"},{"taxonomy":"product_tag","embeddable":true,"href":"https:\/\/morsobaltic.com\/lv\/wp-json\/wp\/v2\/product_tag?post=3856"}],"curies":[{"name":"wp","href":"https:\/\/api.w.org\/{rel}","templated":true}]}}