{"id":3863,"date":"2024-02-14T14:25:56","date_gmt":"2024-02-14T14:25:56","guid":{"rendered":"https:\/\/morsobaltic.com\/produktas\/morso-vulcano-wok-grill-vaks\/"},"modified":"2026-03-18T21:45:02","modified_gmt":"2026-03-18T21:45:02","slug":"morso-vulcano-wok-grill-vaks","status":"publish","type":"product","link":"https:\/\/morsobaltic.com\/lv\/produktas\/morso-vulcano-wok-grill-vaks\/","title":{"rendered":"MORS\u00d8 VULCANO WOK GRILL v\u0101ks"},"content":{"rendered":"<h4>Mors\u00f8 Vulcano Wok p\u0101rvalks \u2013 uzticama aizsardz\u012bba j\u016bsu deglim<\/h4>\n<p>Mors\u00f8 Vulcano Wok grila p\u0101rvalks ir b\u016btisks piederums. Tas ir izstr\u0101d\u0101ts speci\u0101li, lai aizsarg\u0101tu j\u016bsu degli no lietus. T\u0101pat tas pasarg\u0101 ier\u012bci no slapja sniega un putek\u013ciem. \u0100r\u0101 uzglab\u0101ts apr\u012bkojums neizb\u0113gami saskaras ar vides ietekmi. \u0160ie elementi var viegli sasm\u0113r\u0113t kr\u0101sns virsmu. \u0160is p\u0101rvalks nodro\u0161ina, ka j\u016bsu deglis kalpos p\u0113c iesp\u0113jas ilg\u0101k. Izmantojot p\u0101rvalku, j\u016bs vienm\u0113r atrad\u012bsiet savu degli t\u012bru. Jums vairs neb\u016bs tas j\u0101t\u012bra pirms gatavo\u0161anas. Tas ietaupa j\u016bsu d\u0101rgo laiku katru dienu. J\u016bsu Mors\u00f8 izstr\u0101d\u0101jums vienm\u0113r izskat\u012bsies k\u0101 jauns. Tas ir lab\u0101kais risin\u0101jums \u0101ra virtuves t\u012br\u012bbai. Katra deta\u013ca ir izstr\u0101d\u0101ta j\u016bsu \u0113rt\u012bb\u0101m. J\u016bsu gatavo\u0161anas zona paliks nevainojama.<\/p>\n<h5>Materi\u0101la kvalit\u0101te un iztur\u012bba pret laikapst\u0101k\u013ciem<\/h5>\n<p>\u0160is grila p\u0101rvalks ir izgatavots no melna poliestera. Materi\u0101ls ir piln\u012bb\u0101 \u016bdensnecaurlaid\u012bgs. Mitrums nepiek\u013c\u016bst iek\u0161pus\u0113 pat stipra lietus laik\u0101. Audumam piem\u012bt ar\u012b UV aizsardz\u012bba. Tas ne\u013cauj p\u0101rvalkam izbal\u0113t saul\u0113. P\u0101rvalka apak\u0161da\u013c\u0101 ir iestr\u0101d\u0101ta iztur\u012bga aukla. T\u0101 \u013cauj p\u0101rsegu dro\u0161i nofiks\u0113t sav\u0101 viet\u0101. Tas paliks sav\u0101 viet\u0101 pat stipr\u0101 v\u0113j\u0101. Klasiski meln\u0101 kr\u0101sa nodro\u0161ina est\u0113tisku skatu. Tas ir \u012bpa\u0161i iztur\u012bgs un kvalitat\u012bvs produkts. Tas ir rad\u012bts, lai iztur\u0113tu skarbus \u0101ra apst\u0101k\u013cus. J\u016bsu terase izskat\u012bsies sakopta un stil\u012bga. Poliesters ir stingrs un ilgm\u016b\u017e\u012bgs audums. T\u0101 ir univers\u0101la aizsardz\u012bba j\u016bsu ier\u012bcei visu gadu.<\/p>\n<h5>Ilgtermi\u0146a ieguvumi un praktisk\u0101 lieto\u0161ana<\/h5>\n<p>Aizsardz\u012bba pret UV stariem ir \u013coti svar\u012bga \u0101ra apr\u012bkojumam. Saule laika gait\u0101 var saboj\u0101t deg\u013ca virsmu. \u0160is p\u0101rvalks darbojas k\u0101 past\u0101v\u012bgs vairogs. Tas blo\u0137\u0113 kait\u012bgos starus visas dienas garum\u0101. T\u0101pat tas pasarg\u0101 no putnu net\u012brumiem un putek\u013ciem. Deglis saglab\u0101jas sp\u012bd\u012bgs un est\u0113tisks. Jums nevajadz\u0113s izmantot sp\u0113c\u012bgu \u0137\u012bmiju t\u012br\u012b\u0161anai. Pietiek tikai no\u0146emt p\u0101rsegu un s\u0101kt gatavot. Tas atvieglo j\u016bsu br\u012bvo laiku dab\u0101. J\u016bsu \u0123imene priec\u0101sies par t\u012bru gatavo\u0161anas vietu. Modernais dizains piest\u0101v jebkuram pagalmam. Mors\u00f8 kvalit\u0101ti nov\u0113rt\u0113 vis\u0101 pasaul\u0113. \u0160is p\u0101rvalks atbilst visiem ra\u017eot\u0101ja standartiem. Tas ir lab\u0101kais sabiedrotais j\u016bsu Vulcano Wok deglim.<\/p>\n<h5>Kop\u0161ana un pareiza uztur\u0113\u0161ana<\/h5>\n<p>Mors\u00f8 p\u0101rvalka kop\u0161ana ir \u013coti vienk\u0101r\u0161a. Ieteicams to mazg\u0101t tikai ar rok\u0101m. T\u0101 produkts kalpos daudzus gadus. Virspus\u0113jos net\u012brumus var not\u012br\u012bt ar mitru dr\u0101nu. Neizmantojiet nek\u0101dus auduma m\u012bkstin\u0101t\u0101jus. Tie var saboj\u0101t poliestera strukt\u016bru. T\u0101pat m\u012bkstin\u0101t\u0101ji var izbalin\u0101t auduma kr\u0101su. Ieguldot \u0161aj\u0101 piederum\u0101, j\u016bs sarg\u0101jat savu ier\u012bci. Tas pagarin\u0101s j\u016bsu deg\u013ca kalpo\u0161anas laiku. Baudiet t\u012br\u012bbu sav\u0101 teras\u0113 katru dienu. Regul\u0101ra t\u012br\u012b\u0161ana nodro\u0161in\u0101s nevainojamu izskatu. Sarg\u0101jiet p\u0101rvalku no asiem priek\u0161metiem. Tas nodro\u0161in\u0101s auduma maksim\u0101lu integrit\u0101ti. Izbaudiet kvalitat\u012bvo Mors\u00f8 dizainu sav\u0101s m\u0101j\u0101s.<\/p>\n","protected":false},"excerpt":{"rendered":"<p>Tips: \u016adens un UV staru iztur\u012bgs p\u0101rvalks<br \/>\nSader\u012bba: Mors\u00f8 Vulcano Wok deglis<br \/>\nMateri\u0101ls: 100% poliesters<br \/>\nKr\u0101sa: Melna<br \/>\nKop\u0161ana: Mazg\u0101\u0161ana ar rok\u0101m<\/p>\n","protected":false},"featured_media":2390,"comment_status":"closed","ping_status":"closed","template":"","meta":[],"product_brand":[],"product_cat":[90],"product_tag":[],"class_list":{"0":"post-3863","1":"product","2":"type-product","3":"status-publish","4":"has-post-thumbnail","6":"product_cat-grila-parsegi","8":"first","9":"instock","10":"taxable","11":"shipping-taxable","12":"purchasable","13":"product-type-simple"},"yoast_head":"<!-- This site is optimized with the Yoast SEO plugin v27.3 - https:\/\/yoast.com\/product\/yoast-seo-wordpress\/ -->\n<title>Grila p\u0101rvalks Mors\u00f8 Vulcano Wok \u2013 deg\u013ca aizsardz\u012bba<\/title>\n<meta name=\"description\" content=\"\u016adensiztur\u012bgs Mors\u00f8 Vulcano Wok p\u0101rvalks no poliestera. UV aizsardz\u012bba un dro\u0161a stiprin\u0101\u0161ana j\u016bsu \u0101ra deg\u013ca aizsardz\u012bbai no lietus.\" \/>\n<meta name=\"robots\" content=\"index, follow, max-snippet:-1, max-image-preview:large, max-video-preview:-1\" \/>\n<link rel=\"canonical\" href=\"https:\/\/morsobaltic.com\/lv\/produktas\/morso-vulcano-wok-grill-vaks\/\" \/>\n<meta property=\"og:locale\" content=\"lv_LV\" \/>\n<meta property=\"og:type\" content=\"article\" \/>\n<meta property=\"og:title\" content=\"Grila p\u0101rvalks Mors\u00f8 Vulcano Wok \u2013 deg\u013ca aizsardz\u012bba\" \/>\n<meta property=\"og:description\" content=\"\u016adensiztur\u012bgs Mors\u00f8 Vulcano Wok p\u0101rvalks no poliestera. UV aizsardz\u012bba un dro\u0161a stiprin\u0101\u0161ana j\u016bsu \u0101ra deg\u013ca aizsardz\u012bbai no lietus.\" \/>\n<meta property=\"og:url\" content=\"https:\/\/morsobaltic.com\/lv\/produktas\/morso-vulcano-wok-grill-vaks\/\" \/>\n<meta property=\"og:site_name\" content=\"MORSO Baltic\" \/>\n<meta property=\"article:modified_time\" content=\"2026-03-18T21:45:02+00:00\" \/>\n<meta property=\"og:image\" content=\"https:\/\/morsobaltic.com\/wp-content\/uploads\/2024\/02\/cover-vulcano-wok-burner-900x900-1.jpeg\" \/>\n\t<meta property=\"og:image:width\" content=\"600\" \/>\n\t<meta property=\"og:image:height\" content=\"600\" \/>\n\t<meta property=\"og:image:type\" content=\"image\/jpeg\" \/>\n<meta name=\"twitter:card\" content=\"summary_large_image\" \/>\n<meta name=\"twitter:label1\" content=\"Est. reading time\" \/>\n\t<meta name=\"twitter:data1\" content=\"1 minute\" \/>\n<script type=\"application\/ld+json\" class=\"yoast-schema-graph\">{\"@context\":\"https:\\\/\\\/schema.org\",\"@graph\":[{\"@type\":\"WebPage\",\"@id\":\"https:\\\/\\\/morsobaltic.com\\\/lv\\\/produktas\\\/morso-vulcano-wok-grill-vaks\\\/\",\"url\":\"https:\\\/\\\/morsobaltic.com\\\/lv\\\/produktas\\\/morso-vulcano-wok-grill-vaks\\\/\",\"name\":\"Grila p\u0101rvalks Mors\u00f8 Vulcano Wok \u2013 deg\u013ca aizsardz\u012bba\",\"isPartOf\":{\"@id\":\"https:\\\/\\\/morsobaltic.com\\\/lv\\\/#website\"},\"primaryImageOfPage\":{\"@id\":\"https:\\\/\\\/morsobaltic.com\\\/lv\\\/produktas\\\/morso-vulcano-wok-grill-vaks\\\/#primaryimage\"},\"image\":{\"@id\":\"https:\\\/\\\/morsobaltic.com\\\/lv\\\/produktas\\\/morso-vulcano-wok-grill-vaks\\\/#primaryimage\"},\"thumbnailUrl\":\"https:\\\/\\\/morsobaltic.com\\\/wp-content\\\/uploads\\\/2024\\\/02\\\/cover-vulcano-wok-burner-900x900-1.jpeg\",\"datePublished\":\"2024-02-14T14:25:56+00:00\",\"dateModified\":\"2026-03-18T21:45:02+00:00\",\"description\":\"\u016adensiztur\u012bgs Mors\u00f8 Vulcano Wok p\u0101rvalks no poliestera. UV aizsardz\u012bba un dro\u0161a stiprin\u0101\u0161ana j\u016bsu \u0101ra deg\u013ca aizsardz\u012bbai no lietus.\",\"breadcrumb\":{\"@id\":\"https:\\\/\\\/morsobaltic.com\\\/lv\\\/produktas\\\/morso-vulcano-wok-grill-vaks\\\/#breadcrumb\"},\"inLanguage\":\"lv-LV\",\"potentialAction\":[{\"@type\":\"ReadAction\",\"target\":[\"https:\\\/\\\/morsobaltic.com\\\/lv\\\/produktas\\\/morso-vulcano-wok-grill-vaks\\\/\"]}]},{\"@type\":\"ImageObject\",\"inLanguage\":\"lv-LV\",\"@id\":\"https:\\\/\\\/morsobaltic.com\\\/lv\\\/produktas\\\/morso-vulcano-wok-grill-vaks\\\/#primaryimage\",\"url\":\"https:\\\/\\\/morsobaltic.com\\\/wp-content\\\/uploads\\\/2024\\\/02\\\/cover-vulcano-wok-burner-900x900-1.jpeg\",\"contentUrl\":\"https:\\\/\\\/morsobaltic.com\\\/wp-content\\\/uploads\\\/2024\\\/02\\\/cover-vulcano-wok-burner-900x900-1.jpeg\",\"width\":600,\"height\":600},{\"@type\":\"BreadcrumbList\",\"@id\":\"https:\\\/\\\/morsobaltic.com\\\/lv\\\/produktas\\\/morso-vulcano-wok-grill-vaks\\\/#breadcrumb\",\"itemListElement\":[{\"@type\":\"ListItem\",\"position\":1,\"name\":\"Home\",\"item\":\"https:\\\/\\\/morsobaltic.com\\\/lv\\\/\"},{\"@type\":\"ListItem\",\"position\":2,\"name\":\"Veikals\",\"item\":\"https:\\\/\\\/morsobaltic.com\\\/parduotuve\\\/\"},{\"@type\":\"ListItem\",\"position\":3,\"name\":\"MORS\u00d8 VULCANO WOK GRILL v\u0101ks\"}]},{\"@type\":\"WebSite\",\"@id\":\"https:\\\/\\\/morsobaltic.com\\\/lv\\\/#website\",\"url\":\"https:\\\/\\\/morsobaltic.com\\\/lv\\\/\",\"name\":\"MORSO Baltic\",\"description\":\"\",\"alternateName\":\"MORSOBALTIC\",\"potentialAction\":[{\"@type\":\"SearchAction\",\"target\":{\"@type\":\"EntryPoint\",\"urlTemplate\":\"https:\\\/\\\/morsobaltic.com\\\/lv\\\/?s={search_term_string}\"},\"query-input\":{\"@type\":\"PropertyValueSpecification\",\"valueRequired\":true,\"valueName\":\"search_term_string\"}}],\"inLanguage\":\"lv-LV\"}]}<\/script>\n<!-- \/ Yoast SEO plugin. -->","yoast_head_json":{"title":"Grila p\u0101rvalks Mors\u00f8 Vulcano Wok \u2013 deg\u013ca aizsardz\u012bba","description":"\u016adensiztur\u012bgs Mors\u00f8 Vulcano Wok p\u0101rvalks no poliestera. UV aizsardz\u012bba un dro\u0161a stiprin\u0101\u0161ana j\u016bsu \u0101ra deg\u013ca aizsardz\u012bbai no lietus.","robots":{"index":"index","follow":"follow","max-snippet":"max-snippet:-1","max-image-preview":"max-image-preview:large","max-video-preview":"max-video-preview:-1"},"canonical":"https:\/\/morsobaltic.com\/lv\/produktas\/morso-vulcano-wok-grill-vaks\/","og_locale":"lv_LV","og_type":"article","og_title":"Grila p\u0101rvalks Mors\u00f8 Vulcano Wok \u2013 deg\u013ca aizsardz\u012bba","og_description":"\u016adensiztur\u012bgs Mors\u00f8 Vulcano Wok p\u0101rvalks no poliestera. UV aizsardz\u012bba un dro\u0161a stiprin\u0101\u0161ana j\u016bsu \u0101ra deg\u013ca aizsardz\u012bbai no lietus.","og_url":"https:\/\/morsobaltic.com\/lv\/produktas\/morso-vulcano-wok-grill-vaks\/","og_site_name":"MORSO Baltic","article_modified_time":"2026-03-18T21:45:02+00:00","og_image":[{"width":600,"height":600,"url":"https:\/\/morsobaltic.com\/wp-content\/uploads\/2024\/02\/cover-vulcano-wok-burner-900x900-1.jpeg","type":"image\/jpeg"}],"twitter_card":"summary_large_image","twitter_misc":{"Est. reading time":"1 minute"},"schema":{"@context":"https:\/\/schema.org","@graph":[{"@type":"WebPage","@id":"https:\/\/morsobaltic.com\/lv\/produktas\/morso-vulcano-wok-grill-vaks\/","url":"https:\/\/morsobaltic.com\/lv\/produktas\/morso-vulcano-wok-grill-vaks\/","name":"Grila p\u0101rvalks Mors\u00f8 Vulcano Wok \u2013 deg\u013ca aizsardz\u012bba","isPartOf":{"@id":"https:\/\/morsobaltic.com\/lv\/#website"},"primaryImageOfPage":{"@id":"https:\/\/morsobaltic.com\/lv\/produktas\/morso-vulcano-wok-grill-vaks\/#primaryimage"},"image":{"@id":"https:\/\/morsobaltic.com\/lv\/produktas\/morso-vulcano-wok-grill-vaks\/#primaryimage"},"thumbnailUrl":"https:\/\/morsobaltic.com\/wp-content\/uploads\/2024\/02\/cover-vulcano-wok-burner-900x900-1.jpeg","datePublished":"2024-02-14T14:25:56+00:00","dateModified":"2026-03-18T21:45:02+00:00","description":"\u016adensiztur\u012bgs Mors\u00f8 Vulcano Wok p\u0101rvalks no poliestera. UV aizsardz\u012bba un dro\u0161a stiprin\u0101\u0161ana j\u016bsu \u0101ra deg\u013ca aizsardz\u012bbai no lietus.","breadcrumb":{"@id":"https:\/\/morsobaltic.com\/lv\/produktas\/morso-vulcano-wok-grill-vaks\/#breadcrumb"},"inLanguage":"lv-LV","potentialAction":[{"@type":"ReadAction","target":["https:\/\/morsobaltic.com\/lv\/produktas\/morso-vulcano-wok-grill-vaks\/"]}]},{"@type":"ImageObject","inLanguage":"lv-LV","@id":"https:\/\/morsobaltic.com\/lv\/produktas\/morso-vulcano-wok-grill-vaks\/#primaryimage","url":"https:\/\/morsobaltic.com\/wp-content\/uploads\/2024\/02\/cover-vulcano-wok-burner-900x900-1.jpeg","contentUrl":"https:\/\/morsobaltic.com\/wp-content\/uploads\/2024\/02\/cover-vulcano-wok-burner-900x900-1.jpeg","width":600,"height":600},{"@type":"BreadcrumbList","@id":"https:\/\/morsobaltic.com\/lv\/produktas\/morso-vulcano-wok-grill-vaks\/#breadcrumb","itemListElement":[{"@type":"ListItem","position":1,"name":"Home","item":"https:\/\/morsobaltic.com\/lv\/"},{"@type":"ListItem","position":2,"name":"Veikals","item":"https:\/\/morsobaltic.com\/parduotuve\/"},{"@type":"ListItem","position":3,"name":"MORS\u00d8 VULCANO WOK GRILL v\u0101ks"}]},{"@type":"WebSite","@id":"https:\/\/morsobaltic.com\/lv\/#website","url":"https:\/\/morsobaltic.com\/lv\/","name":"MORSO Baltic","description":"","alternateName":"MORSOBALTIC","potentialAction":[{"@type":"SearchAction","target":{"@type":"EntryPoint","urlTemplate":"https:\/\/morsobaltic.com\/lv\/?s={search_term_string}"},"query-input":{"@type":"PropertyValueSpecification","valueRequired":true,"valueName":"search_term_string"}}],"inLanguage":"lv-LV"}]}},"_links":{"self":[{"href":"https:\/\/morsobaltic.com\/lv\/wp-json\/wp\/v2\/product\/3863","targetHints":{"allow":["GET"]}}],"collection":[{"href":"https:\/\/morsobaltic.com\/lv\/wp-json\/wp\/v2\/product"}],"about":[{"href":"https:\/\/morsobaltic.com\/lv\/wp-json\/wp\/v2\/types\/product"}],"replies":[{"embeddable":true,"href":"https:\/\/morsobaltic.com\/lv\/wp-json\/wp\/v2\/comments?post=3863"}],"wp:featuredmedia":[{"embeddable":true,"href":"https:\/\/morsobaltic.com\/lv\/wp-json\/wp\/v2\/media\/2390"}],"wp:attachment":[{"href":"https:\/\/morsobaltic.com\/lv\/wp-json\/wp\/v2\/media?parent=3863"}],"wp:term":[{"taxonomy":"product_brand","embeddable":true,"href":"https:\/\/morsobaltic.com\/lv\/wp-json\/wp\/v2\/product_brand?post=3863"},{"taxonomy":"product_cat","embeddable":true,"href":"https:\/\/morsobaltic.com\/lv\/wp-json\/wp\/v2\/product_cat?post=3863"},{"taxonomy":"product_tag","embeddable":true,"href":"https:\/\/morsobaltic.com\/lv\/wp-json\/wp\/v2\/product_tag?post=3863"}],"curies":[{"name":"wp","href":"https:\/\/api.w.org\/{rel}","templated":true}]}}