{"id":3874,"date":"2024-02-14T14:25:56","date_gmt":"2024-02-14T14:25:56","guid":{"rendered":"https:\/\/morsobaltic.com\/produktas\/morso-ugunsgreka-marsruts\/"},"modified":"2026-03-19T20:40:25","modified_gmt":"2026-03-19T20:40:25","slug":"morso-fire-pot","status":"publish","type":"product","link":"https:\/\/morsobaltic.com\/lv\/produktas\/morso-fire-pot\/","title":{"rendered":"MORS\u00d8 FIRE POT"},"content":{"rendered":"<h4>Mors\u00f8 Fire Pot \u2013 skulptur\u0101la skandin\u0101vu dizaina ugunskura vieta<\/h4>\n<p>Mors\u00f8 Fire Pot rad\u012bjis talant\u012bgais dizaineris Klauss Rats. \u0160is izstr\u0101d\u0101jums ir patiess velt\u012bjums ugunij un t\u0101s ma\u0123ijai. Ekskluz\u012bvais \u0101ra kam\u012bns ir ide\u0101la izv\u0113le j\u016bsu m\u0101j\u0101m, pal\u012bdzot rad\u012bt siltu un m\u0101j\u012bgu atmosf\u0113ru apk\u0101rt\u0113j\u0101 vid\u0113. T\u0101 ir lieliska vieta, kur pavad\u012bt laiku kop\u0101 ar \u0123imeni. Minim\u0101listisk\u0101 forma pie\u0161\u0137ir eksterjeram modernu saj\u016btu, un \u0161\u012b ugunskura vieta izrot\u0101s jebkuru d\u0101rzu. \u0160im kam\u012bnam ir \u012bpa\u0161i p\u0101rdom\u0101ts dizains, kas atg\u0101dina skulptur\u0101lu b\u013codu. Uguns taj\u0101 izskat\u0101s \u012bpa\u0161i iespaid\u012bgi un m\u0101j\u012bgi. Konstrukcija ir izgatavota no augst\u0101k\u0101s kvalit\u0101tes \u010duguna un p\u0101rkl\u0101ta ar \u012bpa\u0161u karstumiztur\u012bgu kr\u0101su, kas nodro\u0161ina izstr\u0101d\u0101juma ilgm\u016b\u017e\u012bbu p\u0113c daudz\u0101m sezon\u0101m.<\/p>\n<h5>Dro\u0161\u012bba un stabilit\u0101te j\u016bsu atp\u016btas zon\u0101<\/h5>\n<p>Dro\u0161\u012bba ir viena no svar\u012bg\u0101kaj\u0101m \u0161\u012b mode\u013ca iez\u012bm\u0113m. Mors\u00f8 Fire Pot st\u0101v \u013coti stabili, t\u0101p\u0113c varat b\u016bt mier\u012bgi par dro\u0161u lieto\u0161anu teras\u0113. Kam\u012bns ir pietiekami kompakts jebkurai telpai un to ir viegli novietot jebkur\u0101 \u0101ra zon\u0101. Tas ir lielisks risin\u0101jums dro\u0161ai ugunskura vietai, saglab\u0101jot j\u016bsu z\u0101lienu k\u0101rt\u012bgu un uguns neskartu. Invest\u0113jot \u0161aj\u0101 model\u012b, j\u016bs izv\u0113laties ilgm\u016b\u017e\u012bbu. Mors\u00f8 z\u012bmols ir paz\u012bstams ar savu meistardarbu, un katrs kam\u012bns ir rad\u012bts, lai ilgi kalpotu saviem \u012bpa\u0161niekiem. T\u0101 kop\u0161ana neprasa nek\u0101das \u012bpa\u0161as p\u016bles \u2013 p\u0113c lieto\u0161anas vienk\u0101r\u0161i izt\u012briet pelnus no b\u013codas, un ugunskura vieta atkal b\u016bs gatava n\u0101kamajam m\u0101j\u012bgajam vakaram.<\/p>\n<h5>Atp\u016bta un skaist\u0101k\u0101s atmi\u0146as pie uguns<\/h5>\n<p>\u013baujiet sev atp\u016bsties, v\u0113rojot dego\u0161u malku. \u0160is kam\u012bns k\u013c\u016bs par piesaistes centru j\u016bsu viesiem un vietu, kur dzimst lab\u0101k\u0101s sarunas. Skandin\u0101vu dizains nodro\u0161ina stilu, kas neizies no modes. Tas ir uzticams pavadonis atp\u016btas br\u012b\u017eiem zem klajas debess. Baudiet prask\u0161\u0137o\u0161u uguni un pl\u016bsto\u0161u siltumu, p\u0101rv\u0113r\u0161ot savu terasi par \u012bstu miera o\u0101zi. Kvalitat\u012bvie materi\u0101li garant\u0113, ka kam\u012bns ner\u016bs\u0113s un b\u016bs iztur\u012bgs pret da\u017e\u0101diem nokri\u0161\u0146iem un salu. Skulptur\u0101l\u0101s l\u012bnijas priec\u0113s acis pat tad, kad uguns nedeg. T\u0101 ir diskr\u0113ta luksusa saj\u016bta j\u016bsu m\u0101jas pagalm\u0101, kur katra deta\u013ca ir rad\u012bta, dom\u0101jot par lietot\u0101ju.<\/p>\n","protected":false},"excerpt":{"rendered":"<p>Tips: Skulptur\u0101la \u010duguna ugunskura vieta<br \/>\nDizainers: Klaus Rath<br \/>\nMateri\u0101ls: \u010cuguns<br \/>\nIzm\u0113ri: \u00d8 44,9 \/ 25,6 x 55,7 cm<br \/>\nSvars: 14 kg<br \/>\nDegviela: Malka, ogles<br \/>\nKr\u0101sa: Melna<\/p>\n","protected":false},"featured_media":2375,"comment_status":"closed","ping_status":"closed","template":"","meta":[],"product_brand":[],"product_cat":[87],"product_tag":[],"class_list":{"0":"post-3874","1":"product","2":"type-product","3":"status-publish","4":"has-post-thumbnail","6":"product_cat-grili","8":"first","9":"instock","10":"taxable","11":"shipping-taxable","12":"purchasable","13":"product-type-simple"},"yoast_head":"<!-- This site is optimized with the Yoast SEO plugin v27.3 - https:\/\/yoast.com\/product\/yoast-seo-wordpress\/ -->\n<title>Mors\u00f8 Fire Pot \u2013 skulptur\u0101la skandin\u0101vu dizaina ugunskura vieta<\/title>\n<meta name=\"description\" content=\"\u010cuguna ugunskura vieta Mors\u00f8 Fire Pot, ko rad\u012bjis Klauss Rats. Skulptur\u0101ls dizains un iztur\u012bgs \u010duguns m\u0101j\u012bgai atmosf\u0113rai teras\u0113. Svars: 14 kg.\" \/>\n<meta name=\"robots\" content=\"index, follow, max-snippet:-1, max-image-preview:large, max-video-preview:-1\" \/>\n<link rel=\"canonical\" href=\"https:\/\/morsobaltic.com\/lv\/produktas\/morso-fire-pot\/\" \/>\n<meta property=\"og:locale\" content=\"lv_LV\" \/>\n<meta property=\"og:type\" content=\"article\" \/>\n<meta property=\"og:title\" content=\"Mors\u00f8 Fire Pot \u2013 skulptur\u0101la skandin\u0101vu dizaina ugunskura vieta\" \/>\n<meta property=\"og:description\" content=\"\u010cuguna ugunskura vieta Mors\u00f8 Fire Pot, ko rad\u012bjis Klauss Rats. Skulptur\u0101ls dizains un iztur\u012bgs \u010duguns m\u0101j\u012bgai atmosf\u0113rai teras\u0113. Svars: 14 kg.\" \/>\n<meta property=\"og:url\" content=\"https:\/\/morsobaltic.com\/lv\/produktas\/morso-fire-pot\/\" \/>\n<meta property=\"og:site_name\" content=\"MORSO Baltic\" \/>\n<meta property=\"article:modified_time\" content=\"2026-03-19T20:40:25+00:00\" \/>\n<meta property=\"og:image\" content=\"https:\/\/morsobaltic.com\/wp-content\/uploads\/2024\/02\/firepot_frit_med_braende.jpeg\" \/>\n\t<meta property=\"og:image:width\" content=\"600\" \/>\n\t<meta property=\"og:image:height\" content=\"600\" \/>\n\t<meta property=\"og:image:type\" content=\"image\/jpeg\" \/>\n<meta name=\"twitter:card\" content=\"summary_large_image\" \/>\n<meta name=\"twitter:label1\" content=\"Est. reading time\" \/>\n\t<meta name=\"twitter:data1\" content=\"1 minute\" \/>\n<script type=\"application\/ld+json\" class=\"yoast-schema-graph\">{\"@context\":\"https:\\\/\\\/schema.org\",\"@graph\":[{\"@type\":\"WebPage\",\"@id\":\"https:\\\/\\\/morsobaltic.com\\\/lv\\\/produktas\\\/morso-fire-pot\\\/\",\"url\":\"https:\\\/\\\/morsobaltic.com\\\/lv\\\/produktas\\\/morso-fire-pot\\\/\",\"name\":\"Mors\u00f8 Fire Pot \u2013 skulptur\u0101la skandin\u0101vu dizaina ugunskura vieta\",\"isPartOf\":{\"@id\":\"https:\\\/\\\/morsobaltic.com\\\/lv\\\/#website\"},\"primaryImageOfPage\":{\"@id\":\"https:\\\/\\\/morsobaltic.com\\\/lv\\\/produktas\\\/morso-fire-pot\\\/#primaryimage\"},\"image\":{\"@id\":\"https:\\\/\\\/morsobaltic.com\\\/lv\\\/produktas\\\/morso-fire-pot\\\/#primaryimage\"},\"thumbnailUrl\":\"https:\\\/\\\/morsobaltic.com\\\/wp-content\\\/uploads\\\/2024\\\/02\\\/firepot_frit_med_braende.jpeg\",\"datePublished\":\"2024-02-14T14:25:56+00:00\",\"dateModified\":\"2026-03-19T20:40:25+00:00\",\"description\":\"\u010cuguna ugunskura vieta Mors\u00f8 Fire Pot, ko rad\u012bjis Klauss Rats. Skulptur\u0101ls dizains un iztur\u012bgs \u010duguns m\u0101j\u012bgai atmosf\u0113rai teras\u0113. Svars: 14 kg.\",\"breadcrumb\":{\"@id\":\"https:\\\/\\\/morsobaltic.com\\\/lv\\\/produktas\\\/morso-fire-pot\\\/#breadcrumb\"},\"inLanguage\":\"lv-LV\",\"potentialAction\":[{\"@type\":\"ReadAction\",\"target\":[\"https:\\\/\\\/morsobaltic.com\\\/lv\\\/produktas\\\/morso-fire-pot\\\/\"]}]},{\"@type\":\"ImageObject\",\"inLanguage\":\"lv-LV\",\"@id\":\"https:\\\/\\\/morsobaltic.com\\\/lv\\\/produktas\\\/morso-fire-pot\\\/#primaryimage\",\"url\":\"https:\\\/\\\/morsobaltic.com\\\/wp-content\\\/uploads\\\/2024\\\/02\\\/firepot_frit_med_braende.jpeg\",\"contentUrl\":\"https:\\\/\\\/morsobaltic.com\\\/wp-content\\\/uploads\\\/2024\\\/02\\\/firepot_frit_med_braende.jpeg\",\"width\":600,\"height\":600},{\"@type\":\"BreadcrumbList\",\"@id\":\"https:\\\/\\\/morsobaltic.com\\\/lv\\\/produktas\\\/morso-fire-pot\\\/#breadcrumb\",\"itemListElement\":[{\"@type\":\"ListItem\",\"position\":1,\"name\":\"Home\",\"item\":\"https:\\\/\\\/morsobaltic.com\\\/lv\\\/\"},{\"@type\":\"ListItem\",\"position\":2,\"name\":\"Veikals\",\"item\":\"https:\\\/\\\/morsobaltic.com\\\/parduotuve\\\/\"},{\"@type\":\"ListItem\",\"position\":3,\"name\":\"MORS\u00d8 FIRE POT\"}]},{\"@type\":\"WebSite\",\"@id\":\"https:\\\/\\\/morsobaltic.com\\\/lv\\\/#website\",\"url\":\"https:\\\/\\\/morsobaltic.com\\\/lv\\\/\",\"name\":\"MORSO Baltic\",\"description\":\"\",\"alternateName\":\"MORSOBALTIC\",\"potentialAction\":[{\"@type\":\"SearchAction\",\"target\":{\"@type\":\"EntryPoint\",\"urlTemplate\":\"https:\\\/\\\/morsobaltic.com\\\/lv\\\/?s={search_term_string}\"},\"query-input\":{\"@type\":\"PropertyValueSpecification\",\"valueRequired\":true,\"valueName\":\"search_term_string\"}}],\"inLanguage\":\"lv-LV\"}]}<\/script>\n<!-- \/ Yoast SEO plugin. -->","yoast_head_json":{"title":"Mors\u00f8 Fire Pot \u2013 skulptur\u0101la skandin\u0101vu dizaina ugunskura vieta","description":"\u010cuguna ugunskura vieta Mors\u00f8 Fire Pot, ko rad\u012bjis Klauss Rats. Skulptur\u0101ls dizains un iztur\u012bgs \u010duguns m\u0101j\u012bgai atmosf\u0113rai teras\u0113. Svars: 14 kg.","robots":{"index":"index","follow":"follow","max-snippet":"max-snippet:-1","max-image-preview":"max-image-preview:large","max-video-preview":"max-video-preview:-1"},"canonical":"https:\/\/morsobaltic.com\/lv\/produktas\/morso-fire-pot\/","og_locale":"lv_LV","og_type":"article","og_title":"Mors\u00f8 Fire Pot \u2013 skulptur\u0101la skandin\u0101vu dizaina ugunskura vieta","og_description":"\u010cuguna ugunskura vieta Mors\u00f8 Fire Pot, ko rad\u012bjis Klauss Rats. Skulptur\u0101ls dizains un iztur\u012bgs \u010duguns m\u0101j\u012bgai atmosf\u0113rai teras\u0113. Svars: 14 kg.","og_url":"https:\/\/morsobaltic.com\/lv\/produktas\/morso-fire-pot\/","og_site_name":"MORSO Baltic","article_modified_time":"2026-03-19T20:40:25+00:00","og_image":[{"width":600,"height":600,"url":"https:\/\/morsobaltic.com\/wp-content\/uploads\/2024\/02\/firepot_frit_med_braende.jpeg","type":"image\/jpeg"}],"twitter_card":"summary_large_image","twitter_misc":{"Est. reading time":"1 minute"},"schema":{"@context":"https:\/\/schema.org","@graph":[{"@type":"WebPage","@id":"https:\/\/morsobaltic.com\/lv\/produktas\/morso-fire-pot\/","url":"https:\/\/morsobaltic.com\/lv\/produktas\/morso-fire-pot\/","name":"Mors\u00f8 Fire Pot \u2013 skulptur\u0101la skandin\u0101vu dizaina ugunskura vieta","isPartOf":{"@id":"https:\/\/morsobaltic.com\/lv\/#website"},"primaryImageOfPage":{"@id":"https:\/\/morsobaltic.com\/lv\/produktas\/morso-fire-pot\/#primaryimage"},"image":{"@id":"https:\/\/morsobaltic.com\/lv\/produktas\/morso-fire-pot\/#primaryimage"},"thumbnailUrl":"https:\/\/morsobaltic.com\/wp-content\/uploads\/2024\/02\/firepot_frit_med_braende.jpeg","datePublished":"2024-02-14T14:25:56+00:00","dateModified":"2026-03-19T20:40:25+00:00","description":"\u010cuguna ugunskura vieta Mors\u00f8 Fire Pot, ko rad\u012bjis Klauss Rats. Skulptur\u0101ls dizains un iztur\u012bgs \u010duguns m\u0101j\u012bgai atmosf\u0113rai teras\u0113. Svars: 14 kg.","breadcrumb":{"@id":"https:\/\/morsobaltic.com\/lv\/produktas\/morso-fire-pot\/#breadcrumb"},"inLanguage":"lv-LV","potentialAction":[{"@type":"ReadAction","target":["https:\/\/morsobaltic.com\/lv\/produktas\/morso-fire-pot\/"]}]},{"@type":"ImageObject","inLanguage":"lv-LV","@id":"https:\/\/morsobaltic.com\/lv\/produktas\/morso-fire-pot\/#primaryimage","url":"https:\/\/morsobaltic.com\/wp-content\/uploads\/2024\/02\/firepot_frit_med_braende.jpeg","contentUrl":"https:\/\/morsobaltic.com\/wp-content\/uploads\/2024\/02\/firepot_frit_med_braende.jpeg","width":600,"height":600},{"@type":"BreadcrumbList","@id":"https:\/\/morsobaltic.com\/lv\/produktas\/morso-fire-pot\/#breadcrumb","itemListElement":[{"@type":"ListItem","position":1,"name":"Home","item":"https:\/\/morsobaltic.com\/lv\/"},{"@type":"ListItem","position":2,"name":"Veikals","item":"https:\/\/morsobaltic.com\/parduotuve\/"},{"@type":"ListItem","position":3,"name":"MORS\u00d8 FIRE POT"}]},{"@type":"WebSite","@id":"https:\/\/morsobaltic.com\/lv\/#website","url":"https:\/\/morsobaltic.com\/lv\/","name":"MORSO Baltic","description":"","alternateName":"MORSOBALTIC","potentialAction":[{"@type":"SearchAction","target":{"@type":"EntryPoint","urlTemplate":"https:\/\/morsobaltic.com\/lv\/?s={search_term_string}"},"query-input":{"@type":"PropertyValueSpecification","valueRequired":true,"valueName":"search_term_string"}}],"inLanguage":"lv-LV"}]}},"_links":{"self":[{"href":"https:\/\/morsobaltic.com\/lv\/wp-json\/wp\/v2\/product\/3874","targetHints":{"allow":["GET"]}}],"collection":[{"href":"https:\/\/morsobaltic.com\/lv\/wp-json\/wp\/v2\/product"}],"about":[{"href":"https:\/\/morsobaltic.com\/lv\/wp-json\/wp\/v2\/types\/product"}],"replies":[{"embeddable":true,"href":"https:\/\/morsobaltic.com\/lv\/wp-json\/wp\/v2\/comments?post=3874"}],"wp:featuredmedia":[{"embeddable":true,"href":"https:\/\/morsobaltic.com\/lv\/wp-json\/wp\/v2\/media\/2375"}],"wp:attachment":[{"href":"https:\/\/morsobaltic.com\/lv\/wp-json\/wp\/v2\/media?parent=3874"}],"wp:term":[{"taxonomy":"product_brand","embeddable":true,"href":"https:\/\/morsobaltic.com\/lv\/wp-json\/wp\/v2\/product_brand?post=3874"},{"taxonomy":"product_cat","embeddable":true,"href":"https:\/\/morsobaltic.com\/lv\/wp-json\/wp\/v2\/product_cat?post=3874"},{"taxonomy":"product_tag","embeddable":true,"href":"https:\/\/morsobaltic.com\/lv\/wp-json\/wp\/v2\/product_tag?post=3874"}],"curies":[{"name":"wp","href":"https:\/\/api.w.org\/{rel}","templated":true}]}}