{"id":3879,"date":"2024-02-14T14:25:56","date_gmt":"2024-02-14T14:25:56","guid":{"rendered":"https:\/\/morsobaltic.com\/produktas\/morso-kamino\/"},"modified":"2026-03-19T20:38:44","modified_gmt":"2026-03-19T20:38:44","slug":"morso-kamino-terases-kamins","status":"publish","type":"product","link":"https:\/\/morsobaltic.com\/lv\/produktas\/morso-kamino-terases-kamins\/","title":{"rendered":"MORS\u00d8 KAMINO terases kam\u012bns"},"content":{"rendered":"<h4>Mors\u00f8 Kamino \u2013 ekskluz\u012bvs \u010duguna kam\u012bns j\u016bsu terasei<\/h4>\n<p>Mors\u00f8 Kamino ir ekskluz\u012bvs \u0101ra kam\u012bns, kas pie\u0161\u0137irs j\u016bsu \u0101ra telpai jaunas iesp\u0113jas. \u0160\u012b ier\u012bce nodro\u0161in\u0101s ilgu terases izmanto\u0161anu, lieliski derot no pavasara l\u012bdz v\u0113lai rudenim. Kam\u012bns ir izgatavots no iztur\u012bga \u010duguna, kam piem\u012bt lieliskas siltuma akumul\u0101cijas \u012bpa\u0161\u012bbas. Pat p\u0113c uguns nodzi\u0161anas uzkr\u0101tais siltums j\u016bs pat\u012bkami sild\u012bs. Viena no liel\u0101kaj\u0101m priek\u0161roc\u012bb\u0101m ir t\u0101 mobilit\u0101te \u2013 atkar\u012bb\u0101 no v\u0113ja kam\u012bnu varat viegli p\u0101rvietot. Lielais konstrukcijas augstums ir svar\u012bgs akcents, \u013caujot d\u016bmiem dro\u0161i pacelties augstu gais\u0101. T\u0101d\u0113j\u0101di tiek nodro\u0161in\u0101ts maksim\u0101ls komforts apk\u0101rt s\u0113do\u0161ajiem, padarot j\u016bsu vakarus \u0101r\u0101 t\u012brus un m\u0101j\u012bgus.<\/p>\n<h5>\u0112diena gatavo\u0161ana un funkcion\u0101la kepsnin\u0117<\/h5>\n<p>\u0160aj\u0101 kam\u012bn\u0101 var lieliski gatavot \u0113dienu. Tas nav tikai siltuma avots, bet kalpo ar\u012b k\u0101 funkcion\u0101la kepsnin\u0117. Speci\u0101l\u0101s restes no Mors\u00f8 asortimenta prec\u012bzi iek\u013caujas atver\u0113, acumirkl\u012b p\u0101rv\u0113r\u0161ot kam\u012bnu par r\u012bku steiku gatavo\u0161anai. \u010cuguns \u013cauj uztur\u0113t stabilu temperat\u016bru, t\u0101p\u0113c \u0113diens j\u016bsu pagalm\u0101 izcepas sul\u012bgs un arom\u0101tisks. Mors\u00f8 Kamino izce\u013cas ar ilgm\u016b\u017e\u012bbu un kvalit\u0101ti. \u010cuguns ir \u012bpa\u0161i iztur\u012bgs pret koroziju un nebaid\u0101s no liel\u0101m temperat\u016bras sv\u0101rst\u012bb\u0101m \u0101r\u0101. \u0160is kam\u012bns neprasa sare\u017e\u0123\u012btu kop\u0161anu un kalpo daudzus gadus bez jebk\u0101d\u0101m r\u016bp\u0113m. T\u0101 dizains ir minim\u0101listisks un elegants, padarot to par ieguld\u012bjumu kvalitat\u012bv\u0101 laik\u0101 ar \u0123imeni un draugiem.<\/p>\n<h5>D\u0101\u0146u trad\u012bcijas un augst\u0101k\u0101s klases dizains<\/h5>\n<p>Izv\u0113loties \u0161o modeli, j\u016bs izv\u0113laties d\u0101\u0146u trad\u012bcijas. \u0160is kam\u012bns k\u013c\u016bs par galveno j\u016bsu d\u0101rza akcentu, radot nomierino\u0161u atmosf\u0113ru p\u0113c darba. Saj\u016btiet \u012bsto uguns ma\u0123iju kop\u0101 ar Mors\u00f8. Tas ir uzticams pavadonis tiem, kuri nov\u0113rt\u0113 m\u0101j\u012bgumu. Katra deta\u013ca \u0161eit ir rad\u012bta, dom\u0101jot par lietot\u0101ju. Baudiet siltumu un stilu katru dienu. Kam\u012bns lieliski papildina modernu m\u0101jas eksterjeru, ir pietiekami stabils un dro\u0161s lieto\u0161anai. Meln\u0101 kr\u0101sa saglab\u0101jas est\u0113tiska ilgu laiku. Jums tikai j\u0101par\u016bp\u0113jas par sausu malku un j\u0101bauda prask\u0161\u0137o\u0161\u0101 uguns sav\u0101 atp\u016btas zon\u0101. T\u0101 ir stil\u012bga izv\u0113le j\u016bsu \u0101ra telpas komfortam.<\/p>\n","protected":false},"excerpt":{"rendered":"<p>Tips: Ekskluz\u012bvs \u010duguna \u0101ra kam\u012bns un grils<br \/>\nMateri\u0101ls: \u010cuguns<br \/>\nIzm\u0113ri: \u00d8 50 x 180 cm<br \/>\nSvars: 77 kg<br \/>\nDegviela: Malka<br \/>\nKr\u0101sa: Melna<\/p>\n","protected":false},"featured_media":2372,"comment_status":"closed","ping_status":"closed","template":"","meta":[],"product_brand":[],"product_cat":[87],"product_tag":[],"class_list":{"0":"post-3879","1":"product","2":"type-product","3":"status-publish","4":"has-post-thumbnail","6":"product_cat-grili","8":"first","9":"instock","10":"taxable","11":"shipping-taxable","12":"purchasable","13":"product-type-simple"},"yoast_head":"<!-- This site is optimized with the Yoast SEO plugin v27.3 - https:\/\/yoast.com\/product\/yoast-seo-wordpress\/ -->\n<title>Mors\u00f8 Kamino \u2013 ekskluz\u012bvs \u010duguna kam\u012bns j\u016bsu terasei<\/title>\n<meta name=\"description\" content=\"\u010cuguna \u0101ra kam\u012bns Mors\u00f8 Kamino sniedz siltumu no pavasara l\u012bdz rudenim. Mobilais dizains un efekt\u012bva d\u016bmu novad\u012b\u0161ana. Augstums: 180 cm. Svars: 77 kg.\" \/>\n<meta name=\"robots\" content=\"index, follow, max-snippet:-1, max-image-preview:large, max-video-preview:-1\" \/>\n<link rel=\"canonical\" href=\"https:\/\/morsobaltic.com\/lv\/produktas\/morso-kamino-terases-kamins\/\" \/>\n<meta property=\"og:locale\" content=\"lv_LV\" \/>\n<meta property=\"og:type\" content=\"article\" \/>\n<meta property=\"og:title\" content=\"Mors\u00f8 Kamino \u2013 ekskluz\u012bvs \u010duguna kam\u012bns j\u016bsu terasei\" \/>\n<meta property=\"og:description\" content=\"\u010cuguna \u0101ra kam\u012bns Mors\u00f8 Kamino sniedz siltumu no pavasara l\u012bdz rudenim. Mobilais dizains un efekt\u012bva d\u016bmu novad\u012b\u0161ana. Augstums: 180 cm. Svars: 77 kg.\" \/>\n<meta property=\"og:url\" content=\"https:\/\/morsobaltic.com\/lv\/produktas\/morso-kamino-terases-kamins\/\" \/>\n<meta property=\"og:site_name\" content=\"MORSO Baltic\" \/>\n<meta property=\"article:modified_time\" content=\"2026-03-19T20:38:44+00:00\" \/>\n<meta property=\"og:image\" content=\"https:\/\/morsobaltic.com\/wp-content\/uploads\/2024\/02\/udepejs_frit_med-askefang1.jpeg\" \/>\n\t<meta property=\"og:image:width\" content=\"600\" \/>\n\t<meta property=\"og:image:height\" content=\"600\" \/>\n\t<meta property=\"og:image:type\" content=\"image\/jpeg\" \/>\n<meta name=\"twitter:card\" content=\"summary_large_image\" \/>\n<meta name=\"twitter:label1\" content=\"Est. reading time\" \/>\n\t<meta name=\"twitter:data1\" content=\"2 minutes\" \/>\n<script type=\"application\/ld+json\" class=\"yoast-schema-graph\">{\"@context\":\"https:\\\/\\\/schema.org\",\"@graph\":[{\"@type\":\"WebPage\",\"@id\":\"https:\\\/\\\/morsobaltic.com\\\/lv\\\/produktas\\\/morso-kamino-terases-kamins\\\/\",\"url\":\"https:\\\/\\\/morsobaltic.com\\\/lv\\\/produktas\\\/morso-kamino-terases-kamins\\\/\",\"name\":\"Mors\u00f8 Kamino \u2013 ekskluz\u012bvs \u010duguna kam\u012bns j\u016bsu terasei\",\"isPartOf\":{\"@id\":\"https:\\\/\\\/morsobaltic.com\\\/lv\\\/#website\"},\"primaryImageOfPage\":{\"@id\":\"https:\\\/\\\/morsobaltic.com\\\/lv\\\/produktas\\\/morso-kamino-terases-kamins\\\/#primaryimage\"},\"image\":{\"@id\":\"https:\\\/\\\/morsobaltic.com\\\/lv\\\/produktas\\\/morso-kamino-terases-kamins\\\/#primaryimage\"},\"thumbnailUrl\":\"https:\\\/\\\/morsobaltic.com\\\/wp-content\\\/uploads\\\/2024\\\/02\\\/udepejs_frit_med-askefang1.jpeg\",\"datePublished\":\"2024-02-14T14:25:56+00:00\",\"dateModified\":\"2026-03-19T20:38:44+00:00\",\"description\":\"\u010cuguna \u0101ra kam\u012bns Mors\u00f8 Kamino sniedz siltumu no pavasara l\u012bdz rudenim. Mobilais dizains un efekt\u012bva d\u016bmu novad\u012b\u0161ana. Augstums: 180 cm. Svars: 77 kg.\",\"breadcrumb\":{\"@id\":\"https:\\\/\\\/morsobaltic.com\\\/lv\\\/produktas\\\/morso-kamino-terases-kamins\\\/#breadcrumb\"},\"inLanguage\":\"lv-LV\",\"potentialAction\":[{\"@type\":\"ReadAction\",\"target\":[\"https:\\\/\\\/morsobaltic.com\\\/lv\\\/produktas\\\/morso-kamino-terases-kamins\\\/\"]}]},{\"@type\":\"ImageObject\",\"inLanguage\":\"lv-LV\",\"@id\":\"https:\\\/\\\/morsobaltic.com\\\/lv\\\/produktas\\\/morso-kamino-terases-kamins\\\/#primaryimage\",\"url\":\"https:\\\/\\\/morsobaltic.com\\\/wp-content\\\/uploads\\\/2024\\\/02\\\/udepejs_frit_med-askefang1.jpeg\",\"contentUrl\":\"https:\\\/\\\/morsobaltic.com\\\/wp-content\\\/uploads\\\/2024\\\/02\\\/udepejs_frit_med-askefang1.jpeg\",\"width\":600,\"height\":600},{\"@type\":\"BreadcrumbList\",\"@id\":\"https:\\\/\\\/morsobaltic.com\\\/lv\\\/produktas\\\/morso-kamino-terases-kamins\\\/#breadcrumb\",\"itemListElement\":[{\"@type\":\"ListItem\",\"position\":1,\"name\":\"Home\",\"item\":\"https:\\\/\\\/morsobaltic.com\\\/lv\\\/\"},{\"@type\":\"ListItem\",\"position\":2,\"name\":\"Veikals\",\"item\":\"https:\\\/\\\/morsobaltic.com\\\/parduotuve\\\/\"},{\"@type\":\"ListItem\",\"position\":3,\"name\":\"MORS\u00d8 KAMINO terases kam\u012bns\"}]},{\"@type\":\"WebSite\",\"@id\":\"https:\\\/\\\/morsobaltic.com\\\/lv\\\/#website\",\"url\":\"https:\\\/\\\/morsobaltic.com\\\/lv\\\/\",\"name\":\"MORSO Baltic\",\"description\":\"\",\"alternateName\":\"MORSOBALTIC\",\"potentialAction\":[{\"@type\":\"SearchAction\",\"target\":{\"@type\":\"EntryPoint\",\"urlTemplate\":\"https:\\\/\\\/morsobaltic.com\\\/lv\\\/?s={search_term_string}\"},\"query-input\":{\"@type\":\"PropertyValueSpecification\",\"valueRequired\":true,\"valueName\":\"search_term_string\"}}],\"inLanguage\":\"lv-LV\"}]}<\/script>\n<!-- \/ Yoast SEO plugin. -->","yoast_head_json":{"title":"Mors\u00f8 Kamino \u2013 ekskluz\u012bvs \u010duguna kam\u012bns j\u016bsu terasei","description":"\u010cuguna \u0101ra kam\u012bns Mors\u00f8 Kamino sniedz siltumu no pavasara l\u012bdz rudenim. Mobilais dizains un efekt\u012bva d\u016bmu novad\u012b\u0161ana. Augstums: 180 cm. Svars: 77 kg.","robots":{"index":"index","follow":"follow","max-snippet":"max-snippet:-1","max-image-preview":"max-image-preview:large","max-video-preview":"max-video-preview:-1"},"canonical":"https:\/\/morsobaltic.com\/lv\/produktas\/morso-kamino-terases-kamins\/","og_locale":"lv_LV","og_type":"article","og_title":"Mors\u00f8 Kamino \u2013 ekskluz\u012bvs \u010duguna kam\u012bns j\u016bsu terasei","og_description":"\u010cuguna \u0101ra kam\u012bns Mors\u00f8 Kamino sniedz siltumu no pavasara l\u012bdz rudenim. Mobilais dizains un efekt\u012bva d\u016bmu novad\u012b\u0161ana. Augstums: 180 cm. Svars: 77 kg.","og_url":"https:\/\/morsobaltic.com\/lv\/produktas\/morso-kamino-terases-kamins\/","og_site_name":"MORSO Baltic","article_modified_time":"2026-03-19T20:38:44+00:00","og_image":[{"width":600,"height":600,"url":"https:\/\/morsobaltic.com\/wp-content\/uploads\/2024\/02\/udepejs_frit_med-askefang1.jpeg","type":"image\/jpeg"}],"twitter_card":"summary_large_image","twitter_misc":{"Est. reading time":"2 minutes"},"schema":{"@context":"https:\/\/schema.org","@graph":[{"@type":"WebPage","@id":"https:\/\/morsobaltic.com\/lv\/produktas\/morso-kamino-terases-kamins\/","url":"https:\/\/morsobaltic.com\/lv\/produktas\/morso-kamino-terases-kamins\/","name":"Mors\u00f8 Kamino \u2013 ekskluz\u012bvs \u010duguna kam\u012bns j\u016bsu terasei","isPartOf":{"@id":"https:\/\/morsobaltic.com\/lv\/#website"},"primaryImageOfPage":{"@id":"https:\/\/morsobaltic.com\/lv\/produktas\/morso-kamino-terases-kamins\/#primaryimage"},"image":{"@id":"https:\/\/morsobaltic.com\/lv\/produktas\/morso-kamino-terases-kamins\/#primaryimage"},"thumbnailUrl":"https:\/\/morsobaltic.com\/wp-content\/uploads\/2024\/02\/udepejs_frit_med-askefang1.jpeg","datePublished":"2024-02-14T14:25:56+00:00","dateModified":"2026-03-19T20:38:44+00:00","description":"\u010cuguna \u0101ra kam\u012bns Mors\u00f8 Kamino sniedz siltumu no pavasara l\u012bdz rudenim. Mobilais dizains un efekt\u012bva d\u016bmu novad\u012b\u0161ana. Augstums: 180 cm. Svars: 77 kg.","breadcrumb":{"@id":"https:\/\/morsobaltic.com\/lv\/produktas\/morso-kamino-terases-kamins\/#breadcrumb"},"inLanguage":"lv-LV","potentialAction":[{"@type":"ReadAction","target":["https:\/\/morsobaltic.com\/lv\/produktas\/morso-kamino-terases-kamins\/"]}]},{"@type":"ImageObject","inLanguage":"lv-LV","@id":"https:\/\/morsobaltic.com\/lv\/produktas\/morso-kamino-terases-kamins\/#primaryimage","url":"https:\/\/morsobaltic.com\/wp-content\/uploads\/2024\/02\/udepejs_frit_med-askefang1.jpeg","contentUrl":"https:\/\/morsobaltic.com\/wp-content\/uploads\/2024\/02\/udepejs_frit_med-askefang1.jpeg","width":600,"height":600},{"@type":"BreadcrumbList","@id":"https:\/\/morsobaltic.com\/lv\/produktas\/morso-kamino-terases-kamins\/#breadcrumb","itemListElement":[{"@type":"ListItem","position":1,"name":"Home","item":"https:\/\/morsobaltic.com\/lv\/"},{"@type":"ListItem","position":2,"name":"Veikals","item":"https:\/\/morsobaltic.com\/parduotuve\/"},{"@type":"ListItem","position":3,"name":"MORS\u00d8 KAMINO terases kam\u012bns"}]},{"@type":"WebSite","@id":"https:\/\/morsobaltic.com\/lv\/#website","url":"https:\/\/morsobaltic.com\/lv\/","name":"MORSO Baltic","description":"","alternateName":"MORSOBALTIC","potentialAction":[{"@type":"SearchAction","target":{"@type":"EntryPoint","urlTemplate":"https:\/\/morsobaltic.com\/lv\/?s={search_term_string}"},"query-input":{"@type":"PropertyValueSpecification","valueRequired":true,"valueName":"search_term_string"}}],"inLanguage":"lv-LV"}]}},"_links":{"self":[{"href":"https:\/\/morsobaltic.com\/lv\/wp-json\/wp\/v2\/product\/3879","targetHints":{"allow":["GET"]}}],"collection":[{"href":"https:\/\/morsobaltic.com\/lv\/wp-json\/wp\/v2\/product"}],"about":[{"href":"https:\/\/morsobaltic.com\/lv\/wp-json\/wp\/v2\/types\/product"}],"replies":[{"embeddable":true,"href":"https:\/\/morsobaltic.com\/lv\/wp-json\/wp\/v2\/comments?post=3879"}],"wp:featuredmedia":[{"embeddable":true,"href":"https:\/\/morsobaltic.com\/lv\/wp-json\/wp\/v2\/media\/2372"}],"wp:attachment":[{"href":"https:\/\/morsobaltic.com\/lv\/wp-json\/wp\/v2\/media?parent=3879"}],"wp:term":[{"taxonomy":"product_brand","embeddable":true,"href":"https:\/\/morsobaltic.com\/lv\/wp-json\/wp\/v2\/product_brand?post=3879"},{"taxonomy":"product_cat","embeddable":true,"href":"https:\/\/morsobaltic.com\/lv\/wp-json\/wp\/v2\/product_cat?post=3879"},{"taxonomy":"product_tag","embeddable":true,"href":"https:\/\/morsobaltic.com\/lv\/wp-json\/wp\/v2\/product_tag?post=3879"}],"curies":[{"name":"wp","href":"https:\/\/api.w.org\/{rel}","templated":true}]}}