{"id":3882,"date":"2024-02-14T14:25:56","date_gmt":"2024-02-14T14:25:56","guid":{"rendered":"https:\/\/morsobaltic.com\/produktas\/morso-jiko\/"},"modified":"2026-03-19T20:34:31","modified_gmt":"2026-03-19T20:34:31","slug":"morso-jiko-grils","status":"publish","type":"product","link":"https:\/\/morsobaltic.com\/lv\/produktas\/morso-jiko-grils\/","title":{"rendered":"MORS\u00d8 JIKO grils"},"content":{"rendered":"<h4>Mors\u00f8 Jiko \u2013 kompakta \u010duguna kr\u0101sni\u0146a j\u016bsu ce\u013cojumiem<\/h4>\n<p>Mors\u00f8 Jiko ir kompakta malkas ugunskura vieta, ko iedvesmoju\u0161i tradicion\u0101lie \u0100frikas \u0113diena gatavo\u0161anas r\u012bki. \u0160is unik\u0101lais izstr\u0101d\u0101jums ir \u012bpa\u0161i univers\u0101ls \u2013 varat to izmantot k\u0101 stil\u012bgu ugunskura vietu m\u0101j\u012bgiem vakariem vai autentiskai malt\u012b\u0161u gatavo\u0161anai \u0101r\u0101. T\u0101 ir ide\u0101la izv\u0113le dabas un atkl\u0101tas uguns cien\u012bt\u0101jiem. \u0160is modelis \u013cauj p\u0101rnest lab\u0101k\u0101s grila \u012bpa\u0161\u012bbas uz jebkuru vietu. Varat gatavot \u0113dienu sav\u0101 teras\u0113 vai \u0113rti pa\u0146emt ier\u012bci l\u012bdzi izbraukum\u0101 dab\u0101. Mors\u00f8 Jiko kr\u0101sni\u0146a \u013cauj gatavot \u0113dienus tie\u0161i virs liesm\u0101m, radot neaizmirstamu atmosf\u0113ru un \u012bpa\u0161u gar\u0161u. \u010cuguna korpuss nodro\u0161ina stabilit\u0101ti un lielisku siltuma saglab\u0101\u0161anu.<\/p>\n<h5>Universalit\u0101te un sader\u012bba ar piederumiem<\/h5>\n<p>Izm\u0113\u0123iniet kr\u0101sni\u0146u ar citiem piederumiem \u2013 t\u0101 lieliski sader ar Cocotte saut\u0113jamajiem traukiem no Mors\u00f8 NAC l\u012bnijas. T\u0101pat virspus\u0113 varat uzlikt klasisk\u0101s \u010duguna restes, acumirkl\u012b p\u0101rv\u0113r\u0161ot kr\u0101sni\u0146u par jaud\u012bgu grilu. Dzi\u013cas klasisk\u0101s saknes \u0161eit apvienojas ar modernu dizainu, sniedzot v\u0113l vair\u0101k iesp\u0113ju j\u016bsu \u0101ra virtuvei. Dizaineri Kok &amp; Berntsen ir rad\u012bju\u0161i r\u012bku ar daudziem pielieto\u0161anas veidiem. \u0160\u012b kr\u0101sni\u0146a izce\u013cas ar ilgm\u016b\u017e\u012bbu un notur\u012bbu pret \u0101ra apst\u0101k\u013ciem. \u010cuguns nebaid\u0101s no laika un liela karstuma ietekmes. T\u0101s kop\u0161ana p\u0113c lieto\u0161anas ir \u013coti vienk\u0101r\u0161a \u2013 vienk\u0101r\u0161i izt\u012briet pelnus un uzglab\u0101jiet saus\u0101 viet\u0101. Minim\u0101listiskas formas izrot\u0101s jebkuru pagalmu vai terasi.<\/p>\n<h5>Kvalit\u0101te un est\u0113tisks skandin\u0101vu stils<\/h5>\n<p>Invest\u0113jot \u0161aj\u0101 model\u012b, j\u016bs izv\u0113laties kvalit\u0101ti un stilu. Tas ir ne tikai praktisks r\u012bks gatavo\u0161anai, bet ar\u012b est\u0113tiska eksterjera deta\u013ca. Maza, bet jaud\u012bga kr\u0101sni\u0146a priec\u0113s j\u016bs daudzas sezonas. Baudiet l\u0113nu gatavo\u0161anas procesu zem klajas debess un saj\u016btiet \u012bsto uguns ma\u0123iju kop\u0101 ar tuvajiem. Mors\u00f8 Jiko ir rad\u012bta kaisl\u012bgiem \u0113diena gatavot\u0101jiem un ir ide\u0101li piem\u0113rota visiem dabas m\u012b\u013cot\u0101jiem. \u0160\u012b ier\u012bce neaiz\u0146em daudz vietas automa\u0161\u012bn\u0101 vai noliktav\u0101, t\u0101p\u0113c to ir viegli transport\u0113t un sagatavot lieto\u0161anai. Baudiet gardas malt\u012btes visur, kur vien dodaties.<\/p>\n<p><iframe title=\"YouTube videoklipu atska\u0146ot\u0101js\" src=\"https:\/\/www.youtube.com\/embed\/9hsKxdzKkLQ\" width=\"560\" height=\"315\" frameborder=\"0\" allowfullscreen=\"allowfullscreen\"><\/iframe><\/p>\n","protected":false},"excerpt":{"rendered":"<p>Tips: Kompakta \u010duguna \u0101ra kr\u0101sni\u0146a un ugunskura vieta<br \/>\nDizaineri: Kok &amp; Berntsen<br \/>\nMateri\u0101ls: Ar Senotherm kr\u0101su kl\u0101ts \u010duguns<br \/>\nIzm\u0113ri: \u00d8 32 x 21,5 cm<br \/>\nSvars: 13 kg<br \/>\nDegviela: Malka, ogles<br \/>\nKr\u0101sa: Melna<\/p>\n","protected":false},"featured_media":2366,"comment_status":"closed","ping_status":"closed","template":"","meta":[],"product_brand":[],"product_cat":[87],"product_tag":[],"class_list":{"0":"post-3882","1":"product","2":"type-product","3":"status-publish","4":"has-post-thumbnail","6":"product_cat-grili","8":"first","9":"instock","10":"taxable","11":"shipping-taxable","12":"purchasable","13":"product-type-simple"},"yoast_head":"<!-- This site is optimized with the Yoast SEO plugin v27.3 - https:\/\/yoast.com\/product\/yoast-seo-wordpress\/ -->\n<title>Mors\u00f8 Jiko \u2013 kompakta \u010duguna kr\u0101sni\u0146a j\u016bsu ce\u013cojumiem<\/title>\n<meta name=\"description\" content=\"Kompakta malkas kr\u0101sni\u0146a Mors\u00f8 Jiko ir iedvesmota no \u0100frikas virtuves r\u012bkiem. Ide\u0101li piem\u0113rota gatavo\u0161anai uz atkl\u0101tas uguns un l\u012bdz\u0146em\u0161anai. Svars: 13 kg.\" \/>\n<meta name=\"robots\" content=\"index, follow, max-snippet:-1, max-image-preview:large, max-video-preview:-1\" \/>\n<link rel=\"canonical\" href=\"https:\/\/morsobaltic.com\/lv\/produktas\/morso-jiko-grils\/\" \/>\n<meta property=\"og:locale\" content=\"lv_LV\" \/>\n<meta property=\"og:type\" content=\"article\" \/>\n<meta property=\"og:title\" content=\"Mors\u00f8 Jiko \u2013 kompakta \u010duguna kr\u0101sni\u0146a j\u016bsu ce\u013cojumiem\" \/>\n<meta property=\"og:description\" content=\"Kompakta malkas kr\u0101sni\u0146a Mors\u00f8 Jiko ir iedvesmota no \u0100frikas virtuves r\u012bkiem. Ide\u0101li piem\u0113rota gatavo\u0161anai uz atkl\u0101tas uguns un l\u012bdz\u0146em\u0161anai. Svars: 13 kg.\" \/>\n<meta property=\"og:url\" content=\"https:\/\/morsobaltic.com\/lv\/produktas\/morso-jiko-grils\/\" \/>\n<meta property=\"og:site_name\" content=\"MORSO Baltic\" \/>\n<meta property=\"article:modified_time\" content=\"2026-03-19T20:34:31+00:00\" \/>\n<meta property=\"og:image\" content=\"https:\/\/morsobaltic.com\/wp-content\/uploads\/2024\/02\/jiko2_989636142.jpeg\" \/>\n\t<meta property=\"og:image:width\" content=\"600\" \/>\n\t<meta property=\"og:image:height\" content=\"600\" \/>\n\t<meta property=\"og:image:type\" content=\"image\/jpeg\" \/>\n<meta name=\"twitter:card\" content=\"summary_large_image\" \/>\n<meta name=\"twitter:label1\" content=\"Est. reading time\" \/>\n\t<meta name=\"twitter:data1\" content=\"1 minute\" \/>\n<script type=\"application\/ld+json\" class=\"yoast-schema-graph\">{\"@context\":\"https:\\\/\\\/schema.org\",\"@graph\":[{\"@type\":\"WebPage\",\"@id\":\"https:\\\/\\\/morsobaltic.com\\\/lv\\\/produktas\\\/morso-jiko-grils\\\/\",\"url\":\"https:\\\/\\\/morsobaltic.com\\\/lv\\\/produktas\\\/morso-jiko-grils\\\/\",\"name\":\"Mors\u00f8 Jiko \u2013 kompakta \u010duguna kr\u0101sni\u0146a j\u016bsu ce\u013cojumiem\",\"isPartOf\":{\"@id\":\"https:\\\/\\\/morsobaltic.com\\\/lv\\\/#website\"},\"primaryImageOfPage\":{\"@id\":\"https:\\\/\\\/morsobaltic.com\\\/lv\\\/produktas\\\/morso-jiko-grils\\\/#primaryimage\"},\"image\":{\"@id\":\"https:\\\/\\\/morsobaltic.com\\\/lv\\\/produktas\\\/morso-jiko-grils\\\/#primaryimage\"},\"thumbnailUrl\":\"https:\\\/\\\/morsobaltic.com\\\/wp-content\\\/uploads\\\/2024\\\/02\\\/jiko2_989636142.jpeg\",\"datePublished\":\"2024-02-14T14:25:56+00:00\",\"dateModified\":\"2026-03-19T20:34:31+00:00\",\"description\":\"Kompakta malkas kr\u0101sni\u0146a Mors\u00f8 Jiko ir iedvesmota no \u0100frikas virtuves r\u012bkiem. Ide\u0101li piem\u0113rota gatavo\u0161anai uz atkl\u0101tas uguns un l\u012bdz\u0146em\u0161anai. Svars: 13 kg.\",\"breadcrumb\":{\"@id\":\"https:\\\/\\\/morsobaltic.com\\\/lv\\\/produktas\\\/morso-jiko-grils\\\/#breadcrumb\"},\"inLanguage\":\"lv-LV\",\"potentialAction\":[{\"@type\":\"ReadAction\",\"target\":[\"https:\\\/\\\/morsobaltic.com\\\/lv\\\/produktas\\\/morso-jiko-grils\\\/\"]}]},{\"@type\":\"ImageObject\",\"inLanguage\":\"lv-LV\",\"@id\":\"https:\\\/\\\/morsobaltic.com\\\/lv\\\/produktas\\\/morso-jiko-grils\\\/#primaryimage\",\"url\":\"https:\\\/\\\/morsobaltic.com\\\/wp-content\\\/uploads\\\/2024\\\/02\\\/jiko2_989636142.jpeg\",\"contentUrl\":\"https:\\\/\\\/morsobaltic.com\\\/wp-content\\\/uploads\\\/2024\\\/02\\\/jiko2_989636142.jpeg\",\"width\":600,\"height\":600},{\"@type\":\"BreadcrumbList\",\"@id\":\"https:\\\/\\\/morsobaltic.com\\\/lv\\\/produktas\\\/morso-jiko-grils\\\/#breadcrumb\",\"itemListElement\":[{\"@type\":\"ListItem\",\"position\":1,\"name\":\"Home\",\"item\":\"https:\\\/\\\/morsobaltic.com\\\/lv\\\/\"},{\"@type\":\"ListItem\",\"position\":2,\"name\":\"Veikals\",\"item\":\"https:\\\/\\\/morsobaltic.com\\\/parduotuve\\\/\"},{\"@type\":\"ListItem\",\"position\":3,\"name\":\"MORS\u00d8 JIKO grils\"}]},{\"@type\":\"WebSite\",\"@id\":\"https:\\\/\\\/morsobaltic.com\\\/lv\\\/#website\",\"url\":\"https:\\\/\\\/morsobaltic.com\\\/lv\\\/\",\"name\":\"MORSO Baltic\",\"description\":\"\",\"alternateName\":\"MORSOBALTIC\",\"potentialAction\":[{\"@type\":\"SearchAction\",\"target\":{\"@type\":\"EntryPoint\",\"urlTemplate\":\"https:\\\/\\\/morsobaltic.com\\\/lv\\\/?s={search_term_string}\"},\"query-input\":{\"@type\":\"PropertyValueSpecification\",\"valueRequired\":true,\"valueName\":\"search_term_string\"}}],\"inLanguage\":\"lv-LV\"}]}<\/script>\n<!-- \/ Yoast SEO plugin. -->","yoast_head_json":{"title":"Mors\u00f8 Jiko \u2013 kompakta \u010duguna kr\u0101sni\u0146a j\u016bsu ce\u013cojumiem","description":"Kompakta malkas kr\u0101sni\u0146a Mors\u00f8 Jiko ir iedvesmota no \u0100frikas virtuves r\u012bkiem. Ide\u0101li piem\u0113rota gatavo\u0161anai uz atkl\u0101tas uguns un l\u012bdz\u0146em\u0161anai. Svars: 13 kg.","robots":{"index":"index","follow":"follow","max-snippet":"max-snippet:-1","max-image-preview":"max-image-preview:large","max-video-preview":"max-video-preview:-1"},"canonical":"https:\/\/morsobaltic.com\/lv\/produktas\/morso-jiko-grils\/","og_locale":"lv_LV","og_type":"article","og_title":"Mors\u00f8 Jiko \u2013 kompakta \u010duguna kr\u0101sni\u0146a j\u016bsu ce\u013cojumiem","og_description":"Kompakta malkas kr\u0101sni\u0146a Mors\u00f8 Jiko ir iedvesmota no \u0100frikas virtuves r\u012bkiem. Ide\u0101li piem\u0113rota gatavo\u0161anai uz atkl\u0101tas uguns un l\u012bdz\u0146em\u0161anai. Svars: 13 kg.","og_url":"https:\/\/morsobaltic.com\/lv\/produktas\/morso-jiko-grils\/","og_site_name":"MORSO Baltic","article_modified_time":"2026-03-19T20:34:31+00:00","og_image":[{"width":600,"height":600,"url":"https:\/\/morsobaltic.com\/wp-content\/uploads\/2024\/02\/jiko2_989636142.jpeg","type":"image\/jpeg"}],"twitter_card":"summary_large_image","twitter_misc":{"Est. reading time":"1 minute"},"schema":{"@context":"https:\/\/schema.org","@graph":[{"@type":"WebPage","@id":"https:\/\/morsobaltic.com\/lv\/produktas\/morso-jiko-grils\/","url":"https:\/\/morsobaltic.com\/lv\/produktas\/morso-jiko-grils\/","name":"Mors\u00f8 Jiko \u2013 kompakta \u010duguna kr\u0101sni\u0146a j\u016bsu ce\u013cojumiem","isPartOf":{"@id":"https:\/\/morsobaltic.com\/lv\/#website"},"primaryImageOfPage":{"@id":"https:\/\/morsobaltic.com\/lv\/produktas\/morso-jiko-grils\/#primaryimage"},"image":{"@id":"https:\/\/morsobaltic.com\/lv\/produktas\/morso-jiko-grils\/#primaryimage"},"thumbnailUrl":"https:\/\/morsobaltic.com\/wp-content\/uploads\/2024\/02\/jiko2_989636142.jpeg","datePublished":"2024-02-14T14:25:56+00:00","dateModified":"2026-03-19T20:34:31+00:00","description":"Kompakta malkas kr\u0101sni\u0146a Mors\u00f8 Jiko ir iedvesmota no \u0100frikas virtuves r\u012bkiem. Ide\u0101li piem\u0113rota gatavo\u0161anai uz atkl\u0101tas uguns un l\u012bdz\u0146em\u0161anai. Svars: 13 kg.","breadcrumb":{"@id":"https:\/\/morsobaltic.com\/lv\/produktas\/morso-jiko-grils\/#breadcrumb"},"inLanguage":"lv-LV","potentialAction":[{"@type":"ReadAction","target":["https:\/\/morsobaltic.com\/lv\/produktas\/morso-jiko-grils\/"]}]},{"@type":"ImageObject","inLanguage":"lv-LV","@id":"https:\/\/morsobaltic.com\/lv\/produktas\/morso-jiko-grils\/#primaryimage","url":"https:\/\/morsobaltic.com\/wp-content\/uploads\/2024\/02\/jiko2_989636142.jpeg","contentUrl":"https:\/\/morsobaltic.com\/wp-content\/uploads\/2024\/02\/jiko2_989636142.jpeg","width":600,"height":600},{"@type":"BreadcrumbList","@id":"https:\/\/morsobaltic.com\/lv\/produktas\/morso-jiko-grils\/#breadcrumb","itemListElement":[{"@type":"ListItem","position":1,"name":"Home","item":"https:\/\/morsobaltic.com\/lv\/"},{"@type":"ListItem","position":2,"name":"Veikals","item":"https:\/\/morsobaltic.com\/parduotuve\/"},{"@type":"ListItem","position":3,"name":"MORS\u00d8 JIKO grils"}]},{"@type":"WebSite","@id":"https:\/\/morsobaltic.com\/lv\/#website","url":"https:\/\/morsobaltic.com\/lv\/","name":"MORSO Baltic","description":"","alternateName":"MORSOBALTIC","potentialAction":[{"@type":"SearchAction","target":{"@type":"EntryPoint","urlTemplate":"https:\/\/morsobaltic.com\/lv\/?s={search_term_string}"},"query-input":{"@type":"PropertyValueSpecification","valueRequired":true,"valueName":"search_term_string"}}],"inLanguage":"lv-LV"}]}},"_links":{"self":[{"href":"https:\/\/morsobaltic.com\/lv\/wp-json\/wp\/v2\/product\/3882","targetHints":{"allow":["GET"]}}],"collection":[{"href":"https:\/\/morsobaltic.com\/lv\/wp-json\/wp\/v2\/product"}],"about":[{"href":"https:\/\/morsobaltic.com\/lv\/wp-json\/wp\/v2\/types\/product"}],"replies":[{"embeddable":true,"href":"https:\/\/morsobaltic.com\/lv\/wp-json\/wp\/v2\/comments?post=3882"}],"wp:featuredmedia":[{"embeddable":true,"href":"https:\/\/morsobaltic.com\/lv\/wp-json\/wp\/v2\/media\/2366"}],"wp:attachment":[{"href":"https:\/\/morsobaltic.com\/lv\/wp-json\/wp\/v2\/media?parent=3882"}],"wp:term":[{"taxonomy":"product_brand","embeddable":true,"href":"https:\/\/morsobaltic.com\/lv\/wp-json\/wp\/v2\/product_brand?post=3882"},{"taxonomy":"product_cat","embeddable":true,"href":"https:\/\/morsobaltic.com\/lv\/wp-json\/wp\/v2\/product_cat?post=3882"},{"taxonomy":"product_tag","embeddable":true,"href":"https:\/\/morsobaltic.com\/lv\/wp-json\/wp\/v2\/product_tag?post=3882"}],"curies":[{"name":"wp","href":"https:\/\/api.w.org\/{rel}","templated":true}]}}